{"id":9261,"date":"2020-05-28T17:58:37","date_gmt":"2020-05-28T15:58:37","guid":{"rendered":"https:\/\/decora-zone.com\/?post_type=product&#038;p=9261"},"modified":"2025-03-10T18:04:53","modified_gmt":"2025-03-10T17:04:53","slug":"alfombra-dots","status":"publish","type":"product","link":"https:\/\/decora-zone.com\/en\/producto\/alfombra-dots\/","title":{"rendered":"Alfombra Dots"},"content":{"rendered":"<h1><strong>Alfombra Dots<\/strong><\/h1>\n<h2><strong>100% Pura Lana Virgen<\/strong><\/h2>\n<div class=\"response-container-content ng-tns-c3696058597-22\">\n<div class=\"response-content ng-tns-c3696058597-22\">\n<div class=\"markdown markdown-main-panel\" dir=\"ltr\">\n<p data-sourcepos=\"5:1-5:15\">Sum\u00e9rgete en la suavidad incomparable de la alfombra Shaggy Dots de Brink &amp; Campman, elaborada con 100% lana virgen de la m\u00e1s alta calidad. Esta alfombra de dise\u00f1o exquisito, confeccionada por uno de los fabricantes de alfombras m\u00e1s innovadores del mundo, aporta un toque de sofisticaci\u00f3n y calidez a cualquier espacio contempor\u00e1neo.<\/p>\n<p data-sourcepos=\"9:1-9:68\">La alfombra Shaggy Dots est\u00e1 tejida con la t\u00e9cnica Axminster, reconocida por su meticulosa elaboraci\u00f3n y la calidad excepcional de sus materiales. La lana virgen empleada en su confecci\u00f3n proporciona una textura suave y acogedora, a la vez que garantiza una gran durabilidad y resistencia al desgaste.<\/p>\n<p data-sourcepos=\"13:1-13:155\">Sum\u00e9rgete en la comodidad inigualable de la alfombra Shaggy Dots. Su pelo largo de 25\/30 mm crea una superficie mullida y c\u00e1lida que invita a descalzarse y disfrutar de una experiencia sensorial \u00fanica. Perfecta para colocar junto al sof\u00e1, en el dormitorio o en cualquier estancia donde desees crear un ambiente acogedor y relajante.<\/p>\n<p data-sourcepos=\"21:1-21:249\">No esperes m\u00e1s y adquiere tu alfombra Shaggy Dots de Brink &amp; Campman. \u00a1Experimenta la suavidad y el lujo bajo tus pies!<\/p>\n<p data-sourcepos=\"27:1-27:20\"><strong>Caracter\u00edsticas:<\/strong><\/p>\n<ul data-sourcepos=\"29:1-29:2\">\n<li data-sourcepos=\"29:1-29:2\">100% Lana Virgen<\/li>\n<li data-sourcepos=\"30:1-30:18\">Tejido Axminster<\/li>\n<li data-sourcepos=\"31:1-31:31\">Peso total: 4500 gr\/m2 aprox.<\/li>\n<li data-sourcepos=\"32:1-32:34\">Peso del pelo: 3000 gr\/m2 aprox.<\/li>\n<li data-sourcepos=\"33:1-33:27\">Altura del pelo: 25\/30 mm<\/li>\n<li data-sourcepos=\"34:1-34:42\">Disponible en 12 colores<\/li>\n<li data-sourcepos=\"35:1-35:67\">Tama\u00f1os est\u00e1ndar: 140&#215;200 cm, 170&#215;240 cm, 200&#215;300 cm y 250&#215;350 cm<\/li>\n<li data-sourcepos=\"36:1-36:35\">Tama\u00f1os personalizados a petici\u00f3n<\/li>\n<\/ul>\n<p>Todas las medidas son aproximadas, puede haber una variaci\u00f3n de hasta un 5%<\/p>\n<p>Plazo aproximado de entrega 5 semanas<\/p>\n<h4 data-sourcepos=\"29:1-29:31\"><strong>Recomendaciones de cuidado:<\/strong><\/h4>\n<ul data-sourcepos=\"31:1-34:0\">\n<li data-sourcepos=\"31:1-31:83\">Para un mantenimiento regular, aspira la alfombra con regularidad (semanalmente).<\/li>\n<li data-sourcepos=\"32:1-32:69\">Para una limpieza profunda, se recomienda una limpieza profesional.<\/li>\n<li data-sourcepos=\"33:1-34:0\">Consulta las instrucciones del fabricante para obtener m\u00e1s informaci\u00f3n sobre el cuidado de la alfombra.<\/li>\n<\/ul>\n<\/div>\n<\/div>\n<\/div>\n<p><strong>Si est\u00e1 interesado en alguno de nuestros art\u00edculos que est\u00e9n sin stock, puede reservarlos poni\u00e9ndose en <a href=\"https:\/\/decora-zone.com\/contacto-decora-zone-alfombras-cortinas-decoracion-bilbao\/\">contacto<\/a><\/strong><strong>\u00a0con nosotros.<\/strong><\/p>\n","protected":false},"excerpt":{"rendered":"<h2><strong>100% Pura Lana Virgen<\/strong><\/h2>\n<div class=\"response-container-content ng-tns-c3696058597-22\">\n<div class=\"response-content ng-tns-c3696058597-22\">\n<div class=\"markdown markdown-main-panel\" dir=\"ltr\">\n<p data-sourcepos=\"5:1-5:15\">Sum\u00e9rgete en la suavidad incomparable de la alfombra Shaggy Dots de Brink &amp; Campman, elaborada con 100% lana virgen de la m\u00e1s alta calidad. Esta alfombra de dise\u00f1o exquisito, confeccionada por uno de los fabricantes de alfombras m\u00e1s innovadores del mundo, aporta un toque de sofisticaci\u00f3n y calidez a cualquier espacio contempor\u00e1neo.<\/p>\n<p data-sourcepos=\"9:1-9:68\">La alfombra Shaggy Dots est\u00e1 tejida con la t\u00e9cnica Axminster, reconocida por su meticulosa elaboraci\u00f3n y la calidad excepcional de sus materiales. La lana virgen empleada en su confecci\u00f3n proporciona una textura suave y acogedora, a la vez que garantiza una gran durabilidad y resistencia al desgaste.<\/p>\n<p data-sourcepos=\"13:1-13:155\">Sum\u00e9rgete en la comodidad inigualable de la alfombra Shaggy Dots. Su pelo largo de 25\/30 mm crea una superficie mullida y c\u00e1lida que invita a descalzarse y disfrutar de una experiencia sensorial \u00fanica. Perfecta para colocar junto al sof\u00e1, en el dormitorio o en cualquier estancia donde desees crear un ambiente acogedor y relajante.<\/p>\n<p data-sourcepos=\"21:1-21:249\">No esperes m\u00e1s y adquiere tu alfombra Shaggy Dots de Brink &amp; Campman. \u00a1Experimenta la suavidad y el lujo bajo tus pies!<\/p>\n<\/div>\n<\/div>\n<\/div>\n","protected":false},"featured_media":9291,"comment_status":"open","ping_status":"closed","template":"","meta":[],"product_brand":[],"product_cat":[21,57,78],"product_tag":[32,28,61,27,23,24,30,29,77],"class_list":{"0":"post-9261","1":"product","2":"type-product","3":"status-publish","4":"has-post-thumbnail","6":"product_cat-alfombras-bilbao-tienda-decoracion-santutxu","7":"product_cat-alfombras-lana-bilbao-tienda-decoracion-santutxu","8":"product_cat-alfombras-shaggyen-bilbao-tienda-decoracion-bilbao-santutxu","9":"product_tag-alfombras","10":"product_tag-bilbao","11":"product_tag-brink-campman","12":"product_tag-decora-zone","13":"product_tag-decoracion","14":"product_tag-hogar","15":"product_tag-lana","16":"product_tag-santutxu","17":"product_tag-shaggy","19":"first","20":"outofstock","21":"shipping-taxable","22":"purchasable","23":"product-type-variable"},"yoast_head":"<!-- This site is optimized with the Yoast SEO plugin v27.5 - https:\/\/yoast.com\/product\/yoast-seo-wordpress\/ -->\n<title>Alfombra Dots - Decora-zone<\/title>\n<meta name=\"description\" content=\"Alfombra Dots de pura Lana virgen. Dise\u00f1ada por Brink &amp; Campman.\u00a0Es una lujosa y sofisticada, c\u00e1lida y mullida alfombra Shaggy.En DecoraZone.\" \/>\n<meta name=\"robots\" content=\"index, follow, max-snippet:-1, max-image-preview:large, max-video-preview:-1\" \/>\n<link rel=\"canonical\" href=\"https:\/\/decora-zone.com\/producto\/alfombra-dots\/\" \/>\n<meta property=\"og:locale\" content=\"en_US\" \/>\n<meta property=\"og:type\" content=\"article\" \/>\n<meta property=\"og:title\" content=\"Alfombra Dots - Decora-zone\" \/>\n<meta property=\"og:description\" content=\"Alfombra Dots de pura Lana virgen. Dise\u00f1ada por Brink &amp; Campman.\u00a0Es una lujosa y sofisticada, c\u00e1lida y mullida alfombra Shaggy.En DecoraZone.\" \/>\n<meta property=\"og:url\" content=\"https:\/\/decora-zone.com\/producto\/alfombra-dots\/\" \/>\n<meta property=\"og:site_name\" content=\"Decora-zone\" \/>\n<meta property=\"article:publisher\" content=\"https:\/\/www.facebook.com\/decorazone.bilbao\/\" \/>\n<meta property=\"article:modified_time\" content=\"2025-03-10T17:04:53+00:00\" \/>\n<meta property=\"og:image\" content=\"https:\/\/decora-zone.com\/wp-content\/uploads\/2020\/05\/Dots-170405a.jpg\" \/>\n\t<meta property=\"og:image:width\" content=\"1100\" \/>\n\t<meta property=\"og:image:height\" content=\"1464\" \/>\n\t<meta property=\"og:image:type\" content=\"image\/jpeg\" \/>\n<meta name=\"twitter:label1\" content=\"Est. reading time\" \/>\n\t<meta name=\"twitter:data1\" content=\"2 minutes\" \/>\n<script type=\"application\/ld+json\" class=\"yoast-schema-graph\">{\"@context\":\"https:\\\/\\\/schema.org\",\"@graph\":[{\"@type\":\"WebPage\",\"@id\":\"https:\\\/\\\/decora-zone.com\\\/producto\\\/alfombra-dots\\\/\",\"url\":\"https:\\\/\\\/decora-zone.com\\\/producto\\\/alfombra-dots\\\/\",\"name\":\"Alfombra Dots - Decora-zone\",\"isPartOf\":{\"@id\":\"https:\\\/\\\/decora-zone.com\\\/#website\"},\"primaryImageOfPage\":{\"@id\":\"https:\\\/\\\/decora-zone.com\\\/producto\\\/alfombra-dots\\\/#primaryimage\"},\"image\":{\"@id\":\"https:\\\/\\\/decora-zone.com\\\/producto\\\/alfombra-dots\\\/#primaryimage\"},\"thumbnailUrl\":\"https:\\\/\\\/decora-zone.com\\\/wp-content\\\/uploads\\\/2020\\\/05\\\/Dots-170405a.jpg\",\"datePublished\":\"2020-05-28T15:58:37+00:00\",\"dateModified\":\"2025-03-10T17:04:53+00:00\",\"description\":\"Alfombra Dots de pura Lana virgen. Dise\u00f1ada por Brink & Campman.\u00a0Es una lujosa y sofisticada, c\u00e1lida y mullida alfombra Shaggy.En DecoraZone.\",\"breadcrumb\":{\"@id\":\"https:\\\/\\\/decora-zone.com\\\/producto\\\/alfombra-dots\\\/#breadcrumb\"},\"inLanguage\":\"en-US\",\"potentialAction\":[{\"@type\":\"ReadAction\",\"target\":[\"https:\\\/\\\/decora-zone.com\\\/producto\\\/alfombra-dots\\\/\"]}]},{\"@type\":\"ImageObject\",\"inLanguage\":\"en-US\",\"@id\":\"https:\\\/\\\/decora-zone.com\\\/producto\\\/alfombra-dots\\\/#primaryimage\",\"url\":\"https:\\\/\\\/decora-zone.com\\\/wp-content\\\/uploads\\\/2020\\\/05\\\/Dots-170405a.jpg\",\"contentUrl\":\"https:\\\/\\\/decora-zone.com\\\/wp-content\\\/uploads\\\/2020\\\/05\\\/Dots-170405a.jpg\",\"width\":1100,\"height\":1464,\"caption\":\"Alfombra Dots 170405\"},{\"@type\":\"BreadcrumbList\",\"@id\":\"https:\\\/\\\/decora-zone.com\\\/producto\\\/alfombra-dots\\\/#breadcrumb\",\"itemListElement\":[{\"@type\":\"ListItem\",\"position\":1,\"name\":\"Portada\",\"item\":\"https:\\\/\\\/decora-zone.com\\\/\"},{\"@type\":\"ListItem\",\"position\":2,\"name\":\"Productos\",\"item\":\"https:\\\/\\\/decora-zone.com\\\/tienda-alfombras-cortinas-bilbao\\\/\"},{\"@type\":\"ListItem\",\"position\":3,\"name\":\"Alfombra Dots\"}]},{\"@type\":\"WebSite\",\"@id\":\"https:\\\/\\\/decora-zone.com\\\/#website\",\"url\":\"https:\\\/\\\/decora-zone.com\\\/\",\"name\":\"Decora-zone\",\"description\":\"Especialistas en cortinas y alfombras de dise\u00f1o en Bilbao\",\"publisher\":{\"@id\":\"https:\\\/\\\/decora-zone.com\\\/#organization\"},\"potentialAction\":[{\"@type\":\"SearchAction\",\"target\":{\"@type\":\"EntryPoint\",\"urlTemplate\":\"https:\\\/\\\/decora-zone.com\\\/?s={search_term_string}\"},\"query-input\":{\"@type\":\"PropertyValueSpecification\",\"valueRequired\":true,\"valueName\":\"search_term_string\"}}],\"inLanguage\":\"en-US\"},{\"@type\":\"Organization\",\"@id\":\"https:\\\/\\\/decora-zone.com\\\/#organization\",\"name\":\"Decora-Zone Tienda de Decoraci\u00f3n en Bilbao\",\"url\":\"https:\\\/\\\/decora-zone.com\\\/\",\"logo\":{\"@type\":\"ImageObject\",\"inLanguage\":\"en-US\",\"@id\":\"https:\\\/\\\/decora-zone.com\\\/#\\\/schema\\\/logo\\\/image\\\/\",\"url\":\"https:\\\/\\\/decora-zone.com\\\/wp-content\\\/uploads\\\/2014\\\/02\\\/logotipo-decora-zone-alfombras-cortinas-decoracion-bilbao.jpg\",\"contentUrl\":\"https:\\\/\\\/decora-zone.com\\\/wp-content\\\/uploads\\\/2014\\\/02\\\/logotipo-decora-zone-alfombras-cortinas-decoracion-bilbao.jpg\",\"width\":484,\"height\":230,\"caption\":\"Decora-Zone Tienda de Decoraci\u00f3n en Bilbao\"},\"image\":{\"@id\":\"https:\\\/\\\/decora-zone.com\\\/#\\\/schema\\\/logo\\\/image\\\/\"},\"sameAs\":[\"https:\\\/\\\/www.facebook.com\\\/decorazone.bilbao\\\/\",\"https:\\\/\\\/www.instagram.com\\\/decora_zone_\\\/\",\"https:\\\/\\\/co.pinterest.com\\\/Decora_Zone\\\/\"]}]}<\/script>\n<!-- \/ Yoast SEO plugin. -->","yoast_head_json":{"title":"Alfombra Dots - Decora-zone","description":"Alfombra Dots de pura Lana virgen. Dise\u00f1ada por Brink & Campman.\u00a0Es una lujosa y sofisticada, c\u00e1lida y mullida alfombra Shaggy.En DecoraZone.","robots":{"index":"index","follow":"follow","max-snippet":"max-snippet:-1","max-image-preview":"max-image-preview:large","max-video-preview":"max-video-preview:-1"},"canonical":"https:\/\/decora-zone.com\/producto\/alfombra-dots\/","og_locale":"en_US","og_type":"article","og_title":"Alfombra Dots - Decora-zone","og_description":"Alfombra Dots de pura Lana virgen. Dise\u00f1ada por Brink & Campman.\u00a0Es una lujosa y sofisticada, c\u00e1lida y mullida alfombra Shaggy.En DecoraZone.","og_url":"https:\/\/decora-zone.com\/producto\/alfombra-dots\/","og_site_name":"Decora-zone","article_publisher":"https:\/\/www.facebook.com\/decorazone.bilbao\/","article_modified_time":"2025-03-10T17:04:53+00:00","og_image":[{"width":1100,"height":1464,"url":"https:\/\/decora-zone.com\/wp-content\/uploads\/2020\/05\/Dots-170405a.jpg","type":"image\/jpeg"}],"twitter_misc":{"Est. reading time":"2 minutes"},"schema":{"@context":"https:\/\/schema.org","@graph":[{"@type":"WebPage","@id":"https:\/\/decora-zone.com\/producto\/alfombra-dots\/","url":"https:\/\/decora-zone.com\/producto\/alfombra-dots\/","name":"Alfombra Dots - Decora-zone","isPartOf":{"@id":"https:\/\/decora-zone.com\/#website"},"primaryImageOfPage":{"@id":"https:\/\/decora-zone.com\/producto\/alfombra-dots\/#primaryimage"},"image":{"@id":"https:\/\/decora-zone.com\/producto\/alfombra-dots\/#primaryimage"},"thumbnailUrl":"https:\/\/decora-zone.com\/wp-content\/uploads\/2020\/05\/Dots-170405a.jpg","datePublished":"2020-05-28T15:58:37+00:00","dateModified":"2025-03-10T17:04:53+00:00","description":"Alfombra Dots de pura Lana virgen. Dise\u00f1ada por Brink & Campman.\u00a0Es una lujosa y sofisticada, c\u00e1lida y mullida alfombra Shaggy.En DecoraZone.","breadcrumb":{"@id":"https:\/\/decora-zone.com\/producto\/alfombra-dots\/#breadcrumb"},"inLanguage":"en-US","potentialAction":[{"@type":"ReadAction","target":["https:\/\/decora-zone.com\/producto\/alfombra-dots\/"]}]},{"@type":"ImageObject","inLanguage":"en-US","@id":"https:\/\/decora-zone.com\/producto\/alfombra-dots\/#primaryimage","url":"https:\/\/decora-zone.com\/wp-content\/uploads\/2020\/05\/Dots-170405a.jpg","contentUrl":"https:\/\/decora-zone.com\/wp-content\/uploads\/2020\/05\/Dots-170405a.jpg","width":1100,"height":1464,"caption":"Alfombra Dots 170405"},{"@type":"BreadcrumbList","@id":"https:\/\/decora-zone.com\/producto\/alfombra-dots\/#breadcrumb","itemListElement":[{"@type":"ListItem","position":1,"name":"Portada","item":"https:\/\/decora-zone.com\/"},{"@type":"ListItem","position":2,"name":"Productos","item":"https:\/\/decora-zone.com\/tienda-alfombras-cortinas-bilbao\/"},{"@type":"ListItem","position":3,"name":"Alfombra Dots"}]},{"@type":"WebSite","@id":"https:\/\/decora-zone.com\/#website","url":"https:\/\/decora-zone.com\/","name":"Decora-zone","description":"Especialistas en cortinas y alfombras de dise\u00f1o en Bilbao","publisher":{"@id":"https:\/\/decora-zone.com\/#organization"},"potentialAction":[{"@type":"SearchAction","target":{"@type":"EntryPoint","urlTemplate":"https:\/\/decora-zone.com\/?s={search_term_string}"},"query-input":{"@type":"PropertyValueSpecification","valueRequired":true,"valueName":"search_term_string"}}],"inLanguage":"en-US"},{"@type":"Organization","@id":"https:\/\/decora-zone.com\/#organization","name":"Decora-Zone Tienda de Decoraci\u00f3n en Bilbao","url":"https:\/\/decora-zone.com\/","logo":{"@type":"ImageObject","inLanguage":"en-US","@id":"https:\/\/decora-zone.com\/#\/schema\/logo\/image\/","url":"https:\/\/decora-zone.com\/wp-content\/uploads\/2014\/02\/logotipo-decora-zone-alfombras-cortinas-decoracion-bilbao.jpg","contentUrl":"https:\/\/decora-zone.com\/wp-content\/uploads\/2014\/02\/logotipo-decora-zone-alfombras-cortinas-decoracion-bilbao.jpg","width":484,"height":230,"caption":"Decora-Zone Tienda de Decoraci\u00f3n en Bilbao"},"image":{"@id":"https:\/\/decora-zone.com\/#\/schema\/logo\/image\/"},"sameAs":["https:\/\/www.facebook.com\/decorazone.bilbao\/","https:\/\/www.instagram.com\/decora_zone_\/","https:\/\/co.pinterest.com\/Decora_Zone\/"]}]}},"_links":{"self":[{"href":"https:\/\/decora-zone.com\/en\/wp-json\/wp\/v2\/product\/9261","targetHints":{"allow":["GET"]}}],"collection":[{"href":"https:\/\/decora-zone.com\/en\/wp-json\/wp\/v2\/product"}],"about":[{"href":"https:\/\/decora-zone.com\/en\/wp-json\/wp\/v2\/types\/product"}],"replies":[{"embeddable":true,"href":"https:\/\/decora-zone.com\/en\/wp-json\/wp\/v2\/comments?post=9261"}],"wp:featuredmedia":[{"embeddable":true,"href":"https:\/\/decora-zone.com\/en\/wp-json\/wp\/v2\/media\/9291"}],"wp:attachment":[{"href":"https:\/\/decora-zone.com\/en\/wp-json\/wp\/v2\/media?parent=9261"}],"wp:term":[{"taxonomy":"product_brand","embeddable":true,"href":"https:\/\/decora-zone.com\/en\/wp-json\/wp\/v2\/product_brand?post=9261"},{"taxonomy":"product_cat","embeddable":true,"href":"https:\/\/decora-zone.com\/en\/wp-json\/wp\/v2\/product_cat?post=9261"},{"taxonomy":"product_tag","embeddable":true,"href":"https:\/\/decora-zone.com\/en\/wp-json\/wp\/v2\/product_tag?post=9261"}],"curies":[{"name":"wp","href":"https:\/\/api.w.org\/{rel}","templated":true}]}}