{"id":8510,"date":"2020-01-15T19:47:12","date_gmt":"2020-01-15T17:47:12","guid":{"rendered":"https:\/\/decora-zone.com\/?post_type=product&#038;p=8510"},"modified":"2024-03-07T12:25:41","modified_gmt":"2024-03-07T10:25:41","slug":"plaid-vesi","status":"publish","type":"product","link":"https:\/\/decora-zone.com\/en\/producto\/plaid-vesi\/","title":{"rendered":"Plaid Vesi"},"content":{"rendered":"<p><strong>Plaid Vesi<\/strong><\/p>\n<p>Dise\u00f1o de tejido liso, sencillo y elegante, perfecto para cualquier ambiente proporcionando un toque de estilo a tu sof\u00e1 o dormitorio. Tejido de punto acr\u00edlico de gran calidad y tacto suave, de fabricaci\u00f3n nacional por la prestigiosa firma Mora.\u00a0<\/p>\n<p>Medida: 130 x 170 cm<\/p>\n<p>Composici\u00f3n: 100% Acr\u00edlico<\/p>\n<p>Gramaje: 340grm\/m2<\/p>\n","protected":false},"excerpt":{"rendered":"<p>Dise\u00f1o de tejido liso, sencillo y elegante, perfecto para cualquier ambiente proporcionando un toque de estilo a tu sof\u00e1 o dormitorio. Tejido de punto acr\u00edlico de gran calidad y tacto suave, de fabricaci\u00f3n nacional por la prestigiosa firma Mora.\u00a0<\/p>\n","protected":false},"featured_media":12958,"comment_status":"open","ping_status":"closed","template":"","meta":[],"product_brand":[],"product_cat":[557],"product_tag":[28,27,23,24,558,26,29],"class_list":{"0":"post-8510","1":"product","2":"type-product","3":"status-publish","4":"has-post-thumbnail","6":"product_cat-plaid-en-bilbao-tienda-decoracion-santutxu","7":"product_tag-bilbao","8":"product_tag-decora-zone","9":"product_tag-decoracion","10":"product_tag-hogar","11":"product_tag-plaid","12":"product_tag-ropa-de-cama","13":"product_tag-santutxu","15":"first","16":"outofstock","17":"shipping-taxable","18":"purchasable","19":"product-type-variable"},"yoast_head":"<!-- This site is optimized with the Yoast SEO plugin v27.5 - https:\/\/yoast.com\/product\/yoast-seo-wordpress\/ -->\n<title>Plaid Vesi - Decora-zone<\/title>\n<meta name=\"description\" content=\"Plaid Vesi de Mora de tejido de punto acr\u00edlico elegante y amorosa, perfecta para combatir el frio en Decora-Zone de Bilbao\" \/>\n<meta name=\"robots\" content=\"index, follow, max-snippet:-1, max-image-preview:large, max-video-preview:-1\" \/>\n<link rel=\"canonical\" href=\"https:\/\/decora-zone.com\/producto\/plaid-vesi\/\" \/>\n<meta property=\"og:locale\" content=\"en_US\" \/>\n<meta property=\"og:type\" content=\"article\" \/>\n<meta property=\"og:title\" content=\"Plaid Vesi - Decora-zone\" \/>\n<meta property=\"og:description\" content=\"Plaid Vesi de Mora de tejido de punto acr\u00edlico elegante y amorosa, perfecta para combatir el frio en Decora-Zone de Bilbao\" \/>\n<meta property=\"og:url\" content=\"https:\/\/decora-zone.com\/producto\/plaid-vesi\/\" \/>\n<meta property=\"og:site_name\" content=\"Decora-zone\" \/>\n<meta property=\"article:publisher\" content=\"https:\/\/www.facebook.com\/decorazone.bilbao\/\" \/>\n<meta property=\"article:modified_time\" content=\"2024-03-07T10:25:41+00:00\" \/>\n<meta property=\"og:image\" content=\"https:\/\/decora-zone.com\/wp-content\/uploads\/2020\/01\/Plaid-Decorazone-Mora-Vesi-L52-plata.jpg\" \/>\n\t<meta property=\"og:image:width\" content=\"1920\" \/>\n\t<meta property=\"og:image:height\" content=\"2560\" \/>\n\t<meta property=\"og:image:type\" content=\"image\/jpeg\" \/>\n<meta name=\"twitter:label1\" content=\"Est. reading time\" \/>\n\t<meta name=\"twitter:data1\" content=\"1 minute\" \/>\n<script type=\"application\/ld+json\" class=\"yoast-schema-graph\">{\"@context\":\"https:\\\/\\\/schema.org\",\"@graph\":[{\"@type\":\"WebPage\",\"@id\":\"https:\\\/\\\/decora-zone.com\\\/producto\\\/plaid-vesi\\\/\",\"url\":\"https:\\\/\\\/decora-zone.com\\\/producto\\\/plaid-vesi\\\/\",\"name\":\"Plaid Vesi - Decora-zone\",\"isPartOf\":{\"@id\":\"https:\\\/\\\/decora-zone.com\\\/#website\"},\"primaryImageOfPage\":{\"@id\":\"https:\\\/\\\/decora-zone.com\\\/producto\\\/plaid-vesi\\\/#primaryimage\"},\"image\":{\"@id\":\"https:\\\/\\\/decora-zone.com\\\/producto\\\/plaid-vesi\\\/#primaryimage\"},\"thumbnailUrl\":\"https:\\\/\\\/decora-zone.com\\\/wp-content\\\/uploads\\\/2020\\\/01\\\/Plaid-Decorazone-Mora-Vesi-L52-plata.jpg\",\"datePublished\":\"2020-01-15T17:47:12+00:00\",\"dateModified\":\"2024-03-07T10:25:41+00:00\",\"description\":\"Plaid Vesi de Mora de tejido de punto acr\u00edlico elegante y amorosa, perfecta para combatir el frio en Decora-Zone de Bilbao\",\"breadcrumb\":{\"@id\":\"https:\\\/\\\/decora-zone.com\\\/producto\\\/plaid-vesi\\\/#breadcrumb\"},\"inLanguage\":\"en-US\",\"potentialAction\":[{\"@type\":\"ReadAction\",\"target\":[\"https:\\\/\\\/decora-zone.com\\\/producto\\\/plaid-vesi\\\/\"]}]},{\"@type\":\"ImageObject\",\"inLanguage\":\"en-US\",\"@id\":\"https:\\\/\\\/decora-zone.com\\\/producto\\\/plaid-vesi\\\/#primaryimage\",\"url\":\"https:\\\/\\\/decora-zone.com\\\/wp-content\\\/uploads\\\/2020\\\/01\\\/Plaid-Decorazone-Mora-Vesi-L52-plata.jpg\",\"contentUrl\":\"https:\\\/\\\/decora-zone.com\\\/wp-content\\\/uploads\\\/2020\\\/01\\\/Plaid-Decorazone-Mora-Vesi-L52-plata.jpg\",\"width\":1920,\"height\":2560,\"caption\":\"Plaid Vesi L52 plata\"},{\"@type\":\"BreadcrumbList\",\"@id\":\"https:\\\/\\\/decora-zone.com\\\/producto\\\/plaid-vesi\\\/#breadcrumb\",\"itemListElement\":[{\"@type\":\"ListItem\",\"position\":1,\"name\":\"Portada\",\"item\":\"https:\\\/\\\/decora-zone.com\\\/\"},{\"@type\":\"ListItem\",\"position\":2,\"name\":\"Productos\",\"item\":\"https:\\\/\\\/decora-zone.com\\\/tienda-alfombras-cortinas-bilbao\\\/\"},{\"@type\":\"ListItem\",\"position\":3,\"name\":\"Plaid Vesi\"}]},{\"@type\":\"WebSite\",\"@id\":\"https:\\\/\\\/decora-zone.com\\\/#website\",\"url\":\"https:\\\/\\\/decora-zone.com\\\/\",\"name\":\"Decora-zone\",\"description\":\"Especialistas en cortinas y alfombras de dise\u00f1o en Bilbao\",\"publisher\":{\"@id\":\"https:\\\/\\\/decora-zone.com\\\/#organization\"},\"potentialAction\":[{\"@type\":\"SearchAction\",\"target\":{\"@type\":\"EntryPoint\",\"urlTemplate\":\"https:\\\/\\\/decora-zone.com\\\/?s={search_term_string}\"},\"query-input\":{\"@type\":\"PropertyValueSpecification\",\"valueRequired\":true,\"valueName\":\"search_term_string\"}}],\"inLanguage\":\"en-US\"},{\"@type\":\"Organization\",\"@id\":\"https:\\\/\\\/decora-zone.com\\\/#organization\",\"name\":\"Decora-Zone Tienda de Decoraci\u00f3n en Bilbao\",\"url\":\"https:\\\/\\\/decora-zone.com\\\/\",\"logo\":{\"@type\":\"ImageObject\",\"inLanguage\":\"en-US\",\"@id\":\"https:\\\/\\\/decora-zone.com\\\/#\\\/schema\\\/logo\\\/image\\\/\",\"url\":\"https:\\\/\\\/decora-zone.com\\\/wp-content\\\/uploads\\\/2014\\\/02\\\/logotipo-decora-zone-alfombras-cortinas-decoracion-bilbao.jpg\",\"contentUrl\":\"https:\\\/\\\/decora-zone.com\\\/wp-content\\\/uploads\\\/2014\\\/02\\\/logotipo-decora-zone-alfombras-cortinas-decoracion-bilbao.jpg\",\"width\":484,\"height\":230,\"caption\":\"Decora-Zone Tienda de Decoraci\u00f3n en Bilbao\"},\"image\":{\"@id\":\"https:\\\/\\\/decora-zone.com\\\/#\\\/schema\\\/logo\\\/image\\\/\"},\"sameAs\":[\"https:\\\/\\\/www.facebook.com\\\/decorazone.bilbao\\\/\",\"https:\\\/\\\/www.instagram.com\\\/decora_zone_\\\/\",\"https:\\\/\\\/co.pinterest.com\\\/Decora_Zone\\\/\"]}]}<\/script>\n<!-- \/ Yoast SEO plugin. -->","yoast_head_json":{"title":"Plaid Vesi - Decora-zone","description":"Plaid Vesi de Mora de tejido de punto acr\u00edlico elegante y amorosa, perfecta para combatir el frio en Decora-Zone de Bilbao","robots":{"index":"index","follow":"follow","max-snippet":"max-snippet:-1","max-image-preview":"max-image-preview:large","max-video-preview":"max-video-preview:-1"},"canonical":"https:\/\/decora-zone.com\/producto\/plaid-vesi\/","og_locale":"en_US","og_type":"article","og_title":"Plaid Vesi - Decora-zone","og_description":"Plaid Vesi de Mora de tejido de punto acr\u00edlico elegante y amorosa, perfecta para combatir el frio en Decora-Zone de Bilbao","og_url":"https:\/\/decora-zone.com\/producto\/plaid-vesi\/","og_site_name":"Decora-zone","article_publisher":"https:\/\/www.facebook.com\/decorazone.bilbao\/","article_modified_time":"2024-03-07T10:25:41+00:00","og_image":[{"width":1920,"height":2560,"url":"https:\/\/decora-zone.com\/wp-content\/uploads\/2020\/01\/Plaid-Decorazone-Mora-Vesi-L52-plata.jpg","type":"image\/jpeg"}],"twitter_misc":{"Est. reading time":"1 minute"},"schema":{"@context":"https:\/\/schema.org","@graph":[{"@type":"WebPage","@id":"https:\/\/decora-zone.com\/producto\/plaid-vesi\/","url":"https:\/\/decora-zone.com\/producto\/plaid-vesi\/","name":"Plaid Vesi - Decora-zone","isPartOf":{"@id":"https:\/\/decora-zone.com\/#website"},"primaryImageOfPage":{"@id":"https:\/\/decora-zone.com\/producto\/plaid-vesi\/#primaryimage"},"image":{"@id":"https:\/\/decora-zone.com\/producto\/plaid-vesi\/#primaryimage"},"thumbnailUrl":"https:\/\/decora-zone.com\/wp-content\/uploads\/2020\/01\/Plaid-Decorazone-Mora-Vesi-L52-plata.jpg","datePublished":"2020-01-15T17:47:12+00:00","dateModified":"2024-03-07T10:25:41+00:00","description":"Plaid Vesi de Mora de tejido de punto acr\u00edlico elegante y amorosa, perfecta para combatir el frio en Decora-Zone de Bilbao","breadcrumb":{"@id":"https:\/\/decora-zone.com\/producto\/plaid-vesi\/#breadcrumb"},"inLanguage":"en-US","potentialAction":[{"@type":"ReadAction","target":["https:\/\/decora-zone.com\/producto\/plaid-vesi\/"]}]},{"@type":"ImageObject","inLanguage":"en-US","@id":"https:\/\/decora-zone.com\/producto\/plaid-vesi\/#primaryimage","url":"https:\/\/decora-zone.com\/wp-content\/uploads\/2020\/01\/Plaid-Decorazone-Mora-Vesi-L52-plata.jpg","contentUrl":"https:\/\/decora-zone.com\/wp-content\/uploads\/2020\/01\/Plaid-Decorazone-Mora-Vesi-L52-plata.jpg","width":1920,"height":2560,"caption":"Plaid Vesi L52 plata"},{"@type":"BreadcrumbList","@id":"https:\/\/decora-zone.com\/producto\/plaid-vesi\/#breadcrumb","itemListElement":[{"@type":"ListItem","position":1,"name":"Portada","item":"https:\/\/decora-zone.com\/"},{"@type":"ListItem","position":2,"name":"Productos","item":"https:\/\/decora-zone.com\/tienda-alfombras-cortinas-bilbao\/"},{"@type":"ListItem","position":3,"name":"Plaid Vesi"}]},{"@type":"WebSite","@id":"https:\/\/decora-zone.com\/#website","url":"https:\/\/decora-zone.com\/","name":"Decora-zone","description":"Especialistas en cortinas y alfombras de dise\u00f1o en Bilbao","publisher":{"@id":"https:\/\/decora-zone.com\/#organization"},"potentialAction":[{"@type":"SearchAction","target":{"@type":"EntryPoint","urlTemplate":"https:\/\/decora-zone.com\/?s={search_term_string}"},"query-input":{"@type":"PropertyValueSpecification","valueRequired":true,"valueName":"search_term_string"}}],"inLanguage":"en-US"},{"@type":"Organization","@id":"https:\/\/decora-zone.com\/#organization","name":"Decora-Zone Tienda de Decoraci\u00f3n en Bilbao","url":"https:\/\/decora-zone.com\/","logo":{"@type":"ImageObject","inLanguage":"en-US","@id":"https:\/\/decora-zone.com\/#\/schema\/logo\/image\/","url":"https:\/\/decora-zone.com\/wp-content\/uploads\/2014\/02\/logotipo-decora-zone-alfombras-cortinas-decoracion-bilbao.jpg","contentUrl":"https:\/\/decora-zone.com\/wp-content\/uploads\/2014\/02\/logotipo-decora-zone-alfombras-cortinas-decoracion-bilbao.jpg","width":484,"height":230,"caption":"Decora-Zone Tienda de Decoraci\u00f3n en Bilbao"},"image":{"@id":"https:\/\/decora-zone.com\/#\/schema\/logo\/image\/"},"sameAs":["https:\/\/www.facebook.com\/decorazone.bilbao\/","https:\/\/www.instagram.com\/decora_zone_\/","https:\/\/co.pinterest.com\/Decora_Zone\/"]}]}},"_links":{"self":[{"href":"https:\/\/decora-zone.com\/en\/wp-json\/wp\/v2\/product\/8510","targetHints":{"allow":["GET"]}}],"collection":[{"href":"https:\/\/decora-zone.com\/en\/wp-json\/wp\/v2\/product"}],"about":[{"href":"https:\/\/decora-zone.com\/en\/wp-json\/wp\/v2\/types\/product"}],"replies":[{"embeddable":true,"href":"https:\/\/decora-zone.com\/en\/wp-json\/wp\/v2\/comments?post=8510"}],"wp:featuredmedia":[{"embeddable":true,"href":"https:\/\/decora-zone.com\/en\/wp-json\/wp\/v2\/media\/12958"}],"wp:attachment":[{"href":"https:\/\/decora-zone.com\/en\/wp-json\/wp\/v2\/media?parent=8510"}],"wp:term":[{"taxonomy":"product_brand","embeddable":true,"href":"https:\/\/decora-zone.com\/en\/wp-json\/wp\/v2\/product_brand?post=8510"},{"taxonomy":"product_cat","embeddable":true,"href":"https:\/\/decora-zone.com\/en\/wp-json\/wp\/v2\/product_cat?post=8510"},{"taxonomy":"product_tag","embeddable":true,"href":"https:\/\/decora-zone.com\/en\/wp-json\/wp\/v2\/product_tag?post=8510"}],"curies":[{"name":"wp","href":"https:\/\/api.w.org\/{rel}","templated":true}]}}