{"id":8372,"date":"2019-12-24T14:02:48","date_gmt":"2019-12-24T12:02:48","guid":{"rendered":"https:\/\/decora-zone.com\/?post_type=product&#038;p=8372"},"modified":"2025-05-19T18:52:14","modified_gmt":"2025-05-19T17:52:14","slug":"funda-de-cojin-cangas","status":"publish","type":"product","link":"https:\/\/decora-zone.com\/en\/producto\/funda-de-cojin-cangas\/","title":{"rendered":"Funda de coj\u00edn Cangas"},"content":{"rendered":"<p><strong>Funda de coj\u00edn Cangas<\/strong><\/p>\n<p>Funda de coj\u00edn Cangas decorativa con tejido liso de tacto aterciopelado\u00a0 Una funda de coj\u00edn b\u00e1sica, que da un toque de estilo.<\/p>\n<p>Cierre de cremallera oculta<\/p>\n<p>Medida: 45 x 45 cm.<\/p>\n<p>Composici\u00f3n: 100% Poli\u00e9ster<\/p>\n","protected":false},"excerpt":{"rendered":"<p>Funda de coj\u00edn\u00a0 decorativo con tejido liso de tacto aterciopelado\u00a0 Una funda de coj\u00edn b\u00e1sica, que da un toque de estilo.<\/p>\n","protected":false},"featured_media":12918,"comment_status":"open","ping_status":"closed","template":"","meta":[],"product_brand":[],"product_cat":[122],"product_tag":[28,123,27,23,24,26,29],"class_list":{"0":"post-8372","1":"product","2":"type-product","3":"status-publish","4":"has-post-thumbnail","6":"product_cat-cojines-en-bilbao-tienda-decoracion-santutxu","7":"product_tag-bilbao","8":"product_tag-cojines","9":"product_tag-decora-zone","10":"product_tag-decoracion","11":"product_tag-hogar","12":"product_tag-ropa-de-cama","13":"product_tag-santutxu","15":"first","16":"instock","17":"sale","18":"shipping-taxable","19":"purchasable","20":"product-type-variable"},"yoast_head":"<!-- This site is optimized with the Yoast SEO plugin v27.4 - https:\/\/yoast.com\/product\/yoast-seo-wordpress\/ -->\n<title>Funda de coj\u00edn Cangas Funda de coj\u00edn Cangas - Decora-zone<\/title>\n<meta name=\"description\" content=\"Funda de coj\u00edn Cangaslisa con tejido de terciopelo para decoraci\u00f3n de cama o sof\u00e1 en tienda de decoraci\u00f3n Decora-Zone de Bilbao\" \/>\n<meta name=\"robots\" content=\"index, follow, max-snippet:-1, max-image-preview:large, max-video-preview:-1\" \/>\n<link rel=\"canonical\" href=\"https:\/\/decora-zone.com\/producto\/funda-de-cojin-cangas\/\" \/>\n<meta property=\"og:locale\" content=\"en_US\" \/>\n<meta property=\"og:type\" content=\"article\" \/>\n<meta property=\"og:title\" content=\"Funda de coj\u00edn Cangas Funda de coj\u00edn Cangas - Decora-zone\" \/>\n<meta property=\"og:description\" content=\"Funda de coj\u00edn Cangaslisa con tejido de terciopelo para decoraci\u00f3n de cama o sof\u00e1 en tienda de decoraci\u00f3n Decora-Zone de Bilbao\" \/>\n<meta property=\"og:url\" content=\"https:\/\/decora-zone.com\/producto\/funda-de-cojin-cangas\/\" \/>\n<meta property=\"og:site_name\" content=\"Decora-zone\" \/>\n<meta property=\"article:publisher\" content=\"https:\/\/www.facebook.com\/decorazone.bilbao\/\" \/>\n<meta property=\"article:modified_time\" content=\"2025-05-19T17:52:14+00:00\" \/>\n<meta property=\"og:image\" content=\"https:\/\/decora-zone.com\/wp-content\/uploads\/2019\/12\/Funda-Cojin-Decorazone-Cangas-Rosa-Palo-65.jpeg\" \/>\n\t<meta property=\"og:image:width\" content=\"608\" \/>\n\t<meta property=\"og:image:height\" content=\"584\" \/>\n\t<meta property=\"og:image:type\" content=\"image\/jpeg\" \/>\n<meta name=\"twitter:label1\" content=\"Est. reading time\" \/>\n\t<meta name=\"twitter:data1\" content=\"1 minute\" \/>\n<script type=\"application\/ld+json\" class=\"yoast-schema-graph\">{\"@context\":\"https:\\\/\\\/schema.org\",\"@graph\":[{\"@type\":\"WebPage\",\"@id\":\"https:\\\/\\\/decora-zone.com\\\/producto\\\/funda-de-cojin-cangas\\\/\",\"url\":\"https:\\\/\\\/decora-zone.com\\\/producto\\\/funda-de-cojin-cangas\\\/\",\"name\":\"Funda de coj\u00edn Cangas Funda de coj\u00edn Cangas - Decora-zone\",\"isPartOf\":{\"@id\":\"https:\\\/\\\/decora-zone.com\\\/#website\"},\"primaryImageOfPage\":{\"@id\":\"https:\\\/\\\/decora-zone.com\\\/producto\\\/funda-de-cojin-cangas\\\/#primaryimage\"},\"image\":{\"@id\":\"https:\\\/\\\/decora-zone.com\\\/producto\\\/funda-de-cojin-cangas\\\/#primaryimage\"},\"thumbnailUrl\":\"https:\\\/\\\/decora-zone.com\\\/wp-content\\\/uploads\\\/2019\\\/12\\\/Funda-Cojin-Decorazone-Cangas-Rosa-Palo-65.jpeg\",\"datePublished\":\"2019-12-24T12:02:48+00:00\",\"dateModified\":\"2025-05-19T17:52:14+00:00\",\"description\":\"Funda de coj\u00edn Cangaslisa con tejido de terciopelo para decoraci\u00f3n de cama o sof\u00e1 en tienda de decoraci\u00f3n Decora-Zone de Bilbao\",\"breadcrumb\":{\"@id\":\"https:\\\/\\\/decora-zone.com\\\/producto\\\/funda-de-cojin-cangas\\\/#breadcrumb\"},\"inLanguage\":\"en-US\",\"potentialAction\":[{\"@type\":\"ReadAction\",\"target\":[\"https:\\\/\\\/decora-zone.com\\\/producto\\\/funda-de-cojin-cangas\\\/\"]}]},{\"@type\":\"ImageObject\",\"inLanguage\":\"en-US\",\"@id\":\"https:\\\/\\\/decora-zone.com\\\/producto\\\/funda-de-cojin-cangas\\\/#primaryimage\",\"url\":\"https:\\\/\\\/decora-zone.com\\\/wp-content\\\/uploads\\\/2019\\\/12\\\/Funda-Cojin-Decorazone-Cangas-Rosa-Palo-65.jpeg\",\"contentUrl\":\"https:\\\/\\\/decora-zone.com\\\/wp-content\\\/uploads\\\/2019\\\/12\\\/Funda-Cojin-Decorazone-Cangas-Rosa-Palo-65.jpeg\",\"width\":608,\"height\":584,\"caption\":\"Funda de coj\u00edn Cangas Rosa palo\"},{\"@type\":\"BreadcrumbList\",\"@id\":\"https:\\\/\\\/decora-zone.com\\\/producto\\\/funda-de-cojin-cangas\\\/#breadcrumb\",\"itemListElement\":[{\"@type\":\"ListItem\",\"position\":1,\"name\":\"Portada\",\"item\":\"https:\\\/\\\/decora-zone.com\\\/\"},{\"@type\":\"ListItem\",\"position\":2,\"name\":\"Productos\",\"item\":\"https:\\\/\\\/decora-zone.com\\\/tienda-alfombras-cortinas-bilbao\\\/\"},{\"@type\":\"ListItem\",\"position\":3,\"name\":\"Funda de coj\u00edn Cangas\"}]},{\"@type\":\"WebSite\",\"@id\":\"https:\\\/\\\/decora-zone.com\\\/#website\",\"url\":\"https:\\\/\\\/decora-zone.com\\\/\",\"name\":\"Decora-zone\",\"description\":\"Especialistas en cortinas y alfombras de dise\u00f1o en Bilbao\",\"publisher\":{\"@id\":\"https:\\\/\\\/decora-zone.com\\\/#organization\"},\"potentialAction\":[{\"@type\":\"SearchAction\",\"target\":{\"@type\":\"EntryPoint\",\"urlTemplate\":\"https:\\\/\\\/decora-zone.com\\\/?s={search_term_string}\"},\"query-input\":{\"@type\":\"PropertyValueSpecification\",\"valueRequired\":true,\"valueName\":\"search_term_string\"}}],\"inLanguage\":\"en-US\"},{\"@type\":\"Organization\",\"@id\":\"https:\\\/\\\/decora-zone.com\\\/#organization\",\"name\":\"Decora-Zone Tienda de Decoraci\u00f3n en Bilbao\",\"url\":\"https:\\\/\\\/decora-zone.com\\\/\",\"logo\":{\"@type\":\"ImageObject\",\"inLanguage\":\"en-US\",\"@id\":\"https:\\\/\\\/decora-zone.com\\\/#\\\/schema\\\/logo\\\/image\\\/\",\"url\":\"https:\\\/\\\/decora-zone.com\\\/wp-content\\\/uploads\\\/2014\\\/02\\\/logotipo-decora-zone-alfombras-cortinas-decoracion-bilbao.jpg\",\"contentUrl\":\"https:\\\/\\\/decora-zone.com\\\/wp-content\\\/uploads\\\/2014\\\/02\\\/logotipo-decora-zone-alfombras-cortinas-decoracion-bilbao.jpg\",\"width\":484,\"height\":230,\"caption\":\"Decora-Zone Tienda de Decoraci\u00f3n en Bilbao\"},\"image\":{\"@id\":\"https:\\\/\\\/decora-zone.com\\\/#\\\/schema\\\/logo\\\/image\\\/\"},\"sameAs\":[\"https:\\\/\\\/www.facebook.com\\\/decorazone.bilbao\\\/\",\"https:\\\/\\\/www.instagram.com\\\/decora_zone_\\\/\",\"https:\\\/\\\/co.pinterest.com\\\/Decora_Zone\\\/\"]}]}<\/script>\n<!-- \/ Yoast SEO plugin. -->","yoast_head_json":{"title":"Funda de coj\u00edn Cangas Funda de coj\u00edn Cangas - Decora-zone","description":"Funda de coj\u00edn Cangaslisa con tejido de terciopelo para decoraci\u00f3n de cama o sof\u00e1 en tienda de decoraci\u00f3n Decora-Zone de Bilbao","robots":{"index":"index","follow":"follow","max-snippet":"max-snippet:-1","max-image-preview":"max-image-preview:large","max-video-preview":"max-video-preview:-1"},"canonical":"https:\/\/decora-zone.com\/producto\/funda-de-cojin-cangas\/","og_locale":"en_US","og_type":"article","og_title":"Funda de coj\u00edn Cangas Funda de coj\u00edn Cangas - Decora-zone","og_description":"Funda de coj\u00edn Cangaslisa con tejido de terciopelo para decoraci\u00f3n de cama o sof\u00e1 en tienda de decoraci\u00f3n Decora-Zone de Bilbao","og_url":"https:\/\/decora-zone.com\/producto\/funda-de-cojin-cangas\/","og_site_name":"Decora-zone","article_publisher":"https:\/\/www.facebook.com\/decorazone.bilbao\/","article_modified_time":"2025-05-19T17:52:14+00:00","og_image":[{"width":608,"height":584,"url":"https:\/\/decora-zone.com\/wp-content\/uploads\/2019\/12\/Funda-Cojin-Decorazone-Cangas-Rosa-Palo-65.jpeg","type":"image\/jpeg"}],"twitter_misc":{"Est. reading time":"1 minute"},"schema":{"@context":"https:\/\/schema.org","@graph":[{"@type":"WebPage","@id":"https:\/\/decora-zone.com\/producto\/funda-de-cojin-cangas\/","url":"https:\/\/decora-zone.com\/producto\/funda-de-cojin-cangas\/","name":"Funda de coj\u00edn Cangas Funda de coj\u00edn Cangas - Decora-zone","isPartOf":{"@id":"https:\/\/decora-zone.com\/#website"},"primaryImageOfPage":{"@id":"https:\/\/decora-zone.com\/producto\/funda-de-cojin-cangas\/#primaryimage"},"image":{"@id":"https:\/\/decora-zone.com\/producto\/funda-de-cojin-cangas\/#primaryimage"},"thumbnailUrl":"https:\/\/decora-zone.com\/wp-content\/uploads\/2019\/12\/Funda-Cojin-Decorazone-Cangas-Rosa-Palo-65.jpeg","datePublished":"2019-12-24T12:02:48+00:00","dateModified":"2025-05-19T17:52:14+00:00","description":"Funda de coj\u00edn Cangaslisa con tejido de terciopelo para decoraci\u00f3n de cama o sof\u00e1 en tienda de decoraci\u00f3n Decora-Zone de Bilbao","breadcrumb":{"@id":"https:\/\/decora-zone.com\/producto\/funda-de-cojin-cangas\/#breadcrumb"},"inLanguage":"en-US","potentialAction":[{"@type":"ReadAction","target":["https:\/\/decora-zone.com\/producto\/funda-de-cojin-cangas\/"]}]},{"@type":"ImageObject","inLanguage":"en-US","@id":"https:\/\/decora-zone.com\/producto\/funda-de-cojin-cangas\/#primaryimage","url":"https:\/\/decora-zone.com\/wp-content\/uploads\/2019\/12\/Funda-Cojin-Decorazone-Cangas-Rosa-Palo-65.jpeg","contentUrl":"https:\/\/decora-zone.com\/wp-content\/uploads\/2019\/12\/Funda-Cojin-Decorazone-Cangas-Rosa-Palo-65.jpeg","width":608,"height":584,"caption":"Funda de coj\u00edn Cangas Rosa palo"},{"@type":"BreadcrumbList","@id":"https:\/\/decora-zone.com\/producto\/funda-de-cojin-cangas\/#breadcrumb","itemListElement":[{"@type":"ListItem","position":1,"name":"Portada","item":"https:\/\/decora-zone.com\/"},{"@type":"ListItem","position":2,"name":"Productos","item":"https:\/\/decora-zone.com\/tienda-alfombras-cortinas-bilbao\/"},{"@type":"ListItem","position":3,"name":"Funda de coj\u00edn Cangas"}]},{"@type":"WebSite","@id":"https:\/\/decora-zone.com\/#website","url":"https:\/\/decora-zone.com\/","name":"Decora-zone","description":"Especialistas en cortinas y alfombras de dise\u00f1o en Bilbao","publisher":{"@id":"https:\/\/decora-zone.com\/#organization"},"potentialAction":[{"@type":"SearchAction","target":{"@type":"EntryPoint","urlTemplate":"https:\/\/decora-zone.com\/?s={search_term_string}"},"query-input":{"@type":"PropertyValueSpecification","valueRequired":true,"valueName":"search_term_string"}}],"inLanguage":"en-US"},{"@type":"Organization","@id":"https:\/\/decora-zone.com\/#organization","name":"Decora-Zone Tienda de Decoraci\u00f3n en Bilbao","url":"https:\/\/decora-zone.com\/","logo":{"@type":"ImageObject","inLanguage":"en-US","@id":"https:\/\/decora-zone.com\/#\/schema\/logo\/image\/","url":"https:\/\/decora-zone.com\/wp-content\/uploads\/2014\/02\/logotipo-decora-zone-alfombras-cortinas-decoracion-bilbao.jpg","contentUrl":"https:\/\/decora-zone.com\/wp-content\/uploads\/2014\/02\/logotipo-decora-zone-alfombras-cortinas-decoracion-bilbao.jpg","width":484,"height":230,"caption":"Decora-Zone Tienda de Decoraci\u00f3n en Bilbao"},"image":{"@id":"https:\/\/decora-zone.com\/#\/schema\/logo\/image\/"},"sameAs":["https:\/\/www.facebook.com\/decorazone.bilbao\/","https:\/\/www.instagram.com\/decora_zone_\/","https:\/\/co.pinterest.com\/Decora_Zone\/"]}]}},"_links":{"self":[{"href":"https:\/\/decora-zone.com\/en\/wp-json\/wp\/v2\/product\/8372","targetHints":{"allow":["GET"]}}],"collection":[{"href":"https:\/\/decora-zone.com\/en\/wp-json\/wp\/v2\/product"}],"about":[{"href":"https:\/\/decora-zone.com\/en\/wp-json\/wp\/v2\/types\/product"}],"replies":[{"embeddable":true,"href":"https:\/\/decora-zone.com\/en\/wp-json\/wp\/v2\/comments?post=8372"}],"wp:featuredmedia":[{"embeddable":true,"href":"https:\/\/decora-zone.com\/en\/wp-json\/wp\/v2\/media\/12918"}],"wp:attachment":[{"href":"https:\/\/decora-zone.com\/en\/wp-json\/wp\/v2\/media?parent=8372"}],"wp:term":[{"taxonomy":"product_brand","embeddable":true,"href":"https:\/\/decora-zone.com\/en\/wp-json\/wp\/v2\/product_brand?post=8372"},{"taxonomy":"product_cat","embeddable":true,"href":"https:\/\/decora-zone.com\/en\/wp-json\/wp\/v2\/product_cat?post=8372"},{"taxonomy":"product_tag","embeddable":true,"href":"https:\/\/decora-zone.com\/en\/wp-json\/wp\/v2\/product_tag?post=8372"}],"curies":[{"name":"wp","href":"https:\/\/api.w.org\/{rel}","templated":true}]}}