{"id":6105,"date":"2019-07-10T19:15:27","date_gmt":"2019-07-10T17:15:27","guid":{"rendered":"https:\/\/decora-zone.com\/?post_type=product&#038;p=6105"},"modified":"2024-07-09T15:56:18","modified_gmt":"2024-07-09T13:56:18","slug":"estores-enrollables-noche-y-dia","status":"publish","type":"product","link":"https:\/\/decora-zone.com\/en\/producto\/estores-enrollables-noche-y-dia\/","title":{"rendered":"Estores Enrollables Noche y D\u00eda"},"content":{"rendered":"<p><strong>\u00a0Noche y D\u00eda<\/strong><\/p>\n<p>Los estores noche y d\u00eda alternan tiras de tejidos transl\u00facidos y opacos que hacen que se pueda regular la entrada de luz en la estancia.<\/p>\n<p>Con su mecanismo de cadena adem\u00e1s de subir o bajar el estor se superponen las franjas de tejido para controlar la entrada de luz.<\/p>\n<p>Disponemos de una amplia gama de tejidos y medidas gracias a uno de nuestros proveedores m\u00e1s importantes Novadec\u00f3,\u00a0 p\u00f3ngase en <strong> <a href=\"http:\/\/decora-zone.com\/contacto-decora-zone-alfombras-cortinas-decoracion-bilbao\/\">contacto con nosotros<\/a><\/strong>\u00a0 le asesoraremos del tipo de tejido m\u00e1s adecuado a sus necesidades, le ayudamos a tomar la medida de su estor y le damos presupuesto sin compromiso.<\/p>\n","protected":false},"excerpt":{"rendered":"<p>Los estores noche y d\u00eda alternan tiras de tejidos transl\u00facidos y opacos que hacen que se pueda regular la entrada de luz en la estancia.<\/p>\n<p>Con su mecanismo de cadena adem\u00e1s de subir o bajar el estor se superponen las franjas de tejido para controlar la entrada de luz.<\/p>\n<p>Disponemos de una amplia gama de tejidos y medidas gracias a uno de nuestros proveedores m\u00e1s importantes Novadec\u00f3,\u00a0 p\u00f3ngase en <strong> <a href=\"http:\/\/decora-zone.com\/contacto-decora-zone-alfombras-cortinas-decoracion-bilbao\/\">contacto con nosotros<\/a><\/strong>\u00a0 le asesoraremos del tipo de tejido m\u00e1s adecuado a sus necesidades, le ayudamos a tomar la medida de su estor y le damos presupuesto sin compromiso.<\/p>\n","protected":false},"featured_media":10934,"comment_status":"open","ping_status":"closed","template":"","meta":[],"product_brand":[],"product_cat":[463,46,466],"product_tag":[28,27,23,470,469,24,471,29],"class_list":{"0":"post-6105","1":"product","2":"type-product","3":"status-publish","4":"has-post-thumbnail","6":"product_cat-estores-enrollables-en-bilbao-tienda-decoracion-bilbao-santutxu","7":"product_cat-estores-en-bilbao-tienda-decoracion-santutxu","8":"product_cat-estores-enrollables-noche-y-dia","9":"product_tag-bilbao","10":"product_tag-decora-zone","11":"product_tag-decoracion","12":"product_tag-enrollables","13":"product_tag-estores","14":"product_tag-hogar","15":"product_tag-noche-y-dia","16":"product_tag-santutxu","18":"first","19":"instock","20":"shipping-taxable","21":"product-type-simple"},"yoast_head":"<!-- This site is optimized with the Yoast SEO plugin v27.5 - https:\/\/yoast.com\/product\/yoast-seo-wordpress\/ -->\n<title>Estores Enrollables Noche y D\u00eda - Decora-zone<\/title>\n<meta name=\"description\" content=\"Estores enrollables noche y d\u00eda con tejido transl\u00facido y opaco para poder contralar la entrada de luz en cada estancia de tu hogar\" \/>\n<meta name=\"robots\" content=\"index, follow, max-snippet:-1, max-image-preview:large, max-video-preview:-1\" \/>\n<link rel=\"canonical\" href=\"https:\/\/decora-zone.com\/producto\/estores-enrollables-noche-y-dia\/\" \/>\n<meta property=\"og:locale\" content=\"en_US\" \/>\n<meta property=\"og:type\" content=\"article\" \/>\n<meta property=\"og:title\" content=\"Estores Enrollables Noche y D\u00eda - Decora-zone\" \/>\n<meta property=\"og:description\" content=\"Estores enrollables noche y d\u00eda con tejido transl\u00facido y opaco para poder contralar la entrada de luz en cada estancia de tu hogar\" \/>\n<meta property=\"og:url\" content=\"https:\/\/decora-zone.com\/producto\/estores-enrollables-noche-y-dia\/\" \/>\n<meta property=\"og:site_name\" content=\"Decora-zone\" \/>\n<meta property=\"article:publisher\" content=\"https:\/\/www.facebook.com\/decorazone.bilbao\/\" \/>\n<meta property=\"article:modified_time\" content=\"2024-07-09T13:56:18+00:00\" \/>\n<meta property=\"og:image\" content=\"https:\/\/decora-zone.com\/wp-content\/uploads\/2019\/07\/Opalo.jpg\" \/>\n\t<meta property=\"og:image:width\" content=\"1222\" \/>\n\t<meta property=\"og:image:height\" content=\"1219\" \/>\n\t<meta property=\"og:image:type\" content=\"image\/jpeg\" \/>\n<meta name=\"twitter:label1\" content=\"Est. reading time\" \/>\n\t<meta name=\"twitter:data1\" content=\"1 minute\" \/>\n<script type=\"application\/ld+json\" class=\"yoast-schema-graph\">{\"@context\":\"https:\\\/\\\/schema.org\",\"@graph\":[{\"@type\":\"WebPage\",\"@id\":\"https:\\\/\\\/decora-zone.com\\\/producto\\\/estores-enrollables-noche-y-dia\\\/\",\"url\":\"https:\\\/\\\/decora-zone.com\\\/producto\\\/estores-enrollables-noche-y-dia\\\/\",\"name\":\"Estores Enrollables Noche y D\u00eda - Decora-zone\",\"isPartOf\":{\"@id\":\"https:\\\/\\\/decora-zone.com\\\/#website\"},\"primaryImageOfPage\":{\"@id\":\"https:\\\/\\\/decora-zone.com\\\/producto\\\/estores-enrollables-noche-y-dia\\\/#primaryimage\"},\"image\":{\"@id\":\"https:\\\/\\\/decora-zone.com\\\/producto\\\/estores-enrollables-noche-y-dia\\\/#primaryimage\"},\"thumbnailUrl\":\"https:\\\/\\\/decora-zone.com\\\/wp-content\\\/uploads\\\/2019\\\/07\\\/Opalo.jpg\",\"datePublished\":\"2019-07-10T17:15:27+00:00\",\"dateModified\":\"2024-07-09T13:56:18+00:00\",\"description\":\"Estores enrollables noche y d\u00eda con tejido transl\u00facido y opaco para poder contralar la entrada de luz en cada estancia de tu hogar\",\"breadcrumb\":{\"@id\":\"https:\\\/\\\/decora-zone.com\\\/producto\\\/estores-enrollables-noche-y-dia\\\/#breadcrumb\"},\"inLanguage\":\"en-US\",\"potentialAction\":[{\"@type\":\"ReadAction\",\"target\":[\"https:\\\/\\\/decora-zone.com\\\/producto\\\/estores-enrollables-noche-y-dia\\\/\"]}]},{\"@type\":\"ImageObject\",\"inLanguage\":\"en-US\",\"@id\":\"https:\\\/\\\/decora-zone.com\\\/producto\\\/estores-enrollables-noche-y-dia\\\/#primaryimage\",\"url\":\"https:\\\/\\\/decora-zone.com\\\/wp-content\\\/uploads\\\/2019\\\/07\\\/Opalo.jpg\",\"contentUrl\":\"https:\\\/\\\/decora-zone.com\\\/wp-content\\\/uploads\\\/2019\\\/07\\\/Opalo.jpg\",\"width\":1222,\"height\":1219,\"caption\":\"Enrollable noche y d\u00eda \u00d3palo\"},{\"@type\":\"BreadcrumbList\",\"@id\":\"https:\\\/\\\/decora-zone.com\\\/producto\\\/estores-enrollables-noche-y-dia\\\/#breadcrumb\",\"itemListElement\":[{\"@type\":\"ListItem\",\"position\":1,\"name\":\"Portada\",\"item\":\"https:\\\/\\\/decora-zone.com\\\/\"},{\"@type\":\"ListItem\",\"position\":2,\"name\":\"Productos\",\"item\":\"https:\\\/\\\/decora-zone.com\\\/tienda-alfombras-cortinas-bilbao\\\/\"},{\"@type\":\"ListItem\",\"position\":3,\"name\":\"Estores Enrollables Noche y D\u00eda\"}]},{\"@type\":\"WebSite\",\"@id\":\"https:\\\/\\\/decora-zone.com\\\/#website\",\"url\":\"https:\\\/\\\/decora-zone.com\\\/\",\"name\":\"Decora-zone\",\"description\":\"Especialistas en cortinas y alfombras de dise\u00f1o en Bilbao\",\"publisher\":{\"@id\":\"https:\\\/\\\/decora-zone.com\\\/#organization\"},\"potentialAction\":[{\"@type\":\"SearchAction\",\"target\":{\"@type\":\"EntryPoint\",\"urlTemplate\":\"https:\\\/\\\/decora-zone.com\\\/?s={search_term_string}\"},\"query-input\":{\"@type\":\"PropertyValueSpecification\",\"valueRequired\":true,\"valueName\":\"search_term_string\"}}],\"inLanguage\":\"en-US\"},{\"@type\":\"Organization\",\"@id\":\"https:\\\/\\\/decora-zone.com\\\/#organization\",\"name\":\"Decora-Zone Tienda de Decoraci\u00f3n en Bilbao\",\"url\":\"https:\\\/\\\/decora-zone.com\\\/\",\"logo\":{\"@type\":\"ImageObject\",\"inLanguage\":\"en-US\",\"@id\":\"https:\\\/\\\/decora-zone.com\\\/#\\\/schema\\\/logo\\\/image\\\/\",\"url\":\"https:\\\/\\\/decora-zone.com\\\/wp-content\\\/uploads\\\/2014\\\/02\\\/logotipo-decora-zone-alfombras-cortinas-decoracion-bilbao.jpg\",\"contentUrl\":\"https:\\\/\\\/decora-zone.com\\\/wp-content\\\/uploads\\\/2014\\\/02\\\/logotipo-decora-zone-alfombras-cortinas-decoracion-bilbao.jpg\",\"width\":484,\"height\":230,\"caption\":\"Decora-Zone Tienda de Decoraci\u00f3n en Bilbao\"},\"image\":{\"@id\":\"https:\\\/\\\/decora-zone.com\\\/#\\\/schema\\\/logo\\\/image\\\/\"},\"sameAs\":[\"https:\\\/\\\/www.facebook.com\\\/decorazone.bilbao\\\/\",\"https:\\\/\\\/www.instagram.com\\\/decora_zone_\\\/\",\"https:\\\/\\\/co.pinterest.com\\\/Decora_Zone\\\/\"]}]}<\/script>\n<!-- \/ Yoast SEO plugin. -->","yoast_head_json":{"title":"Estores Enrollables Noche y D\u00eda - Decora-zone","description":"Estores enrollables noche y d\u00eda con tejido transl\u00facido y opaco para poder contralar la entrada de luz en cada estancia de tu hogar","robots":{"index":"index","follow":"follow","max-snippet":"max-snippet:-1","max-image-preview":"max-image-preview:large","max-video-preview":"max-video-preview:-1"},"canonical":"https:\/\/decora-zone.com\/producto\/estores-enrollables-noche-y-dia\/","og_locale":"en_US","og_type":"article","og_title":"Estores Enrollables Noche y D\u00eda - Decora-zone","og_description":"Estores enrollables noche y d\u00eda con tejido transl\u00facido y opaco para poder contralar la entrada de luz en cada estancia de tu hogar","og_url":"https:\/\/decora-zone.com\/producto\/estores-enrollables-noche-y-dia\/","og_site_name":"Decora-zone","article_publisher":"https:\/\/www.facebook.com\/decorazone.bilbao\/","article_modified_time":"2024-07-09T13:56:18+00:00","og_image":[{"width":1222,"height":1219,"url":"https:\/\/decora-zone.com\/wp-content\/uploads\/2019\/07\/Opalo.jpg","type":"image\/jpeg"}],"twitter_misc":{"Est. reading time":"1 minute"},"schema":{"@context":"https:\/\/schema.org","@graph":[{"@type":"WebPage","@id":"https:\/\/decora-zone.com\/producto\/estores-enrollables-noche-y-dia\/","url":"https:\/\/decora-zone.com\/producto\/estores-enrollables-noche-y-dia\/","name":"Estores Enrollables Noche y D\u00eda - Decora-zone","isPartOf":{"@id":"https:\/\/decora-zone.com\/#website"},"primaryImageOfPage":{"@id":"https:\/\/decora-zone.com\/producto\/estores-enrollables-noche-y-dia\/#primaryimage"},"image":{"@id":"https:\/\/decora-zone.com\/producto\/estores-enrollables-noche-y-dia\/#primaryimage"},"thumbnailUrl":"https:\/\/decora-zone.com\/wp-content\/uploads\/2019\/07\/Opalo.jpg","datePublished":"2019-07-10T17:15:27+00:00","dateModified":"2024-07-09T13:56:18+00:00","description":"Estores enrollables noche y d\u00eda con tejido transl\u00facido y opaco para poder contralar la entrada de luz en cada estancia de tu hogar","breadcrumb":{"@id":"https:\/\/decora-zone.com\/producto\/estores-enrollables-noche-y-dia\/#breadcrumb"},"inLanguage":"en-US","potentialAction":[{"@type":"ReadAction","target":["https:\/\/decora-zone.com\/producto\/estores-enrollables-noche-y-dia\/"]}]},{"@type":"ImageObject","inLanguage":"en-US","@id":"https:\/\/decora-zone.com\/producto\/estores-enrollables-noche-y-dia\/#primaryimage","url":"https:\/\/decora-zone.com\/wp-content\/uploads\/2019\/07\/Opalo.jpg","contentUrl":"https:\/\/decora-zone.com\/wp-content\/uploads\/2019\/07\/Opalo.jpg","width":1222,"height":1219,"caption":"Enrollable noche y d\u00eda \u00d3palo"},{"@type":"BreadcrumbList","@id":"https:\/\/decora-zone.com\/producto\/estores-enrollables-noche-y-dia\/#breadcrumb","itemListElement":[{"@type":"ListItem","position":1,"name":"Portada","item":"https:\/\/decora-zone.com\/"},{"@type":"ListItem","position":2,"name":"Productos","item":"https:\/\/decora-zone.com\/tienda-alfombras-cortinas-bilbao\/"},{"@type":"ListItem","position":3,"name":"Estores Enrollables Noche y D\u00eda"}]},{"@type":"WebSite","@id":"https:\/\/decora-zone.com\/#website","url":"https:\/\/decora-zone.com\/","name":"Decora-zone","description":"Especialistas en cortinas y alfombras de dise\u00f1o en Bilbao","publisher":{"@id":"https:\/\/decora-zone.com\/#organization"},"potentialAction":[{"@type":"SearchAction","target":{"@type":"EntryPoint","urlTemplate":"https:\/\/decora-zone.com\/?s={search_term_string}"},"query-input":{"@type":"PropertyValueSpecification","valueRequired":true,"valueName":"search_term_string"}}],"inLanguage":"en-US"},{"@type":"Organization","@id":"https:\/\/decora-zone.com\/#organization","name":"Decora-Zone Tienda de Decoraci\u00f3n en Bilbao","url":"https:\/\/decora-zone.com\/","logo":{"@type":"ImageObject","inLanguage":"en-US","@id":"https:\/\/decora-zone.com\/#\/schema\/logo\/image\/","url":"https:\/\/decora-zone.com\/wp-content\/uploads\/2014\/02\/logotipo-decora-zone-alfombras-cortinas-decoracion-bilbao.jpg","contentUrl":"https:\/\/decora-zone.com\/wp-content\/uploads\/2014\/02\/logotipo-decora-zone-alfombras-cortinas-decoracion-bilbao.jpg","width":484,"height":230,"caption":"Decora-Zone Tienda de Decoraci\u00f3n en Bilbao"},"image":{"@id":"https:\/\/decora-zone.com\/#\/schema\/logo\/image\/"},"sameAs":["https:\/\/www.facebook.com\/decorazone.bilbao\/","https:\/\/www.instagram.com\/decora_zone_\/","https:\/\/co.pinterest.com\/Decora_Zone\/"]}]}},"_links":{"self":[{"href":"https:\/\/decora-zone.com\/en\/wp-json\/wp\/v2\/product\/6105","targetHints":{"allow":["GET"]}}],"collection":[{"href":"https:\/\/decora-zone.com\/en\/wp-json\/wp\/v2\/product"}],"about":[{"href":"https:\/\/decora-zone.com\/en\/wp-json\/wp\/v2\/types\/product"}],"replies":[{"embeddable":true,"href":"https:\/\/decora-zone.com\/en\/wp-json\/wp\/v2\/comments?post=6105"}],"wp:featuredmedia":[{"embeddable":true,"href":"https:\/\/decora-zone.com\/en\/wp-json\/wp\/v2\/media\/10934"}],"wp:attachment":[{"href":"https:\/\/decora-zone.com\/en\/wp-json\/wp\/v2\/media?parent=6105"}],"wp:term":[{"taxonomy":"product_brand","embeddable":true,"href":"https:\/\/decora-zone.com\/en\/wp-json\/wp\/v2\/product_brand?post=6105"},{"taxonomy":"product_cat","embeddable":true,"href":"https:\/\/decora-zone.com\/en\/wp-json\/wp\/v2\/product_cat?post=6105"},{"taxonomy":"product_tag","embeddable":true,"href":"https:\/\/decora-zone.com\/en\/wp-json\/wp\/v2\/product_tag?post=6105"}],"curies":[{"name":"wp","href":"https:\/\/api.w.org\/{rel}","templated":true}]}}