{"id":5105,"date":"2019-05-09T17:38:26","date_gmt":"2019-05-09T15:38:26","guid":{"rendered":"https:\/\/decora-zone.com\/?post_type=product&#038;p=5105"},"modified":"2025-03-10T18:06:23","modified_gmt":"2025-03-10T17:06:23","slug":"alfombra-bali-795","status":"publish","type":"product","link":"https:\/\/decora-zone.com\/en\/producto\/alfombra-bali-795\/","title":{"rendered":"Alfombra Bali 795"},"content":{"rendered":"<p><strong>Alfombra Bali 795<\/strong><\/p>\n<p>Presentada por la firma de referencia nacional Sualsa, la calidad Bali son alfombras de pura lana virgen fabricadas en Crevillente.\u00a0<\/p>\n<p>Esta colecci\u00f3n nos muestra desde dise\u00f1os actuales, hasta el m\u00e1s puro dise\u00f1o cl\u00e1sico de la alfombra persa, conjugando calidad al mejor precio.<\/p>\n<p>Adem\u00e1s de las medidas estandar tambi\u00e9n est\u00e1 disponible en tira de pasillo al corte a medida en ancho de 70 cm. y 90 cm.<\/p>\n<p>Grosor: 12 mm.<\/p>\n<p>Puntos\/m2 : 320.000<\/p>\n<p>Peso total: 2150gr\/m2<\/p>\n<p>Antifuego natural y antipolillas permanente.<\/p>\n<p><img decoding=\"async\" class=\"lazyload alignnone  wp-image-9343\" src=\"data:image\/svg+xml,%3Csvg%20xmlns%3D%27http%3A%2F%2Fwww.w3.org%2F2000%2Fsvg%27%20width%3D%2766%27%20height%3D%2772%27%20viewBox%3D%270%200%2066%2072%27%3E%3Crect%20width%3D%2766%27%20height%3D%2772%27%20fill-opacity%3D%220%22%2F%3E%3C%2Fsvg%3E\" data-orig-src=\"https:\/\/decora-zone.com\/wp-content\/uploads\/2020\/05\/pura_lana_virgen.jpg\" alt=\"\" width=\"66\" height=\"72\" \/><\/p>\n<p><strong>Si est\u00e1 interesado en alguno de nuestros art\u00edculos que est\u00e9n sin stock, puede reservarlos poni\u00e9ndose en <a href=\"http:\/\/decora-zone.com\/contacto-decora-zone-alfombras-cortinas-decoracion-bilbao\/\">contacto con nosotros<\/a>.<\/strong><\/p>\n","protected":false},"excerpt":{"rendered":"<p><strong>100% Pura Lana Virgen<\/strong><\/p>\n<p>Presentada por la firma de referencia nacional Sualsa, la calidad Bali son alfombras de pura lana virgen fabricadas en Crevillente.\u00a0<\/p>\n<p>Esta colecci\u00f3n nos muestra desde dise\u00f1os actuales, hasta el m\u00e1s puro dise\u00f1o cl\u00e1sico de la alfombra persa, conjugando calidad al mejor precio.<\/p>\n","protected":false},"featured_media":5128,"comment_status":"open","ping_status":"closed","template":"","meta":[],"product_brand":[],"product_cat":[21,57,155],"product_tag":[32,28,27,23,24,30,156,29,410],"class_list":{"0":"post-5105","1":"product","2":"type-product","3":"status-publish","4":"has-post-thumbnail","6":"product_cat-alfombras-bilbao-tienda-decoracion-santutxu","7":"product_cat-alfombras-lana-bilbao-tienda-decoracion-santutxu","8":"product_cat-alfombras-pasillerasen-bilbao-tienda-decoracion-bilbao-santutxu","9":"product_tag-alfombras","10":"product_tag-bilbao","11":"product_tag-decora-zone","12":"product_tag-decoracion","13":"product_tag-hogar","14":"product_tag-lana","15":"product_tag-pasilleras","16":"product_tag-santutxu","17":"product_tag-sualsa","18":"pa_medida-120x180cm","19":"pa_medida-140x200cm","20":"pa_medida-170x240cm","21":"pa_medida-200-250-cm","22":"pa_medida-200x300cm","23":"pa_medida-250x350cm","24":"pa_medida-300x400cm","25":"pa_medida-60x120cm","26":"pa_medida-70x135cm","27":"pa_medida-70x200cm","28":"pa_medida-70x250cm","29":"pa_medida-70x300cm","30":"pa_medida-90x160cm","32":"first","33":"outofstock","34":"sale","35":"shipping-taxable","36":"purchasable","37":"product-type-variable"},"yoast_head":"<!-- This site is optimized with the Yoast SEO plugin v27.5 - https:\/\/yoast.com\/product\/yoast-seo-wordpress\/ -->\n<title>Alfombra Bali 795 - Decora-zone<\/title>\n<meta name=\"description\" content=\"Alfombra Bali 795 100% Pura Lana Virgen de la firma de referencia nacional Sualsa un dise\u00f1o para decoraci\u00f3n cl\u00e1sica en Decora-Zone de Bilbao\" \/>\n<meta name=\"robots\" content=\"index, follow, max-snippet:-1, max-image-preview:large, max-video-preview:-1\" \/>\n<link rel=\"canonical\" href=\"https:\/\/decora-zone.com\/producto\/alfombra-bali-795\/\" \/>\n<meta property=\"og:locale\" content=\"en_US\" \/>\n<meta property=\"og:type\" content=\"article\" \/>\n<meta property=\"og:title\" content=\"Alfombra Bali 795 - Decora-zone\" \/>\n<meta property=\"og:description\" content=\"Alfombra Bali 795 100% Pura Lana Virgen de la firma de referencia nacional Sualsa un dise\u00f1o para decoraci\u00f3n cl\u00e1sica en Decora-Zone de Bilbao\" \/>\n<meta property=\"og:url\" content=\"https:\/\/decora-zone.com\/producto\/alfombra-bali-795\/\" \/>\n<meta property=\"og:site_name\" content=\"Decora-zone\" \/>\n<meta property=\"article:publisher\" content=\"https:\/\/www.facebook.com\/decorazone.bilbao\/\" \/>\n<meta property=\"article:modified_time\" content=\"2025-03-10T17:06:23+00:00\" \/>\n<meta property=\"og:image\" content=\"https:\/\/decora-zone.com\/wp-content\/uploads\/2019\/05\/Bali-Grana-795a.jpg\" \/>\n\t<meta property=\"og:image:width\" content=\"884\" \/>\n\t<meta property=\"og:image:height\" content=\"884\" \/>\n\t<meta property=\"og:image:type\" content=\"image\/jpeg\" \/>\n<meta name=\"twitter:label1\" content=\"Est. reading time\" \/>\n\t<meta name=\"twitter:data1\" content=\"1 minute\" \/>\n<script type=\"application\/ld+json\" class=\"yoast-schema-graph\">{\"@context\":\"https:\\\/\\\/schema.org\",\"@graph\":[{\"@type\":\"WebPage\",\"@id\":\"https:\\\/\\\/decora-zone.com\\\/producto\\\/alfombra-bali-795\\\/\",\"url\":\"https:\\\/\\\/decora-zone.com\\\/producto\\\/alfombra-bali-795\\\/\",\"name\":\"Alfombra Bali 795 - Decora-zone\",\"isPartOf\":{\"@id\":\"https:\\\/\\\/decora-zone.com\\\/#website\"},\"primaryImageOfPage\":{\"@id\":\"https:\\\/\\\/decora-zone.com\\\/producto\\\/alfombra-bali-795\\\/#primaryimage\"},\"image\":{\"@id\":\"https:\\\/\\\/decora-zone.com\\\/producto\\\/alfombra-bali-795\\\/#primaryimage\"},\"thumbnailUrl\":\"https:\\\/\\\/decora-zone.com\\\/wp-content\\\/uploads\\\/2019\\\/05\\\/Bali-Grana-795a.jpg\",\"datePublished\":\"2019-05-09T15:38:26+00:00\",\"dateModified\":\"2025-03-10T17:06:23+00:00\",\"description\":\"Alfombra Bali 795 100% Pura Lana Virgen de la firma de referencia nacional Sualsa un dise\u00f1o para decoraci\u00f3n cl\u00e1sica en Decora-Zone de Bilbao\",\"breadcrumb\":{\"@id\":\"https:\\\/\\\/decora-zone.com\\\/producto\\\/alfombra-bali-795\\\/#breadcrumb\"},\"inLanguage\":\"en-US\",\"potentialAction\":[{\"@type\":\"ReadAction\",\"target\":[\"https:\\\/\\\/decora-zone.com\\\/producto\\\/alfombra-bali-795\\\/\"]}]},{\"@type\":\"ImageObject\",\"inLanguage\":\"en-US\",\"@id\":\"https:\\\/\\\/decora-zone.com\\\/producto\\\/alfombra-bali-795\\\/#primaryimage\",\"url\":\"https:\\\/\\\/decora-zone.com\\\/wp-content\\\/uploads\\\/2019\\\/05\\\/Bali-Grana-795a.jpg\",\"contentUrl\":\"https:\\\/\\\/decora-zone.com\\\/wp-content\\\/uploads\\\/2019\\\/05\\\/Bali-Grana-795a.jpg\",\"width\":884,\"height\":884,\"caption\":\"Alfombra Bali grana 795\"},{\"@type\":\"BreadcrumbList\",\"@id\":\"https:\\\/\\\/decora-zone.com\\\/producto\\\/alfombra-bali-795\\\/#breadcrumb\",\"itemListElement\":[{\"@type\":\"ListItem\",\"position\":1,\"name\":\"Portada\",\"item\":\"https:\\\/\\\/decora-zone.com\\\/\"},{\"@type\":\"ListItem\",\"position\":2,\"name\":\"Productos\",\"item\":\"https:\\\/\\\/decora-zone.com\\\/tienda-alfombras-cortinas-bilbao\\\/\"},{\"@type\":\"ListItem\",\"position\":3,\"name\":\"Alfombra Bali 795\"}]},{\"@type\":\"WebSite\",\"@id\":\"https:\\\/\\\/decora-zone.com\\\/#website\",\"url\":\"https:\\\/\\\/decora-zone.com\\\/\",\"name\":\"Decora-zone\",\"description\":\"Especialistas en cortinas y alfombras de dise\u00f1o en Bilbao\",\"publisher\":{\"@id\":\"https:\\\/\\\/decora-zone.com\\\/#organization\"},\"potentialAction\":[{\"@type\":\"SearchAction\",\"target\":{\"@type\":\"EntryPoint\",\"urlTemplate\":\"https:\\\/\\\/decora-zone.com\\\/?s={search_term_string}\"},\"query-input\":{\"@type\":\"PropertyValueSpecification\",\"valueRequired\":true,\"valueName\":\"search_term_string\"}}],\"inLanguage\":\"en-US\"},{\"@type\":\"Organization\",\"@id\":\"https:\\\/\\\/decora-zone.com\\\/#organization\",\"name\":\"Decora-Zone Tienda de Decoraci\u00f3n en Bilbao\",\"url\":\"https:\\\/\\\/decora-zone.com\\\/\",\"logo\":{\"@type\":\"ImageObject\",\"inLanguage\":\"en-US\",\"@id\":\"https:\\\/\\\/decora-zone.com\\\/#\\\/schema\\\/logo\\\/image\\\/\",\"url\":\"https:\\\/\\\/decora-zone.com\\\/wp-content\\\/uploads\\\/2014\\\/02\\\/logotipo-decora-zone-alfombras-cortinas-decoracion-bilbao.jpg\",\"contentUrl\":\"https:\\\/\\\/decora-zone.com\\\/wp-content\\\/uploads\\\/2014\\\/02\\\/logotipo-decora-zone-alfombras-cortinas-decoracion-bilbao.jpg\",\"width\":484,\"height\":230,\"caption\":\"Decora-Zone Tienda de Decoraci\u00f3n en Bilbao\"},\"image\":{\"@id\":\"https:\\\/\\\/decora-zone.com\\\/#\\\/schema\\\/logo\\\/image\\\/\"},\"sameAs\":[\"https:\\\/\\\/www.facebook.com\\\/decorazone.bilbao\\\/\",\"https:\\\/\\\/www.instagram.com\\\/decora_zone_\\\/\",\"https:\\\/\\\/co.pinterest.com\\\/Decora_Zone\\\/\"]}]}<\/script>\n<!-- \/ Yoast SEO plugin. -->","yoast_head_json":{"title":"Alfombra Bali 795 - Decora-zone","description":"Alfombra Bali 795 100% Pura Lana Virgen de la firma de referencia nacional Sualsa un dise\u00f1o para decoraci\u00f3n cl\u00e1sica en Decora-Zone de Bilbao","robots":{"index":"index","follow":"follow","max-snippet":"max-snippet:-1","max-image-preview":"max-image-preview:large","max-video-preview":"max-video-preview:-1"},"canonical":"https:\/\/decora-zone.com\/producto\/alfombra-bali-795\/","og_locale":"en_US","og_type":"article","og_title":"Alfombra Bali 795 - Decora-zone","og_description":"Alfombra Bali 795 100% Pura Lana Virgen de la firma de referencia nacional Sualsa un dise\u00f1o para decoraci\u00f3n cl\u00e1sica en Decora-Zone de Bilbao","og_url":"https:\/\/decora-zone.com\/producto\/alfombra-bali-795\/","og_site_name":"Decora-zone","article_publisher":"https:\/\/www.facebook.com\/decorazone.bilbao\/","article_modified_time":"2025-03-10T17:06:23+00:00","og_image":[{"width":884,"height":884,"url":"https:\/\/decora-zone.com\/wp-content\/uploads\/2019\/05\/Bali-Grana-795a.jpg","type":"image\/jpeg"}],"twitter_misc":{"Est. reading time":"1 minute"},"schema":{"@context":"https:\/\/schema.org","@graph":[{"@type":"WebPage","@id":"https:\/\/decora-zone.com\/producto\/alfombra-bali-795\/","url":"https:\/\/decora-zone.com\/producto\/alfombra-bali-795\/","name":"Alfombra Bali 795 - Decora-zone","isPartOf":{"@id":"https:\/\/decora-zone.com\/#website"},"primaryImageOfPage":{"@id":"https:\/\/decora-zone.com\/producto\/alfombra-bali-795\/#primaryimage"},"image":{"@id":"https:\/\/decora-zone.com\/producto\/alfombra-bali-795\/#primaryimage"},"thumbnailUrl":"https:\/\/decora-zone.com\/wp-content\/uploads\/2019\/05\/Bali-Grana-795a.jpg","datePublished":"2019-05-09T15:38:26+00:00","dateModified":"2025-03-10T17:06:23+00:00","description":"Alfombra Bali 795 100% Pura Lana Virgen de la firma de referencia nacional Sualsa un dise\u00f1o para decoraci\u00f3n cl\u00e1sica en Decora-Zone de Bilbao","breadcrumb":{"@id":"https:\/\/decora-zone.com\/producto\/alfombra-bali-795\/#breadcrumb"},"inLanguage":"en-US","potentialAction":[{"@type":"ReadAction","target":["https:\/\/decora-zone.com\/producto\/alfombra-bali-795\/"]}]},{"@type":"ImageObject","inLanguage":"en-US","@id":"https:\/\/decora-zone.com\/producto\/alfombra-bali-795\/#primaryimage","url":"https:\/\/decora-zone.com\/wp-content\/uploads\/2019\/05\/Bali-Grana-795a.jpg","contentUrl":"https:\/\/decora-zone.com\/wp-content\/uploads\/2019\/05\/Bali-Grana-795a.jpg","width":884,"height":884,"caption":"Alfombra Bali grana 795"},{"@type":"BreadcrumbList","@id":"https:\/\/decora-zone.com\/producto\/alfombra-bali-795\/#breadcrumb","itemListElement":[{"@type":"ListItem","position":1,"name":"Portada","item":"https:\/\/decora-zone.com\/"},{"@type":"ListItem","position":2,"name":"Productos","item":"https:\/\/decora-zone.com\/tienda-alfombras-cortinas-bilbao\/"},{"@type":"ListItem","position":3,"name":"Alfombra Bali 795"}]},{"@type":"WebSite","@id":"https:\/\/decora-zone.com\/#website","url":"https:\/\/decora-zone.com\/","name":"Decora-zone","description":"Especialistas en cortinas y alfombras de dise\u00f1o en Bilbao","publisher":{"@id":"https:\/\/decora-zone.com\/#organization"},"potentialAction":[{"@type":"SearchAction","target":{"@type":"EntryPoint","urlTemplate":"https:\/\/decora-zone.com\/?s={search_term_string}"},"query-input":{"@type":"PropertyValueSpecification","valueRequired":true,"valueName":"search_term_string"}}],"inLanguage":"en-US"},{"@type":"Organization","@id":"https:\/\/decora-zone.com\/#organization","name":"Decora-Zone Tienda de Decoraci\u00f3n en Bilbao","url":"https:\/\/decora-zone.com\/","logo":{"@type":"ImageObject","inLanguage":"en-US","@id":"https:\/\/decora-zone.com\/#\/schema\/logo\/image\/","url":"https:\/\/decora-zone.com\/wp-content\/uploads\/2014\/02\/logotipo-decora-zone-alfombras-cortinas-decoracion-bilbao.jpg","contentUrl":"https:\/\/decora-zone.com\/wp-content\/uploads\/2014\/02\/logotipo-decora-zone-alfombras-cortinas-decoracion-bilbao.jpg","width":484,"height":230,"caption":"Decora-Zone Tienda de Decoraci\u00f3n en Bilbao"},"image":{"@id":"https:\/\/decora-zone.com\/#\/schema\/logo\/image\/"},"sameAs":["https:\/\/www.facebook.com\/decorazone.bilbao\/","https:\/\/www.instagram.com\/decora_zone_\/","https:\/\/co.pinterest.com\/Decora_Zone\/"]}]}},"_links":{"self":[{"href":"https:\/\/decora-zone.com\/en\/wp-json\/wp\/v2\/product\/5105","targetHints":{"allow":["GET"]}}],"collection":[{"href":"https:\/\/decora-zone.com\/en\/wp-json\/wp\/v2\/product"}],"about":[{"href":"https:\/\/decora-zone.com\/en\/wp-json\/wp\/v2\/types\/product"}],"replies":[{"embeddable":true,"href":"https:\/\/decora-zone.com\/en\/wp-json\/wp\/v2\/comments?post=5105"}],"wp:featuredmedia":[{"embeddable":true,"href":"https:\/\/decora-zone.com\/en\/wp-json\/wp\/v2\/media\/5128"}],"wp:attachment":[{"href":"https:\/\/decora-zone.com\/en\/wp-json\/wp\/v2\/media?parent=5105"}],"wp:term":[{"taxonomy":"product_brand","embeddable":true,"href":"https:\/\/decora-zone.com\/en\/wp-json\/wp\/v2\/product_brand?post=5105"},{"taxonomy":"product_cat","embeddable":true,"href":"https:\/\/decora-zone.com\/en\/wp-json\/wp\/v2\/product_cat?post=5105"},{"taxonomy":"product_tag","embeddable":true,"href":"https:\/\/decora-zone.com\/en\/wp-json\/wp\/v2\/product_tag?post=5105"}],"curies":[{"name":"wp","href":"https:\/\/api.w.org\/{rel}","templated":true}]}}