{"id":3734,"date":"2019-02-05T12:03:23","date_gmt":"2019-02-05T10:03:23","guid":{"rendered":"https:\/\/decora-zone.com\/?post_type=product&#038;p=3734"},"modified":"2025-03-10T18:06:36","modified_gmt":"2025-03-10T17:06:36","slug":"alfombra-lintu","status":"publish","type":"product","link":"https:\/\/decora-zone.com\/en\/producto\/alfombra-lintu\/","title":{"rendered":"Alfombra Scion Lintu"},"content":{"rendered":"<p><strong>Alfombra Scion Lintu<\/strong><\/p>\n<p><strong>100% Pura Lana Virgen<\/strong><\/p>\n<p>Fabricada por <strong>Brink &amp; Campman<\/strong>, uno de los proveedores de alfombras m\u00e1s innovadores del mundo.<\/p>\n<p>Esta alfombra pertenece a la colecci\u00f3n Scion Living, inspirada en los dise\u00f1os m\u00e1s populares de Scion. Una elegante e imaginativa colecci\u00f3n de alfombras hechas a mano combinando colores llamativos y contempor\u00e1neos, con poderosos motivos gr\u00e1ficos.<\/p>\n<p>Alfombras refrescantes y originales que rebosan de alegr\u00eda y personalidad.<\/p>\n<p>Altura del pelo 17 mm.<\/p>\n<p>Peso total 4500 gr\/m2 aprox.<\/p>\n<p>Plazo aproximado de entrega\u00a0 semanas.<\/p>\n<p>Todas las medidas son aproximadas, puede haber una variaci\u00f3n de hasta un 5%<\/p>\n<p><strong>Si est\u00e1 interesado en alguno de nuestros art\u00edculos que est\u00e9n sin stock, puede reservarlos poni\u00e9ndose en <a href=\"http:\/\/decora-zone.com\/contacto-decora-zone-alfombras-cortinas-decoracion-bilbao\/\">contacto con nosotros<\/a>.<\/strong><\/p>\n","protected":false},"excerpt":{"rendered":"<p><strong>100% Pura Lana Virgen<\/strong><\/p>\n<p>Fabricada por <strong>Brink &amp; Campman<\/strong>, uno de los proveedores de alfombras m\u00e1s innovadores del mundo.<\/p>\n<p>Esta alfombra pertenece a la colecci\u00f3n Scion Living, inspirada en los dise\u00f1os m\u00e1s populares de Scion. Una elegante e imaginativa colecci\u00f3n de alfombras hechas a mano combinando colores llamativos y contempor\u00e1neos, con poderosos motivos gr\u00e1ficos.<\/p>\n<p>Alfombras refrescantes y originales que rebosan de alegr\u00eda y personalidad.<\/p>\n<p>&nbsp;<\/p>\n","protected":false},"featured_media":5923,"comment_status":"open","ping_status":"closed","template":"","meta":[],"product_brand":[],"product_cat":[21,281,57],"product_tag":[32,28,61,27,23,24,30,29],"class_list":{"0":"post-3734","1":"product","2":"type-product","3":"status-publish","4":"has-post-thumbnail","6":"product_cat-alfombras-bilbao-tienda-decoracion-santutxu","7":"product_cat-alfombras-infatilesen-bilbao-tienda-decoracion-bilbao-santutxu","8":"product_cat-alfombras-lana-bilbao-tienda-decoracion-santutxu","9":"product_tag-alfombras","10":"product_tag-bilbao","11":"product_tag-brink-campman","12":"product_tag-decora-zone","13":"product_tag-decoracion","14":"product_tag-hogar","15":"product_tag-lana","16":"product_tag-santutxu","17":"pa_medida-120x180cm","18":"pa_medida-140x200cm","19":"pa_medida-90x150cm","21":"first","22":"outofstock","23":"shipping-taxable","24":"purchasable","25":"product-type-variable"},"yoast_head":"<!-- This site is optimized with the Yoast SEO plugin v27.5 - https:\/\/yoast.com\/product\/yoast-seo-wordpress\/ -->\n<title>Alfombra Scion Lintu Alfombra Scion Lintu - Decora-zone<\/title>\n<meta name=\"description\" content=\"Alfombra Scion Lintu de Pura Lana Virgen. Dise\u00f1ada por Brink &amp; Campman, uno de los fabricantes de alfombras m\u00e1s innovadores del mundo.En Decorzone de Bilbao\" \/>\n<meta name=\"robots\" content=\"index, follow, max-snippet:-1, max-image-preview:large, max-video-preview:-1\" \/>\n<link rel=\"canonical\" href=\"https:\/\/decora-zone.com\/producto\/alfombra-lintu\/\" \/>\n<meta property=\"og:locale\" content=\"en_US\" \/>\n<meta property=\"og:type\" content=\"article\" \/>\n<meta property=\"og:title\" content=\"Alfombra Scion Lintu Alfombra Scion Lintu - Decora-zone\" \/>\n<meta property=\"og:description\" content=\"Alfombra Scion Lintu de Pura Lana Virgen. Dise\u00f1ada por Brink &amp; Campman, uno de los fabricantes de alfombras m\u00e1s innovadores del mundo.En Decorzone de Bilbao\" \/>\n<meta property=\"og:url\" content=\"https:\/\/decora-zone.com\/producto\/alfombra-lintu\/\" \/>\n<meta property=\"og:site_name\" content=\"Decora-zone\" \/>\n<meta property=\"article:publisher\" content=\"https:\/\/www.facebook.com\/decorazone.bilbao\/\" \/>\n<meta property=\"article:modified_time\" content=\"2025-03-10T17:06:36+00:00\" \/>\n<meta property=\"og:image\" content=\"https:\/\/decora-zone.com\/wp-content\/uploads\/2019\/02\/lintu-dandelion-24405a.jpg\" \/>\n\t<meta property=\"og:image:width\" content=\"1366\" \/>\n\t<meta property=\"og:image:height\" content=\"1366\" \/>\n\t<meta property=\"og:image:type\" content=\"image\/jpeg\" \/>\n<meta name=\"twitter:label1\" content=\"Est. reading time\" \/>\n\t<meta name=\"twitter:data1\" content=\"1 minute\" \/>\n<script type=\"application\/ld+json\" class=\"yoast-schema-graph\">{\"@context\":\"https:\\\/\\\/schema.org\",\"@graph\":[{\"@type\":\"WebPage\",\"@id\":\"https:\\\/\\\/decora-zone.com\\\/producto\\\/alfombra-lintu\\\/\",\"url\":\"https:\\\/\\\/decora-zone.com\\\/producto\\\/alfombra-lintu\\\/\",\"name\":\"Alfombra Scion Lintu Alfombra Scion Lintu - Decora-zone\",\"isPartOf\":{\"@id\":\"https:\\\/\\\/decora-zone.com\\\/#website\"},\"primaryImageOfPage\":{\"@id\":\"https:\\\/\\\/decora-zone.com\\\/producto\\\/alfombra-lintu\\\/#primaryimage\"},\"image\":{\"@id\":\"https:\\\/\\\/decora-zone.com\\\/producto\\\/alfombra-lintu\\\/#primaryimage\"},\"thumbnailUrl\":\"https:\\\/\\\/decora-zone.com\\\/wp-content\\\/uploads\\\/2019\\\/02\\\/lintu-dandelion-24405a.jpg\",\"datePublished\":\"2019-02-05T10:03:23+00:00\",\"dateModified\":\"2025-03-10T17:06:36+00:00\",\"description\":\"Alfombra Scion Lintu de Pura Lana Virgen. Dise\u00f1ada por Brink & Campman, uno de los fabricantes de alfombras m\u00e1s innovadores del mundo.En Decorzone de Bilbao\",\"breadcrumb\":{\"@id\":\"https:\\\/\\\/decora-zone.com\\\/producto\\\/alfombra-lintu\\\/#breadcrumb\"},\"inLanguage\":\"en-US\",\"potentialAction\":[{\"@type\":\"ReadAction\",\"target\":[\"https:\\\/\\\/decora-zone.com\\\/producto\\\/alfombra-lintu\\\/\"]}]},{\"@type\":\"ImageObject\",\"inLanguage\":\"en-US\",\"@id\":\"https:\\\/\\\/decora-zone.com\\\/producto\\\/alfombra-lintu\\\/#primaryimage\",\"url\":\"https:\\\/\\\/decora-zone.com\\\/wp-content\\\/uploads\\\/2019\\\/02\\\/lintu-dandelion-24405a.jpg\",\"contentUrl\":\"https:\\\/\\\/decora-zone.com\\\/wp-content\\\/uploads\\\/2019\\\/02\\\/lintu-dandelion-24405a.jpg\",\"width\":1366,\"height\":1366,\"caption\":\"Alfombra Scion Lintu\"},{\"@type\":\"BreadcrumbList\",\"@id\":\"https:\\\/\\\/decora-zone.com\\\/producto\\\/alfombra-lintu\\\/#breadcrumb\",\"itemListElement\":[{\"@type\":\"ListItem\",\"position\":1,\"name\":\"Portada\",\"item\":\"https:\\\/\\\/decora-zone.com\\\/\"},{\"@type\":\"ListItem\",\"position\":2,\"name\":\"Productos\",\"item\":\"https:\\\/\\\/decora-zone.com\\\/tienda-alfombras-cortinas-bilbao\\\/\"},{\"@type\":\"ListItem\",\"position\":3,\"name\":\"Alfombra Scion Lintu\"}]},{\"@type\":\"WebSite\",\"@id\":\"https:\\\/\\\/decora-zone.com\\\/#website\",\"url\":\"https:\\\/\\\/decora-zone.com\\\/\",\"name\":\"Decora-zone\",\"description\":\"Especialistas en cortinas y alfombras de dise\u00f1o en Bilbao\",\"publisher\":{\"@id\":\"https:\\\/\\\/decora-zone.com\\\/#organization\"},\"potentialAction\":[{\"@type\":\"SearchAction\",\"target\":{\"@type\":\"EntryPoint\",\"urlTemplate\":\"https:\\\/\\\/decora-zone.com\\\/?s={search_term_string}\"},\"query-input\":{\"@type\":\"PropertyValueSpecification\",\"valueRequired\":true,\"valueName\":\"search_term_string\"}}],\"inLanguage\":\"en-US\"},{\"@type\":\"Organization\",\"@id\":\"https:\\\/\\\/decora-zone.com\\\/#organization\",\"name\":\"Decora-Zone Tienda de Decoraci\u00f3n en Bilbao\",\"url\":\"https:\\\/\\\/decora-zone.com\\\/\",\"logo\":{\"@type\":\"ImageObject\",\"inLanguage\":\"en-US\",\"@id\":\"https:\\\/\\\/decora-zone.com\\\/#\\\/schema\\\/logo\\\/image\\\/\",\"url\":\"https:\\\/\\\/decora-zone.com\\\/wp-content\\\/uploads\\\/2014\\\/02\\\/logotipo-decora-zone-alfombras-cortinas-decoracion-bilbao.jpg\",\"contentUrl\":\"https:\\\/\\\/decora-zone.com\\\/wp-content\\\/uploads\\\/2014\\\/02\\\/logotipo-decora-zone-alfombras-cortinas-decoracion-bilbao.jpg\",\"width\":484,\"height\":230,\"caption\":\"Decora-Zone Tienda de Decoraci\u00f3n en Bilbao\"},\"image\":{\"@id\":\"https:\\\/\\\/decora-zone.com\\\/#\\\/schema\\\/logo\\\/image\\\/\"},\"sameAs\":[\"https:\\\/\\\/www.facebook.com\\\/decorazone.bilbao\\\/\",\"https:\\\/\\\/www.instagram.com\\\/decora_zone_\\\/\",\"https:\\\/\\\/co.pinterest.com\\\/Decora_Zone\\\/\"]}]}<\/script>\n<!-- \/ Yoast SEO plugin. -->","yoast_head_json":{"title":"Alfombra Scion Lintu Alfombra Scion Lintu - Decora-zone","description":"Alfombra Scion Lintu de Pura Lana Virgen. Dise\u00f1ada por Brink & Campman, uno de los fabricantes de alfombras m\u00e1s innovadores del mundo.En Decorzone de Bilbao","robots":{"index":"index","follow":"follow","max-snippet":"max-snippet:-1","max-image-preview":"max-image-preview:large","max-video-preview":"max-video-preview:-1"},"canonical":"https:\/\/decora-zone.com\/producto\/alfombra-lintu\/","og_locale":"en_US","og_type":"article","og_title":"Alfombra Scion Lintu Alfombra Scion Lintu - Decora-zone","og_description":"Alfombra Scion Lintu de Pura Lana Virgen. Dise\u00f1ada por Brink & Campman, uno de los fabricantes de alfombras m\u00e1s innovadores del mundo.En Decorzone de Bilbao","og_url":"https:\/\/decora-zone.com\/producto\/alfombra-lintu\/","og_site_name":"Decora-zone","article_publisher":"https:\/\/www.facebook.com\/decorazone.bilbao\/","article_modified_time":"2025-03-10T17:06:36+00:00","og_image":[{"width":1366,"height":1366,"url":"https:\/\/decora-zone.com\/wp-content\/uploads\/2019\/02\/lintu-dandelion-24405a.jpg","type":"image\/jpeg"}],"twitter_misc":{"Est. reading time":"1 minute"},"schema":{"@context":"https:\/\/schema.org","@graph":[{"@type":"WebPage","@id":"https:\/\/decora-zone.com\/producto\/alfombra-lintu\/","url":"https:\/\/decora-zone.com\/producto\/alfombra-lintu\/","name":"Alfombra Scion Lintu Alfombra Scion Lintu - Decora-zone","isPartOf":{"@id":"https:\/\/decora-zone.com\/#website"},"primaryImageOfPage":{"@id":"https:\/\/decora-zone.com\/producto\/alfombra-lintu\/#primaryimage"},"image":{"@id":"https:\/\/decora-zone.com\/producto\/alfombra-lintu\/#primaryimage"},"thumbnailUrl":"https:\/\/decora-zone.com\/wp-content\/uploads\/2019\/02\/lintu-dandelion-24405a.jpg","datePublished":"2019-02-05T10:03:23+00:00","dateModified":"2025-03-10T17:06:36+00:00","description":"Alfombra Scion Lintu de Pura Lana Virgen. Dise\u00f1ada por Brink & Campman, uno de los fabricantes de alfombras m\u00e1s innovadores del mundo.En Decorzone de Bilbao","breadcrumb":{"@id":"https:\/\/decora-zone.com\/producto\/alfombra-lintu\/#breadcrumb"},"inLanguage":"en-US","potentialAction":[{"@type":"ReadAction","target":["https:\/\/decora-zone.com\/producto\/alfombra-lintu\/"]}]},{"@type":"ImageObject","inLanguage":"en-US","@id":"https:\/\/decora-zone.com\/producto\/alfombra-lintu\/#primaryimage","url":"https:\/\/decora-zone.com\/wp-content\/uploads\/2019\/02\/lintu-dandelion-24405a.jpg","contentUrl":"https:\/\/decora-zone.com\/wp-content\/uploads\/2019\/02\/lintu-dandelion-24405a.jpg","width":1366,"height":1366,"caption":"Alfombra Scion Lintu"},{"@type":"BreadcrumbList","@id":"https:\/\/decora-zone.com\/producto\/alfombra-lintu\/#breadcrumb","itemListElement":[{"@type":"ListItem","position":1,"name":"Portada","item":"https:\/\/decora-zone.com\/"},{"@type":"ListItem","position":2,"name":"Productos","item":"https:\/\/decora-zone.com\/tienda-alfombras-cortinas-bilbao\/"},{"@type":"ListItem","position":3,"name":"Alfombra Scion Lintu"}]},{"@type":"WebSite","@id":"https:\/\/decora-zone.com\/#website","url":"https:\/\/decora-zone.com\/","name":"Decora-zone","description":"Especialistas en cortinas y alfombras de dise\u00f1o en Bilbao","publisher":{"@id":"https:\/\/decora-zone.com\/#organization"},"potentialAction":[{"@type":"SearchAction","target":{"@type":"EntryPoint","urlTemplate":"https:\/\/decora-zone.com\/?s={search_term_string}"},"query-input":{"@type":"PropertyValueSpecification","valueRequired":true,"valueName":"search_term_string"}}],"inLanguage":"en-US"},{"@type":"Organization","@id":"https:\/\/decora-zone.com\/#organization","name":"Decora-Zone Tienda de Decoraci\u00f3n en Bilbao","url":"https:\/\/decora-zone.com\/","logo":{"@type":"ImageObject","inLanguage":"en-US","@id":"https:\/\/decora-zone.com\/#\/schema\/logo\/image\/","url":"https:\/\/decora-zone.com\/wp-content\/uploads\/2014\/02\/logotipo-decora-zone-alfombras-cortinas-decoracion-bilbao.jpg","contentUrl":"https:\/\/decora-zone.com\/wp-content\/uploads\/2014\/02\/logotipo-decora-zone-alfombras-cortinas-decoracion-bilbao.jpg","width":484,"height":230,"caption":"Decora-Zone Tienda de Decoraci\u00f3n en Bilbao"},"image":{"@id":"https:\/\/decora-zone.com\/#\/schema\/logo\/image\/"},"sameAs":["https:\/\/www.facebook.com\/decorazone.bilbao\/","https:\/\/www.instagram.com\/decora_zone_\/","https:\/\/co.pinterest.com\/Decora_Zone\/"]}]}},"_links":{"self":[{"href":"https:\/\/decora-zone.com\/en\/wp-json\/wp\/v2\/product\/3734","targetHints":{"allow":["GET"]}}],"collection":[{"href":"https:\/\/decora-zone.com\/en\/wp-json\/wp\/v2\/product"}],"about":[{"href":"https:\/\/decora-zone.com\/en\/wp-json\/wp\/v2\/types\/product"}],"replies":[{"embeddable":true,"href":"https:\/\/decora-zone.com\/en\/wp-json\/wp\/v2\/comments?post=3734"}],"wp:featuredmedia":[{"embeddable":true,"href":"https:\/\/decora-zone.com\/en\/wp-json\/wp\/v2\/media\/5923"}],"wp:attachment":[{"href":"https:\/\/decora-zone.com\/en\/wp-json\/wp\/v2\/media?parent=3734"}],"wp:term":[{"taxonomy":"product_brand","embeddable":true,"href":"https:\/\/decora-zone.com\/en\/wp-json\/wp\/v2\/product_brand?post=3734"},{"taxonomy":"product_cat","embeddable":true,"href":"https:\/\/decora-zone.com\/en\/wp-json\/wp\/v2\/product_cat?post=3734"},{"taxonomy":"product_tag","embeddable":true,"href":"https:\/\/decora-zone.com\/en\/wp-json\/wp\/v2\/product_tag?post=3734"}],"curies":[{"name":"wp","href":"https:\/\/api.w.org\/{rel}","templated":true}]}}