{"id":3422,"date":"2019-01-17T18:42:57","date_gmt":"2019-01-17T16:42:57","guid":{"rendered":"https:\/\/decora-zone.com\/?post_type=product&#038;p=3422"},"modified":"2025-07-29T16:54:54","modified_gmt":"2025-07-29T15:54:54","slug":"alfombra-sanderson-anthea-china-blue","status":"publish","type":"product","link":"https:\/\/decora-zone.com\/en\/producto\/alfombra-sanderson-anthea-china-blue\/","title":{"rendered":"Alfombra Sanderson Anthea china blue"},"content":{"rendered":"<h1><strong>Alfombra Sanderson Anthea china blue<\/strong><\/h1>\n<h2><strong>100% Pura Lana Virgen<\/strong><\/h2>\n<p>D\u00e9jate envolver por la delicadeza y la calma con la alfombra Sanderson Anthea China Blue, una pieza sublime de la prestigiosa colecci\u00f3n de Brink &amp; Campman. Inspirada en la serenidad de los jardines orientales y la reconocida est\u00e9tica de Sanderson, esta alfombra no es solo un elemento decorativo, sino una invitaci\u00f3n a la tranquilidad y la sofisticaci\u00f3n.<\/p>\n<p>Con su suave y refrescante fondo azul porcelana (China blue), la alfombra Anthea exhibe un dise\u00f1o exquisito de ramas intrincadas con delicadas flores de cerezo en tonos crudos y beige. Este patr\u00f3n atemporal, que evoca la belleza de la primavera, aporta una sensaci\u00f3n de ligereza y elegancia et\u00e9rea a cualquier espacio, creando un ambiente de paz y armon\u00eda.<\/p>\n<p>Dise\u00f1o exclusivo Sanderson que traduce los patrones bot\u00e1nicos y la paleta de sus colores distintiva\u00a0 complementando a la perfecci\u00f3n sus colecciones de telas y papeles pintados para crear una coherencia decorativa sin igual.<\/p>\n<p>A\u00f1ade un toque de elegancia atemporal y serenidad a tu hogar con la alfombra Anthea China Blue. \u00a1Una inversi\u00f3n en dise\u00f1o y confort que deleitar\u00e1 tus sentidos durante a\u00f1os!<\/p>\n<ul>\n<li><strong>Dise\u00f1o:\u00a0<\/strong>Floral<\/li>\n<li><strong>Material:\u00a0<\/strong>Lana<\/li>\n<li><strong>Altura del pelo: <\/strong>aproximadamente 12 mm<\/li>\n<li><strong>Altura total: <\/strong>aproximadamente 17 mm<\/li>\n<li><strong>Peso del pelo:<\/strong> aproximadamente2500gr\/m2<\/li>\n<li><strong>Peso total:<\/strong> aproximadamente 4500gr\/m2<\/li>\n<li><strong>Confecci\u00f3n:<\/strong> Copetudo a mano<\/li>\n<li><strong data-start=\"1049\" data-end=\"1060\">Reverso<\/strong>: Algod\u00f3n con l\u00e1tex, ideal para mayor estabilidad y durabilidad<\/li>\n<li><strong data-start=\"1265\" data-end=\"1289\">Formatos disponibles<\/strong>: 140&#215;200 cm, 170&#215;240 cm, 200&#215;280 cm, 250&#215;350 cm, t<em data-start=\"1397\" data-end=\"1438\">ambi\u00e9n disponible a medida bajo pedido<\/em><\/li>\n<\/ul>\n<h4>Consejos de Conservaci\u00f3n y Limpieza:<\/h4>\n<p>* Aspira regularmente la alfombra en direcci\u00f3n del pelo para eliminar el polvo y la suciedad superficial.<br \/>\n* Para manchas peque\u00f1as, l\u00edmpiala suavemente con un pa\u00f1o h\u00famedo y un detergente suave. Evita frotar en exceso para no da\u00f1ar las fibras.<br \/>\n* Se recomienda una limpieza profesional anual para mantener la alfombra en \u00f3ptimas condiciones y prolongar su vida \u00fatil.<br \/>\n* Evita la exposici\u00f3n directa y prolongada a la luz solar para prevenir la decoloraci\u00f3n.<\/p>\n<p>Plazo aproximado de entrega 5 semanas. Tama\u00f1os personalizados bajo pedido (m\u00ednimo 4m2) plazo aproximado de entrega 19 semanas<\/p>\n<p>Todas las medidas son aproximadas, puede haber una variaci\u00f3n de hasta un 5%<\/p>\n<p><strong>Si est\u00e1 interesado en alguno de nuestros art\u00edculos que est\u00e9n sin stock, puede reservarlos poni\u00e9ndose en <a href=\"http:\/\/decora-zone.com\/contacto-decora-zone-alfombras-cortinas-decoracion-bilbao\/\">contacto con nosotros<\/a>.<\/strong><\/p>\n","protected":false},"excerpt":{"rendered":"<h2><strong>100% Pura Lana Virgen<\/strong><\/h2>\n<p>D\u00e9jate envolver por la delicadeza y la calma con la alfombra Sanderson Anthea China Blue, una pieza sublime de la prestigiosa colecci\u00f3n de Brink &amp; Campman. Inspirada en la serenidad de los jardines orientales y la reconocida est\u00e9tica de Sanderson, esta alfombra no es solo un elemento decorativo, sino una invitaci\u00f3n a la tranquilidad y la sofisticaci\u00f3n.<\/p>\n<p>Con su suave y refrescante fondo azul porcelana (China blue), la alfombra Anthea exhibe un dise\u00f1o exquisito de ramas intrincadas con delicadas flores de cerezo en tonos crudos y beige. Este patr\u00f3n atemporal, que evoca la belleza de la primavera, aporta una sensaci\u00f3n de ligereza y elegancia et\u00e9rea a cualquier espacio, creando un ambiente de paz y armon\u00eda.<\/p>\n<p>Dise\u00f1o exclusivo Sanderson que traduce los patrones bot\u00e1nicos y la paleta de sus colores distintiva\u00a0 complementando a la perfecci\u00f3n sus colecciones de telas y papeles pintados para crear una coherencia decorativa sin igual.<\/p>\n<p>A\u00f1ade un toque de elegancia atemporal y serenidad a tu hogar con la alfombra Anthea China Blue. \u00a1Una inversi\u00f3n en dise\u00f1o y confort que deleitar\u00e1 tus sentidos durante a\u00f1os!<\/p>\n","protected":false},"featured_media":5580,"comment_status":"open","ping_status":"closed","template":"","meta":[],"product_brand":[],"product_cat":[21,57],"product_tag":[32,28,61,27,23,24,30,702,29],"class_list":{"0":"post-3422","1":"product","2":"type-product","3":"status-publish","4":"has-post-thumbnail","6":"product_cat-alfombras-bilbao-tienda-decoracion-santutxu","7":"product_cat-alfombras-lana-bilbao-tienda-decoracion-santutxu","8":"product_tag-alfombras","9":"product_tag-bilbao","10":"product_tag-brink-campman","11":"product_tag-decora-zone","12":"product_tag-decoracion","13":"product_tag-hogar","14":"product_tag-lana","15":"product_tag-sanderson","16":"product_tag-santutxu","17":"pa_medida-140x200cm","18":"pa_medida-170x240cm","19":"pa_medida-200x280cm","20":"pa_medida-250x350cm","22":"first","23":"outofstock","24":"shipping-taxable","25":"purchasable","26":"product-type-variable"},"yoast_head":"<!-- This site is optimized with the Yoast SEO plugin v27.5 - https:\/\/yoast.com\/product\/yoast-seo-wordpress\/ -->\n<title>Alfombra Sanderson Anthea china blue Alfombra Anthea - Decora-zone<\/title>\n<meta name=\"description\" content=\"Descubre la alfombra Sanderson Anthea China. 100% pura lana virgen, dise\u00f1o floral de ramas con flores de cerezo en fondo azul porcelana. Calidad premium\" \/>\n<meta name=\"robots\" content=\"index, follow, max-snippet:-1, max-image-preview:large, max-video-preview:-1\" \/>\n<link rel=\"canonical\" href=\"https:\/\/decora-zone.com\/producto\/alfombra-sanderson-anthea-china-blue\/\" \/>\n<meta property=\"og:locale\" content=\"en_US\" \/>\n<meta property=\"og:type\" content=\"article\" \/>\n<meta property=\"og:title\" content=\"Alfombra Sanderson Anthea china blue Alfombra Anthea - Decora-zone\" \/>\n<meta property=\"og:description\" content=\"Descubre la alfombra Sanderson Anthea China. 100% pura lana virgen, dise\u00f1o floral de ramas con flores de cerezo en fondo azul porcelana. Calidad premium\" \/>\n<meta property=\"og:url\" content=\"https:\/\/decora-zone.com\/producto\/alfombra-sanderson-anthea-china-blue\/\" \/>\n<meta property=\"og:site_name\" content=\"Decora-zone\" \/>\n<meta property=\"article:publisher\" content=\"https:\/\/www.facebook.com\/decorazone.bilbao\/\" \/>\n<meta property=\"article:modified_time\" content=\"2025-07-29T15:54:54+00:00\" \/>\n<meta property=\"og:image\" content=\"https:\/\/decora-zone.com\/wp-content\/uploads\/2019\/01\/Anthea-China-Blue-47107a.jpg\" \/>\n\t<meta property=\"og:image:width\" content=\"1100\" \/>\n\t<meta property=\"og:image:height\" content=\"1087\" \/>\n\t<meta property=\"og:image:type\" content=\"image\/jpeg\" \/>\n<meta name=\"twitter:label1\" content=\"Est. reading time\" \/>\n\t<meta name=\"twitter:data1\" content=\"2 minutes\" \/>\n<script type=\"application\/ld+json\" class=\"yoast-schema-graph\">{\"@context\":\"https:\\\/\\\/schema.org\",\"@graph\":[{\"@type\":\"WebPage\",\"@id\":\"https:\\\/\\\/decora-zone.com\\\/producto\\\/alfombra-sanderson-anthea-china-blue\\\/\",\"url\":\"https:\\\/\\\/decora-zone.com\\\/producto\\\/alfombra-sanderson-anthea-china-blue\\\/\",\"name\":\"Alfombra Sanderson Anthea china blue Alfombra Anthea - Decora-zone\",\"isPartOf\":{\"@id\":\"https:\\\/\\\/decora-zone.com\\\/#website\"},\"primaryImageOfPage\":{\"@id\":\"https:\\\/\\\/decora-zone.com\\\/producto\\\/alfombra-sanderson-anthea-china-blue\\\/#primaryimage\"},\"image\":{\"@id\":\"https:\\\/\\\/decora-zone.com\\\/producto\\\/alfombra-sanderson-anthea-china-blue\\\/#primaryimage\"},\"thumbnailUrl\":\"https:\\\/\\\/decora-zone.com\\\/wp-content\\\/uploads\\\/2019\\\/01\\\/Anthea-China-Blue-47107a.jpg\",\"datePublished\":\"2019-01-17T16:42:57+00:00\",\"dateModified\":\"2025-07-29T15:54:54+00:00\",\"description\":\"Descubre la alfombra Sanderson Anthea China. 100% pura lana virgen, dise\u00f1o floral de ramas con flores de cerezo en fondo azul porcelana. Calidad premium\",\"breadcrumb\":{\"@id\":\"https:\\\/\\\/decora-zone.com\\\/producto\\\/alfombra-sanderson-anthea-china-blue\\\/#breadcrumb\"},\"inLanguage\":\"en-US\",\"potentialAction\":[{\"@type\":\"ReadAction\",\"target\":[\"https:\\\/\\\/decora-zone.com\\\/producto\\\/alfombra-sanderson-anthea-china-blue\\\/\"]}]},{\"@type\":\"ImageObject\",\"inLanguage\":\"en-US\",\"@id\":\"https:\\\/\\\/decora-zone.com\\\/producto\\\/alfombra-sanderson-anthea-china-blue\\\/#primaryimage\",\"url\":\"https:\\\/\\\/decora-zone.com\\\/wp-content\\\/uploads\\\/2019\\\/01\\\/Anthea-China-Blue-47107a.jpg\",\"contentUrl\":\"https:\\\/\\\/decora-zone.com\\\/wp-content\\\/uploads\\\/2019\\\/01\\\/Anthea-China-Blue-47107a.jpg\",\"width\":1100,\"height\":1087,\"caption\":\"Alfombra de lana de Nueva Zelanda de Brink & Campman de la colecci\u00f3n Sanderson en Decora-Zone de Bilbao\"},{\"@type\":\"BreadcrumbList\",\"@id\":\"https:\\\/\\\/decora-zone.com\\\/producto\\\/alfombra-sanderson-anthea-china-blue\\\/#breadcrumb\",\"itemListElement\":[{\"@type\":\"ListItem\",\"position\":1,\"name\":\"Portada\",\"item\":\"https:\\\/\\\/decora-zone.com\\\/\"},{\"@type\":\"ListItem\",\"position\":2,\"name\":\"Productos\",\"item\":\"https:\\\/\\\/decora-zone.com\\\/tienda-alfombras-cortinas-bilbao\\\/\"},{\"@type\":\"ListItem\",\"position\":3,\"name\":\"Alfombra Sanderson Anthea china blue\"}]},{\"@type\":\"WebSite\",\"@id\":\"https:\\\/\\\/decora-zone.com\\\/#website\",\"url\":\"https:\\\/\\\/decora-zone.com\\\/\",\"name\":\"Decora-zone\",\"description\":\"Especialistas en cortinas y alfombras de dise\u00f1o en Bilbao\",\"publisher\":{\"@id\":\"https:\\\/\\\/decora-zone.com\\\/#organization\"},\"potentialAction\":[{\"@type\":\"SearchAction\",\"target\":{\"@type\":\"EntryPoint\",\"urlTemplate\":\"https:\\\/\\\/decora-zone.com\\\/?s={search_term_string}\"},\"query-input\":{\"@type\":\"PropertyValueSpecification\",\"valueRequired\":true,\"valueName\":\"search_term_string\"}}],\"inLanguage\":\"en-US\"},{\"@type\":\"Organization\",\"@id\":\"https:\\\/\\\/decora-zone.com\\\/#organization\",\"name\":\"Decora-Zone Tienda de Decoraci\u00f3n en Bilbao\",\"url\":\"https:\\\/\\\/decora-zone.com\\\/\",\"logo\":{\"@type\":\"ImageObject\",\"inLanguage\":\"en-US\",\"@id\":\"https:\\\/\\\/decora-zone.com\\\/#\\\/schema\\\/logo\\\/image\\\/\",\"url\":\"https:\\\/\\\/decora-zone.com\\\/wp-content\\\/uploads\\\/2014\\\/02\\\/logotipo-decora-zone-alfombras-cortinas-decoracion-bilbao.jpg\",\"contentUrl\":\"https:\\\/\\\/decora-zone.com\\\/wp-content\\\/uploads\\\/2014\\\/02\\\/logotipo-decora-zone-alfombras-cortinas-decoracion-bilbao.jpg\",\"width\":484,\"height\":230,\"caption\":\"Decora-Zone Tienda de Decoraci\u00f3n en Bilbao\"},\"image\":{\"@id\":\"https:\\\/\\\/decora-zone.com\\\/#\\\/schema\\\/logo\\\/image\\\/\"},\"sameAs\":[\"https:\\\/\\\/www.facebook.com\\\/decorazone.bilbao\\\/\",\"https:\\\/\\\/www.instagram.com\\\/decora_zone_\\\/\",\"https:\\\/\\\/co.pinterest.com\\\/Decora_Zone\\\/\"]}]}<\/script>\n<!-- \/ Yoast SEO plugin. -->","yoast_head_json":{"title":"Alfombra Sanderson Anthea china blue Alfombra Anthea - Decora-zone","description":"Descubre la alfombra Sanderson Anthea China. 100% pura lana virgen, dise\u00f1o floral de ramas con flores de cerezo en fondo azul porcelana. Calidad premium","robots":{"index":"index","follow":"follow","max-snippet":"max-snippet:-1","max-image-preview":"max-image-preview:large","max-video-preview":"max-video-preview:-1"},"canonical":"https:\/\/decora-zone.com\/producto\/alfombra-sanderson-anthea-china-blue\/","og_locale":"en_US","og_type":"article","og_title":"Alfombra Sanderson Anthea china blue Alfombra Anthea - Decora-zone","og_description":"Descubre la alfombra Sanderson Anthea China. 100% pura lana virgen, dise\u00f1o floral de ramas con flores de cerezo en fondo azul porcelana. Calidad premium","og_url":"https:\/\/decora-zone.com\/producto\/alfombra-sanderson-anthea-china-blue\/","og_site_name":"Decora-zone","article_publisher":"https:\/\/www.facebook.com\/decorazone.bilbao\/","article_modified_time":"2025-07-29T15:54:54+00:00","og_image":[{"width":1100,"height":1087,"url":"https:\/\/decora-zone.com\/wp-content\/uploads\/2019\/01\/Anthea-China-Blue-47107a.jpg","type":"image\/jpeg"}],"twitter_misc":{"Est. reading time":"2 minutes"},"schema":{"@context":"https:\/\/schema.org","@graph":[{"@type":"WebPage","@id":"https:\/\/decora-zone.com\/producto\/alfombra-sanderson-anthea-china-blue\/","url":"https:\/\/decora-zone.com\/producto\/alfombra-sanderson-anthea-china-blue\/","name":"Alfombra Sanderson Anthea china blue Alfombra Anthea - Decora-zone","isPartOf":{"@id":"https:\/\/decora-zone.com\/#website"},"primaryImageOfPage":{"@id":"https:\/\/decora-zone.com\/producto\/alfombra-sanderson-anthea-china-blue\/#primaryimage"},"image":{"@id":"https:\/\/decora-zone.com\/producto\/alfombra-sanderson-anthea-china-blue\/#primaryimage"},"thumbnailUrl":"https:\/\/decora-zone.com\/wp-content\/uploads\/2019\/01\/Anthea-China-Blue-47107a.jpg","datePublished":"2019-01-17T16:42:57+00:00","dateModified":"2025-07-29T15:54:54+00:00","description":"Descubre la alfombra Sanderson Anthea China. 100% pura lana virgen, dise\u00f1o floral de ramas con flores de cerezo en fondo azul porcelana. Calidad premium","breadcrumb":{"@id":"https:\/\/decora-zone.com\/producto\/alfombra-sanderson-anthea-china-blue\/#breadcrumb"},"inLanguage":"en-US","potentialAction":[{"@type":"ReadAction","target":["https:\/\/decora-zone.com\/producto\/alfombra-sanderson-anthea-china-blue\/"]}]},{"@type":"ImageObject","inLanguage":"en-US","@id":"https:\/\/decora-zone.com\/producto\/alfombra-sanderson-anthea-china-blue\/#primaryimage","url":"https:\/\/decora-zone.com\/wp-content\/uploads\/2019\/01\/Anthea-China-Blue-47107a.jpg","contentUrl":"https:\/\/decora-zone.com\/wp-content\/uploads\/2019\/01\/Anthea-China-Blue-47107a.jpg","width":1100,"height":1087,"caption":"Alfombra de lana de Nueva Zelanda de Brink & Campman de la colecci\u00f3n Sanderson en Decora-Zone de Bilbao"},{"@type":"BreadcrumbList","@id":"https:\/\/decora-zone.com\/producto\/alfombra-sanderson-anthea-china-blue\/#breadcrumb","itemListElement":[{"@type":"ListItem","position":1,"name":"Portada","item":"https:\/\/decora-zone.com\/"},{"@type":"ListItem","position":2,"name":"Productos","item":"https:\/\/decora-zone.com\/tienda-alfombras-cortinas-bilbao\/"},{"@type":"ListItem","position":3,"name":"Alfombra Sanderson Anthea china blue"}]},{"@type":"WebSite","@id":"https:\/\/decora-zone.com\/#website","url":"https:\/\/decora-zone.com\/","name":"Decora-zone","description":"Especialistas en cortinas y alfombras de dise\u00f1o en Bilbao","publisher":{"@id":"https:\/\/decora-zone.com\/#organization"},"potentialAction":[{"@type":"SearchAction","target":{"@type":"EntryPoint","urlTemplate":"https:\/\/decora-zone.com\/?s={search_term_string}"},"query-input":{"@type":"PropertyValueSpecification","valueRequired":true,"valueName":"search_term_string"}}],"inLanguage":"en-US"},{"@type":"Organization","@id":"https:\/\/decora-zone.com\/#organization","name":"Decora-Zone Tienda de Decoraci\u00f3n en Bilbao","url":"https:\/\/decora-zone.com\/","logo":{"@type":"ImageObject","inLanguage":"en-US","@id":"https:\/\/decora-zone.com\/#\/schema\/logo\/image\/","url":"https:\/\/decora-zone.com\/wp-content\/uploads\/2014\/02\/logotipo-decora-zone-alfombras-cortinas-decoracion-bilbao.jpg","contentUrl":"https:\/\/decora-zone.com\/wp-content\/uploads\/2014\/02\/logotipo-decora-zone-alfombras-cortinas-decoracion-bilbao.jpg","width":484,"height":230,"caption":"Decora-Zone Tienda de Decoraci\u00f3n en Bilbao"},"image":{"@id":"https:\/\/decora-zone.com\/#\/schema\/logo\/image\/"},"sameAs":["https:\/\/www.facebook.com\/decorazone.bilbao\/","https:\/\/www.instagram.com\/decora_zone_\/","https:\/\/co.pinterest.com\/Decora_Zone\/"]}]}},"_links":{"self":[{"href":"https:\/\/decora-zone.com\/en\/wp-json\/wp\/v2\/product\/3422","targetHints":{"allow":["GET"]}}],"collection":[{"href":"https:\/\/decora-zone.com\/en\/wp-json\/wp\/v2\/product"}],"about":[{"href":"https:\/\/decora-zone.com\/en\/wp-json\/wp\/v2\/types\/product"}],"replies":[{"embeddable":true,"href":"https:\/\/decora-zone.com\/en\/wp-json\/wp\/v2\/comments?post=3422"}],"wp:featuredmedia":[{"embeddable":true,"href":"https:\/\/decora-zone.com\/en\/wp-json\/wp\/v2\/media\/5580"}],"wp:attachment":[{"href":"https:\/\/decora-zone.com\/en\/wp-json\/wp\/v2\/media?parent=3422"}],"wp:term":[{"taxonomy":"product_brand","embeddable":true,"href":"https:\/\/decora-zone.com\/en\/wp-json\/wp\/v2\/product_brand?post=3422"},{"taxonomy":"product_cat","embeddable":true,"href":"https:\/\/decora-zone.com\/en\/wp-json\/wp\/v2\/product_cat?post=3422"},{"taxonomy":"product_tag","embeddable":true,"href":"https:\/\/decora-zone.com\/en\/wp-json\/wp\/v2\/product_tag?post=3422"}],"curies":[{"name":"wp","href":"https:\/\/api.w.org\/{rel}","templated":true}]}}