{"id":3400,"date":"2019-01-16T20:45:53","date_gmt":"2019-01-16T18:45:53","guid":{"rendered":"https:\/\/decora-zone.com\/?post_type=product&#038;p=3400"},"modified":"2025-10-27T19:21:29","modified_gmt":"2025-10-27T18:21:29","slug":"alfombra-sanderson-abstract-brink-campman","status":"publish","type":"product","link":"https:\/\/decora-zone.com\/en\/producto\/alfombra-sanderson-abstract-brink-campman\/","title":{"rendered":"Alfombra Sanderson Abstract"},"content":{"rendered":"<h1><strong>Alfombra Sanderson Abstract\u00a0<\/strong><\/h1>\n<h2><strong>100% Pura Lana Virgen<\/strong><\/h2>\n<p>Transforma tus espacios con la audacia y sofisticaci\u00f3n de la <strong>alfombra Sanderson<\/strong> <b>Abstract<\/b> de <b>Brink &amp; Campman<\/b>, una pieza destacada de la exclusiva colecci\u00f3n <b>Sanderson<\/b>. Este dise\u00f1o contempor\u00e1neo es la elecci\u00f3n perfecta para quienes buscan un elemento distintivo que combine arte, confort y funcionalidad.<\/p>\n<p>La alfombra <b>Abstract<\/b> presenta un fascinante patr\u00f3n de <b>bloques de color y formas abstractas<\/b> que recuerdan a una composici\u00f3n art\u00edstica moderna. Sus tonos neutros de gris y crudo se fusionan armoniosamente con un toque vibrante de mostaza, creando una pieza vers\u00e1til que complementa tanto decoraciones minimalistas como ambientes m\u00e1s ecl\u00e9cticos. Ideal para salones, comedores, estudios o dormitorios donde se desee un impacto visual elegante y actual.<\/p>\n<h4><b>Artesan\u00eda Superior y Materiales Exquisitos<\/b><\/h4>\n<p>Cada alfombra <b>Abstract<\/b> es fruto de una meticulosa labor <b>hecha a mano<\/b>, reflejando el compromiso de Brink &amp; Campman con la excelencia y la innovaci\u00f3n en la fabricaci\u00f3n de alfombras. Esta pieza fabricada en pura lana virgen ofrece resistencia, calidez,\u00a0una textura rica, un tacto inigualable y una durabilidad garantizada.<\/p>\n<p>Como parte de la colecci\u00f3n <b>Sanderson<\/b>, una marca brit\u00e1nica ic\u00f3nica con m\u00e1s de 160 a\u00f1os de historia, la alfombra <b>Abstract<\/b> encapsula la esencia de la marca: dise\u00f1os atemporales con un toque fresco y contempor\u00e1neo, que a\u00f1aden una elegancia discreta y un car\u00e1cter \u00fanico a cualquier hogar.<\/p>\n<h3 data-start=\"409\" data-end=\"476\"><strong data-start=\"416\" data-end=\"476\">Por qu\u00e9 elegir una alfombra Sanderson de Brink &amp; Campman<\/strong><\/h3>\n<p data-start=\"478\" data-end=\"991\">Elegir una <strong data-start=\"489\" data-end=\"530\">alfombra Sanderson de Brink &amp; Campman<\/strong> es apostar por la uni\u00f3n perfecta entre arte, calidad y tradici\u00f3n. Cada pieza se elabora <strong data-start=\"619\" data-end=\"629\">a mano<\/strong> con materiales naturales como <strong data-start=\"660\" data-end=\"685\">lana virgen y viscosa<\/strong>, garantizando suavidad, durabilidad y un acabado exquisito. Inspiradas en la belleza del dise\u00f1o brit\u00e1nico y en la armon\u00eda de la naturaleza, las alfombras Sanderson transforman cualquier espacio en un entorno c\u00e1lido, elegante y lleno de car\u00e1cter. Una inversi\u00f3n en confort y estilo que perdura en el tiempo.<\/p>\n<h3 data-start=\"478\" data-end=\"991\"><strong>Caracter\u00edsticas t\u00e9cnicas:<\/strong><\/h3>\n<ul>\n<li data-start=\"1741\" data-end=\"1802\">\n<p data-start=\"1743\" data-end=\"1802\"><strong data-start=\"1743\" data-end=\"1754\">Dise\u00f1o:<\/strong> Abstract Linden Silver (Colecci\u00f3n Sanderson)<\/p>\n<\/li>\n<li data-start=\"1803\" data-end=\"1838\">\n<p data-start=\"1805\" data-end=\"1838\"><strong data-start=\"1805\" data-end=\"1820\">Fabricante:<\/strong> Brink &amp; Campman<\/p>\n<\/li>\n<li data-start=\"1839\" data-end=\"1878\">\n<p data-start=\"1841\" data-end=\"1878\"><strong data-start=\"1841\" data-end=\"1854\">Material:<\/strong> Lana virgen<\/p>\n<\/li>\n<li data-start=\"1879\" data-end=\"1912\">\n<p data-start=\"1881\" data-end=\"1912\"><strong data-start=\"1881\" data-end=\"1897\">Fabricaci\u00f3n:<\/strong> Hecha a mano<\/p>\n<\/li>\n<li data-start=\"1913\" data-end=\"1950\">\n<p data-start=\"1915\" data-end=\"1950\"><strong data-start=\"1915\" data-end=\"1935\">Altura del pelo:<\/strong> aprox. 12 mm<\/p>\n<\/li>\n<li data-start=\"1951\" data-end=\"1985\">\n<p data-start=\"1953\" data-end=\"1985\"><strong data-start=\"1953\" data-end=\"1970\">Altura total:<\/strong> aprox. 17 mm<\/p>\n<\/li>\n<li data-start=\"1986\" data-end=\"2022\">\n<p data-start=\"1988\" data-end=\"2022\"><strong data-start=\"1988\" data-end=\"2003\">Peso total:<\/strong> aprox. 4500 g\/m\u00b2<\/p>\n<\/li>\n<li data-start=\"2023\" data-end=\"2055\">\n<p data-start=\"2025\" data-end=\"2055\"><strong data-start=\"2025\" data-end=\"2037\">Reverso:<\/strong> Algod\u00f3n + l\u00e1tex<\/p>\n<\/li>\n<li data-start=\"2056\" data-end=\"2134\">\n<p data-start=\"2058\" data-end=\"2134\"><strong data-start=\"2058\" data-end=\"2082\">Medidas disponibles:<\/strong> 140&#215;200 cm | 170&#215;240 cm | 200&#215;280 cm | 250&#215;350 cm<\/p>\n<\/li>\n<li data-start=\"2135\" data-end=\"2190\">\n<p data-start=\"2137\" data-end=\"2190\"><strong data-start=\"2137\" data-end=\"2164\">Tama\u00f1os personalizados:<\/strong> disponibles bajo pedido (m\u00ednimo 4m2) plazo aproximado de entrega 19 semanas<\/p>\n<\/li>\n<li data-start=\"2191\" data-end=\"2233\">\n<p data-start=\"2193\" data-end=\"2233\"><strong data-start=\"2193\" data-end=\"2214\">Plazo de entrega:<\/strong> aprox. 5 semanas<\/p>\n<\/li>\n<li data-start=\"2191\" data-end=\"2233\">Todas las medidas son aproximadas, puede haber una variaci\u00f3n de hasta un 5%<\/li>\n<\/ul>\n<p><strong>Si est\u00e1 interesado en alguno de nuestros art\u00edculos que est\u00e9n sin stock, puede reservarlos poni\u00e9ndose en <a href=\"http:\/\/decora-zone.com\/contacto-decora-zone-alfombras-cortinas-decoracion-bilbao\/\">contacto con nosotros<\/a>.<\/strong><\/p>\n","protected":false},"excerpt":{"rendered":"<h2><strong>100% Pura Lana Virgen<\/strong><\/h2>\n<p>Transforma tus espacios con la audacia y sofisticaci\u00f3n de la <strong>alfombra Sanderson<\/strong> <b>Abstract<\/b> de <b>Brink &amp; Campman<\/b>, una pieza destacada de la exclusiva colecci\u00f3n <b>Sanderson<\/b>. Este dise\u00f1o contempor\u00e1neo es la elecci\u00f3n perfecta para quienes buscan un elemento distintivo que combine arte, confort y funcionalidad.<\/p>\n<p>La alfombra <b>Abstract<\/b> presenta un fascinante patr\u00f3n de <b>bloques de color y formas abstractas<\/b> que recuerdan a una composici\u00f3n art\u00edstica moderna. Sus tonos neutros de gris y crudo se fusionan armoniosamente con un toque vibrante de mostaza, creando una pieza vers\u00e1til que complementa tanto decoraciones minimalistas como ambientes m\u00e1s ecl\u00e9cticos. Ideal para salones, comedores, estudios o dormitorios donde se desee un impacto visual elegante y actual.<\/p>\n","protected":false},"featured_media":5380,"comment_status":"open","ping_status":"closed","template":"","meta":[],"product_brand":[],"product_cat":[21,57],"product_tag":[1179,1007,1178,32,28,61,27,23,24,30,702,29],"class_list":{"0":"post-3400","1":"product","2":"type-product","3":"status-publish","4":"has-post-thumbnail","6":"product_cat-alfombras-bilbao-tienda-decoracion-santutxu","7":"product_cat-alfombras-lana-bilbao-tienda-decoracion-santutxu","8":"product_tag-alfombra-abstract","9":"product_tag-alfombra-moderna","10":"product_tag-alfombra-sanderson","11":"product_tag-alfombras","12":"product_tag-bilbao","13":"product_tag-brink-campman","14":"product_tag-decora-zone","15":"product_tag-decoracion","16":"product_tag-hogar","17":"product_tag-lana","18":"product_tag-sanderson","19":"product_tag-santutxu","20":"pa_medida-140x200cm","21":"pa_medida-170x240cm","22":"pa_medida-200x280cm","23":"pa_medida-250x350cm","25":"first","26":"outofstock","27":"shipping-taxable","28":"purchasable","29":"product-type-variable"},"yoast_head":"<!-- This site is optimized with the Yoast SEO plugin v27.5 - https:\/\/yoast.com\/product\/yoast-seo-wordpress\/ -->\n<title>Alfombra Sanderson Abstract Alfombra Abstract - Decora-zone<\/title>\n<meta name=\"description\" content=\"lfombra Abstract de la colecci\u00f3n Sanderson, dise\u00f1ada por Brink &amp; Campman. Hecha a mano en lana, combina arte contempor\u00e1neo, suavidad y elegancia natural.\" \/>\n<meta name=\"robots\" content=\"index, follow, max-snippet:-1, max-image-preview:large, max-video-preview:-1\" \/>\n<link rel=\"canonical\" href=\"https:\/\/decora-zone.com\/producto\/alfombra-sanderson-abstract-brink-campman\/\" \/>\n<meta property=\"og:locale\" content=\"en_US\" \/>\n<meta property=\"og:type\" content=\"article\" \/>\n<meta property=\"og:title\" content=\"Alfombra Sanderson Abstract Alfombra Abstract - Decora-zone\" \/>\n<meta property=\"og:description\" content=\"lfombra Abstract de la colecci\u00f3n Sanderson, dise\u00f1ada por Brink &amp; Campman. Hecha a mano en lana, combina arte contempor\u00e1neo, suavidad y elegancia natural.\" \/>\n<meta property=\"og:url\" content=\"https:\/\/decora-zone.com\/producto\/alfombra-sanderson-abstract-brink-campman\/\" \/>\n<meta property=\"og:site_name\" content=\"Decora-zone\" \/>\n<meta property=\"article:publisher\" content=\"https:\/\/www.facebook.com\/decorazone.bilbao\/\" \/>\n<meta property=\"article:modified_time\" content=\"2025-10-27T18:21:29+00:00\" \/>\n<meta property=\"og:image\" content=\"https:\/\/decora-zone.com\/wp-content\/uploads\/2019\/01\/Abstract-linden-454011a.jpg\" \/>\n\t<meta property=\"og:image:width\" content=\"1100\" \/>\n\t<meta property=\"og:image:height\" content=\"1466\" \/>\n\t<meta property=\"og:image:type\" content=\"image\/jpeg\" \/>\n<meta name=\"twitter:label1\" content=\"Est. reading time\" \/>\n\t<meta name=\"twitter:data1\" content=\"3 minutes\" \/>\n<script type=\"application\/ld+json\" class=\"yoast-schema-graph\">{\"@context\":\"https:\\\/\\\/schema.org\",\"@graph\":[{\"@type\":\"WebPage\",\"@id\":\"https:\\\/\\\/decora-zone.com\\\/producto\\\/alfombra-sanderson-abstract-brink-campman\\\/\",\"url\":\"https:\\\/\\\/decora-zone.com\\\/producto\\\/alfombra-sanderson-abstract-brink-campman\\\/\",\"name\":\"Alfombra Sanderson Abstract Alfombra Abstract - Decora-zone\",\"isPartOf\":{\"@id\":\"https:\\\/\\\/decora-zone.com\\\/#website\"},\"primaryImageOfPage\":{\"@id\":\"https:\\\/\\\/decora-zone.com\\\/producto\\\/alfombra-sanderson-abstract-brink-campman\\\/#primaryimage\"},\"image\":{\"@id\":\"https:\\\/\\\/decora-zone.com\\\/producto\\\/alfombra-sanderson-abstract-brink-campman\\\/#primaryimage\"},\"thumbnailUrl\":\"https:\\\/\\\/decora-zone.com\\\/wp-content\\\/uploads\\\/2019\\\/01\\\/Abstract-linden-454011a.jpg\",\"datePublished\":\"2019-01-16T18:45:53+00:00\",\"dateModified\":\"2025-10-27T18:21:29+00:00\",\"description\":\"lfombra Abstract de la colecci\u00f3n Sanderson, dise\u00f1ada por Brink & Campman. Hecha a mano en lana, combina arte contempor\u00e1neo, suavidad y elegancia natural.\",\"breadcrumb\":{\"@id\":\"https:\\\/\\\/decora-zone.com\\\/producto\\\/alfombra-sanderson-abstract-brink-campman\\\/#breadcrumb\"},\"inLanguage\":\"en-US\",\"potentialAction\":[{\"@type\":\"ReadAction\",\"target\":[\"https:\\\/\\\/decora-zone.com\\\/producto\\\/alfombra-sanderson-abstract-brink-campman\\\/\"]}]},{\"@type\":\"ImageObject\",\"inLanguage\":\"en-US\",\"@id\":\"https:\\\/\\\/decora-zone.com\\\/producto\\\/alfombra-sanderson-abstract-brink-campman\\\/#primaryimage\",\"url\":\"https:\\\/\\\/decora-zone.com\\\/wp-content\\\/uploads\\\/2019\\\/01\\\/Abstract-linden-454011a.jpg\",\"contentUrl\":\"https:\\\/\\\/decora-zone.com\\\/wp-content\\\/uploads\\\/2019\\\/01\\\/Abstract-linden-454011a.jpg\",\"width\":1100,\"height\":1466,\"caption\":\"Alfombra Abstract\"},{\"@type\":\"BreadcrumbList\",\"@id\":\"https:\\\/\\\/decora-zone.com\\\/producto\\\/alfombra-sanderson-abstract-brink-campman\\\/#breadcrumb\",\"itemListElement\":[{\"@type\":\"ListItem\",\"position\":1,\"name\":\"Portada\",\"item\":\"https:\\\/\\\/decora-zone.com\\\/\"},{\"@type\":\"ListItem\",\"position\":2,\"name\":\"Productos\",\"item\":\"https:\\\/\\\/decora-zone.com\\\/tienda-alfombras-cortinas-bilbao\\\/\"},{\"@type\":\"ListItem\",\"position\":3,\"name\":\"Alfombra Sanderson Abstract\"}]},{\"@type\":\"WebSite\",\"@id\":\"https:\\\/\\\/decora-zone.com\\\/#website\",\"url\":\"https:\\\/\\\/decora-zone.com\\\/\",\"name\":\"Decora-zone\",\"description\":\"Especialistas en cortinas y alfombras de dise\u00f1o en Bilbao\",\"publisher\":{\"@id\":\"https:\\\/\\\/decora-zone.com\\\/#organization\"},\"potentialAction\":[{\"@type\":\"SearchAction\",\"target\":{\"@type\":\"EntryPoint\",\"urlTemplate\":\"https:\\\/\\\/decora-zone.com\\\/?s={search_term_string}\"},\"query-input\":{\"@type\":\"PropertyValueSpecification\",\"valueRequired\":true,\"valueName\":\"search_term_string\"}}],\"inLanguage\":\"en-US\"},{\"@type\":\"Organization\",\"@id\":\"https:\\\/\\\/decora-zone.com\\\/#organization\",\"name\":\"Decora-Zone Tienda de Decoraci\u00f3n en Bilbao\",\"url\":\"https:\\\/\\\/decora-zone.com\\\/\",\"logo\":{\"@type\":\"ImageObject\",\"inLanguage\":\"en-US\",\"@id\":\"https:\\\/\\\/decora-zone.com\\\/#\\\/schema\\\/logo\\\/image\\\/\",\"url\":\"https:\\\/\\\/decora-zone.com\\\/wp-content\\\/uploads\\\/2014\\\/02\\\/logotipo-decora-zone-alfombras-cortinas-decoracion-bilbao.jpg\",\"contentUrl\":\"https:\\\/\\\/decora-zone.com\\\/wp-content\\\/uploads\\\/2014\\\/02\\\/logotipo-decora-zone-alfombras-cortinas-decoracion-bilbao.jpg\",\"width\":484,\"height\":230,\"caption\":\"Decora-Zone Tienda de Decoraci\u00f3n en Bilbao\"},\"image\":{\"@id\":\"https:\\\/\\\/decora-zone.com\\\/#\\\/schema\\\/logo\\\/image\\\/\"},\"sameAs\":[\"https:\\\/\\\/www.facebook.com\\\/decorazone.bilbao\\\/\",\"https:\\\/\\\/www.instagram.com\\\/decora_zone_\\\/\",\"https:\\\/\\\/co.pinterest.com\\\/Decora_Zone\\\/\"]}]}<\/script>\n<!-- \/ Yoast SEO plugin. -->","yoast_head_json":{"title":"Alfombra Sanderson Abstract Alfombra Abstract - Decora-zone","description":"lfombra Abstract de la colecci\u00f3n Sanderson, dise\u00f1ada por Brink & Campman. Hecha a mano en lana, combina arte contempor\u00e1neo, suavidad y elegancia natural.","robots":{"index":"index","follow":"follow","max-snippet":"max-snippet:-1","max-image-preview":"max-image-preview:large","max-video-preview":"max-video-preview:-1"},"canonical":"https:\/\/decora-zone.com\/producto\/alfombra-sanderson-abstract-brink-campman\/","og_locale":"en_US","og_type":"article","og_title":"Alfombra Sanderson Abstract Alfombra Abstract - Decora-zone","og_description":"lfombra Abstract de la colecci\u00f3n Sanderson, dise\u00f1ada por Brink & Campman. Hecha a mano en lana, combina arte contempor\u00e1neo, suavidad y elegancia natural.","og_url":"https:\/\/decora-zone.com\/producto\/alfombra-sanderson-abstract-brink-campman\/","og_site_name":"Decora-zone","article_publisher":"https:\/\/www.facebook.com\/decorazone.bilbao\/","article_modified_time":"2025-10-27T18:21:29+00:00","og_image":[{"width":1100,"height":1466,"url":"https:\/\/decora-zone.com\/wp-content\/uploads\/2019\/01\/Abstract-linden-454011a.jpg","type":"image\/jpeg"}],"twitter_misc":{"Est. reading time":"3 minutes"},"schema":{"@context":"https:\/\/schema.org","@graph":[{"@type":"WebPage","@id":"https:\/\/decora-zone.com\/producto\/alfombra-sanderson-abstract-brink-campman\/","url":"https:\/\/decora-zone.com\/producto\/alfombra-sanderson-abstract-brink-campman\/","name":"Alfombra Sanderson Abstract Alfombra Abstract - Decora-zone","isPartOf":{"@id":"https:\/\/decora-zone.com\/#website"},"primaryImageOfPage":{"@id":"https:\/\/decora-zone.com\/producto\/alfombra-sanderson-abstract-brink-campman\/#primaryimage"},"image":{"@id":"https:\/\/decora-zone.com\/producto\/alfombra-sanderson-abstract-brink-campman\/#primaryimage"},"thumbnailUrl":"https:\/\/decora-zone.com\/wp-content\/uploads\/2019\/01\/Abstract-linden-454011a.jpg","datePublished":"2019-01-16T18:45:53+00:00","dateModified":"2025-10-27T18:21:29+00:00","description":"lfombra Abstract de la colecci\u00f3n Sanderson, dise\u00f1ada por Brink & Campman. Hecha a mano en lana, combina arte contempor\u00e1neo, suavidad y elegancia natural.","breadcrumb":{"@id":"https:\/\/decora-zone.com\/producto\/alfombra-sanderson-abstract-brink-campman\/#breadcrumb"},"inLanguage":"en-US","potentialAction":[{"@type":"ReadAction","target":["https:\/\/decora-zone.com\/producto\/alfombra-sanderson-abstract-brink-campman\/"]}]},{"@type":"ImageObject","inLanguage":"en-US","@id":"https:\/\/decora-zone.com\/producto\/alfombra-sanderson-abstract-brink-campman\/#primaryimage","url":"https:\/\/decora-zone.com\/wp-content\/uploads\/2019\/01\/Abstract-linden-454011a.jpg","contentUrl":"https:\/\/decora-zone.com\/wp-content\/uploads\/2019\/01\/Abstract-linden-454011a.jpg","width":1100,"height":1466,"caption":"Alfombra Abstract"},{"@type":"BreadcrumbList","@id":"https:\/\/decora-zone.com\/producto\/alfombra-sanderson-abstract-brink-campman\/#breadcrumb","itemListElement":[{"@type":"ListItem","position":1,"name":"Portada","item":"https:\/\/decora-zone.com\/"},{"@type":"ListItem","position":2,"name":"Productos","item":"https:\/\/decora-zone.com\/tienda-alfombras-cortinas-bilbao\/"},{"@type":"ListItem","position":3,"name":"Alfombra Sanderson Abstract"}]},{"@type":"WebSite","@id":"https:\/\/decora-zone.com\/#website","url":"https:\/\/decora-zone.com\/","name":"Decora-zone","description":"Especialistas en cortinas y alfombras de dise\u00f1o en Bilbao","publisher":{"@id":"https:\/\/decora-zone.com\/#organization"},"potentialAction":[{"@type":"SearchAction","target":{"@type":"EntryPoint","urlTemplate":"https:\/\/decora-zone.com\/?s={search_term_string}"},"query-input":{"@type":"PropertyValueSpecification","valueRequired":true,"valueName":"search_term_string"}}],"inLanguage":"en-US"},{"@type":"Organization","@id":"https:\/\/decora-zone.com\/#organization","name":"Decora-Zone Tienda de Decoraci\u00f3n en Bilbao","url":"https:\/\/decora-zone.com\/","logo":{"@type":"ImageObject","inLanguage":"en-US","@id":"https:\/\/decora-zone.com\/#\/schema\/logo\/image\/","url":"https:\/\/decora-zone.com\/wp-content\/uploads\/2014\/02\/logotipo-decora-zone-alfombras-cortinas-decoracion-bilbao.jpg","contentUrl":"https:\/\/decora-zone.com\/wp-content\/uploads\/2014\/02\/logotipo-decora-zone-alfombras-cortinas-decoracion-bilbao.jpg","width":484,"height":230,"caption":"Decora-Zone Tienda de Decoraci\u00f3n en Bilbao"},"image":{"@id":"https:\/\/decora-zone.com\/#\/schema\/logo\/image\/"},"sameAs":["https:\/\/www.facebook.com\/decorazone.bilbao\/","https:\/\/www.instagram.com\/decora_zone_\/","https:\/\/co.pinterest.com\/Decora_Zone\/"]}]}},"_links":{"self":[{"href":"https:\/\/decora-zone.com\/en\/wp-json\/wp\/v2\/product\/3400","targetHints":{"allow":["GET"]}}],"collection":[{"href":"https:\/\/decora-zone.com\/en\/wp-json\/wp\/v2\/product"}],"about":[{"href":"https:\/\/decora-zone.com\/en\/wp-json\/wp\/v2\/types\/product"}],"replies":[{"embeddable":true,"href":"https:\/\/decora-zone.com\/en\/wp-json\/wp\/v2\/comments?post=3400"}],"wp:featuredmedia":[{"embeddable":true,"href":"https:\/\/decora-zone.com\/en\/wp-json\/wp\/v2\/media\/5380"}],"wp:attachment":[{"href":"https:\/\/decora-zone.com\/en\/wp-json\/wp\/v2\/media?parent=3400"}],"wp:term":[{"taxonomy":"product_brand","embeddable":true,"href":"https:\/\/decora-zone.com\/en\/wp-json\/wp\/v2\/product_brand?post=3400"},{"taxonomy":"product_cat","embeddable":true,"href":"https:\/\/decora-zone.com\/en\/wp-json\/wp\/v2\/product_cat?post=3400"},{"taxonomy":"product_tag","embeddable":true,"href":"https:\/\/decora-zone.com\/en\/wp-json\/wp\/v2\/product_tag?post=3400"}],"curies":[{"name":"wp","href":"https:\/\/api.w.org\/{rel}","templated":true}]}}