{"id":3364,"date":"2019-01-14T14:04:22","date_gmt":"2019-01-14T12:04:22","guid":{"rendered":"https:\/\/decora-zone.com\/?post_type=product&#038;p=3364"},"modified":"2025-10-28T12:46:44","modified_gmt":"2025-10-28T11:46:44","slug":"alfombra-sanderson-stapleton-park-brink-campman-100-lana-hecha-a-mano","status":"publish","type":"product","link":"https:\/\/decora-zone.com\/en\/producto\/alfombra-sanderson-stapleton-park-brink-campman-100-lana-hecha-a-mano\/","title":{"rendered":"Alfombra Sanderson Stapleton Park"},"content":{"rendered":"<h1><strong>Alfombra Sanderson Stapleton Park<\/strong><\/h1>\n<h2><strong>100% Pura Lana Virgen<\/strong><\/h2>\n<p data-start=\"1106\" data-end=\"1424\">La <strong data-start=\"1109\" data-end=\"1136\">alfombra Sanderson Stapleton Park<\/strong> creada por <strong data-start=\"1199\" data-end=\"1218\">Brink &amp; Campman<\/strong>, un referente mundial en dise\u00f1o textil artesanal. Tejida completamente a mano con <strong data-start=\"1301\" data-end=\"1320\">100 % lana pura<\/strong>, ofrece una textura densa, c\u00e1lida y duradera que aporta una sensaci\u00f3n natural de confort bajo los pies.<\/p>\n<p data-start=\"1426\" data-end=\"1796\">Su dise\u00f1o floral, inspirado en los cl\u00e1sicos estampados brit\u00e1nicos de Sanderson, combina colores vivos y elegantes \u2014disponible en las versiones <strong data-start=\"1569\" data-end=\"1581\">Rosewood<\/strong> y <strong data-start=\"1584\" data-end=\"1605\">Navy Burnt Orange<\/strong>\u2014 que transforman cualquier estancia en un espacio lleno de personalidad y encanto. Perfecta para quienes buscan una pieza atemporal con el equilibrio ideal entre tradici\u00f3n y sofisticaci\u00f3n.<\/p>\n<p data-start=\"1426\" data-end=\"1796\"><b>Sanderson<\/b>, una marca ic\u00f3nica de interiores, es c\u00e9lebre por su paleta de colores inspirada en la naturaleza y sus dise\u00f1os pintados a mano. La alfombra Stapleton Park representa fielmente esa herencia, garantizando una pieza de arte textil que elevar\u00e1 instant\u00e1neamente la decoraci\u00f3n de su hogar<\/p>\n<h3 data-start=\"1798\" data-end=\"1829\">Caracter\u00edsticas t\u00e9cnicas:<\/h3>\n<ul data-start=\"1830\" data-end=\"2368\">\n<li data-start=\"1830\" data-end=\"1883\">\n<p data-start=\"1832\" data-end=\"1883\"><strong data-start=\"1832\" data-end=\"1843\">Dise\u00f1o:<\/strong> Floral<\/p>\n<\/li>\n<li data-start=\"1884\" data-end=\"1919\">\n<p data-start=\"1886\" data-end=\"1919\"><strong data-start=\"1886\" data-end=\"1901\">Fabricante:<\/strong> Brink &amp; Campman<\/p>\n<\/li>\n<li data-start=\"1920\" data-end=\"1955\">\n<p data-start=\"1922\" data-end=\"1955\"><strong data-start=\"1922\" data-end=\"1935\">Material:<\/strong> 100 % lana virgen<\/p>\n<\/li>\n<li data-start=\"1956\" data-end=\"1989\">\n<p data-start=\"1958\" data-end=\"1989\"><strong data-start=\"1958\" data-end=\"1974\">Fabricaci\u00f3n:<\/strong> Hecha a mano<\/p>\n<\/li>\n<li data-start=\"1990\" data-end=\"2027\">\n<p data-start=\"1992\" data-end=\"2027\"><strong data-start=\"1992\" data-end=\"2012\">Altura del pelo:<\/strong> aprox. 12 mm<\/p>\n<\/li>\n<li data-start=\"2028\" data-end=\"2062\">\n<p data-start=\"2030\" data-end=\"2062\"><strong data-start=\"2030\" data-end=\"2047\">Altura total:<\/strong> aprox. 17 mm<\/p>\n<\/li>\n<li data-start=\"2063\" data-end=\"2099\">\n<p data-start=\"2065\" data-end=\"2099\"><strong data-start=\"2065\" data-end=\"2080\">Peso total:<\/strong> aprox. 4500 g\/m\u00b2<\/p>\n<\/li>\n<li data-start=\"2100\" data-end=\"2132\">\n<p data-start=\"2102\" data-end=\"2132\"><strong data-start=\"2102\" data-end=\"2114\">Reverso:<\/strong> Algod\u00f3n + l\u00e1tex<\/p>\n<\/li>\n<li data-start=\"2133\" data-end=\"2190\">\n<p data-start=\"2135\" data-end=\"2190\"><strong data-start=\"2135\" data-end=\"2159\">Colores disponibles:<\/strong> Rosewood | Navy Burnt Orange<\/p>\n<\/li>\n<li data-start=\"2191\" data-end=\"2269\">\n<p data-start=\"2193\" data-end=\"2269\"><strong data-start=\"2193\" data-end=\"2217\">Medidas disponibles:<\/strong> 140\u00d7200 cm | 170\u00d7240 cm | 200\u00d7280 cm | 250\u00d7350 cm<\/p>\n<\/li>\n<li data-start=\"2270\" data-end=\"2325\">\n<p data-start=\"2272\" data-end=\"2325\"><strong data-start=\"2272\" data-end=\"2299\">Tama\u00f1os personalizados:<\/strong> disponibles bajo pedido (m\u00ednimo 4m2) plazo aproximado de entrega 19 semanas<\/p>\n<p>Todas las medidas son aproximadas, puede haber una variaci\u00f3n de hasta un 5%<\/li>\n<li data-start=\"2326\" data-end=\"2368\">\n<p data-start=\"2328\" data-end=\"2368\"><strong data-start=\"2328\" data-end=\"2349\">Plazo de entrega:<\/strong> aprox. 5 semanas<\/p>\n<\/li>\n<\/ul>\n<h4>Consejos de Conservaci\u00f3n y Limpieza:<\/h4>\n<p>* Aspira regularmente la alfombra en direcci\u00f3n del pelo para eliminar el polvo y la suciedad superficial.<br \/>\n* Para manchas peque\u00f1as, l\u00edmpiala suavemente con un pa\u00f1o h\u00famedo y un detergente suave. Evita frotar en exceso para no da\u00f1ar las fibras.<br \/>\n* Se recomienda una limpieza profesional anual para mantener la alfombra en \u00f3ptimas condiciones y prolongar su vida \u00fatil.<br \/>\n* Evita la exposici\u00f3n directa y prolongada a la luz solar para prevenir la decoloraci\u00f3n.<\/p>\n<p><strong>Si est\u00e1 interesado en alguno de nuestros art\u00edculos que est\u00e9n sin stock, puede reservarlos poni\u00e9ndose en <a href=\"http:\/\/decora-zone.com\/contacto-decora-zone-alfombras-cortinas-decoracion-bilbao\/\">contacto con nosotros<\/a>.<\/strong><\/p>\n","protected":false},"excerpt":{"rendered":"<h2><strong>100% Pura Lana Virgen<\/strong><\/h2>\n<p>La <strong data-start=\"2703\" data-end=\"2730\">alfombra Stapleton Park<\/strong> de la colecci\u00f3n <strong data-start=\"2747\" data-end=\"2760\">Sanderson<\/strong>, dise\u00f1ada por <strong data-start=\"2775\" data-end=\"2794\">Brink &amp; Campman<\/strong>, destaca por su exquisito dise\u00f1o floral y su confecci\u00f3n artesanal en <strong data-start=\"2864\" data-end=\"2883\">100 % lana pura<\/strong>. Disponible en las versiones <strong data-start=\"2913\" data-end=\"2925\">Rosewood<\/strong> y <strong data-start=\"2928\" data-end=\"2949\">Navy Burnt Orange<\/strong>, combina calidez, elegancia y la calidad inconfundible del dise\u00f1o brit\u00e1nico. Ideal para a\u00f1adir un toque sofisticado y natural a cualquier estancia del hogar.<\/p>\n","protected":false},"featured_media":11710,"comment_status":"open","ping_status":"closed","template":"","meta":[],"product_brand":[1173],"product_cat":[21,57],"product_tag":[1008,1085,1180,32,28,61,27,23,1121,24,30,702,29],"class_list":{"0":"post-3364","1":"product","2":"type-product","3":"status-publish","4":"has-post-thumbnail","6":"product_brand-brink-campman","7":"product_cat-alfombras-bilbao-tienda-decoracion-santutxu","8":"product_cat-alfombras-lana-bilbao-tienda-decoracion-santutxu","9":"product_tag-alfombra-de-lujo","10":"product_tag-alfombra-floral","11":"product_tag-alfombra-stapleton-park","12":"product_tag-alfombras","13":"product_tag-bilbao","14":"product_tag-brink-campman","15":"product_tag-decora-zone","16":"product_tag-decoracion","17":"product_tag-diseno-clasico","18":"product_tag-hogar","19":"product_tag-lana","20":"product_tag-sanderson","21":"product_tag-santutxu","22":"pa_medida-140x200cm","23":"pa_medida-170x240cm","24":"pa_medida-200x280cm","25":"pa_medida-250x350cm","27":"first","28":"outofstock","29":"shipping-taxable","30":"purchasable","31":"product-type-variable"},"yoast_head":"<!-- This site is optimized with the Yoast SEO plugin v27.5 - https:\/\/yoast.com\/product\/yoast-seo-wordpress\/ -->\n<title>Alfombra Sanderson Stapleton Park - Decora-zone<\/title>\n<meta name=\"description\" content=\"Alfombra Sanderson Stapleton Park , dise\u00f1ada por Brink &amp; Campman. Hecha a mano en pura lana, con dise\u00f1o floral. Elegancia atemporal y confort natural.\" \/>\n<meta name=\"robots\" content=\"index, follow, max-snippet:-1, max-image-preview:large, max-video-preview:-1\" \/>\n<link rel=\"canonical\" href=\"https:\/\/decora-zone.com\/producto\/alfombra-sanderson-stapleton-park-brink-campman-100-lana-hecha-a-mano\/\" \/>\n<meta property=\"og:locale\" content=\"en_US\" \/>\n<meta property=\"og:type\" content=\"article\" \/>\n<meta property=\"og:title\" content=\"Alfombra Sanderson Stapleton Park - Decora-zone\" \/>\n<meta property=\"og:description\" content=\"Alfombra Sanderson Stapleton Park , dise\u00f1ada por Brink &amp; Campman. Hecha a mano en pura lana, con dise\u00f1o floral. Elegancia atemporal y confort natural.\" \/>\n<meta property=\"og:url\" content=\"https:\/\/decora-zone.com\/producto\/alfombra-sanderson-stapleton-park-brink-campman-100-lana-hecha-a-mano\/\" \/>\n<meta property=\"og:site_name\" content=\"Decora-zone\" \/>\n<meta property=\"article:publisher\" content=\"https:\/\/www.facebook.com\/decorazone.bilbao\/\" \/>\n<meta property=\"article:modified_time\" content=\"2025-10-28T11:46:44+00:00\" \/>\n<meta property=\"og:image\" content=\"https:\/\/decora-zone.com\/wp-content\/uploads\/2019\/01\/Alfombra-Decorazone-Sanderson-Stapleton-Park-Navy-Burnt-Orange-45318a.jpg\" \/>\n\t<meta property=\"og:image:width\" content=\"1200\" \/>\n\t<meta property=\"og:image:height\" content=\"870\" \/>\n\t<meta property=\"og:image:type\" content=\"image\/jpeg\" \/>\n<meta name=\"twitter:label1\" content=\"Est. reading time\" \/>\n\t<meta name=\"twitter:data1\" content=\"2 minutes\" \/>\n<script type=\"application\/ld+json\" class=\"yoast-schema-graph\">{\"@context\":\"https:\\\/\\\/schema.org\",\"@graph\":[{\"@type\":\"WebPage\",\"@id\":\"https:\\\/\\\/decora-zone.com\\\/producto\\\/alfombra-sanderson-stapleton-park-brink-campman-100-lana-hecha-a-mano\\\/\",\"url\":\"https:\\\/\\\/decora-zone.com\\\/producto\\\/alfombra-sanderson-stapleton-park-brink-campman-100-lana-hecha-a-mano\\\/\",\"name\":\"Alfombra Sanderson Stapleton Park - Decora-zone\",\"isPartOf\":{\"@id\":\"https:\\\/\\\/decora-zone.com\\\/#website\"},\"primaryImageOfPage\":{\"@id\":\"https:\\\/\\\/decora-zone.com\\\/producto\\\/alfombra-sanderson-stapleton-park-brink-campman-100-lana-hecha-a-mano\\\/#primaryimage\"},\"image\":{\"@id\":\"https:\\\/\\\/decora-zone.com\\\/producto\\\/alfombra-sanderson-stapleton-park-brink-campman-100-lana-hecha-a-mano\\\/#primaryimage\"},\"thumbnailUrl\":\"https:\\\/\\\/decora-zone.com\\\/wp-content\\\/uploads\\\/2019\\\/01\\\/Alfombra-Decorazone-Sanderson-Stapleton-Park-Navy-Burnt-Orange-45318a.jpg\",\"datePublished\":\"2019-01-14T12:04:22+00:00\",\"dateModified\":\"2025-10-28T11:46:44+00:00\",\"description\":\"Alfombra Sanderson Stapleton Park , dise\u00f1ada por Brink & Campman. Hecha a mano en pura lana, con dise\u00f1o floral. Elegancia atemporal y confort natural.\",\"breadcrumb\":{\"@id\":\"https:\\\/\\\/decora-zone.com\\\/producto\\\/alfombra-sanderson-stapleton-park-brink-campman-100-lana-hecha-a-mano\\\/#breadcrumb\"},\"inLanguage\":\"en-US\",\"potentialAction\":[{\"@type\":\"ReadAction\",\"target\":[\"https:\\\/\\\/decora-zone.com\\\/producto\\\/alfombra-sanderson-stapleton-park-brink-campman-100-lana-hecha-a-mano\\\/\"]}]},{\"@type\":\"ImageObject\",\"inLanguage\":\"en-US\",\"@id\":\"https:\\\/\\\/decora-zone.com\\\/producto\\\/alfombra-sanderson-stapleton-park-brink-campman-100-lana-hecha-a-mano\\\/#primaryimage\",\"url\":\"https:\\\/\\\/decora-zone.com\\\/wp-content\\\/uploads\\\/2019\\\/01\\\/Alfombra-Decorazone-Sanderson-Stapleton-Park-Navy-Burnt-Orange-45318a.jpg\",\"contentUrl\":\"https:\\\/\\\/decora-zone.com\\\/wp-content\\\/uploads\\\/2019\\\/01\\\/Alfombra-Decorazone-Sanderson-Stapleton-Park-Navy-Burnt-Orange-45318a.jpg\",\"width\":1200,\"height\":870,\"caption\":\"Alfombra Stapleton Park Navy\\\/Burt Orange\"},{\"@type\":\"BreadcrumbList\",\"@id\":\"https:\\\/\\\/decora-zone.com\\\/producto\\\/alfombra-sanderson-stapleton-park-brink-campman-100-lana-hecha-a-mano\\\/#breadcrumb\",\"itemListElement\":[{\"@type\":\"ListItem\",\"position\":1,\"name\":\"Portada\",\"item\":\"https:\\\/\\\/decora-zone.com\\\/\"},{\"@type\":\"ListItem\",\"position\":2,\"name\":\"Productos\",\"item\":\"https:\\\/\\\/decora-zone.com\\\/tienda-alfombras-cortinas-bilbao\\\/\"},{\"@type\":\"ListItem\",\"position\":3,\"name\":\"Alfombra Sanderson Stapleton Park\"}]},{\"@type\":\"WebSite\",\"@id\":\"https:\\\/\\\/decora-zone.com\\\/#website\",\"url\":\"https:\\\/\\\/decora-zone.com\\\/\",\"name\":\"Decora-zone\",\"description\":\"Especialistas en cortinas y alfombras de dise\u00f1o en Bilbao\",\"publisher\":{\"@id\":\"https:\\\/\\\/decora-zone.com\\\/#organization\"},\"potentialAction\":[{\"@type\":\"SearchAction\",\"target\":{\"@type\":\"EntryPoint\",\"urlTemplate\":\"https:\\\/\\\/decora-zone.com\\\/?s={search_term_string}\"},\"query-input\":{\"@type\":\"PropertyValueSpecification\",\"valueRequired\":true,\"valueName\":\"search_term_string\"}}],\"inLanguage\":\"en-US\"},{\"@type\":\"Organization\",\"@id\":\"https:\\\/\\\/decora-zone.com\\\/#organization\",\"name\":\"Decora-Zone Tienda de Decoraci\u00f3n en Bilbao\",\"url\":\"https:\\\/\\\/decora-zone.com\\\/\",\"logo\":{\"@type\":\"ImageObject\",\"inLanguage\":\"en-US\",\"@id\":\"https:\\\/\\\/decora-zone.com\\\/#\\\/schema\\\/logo\\\/image\\\/\",\"url\":\"https:\\\/\\\/decora-zone.com\\\/wp-content\\\/uploads\\\/2014\\\/02\\\/logotipo-decora-zone-alfombras-cortinas-decoracion-bilbao.jpg\",\"contentUrl\":\"https:\\\/\\\/decora-zone.com\\\/wp-content\\\/uploads\\\/2014\\\/02\\\/logotipo-decora-zone-alfombras-cortinas-decoracion-bilbao.jpg\",\"width\":484,\"height\":230,\"caption\":\"Decora-Zone Tienda de Decoraci\u00f3n en Bilbao\"},\"image\":{\"@id\":\"https:\\\/\\\/decora-zone.com\\\/#\\\/schema\\\/logo\\\/image\\\/\"},\"sameAs\":[\"https:\\\/\\\/www.facebook.com\\\/decorazone.bilbao\\\/\",\"https:\\\/\\\/www.instagram.com\\\/decora_zone_\\\/\",\"https:\\\/\\\/co.pinterest.com\\\/Decora_Zone\\\/\"]}]}<\/script>\n<!-- \/ Yoast SEO plugin. -->","yoast_head_json":{"title":"Alfombra Sanderson Stapleton Park - Decora-zone","description":"Alfombra Sanderson Stapleton Park , dise\u00f1ada por Brink & Campman. Hecha a mano en pura lana, con dise\u00f1o floral. Elegancia atemporal y confort natural.","robots":{"index":"index","follow":"follow","max-snippet":"max-snippet:-1","max-image-preview":"max-image-preview:large","max-video-preview":"max-video-preview:-1"},"canonical":"https:\/\/decora-zone.com\/producto\/alfombra-sanderson-stapleton-park-brink-campman-100-lana-hecha-a-mano\/","og_locale":"en_US","og_type":"article","og_title":"Alfombra Sanderson Stapleton Park - Decora-zone","og_description":"Alfombra Sanderson Stapleton Park , dise\u00f1ada por Brink & Campman. Hecha a mano en pura lana, con dise\u00f1o floral. Elegancia atemporal y confort natural.","og_url":"https:\/\/decora-zone.com\/producto\/alfombra-sanderson-stapleton-park-brink-campman-100-lana-hecha-a-mano\/","og_site_name":"Decora-zone","article_publisher":"https:\/\/www.facebook.com\/decorazone.bilbao\/","article_modified_time":"2025-10-28T11:46:44+00:00","og_image":[{"width":1200,"height":870,"url":"https:\/\/decora-zone.com\/wp-content\/uploads\/2019\/01\/Alfombra-Decorazone-Sanderson-Stapleton-Park-Navy-Burnt-Orange-45318a.jpg","type":"image\/jpeg"}],"twitter_misc":{"Est. reading time":"2 minutes"},"schema":{"@context":"https:\/\/schema.org","@graph":[{"@type":"WebPage","@id":"https:\/\/decora-zone.com\/producto\/alfombra-sanderson-stapleton-park-brink-campman-100-lana-hecha-a-mano\/","url":"https:\/\/decora-zone.com\/producto\/alfombra-sanderson-stapleton-park-brink-campman-100-lana-hecha-a-mano\/","name":"Alfombra Sanderson Stapleton Park - Decora-zone","isPartOf":{"@id":"https:\/\/decora-zone.com\/#website"},"primaryImageOfPage":{"@id":"https:\/\/decora-zone.com\/producto\/alfombra-sanderson-stapleton-park-brink-campman-100-lana-hecha-a-mano\/#primaryimage"},"image":{"@id":"https:\/\/decora-zone.com\/producto\/alfombra-sanderson-stapleton-park-brink-campman-100-lana-hecha-a-mano\/#primaryimage"},"thumbnailUrl":"https:\/\/decora-zone.com\/wp-content\/uploads\/2019\/01\/Alfombra-Decorazone-Sanderson-Stapleton-Park-Navy-Burnt-Orange-45318a.jpg","datePublished":"2019-01-14T12:04:22+00:00","dateModified":"2025-10-28T11:46:44+00:00","description":"Alfombra Sanderson Stapleton Park , dise\u00f1ada por Brink & Campman. Hecha a mano en pura lana, con dise\u00f1o floral. Elegancia atemporal y confort natural.","breadcrumb":{"@id":"https:\/\/decora-zone.com\/producto\/alfombra-sanderson-stapleton-park-brink-campman-100-lana-hecha-a-mano\/#breadcrumb"},"inLanguage":"en-US","potentialAction":[{"@type":"ReadAction","target":["https:\/\/decora-zone.com\/producto\/alfombra-sanderson-stapleton-park-brink-campman-100-lana-hecha-a-mano\/"]}]},{"@type":"ImageObject","inLanguage":"en-US","@id":"https:\/\/decora-zone.com\/producto\/alfombra-sanderson-stapleton-park-brink-campman-100-lana-hecha-a-mano\/#primaryimage","url":"https:\/\/decora-zone.com\/wp-content\/uploads\/2019\/01\/Alfombra-Decorazone-Sanderson-Stapleton-Park-Navy-Burnt-Orange-45318a.jpg","contentUrl":"https:\/\/decora-zone.com\/wp-content\/uploads\/2019\/01\/Alfombra-Decorazone-Sanderson-Stapleton-Park-Navy-Burnt-Orange-45318a.jpg","width":1200,"height":870,"caption":"Alfombra Stapleton Park Navy\/Burt Orange"},{"@type":"BreadcrumbList","@id":"https:\/\/decora-zone.com\/producto\/alfombra-sanderson-stapleton-park-brink-campman-100-lana-hecha-a-mano\/#breadcrumb","itemListElement":[{"@type":"ListItem","position":1,"name":"Portada","item":"https:\/\/decora-zone.com\/"},{"@type":"ListItem","position":2,"name":"Productos","item":"https:\/\/decora-zone.com\/tienda-alfombras-cortinas-bilbao\/"},{"@type":"ListItem","position":3,"name":"Alfombra Sanderson Stapleton Park"}]},{"@type":"WebSite","@id":"https:\/\/decora-zone.com\/#website","url":"https:\/\/decora-zone.com\/","name":"Decora-zone","description":"Especialistas en cortinas y alfombras de dise\u00f1o en Bilbao","publisher":{"@id":"https:\/\/decora-zone.com\/#organization"},"potentialAction":[{"@type":"SearchAction","target":{"@type":"EntryPoint","urlTemplate":"https:\/\/decora-zone.com\/?s={search_term_string}"},"query-input":{"@type":"PropertyValueSpecification","valueRequired":true,"valueName":"search_term_string"}}],"inLanguage":"en-US"},{"@type":"Organization","@id":"https:\/\/decora-zone.com\/#organization","name":"Decora-Zone Tienda de Decoraci\u00f3n en Bilbao","url":"https:\/\/decora-zone.com\/","logo":{"@type":"ImageObject","inLanguage":"en-US","@id":"https:\/\/decora-zone.com\/#\/schema\/logo\/image\/","url":"https:\/\/decora-zone.com\/wp-content\/uploads\/2014\/02\/logotipo-decora-zone-alfombras-cortinas-decoracion-bilbao.jpg","contentUrl":"https:\/\/decora-zone.com\/wp-content\/uploads\/2014\/02\/logotipo-decora-zone-alfombras-cortinas-decoracion-bilbao.jpg","width":484,"height":230,"caption":"Decora-Zone Tienda de Decoraci\u00f3n en Bilbao"},"image":{"@id":"https:\/\/decora-zone.com\/#\/schema\/logo\/image\/"},"sameAs":["https:\/\/www.facebook.com\/decorazone.bilbao\/","https:\/\/www.instagram.com\/decora_zone_\/","https:\/\/co.pinterest.com\/Decora_Zone\/"]}]}},"_links":{"self":[{"href":"https:\/\/decora-zone.com\/en\/wp-json\/wp\/v2\/product\/3364","targetHints":{"allow":["GET"]}}],"collection":[{"href":"https:\/\/decora-zone.com\/en\/wp-json\/wp\/v2\/product"}],"about":[{"href":"https:\/\/decora-zone.com\/en\/wp-json\/wp\/v2\/types\/product"}],"replies":[{"embeddable":true,"href":"https:\/\/decora-zone.com\/en\/wp-json\/wp\/v2\/comments?post=3364"}],"wp:featuredmedia":[{"embeddable":true,"href":"https:\/\/decora-zone.com\/en\/wp-json\/wp\/v2\/media\/11710"}],"wp:attachment":[{"href":"https:\/\/decora-zone.com\/en\/wp-json\/wp\/v2\/media?parent=3364"}],"wp:term":[{"taxonomy":"product_brand","embeddable":true,"href":"https:\/\/decora-zone.com\/en\/wp-json\/wp\/v2\/product_brand?post=3364"},{"taxonomy":"product_cat","embeddable":true,"href":"https:\/\/decora-zone.com\/en\/wp-json\/wp\/v2\/product_cat?post=3364"},{"taxonomy":"product_tag","embeddable":true,"href":"https:\/\/decora-zone.com\/en\/wp-json\/wp\/v2\/product_tag?post=3364"}],"curies":[{"name":"wp","href":"https:\/\/api.w.org\/{rel}","templated":true}]}}