{"id":3078,"date":"2018-12-27T19:02:29","date_gmt":"2018-12-27T17:02:29","guid":{"rendered":"https:\/\/decora-zone.com\/?post_type=product&#038;p=3078"},"modified":"2025-05-30T11:40:25","modified_gmt":"2025-05-30T10:40:25","slug":"funda-nordica-kyoto","status":"publish","type":"product","link":"https:\/\/decora-zone.com\/en\/producto\/funda-nordica-kyoto\/","title":{"rendered":"Funda N\u00f3rdica Kyoto"},"content":{"rendered":"<p><strong>Funda N\u00f3rdica Kyoto para cama 150<\/strong><\/p>\n<p>Funda n\u00f3rdica de Reig Marti, especialistas en ropa de cama.<\/p>\n<p>Su composici\u00f3n 50% Algod\u00f3n, 50% Poli\u00e9ster hacen que sea transpirable, con un tacto suave,agradable y de f\u00e1cil planchado.<\/p>\n<p>Su estampado de alta definici\u00f3n de colores viste tu cama d\u00e1ndole un toque moderno y actual. Esta compuesta de 3 piezas: Funda, s\u00e1bana bajera ajustable y almohada.<\/p>\n<p>\u00a0Los cojines de la fotograf\u00eda no est\u00e1n incluidos.\u00a0<\/p>\n<p>Funda: 240 x 260<\/p>\n<p>Bajera Ajustable: 150 x 195 +25<\/p>\n<p>Almohada: 44 x 170\u00a0<\/p>\n","protected":false},"excerpt":{"rendered":"<p>Funda n\u00f3rdica de Reig Marti, especialistas en ropa de cama.<\/p>\n<p>Su composici\u00f3n 50% Algod\u00f3n, 50% Poli\u00e9ster hacen que sea transpirable, con un tacto suave,agradable y de f\u00e1cil planchado.<\/p>\n<p>Su estampado de alta definici\u00f3n de colores viste tu cama d\u00e1ndole un toque moderno y actual. Esta compuesta de 3 piezas: Funda, s\u00e1bana bajera ajustable y almohada.<\/p>\n<p>\u00a0Los cojines de la fotograf\u00eda no est\u00e1n incluidos.\u00a0<\/p>\n","protected":false},"featured_media":3076,"comment_status":"open","ping_status":"closed","template":"","meta":[],"product_brand":[],"product_cat":[242,654,50],"product_tag":[28,27,23,243,24,26,29],"class_list":{"0":"post-3078","1":"product","2":"type-product","3":"status-publish","4":"has-post-thumbnail","6":"product_cat-fundas-nordicas-en-bilbao-tienda-decoracion-bilbao-santutxu","7":"product_cat-rebajas-bilbao-tienda-decoracion-santutxu","8":"product_cat-ropa-cama-tienda-decoracion-bilbao","9":"product_tag-bilbao","10":"product_tag-decora-zone","11":"product_tag-decoracion","12":"product_tag-funda-nodica","13":"product_tag-hogar","14":"product_tag-ropa-de-cama","15":"product_tag-santutxu","17":"first","18":"instock","19":"sale","20":"shipping-taxable","21":"purchasable","22":"product-type-simple"},"yoast_head":"<!-- This site is optimized with the Yoast SEO plugin v27.5 - https:\/\/yoast.com\/product\/yoast-seo-wordpress\/ -->\n<title>Funda N\u00f3rdica Kyoto - Decora-zone<\/title>\n<meta name=\"description\" content=\"Funda N\u00f3rdica Kyoto para cama 150\" \/>\n<meta name=\"robots\" content=\"index, follow, max-snippet:-1, max-image-preview:large, max-video-preview:-1\" \/>\n<link rel=\"canonical\" href=\"https:\/\/decora-zone.com\/producto\/funda-nordica-kyoto\/\" \/>\n<meta property=\"og:locale\" content=\"en_US\" \/>\n<meta property=\"og:type\" content=\"article\" \/>\n<meta property=\"og:title\" content=\"Funda N\u00f3rdica Kyoto - Decora-zone\" \/>\n<meta property=\"og:description\" content=\"Funda N\u00f3rdica Kyoto para cama 150\" \/>\n<meta property=\"og:url\" content=\"https:\/\/decora-zone.com\/producto\/funda-nordica-kyoto\/\" \/>\n<meta property=\"og:site_name\" content=\"Decora-zone\" \/>\n<meta property=\"article:publisher\" content=\"https:\/\/www.facebook.com\/decorazone.bilbao\/\" \/>\n<meta property=\"article:modified_time\" content=\"2025-05-30T10:40:25+00:00\" \/>\n<meta property=\"og:image\" content=\"https:\/\/decora-zone.com\/wp-content\/uploads\/2018\/12\/F.N.-Kyoto-5.jpg\" \/>\n\t<meta property=\"og:image:width\" content=\"1120\" \/>\n\t<meta property=\"og:image:height\" content=\"1500\" \/>\n\t<meta property=\"og:image:type\" content=\"image\/jpeg\" \/>\n<script type=\"application\/ld+json\" class=\"yoast-schema-graph\">{\"@context\":\"https:\\\/\\\/schema.org\",\"@graph\":[{\"@type\":\"WebPage\",\"@id\":\"https:\\\/\\\/decora-zone.com\\\/producto\\\/funda-nordica-kyoto\\\/\",\"url\":\"https:\\\/\\\/decora-zone.com\\\/producto\\\/funda-nordica-kyoto\\\/\",\"name\":\"Funda N\u00f3rdica Kyoto - Decora-zone\",\"isPartOf\":{\"@id\":\"https:\\\/\\\/decora-zone.com\\\/#website\"},\"primaryImageOfPage\":{\"@id\":\"https:\\\/\\\/decora-zone.com\\\/producto\\\/funda-nordica-kyoto\\\/#primaryimage\"},\"image\":{\"@id\":\"https:\\\/\\\/decora-zone.com\\\/producto\\\/funda-nordica-kyoto\\\/#primaryimage\"},\"thumbnailUrl\":\"https:\\\/\\\/decora-zone.com\\\/wp-content\\\/uploads\\\/2018\\\/12\\\/F.N.-Kyoto-5.jpg\",\"datePublished\":\"2018-12-27T17:02:29+00:00\",\"dateModified\":\"2025-05-30T10:40:25+00:00\",\"description\":\"Funda N\u00f3rdica Kyoto para cama 150\",\"breadcrumb\":{\"@id\":\"https:\\\/\\\/decora-zone.com\\\/producto\\\/funda-nordica-kyoto\\\/#breadcrumb\"},\"inLanguage\":\"en-US\",\"potentialAction\":[{\"@type\":\"ReadAction\",\"target\":[\"https:\\\/\\\/decora-zone.com\\\/producto\\\/funda-nordica-kyoto\\\/\"]}]},{\"@type\":\"ImageObject\",\"inLanguage\":\"en-US\",\"@id\":\"https:\\\/\\\/decora-zone.com\\\/producto\\\/funda-nordica-kyoto\\\/#primaryimage\",\"url\":\"https:\\\/\\\/decora-zone.com\\\/wp-content\\\/uploads\\\/2018\\\/12\\\/F.N.-Kyoto-5.jpg\",\"contentUrl\":\"https:\\\/\\\/decora-zone.com\\\/wp-content\\\/uploads\\\/2018\\\/12\\\/F.N.-Kyoto-5.jpg\",\"width\":1120,\"height\":1500,\"caption\":\"Funda n\u00f3rdica Kyoto\"},{\"@type\":\"BreadcrumbList\",\"@id\":\"https:\\\/\\\/decora-zone.com\\\/producto\\\/funda-nordica-kyoto\\\/#breadcrumb\",\"itemListElement\":[{\"@type\":\"ListItem\",\"position\":1,\"name\":\"Portada\",\"item\":\"https:\\\/\\\/decora-zone.com\\\/\"},{\"@type\":\"ListItem\",\"position\":2,\"name\":\"Productos\",\"item\":\"https:\\\/\\\/decora-zone.com\\\/tienda-alfombras-cortinas-bilbao\\\/\"},{\"@type\":\"ListItem\",\"position\":3,\"name\":\"Funda N\u00f3rdica Kyoto\"}]},{\"@type\":\"WebSite\",\"@id\":\"https:\\\/\\\/decora-zone.com\\\/#website\",\"url\":\"https:\\\/\\\/decora-zone.com\\\/\",\"name\":\"Decora-zone\",\"description\":\"Especialistas en cortinas y alfombras de dise\u00f1o en Bilbao\",\"publisher\":{\"@id\":\"https:\\\/\\\/decora-zone.com\\\/#organization\"},\"potentialAction\":[{\"@type\":\"SearchAction\",\"target\":{\"@type\":\"EntryPoint\",\"urlTemplate\":\"https:\\\/\\\/decora-zone.com\\\/?s={search_term_string}\"},\"query-input\":{\"@type\":\"PropertyValueSpecification\",\"valueRequired\":true,\"valueName\":\"search_term_string\"}}],\"inLanguage\":\"en-US\"},{\"@type\":\"Organization\",\"@id\":\"https:\\\/\\\/decora-zone.com\\\/#organization\",\"name\":\"Decora-Zone Tienda de Decoraci\u00f3n en Bilbao\",\"url\":\"https:\\\/\\\/decora-zone.com\\\/\",\"logo\":{\"@type\":\"ImageObject\",\"inLanguage\":\"en-US\",\"@id\":\"https:\\\/\\\/decora-zone.com\\\/#\\\/schema\\\/logo\\\/image\\\/\",\"url\":\"https:\\\/\\\/decora-zone.com\\\/wp-content\\\/uploads\\\/2014\\\/02\\\/logotipo-decora-zone-alfombras-cortinas-decoracion-bilbao.jpg\",\"contentUrl\":\"https:\\\/\\\/decora-zone.com\\\/wp-content\\\/uploads\\\/2014\\\/02\\\/logotipo-decora-zone-alfombras-cortinas-decoracion-bilbao.jpg\",\"width\":484,\"height\":230,\"caption\":\"Decora-Zone Tienda de Decoraci\u00f3n en Bilbao\"},\"image\":{\"@id\":\"https:\\\/\\\/decora-zone.com\\\/#\\\/schema\\\/logo\\\/image\\\/\"},\"sameAs\":[\"https:\\\/\\\/www.facebook.com\\\/decorazone.bilbao\\\/\",\"https:\\\/\\\/www.instagram.com\\\/decora_zone_\\\/\",\"https:\\\/\\\/co.pinterest.com\\\/Decora_Zone\\\/\"]}]}<\/script>\n<!-- \/ Yoast SEO plugin. -->","yoast_head_json":{"title":"Funda N\u00f3rdica Kyoto - Decora-zone","description":"Funda N\u00f3rdica Kyoto para cama 150","robots":{"index":"index","follow":"follow","max-snippet":"max-snippet:-1","max-image-preview":"max-image-preview:large","max-video-preview":"max-video-preview:-1"},"canonical":"https:\/\/decora-zone.com\/producto\/funda-nordica-kyoto\/","og_locale":"en_US","og_type":"article","og_title":"Funda N\u00f3rdica Kyoto - Decora-zone","og_description":"Funda N\u00f3rdica Kyoto para cama 150","og_url":"https:\/\/decora-zone.com\/producto\/funda-nordica-kyoto\/","og_site_name":"Decora-zone","article_publisher":"https:\/\/www.facebook.com\/decorazone.bilbao\/","article_modified_time":"2025-05-30T10:40:25+00:00","og_image":[{"width":1120,"height":1500,"url":"https:\/\/decora-zone.com\/wp-content\/uploads\/2018\/12\/F.N.-Kyoto-5.jpg","type":"image\/jpeg"}],"schema":{"@context":"https:\/\/schema.org","@graph":[{"@type":"WebPage","@id":"https:\/\/decora-zone.com\/producto\/funda-nordica-kyoto\/","url":"https:\/\/decora-zone.com\/producto\/funda-nordica-kyoto\/","name":"Funda N\u00f3rdica Kyoto - Decora-zone","isPartOf":{"@id":"https:\/\/decora-zone.com\/#website"},"primaryImageOfPage":{"@id":"https:\/\/decora-zone.com\/producto\/funda-nordica-kyoto\/#primaryimage"},"image":{"@id":"https:\/\/decora-zone.com\/producto\/funda-nordica-kyoto\/#primaryimage"},"thumbnailUrl":"https:\/\/decora-zone.com\/wp-content\/uploads\/2018\/12\/F.N.-Kyoto-5.jpg","datePublished":"2018-12-27T17:02:29+00:00","dateModified":"2025-05-30T10:40:25+00:00","description":"Funda N\u00f3rdica Kyoto para cama 150","breadcrumb":{"@id":"https:\/\/decora-zone.com\/producto\/funda-nordica-kyoto\/#breadcrumb"},"inLanguage":"en-US","potentialAction":[{"@type":"ReadAction","target":["https:\/\/decora-zone.com\/producto\/funda-nordica-kyoto\/"]}]},{"@type":"ImageObject","inLanguage":"en-US","@id":"https:\/\/decora-zone.com\/producto\/funda-nordica-kyoto\/#primaryimage","url":"https:\/\/decora-zone.com\/wp-content\/uploads\/2018\/12\/F.N.-Kyoto-5.jpg","contentUrl":"https:\/\/decora-zone.com\/wp-content\/uploads\/2018\/12\/F.N.-Kyoto-5.jpg","width":1120,"height":1500,"caption":"Funda n\u00f3rdica Kyoto"},{"@type":"BreadcrumbList","@id":"https:\/\/decora-zone.com\/producto\/funda-nordica-kyoto\/#breadcrumb","itemListElement":[{"@type":"ListItem","position":1,"name":"Portada","item":"https:\/\/decora-zone.com\/"},{"@type":"ListItem","position":2,"name":"Productos","item":"https:\/\/decora-zone.com\/tienda-alfombras-cortinas-bilbao\/"},{"@type":"ListItem","position":3,"name":"Funda N\u00f3rdica Kyoto"}]},{"@type":"WebSite","@id":"https:\/\/decora-zone.com\/#website","url":"https:\/\/decora-zone.com\/","name":"Decora-zone","description":"Especialistas en cortinas y alfombras de dise\u00f1o en Bilbao","publisher":{"@id":"https:\/\/decora-zone.com\/#organization"},"potentialAction":[{"@type":"SearchAction","target":{"@type":"EntryPoint","urlTemplate":"https:\/\/decora-zone.com\/?s={search_term_string}"},"query-input":{"@type":"PropertyValueSpecification","valueRequired":true,"valueName":"search_term_string"}}],"inLanguage":"en-US"},{"@type":"Organization","@id":"https:\/\/decora-zone.com\/#organization","name":"Decora-Zone Tienda de Decoraci\u00f3n en Bilbao","url":"https:\/\/decora-zone.com\/","logo":{"@type":"ImageObject","inLanguage":"en-US","@id":"https:\/\/decora-zone.com\/#\/schema\/logo\/image\/","url":"https:\/\/decora-zone.com\/wp-content\/uploads\/2014\/02\/logotipo-decora-zone-alfombras-cortinas-decoracion-bilbao.jpg","contentUrl":"https:\/\/decora-zone.com\/wp-content\/uploads\/2014\/02\/logotipo-decora-zone-alfombras-cortinas-decoracion-bilbao.jpg","width":484,"height":230,"caption":"Decora-Zone Tienda de Decoraci\u00f3n en Bilbao"},"image":{"@id":"https:\/\/decora-zone.com\/#\/schema\/logo\/image\/"},"sameAs":["https:\/\/www.facebook.com\/decorazone.bilbao\/","https:\/\/www.instagram.com\/decora_zone_\/","https:\/\/co.pinterest.com\/Decora_Zone\/"]}]}},"_links":{"self":[{"href":"https:\/\/decora-zone.com\/en\/wp-json\/wp\/v2\/product\/3078","targetHints":{"allow":["GET"]}}],"collection":[{"href":"https:\/\/decora-zone.com\/en\/wp-json\/wp\/v2\/product"}],"about":[{"href":"https:\/\/decora-zone.com\/en\/wp-json\/wp\/v2\/types\/product"}],"replies":[{"embeddable":true,"href":"https:\/\/decora-zone.com\/en\/wp-json\/wp\/v2\/comments?post=3078"}],"wp:featuredmedia":[{"embeddable":true,"href":"https:\/\/decora-zone.com\/en\/wp-json\/wp\/v2\/media\/3076"}],"wp:attachment":[{"href":"https:\/\/decora-zone.com\/en\/wp-json\/wp\/v2\/media?parent=3078"}],"wp:term":[{"taxonomy":"product_brand","embeddable":true,"href":"https:\/\/decora-zone.com\/en\/wp-json\/wp\/v2\/product_brand?post=3078"},{"taxonomy":"product_cat","embeddable":true,"href":"https:\/\/decora-zone.com\/en\/wp-json\/wp\/v2\/product_cat?post=3078"},{"taxonomy":"product_tag","embeddable":true,"href":"https:\/\/decora-zone.com\/en\/wp-json\/wp\/v2\/product_tag?post=3078"}],"curies":[{"name":"wp","href":"https:\/\/api.w.org\/{rel}","templated":true}]}}