{"id":2438,"date":"2018-11-21T18:21:09","date_gmt":"2018-11-21T16:21:09","guid":{"rendered":"http:\/\/decora-zone.com\/?post_type=product&#038;p=2438"},"modified":"2025-03-10T18:06:49","modified_gmt":"2025-03-10T17:06:49","slug":"alfombra-yeti-anapurna","status":"publish","type":"product","link":"https:\/\/decora-zone.com\/en\/producto\/alfombra-yeti-anapurna\/","title":{"rendered":"Alfombra Yeti Anapurna"},"content":{"rendered":"<h1><strong>Alfombra Yeti Anapurna<\/strong><\/h1>\n<h2><strong>100% Pura Lana Virgen<\/strong><\/h2>\n<p data-sourcepos=\"19:1-19:359\">Sum\u00e9rgete en la suavidad y el estilo de la alfombra Yeti Anapurna. Tejida a mano con una mezcla de lana y viscosa de la m\u00e1s alta calidad, esta alfombra es una obra de arte que transformar\u00e1 cualquier espacio. Su dise\u00f1o moderno y geom\u00e9trico, combinado con una paleta de colores vers\u00e1til, la convierte en una pieza atemporal que se adapta a cualquier decoraci\u00f3n.<\/p>\n<p data-sourcepos=\"21:1-21:20\"><strong>Caracter\u00edsticas:<\/strong><\/p>\n<ul data-sourcepos=\"23:1-31:0\">\n<li data-sourcepos=\"23:1-23:31\"><strong>Material:<\/strong> Lana y viscosa. ( Hecho de restos de hilo reciclado, por lo tanto, los colores pueden variar ligeramente.)<\/li>\n<li data-sourcepos=\"24:1-24:27\"><strong>Elaboraci\u00f3n:<\/strong> Tejido a mano.<\/li>\n<li data-sourcepos=\"25:1-25:35\"><strong>Dise\u00f1o:<\/strong> Geom\u00e9trico y moderno.<\/li>\n<li data-sourcepos=\"27:1-27:40\"><strong>Grosor:<\/strong> 15 mm<\/li>\n<li data-sourcepos=\"28:1-28:37\"><strong>PesoTotal:<\/strong> 4000gr\/m2.<\/li>\n<li><strong>Peso de la pila<\/strong>: Aproximadamente 3400 gr\/m\u00b2\n<ul>\n<li><strong>Tama\u00f1os disponibles:<\/strong>\n<ul>\n<li>140\u00d7200 cm\u00a0<\/li>\n<li>170\u00d7240 cm\u00a0<\/li>\n<li>200\u00d7300 cm\u00a0<\/li>\n<li>250\u00d7350 cm\u00a0<\/li>\n<li>Tama\u00f1os personalizados bajo pedido plazo aproximado de entrega 19 semanas<\/li>\n<\/ul>\n<\/li>\n<\/ul>\n<\/li>\n<\/ul>\n<p>Plazo aproximado de entrega 5 semanas<\/p>\n<p>Todas las medidas son aproximadas, puede haber una variaci\u00f3n de hasta un 5%<\/p>\n<h4>Consejos de Conservaci\u00f3n y Limpieza:<\/h4>\n<ul>\n<li><strong>Aspirado Regular<\/strong>: Aspire la alfombra una o dos veces por semana en la direcci\u00f3n del pelo para evitar la acumulaci\u00f3n de polvo y suciedad.<\/li>\n<li><strong>Evite Exposici\u00f3n Directa al Sol<\/strong>: Mantenga la alfombra fuera de la luz solar directa para evitar la decoloraci\u00f3n y el desgaste desigual del color.<\/li>\n<li><strong>Limpieza de Manchas<\/strong>: En caso de derrames, limpie la mancha de inmediato con un pa\u00f1o h\u00famedo sin frotar para evitar que se extienda. Se recomienda el uso de productos de limpieza especializados para lana.<\/li>\n<li><strong>Limpieza Profesional<\/strong>: Para una limpieza profunda, lleve la alfombra a un servicio profesional de limpieza de alfombras cada 1-2 a\u00f1os.<\/li>\n<li><strong>Giros Peri\u00f3dicos<\/strong>: Gire la alfombra cada 6 meses para asegurar un desgaste uniforme.<\/li>\n<\/ul>\n<p><strong>Si est\u00e1 interesado en alguno de nuestros art\u00edculos que est\u00e9n sin stock, puede reservarlos poni\u00e9ndose en contacto con nosotros.<\/strong><\/p>\n","protected":false},"excerpt":{"rendered":"<h2><strong>100% Pura Lana Virgen<\/strong><\/h2>\n<p data-sourcepos=\"19:1-19:359\">Sum\u00e9rgete en la suavidad y el estilo de la alfombra Yeti Anapurna. Tejida a mano con una mezcla de lana y viscosa de la m\u00e1s alta calidad, esta alfombra es una obra de arte que transformar\u00e1 cualquier espacio. Su dise\u00f1o moderno y geom\u00e9trico, combinado con una paleta de colores vers\u00e1til, la convierte en una pieza atemporal que se adapta a cualquier decoraci\u00f3n.<\/p>\n","protected":false},"featured_media":4153,"comment_status":"open","ping_status":"closed","template":"","meta":[],"product_brand":[],"product_cat":[21,57],"product_tag":[1058,1007,1059,1057,32,28,61,27,23,24,30,29,1060],"class_list":{"0":"post-2438","1":"product","2":"type-product","3":"status-publish","4":"has-post-thumbnail","6":"product_cat-alfombras-bilbao-tienda-decoracion-santutxu","7":"product_cat-alfombras-lana-bilbao-tienda-decoracion-santutxu","8":"product_tag-alfombra-lana-y-viscosa","9":"product_tag-alfombra-moderna","10":"product_tag-alfombra-sostenible","11":"product_tag-alfombra-yeti-anapurna","12":"product_tag-alfombras","13":"product_tag-bilbao","14":"product_tag-brink-campman","15":"product_tag-decora-zone","16":"product_tag-decoracion","17":"product_tag-hogar","18":"product_tag-lana","19":"product_tag-santutxu","20":"product_tag-tejida-a-mano","21":"pa_medida-140x200cm","22":"pa_medida-170x240cm","23":"pa_medida-200x300cm","24":"pa_medida-250x350cm","26":"first","27":"outofstock","28":"shipping-taxable","29":"purchasable","30":"product-type-variable"},"yoast_head":"<!-- This site is optimized with the Yoast SEO plugin v27.5 - https:\/\/yoast.com\/product\/yoast-seo-wordpress\/ -->\n<title>Alfombra Yeti Anapurna - Decora-zone<\/title>\n<meta name=\"description\" content=\"Descubre la alfombra Yeti Anapurna, una pieza de lana pura y viscosa reciclada, tejida a mano. Para hogares que buscan durabilidad y estilo.\" \/>\n<meta name=\"robots\" content=\"index, follow, max-snippet:-1, max-image-preview:large, max-video-preview:-1\" \/>\n<link rel=\"canonical\" href=\"https:\/\/decora-zone.com\/producto\/alfombra-yeti-anapurna\/\" \/>\n<meta property=\"og:locale\" content=\"en_US\" \/>\n<meta property=\"og:type\" content=\"article\" \/>\n<meta property=\"og:title\" content=\"Alfombra Yeti Anapurna - Decora-zone\" \/>\n<meta property=\"og:description\" content=\"Descubre la alfombra Yeti Anapurna, una pieza de lana pura y viscosa reciclada, tejida a mano. Para hogares que buscan durabilidad y estilo.\" \/>\n<meta property=\"og:url\" content=\"https:\/\/decora-zone.com\/producto\/alfombra-yeti-anapurna\/\" \/>\n<meta property=\"og:site_name\" content=\"Decora-zone\" \/>\n<meta property=\"article:publisher\" content=\"https:\/\/www.facebook.com\/decorazone.bilbao\/\" \/>\n<meta property=\"article:modified_time\" content=\"2025-03-10T17:06:49+00:00\" \/>\n<meta property=\"og:image\" content=\"https:\/\/decora-zone.com\/wp-content\/uploads\/2018\/11\/Anapurna-51904a.jpg\" \/>\n\t<meta property=\"og:image:width\" content=\"1600\" \/>\n\t<meta property=\"og:image:height\" content=\"1600\" \/>\n\t<meta property=\"og:image:type\" content=\"image\/jpeg\" \/>\n<meta name=\"twitter:label1\" content=\"Est. reading time\" \/>\n\t<meta name=\"twitter:data1\" content=\"2 minutes\" \/>\n<script type=\"application\/ld+json\" class=\"yoast-schema-graph\">{\"@context\":\"https:\\\/\\\/schema.org\",\"@graph\":[{\"@type\":\"WebPage\",\"@id\":\"https:\\\/\\\/decora-zone.com\\\/producto\\\/alfombra-yeti-anapurna\\\/\",\"url\":\"https:\\\/\\\/decora-zone.com\\\/producto\\\/alfombra-yeti-anapurna\\\/\",\"name\":\"Alfombra Yeti Anapurna - Decora-zone\",\"isPartOf\":{\"@id\":\"https:\\\/\\\/decora-zone.com\\\/#website\"},\"primaryImageOfPage\":{\"@id\":\"https:\\\/\\\/decora-zone.com\\\/producto\\\/alfombra-yeti-anapurna\\\/#primaryimage\"},\"image\":{\"@id\":\"https:\\\/\\\/decora-zone.com\\\/producto\\\/alfombra-yeti-anapurna\\\/#primaryimage\"},\"thumbnailUrl\":\"https:\\\/\\\/decora-zone.com\\\/wp-content\\\/uploads\\\/2018\\\/11\\\/Anapurna-51904a.jpg\",\"datePublished\":\"2018-11-21T16:21:09+00:00\",\"dateModified\":\"2025-03-10T17:06:49+00:00\",\"description\":\"Descubre la alfombra Yeti Anapurna, una pieza de lana pura y viscosa reciclada, tejida a mano. Para hogares que buscan durabilidad y estilo.\",\"breadcrumb\":{\"@id\":\"https:\\\/\\\/decora-zone.com\\\/producto\\\/alfombra-yeti-anapurna\\\/#breadcrumb\"},\"inLanguage\":\"en-US\",\"potentialAction\":[{\"@type\":\"ReadAction\",\"target\":[\"https:\\\/\\\/decora-zone.com\\\/producto\\\/alfombra-yeti-anapurna\\\/\"]}]},{\"@type\":\"ImageObject\",\"inLanguage\":\"en-US\",\"@id\":\"https:\\\/\\\/decora-zone.com\\\/producto\\\/alfombra-yeti-anapurna\\\/#primaryimage\",\"url\":\"https:\\\/\\\/decora-zone.com\\\/wp-content\\\/uploads\\\/2018\\\/11\\\/Anapurna-51904a.jpg\",\"contentUrl\":\"https:\\\/\\\/decora-zone.com\\\/wp-content\\\/uploads\\\/2018\\\/11\\\/Anapurna-51904a.jpg\",\"width\":1600,\"height\":1600,\"caption\":\"Alfombra Yeti Anapurna 51904\"},{\"@type\":\"BreadcrumbList\",\"@id\":\"https:\\\/\\\/decora-zone.com\\\/producto\\\/alfombra-yeti-anapurna\\\/#breadcrumb\",\"itemListElement\":[{\"@type\":\"ListItem\",\"position\":1,\"name\":\"Portada\",\"item\":\"https:\\\/\\\/decora-zone.com\\\/\"},{\"@type\":\"ListItem\",\"position\":2,\"name\":\"Productos\",\"item\":\"https:\\\/\\\/decora-zone.com\\\/tienda-alfombras-cortinas-bilbao\\\/\"},{\"@type\":\"ListItem\",\"position\":3,\"name\":\"Alfombra Yeti Anapurna\"}]},{\"@type\":\"WebSite\",\"@id\":\"https:\\\/\\\/decora-zone.com\\\/#website\",\"url\":\"https:\\\/\\\/decora-zone.com\\\/\",\"name\":\"Decora-zone\",\"description\":\"Especialistas en cortinas y alfombras de dise\u00f1o en Bilbao\",\"publisher\":{\"@id\":\"https:\\\/\\\/decora-zone.com\\\/#organization\"},\"potentialAction\":[{\"@type\":\"SearchAction\",\"target\":{\"@type\":\"EntryPoint\",\"urlTemplate\":\"https:\\\/\\\/decora-zone.com\\\/?s={search_term_string}\"},\"query-input\":{\"@type\":\"PropertyValueSpecification\",\"valueRequired\":true,\"valueName\":\"search_term_string\"}}],\"inLanguage\":\"en-US\"},{\"@type\":\"Organization\",\"@id\":\"https:\\\/\\\/decora-zone.com\\\/#organization\",\"name\":\"Decora-Zone Tienda de Decoraci\u00f3n en Bilbao\",\"url\":\"https:\\\/\\\/decora-zone.com\\\/\",\"logo\":{\"@type\":\"ImageObject\",\"inLanguage\":\"en-US\",\"@id\":\"https:\\\/\\\/decora-zone.com\\\/#\\\/schema\\\/logo\\\/image\\\/\",\"url\":\"https:\\\/\\\/decora-zone.com\\\/wp-content\\\/uploads\\\/2014\\\/02\\\/logotipo-decora-zone-alfombras-cortinas-decoracion-bilbao.jpg\",\"contentUrl\":\"https:\\\/\\\/decora-zone.com\\\/wp-content\\\/uploads\\\/2014\\\/02\\\/logotipo-decora-zone-alfombras-cortinas-decoracion-bilbao.jpg\",\"width\":484,\"height\":230,\"caption\":\"Decora-Zone Tienda de Decoraci\u00f3n en Bilbao\"},\"image\":{\"@id\":\"https:\\\/\\\/decora-zone.com\\\/#\\\/schema\\\/logo\\\/image\\\/\"},\"sameAs\":[\"https:\\\/\\\/www.facebook.com\\\/decorazone.bilbao\\\/\",\"https:\\\/\\\/www.instagram.com\\\/decora_zone_\\\/\",\"https:\\\/\\\/co.pinterest.com\\\/Decora_Zone\\\/\"]}]}<\/script>\n<!-- \/ Yoast SEO plugin. -->","yoast_head_json":{"title":"Alfombra Yeti Anapurna - Decora-zone","description":"Descubre la alfombra Yeti Anapurna, una pieza de lana pura y viscosa reciclada, tejida a mano. Para hogares que buscan durabilidad y estilo.","robots":{"index":"index","follow":"follow","max-snippet":"max-snippet:-1","max-image-preview":"max-image-preview:large","max-video-preview":"max-video-preview:-1"},"canonical":"https:\/\/decora-zone.com\/producto\/alfombra-yeti-anapurna\/","og_locale":"en_US","og_type":"article","og_title":"Alfombra Yeti Anapurna - Decora-zone","og_description":"Descubre la alfombra Yeti Anapurna, una pieza de lana pura y viscosa reciclada, tejida a mano. Para hogares que buscan durabilidad y estilo.","og_url":"https:\/\/decora-zone.com\/producto\/alfombra-yeti-anapurna\/","og_site_name":"Decora-zone","article_publisher":"https:\/\/www.facebook.com\/decorazone.bilbao\/","article_modified_time":"2025-03-10T17:06:49+00:00","og_image":[{"width":1600,"height":1600,"url":"https:\/\/decora-zone.com\/wp-content\/uploads\/2018\/11\/Anapurna-51904a.jpg","type":"image\/jpeg"}],"twitter_misc":{"Est. reading time":"2 minutes"},"schema":{"@context":"https:\/\/schema.org","@graph":[{"@type":"WebPage","@id":"https:\/\/decora-zone.com\/producto\/alfombra-yeti-anapurna\/","url":"https:\/\/decora-zone.com\/producto\/alfombra-yeti-anapurna\/","name":"Alfombra Yeti Anapurna - Decora-zone","isPartOf":{"@id":"https:\/\/decora-zone.com\/#website"},"primaryImageOfPage":{"@id":"https:\/\/decora-zone.com\/producto\/alfombra-yeti-anapurna\/#primaryimage"},"image":{"@id":"https:\/\/decora-zone.com\/producto\/alfombra-yeti-anapurna\/#primaryimage"},"thumbnailUrl":"https:\/\/decora-zone.com\/wp-content\/uploads\/2018\/11\/Anapurna-51904a.jpg","datePublished":"2018-11-21T16:21:09+00:00","dateModified":"2025-03-10T17:06:49+00:00","description":"Descubre la alfombra Yeti Anapurna, una pieza de lana pura y viscosa reciclada, tejida a mano. Para hogares que buscan durabilidad y estilo.","breadcrumb":{"@id":"https:\/\/decora-zone.com\/producto\/alfombra-yeti-anapurna\/#breadcrumb"},"inLanguage":"en-US","potentialAction":[{"@type":"ReadAction","target":["https:\/\/decora-zone.com\/producto\/alfombra-yeti-anapurna\/"]}]},{"@type":"ImageObject","inLanguage":"en-US","@id":"https:\/\/decora-zone.com\/producto\/alfombra-yeti-anapurna\/#primaryimage","url":"https:\/\/decora-zone.com\/wp-content\/uploads\/2018\/11\/Anapurna-51904a.jpg","contentUrl":"https:\/\/decora-zone.com\/wp-content\/uploads\/2018\/11\/Anapurna-51904a.jpg","width":1600,"height":1600,"caption":"Alfombra Yeti Anapurna 51904"},{"@type":"BreadcrumbList","@id":"https:\/\/decora-zone.com\/producto\/alfombra-yeti-anapurna\/#breadcrumb","itemListElement":[{"@type":"ListItem","position":1,"name":"Portada","item":"https:\/\/decora-zone.com\/"},{"@type":"ListItem","position":2,"name":"Productos","item":"https:\/\/decora-zone.com\/tienda-alfombras-cortinas-bilbao\/"},{"@type":"ListItem","position":3,"name":"Alfombra Yeti Anapurna"}]},{"@type":"WebSite","@id":"https:\/\/decora-zone.com\/#website","url":"https:\/\/decora-zone.com\/","name":"Decora-zone","description":"Especialistas en cortinas y alfombras de dise\u00f1o en Bilbao","publisher":{"@id":"https:\/\/decora-zone.com\/#organization"},"potentialAction":[{"@type":"SearchAction","target":{"@type":"EntryPoint","urlTemplate":"https:\/\/decora-zone.com\/?s={search_term_string}"},"query-input":{"@type":"PropertyValueSpecification","valueRequired":true,"valueName":"search_term_string"}}],"inLanguage":"en-US"},{"@type":"Organization","@id":"https:\/\/decora-zone.com\/#organization","name":"Decora-Zone Tienda de Decoraci\u00f3n en Bilbao","url":"https:\/\/decora-zone.com\/","logo":{"@type":"ImageObject","inLanguage":"en-US","@id":"https:\/\/decora-zone.com\/#\/schema\/logo\/image\/","url":"https:\/\/decora-zone.com\/wp-content\/uploads\/2014\/02\/logotipo-decora-zone-alfombras-cortinas-decoracion-bilbao.jpg","contentUrl":"https:\/\/decora-zone.com\/wp-content\/uploads\/2014\/02\/logotipo-decora-zone-alfombras-cortinas-decoracion-bilbao.jpg","width":484,"height":230,"caption":"Decora-Zone Tienda de Decoraci\u00f3n en Bilbao"},"image":{"@id":"https:\/\/decora-zone.com\/#\/schema\/logo\/image\/"},"sameAs":["https:\/\/www.facebook.com\/decorazone.bilbao\/","https:\/\/www.instagram.com\/decora_zone_\/","https:\/\/co.pinterest.com\/Decora_Zone\/"]}]}},"_links":{"self":[{"href":"https:\/\/decora-zone.com\/en\/wp-json\/wp\/v2\/product\/2438","targetHints":{"allow":["GET"]}}],"collection":[{"href":"https:\/\/decora-zone.com\/en\/wp-json\/wp\/v2\/product"}],"about":[{"href":"https:\/\/decora-zone.com\/en\/wp-json\/wp\/v2\/types\/product"}],"replies":[{"embeddable":true,"href":"https:\/\/decora-zone.com\/en\/wp-json\/wp\/v2\/comments?post=2438"}],"wp:featuredmedia":[{"embeddable":true,"href":"https:\/\/decora-zone.com\/en\/wp-json\/wp\/v2\/media\/4153"}],"wp:attachment":[{"href":"https:\/\/decora-zone.com\/en\/wp-json\/wp\/v2\/media?parent=2438"}],"wp:term":[{"taxonomy":"product_brand","embeddable":true,"href":"https:\/\/decora-zone.com\/en\/wp-json\/wp\/v2\/product_brand?post=2438"},{"taxonomy":"product_cat","embeddable":true,"href":"https:\/\/decora-zone.com\/en\/wp-json\/wp\/v2\/product_cat?post=2438"},{"taxonomy":"product_tag","embeddable":true,"href":"https:\/\/decora-zone.com\/en\/wp-json\/wp\/v2\/product_tag?post=2438"}],"curies":[{"name":"wp","href":"https:\/\/api.w.org\/{rel}","templated":true}]}}