{"id":23277,"date":"2025-10-29T19:37:29","date_gmt":"2025-10-29T18:37:29","guid":{"rendered":"https:\/\/decora-zone.com\/?post_type=product&#038;p=23277"},"modified":"2025-10-29T19:52:23","modified_gmt":"2025-10-29T18:52:23","slug":"juego-de-sabanas-haya","status":"publish","type":"product","link":"https:\/\/decora-zone.com\/en\/producto\/juego-de-sabanas-haya\/","title":{"rendered":"Juego de s\u00e1banas Haya"},"content":{"rendered":"<h1>Juego de s\u00e1banas Haya<\/h1>\n<p>Dale un toque de alegr\u00eda y estilo a tu dormitorio con el encantador <b>Juego de S\u00e1banas Haya de Reig Mart\u00ed<\/b>. Dise\u00f1adas para ofrecer una combinaci\u00f3n ideal de <b>suavidad y durabilidad<\/b>, estas s\u00e1banas son perfectas para la cama de 90.<\/p>\n<p>El dise\u00f1o se caracteriza por su frescura:<\/p>\n<ul>\n<li><b>S\u00e1bana Bajera y Embozo:<\/b> Color liso (a elegir entre <b>Rosa<\/b> o <b>Azul<\/b>).<\/li>\n<li><b>S\u00e1bana Encimera y Funda de Almohada:<\/b> Fondo blanco con un delicado <b>estampado de peque\u00f1os puntos<\/b> de colores que combinan con el tono liso principal.<\/li>\n<\/ul>\n<p>Confeccionadas con una mezcla de <b>52% Poli\u00e9ster y 48% Algod\u00f3n<\/b>, estas s\u00e1banas garantizan un <b>f\u00e1cil cuidado<\/b> y un <b>planchado m\u00ednimo<\/b>, manteniendo la transpirabilidad y el confort del algod\u00f3n.<\/p>\n<h4><b>\u00a0Elige tu Estilo:<\/b><\/h4>\n<ol start=\"1\">\n<li><b>Modelo Rosa :<\/b> Tonos lavanda y rosa para un ambiente dulce y relajante.<\/li>\n<li><b>Modelo Azul :<\/b> Tonos suaves de azul\/agua para una sensaci\u00f3n de calma y frescura.<\/li>\n<\/ol>\n<p><b>Caracter\u00edsticas Destacadas:<\/b><\/p>\n<ul>\n<li><b>Medida:<\/b> Unicamente disponible para <strong>cama de 90\u00a0<\/strong><\/li>\n<li><b>Medidas Encimera<\/b>160 x 270 cm<\/li>\n<li><b>Medidas Bajera<\/b>90 x 195\/200 cm (Ajustable para colchones de hasta <b>30 cm de altura<\/b>)<\/li>\n<li><b>Medidas Funda Almohada<\/b>45 x 100 cm<\/li>\n<li><b>Ajuste Perfecto:<\/b> La s\u00e1bana bajera cuenta con una <b>platabanda extragrande<\/b> dise\u00f1ada para colchones de hasta <b>30 cm de altura<\/b><strong> y\u00a0 2 m de largo<\/strong>, asegurando un ajuste firme que no se mueve.<\/li>\n<li><b>Composici\u00f3n 48% algod\u00f3n \/ 52 % poli\u00e9ster:<\/b> Disfruta de la frescura y la durabilidad, ideal para un uso diario.<\/li>\n<li><b>F\u00e1cil Mantenimiento:<\/b> Un producto de <b>f\u00e1cil planchado<\/b> que simplifica tu rutina de limpieza.<\/li>\n<\/ul>\n<p><b>Instrucciones de Cuidado:<\/b><\/p>\n<ul>\n<li>Lavar a m\u00e1quina con agua tibia.<\/li>\n<li>Utilizar detergentes neutros.<\/li>\n<li>Secado a m\u00e1quina a baja temperatura.<\/li>\n<li>Producto de f\u00e1cil planchado.<\/li>\n<\/ul>\n<p><b>\u00a1Compra ya el juego de s\u00e1banas Haya de Reig Mart\u00ed y dale un toque de frescura y estilo a tu descanso!<\/b><\/p>\n<p>&nbsp;<\/p>\n","protected":false},"excerpt":{"rendered":"<p>Dale un toque de alegr\u00eda y estilo a tu dormitorio con el encantador <b>Juego de S\u00e1banas Haya de Reig Mart\u00ed<\/b>. Dise\u00f1adas para ofrecer una combinaci\u00f3n ideal de <b>suavidad y durabilidad<\/b>, estas s\u00e1banas son perfectas para la cama de 90.<\/p>\n<p>El dise\u00f1o se caracteriza por su frescura:<\/p>\n<ul>\n<li><b>S\u00e1bana Bajera y Embozo:<\/b> Color liso (a elegir entre <b>Rosa<\/b> o <b>Azul<\/b>).<\/li>\n<li><b>S\u00e1bana Encimera y Funda de Almohada:<\/b> Fondo blanco con un delicado <b>estampado de peque\u00f1os puntos<\/b> de colores que combinan con el tono liso principal.<\/li>\n<\/ul>\n<p>Confeccionadas con una mezcla de <b>52% Poli\u00e9ster y 48% Algod\u00f3n<\/b>, estas s\u00e1banas garantizan un <b>f\u00e1cil cuidado<\/b> y un <b>planchado m\u00ednimo<\/b>, manteniendo la transpirabilidad y el confort del algod\u00f3n.<\/p>\n<h4><b>\u00a0Elige tu Estilo:<\/b><\/h4>\n<ol start=\"1\">\n<li><b>Modelo Rosa :<\/b> Tonos lavanda y rosa para un ambiente dulce y relajante.<\/li>\n<li><b>Modelo Azul :<\/b> Tonos suaves de azul\/agua para una sensaci\u00f3n de calma y frescura.<\/li>\n<\/ol>\n<p><b>\u00a1Compra ya el juego de s\u00e1banas Haya de Reig Mart\u00ed y dale un toque de frescura y estilo a tu descanso!<\/b><\/p>\n","protected":false},"featured_media":23288,"comment_status":"open","ping_status":"closed","template":"","meta":[],"product_brand":[1183],"product_cat":[44,50],"product_tag":[28,27,23,24,248,1185,1184,26,1186,29],"class_list":{"0":"post-23277","1":"product","2":"type-product","3":"status-publish","4":"has-post-thumbnail","6":"product_brand-reig-marti","7":"product_cat-juego-de-sabanas-en-bilbao-tienda-decoracion-bilbao-santutxu","8":"product_cat-ropa-cama-tienda-decoracion-bilbao","9":"product_tag-bilbao","10":"product_tag-decora-zone","11":"product_tag-decoracion","12":"product_tag-hogar","13":"product_tag-juego-de-sabanas","14":"product_tag-juego-de-sabanas-haya","15":"product_tag-juego-de-sabanas-reig-marti","16":"product_tag-ropa-de-cama","17":"product_tag-sabanas-de-facil-planchado","18":"product_tag-santutxu","20":"first","21":"instock","22":"shipping-taxable","23":"purchasable","24":"product-type-variable"},"yoast_head":"<!-- This site is optimized with the Yoast SEO plugin v27.4 - https:\/\/yoast.com\/product\/yoast-seo-wordpress\/ -->\n<title>Juego de s\u00e1banas Haya - Decora-zone<\/title>\n<meta name=\"description\" content=\"S\u00e1banas Reig Mart\u00ed Haya cama 90. Estampado de puntos, disponible en Rosa o Azul. 52% Poli\u00e9ster \/ 48% Algod\u00f3n. Bajera ajustable hasta 30cm de alto.\" \/>\n<meta name=\"robots\" content=\"index, follow, max-snippet:-1, max-image-preview:large, max-video-preview:-1\" \/>\n<link rel=\"canonical\" href=\"https:\/\/decora-zone.com\/producto\/juego-de-sabanas-haya\/\" \/>\n<meta property=\"og:locale\" content=\"en_US\" \/>\n<meta property=\"og:type\" content=\"article\" \/>\n<meta property=\"og:title\" content=\"Juego de s\u00e1banas Haya - Decora-zone\" \/>\n<meta property=\"og:description\" content=\"S\u00e1banas Reig Mart\u00ed Haya cama 90. Estampado de puntos, disponible en Rosa o Azul. 52% Poli\u00e9ster \/ 48% Algod\u00f3n. Bajera ajustable hasta 30cm de alto.\" \/>\n<meta property=\"og:url\" content=\"https:\/\/decora-zone.com\/producto\/juego-de-sabanas-haya\/\" \/>\n<meta property=\"og:site_name\" content=\"Decora-zone\" \/>\n<meta property=\"article:publisher\" content=\"https:\/\/www.facebook.com\/decorazone.bilbao\/\" \/>\n<meta property=\"article:modified_time\" content=\"2025-10-29T18:52:23+00:00\" \/>\n<meta property=\"og:image\" content=\"https:\/\/decora-zone.com\/wp-content\/uploads\/2025\/10\/Juego-de-sabanas-Decorazone-Reig-Marti-Haya-Rosa-C-9b.jpg\" \/>\n\t<meta property=\"og:image:width\" content=\"1120\" \/>\n\t<meta property=\"og:image:height\" content=\"1600\" \/>\n\t<meta property=\"og:image:type\" content=\"image\/jpeg\" \/>\n<meta name=\"twitter:label1\" content=\"Est. reading time\" \/>\n\t<meta name=\"twitter:data1\" content=\"2 minutes\" \/>\n<script type=\"application\/ld+json\" class=\"yoast-schema-graph\">{\"@context\":\"https:\\\/\\\/schema.org\",\"@graph\":[{\"@type\":\"WebPage\",\"@id\":\"https:\\\/\\\/decora-zone.com\\\/producto\\\/juego-de-sabanas-haya\\\/\",\"url\":\"https:\\\/\\\/decora-zone.com\\\/producto\\\/juego-de-sabanas-haya\\\/\",\"name\":\"Juego de s\u00e1banas Haya - Decora-zone\",\"isPartOf\":{\"@id\":\"https:\\\/\\\/decora-zone.com\\\/#website\"},\"primaryImageOfPage\":{\"@id\":\"https:\\\/\\\/decora-zone.com\\\/producto\\\/juego-de-sabanas-haya\\\/#primaryimage\"},\"image\":{\"@id\":\"https:\\\/\\\/decora-zone.com\\\/producto\\\/juego-de-sabanas-haya\\\/#primaryimage\"},\"thumbnailUrl\":\"https:\\\/\\\/decora-zone.com\\\/wp-content\\\/uploads\\\/2025\\\/10\\\/Juego-de-sabanas-Decorazone-Reig-Marti-Haya-Rosa-C-9b.jpg\",\"datePublished\":\"2025-10-29T18:37:29+00:00\",\"dateModified\":\"2025-10-29T18:52:23+00:00\",\"description\":\"S\u00e1banas Reig Mart\u00ed Haya cama 90. Estampado de puntos, disponible en Rosa o Azul. 52% Poli\u00e9ster \\\/ 48% Algod\u00f3n. Bajera ajustable hasta 30cm de alto.\",\"breadcrumb\":{\"@id\":\"https:\\\/\\\/decora-zone.com\\\/producto\\\/juego-de-sabanas-haya\\\/#breadcrumb\"},\"inLanguage\":\"en-US\",\"potentialAction\":[{\"@type\":\"ReadAction\",\"target\":[\"https:\\\/\\\/decora-zone.com\\\/producto\\\/juego-de-sabanas-haya\\\/\"]}]},{\"@type\":\"ImageObject\",\"inLanguage\":\"en-US\",\"@id\":\"https:\\\/\\\/decora-zone.com\\\/producto\\\/juego-de-sabanas-haya\\\/#primaryimage\",\"url\":\"https:\\\/\\\/decora-zone.com\\\/wp-content\\\/uploads\\\/2025\\\/10\\\/Juego-de-sabanas-Decorazone-Reig-Marti-Haya-Rosa-C-9b.jpg\",\"contentUrl\":\"https:\\\/\\\/decora-zone.com\\\/wp-content\\\/uploads\\\/2025\\\/10\\\/Juego-de-sabanas-Decorazone-Reig-Marti-Haya-Rosa-C-9b.jpg\",\"width\":1120,\"height\":1600,\"caption\":\"Juego de s\u00e1banas haya rosa\"},{\"@type\":\"BreadcrumbList\",\"@id\":\"https:\\\/\\\/decora-zone.com\\\/producto\\\/juego-de-sabanas-haya\\\/#breadcrumb\",\"itemListElement\":[{\"@type\":\"ListItem\",\"position\":1,\"name\":\"Portada\",\"item\":\"https:\\\/\\\/decora-zone.com\\\/\"},{\"@type\":\"ListItem\",\"position\":2,\"name\":\"Productos\",\"item\":\"https:\\\/\\\/decora-zone.com\\\/tienda-alfombras-cortinas-bilbao\\\/\"},{\"@type\":\"ListItem\",\"position\":3,\"name\":\"Juego de s\u00e1banas Haya\"}]},{\"@type\":\"WebSite\",\"@id\":\"https:\\\/\\\/decora-zone.com\\\/#website\",\"url\":\"https:\\\/\\\/decora-zone.com\\\/\",\"name\":\"Decora-zone\",\"description\":\"Especialistas en cortinas y alfombras de dise\u00f1o en Bilbao\",\"publisher\":{\"@id\":\"https:\\\/\\\/decora-zone.com\\\/#organization\"},\"potentialAction\":[{\"@type\":\"SearchAction\",\"target\":{\"@type\":\"EntryPoint\",\"urlTemplate\":\"https:\\\/\\\/decora-zone.com\\\/?s={search_term_string}\"},\"query-input\":{\"@type\":\"PropertyValueSpecification\",\"valueRequired\":true,\"valueName\":\"search_term_string\"}}],\"inLanguage\":\"en-US\"},{\"@type\":\"Organization\",\"@id\":\"https:\\\/\\\/decora-zone.com\\\/#organization\",\"name\":\"Decora-Zone Tienda de Decoraci\u00f3n en Bilbao\",\"url\":\"https:\\\/\\\/decora-zone.com\\\/\",\"logo\":{\"@type\":\"ImageObject\",\"inLanguage\":\"en-US\",\"@id\":\"https:\\\/\\\/decora-zone.com\\\/#\\\/schema\\\/logo\\\/image\\\/\",\"url\":\"https:\\\/\\\/decora-zone.com\\\/wp-content\\\/uploads\\\/2014\\\/02\\\/logotipo-decora-zone-alfombras-cortinas-decoracion-bilbao.jpg\",\"contentUrl\":\"https:\\\/\\\/decora-zone.com\\\/wp-content\\\/uploads\\\/2014\\\/02\\\/logotipo-decora-zone-alfombras-cortinas-decoracion-bilbao.jpg\",\"width\":484,\"height\":230,\"caption\":\"Decora-Zone Tienda de Decoraci\u00f3n en Bilbao\"},\"image\":{\"@id\":\"https:\\\/\\\/decora-zone.com\\\/#\\\/schema\\\/logo\\\/image\\\/\"},\"sameAs\":[\"https:\\\/\\\/www.facebook.com\\\/decorazone.bilbao\\\/\",\"https:\\\/\\\/www.instagram.com\\\/decora_zone_\\\/\",\"https:\\\/\\\/co.pinterest.com\\\/Decora_Zone\\\/\"]}]}<\/script>\n<!-- \/ Yoast SEO plugin. -->","yoast_head_json":{"title":"Juego de s\u00e1banas Haya - Decora-zone","description":"S\u00e1banas Reig Mart\u00ed Haya cama 90. Estampado de puntos, disponible en Rosa o Azul. 52% Poli\u00e9ster \/ 48% Algod\u00f3n. Bajera ajustable hasta 30cm de alto.","robots":{"index":"index","follow":"follow","max-snippet":"max-snippet:-1","max-image-preview":"max-image-preview:large","max-video-preview":"max-video-preview:-1"},"canonical":"https:\/\/decora-zone.com\/producto\/juego-de-sabanas-haya\/","og_locale":"en_US","og_type":"article","og_title":"Juego de s\u00e1banas Haya - Decora-zone","og_description":"S\u00e1banas Reig Mart\u00ed Haya cama 90. Estampado de puntos, disponible en Rosa o Azul. 52% Poli\u00e9ster \/ 48% Algod\u00f3n. Bajera ajustable hasta 30cm de alto.","og_url":"https:\/\/decora-zone.com\/producto\/juego-de-sabanas-haya\/","og_site_name":"Decora-zone","article_publisher":"https:\/\/www.facebook.com\/decorazone.bilbao\/","article_modified_time":"2025-10-29T18:52:23+00:00","og_image":[{"width":1120,"height":1600,"url":"https:\/\/decora-zone.com\/wp-content\/uploads\/2025\/10\/Juego-de-sabanas-Decorazone-Reig-Marti-Haya-Rosa-C-9b.jpg","type":"image\/jpeg"}],"twitter_misc":{"Est. reading time":"2 minutes"},"schema":{"@context":"https:\/\/schema.org","@graph":[{"@type":"WebPage","@id":"https:\/\/decora-zone.com\/producto\/juego-de-sabanas-haya\/","url":"https:\/\/decora-zone.com\/producto\/juego-de-sabanas-haya\/","name":"Juego de s\u00e1banas Haya - Decora-zone","isPartOf":{"@id":"https:\/\/decora-zone.com\/#website"},"primaryImageOfPage":{"@id":"https:\/\/decora-zone.com\/producto\/juego-de-sabanas-haya\/#primaryimage"},"image":{"@id":"https:\/\/decora-zone.com\/producto\/juego-de-sabanas-haya\/#primaryimage"},"thumbnailUrl":"https:\/\/decora-zone.com\/wp-content\/uploads\/2025\/10\/Juego-de-sabanas-Decorazone-Reig-Marti-Haya-Rosa-C-9b.jpg","datePublished":"2025-10-29T18:37:29+00:00","dateModified":"2025-10-29T18:52:23+00:00","description":"S\u00e1banas Reig Mart\u00ed Haya cama 90. Estampado de puntos, disponible en Rosa o Azul. 52% Poli\u00e9ster \/ 48% Algod\u00f3n. Bajera ajustable hasta 30cm de alto.","breadcrumb":{"@id":"https:\/\/decora-zone.com\/producto\/juego-de-sabanas-haya\/#breadcrumb"},"inLanguage":"en-US","potentialAction":[{"@type":"ReadAction","target":["https:\/\/decora-zone.com\/producto\/juego-de-sabanas-haya\/"]}]},{"@type":"ImageObject","inLanguage":"en-US","@id":"https:\/\/decora-zone.com\/producto\/juego-de-sabanas-haya\/#primaryimage","url":"https:\/\/decora-zone.com\/wp-content\/uploads\/2025\/10\/Juego-de-sabanas-Decorazone-Reig-Marti-Haya-Rosa-C-9b.jpg","contentUrl":"https:\/\/decora-zone.com\/wp-content\/uploads\/2025\/10\/Juego-de-sabanas-Decorazone-Reig-Marti-Haya-Rosa-C-9b.jpg","width":1120,"height":1600,"caption":"Juego de s\u00e1banas haya rosa"},{"@type":"BreadcrumbList","@id":"https:\/\/decora-zone.com\/producto\/juego-de-sabanas-haya\/#breadcrumb","itemListElement":[{"@type":"ListItem","position":1,"name":"Portada","item":"https:\/\/decora-zone.com\/"},{"@type":"ListItem","position":2,"name":"Productos","item":"https:\/\/decora-zone.com\/tienda-alfombras-cortinas-bilbao\/"},{"@type":"ListItem","position":3,"name":"Juego de s\u00e1banas Haya"}]},{"@type":"WebSite","@id":"https:\/\/decora-zone.com\/#website","url":"https:\/\/decora-zone.com\/","name":"Decora-zone","description":"Especialistas en cortinas y alfombras de dise\u00f1o en Bilbao","publisher":{"@id":"https:\/\/decora-zone.com\/#organization"},"potentialAction":[{"@type":"SearchAction","target":{"@type":"EntryPoint","urlTemplate":"https:\/\/decora-zone.com\/?s={search_term_string}"},"query-input":{"@type":"PropertyValueSpecification","valueRequired":true,"valueName":"search_term_string"}}],"inLanguage":"en-US"},{"@type":"Organization","@id":"https:\/\/decora-zone.com\/#organization","name":"Decora-Zone Tienda de Decoraci\u00f3n en Bilbao","url":"https:\/\/decora-zone.com\/","logo":{"@type":"ImageObject","inLanguage":"en-US","@id":"https:\/\/decora-zone.com\/#\/schema\/logo\/image\/","url":"https:\/\/decora-zone.com\/wp-content\/uploads\/2014\/02\/logotipo-decora-zone-alfombras-cortinas-decoracion-bilbao.jpg","contentUrl":"https:\/\/decora-zone.com\/wp-content\/uploads\/2014\/02\/logotipo-decora-zone-alfombras-cortinas-decoracion-bilbao.jpg","width":484,"height":230,"caption":"Decora-Zone Tienda de Decoraci\u00f3n en Bilbao"},"image":{"@id":"https:\/\/decora-zone.com\/#\/schema\/logo\/image\/"},"sameAs":["https:\/\/www.facebook.com\/decorazone.bilbao\/","https:\/\/www.instagram.com\/decora_zone_\/","https:\/\/co.pinterest.com\/Decora_Zone\/"]}]}},"_links":{"self":[{"href":"https:\/\/decora-zone.com\/en\/wp-json\/wp\/v2\/product\/23277","targetHints":{"allow":["GET"]}}],"collection":[{"href":"https:\/\/decora-zone.com\/en\/wp-json\/wp\/v2\/product"}],"about":[{"href":"https:\/\/decora-zone.com\/en\/wp-json\/wp\/v2\/types\/product"}],"replies":[{"embeddable":true,"href":"https:\/\/decora-zone.com\/en\/wp-json\/wp\/v2\/comments?post=23277"}],"wp:featuredmedia":[{"embeddable":true,"href":"https:\/\/decora-zone.com\/en\/wp-json\/wp\/v2\/media\/23288"}],"wp:attachment":[{"href":"https:\/\/decora-zone.com\/en\/wp-json\/wp\/v2\/media?parent=23277"}],"wp:term":[{"taxonomy":"product_brand","embeddable":true,"href":"https:\/\/decora-zone.com\/en\/wp-json\/wp\/v2\/product_brand?post=23277"},{"taxonomy":"product_cat","embeddable":true,"href":"https:\/\/decora-zone.com\/en\/wp-json\/wp\/v2\/product_cat?post=23277"},{"taxonomy":"product_tag","embeddable":true,"href":"https:\/\/decora-zone.com\/en\/wp-json\/wp\/v2\/product_tag?post=23277"}],"curies":[{"name":"wp","href":"https:\/\/api.w.org\/{rel}","templated":true}]}}