{"id":23264,"date":"2025-10-29T18:01:53","date_gmt":"2025-10-29T17:01:53","guid":{"rendered":"https:\/\/decora-zone.com\/?post_type=product&#038;p=23264"},"modified":"2025-10-29T19:37:16","modified_gmt":"2025-10-29T18:37:16","slug":"juego-de-sabanas-mora-p61-verde-agua","status":"publish","type":"product","link":"https:\/\/decora-zone.com\/en\/producto\/juego-de-sabanas-mora-p61-verde-agua\/","title":{"rendered":"Juego de s\u00e1banas Mora P61 verde agua"},"content":{"rendered":"<h1>Juego de s\u00e1banas Mora P61 verde agua<\/h1>\n<p>Transforma tu dormitorio con el <b>Juego de S\u00e1banas Mora P61 verde agua<\/b>, la combinaci\u00f3n perfecta de confort y durabilidad.<\/p>\n<p>Este juego de 3 piezas <strong>para cama de 90<\/strong> destaca por su dise\u00f1o fresco y elegante. La s\u00e1bana <b>bajera en un sereno color verde agua<\/b> aportar\u00e1 calma a tu cama. La <b>s\u00e1bana encimera<\/b> presenta un sofisticado <b>fondo blanco con finas rayas<\/b> en el mismo tono verde agua, rematada con un embozo liso que a\u00f1ade un toque de distinci\u00f3n. La <b>funda de almohada<\/b> sigue el mismo patr\u00f3n de rayas con terminaciones en verde agua, creando una armon\u00eda visual.<\/p>\n<p>Confeccionadas con una mezcla de <b>50% Algod\u00f3n y 50% Poli\u00e9ster<\/b>, estas s\u00e1banas te ofrecen la suavidad natural del algod\u00f3n junto con la resistencia y el <b>f\u00e1cil cuidado<\/b> del poli\u00e9ster.<\/p>\n<p><b>Caracter\u00edsticas Destacadas:<\/b><\/p>\n<ul>\n<li><b>Medida:<\/b> Unicamente disponible para <strong>cama de 90\u00a0<\/strong><\/li>\n<li><b>Medidas Encimera<\/b>160 x 270 cm<\/li>\n<li><b>Medidas Bajera<\/b>90 x 195\/200 cm (Ajustable para colchones de hasta <b>30 cm de altura<\/b>)<\/li>\n<li><b>Medidas Funda Almohada<\/b>45 x 100 cm<\/li>\n<li><b>Ajuste Perfecto:<\/b> La s\u00e1bana bajera cuenta con una <b>platabanda extragrande<\/b> dise\u00f1ada para colchones de hasta <b>30 cm de altura<\/b><strong> y\u00a0 2 m de largo<\/strong>, asegurando un ajuste firme que no se mueve.<\/li>\n<li><b>Composici\u00f3n 50% algod\u00f3n \/ 50 % poli\u00e9ster:<\/b> Disfruta de la frescura y la durabilidad, ideal para un uso diario.<\/li>\n<li><b>F\u00e1cil Mantenimiento:<\/b> Un producto de <b>f\u00e1cil planchado<\/b> que simplifica tu rutina de limpieza.<\/li>\n<\/ul>\n<p><b>Instrucciones de Cuidado:<\/b><\/p>\n<ul>\n<li>Lavar a m\u00e1quina con agua tibia.<\/li>\n<li>Utilizar detergentes neutros.<\/li>\n<li>Secado a m\u00e1quina a baja temperatura.<\/li>\n<li>Producto de f\u00e1cil planchado.<\/li>\n<\/ul>\n<p><b>\u00a1Compra ya el juego de s\u00e1banas Mora P61 Aqua y dale un toque de frescura y estilo a tu descanso!<\/b><\/p>\n<p>&nbsp;<\/p>\n","protected":false},"excerpt":{"rendered":"<p>Transforma tu dormitorio con el <b>Juego de S\u00e1banas Mora P61 verde agua<\/b>, la combinaci\u00f3n perfecta de confort y durabilidad.<\/p>\n<p>Este juego de 3 piezas <strong>para cama de 90<\/strong> destaca por su dise\u00f1o fresco y elegante. La s\u00e1bana <b>bajera en un sereno color verde agua<\/b> aportar\u00e1 calma a tu cama. La <b>s\u00e1bana encimera<\/b> presenta un sofisticado <b>fondo blanco con finas rayas<\/b> en el mismo tono verde agua, rematada con un embozo liso que a\u00f1ade un toque de distinci\u00f3n. La <b>funda de almohada<\/b> sigue el mismo patr\u00f3n de rayas con terminaciones en verde agua, creando una armon\u00eda visual.<\/p>\n<p>Confeccionadas con una mezcla de <b>50% Algod\u00f3n y 50% Poli\u00e9ster<\/b>, estas s\u00e1banas te ofrecen la suavidad natural del algod\u00f3n junto con la resistencia y el <b>f\u00e1cil cuidado<\/b> del poli\u00e9ster.<\/p>\n","protected":false},"featured_media":23272,"comment_status":"open","ping_status":"closed","template":"","meta":[],"product_brand":[1182],"product_cat":[44,654,50],"product_tag":[28,27,23,24,248,26,29],"class_list":{"0":"post-23264","1":"product","2":"type-product","3":"status-publish","4":"has-post-thumbnail","6":"product_brand-mora","7":"product_cat-juego-de-sabanas-en-bilbao-tienda-decoracion-bilbao-santutxu","8":"product_cat-rebajas-bilbao-tienda-decoracion-santutxu","9":"product_cat-ropa-cama-tienda-decoracion-bilbao","10":"product_tag-bilbao","11":"product_tag-decora-zone","12":"product_tag-decoracion","13":"product_tag-hogar","14":"product_tag-juego-de-sabanas","15":"product_tag-ropa-de-cama","16":"product_tag-santutxu","18":"first","19":"instock","20":"shipping-taxable","21":"purchasable","22":"product-type-simple"},"yoast_head":"<!-- This site is optimized with the Yoast SEO plugin v27.5 - https:\/\/yoast.com\/product\/yoast-seo-wordpress\/ -->\n<title>Juego de s\u00e1banas Mora P61 verde agua - Decora-zone<\/title>\n<meta name=\"description\" content=\"Juego de s\u00e1banas Mora P61 verde agua 50% Algod\u00f3n 50% Poli\u00e9ster. Dise\u00f1o de rayas, color verde agua. Bajera para colchones de hasta 30cm. \u00a1F\u00e1cil planchado!\" \/>\n<meta name=\"robots\" content=\"index, follow, max-snippet:-1, max-image-preview:large, max-video-preview:-1\" \/>\n<link rel=\"canonical\" href=\"https:\/\/decora-zone.com\/producto\/juego-de-sabanas-mora-p61-verde-agua\/\" \/>\n<meta property=\"og:locale\" content=\"en_US\" \/>\n<meta property=\"og:type\" content=\"article\" \/>\n<meta property=\"og:title\" content=\"Juego de s\u00e1banas Mora P61 verde agua - Decora-zone\" \/>\n<meta property=\"og:description\" content=\"Juego de s\u00e1banas Mora P61 verde agua 50% Algod\u00f3n 50% Poli\u00e9ster. Dise\u00f1o de rayas, color verde agua. Bajera para colchones de hasta 30cm. \u00a1F\u00e1cil planchado!\" \/>\n<meta property=\"og:url\" content=\"https:\/\/decora-zone.com\/producto\/juego-de-sabanas-mora-p61-verde-agua\/\" \/>\n<meta property=\"og:site_name\" content=\"Decora-zone\" \/>\n<meta property=\"article:publisher\" content=\"https:\/\/www.facebook.com\/decorazone.bilbao\/\" \/>\n<meta property=\"article:modified_time\" content=\"2025-10-29T18:37:16+00:00\" \/>\n<meta property=\"og:image\" content=\"https:\/\/decora-zone.com\/wp-content\/uploads\/2025\/10\/Juego-de-Sabanas-DecoraZoe-Mora-P61-Aqua-C-28a.jpeg\" \/>\n\t<meta property=\"og:image:width\" content=\"1024\" \/>\n\t<meta property=\"og:image:height\" content=\"683\" \/>\n\t<meta property=\"og:image:type\" content=\"image\/jpeg\" \/>\n<meta name=\"twitter:label1\" content=\"Est. reading time\" \/>\n\t<meta name=\"twitter:data1\" content=\"2 minutes\" \/>\n<script type=\"application\/ld+json\" class=\"yoast-schema-graph\">{\"@context\":\"https:\\\/\\\/schema.org\",\"@graph\":[{\"@type\":\"WebPage\",\"@id\":\"https:\\\/\\\/decora-zone.com\\\/producto\\\/juego-de-sabanas-mora-p61-verde-agua\\\/\",\"url\":\"https:\\\/\\\/decora-zone.com\\\/producto\\\/juego-de-sabanas-mora-p61-verde-agua\\\/\",\"name\":\"Juego de s\u00e1banas Mora P61 verde agua - Decora-zone\",\"isPartOf\":{\"@id\":\"https:\\\/\\\/decora-zone.com\\\/#website\"},\"primaryImageOfPage\":{\"@id\":\"https:\\\/\\\/decora-zone.com\\\/producto\\\/juego-de-sabanas-mora-p61-verde-agua\\\/#primaryimage\"},\"image\":{\"@id\":\"https:\\\/\\\/decora-zone.com\\\/producto\\\/juego-de-sabanas-mora-p61-verde-agua\\\/#primaryimage\"},\"thumbnailUrl\":\"https:\\\/\\\/decora-zone.com\\\/wp-content\\\/uploads\\\/2025\\\/10\\\/Juego-de-Sabanas-DecoraZoe-Mora-P61-Aqua-C-28a.jpeg\",\"datePublished\":\"2025-10-29T17:01:53+00:00\",\"dateModified\":\"2025-10-29T18:37:16+00:00\",\"description\":\"Juego de s\u00e1banas Mora P61 verde agua 50% Algod\u00f3n 50% Poli\u00e9ster. Dise\u00f1o de rayas, color verde agua. Bajera para colchones de hasta 30cm. \u00a1F\u00e1cil planchado!\",\"breadcrumb\":{\"@id\":\"https:\\\/\\\/decora-zone.com\\\/producto\\\/juego-de-sabanas-mora-p61-verde-agua\\\/#breadcrumb\"},\"inLanguage\":\"en-US\",\"potentialAction\":[{\"@type\":\"ReadAction\",\"target\":[\"https:\\\/\\\/decora-zone.com\\\/producto\\\/juego-de-sabanas-mora-p61-verde-agua\\\/\"]}]},{\"@type\":\"ImageObject\",\"inLanguage\":\"en-US\",\"@id\":\"https:\\\/\\\/decora-zone.com\\\/producto\\\/juego-de-sabanas-mora-p61-verde-agua\\\/#primaryimage\",\"url\":\"https:\\\/\\\/decora-zone.com\\\/wp-content\\\/uploads\\\/2025\\\/10\\\/Juego-de-Sabanas-DecoraZoe-Mora-P61-Aqua-C-28a.jpeg\",\"contentUrl\":\"https:\\\/\\\/decora-zone.com\\\/wp-content\\\/uploads\\\/2025\\\/10\\\/Juego-de-Sabanas-DecoraZoe-Mora-P61-Aqua-C-28a.jpeg\",\"width\":1024,\"height\":683,\"caption\":\"Juego de s\u00e1banas P-61 verde agua\"},{\"@type\":\"BreadcrumbList\",\"@id\":\"https:\\\/\\\/decora-zone.com\\\/producto\\\/juego-de-sabanas-mora-p61-verde-agua\\\/#breadcrumb\",\"itemListElement\":[{\"@type\":\"ListItem\",\"position\":1,\"name\":\"Portada\",\"item\":\"https:\\\/\\\/decora-zone.com\\\/\"},{\"@type\":\"ListItem\",\"position\":2,\"name\":\"Productos\",\"item\":\"https:\\\/\\\/decora-zone.com\\\/tienda-alfombras-cortinas-bilbao\\\/\"},{\"@type\":\"ListItem\",\"position\":3,\"name\":\"Juego de s\u00e1banas Mora P61 verde agua\"}]},{\"@type\":\"WebSite\",\"@id\":\"https:\\\/\\\/decora-zone.com\\\/#website\",\"url\":\"https:\\\/\\\/decora-zone.com\\\/\",\"name\":\"Decora-zone\",\"description\":\"Especialistas en cortinas y alfombras de dise\u00f1o en Bilbao\",\"publisher\":{\"@id\":\"https:\\\/\\\/decora-zone.com\\\/#organization\"},\"potentialAction\":[{\"@type\":\"SearchAction\",\"target\":{\"@type\":\"EntryPoint\",\"urlTemplate\":\"https:\\\/\\\/decora-zone.com\\\/?s={search_term_string}\"},\"query-input\":{\"@type\":\"PropertyValueSpecification\",\"valueRequired\":true,\"valueName\":\"search_term_string\"}}],\"inLanguage\":\"en-US\"},{\"@type\":\"Organization\",\"@id\":\"https:\\\/\\\/decora-zone.com\\\/#organization\",\"name\":\"Decora-Zone Tienda de Decoraci\u00f3n en Bilbao\",\"url\":\"https:\\\/\\\/decora-zone.com\\\/\",\"logo\":{\"@type\":\"ImageObject\",\"inLanguage\":\"en-US\",\"@id\":\"https:\\\/\\\/decora-zone.com\\\/#\\\/schema\\\/logo\\\/image\\\/\",\"url\":\"https:\\\/\\\/decora-zone.com\\\/wp-content\\\/uploads\\\/2014\\\/02\\\/logotipo-decora-zone-alfombras-cortinas-decoracion-bilbao.jpg\",\"contentUrl\":\"https:\\\/\\\/decora-zone.com\\\/wp-content\\\/uploads\\\/2014\\\/02\\\/logotipo-decora-zone-alfombras-cortinas-decoracion-bilbao.jpg\",\"width\":484,\"height\":230,\"caption\":\"Decora-Zone Tienda de Decoraci\u00f3n en Bilbao\"},\"image\":{\"@id\":\"https:\\\/\\\/decora-zone.com\\\/#\\\/schema\\\/logo\\\/image\\\/\"},\"sameAs\":[\"https:\\\/\\\/www.facebook.com\\\/decorazone.bilbao\\\/\",\"https:\\\/\\\/www.instagram.com\\\/decora_zone_\\\/\",\"https:\\\/\\\/co.pinterest.com\\\/Decora_Zone\\\/\"]}]}<\/script>\n<!-- \/ Yoast SEO plugin. -->","yoast_head_json":{"title":"Juego de s\u00e1banas Mora P61 verde agua - Decora-zone","description":"Juego de s\u00e1banas Mora P61 verde agua 50% Algod\u00f3n 50% Poli\u00e9ster. Dise\u00f1o de rayas, color verde agua. Bajera para colchones de hasta 30cm. \u00a1F\u00e1cil planchado!","robots":{"index":"index","follow":"follow","max-snippet":"max-snippet:-1","max-image-preview":"max-image-preview:large","max-video-preview":"max-video-preview:-1"},"canonical":"https:\/\/decora-zone.com\/producto\/juego-de-sabanas-mora-p61-verde-agua\/","og_locale":"en_US","og_type":"article","og_title":"Juego de s\u00e1banas Mora P61 verde agua - Decora-zone","og_description":"Juego de s\u00e1banas Mora P61 verde agua 50% Algod\u00f3n 50% Poli\u00e9ster. Dise\u00f1o de rayas, color verde agua. Bajera para colchones de hasta 30cm. \u00a1F\u00e1cil planchado!","og_url":"https:\/\/decora-zone.com\/producto\/juego-de-sabanas-mora-p61-verde-agua\/","og_site_name":"Decora-zone","article_publisher":"https:\/\/www.facebook.com\/decorazone.bilbao\/","article_modified_time":"2025-10-29T18:37:16+00:00","og_image":[{"width":1024,"height":683,"url":"https:\/\/decora-zone.com\/wp-content\/uploads\/2025\/10\/Juego-de-Sabanas-DecoraZoe-Mora-P61-Aqua-C-28a.jpeg","type":"image\/jpeg"}],"twitter_misc":{"Est. reading time":"2 minutes"},"schema":{"@context":"https:\/\/schema.org","@graph":[{"@type":"WebPage","@id":"https:\/\/decora-zone.com\/producto\/juego-de-sabanas-mora-p61-verde-agua\/","url":"https:\/\/decora-zone.com\/producto\/juego-de-sabanas-mora-p61-verde-agua\/","name":"Juego de s\u00e1banas Mora P61 verde agua - Decora-zone","isPartOf":{"@id":"https:\/\/decora-zone.com\/#website"},"primaryImageOfPage":{"@id":"https:\/\/decora-zone.com\/producto\/juego-de-sabanas-mora-p61-verde-agua\/#primaryimage"},"image":{"@id":"https:\/\/decora-zone.com\/producto\/juego-de-sabanas-mora-p61-verde-agua\/#primaryimage"},"thumbnailUrl":"https:\/\/decora-zone.com\/wp-content\/uploads\/2025\/10\/Juego-de-Sabanas-DecoraZoe-Mora-P61-Aqua-C-28a.jpeg","datePublished":"2025-10-29T17:01:53+00:00","dateModified":"2025-10-29T18:37:16+00:00","description":"Juego de s\u00e1banas Mora P61 verde agua 50% Algod\u00f3n 50% Poli\u00e9ster. Dise\u00f1o de rayas, color verde agua. Bajera para colchones de hasta 30cm. \u00a1F\u00e1cil planchado!","breadcrumb":{"@id":"https:\/\/decora-zone.com\/producto\/juego-de-sabanas-mora-p61-verde-agua\/#breadcrumb"},"inLanguage":"en-US","potentialAction":[{"@type":"ReadAction","target":["https:\/\/decora-zone.com\/producto\/juego-de-sabanas-mora-p61-verde-agua\/"]}]},{"@type":"ImageObject","inLanguage":"en-US","@id":"https:\/\/decora-zone.com\/producto\/juego-de-sabanas-mora-p61-verde-agua\/#primaryimage","url":"https:\/\/decora-zone.com\/wp-content\/uploads\/2025\/10\/Juego-de-Sabanas-DecoraZoe-Mora-P61-Aqua-C-28a.jpeg","contentUrl":"https:\/\/decora-zone.com\/wp-content\/uploads\/2025\/10\/Juego-de-Sabanas-DecoraZoe-Mora-P61-Aqua-C-28a.jpeg","width":1024,"height":683,"caption":"Juego de s\u00e1banas P-61 verde agua"},{"@type":"BreadcrumbList","@id":"https:\/\/decora-zone.com\/producto\/juego-de-sabanas-mora-p61-verde-agua\/#breadcrumb","itemListElement":[{"@type":"ListItem","position":1,"name":"Portada","item":"https:\/\/decora-zone.com\/"},{"@type":"ListItem","position":2,"name":"Productos","item":"https:\/\/decora-zone.com\/tienda-alfombras-cortinas-bilbao\/"},{"@type":"ListItem","position":3,"name":"Juego de s\u00e1banas Mora P61 verde agua"}]},{"@type":"WebSite","@id":"https:\/\/decora-zone.com\/#website","url":"https:\/\/decora-zone.com\/","name":"Decora-zone","description":"Especialistas en cortinas y alfombras de dise\u00f1o en Bilbao","publisher":{"@id":"https:\/\/decora-zone.com\/#organization"},"potentialAction":[{"@type":"SearchAction","target":{"@type":"EntryPoint","urlTemplate":"https:\/\/decora-zone.com\/?s={search_term_string}"},"query-input":{"@type":"PropertyValueSpecification","valueRequired":true,"valueName":"search_term_string"}}],"inLanguage":"en-US"},{"@type":"Organization","@id":"https:\/\/decora-zone.com\/#organization","name":"Decora-Zone Tienda de Decoraci\u00f3n en Bilbao","url":"https:\/\/decora-zone.com\/","logo":{"@type":"ImageObject","inLanguage":"en-US","@id":"https:\/\/decora-zone.com\/#\/schema\/logo\/image\/","url":"https:\/\/decora-zone.com\/wp-content\/uploads\/2014\/02\/logotipo-decora-zone-alfombras-cortinas-decoracion-bilbao.jpg","contentUrl":"https:\/\/decora-zone.com\/wp-content\/uploads\/2014\/02\/logotipo-decora-zone-alfombras-cortinas-decoracion-bilbao.jpg","width":484,"height":230,"caption":"Decora-Zone Tienda de Decoraci\u00f3n en Bilbao"},"image":{"@id":"https:\/\/decora-zone.com\/#\/schema\/logo\/image\/"},"sameAs":["https:\/\/www.facebook.com\/decorazone.bilbao\/","https:\/\/www.instagram.com\/decora_zone_\/","https:\/\/co.pinterest.com\/Decora_Zone\/"]}]}},"_links":{"self":[{"href":"https:\/\/decora-zone.com\/en\/wp-json\/wp\/v2\/product\/23264","targetHints":{"allow":["GET"]}}],"collection":[{"href":"https:\/\/decora-zone.com\/en\/wp-json\/wp\/v2\/product"}],"about":[{"href":"https:\/\/decora-zone.com\/en\/wp-json\/wp\/v2\/types\/product"}],"replies":[{"embeddable":true,"href":"https:\/\/decora-zone.com\/en\/wp-json\/wp\/v2\/comments?post=23264"}],"wp:featuredmedia":[{"embeddable":true,"href":"https:\/\/decora-zone.com\/en\/wp-json\/wp\/v2\/media\/23272"}],"wp:attachment":[{"href":"https:\/\/decora-zone.com\/en\/wp-json\/wp\/v2\/media?parent=23264"}],"wp:term":[{"taxonomy":"product_brand","embeddable":true,"href":"https:\/\/decora-zone.com\/en\/wp-json\/wp\/v2\/product_brand?post=23264"},{"taxonomy":"product_cat","embeddable":true,"href":"https:\/\/decora-zone.com\/en\/wp-json\/wp\/v2\/product_cat?post=23264"},{"taxonomy":"product_tag","embeddable":true,"href":"https:\/\/decora-zone.com\/en\/wp-json\/wp\/v2\/product_tag?post=23264"}],"curies":[{"name":"wp","href":"https:\/\/api.w.org\/{rel}","templated":true}]}}