{"id":17757,"date":"2024-11-07T14:10:10","date_gmt":"2024-11-07T12:10:10","guid":{"rendered":"https:\/\/decora-zone.com\/?post_type=product&#038;p=17757"},"modified":"2025-03-10T17:51:34","modified_gmt":"2025-03-10T16:51:34","slug":"alfombra-lace","status":"publish","type":"product","link":"https:\/\/decora-zone.com\/en\/producto\/alfombra-lace\/","title":{"rendered":"Alfombra Lace"},"content":{"rendered":"<h1>Alfombra Alfombra Lace<\/h1>\n<h2><strong>100% PET reciclado<\/strong><\/h2>\n<p>La alfombra Lace de Brink &amp; Campman es la opci\u00f3n perfecta para aquellos que buscan estilo y funcionalidad tanto en espacios interiores como exteriores. Confeccionada en un tejido plano y sin pelo, esta alfombra ofrece una est\u00e9tica elegante y moderna, a la vez que es resistente y f\u00e1cil de mantener. Su composici\u00f3n de PET recilado\u00a0 que la hace resistente al agua y de f\u00e1cil limpieza, ideal para ambientes de alto tr\u00e1nsito.<\/p>\n<p>Est\u00e1 disponible en una variedad de colores modernos, como white sand, sage grey-white sand, golden mustard, golden mustard-grey, thyme-pine y grey taupe. Puedes elegir entre varios tama\u00f1os est\u00e1ndar, o solicitar un tama\u00f1o personalizado seg\u00fan tus necesidades.<\/p>\n<p><strong>Caracter\u00edsticas principales:<\/strong><\/p>\n<ul>\n<li><strong>Calidad:<\/strong> Tejido a mano<\/li>\n<li><strong>Estructura:<\/strong> Tejido plano sin pelo.<\/li>\n<li><strong>Material:<\/strong> 100% PET reciclado<\/li>\n<li><strong>Altura total:<\/strong> Aproximadamente 15 mm<\/li>\n<li><strong>Peso total:<\/strong> Aproximadamente 3050 g\/m\u00b2<\/li>\n<li><strong>Tama\u00f1os disponibles:<\/strong>\n<ul>\n<li>140&#215;200 cm<\/li>\n<li>160&#215;230 cm<\/li>\n<li>200&#215;280 cm<\/li>\n<li>250&#215;350 cm<\/li>\n<li>Tama\u00f1os personalizados bajo pedido plazo aproximado de entrega 19 semanas<\/li>\n<\/ul>\n<\/li>\n<li><strong>Antial\u00e9rgica<\/strong><\/li>\n<li><strong>Reversible<\/strong><\/li>\n<li><strong>Resistente al agua:<\/strong> Perfecta para zonas h\u00famedas o al aire libre.<\/li>\n<\/ul>\n<p>Plazo aproximado de entrega 5 semanas.<\/p>\n<h4 class=\"\" data-fontsize=\"32\" data-lineheight=\"48px\">Consejos de Conservaci\u00f3n y Limpieza:<\/h4>\n<ul>\n<li><strong>Limpieza Regular<\/strong>: Aspire la alfombra semanalmente para eliminar el polvo y la suciedad acumulada.<\/li>\n<li><strong>Resistente al Agua<\/strong>: Esta alfombra puede soportar condiciones h\u00famedas, pero se recomienda evitar el contacto prolongado con agua estancada para conservar sus colores vibrantes.<\/li>\n<li><strong>Limpieza de Manchas<\/strong>: Limpie las manchas r\u00e1pidamente con un pa\u00f1o h\u00famedo. Para manchas dif\u00edciles, use una mezcla de agua y jab\u00f3n suave.<\/li>\n<li><strong>Secado al Aire Libre<\/strong>: Si la alfombra se moja, d\u00e9jela secar completamente al aire libre, pero sin exposici\u00f3n directa y prolongada al sol para evitar la decoloraci\u00f3n.<\/li>\n<li><strong>Almacenamiento en Invierno<\/strong>: Si se usa en exteriores, se recomienda guardarla en un lugar cubierto durante el invierno o las temporadas de lluvias intensas para prolongar su vida \u00fatil.<\/li>\n<\/ul>\n<p><strong>Si est\u00e1 interesado en alguno de nuestros art\u00edculos que est\u00e9n sin stock, puede reservarlos poni\u00e9ndose en <a href=\"http:\/\/decora-zone.com\/contacto-decora-zone-alfombras-cortinas-decoracion-bilbao\/\">contacto con nosotros<\/a>.<\/strong><\/p>\n","protected":false},"excerpt":{"rendered":"<h2><strong>100% PET reciclado<\/strong><\/h2>\n<p>La alfombra Lace de Brink &amp; Campman es la opci\u00f3n perfecta para aquellos que buscan estilo y funcionalidad tanto en espacios interiores como exteriores. Confeccionada en un tejido plano y sin pelo, esta alfombra ofrece una est\u00e9tica elegante y moderna, a la vez que es resistente y f\u00e1cil de mantener. Su composici\u00f3n de PET recilado\u00a0 que la hace resistente al agua y de f\u00e1cil limpieza, ideal para ambientes de alto tr\u00e1nsito.<\/p>\n<p>Est\u00e1 disponible en una variedad de colores modernos, como white sand, sage grey-white sand, golden mustard, golden mustard-grey, thyme-pine y grey taupe. Puedes elegir entre varios tama\u00f1os est\u00e1ndar, o solicitar un tama\u00f1o personalizado seg\u00fan tus necesidades.<\/p>\n","protected":false},"featured_media":17787,"comment_status":"open","ping_status":"closed","template":"","meta":[],"product_brand":[],"product_cat":[21,487],"product_tag":[1063,1070,1072,1071,1059,32,521,28,61,27,23,486,24,372,1061,29],"class_list":{"0":"post-17757","1":"product","2":"type-product","3":"status-publish","4":"has-post-thumbnail","6":"product_cat-alfombras-bilbao-tienda-decoracion-santutxu","7":"product_cat-alfombras-de-exterior-en-bilbao-tienda-decoracion-bilbao-santutxu","8":"product_tag-alfombra-exterior","9":"product_tag-alfombra-exterior-interior","10":"product_tag-alfombra-lace","11":"product_tag-alfombra-reversible","12":"product_tag-alfombra-sostenible","13":"product_tag-alfombras","14":"product_tag-antialergicas","15":"product_tag-bilbao","16":"product_tag-brink-campman","17":"product_tag-decora-zone","18":"product_tag-decoracion","19":"product_tag-exterior","20":"product_tag-hogar","21":"product_tag-redonda","22":"product_tag-reversible","23":"product_tag-santutxu","24":"pa_medida-140x200cm","25":"pa_medida-160x230cm","26":"pa_medida-200x280cm","27":"pa_medida-250x350cm","29":"first","30":"outofstock","31":"shipping-taxable","32":"purchasable","33":"product-type-variable"},"yoast_head":"<!-- This site is optimized with the Yoast SEO plugin v27.5 - https:\/\/yoast.com\/product\/yoast-seo-wordpress\/ -->\n<title>Alfombra Lace - Decora-zone<\/title>\n<meta name=\"description\" content=\"Alfombra Lace ideal para interiores y exteriores, disponible en varios colores y tama\u00f1os. Resistente al agua, reversible y de f\u00e1cil limpieza.\" \/>\n<meta name=\"robots\" content=\"index, follow, max-snippet:-1, max-image-preview:large, max-video-preview:-1\" \/>\n<link rel=\"canonical\" href=\"https:\/\/decora-zone.com\/producto\/alfombra-lace\/\" \/>\n<meta property=\"og:locale\" content=\"en_US\" \/>\n<meta property=\"og:type\" content=\"article\" \/>\n<meta property=\"og:title\" content=\"Alfombra Lace - Decora-zone\" \/>\n<meta property=\"og:description\" content=\"Alfombra Lace ideal para interiores y exteriores, disponible en varios colores y tama\u00f1os. Resistente al agua, reversible y de f\u00e1cil limpieza.\" \/>\n<meta property=\"og:url\" content=\"https:\/\/decora-zone.com\/producto\/alfombra-lace\/\" \/>\n<meta property=\"og:site_name\" content=\"Decora-zone\" \/>\n<meta property=\"article:publisher\" content=\"https:\/\/www.facebook.com\/decorazone.bilbao\/\" \/>\n<meta property=\"article:modified_time\" content=\"2025-03-10T16:51:34+00:00\" \/>\n<meta property=\"og:image\" content=\"https:\/\/decora-zone.com\/wp-content\/uploads\/2024\/11\/Alfombra-Exterior-Decorazone-Lace-Sage-grey-white-sand-497201a.jpg\" \/>\n\t<meta property=\"og:image:width\" content=\"982\" \/>\n\t<meta property=\"og:image:height\" content=\"1310\" \/>\n\t<meta property=\"og:image:type\" content=\"image\/jpeg\" \/>\n<meta name=\"twitter:label1\" content=\"Est. reading time\" \/>\n\t<meta name=\"twitter:data1\" content=\"2 minutes\" \/>\n<script type=\"application\/ld+json\" class=\"yoast-schema-graph\">{\"@context\":\"https:\\\/\\\/schema.org\",\"@graph\":[{\"@type\":\"WebPage\",\"@id\":\"https:\\\/\\\/decora-zone.com\\\/producto\\\/alfombra-lace\\\/\",\"url\":\"https:\\\/\\\/decora-zone.com\\\/producto\\\/alfombra-lace\\\/\",\"name\":\"Alfombra Lace - Decora-zone\",\"isPartOf\":{\"@id\":\"https:\\\/\\\/decora-zone.com\\\/#website\"},\"primaryImageOfPage\":{\"@id\":\"https:\\\/\\\/decora-zone.com\\\/producto\\\/alfombra-lace\\\/#primaryimage\"},\"image\":{\"@id\":\"https:\\\/\\\/decora-zone.com\\\/producto\\\/alfombra-lace\\\/#primaryimage\"},\"thumbnailUrl\":\"https:\\\/\\\/decora-zone.com\\\/wp-content\\\/uploads\\\/2024\\\/11\\\/Alfombra-Exterior-Decorazone-Lace-Sage-grey-white-sand-497201a.jpg\",\"datePublished\":\"2024-11-07T12:10:10+00:00\",\"dateModified\":\"2025-03-10T16:51:34+00:00\",\"description\":\"Alfombra Lace ideal para interiores y exteriores, disponible en varios colores y tama\u00f1os. Resistente al agua, reversible y de f\u00e1cil limpieza.\",\"breadcrumb\":{\"@id\":\"https:\\\/\\\/decora-zone.com\\\/producto\\\/alfombra-lace\\\/#breadcrumb\"},\"inLanguage\":\"en-US\",\"potentialAction\":[{\"@type\":\"ReadAction\",\"target\":[\"https:\\\/\\\/decora-zone.com\\\/producto\\\/alfombra-lace\\\/\"]}]},{\"@type\":\"ImageObject\",\"inLanguage\":\"en-US\",\"@id\":\"https:\\\/\\\/decora-zone.com\\\/producto\\\/alfombra-lace\\\/#primaryimage\",\"url\":\"https:\\\/\\\/decora-zone.com\\\/wp-content\\\/uploads\\\/2024\\\/11\\\/Alfombra-Exterior-Decorazone-Lace-Sage-grey-white-sand-497201a.jpg\",\"contentUrl\":\"https:\\\/\\\/decora-zone.com\\\/wp-content\\\/uploads\\\/2024\\\/11\\\/Alfombra-Exterior-Decorazone-Lace-Sage-grey-white-sand-497201a.jpg\",\"width\":982,\"height\":1310,\"caption\":\"Alfomfra Lace Sage grey white sand\"},{\"@type\":\"BreadcrumbList\",\"@id\":\"https:\\\/\\\/decora-zone.com\\\/producto\\\/alfombra-lace\\\/#breadcrumb\",\"itemListElement\":[{\"@type\":\"ListItem\",\"position\":1,\"name\":\"Portada\",\"item\":\"https:\\\/\\\/decora-zone.com\\\/\"},{\"@type\":\"ListItem\",\"position\":2,\"name\":\"Productos\",\"item\":\"https:\\\/\\\/decora-zone.com\\\/tienda-alfombras-cortinas-bilbao\\\/\"},{\"@type\":\"ListItem\",\"position\":3,\"name\":\"Alfombra Lace\"}]},{\"@type\":\"WebSite\",\"@id\":\"https:\\\/\\\/decora-zone.com\\\/#website\",\"url\":\"https:\\\/\\\/decora-zone.com\\\/\",\"name\":\"Decora-zone\",\"description\":\"Especialistas en cortinas y alfombras de dise\u00f1o en Bilbao\",\"publisher\":{\"@id\":\"https:\\\/\\\/decora-zone.com\\\/#organization\"},\"potentialAction\":[{\"@type\":\"SearchAction\",\"target\":{\"@type\":\"EntryPoint\",\"urlTemplate\":\"https:\\\/\\\/decora-zone.com\\\/?s={search_term_string}\"},\"query-input\":{\"@type\":\"PropertyValueSpecification\",\"valueRequired\":true,\"valueName\":\"search_term_string\"}}],\"inLanguage\":\"en-US\"},{\"@type\":\"Organization\",\"@id\":\"https:\\\/\\\/decora-zone.com\\\/#organization\",\"name\":\"Decora-Zone Tienda de Decoraci\u00f3n en Bilbao\",\"url\":\"https:\\\/\\\/decora-zone.com\\\/\",\"logo\":{\"@type\":\"ImageObject\",\"inLanguage\":\"en-US\",\"@id\":\"https:\\\/\\\/decora-zone.com\\\/#\\\/schema\\\/logo\\\/image\\\/\",\"url\":\"https:\\\/\\\/decora-zone.com\\\/wp-content\\\/uploads\\\/2014\\\/02\\\/logotipo-decora-zone-alfombras-cortinas-decoracion-bilbao.jpg\",\"contentUrl\":\"https:\\\/\\\/decora-zone.com\\\/wp-content\\\/uploads\\\/2014\\\/02\\\/logotipo-decora-zone-alfombras-cortinas-decoracion-bilbao.jpg\",\"width\":484,\"height\":230,\"caption\":\"Decora-Zone Tienda de Decoraci\u00f3n en Bilbao\"},\"image\":{\"@id\":\"https:\\\/\\\/decora-zone.com\\\/#\\\/schema\\\/logo\\\/image\\\/\"},\"sameAs\":[\"https:\\\/\\\/www.facebook.com\\\/decorazone.bilbao\\\/\",\"https:\\\/\\\/www.instagram.com\\\/decora_zone_\\\/\",\"https:\\\/\\\/co.pinterest.com\\\/Decora_Zone\\\/\"]}]}<\/script>\n<!-- \/ Yoast SEO plugin. -->","yoast_head_json":{"title":"Alfombra Lace - Decora-zone","description":"Alfombra Lace ideal para interiores y exteriores, disponible en varios colores y tama\u00f1os. Resistente al agua, reversible y de f\u00e1cil limpieza.","robots":{"index":"index","follow":"follow","max-snippet":"max-snippet:-1","max-image-preview":"max-image-preview:large","max-video-preview":"max-video-preview:-1"},"canonical":"https:\/\/decora-zone.com\/producto\/alfombra-lace\/","og_locale":"en_US","og_type":"article","og_title":"Alfombra Lace - Decora-zone","og_description":"Alfombra Lace ideal para interiores y exteriores, disponible en varios colores y tama\u00f1os. Resistente al agua, reversible y de f\u00e1cil limpieza.","og_url":"https:\/\/decora-zone.com\/producto\/alfombra-lace\/","og_site_name":"Decora-zone","article_publisher":"https:\/\/www.facebook.com\/decorazone.bilbao\/","article_modified_time":"2025-03-10T16:51:34+00:00","og_image":[{"width":982,"height":1310,"url":"https:\/\/decora-zone.com\/wp-content\/uploads\/2024\/11\/Alfombra-Exterior-Decorazone-Lace-Sage-grey-white-sand-497201a.jpg","type":"image\/jpeg"}],"twitter_misc":{"Est. reading time":"2 minutes"},"schema":{"@context":"https:\/\/schema.org","@graph":[{"@type":"WebPage","@id":"https:\/\/decora-zone.com\/producto\/alfombra-lace\/","url":"https:\/\/decora-zone.com\/producto\/alfombra-lace\/","name":"Alfombra Lace - Decora-zone","isPartOf":{"@id":"https:\/\/decora-zone.com\/#website"},"primaryImageOfPage":{"@id":"https:\/\/decora-zone.com\/producto\/alfombra-lace\/#primaryimage"},"image":{"@id":"https:\/\/decora-zone.com\/producto\/alfombra-lace\/#primaryimage"},"thumbnailUrl":"https:\/\/decora-zone.com\/wp-content\/uploads\/2024\/11\/Alfombra-Exterior-Decorazone-Lace-Sage-grey-white-sand-497201a.jpg","datePublished":"2024-11-07T12:10:10+00:00","dateModified":"2025-03-10T16:51:34+00:00","description":"Alfombra Lace ideal para interiores y exteriores, disponible en varios colores y tama\u00f1os. Resistente al agua, reversible y de f\u00e1cil limpieza.","breadcrumb":{"@id":"https:\/\/decora-zone.com\/producto\/alfombra-lace\/#breadcrumb"},"inLanguage":"en-US","potentialAction":[{"@type":"ReadAction","target":["https:\/\/decora-zone.com\/producto\/alfombra-lace\/"]}]},{"@type":"ImageObject","inLanguage":"en-US","@id":"https:\/\/decora-zone.com\/producto\/alfombra-lace\/#primaryimage","url":"https:\/\/decora-zone.com\/wp-content\/uploads\/2024\/11\/Alfombra-Exterior-Decorazone-Lace-Sage-grey-white-sand-497201a.jpg","contentUrl":"https:\/\/decora-zone.com\/wp-content\/uploads\/2024\/11\/Alfombra-Exterior-Decorazone-Lace-Sage-grey-white-sand-497201a.jpg","width":982,"height":1310,"caption":"Alfomfra Lace Sage grey white sand"},{"@type":"BreadcrumbList","@id":"https:\/\/decora-zone.com\/producto\/alfombra-lace\/#breadcrumb","itemListElement":[{"@type":"ListItem","position":1,"name":"Portada","item":"https:\/\/decora-zone.com\/"},{"@type":"ListItem","position":2,"name":"Productos","item":"https:\/\/decora-zone.com\/tienda-alfombras-cortinas-bilbao\/"},{"@type":"ListItem","position":3,"name":"Alfombra Lace"}]},{"@type":"WebSite","@id":"https:\/\/decora-zone.com\/#website","url":"https:\/\/decora-zone.com\/","name":"Decora-zone","description":"Especialistas en cortinas y alfombras de dise\u00f1o en Bilbao","publisher":{"@id":"https:\/\/decora-zone.com\/#organization"},"potentialAction":[{"@type":"SearchAction","target":{"@type":"EntryPoint","urlTemplate":"https:\/\/decora-zone.com\/?s={search_term_string}"},"query-input":{"@type":"PropertyValueSpecification","valueRequired":true,"valueName":"search_term_string"}}],"inLanguage":"en-US"},{"@type":"Organization","@id":"https:\/\/decora-zone.com\/#organization","name":"Decora-Zone Tienda de Decoraci\u00f3n en Bilbao","url":"https:\/\/decora-zone.com\/","logo":{"@type":"ImageObject","inLanguage":"en-US","@id":"https:\/\/decora-zone.com\/#\/schema\/logo\/image\/","url":"https:\/\/decora-zone.com\/wp-content\/uploads\/2014\/02\/logotipo-decora-zone-alfombras-cortinas-decoracion-bilbao.jpg","contentUrl":"https:\/\/decora-zone.com\/wp-content\/uploads\/2014\/02\/logotipo-decora-zone-alfombras-cortinas-decoracion-bilbao.jpg","width":484,"height":230,"caption":"Decora-Zone Tienda de Decoraci\u00f3n en Bilbao"},"image":{"@id":"https:\/\/decora-zone.com\/#\/schema\/logo\/image\/"},"sameAs":["https:\/\/www.facebook.com\/decorazone.bilbao\/","https:\/\/www.instagram.com\/decora_zone_\/","https:\/\/co.pinterest.com\/Decora_Zone\/"]}]}},"_links":{"self":[{"href":"https:\/\/decora-zone.com\/en\/wp-json\/wp\/v2\/product\/17757","targetHints":{"allow":["GET"]}}],"collection":[{"href":"https:\/\/decora-zone.com\/en\/wp-json\/wp\/v2\/product"}],"about":[{"href":"https:\/\/decora-zone.com\/en\/wp-json\/wp\/v2\/types\/product"}],"replies":[{"embeddable":true,"href":"https:\/\/decora-zone.com\/en\/wp-json\/wp\/v2\/comments?post=17757"}],"wp:featuredmedia":[{"embeddable":true,"href":"https:\/\/decora-zone.com\/en\/wp-json\/wp\/v2\/media\/17787"}],"wp:attachment":[{"href":"https:\/\/decora-zone.com\/en\/wp-json\/wp\/v2\/media?parent=17757"}],"wp:term":[{"taxonomy":"product_brand","embeddable":true,"href":"https:\/\/decora-zone.com\/en\/wp-json\/wp\/v2\/product_brand?post=17757"},{"taxonomy":"product_cat","embeddable":true,"href":"https:\/\/decora-zone.com\/en\/wp-json\/wp\/v2\/product_cat?post=17757"},{"taxonomy":"product_tag","embeddable":true,"href":"https:\/\/decora-zone.com\/en\/wp-json\/wp\/v2\/product_tag?post=17757"}],"curies":[{"name":"wp","href":"https:\/\/api.w.org\/{rel}","templated":true}]}}