{"id":17725,"date":"2024-11-06T19:43:39","date_gmt":"2024-11-06T17:43:39","guid":{"rendered":"https:\/\/decora-zone.com\/?post_type=product&#038;p=17725"},"modified":"2025-03-10T17:51:35","modified_gmt":"2025-03-10T16:51:35","slug":"alfombra-lace-tricolore","status":"publish","type":"product","link":"https:\/\/decora-zone.com\/en\/producto\/alfombra-lace-tricolore\/","title":{"rendered":"Alfombra Lace Tricolore"},"content":{"rendered":"<h1>Alfombra Alfombra Lace Tricolore<\/h1>\n<h2><strong>100% PET reciclado<\/strong><\/h2>\n<p>A\u00f1ade estilo y funcionalidad a tus espacios interiores y exteriores con la alfombra Lace Tricolore de Brink &amp; Campman. Esta alfombra, hecha a mano con hilos 100% reciclados de PET, combina elegancia y sostenibilidad gracias a su composici\u00f3n, que la hace resistente al agua y de f\u00e1cil limpieza. Su dise\u00f1o en tejido plano sin pelo aporta una textura duradera y vers\u00e1til, ideal para ambientes con mucho tr\u00e1nsito. Est\u00e1 disponible en tres combinaciones de colores: white-sand-mango, terra-rust-green y thyme-grey-pink, y en varios tama\u00f1os para adaptarse a cualquier espacio. Tambi\u00e9n puedes solicitar tama\u00f1os personalizados.<\/p>\n<p><strong>Caracter\u00edsticas principales:<\/strong><\/p>\n<ul>\n<li><strong>Calidad:<\/strong> Tejido a mano<\/li>\n<li><strong>Estructura:<\/strong> Tejido plano sin pelo.<\/li>\n<li><strong>Material:<\/strong> 100% PET reciclado<\/li>\n<li><strong>Altura total:<\/strong> Aproximadamente 15 mm<\/li>\n<li><strong>Peso total:<\/strong> Aproximadamente 3050 g\/m\u00b2<\/li>\n<li><strong>Tama\u00f1os disponibles:<\/strong>\n<ul>\n<li>140&#215;200 cm<\/li>\n<li>160&#215;230 cm<\/li>\n<li>200&#215;280 cm<\/li>\n<li>250&#215;350 cm<\/li>\n<li>Tama\u00f1os personalizados bajo pedido plazo aproximado de entrega 19 semanas<\/li>\n<\/ul>\n<\/li>\n<li><strong>Antial\u00e9rgica<\/strong><\/li>\n<li><strong>Reversible<\/strong><\/li>\n<li><strong>Resistente al agua:<\/strong> Perfecta para zonas h\u00famedas o al aire libre.<\/li>\n<\/ul>\n<p>Plazo aproximado de entrega 5 semanas.<\/p>\n<h4 class=\"\" data-fontsize=\"32\" data-lineheight=\"48px\">Consejos de Conservaci\u00f3n y Limpieza:<\/h4>\n<ul>\n<li><strong>Limpieza Regular<\/strong>: Aspire la alfombra semanalmente para eliminar el polvo y la suciedad acumulada.<\/li>\n<li><strong>Resistente al Agua<\/strong>: Esta alfombra puede soportar condiciones h\u00famedas, pero se recomienda evitar el contacto prolongado con agua estancada para conservar sus colores vibrantes.<\/li>\n<li><strong>Limpieza de Manchas<\/strong>: Limpie las manchas r\u00e1pidamente con un pa\u00f1o h\u00famedo. Para manchas dif\u00edciles, use una mezcla de agua y jab\u00f3n suave.<\/li>\n<li><strong>Secado al Aire Libre<\/strong>: Si la alfombra se moja, d\u00e9jela secar completamente al aire libre, pero sin exposici\u00f3n directa y prolongada al sol para evitar la decoloraci\u00f3n.<\/li>\n<li><strong>Almacenamiento en Invierno<\/strong>: Si se usa en exteriores, se recomienda guardarla en un lugar cubierto durante el invierno o las temporadas de lluvias intensas para prolongar su vida \u00fatil.<\/li>\n<\/ul>\n<p><strong>Si est\u00e1 interesado en alguno de nuestros art\u00edculos que est\u00e9n sin stock, puede reservarlos poni\u00e9ndose en <a href=\"http:\/\/decora-zone.com\/contacto-decora-zone-alfombras-cortinas-decoracion-bilbao\/\">contacto con nosotros<\/a>.<\/strong><\/p>\n","protected":false},"excerpt":{"rendered":"<h2><strong>100% PET reciclado<\/strong><\/h2>\n<p>A\u00f1ade estilo y funcionalidad a tus espacios interiores y exteriores con la alfombra Lace Tricolore de Brink &amp; Campman. Esta alfombra, hecha a mano con hilos 100% reciclados de PET, combina elegancia y sostenibilidad gracias a su composici\u00f3n, que la hace resistente al agua y de f\u00e1cil limpieza. Su dise\u00f1o en tejido plano sin pelo aporta una textura duradera y vers\u00e1til, ideal para ambientes con mucho tr\u00e1nsito. Est\u00e1 disponible en tres combinaciones de colores: white-sand-mango, terra-rust-green y thyme-grey-pink, y en varios tama\u00f1os para adaptarse a cualquier espacio. Tambi\u00e9n puedes solicitar tama\u00f1os personalizados.<\/p>\n","protected":false},"featured_media":17741,"comment_status":"open","ping_status":"closed","template":"","meta":[],"product_brand":[],"product_cat":[21,487],"product_tag":[1063,1070,1069,1071,1059,32,521,28,61,27,23,486,24,372,1061,29,783],"class_list":{"0":"post-17725","1":"product","2":"type-product","3":"status-publish","4":"has-post-thumbnail","6":"product_cat-alfombras-bilbao-tienda-decoracion-santutxu","7":"product_cat-alfombras-de-exterior-en-bilbao-tienda-decoracion-bilbao-santutxu","8":"product_tag-alfombra-exterior","9":"product_tag-alfombra-exterior-interior","10":"product_tag-alfombra-lace-tricolore","11":"product_tag-alfombra-reversible","12":"product_tag-alfombra-sostenible","13":"product_tag-alfombras","14":"product_tag-antialergicas","15":"product_tag-bilbao","16":"product_tag-brink-campman","17":"product_tag-decora-zone","18":"product_tag-decoracion","19":"product_tag-exterior","20":"product_tag-hogar","21":"product_tag-redonda","22":"product_tag-reversible","23":"product_tag-santutxu","24":"product_tag-scion","25":"pa_medida-140x200cm","26":"pa_medida-160x230cm","27":"pa_medida-200x280cm","28":"pa_medida-250x350cm","30":"first","31":"outofstock","32":"shipping-taxable","33":"purchasable","34":"product-type-variable"},"yoast_head":"<!-- This site is optimized with the Yoast SEO plugin v27.5 - https:\/\/yoast.com\/product\/yoast-seo-wordpress\/ -->\n<title>Alfombra Lace Tricolore - Decora-zone<\/title>\n<meta name=\"description\" content=\"Alfombra Lace Tricolore: para interiores y exteriores, fabricada en PET reciclado. Resistente al agua, reversible, y disponible en varios tama\u00f1os y colores.\" \/>\n<meta name=\"robots\" content=\"index, follow, max-snippet:-1, max-image-preview:large, max-video-preview:-1\" \/>\n<link rel=\"canonical\" href=\"https:\/\/decora-zone.com\/producto\/alfombra-lace-tricolore\/\" \/>\n<meta property=\"og:locale\" content=\"en_US\" \/>\n<meta property=\"og:type\" content=\"article\" \/>\n<meta property=\"og:title\" content=\"Alfombra Lace Tricolore - Decora-zone\" \/>\n<meta property=\"og:description\" content=\"Alfombra Lace Tricolore: para interiores y exteriores, fabricada en PET reciclado. Resistente al agua, reversible, y disponible en varios tama\u00f1os y colores.\" \/>\n<meta property=\"og:url\" content=\"https:\/\/decora-zone.com\/producto\/alfombra-lace-tricolore\/\" \/>\n<meta property=\"og:site_name\" content=\"Decora-zone\" \/>\n<meta property=\"article:publisher\" content=\"https:\/\/www.facebook.com\/decorazone.bilbao\/\" \/>\n<meta property=\"article:modified_time\" content=\"2025-03-10T16:51:35+00:00\" \/>\n<meta property=\"og:image\" content=\"https:\/\/decora-zone.com\/wp-content\/uploads\/2024\/11\/Alfombra-In-Outdoor-Decorazone-Lace-White-Sand-Mango-496901a.jpg\" \/>\n\t<meta property=\"og:image:width\" content=\"1488\" \/>\n\t<meta property=\"og:image:height\" content=\"1116\" \/>\n\t<meta property=\"og:image:type\" content=\"image\/jpeg\" \/>\n<meta name=\"twitter:label1\" content=\"Est. reading time\" \/>\n\t<meta name=\"twitter:data1\" content=\"2 minutes\" \/>\n<script type=\"application\/ld+json\" class=\"yoast-schema-graph\">{\"@context\":\"https:\\\/\\\/schema.org\",\"@graph\":[{\"@type\":\"WebPage\",\"@id\":\"https:\\\/\\\/decora-zone.com\\\/producto\\\/alfombra-lace-tricolore\\\/\",\"url\":\"https:\\\/\\\/decora-zone.com\\\/producto\\\/alfombra-lace-tricolore\\\/\",\"name\":\"Alfombra Lace Tricolore - Decora-zone\",\"isPartOf\":{\"@id\":\"https:\\\/\\\/decora-zone.com\\\/#website\"},\"primaryImageOfPage\":{\"@id\":\"https:\\\/\\\/decora-zone.com\\\/producto\\\/alfombra-lace-tricolore\\\/#primaryimage\"},\"image\":{\"@id\":\"https:\\\/\\\/decora-zone.com\\\/producto\\\/alfombra-lace-tricolore\\\/#primaryimage\"},\"thumbnailUrl\":\"https:\\\/\\\/decora-zone.com\\\/wp-content\\\/uploads\\\/2024\\\/11\\\/Alfombra-In-Outdoor-Decorazone-Lace-White-Sand-Mango-496901a.jpg\",\"datePublished\":\"2024-11-06T17:43:39+00:00\",\"dateModified\":\"2025-03-10T16:51:35+00:00\",\"description\":\"Alfombra Lace Tricolore: para interiores y exteriores, fabricada en PET reciclado. Resistente al agua, reversible, y disponible en varios tama\u00f1os y colores.\",\"breadcrumb\":{\"@id\":\"https:\\\/\\\/decora-zone.com\\\/producto\\\/alfombra-lace-tricolore\\\/#breadcrumb\"},\"inLanguage\":\"en-US\",\"potentialAction\":[{\"@type\":\"ReadAction\",\"target\":[\"https:\\\/\\\/decora-zone.com\\\/producto\\\/alfombra-lace-tricolore\\\/\"]}]},{\"@type\":\"ImageObject\",\"inLanguage\":\"en-US\",\"@id\":\"https:\\\/\\\/decora-zone.com\\\/producto\\\/alfombra-lace-tricolore\\\/#primaryimage\",\"url\":\"https:\\\/\\\/decora-zone.com\\\/wp-content\\\/uploads\\\/2024\\\/11\\\/Alfombra-In-Outdoor-Decorazone-Lace-White-Sand-Mango-496901a.jpg\",\"contentUrl\":\"https:\\\/\\\/decora-zone.com\\\/wp-content\\\/uploads\\\/2024\\\/11\\\/Alfombra-In-Outdoor-Decorazone-Lace-White-Sand-Mango-496901a.jpg\",\"width\":1488,\"height\":1116,\"caption\":\"Alfombra Lace Tricolore white-sand-mango\"},{\"@type\":\"BreadcrumbList\",\"@id\":\"https:\\\/\\\/decora-zone.com\\\/producto\\\/alfombra-lace-tricolore\\\/#breadcrumb\",\"itemListElement\":[{\"@type\":\"ListItem\",\"position\":1,\"name\":\"Portada\",\"item\":\"https:\\\/\\\/decora-zone.com\\\/\"},{\"@type\":\"ListItem\",\"position\":2,\"name\":\"Productos\",\"item\":\"https:\\\/\\\/decora-zone.com\\\/tienda-alfombras-cortinas-bilbao\\\/\"},{\"@type\":\"ListItem\",\"position\":3,\"name\":\"Alfombra Lace Tricolore\"}]},{\"@type\":\"WebSite\",\"@id\":\"https:\\\/\\\/decora-zone.com\\\/#website\",\"url\":\"https:\\\/\\\/decora-zone.com\\\/\",\"name\":\"Decora-zone\",\"description\":\"Especialistas en cortinas y alfombras de dise\u00f1o en Bilbao\",\"publisher\":{\"@id\":\"https:\\\/\\\/decora-zone.com\\\/#organization\"},\"potentialAction\":[{\"@type\":\"SearchAction\",\"target\":{\"@type\":\"EntryPoint\",\"urlTemplate\":\"https:\\\/\\\/decora-zone.com\\\/?s={search_term_string}\"},\"query-input\":{\"@type\":\"PropertyValueSpecification\",\"valueRequired\":true,\"valueName\":\"search_term_string\"}}],\"inLanguage\":\"en-US\"},{\"@type\":\"Organization\",\"@id\":\"https:\\\/\\\/decora-zone.com\\\/#organization\",\"name\":\"Decora-Zone Tienda de Decoraci\u00f3n en Bilbao\",\"url\":\"https:\\\/\\\/decora-zone.com\\\/\",\"logo\":{\"@type\":\"ImageObject\",\"inLanguage\":\"en-US\",\"@id\":\"https:\\\/\\\/decora-zone.com\\\/#\\\/schema\\\/logo\\\/image\\\/\",\"url\":\"https:\\\/\\\/decora-zone.com\\\/wp-content\\\/uploads\\\/2014\\\/02\\\/logotipo-decora-zone-alfombras-cortinas-decoracion-bilbao.jpg\",\"contentUrl\":\"https:\\\/\\\/decora-zone.com\\\/wp-content\\\/uploads\\\/2014\\\/02\\\/logotipo-decora-zone-alfombras-cortinas-decoracion-bilbao.jpg\",\"width\":484,\"height\":230,\"caption\":\"Decora-Zone Tienda de Decoraci\u00f3n en Bilbao\"},\"image\":{\"@id\":\"https:\\\/\\\/decora-zone.com\\\/#\\\/schema\\\/logo\\\/image\\\/\"},\"sameAs\":[\"https:\\\/\\\/www.facebook.com\\\/decorazone.bilbao\\\/\",\"https:\\\/\\\/www.instagram.com\\\/decora_zone_\\\/\",\"https:\\\/\\\/co.pinterest.com\\\/Decora_Zone\\\/\"]}]}<\/script>\n<!-- \/ Yoast SEO plugin. -->","yoast_head_json":{"title":"Alfombra Lace Tricolore - Decora-zone","description":"Alfombra Lace Tricolore: para interiores y exteriores, fabricada en PET reciclado. Resistente al agua, reversible, y disponible en varios tama\u00f1os y colores.","robots":{"index":"index","follow":"follow","max-snippet":"max-snippet:-1","max-image-preview":"max-image-preview:large","max-video-preview":"max-video-preview:-1"},"canonical":"https:\/\/decora-zone.com\/producto\/alfombra-lace-tricolore\/","og_locale":"en_US","og_type":"article","og_title":"Alfombra Lace Tricolore - Decora-zone","og_description":"Alfombra Lace Tricolore: para interiores y exteriores, fabricada en PET reciclado. Resistente al agua, reversible, y disponible en varios tama\u00f1os y colores.","og_url":"https:\/\/decora-zone.com\/producto\/alfombra-lace-tricolore\/","og_site_name":"Decora-zone","article_publisher":"https:\/\/www.facebook.com\/decorazone.bilbao\/","article_modified_time":"2025-03-10T16:51:35+00:00","og_image":[{"width":1488,"height":1116,"url":"https:\/\/decora-zone.com\/wp-content\/uploads\/2024\/11\/Alfombra-In-Outdoor-Decorazone-Lace-White-Sand-Mango-496901a.jpg","type":"image\/jpeg"}],"twitter_misc":{"Est. reading time":"2 minutes"},"schema":{"@context":"https:\/\/schema.org","@graph":[{"@type":"WebPage","@id":"https:\/\/decora-zone.com\/producto\/alfombra-lace-tricolore\/","url":"https:\/\/decora-zone.com\/producto\/alfombra-lace-tricolore\/","name":"Alfombra Lace Tricolore - Decora-zone","isPartOf":{"@id":"https:\/\/decora-zone.com\/#website"},"primaryImageOfPage":{"@id":"https:\/\/decora-zone.com\/producto\/alfombra-lace-tricolore\/#primaryimage"},"image":{"@id":"https:\/\/decora-zone.com\/producto\/alfombra-lace-tricolore\/#primaryimage"},"thumbnailUrl":"https:\/\/decora-zone.com\/wp-content\/uploads\/2024\/11\/Alfombra-In-Outdoor-Decorazone-Lace-White-Sand-Mango-496901a.jpg","datePublished":"2024-11-06T17:43:39+00:00","dateModified":"2025-03-10T16:51:35+00:00","description":"Alfombra Lace Tricolore: para interiores y exteriores, fabricada en PET reciclado. Resistente al agua, reversible, y disponible en varios tama\u00f1os y colores.","breadcrumb":{"@id":"https:\/\/decora-zone.com\/producto\/alfombra-lace-tricolore\/#breadcrumb"},"inLanguage":"en-US","potentialAction":[{"@type":"ReadAction","target":["https:\/\/decora-zone.com\/producto\/alfombra-lace-tricolore\/"]}]},{"@type":"ImageObject","inLanguage":"en-US","@id":"https:\/\/decora-zone.com\/producto\/alfombra-lace-tricolore\/#primaryimage","url":"https:\/\/decora-zone.com\/wp-content\/uploads\/2024\/11\/Alfombra-In-Outdoor-Decorazone-Lace-White-Sand-Mango-496901a.jpg","contentUrl":"https:\/\/decora-zone.com\/wp-content\/uploads\/2024\/11\/Alfombra-In-Outdoor-Decorazone-Lace-White-Sand-Mango-496901a.jpg","width":1488,"height":1116,"caption":"Alfombra Lace Tricolore white-sand-mango"},{"@type":"BreadcrumbList","@id":"https:\/\/decora-zone.com\/producto\/alfombra-lace-tricolore\/#breadcrumb","itemListElement":[{"@type":"ListItem","position":1,"name":"Portada","item":"https:\/\/decora-zone.com\/"},{"@type":"ListItem","position":2,"name":"Productos","item":"https:\/\/decora-zone.com\/tienda-alfombras-cortinas-bilbao\/"},{"@type":"ListItem","position":3,"name":"Alfombra Lace Tricolore"}]},{"@type":"WebSite","@id":"https:\/\/decora-zone.com\/#website","url":"https:\/\/decora-zone.com\/","name":"Decora-zone","description":"Especialistas en cortinas y alfombras de dise\u00f1o en Bilbao","publisher":{"@id":"https:\/\/decora-zone.com\/#organization"},"potentialAction":[{"@type":"SearchAction","target":{"@type":"EntryPoint","urlTemplate":"https:\/\/decora-zone.com\/?s={search_term_string}"},"query-input":{"@type":"PropertyValueSpecification","valueRequired":true,"valueName":"search_term_string"}}],"inLanguage":"en-US"},{"@type":"Organization","@id":"https:\/\/decora-zone.com\/#organization","name":"Decora-Zone Tienda de Decoraci\u00f3n en Bilbao","url":"https:\/\/decora-zone.com\/","logo":{"@type":"ImageObject","inLanguage":"en-US","@id":"https:\/\/decora-zone.com\/#\/schema\/logo\/image\/","url":"https:\/\/decora-zone.com\/wp-content\/uploads\/2014\/02\/logotipo-decora-zone-alfombras-cortinas-decoracion-bilbao.jpg","contentUrl":"https:\/\/decora-zone.com\/wp-content\/uploads\/2014\/02\/logotipo-decora-zone-alfombras-cortinas-decoracion-bilbao.jpg","width":484,"height":230,"caption":"Decora-Zone Tienda de Decoraci\u00f3n en Bilbao"},"image":{"@id":"https:\/\/decora-zone.com\/#\/schema\/logo\/image\/"},"sameAs":["https:\/\/www.facebook.com\/decorazone.bilbao\/","https:\/\/www.instagram.com\/decora_zone_\/","https:\/\/co.pinterest.com\/Decora_Zone\/"]}]}},"_links":{"self":[{"href":"https:\/\/decora-zone.com\/en\/wp-json\/wp\/v2\/product\/17725","targetHints":{"allow":["GET"]}}],"collection":[{"href":"https:\/\/decora-zone.com\/en\/wp-json\/wp\/v2\/product"}],"about":[{"href":"https:\/\/decora-zone.com\/en\/wp-json\/wp\/v2\/types\/product"}],"replies":[{"embeddable":true,"href":"https:\/\/decora-zone.com\/en\/wp-json\/wp\/v2\/comments?post=17725"}],"wp:featuredmedia":[{"embeddable":true,"href":"https:\/\/decora-zone.com\/en\/wp-json\/wp\/v2\/media\/17741"}],"wp:attachment":[{"href":"https:\/\/decora-zone.com\/en\/wp-json\/wp\/v2\/media?parent=17725"}],"wp:term":[{"taxonomy":"product_brand","embeddable":true,"href":"https:\/\/decora-zone.com\/en\/wp-json\/wp\/v2\/product_brand?post=17725"},{"taxonomy":"product_cat","embeddable":true,"href":"https:\/\/decora-zone.com\/en\/wp-json\/wp\/v2\/product_cat?post=17725"},{"taxonomy":"product_tag","embeddable":true,"href":"https:\/\/decora-zone.com\/en\/wp-json\/wp\/v2\/product_tag?post=17725"}],"curies":[{"name":"wp","href":"https:\/\/api.w.org\/{rel}","templated":true}]}}