{"id":17398,"date":"2024-07-17T13:24:17","date_gmt":"2024-07-17T11:24:17","guid":{"rendered":"https:\/\/decora-zone.com\/?post_type=product&#038;p=17398"},"modified":"2025-03-10T17:51:41","modified_gmt":"2025-03-10T16:51:41","slug":"alfombra-shade","status":"publish","type":"product","link":"https:\/\/decora-zone.com\/en\/producto\/alfombra-shade\/","title":{"rendered":"Alfombra Shade"},"content":{"rendered":"<h1><strong>Alfombra Shade<\/strong><\/h1>\n<h2><strong>100% Pura Lana Virgen<\/strong><\/h2>\n<p>Descubre la sofisticaci\u00f3n y el lujo de la alfombra Shade de Brink &amp; Campman, disponible en pelo corto o largo y en una gama de 8 colores deslumbrantes. Esta alfombra \u00fanica est\u00e1 dise\u00f1ada con un elegante degradado que va de tonos oscuros a claros, a\u00f1adiendo profundidad y estilo a cualquier espacio. Fabricada con pura lana virgen, la alfombra Shade no solo ofrece una belleza inigualable, sino tambi\u00e9n una durabilidad excepcional.<\/p>\n<h3 data-sourcepos=\"7:1-7:27\"><span style=\"font-size: 12pt;\"><strong>Disponible en dos alturas de pelo para adaptarse a sus necesidades:<\/strong><\/span><\/h3>\n<ul data-sourcepos=\"9:1-9:88\">\n<li data-sourcepos=\"9:1-9:88\"><strong>Shade Low:<\/strong> Con un pelo corto de 18 mm, ideal para espacios de alto tr\u00e1nsito o para aquellos que buscan una superficie m\u00e1s f\u00e1cil de limpiar.<\/li>\n<li data-sourcepos=\"10:1-11:0\"><strong>Shade High:<\/strong> Con un pelo largo de 45 mm, perfecto para crear un ambiente acogedor y lujoso en salas de estar, dormitorios o zonas de descanso.<\/li>\n<\/ul>\n<p>La alfombra Shade est\u00e1 elaborada con lana virgen 100%, un material natural conocido por su resistencia, durabilidad y propiedades aislantes. La lana tambi\u00e9n es resistente a las manchas, lo que la convierte en una opci\u00f3n ideal para hogares con ni\u00f1os o mascotas.<\/p>\n<h4><strong>Caracter\u00edsticas de la alfombra Shade Low:<\/strong><\/h4>\n<ul>\n<li><strong>Material:<\/strong> Pura lana virgen.<\/li>\n<li><strong>Peso total:<\/strong> Aproximadamente 4000 gr\/m\u00b2.<\/li>\n<li><strong>Peso del pelo:<\/strong> Aproximadamente 2650 gr\/m\u00b2.<\/li>\n<li><strong>Altura del pelo:<\/strong> Aproximadamente 18 mm.<\/li>\n<li><strong>Tama\u00f1os disponibles:<\/strong>\n<ul>\n<li>170&#215;240 cm\u00a0<\/li>\n<li>200&#215;300 cm<\/li>\n<li>250&#215;350 cm<\/li>\n<\/ul>\n<\/li>\n<li><strong>Tama\u00f1os personalizados disponibles a solicitud.<\/strong><\/li>\n<\/ul>\n<h4><strong>Caracter\u00edsticas de la alfombra Shade High:<\/strong><\/h4>\n<ul>\n<li><strong>Material:<\/strong> Pura lana virgen.<\/li>\n<li><strong>Peso total:<\/strong> Aproximadamente 3750 gr\/m\u00b2.<\/li>\n<li><strong>Peso del pelo:<\/strong> Aproximadamente 2380 gr\/m\u00b2.<\/li>\n<li><strong>Altura del pelo:<\/strong> Aproximadamente 45 mm.<\/li>\n<li><strong>Tama\u00f1os disponibles:<\/strong>\n<ul>\n<li>170&#215;240 cm<\/li>\n<li>200&#215;300 cm<\/li>\n<li>250&#215;350 cm<\/li>\n<\/ul>\n<\/li>\n<li><strong>Tama\u00f1os personalizados disponibles a solicitud.<\/strong><\/li>\n<\/ul>\n<p><strong>Consejo de limpieza:<\/strong> Para mantener la alfombra Shade en perfectas condiciones, se recomienda aspirar regularmente con un accesorio de cepillo suave. En caso de derrames, absorba inmediatamente con un pa\u00f1o limpio y seco, y evite frotar para no da\u00f1ar las fibras. Para una limpieza profunda, se recomienda acudir a un profesional.<\/p>\n<p>Todas las medidas son aproximadas, puede haber una variaci\u00f3n de hasta un 5%<\/p>\n<p>Tambi\u00e9n disponible en medidas especiales<\/p>\n<p>Plazo aproximado de entrega 5 semanas<\/p>\n<p><strong>Si est\u00e1 interesado en alguno de nuestros art\u00edculos que est\u00e9n sin stock, puede reservarlos poni\u00e9ndose en <a href=\"https:\/\/decora-zone.com\/contacto-decora-zone-alfombras-cortinas-decoracion-bilbao\/\">contacto con nosotros<\/a>.<\/strong><\/p>\n","protected":false},"excerpt":{"rendered":"<h2><strong>100% Pura Lana Virgen<\/strong><\/h2>\n<p>Descubre la sofisticaci\u00f3n y el lujo de la alfombra Shade de Brink &amp; Campman, disponible en pelo corto o largo y en una gama de 8 colores deslumbrantes. Esta alfombra \u00fanica est\u00e1 dise\u00f1ada con un elegante degradado que va de tonos oscuros a claros, a\u00f1adiendo profundidad y estilo a cualquier espacio. Fabricada con pura lana virgen, la alfombra Shade no solo ofrece una belleza inigualable, sino tambi\u00e9n una durabilidad excepcional.<\/p>\n<h3 data-sourcepos=\"7:1-7:27\"><span style=\"font-size: 12pt;\"><strong>Disponible en dos alturas de pelo para adaptarse a sus necesidades:<\/strong><\/span><\/h3>\n<ul data-sourcepos=\"9:1-9:88\">\n<li data-sourcepos=\"9:1-9:88\"><strong>Shade Low:<\/strong> Con un pelo corto de 18 mm, ideal para espacios de alto tr\u00e1nsito o para aquellos que buscan una superficie m\u00e1s f\u00e1cil de limpiar.<\/li>\n<li data-sourcepos=\"10:1-11:0\"><strong>Shade High:<\/strong> Con un pelo largo de 45 mm, perfecto para crear un ambiente acogedor y lujoso en salas de estar, dormitorios o zonas de descanso.<\/li>\n<\/ul>\n<p>La alfombra Shade est\u00e1 elaborada con lana virgen 100%, un material natural conocido por su resistencia, durabilidad y propiedades aislantes. La lana tambi\u00e9n es resistente a las manchas, lo que la convierte en una opci\u00f3n ideal para hogares con ni\u00f1os o mascotas.<\/p>\n","protected":false},"featured_media":17457,"comment_status":"open","ping_status":"closed","template":"","meta":[],"product_brand":[],"product_cat":[21,57,78],"product_tag":[1006,1009,1008,1004,1007,1003,32,28,61,27,23,1005,24,30,29,77],"class_list":{"0":"post-17398","1":"product","2":"type-product","3":"status-publish","4":"has-post-thumbnail","6":"product_cat-alfombras-bilbao-tienda-decoracion-santutxu","7":"product_cat-alfombras-lana-bilbao-tienda-decoracion-santutxu","8":"product_cat-alfombras-shaggyen-bilbao-tienda-decoracion-bilbao-santutxu","9":"product_tag-alffombra-pelo-largo","10":"product_tag-alfombra-de-diseno","11":"product_tag-alfombra-de-lujo","12":"product_tag-alfombra-degradada","13":"product_tag-alfombra-moderna","14":"product_tag-alfombra-shade","15":"product_tag-alfombras","16":"product_tag-bilbao","17":"product_tag-brink-campman","18":"product_tag-decora-zone","19":"product_tag-decoracion","20":"product_tag-decoracion-interiores","21":"product_tag-hogar","22":"product_tag-lana","23":"product_tag-santutxu","24":"product_tag-shaggy","25":"pa_medida-170x240cm","26":"pa_medida-200x300cm","27":"pa_medida-250x350cm","29":"first","30":"outofstock","31":"shipping-taxable","32":"purchasable","33":"product-type-variable"},"yoast_head":"<!-- This site is optimized with the Yoast SEO plugin v27.5 - https:\/\/yoast.com\/product\/yoast-seo-wordpress\/ -->\n<title>Alfombra Shade - Decora-zone<\/title>\n<meta name=\"description\" content=\"Alfombra Shade de Brink &amp; Campman, disponible en pelo corto o largo y en 8 colores. Dise\u00f1o degradado, pura lana virgen. \u00a1Eleva tu espacio con estilo!\" \/>\n<meta name=\"robots\" content=\"index, follow, max-snippet:-1, max-image-preview:large, max-video-preview:-1\" \/>\n<link rel=\"canonical\" href=\"https:\/\/decora-zone.com\/producto\/alfombra-shade\/\" \/>\n<meta property=\"og:locale\" content=\"en_US\" \/>\n<meta property=\"og:type\" content=\"article\" \/>\n<meta property=\"og:title\" content=\"Alfombra Shade - Decora-zone\" \/>\n<meta property=\"og:description\" content=\"Alfombra Shade de Brink &amp; Campman, disponible en pelo corto o largo y en 8 colores. Dise\u00f1o degradado, pura lana virgen. \u00a1Eleva tu espacio con estilo!\" \/>\n<meta property=\"og:url\" content=\"https:\/\/decora-zone.com\/producto\/alfombra-shade\/\" \/>\n<meta property=\"og:site_name\" content=\"Decora-zone\" \/>\n<meta property=\"article:publisher\" content=\"https:\/\/www.facebook.com\/decorazone.bilbao\/\" \/>\n<meta property=\"article:modified_time\" content=\"2025-03-10T16:51:41+00:00\" \/>\n<meta property=\"og:image\" content=\"https:\/\/decora-zone.com\/wp-content\/uploads\/2024\/07\/Alfombra-lana-Decorazone-Shade-high-silver-polar-night-011904a.jpg\" \/>\n\t<meta property=\"og:image:width\" content=\"1488\" \/>\n\t<meta property=\"og:image:height\" content=\"1116\" \/>\n\t<meta property=\"og:image:type\" content=\"image\/jpeg\" \/>\n<meta name=\"twitter:label1\" content=\"Est. reading time\" \/>\n\t<meta name=\"twitter:data1\" content=\"2 minutes\" \/>\n<script type=\"application\/ld+json\" class=\"yoast-schema-graph\">{\"@context\":\"https:\\\/\\\/schema.org\",\"@graph\":[{\"@type\":\"WebPage\",\"@id\":\"https:\\\/\\\/decora-zone.com\\\/producto\\\/alfombra-shade\\\/\",\"url\":\"https:\\\/\\\/decora-zone.com\\\/producto\\\/alfombra-shade\\\/\",\"name\":\"Alfombra Shade - Decora-zone\",\"isPartOf\":{\"@id\":\"https:\\\/\\\/decora-zone.com\\\/#website\"},\"primaryImageOfPage\":{\"@id\":\"https:\\\/\\\/decora-zone.com\\\/producto\\\/alfombra-shade\\\/#primaryimage\"},\"image\":{\"@id\":\"https:\\\/\\\/decora-zone.com\\\/producto\\\/alfombra-shade\\\/#primaryimage\"},\"thumbnailUrl\":\"https:\\\/\\\/decora-zone.com\\\/wp-content\\\/uploads\\\/2024\\\/07\\\/Alfombra-lana-Decorazone-Shade-high-silver-polar-night-011904a.jpg\",\"datePublished\":\"2024-07-17T11:24:17+00:00\",\"dateModified\":\"2025-03-10T16:51:41+00:00\",\"description\":\"Alfombra Shade de Brink & Campman, disponible en pelo corto o largo y en 8 colores. Dise\u00f1o degradado, pura lana virgen. \u00a1Eleva tu espacio con estilo!\",\"breadcrumb\":{\"@id\":\"https:\\\/\\\/decora-zone.com\\\/producto\\\/alfombra-shade\\\/#breadcrumb\"},\"inLanguage\":\"en-US\",\"potentialAction\":[{\"@type\":\"ReadAction\",\"target\":[\"https:\\\/\\\/decora-zone.com\\\/producto\\\/alfombra-shade\\\/\"]}]},{\"@type\":\"ImageObject\",\"inLanguage\":\"en-US\",\"@id\":\"https:\\\/\\\/decora-zone.com\\\/producto\\\/alfombra-shade\\\/#primaryimage\",\"url\":\"https:\\\/\\\/decora-zone.com\\\/wp-content\\\/uploads\\\/2024\\\/07\\\/Alfombra-lana-Decorazone-Shade-high-silver-polar-night-011904a.jpg\",\"contentUrl\":\"https:\\\/\\\/decora-zone.com\\\/wp-content\\\/uploads\\\/2024\\\/07\\\/Alfombra-lana-Decorazone-Shade-high-silver-polar-night-011904a.jpg\",\"width\":1488,\"height\":1116,\"caption\":\"Alfombra Shade high silver\\\/polar night\"},{\"@type\":\"BreadcrumbList\",\"@id\":\"https:\\\/\\\/decora-zone.com\\\/producto\\\/alfombra-shade\\\/#breadcrumb\",\"itemListElement\":[{\"@type\":\"ListItem\",\"position\":1,\"name\":\"Portada\",\"item\":\"https:\\\/\\\/decora-zone.com\\\/\"},{\"@type\":\"ListItem\",\"position\":2,\"name\":\"Productos\",\"item\":\"https:\\\/\\\/decora-zone.com\\\/tienda-alfombras-cortinas-bilbao\\\/\"},{\"@type\":\"ListItem\",\"position\":3,\"name\":\"Alfombra Shade\"}]},{\"@type\":\"WebSite\",\"@id\":\"https:\\\/\\\/decora-zone.com\\\/#website\",\"url\":\"https:\\\/\\\/decora-zone.com\\\/\",\"name\":\"Decora-zone\",\"description\":\"Especialistas en cortinas y alfombras de dise\u00f1o en Bilbao\",\"publisher\":{\"@id\":\"https:\\\/\\\/decora-zone.com\\\/#organization\"},\"potentialAction\":[{\"@type\":\"SearchAction\",\"target\":{\"@type\":\"EntryPoint\",\"urlTemplate\":\"https:\\\/\\\/decora-zone.com\\\/?s={search_term_string}\"},\"query-input\":{\"@type\":\"PropertyValueSpecification\",\"valueRequired\":true,\"valueName\":\"search_term_string\"}}],\"inLanguage\":\"en-US\"},{\"@type\":\"Organization\",\"@id\":\"https:\\\/\\\/decora-zone.com\\\/#organization\",\"name\":\"Decora-Zone Tienda de Decoraci\u00f3n en Bilbao\",\"url\":\"https:\\\/\\\/decora-zone.com\\\/\",\"logo\":{\"@type\":\"ImageObject\",\"inLanguage\":\"en-US\",\"@id\":\"https:\\\/\\\/decora-zone.com\\\/#\\\/schema\\\/logo\\\/image\\\/\",\"url\":\"https:\\\/\\\/decora-zone.com\\\/wp-content\\\/uploads\\\/2014\\\/02\\\/logotipo-decora-zone-alfombras-cortinas-decoracion-bilbao.jpg\",\"contentUrl\":\"https:\\\/\\\/decora-zone.com\\\/wp-content\\\/uploads\\\/2014\\\/02\\\/logotipo-decora-zone-alfombras-cortinas-decoracion-bilbao.jpg\",\"width\":484,\"height\":230,\"caption\":\"Decora-Zone Tienda de Decoraci\u00f3n en Bilbao\"},\"image\":{\"@id\":\"https:\\\/\\\/decora-zone.com\\\/#\\\/schema\\\/logo\\\/image\\\/\"},\"sameAs\":[\"https:\\\/\\\/www.facebook.com\\\/decorazone.bilbao\\\/\",\"https:\\\/\\\/www.instagram.com\\\/decora_zone_\\\/\",\"https:\\\/\\\/co.pinterest.com\\\/Decora_Zone\\\/\"]}]}<\/script>\n<!-- \/ Yoast SEO plugin. -->","yoast_head_json":{"title":"Alfombra Shade - Decora-zone","description":"Alfombra Shade de Brink & Campman, disponible en pelo corto o largo y en 8 colores. Dise\u00f1o degradado, pura lana virgen. \u00a1Eleva tu espacio con estilo!","robots":{"index":"index","follow":"follow","max-snippet":"max-snippet:-1","max-image-preview":"max-image-preview:large","max-video-preview":"max-video-preview:-1"},"canonical":"https:\/\/decora-zone.com\/producto\/alfombra-shade\/","og_locale":"en_US","og_type":"article","og_title":"Alfombra Shade - Decora-zone","og_description":"Alfombra Shade de Brink & Campman, disponible en pelo corto o largo y en 8 colores. Dise\u00f1o degradado, pura lana virgen. \u00a1Eleva tu espacio con estilo!","og_url":"https:\/\/decora-zone.com\/producto\/alfombra-shade\/","og_site_name":"Decora-zone","article_publisher":"https:\/\/www.facebook.com\/decorazone.bilbao\/","article_modified_time":"2025-03-10T16:51:41+00:00","og_image":[{"width":1488,"height":1116,"url":"https:\/\/decora-zone.com\/wp-content\/uploads\/2024\/07\/Alfombra-lana-Decorazone-Shade-high-silver-polar-night-011904a.jpg","type":"image\/jpeg"}],"twitter_misc":{"Est. reading time":"2 minutes"},"schema":{"@context":"https:\/\/schema.org","@graph":[{"@type":"WebPage","@id":"https:\/\/decora-zone.com\/producto\/alfombra-shade\/","url":"https:\/\/decora-zone.com\/producto\/alfombra-shade\/","name":"Alfombra Shade - Decora-zone","isPartOf":{"@id":"https:\/\/decora-zone.com\/#website"},"primaryImageOfPage":{"@id":"https:\/\/decora-zone.com\/producto\/alfombra-shade\/#primaryimage"},"image":{"@id":"https:\/\/decora-zone.com\/producto\/alfombra-shade\/#primaryimage"},"thumbnailUrl":"https:\/\/decora-zone.com\/wp-content\/uploads\/2024\/07\/Alfombra-lana-Decorazone-Shade-high-silver-polar-night-011904a.jpg","datePublished":"2024-07-17T11:24:17+00:00","dateModified":"2025-03-10T16:51:41+00:00","description":"Alfombra Shade de Brink & Campman, disponible en pelo corto o largo y en 8 colores. Dise\u00f1o degradado, pura lana virgen. \u00a1Eleva tu espacio con estilo!","breadcrumb":{"@id":"https:\/\/decora-zone.com\/producto\/alfombra-shade\/#breadcrumb"},"inLanguage":"en-US","potentialAction":[{"@type":"ReadAction","target":["https:\/\/decora-zone.com\/producto\/alfombra-shade\/"]}]},{"@type":"ImageObject","inLanguage":"en-US","@id":"https:\/\/decora-zone.com\/producto\/alfombra-shade\/#primaryimage","url":"https:\/\/decora-zone.com\/wp-content\/uploads\/2024\/07\/Alfombra-lana-Decorazone-Shade-high-silver-polar-night-011904a.jpg","contentUrl":"https:\/\/decora-zone.com\/wp-content\/uploads\/2024\/07\/Alfombra-lana-Decorazone-Shade-high-silver-polar-night-011904a.jpg","width":1488,"height":1116,"caption":"Alfombra Shade high silver\/polar night"},{"@type":"BreadcrumbList","@id":"https:\/\/decora-zone.com\/producto\/alfombra-shade\/#breadcrumb","itemListElement":[{"@type":"ListItem","position":1,"name":"Portada","item":"https:\/\/decora-zone.com\/"},{"@type":"ListItem","position":2,"name":"Productos","item":"https:\/\/decora-zone.com\/tienda-alfombras-cortinas-bilbao\/"},{"@type":"ListItem","position":3,"name":"Alfombra Shade"}]},{"@type":"WebSite","@id":"https:\/\/decora-zone.com\/#website","url":"https:\/\/decora-zone.com\/","name":"Decora-zone","description":"Especialistas en cortinas y alfombras de dise\u00f1o en Bilbao","publisher":{"@id":"https:\/\/decora-zone.com\/#organization"},"potentialAction":[{"@type":"SearchAction","target":{"@type":"EntryPoint","urlTemplate":"https:\/\/decora-zone.com\/?s={search_term_string}"},"query-input":{"@type":"PropertyValueSpecification","valueRequired":true,"valueName":"search_term_string"}}],"inLanguage":"en-US"},{"@type":"Organization","@id":"https:\/\/decora-zone.com\/#organization","name":"Decora-Zone Tienda de Decoraci\u00f3n en Bilbao","url":"https:\/\/decora-zone.com\/","logo":{"@type":"ImageObject","inLanguage":"en-US","@id":"https:\/\/decora-zone.com\/#\/schema\/logo\/image\/","url":"https:\/\/decora-zone.com\/wp-content\/uploads\/2014\/02\/logotipo-decora-zone-alfombras-cortinas-decoracion-bilbao.jpg","contentUrl":"https:\/\/decora-zone.com\/wp-content\/uploads\/2014\/02\/logotipo-decora-zone-alfombras-cortinas-decoracion-bilbao.jpg","width":484,"height":230,"caption":"Decora-Zone Tienda de Decoraci\u00f3n en Bilbao"},"image":{"@id":"https:\/\/decora-zone.com\/#\/schema\/logo\/image\/"},"sameAs":["https:\/\/www.facebook.com\/decorazone.bilbao\/","https:\/\/www.instagram.com\/decora_zone_\/","https:\/\/co.pinterest.com\/Decora_Zone\/"]}]}},"_links":{"self":[{"href":"https:\/\/decora-zone.com\/en\/wp-json\/wp\/v2\/product\/17398","targetHints":{"allow":["GET"]}}],"collection":[{"href":"https:\/\/decora-zone.com\/en\/wp-json\/wp\/v2\/product"}],"about":[{"href":"https:\/\/decora-zone.com\/en\/wp-json\/wp\/v2\/types\/product"}],"replies":[{"embeddable":true,"href":"https:\/\/decora-zone.com\/en\/wp-json\/wp\/v2\/comments?post=17398"}],"wp:featuredmedia":[{"embeddable":true,"href":"https:\/\/decora-zone.com\/en\/wp-json\/wp\/v2\/media\/17457"}],"wp:attachment":[{"href":"https:\/\/decora-zone.com\/en\/wp-json\/wp\/v2\/media?parent=17398"}],"wp:term":[{"taxonomy":"product_brand","embeddable":true,"href":"https:\/\/decora-zone.com\/en\/wp-json\/wp\/v2\/product_brand?post=17398"},{"taxonomy":"product_cat","embeddable":true,"href":"https:\/\/decora-zone.com\/en\/wp-json\/wp\/v2\/product_cat?post=17398"},{"taxonomy":"product_tag","embeddable":true,"href":"https:\/\/decora-zone.com\/en\/wp-json\/wp\/v2\/product_tag?post=17398"}],"curies":[{"name":"wp","href":"https:\/\/api.w.org\/{rel}","templated":true}]}}