{"id":17066,"date":"2024-06-25T10:53:40","date_gmt":"2024-06-25T08:53:40","guid":{"rendered":"https:\/\/decora-zone.com\/?post_type=product&#038;p=17066"},"modified":"2025-03-10T17:51:44","modified_gmt":"2025-03-10T16:51:44","slug":"alfombra-jazz","status":"publish","type":"product","link":"https:\/\/decora-zone.com\/en\/producto\/alfombra-jazz\/","title":{"rendered":"Alfombra Jazz"},"content":{"rendered":"<h1><strong>Alfombra Jazz<\/strong><\/h1>\n<h2><strong>100% Pura Lana Virgen<\/strong><\/h2>\n<h3>Elegancia y Confort en Lana Tufted<\/h3>\n<p>Descubre la sofisticaci\u00f3n y calidad de la <strong>alfombra Jazz de Brink &amp; Campman<\/strong>, una pieza \u00fanica que aporta calidez y estilo a cualquier espacio. Fabricada en lana de alta calidad mediante la t\u00e9cnica tufted, la alfombra Jazz est\u00e1 disponible en tres variantes, adapt\u00e1ndose a tus necesidades de decoraci\u00f3n y confort:<\/p>\n<ul>\n<li data-sourcepos=\"7:1-7:1\">\n<p class=\"\" data-sourcepos=\"7:3-7:162\"><strong class=\"\">Jazz Modest:<\/strong> Una opci\u00f3n de pelo bajo (17 mm) con un peso total de 3650 gr\/m2 y un peso del pelo de 2250 gr\/m2, ideal para ambientes minimalistas y modernos.<\/p>\n<\/li>\n<li data-sourcepos=\"9:1-9:145\">\n<p data-sourcepos=\"9:3-9:145\"><strong>Jazz Lush:<\/strong> Si buscas mayor opulencia, la versi\u00f3n de pelo alto (10\/70 mm) Jazz Lush te conquistar\u00e1 con su peso total de 6190 gr\/m2 y un peso del pelo de 4790 gr\/m2, aportando calidez y textura a tu espacio.<\/p>\n<\/li>\n<li data-sourcepos=\"11:1-12:0\">\n<p data-sourcepos=\"11:3-11:202\"><strong>Jazz Dense:<\/strong> Para los amantes del estilo loop, Jazz Dense ofrece un pelo corto (5 mm) con un peso total de 3100 gr\/m2 y un peso del pelo de 1700 gr\/m2, creando una superficie resistente y elegante.<\/p>\n<\/li>\n<\/ul>\n<p>Fabricada con lana de alta calidad, esta alfombra es suave al tacto, resistente al desgaste y naturalmente aislante del fr\u00edo y el ruido. Disponibles en dos elegantes colores, las alfombras Jazz combinan perfectamente con cualquier estilo de decoraci\u00f3n. No es solo un elemento decorativo, es una inversi\u00f3n en la comodidad y el bienestar de tu hogar.<\/p>\n<p>Todas las medidas son aproximadas, puede haber una variaci\u00f3n de hasta un 5%<\/p>\n<p>Tambi\u00e9n disponible en medidas especiales<\/p>\n<p>Plazo aproximado de entrega 5 semanas<\/p>\n<h4><strong>Limpieza y mantenimiento:<\/strong><\/h4>\n<p>Para mantener la alfombra Jazz en buen estado, se recomienda aspirar regularmente para eliminar el polvo y las suciedades superficiales. En caso de mancha, se recomienda actuar lo antes posible para evitar que se fije. Se puede utilizar un pa\u00f1o h\u00famedo con un poco de jab\u00f3n neutro para limpiar la mancha. Para una limpieza m\u00e1s profunda, se recomienda llevar la alfombra a una tintorer\u00eda especializada. No utilice producto abrasivos para limpiar la alfombra, podr\u00edan da\u00f1ar el material.<\/p>\n<p><strong>Si est\u00e1 interesado en alguno de nuestros art\u00edculos que est\u00e9n sin stock, puede reservarlos poni\u00e9ndose en <a href=\"https:\/\/decora-zone.com\/contacto-decora-zone-alfombras-cortinas-decoracion-bilbao\/\">contacto con nosotros<\/a>.<\/strong><\/p>\n","protected":false},"excerpt":{"rendered":"<h2><strong>100% Pura Lana Virgen<\/strong><\/h2>\n<h3>Elegancia y Confort en Lana Tufted<\/h3>\n<p>Descubre la sofisticaci\u00f3n y calidad de la <strong>alfombra Jazz de Brink &amp; Campman<\/strong>, una pieza \u00fanica que aporta calidez y estilo a cualquier espacio. Fabricada en lana de alta calidad mediante la t\u00e9cnica tufted, la alfombra Jazz est\u00e1 disponible en tres variantes, adapt\u00e1ndose a tus necesidades de decoraci\u00f3n y confort:<\/p>\n<ul>\n<li data-sourcepos=\"7:1-7:1\">\n<p class=\"\" data-sourcepos=\"7:3-7:162\"><strong class=\"\">Jazz Modest:<\/strong> Una opci\u00f3n de pelo bajo (17 mm) con un peso total de 3650 gr\/m2 y un peso del pelo de 2250 gr\/m2, ideal para ambientes minimalistas y modernos.<\/p>\n<\/li>\n<li data-sourcepos=\"9:1-9:145\">\n<p data-sourcepos=\"9:3-9:145\"><strong>Jazz Lush:<\/strong> Si buscas mayor opulencia, la versi\u00f3n de pelo alto (10\/70 mm) Jazz Lush te conquistar\u00e1 con su peso total de 6190 gr\/m2 y un peso del pelo de 4790 gr\/m2, aportando calidez y textura a tu espacio.<\/p>\n<\/li>\n<li data-sourcepos=\"11:1-12:0\">\n<p data-sourcepos=\"11:3-11:202\"><strong>Jazz Dense:<\/strong> Para los amantes del estilo loop, Jazz Dense ofrece un pelo corto (5 mm) con un peso total de 3100 gr\/m2 y un peso del pelo de 1700 gr\/m2, creando una superficie resistente y elegante.<\/p>\n<\/li>\n<\/ul>\n<p>Fabricada con lana de alta calidad, esta alfombra es suave al tacto, resistente al desgaste y naturalmente aislante del fr\u00edo y el ruido. Disponibles en dos elegantes colores, las alfombras Jazz combinan perfectamente con cualquier estilo de decoraci\u00f3n. No es solo un elemento decorativo, es una inversi\u00f3n en la comodidad y el bienestar de tu hogar.<\/p>\n","protected":false},"featured_media":17100,"comment_status":"open","ping_status":"closed","template":"","meta":[],"product_brand":[],"product_cat":[21,57,78],"product_tag":[32,28,61,27,23,24,30,29,77],"class_list":{"0":"post-17066","1":"product","2":"type-product","3":"status-publish","4":"has-post-thumbnail","6":"product_cat-alfombras-bilbao-tienda-decoracion-santutxu","7":"product_cat-alfombras-lana-bilbao-tienda-decoracion-santutxu","8":"product_cat-alfombras-shaggyen-bilbao-tienda-decoracion-bilbao-santutxu","9":"product_tag-alfombras","10":"product_tag-bilbao","11":"product_tag-brink-campman","12":"product_tag-decora-zone","13":"product_tag-decoracion","14":"product_tag-hogar","15":"product_tag-lana","16":"product_tag-santutxu","17":"product_tag-shaggy","18":"pa_medida-140x200cm","19":"pa_medida-170x240cm","20":"pa_medida-200x300cm","21":"pa_medida-250x350cm","23":"first","24":"outofstock","25":"shipping-taxable","26":"purchasable","27":"product-type-variable"},"yoast_head":"<!-- This site is optimized with the Yoast SEO plugin v27.5 - https:\/\/yoast.com\/product\/yoast-seo-wordpress\/ -->\n<title>Alfombra Jazz - Decora-zone<\/title>\n<meta name=\"description\" content=\"Descubre la elegancia y confort de la alfombra Jazz de Brink &amp; Campman en nuestra tienda de decoraci\u00f3n en Bilbao. Disponible en 2 colores y 3 estilos.\" \/>\n<meta name=\"robots\" content=\"index, follow, max-snippet:-1, max-image-preview:large, max-video-preview:-1\" \/>\n<link rel=\"canonical\" href=\"https:\/\/decora-zone.com\/producto\/alfombra-jazz\/\" \/>\n<meta property=\"og:locale\" content=\"en_US\" \/>\n<meta property=\"og:type\" content=\"article\" \/>\n<meta property=\"og:title\" content=\"Alfombra Jazz - Decora-zone\" \/>\n<meta property=\"og:description\" content=\"Descubre la elegancia y confort de la alfombra Jazz de Brink &amp; Campman en nuestra tienda de decoraci\u00f3n en Bilbao. Disponible en 2 colores y 3 estilos.\" \/>\n<meta property=\"og:url\" content=\"https:\/\/decora-zone.com\/producto\/alfombra-jazz\/\" \/>\n<meta property=\"og:site_name\" content=\"Decora-zone\" \/>\n<meta property=\"article:publisher\" content=\"https:\/\/www.facebook.com\/decorazone.bilbao\/\" \/>\n<meta property=\"article:modified_time\" content=\"2025-03-10T16:51:44+00:00\" \/>\n<meta property=\"og:image\" content=\"https:\/\/decora-zone.com\/wp-content\/uploads\/2024\/06\/Alfombra-lana-Decorazone-Jazz-Lush-Seventies-Sway-158704a.jpg\" \/>\n\t<meta property=\"og:image:width\" content=\"800\" \/>\n\t<meta property=\"og:image:height\" content=\"1200\" \/>\n\t<meta property=\"og:image:type\" content=\"image\/jpeg\" \/>\n<meta name=\"twitter:label1\" content=\"Est. reading time\" \/>\n\t<meta name=\"twitter:data1\" content=\"2 minutes\" \/>\n<script type=\"application\/ld+json\" class=\"yoast-schema-graph\">{\"@context\":\"https:\\\/\\\/schema.org\",\"@graph\":[{\"@type\":\"WebPage\",\"@id\":\"https:\\\/\\\/decora-zone.com\\\/producto\\\/alfombra-jazz\\\/\",\"url\":\"https:\\\/\\\/decora-zone.com\\\/producto\\\/alfombra-jazz\\\/\",\"name\":\"Alfombra Jazz - Decora-zone\",\"isPartOf\":{\"@id\":\"https:\\\/\\\/decora-zone.com\\\/#website\"},\"primaryImageOfPage\":{\"@id\":\"https:\\\/\\\/decora-zone.com\\\/producto\\\/alfombra-jazz\\\/#primaryimage\"},\"image\":{\"@id\":\"https:\\\/\\\/decora-zone.com\\\/producto\\\/alfombra-jazz\\\/#primaryimage\"},\"thumbnailUrl\":\"https:\\\/\\\/decora-zone.com\\\/wp-content\\\/uploads\\\/2024\\\/06\\\/Alfombra-lana-Decorazone-Jazz-Lush-Seventies-Sway-158704a.jpg\",\"datePublished\":\"2024-06-25T08:53:40+00:00\",\"dateModified\":\"2025-03-10T16:51:44+00:00\",\"description\":\"Descubre la elegancia y confort de la alfombra Jazz de Brink & Campman en nuestra tienda de decoraci\u00f3n en Bilbao. Disponible en 2 colores y 3 estilos.\",\"breadcrumb\":{\"@id\":\"https:\\\/\\\/decora-zone.com\\\/producto\\\/alfombra-jazz\\\/#breadcrumb\"},\"inLanguage\":\"en-US\",\"potentialAction\":[{\"@type\":\"ReadAction\",\"target\":[\"https:\\\/\\\/decora-zone.com\\\/producto\\\/alfombra-jazz\\\/\"]}]},{\"@type\":\"ImageObject\",\"inLanguage\":\"en-US\",\"@id\":\"https:\\\/\\\/decora-zone.com\\\/producto\\\/alfombra-jazz\\\/#primaryimage\",\"url\":\"https:\\\/\\\/decora-zone.com\\\/wp-content\\\/uploads\\\/2024\\\/06\\\/Alfombra-lana-Decorazone-Jazz-Lush-Seventies-Sway-158704a.jpg\",\"contentUrl\":\"https:\\\/\\\/decora-zone.com\\\/wp-content\\\/uploads\\\/2024\\\/06\\\/Alfombra-lana-Decorazone-Jazz-Lush-Seventies-Sway-158704a.jpg\",\"width\":800,\"height\":1200,\"caption\":\"Alfombra Jazz Lush Seventies Sway\"},{\"@type\":\"BreadcrumbList\",\"@id\":\"https:\\\/\\\/decora-zone.com\\\/producto\\\/alfombra-jazz\\\/#breadcrumb\",\"itemListElement\":[{\"@type\":\"ListItem\",\"position\":1,\"name\":\"Portada\",\"item\":\"https:\\\/\\\/decora-zone.com\\\/\"},{\"@type\":\"ListItem\",\"position\":2,\"name\":\"Productos\",\"item\":\"https:\\\/\\\/decora-zone.com\\\/tienda-alfombras-cortinas-bilbao\\\/\"},{\"@type\":\"ListItem\",\"position\":3,\"name\":\"Alfombra Jazz\"}]},{\"@type\":\"WebSite\",\"@id\":\"https:\\\/\\\/decora-zone.com\\\/#website\",\"url\":\"https:\\\/\\\/decora-zone.com\\\/\",\"name\":\"Decora-zone\",\"description\":\"Especialistas en cortinas y alfombras de dise\u00f1o en Bilbao\",\"publisher\":{\"@id\":\"https:\\\/\\\/decora-zone.com\\\/#organization\"},\"potentialAction\":[{\"@type\":\"SearchAction\",\"target\":{\"@type\":\"EntryPoint\",\"urlTemplate\":\"https:\\\/\\\/decora-zone.com\\\/?s={search_term_string}\"},\"query-input\":{\"@type\":\"PropertyValueSpecification\",\"valueRequired\":true,\"valueName\":\"search_term_string\"}}],\"inLanguage\":\"en-US\"},{\"@type\":\"Organization\",\"@id\":\"https:\\\/\\\/decora-zone.com\\\/#organization\",\"name\":\"Decora-Zone Tienda de Decoraci\u00f3n en Bilbao\",\"url\":\"https:\\\/\\\/decora-zone.com\\\/\",\"logo\":{\"@type\":\"ImageObject\",\"inLanguage\":\"en-US\",\"@id\":\"https:\\\/\\\/decora-zone.com\\\/#\\\/schema\\\/logo\\\/image\\\/\",\"url\":\"https:\\\/\\\/decora-zone.com\\\/wp-content\\\/uploads\\\/2014\\\/02\\\/logotipo-decora-zone-alfombras-cortinas-decoracion-bilbao.jpg\",\"contentUrl\":\"https:\\\/\\\/decora-zone.com\\\/wp-content\\\/uploads\\\/2014\\\/02\\\/logotipo-decora-zone-alfombras-cortinas-decoracion-bilbao.jpg\",\"width\":484,\"height\":230,\"caption\":\"Decora-Zone Tienda de Decoraci\u00f3n en Bilbao\"},\"image\":{\"@id\":\"https:\\\/\\\/decora-zone.com\\\/#\\\/schema\\\/logo\\\/image\\\/\"},\"sameAs\":[\"https:\\\/\\\/www.facebook.com\\\/decorazone.bilbao\\\/\",\"https:\\\/\\\/www.instagram.com\\\/decora_zone_\\\/\",\"https:\\\/\\\/co.pinterest.com\\\/Decora_Zone\\\/\"]}]}<\/script>\n<!-- \/ Yoast SEO plugin. -->","yoast_head_json":{"title":"Alfombra Jazz - Decora-zone","description":"Descubre la elegancia y confort de la alfombra Jazz de Brink & Campman en nuestra tienda de decoraci\u00f3n en Bilbao. Disponible en 2 colores y 3 estilos.","robots":{"index":"index","follow":"follow","max-snippet":"max-snippet:-1","max-image-preview":"max-image-preview:large","max-video-preview":"max-video-preview:-1"},"canonical":"https:\/\/decora-zone.com\/producto\/alfombra-jazz\/","og_locale":"en_US","og_type":"article","og_title":"Alfombra Jazz - Decora-zone","og_description":"Descubre la elegancia y confort de la alfombra Jazz de Brink & Campman en nuestra tienda de decoraci\u00f3n en Bilbao. Disponible en 2 colores y 3 estilos.","og_url":"https:\/\/decora-zone.com\/producto\/alfombra-jazz\/","og_site_name":"Decora-zone","article_publisher":"https:\/\/www.facebook.com\/decorazone.bilbao\/","article_modified_time":"2025-03-10T16:51:44+00:00","og_image":[{"width":800,"height":1200,"url":"https:\/\/decora-zone.com\/wp-content\/uploads\/2024\/06\/Alfombra-lana-Decorazone-Jazz-Lush-Seventies-Sway-158704a.jpg","type":"image\/jpeg"}],"twitter_misc":{"Est. reading time":"2 minutes"},"schema":{"@context":"https:\/\/schema.org","@graph":[{"@type":"WebPage","@id":"https:\/\/decora-zone.com\/producto\/alfombra-jazz\/","url":"https:\/\/decora-zone.com\/producto\/alfombra-jazz\/","name":"Alfombra Jazz - Decora-zone","isPartOf":{"@id":"https:\/\/decora-zone.com\/#website"},"primaryImageOfPage":{"@id":"https:\/\/decora-zone.com\/producto\/alfombra-jazz\/#primaryimage"},"image":{"@id":"https:\/\/decora-zone.com\/producto\/alfombra-jazz\/#primaryimage"},"thumbnailUrl":"https:\/\/decora-zone.com\/wp-content\/uploads\/2024\/06\/Alfombra-lana-Decorazone-Jazz-Lush-Seventies-Sway-158704a.jpg","datePublished":"2024-06-25T08:53:40+00:00","dateModified":"2025-03-10T16:51:44+00:00","description":"Descubre la elegancia y confort de la alfombra Jazz de Brink & Campman en nuestra tienda de decoraci\u00f3n en Bilbao. Disponible en 2 colores y 3 estilos.","breadcrumb":{"@id":"https:\/\/decora-zone.com\/producto\/alfombra-jazz\/#breadcrumb"},"inLanguage":"en-US","potentialAction":[{"@type":"ReadAction","target":["https:\/\/decora-zone.com\/producto\/alfombra-jazz\/"]}]},{"@type":"ImageObject","inLanguage":"en-US","@id":"https:\/\/decora-zone.com\/producto\/alfombra-jazz\/#primaryimage","url":"https:\/\/decora-zone.com\/wp-content\/uploads\/2024\/06\/Alfombra-lana-Decorazone-Jazz-Lush-Seventies-Sway-158704a.jpg","contentUrl":"https:\/\/decora-zone.com\/wp-content\/uploads\/2024\/06\/Alfombra-lana-Decorazone-Jazz-Lush-Seventies-Sway-158704a.jpg","width":800,"height":1200,"caption":"Alfombra Jazz Lush Seventies Sway"},{"@type":"BreadcrumbList","@id":"https:\/\/decora-zone.com\/producto\/alfombra-jazz\/#breadcrumb","itemListElement":[{"@type":"ListItem","position":1,"name":"Portada","item":"https:\/\/decora-zone.com\/"},{"@type":"ListItem","position":2,"name":"Productos","item":"https:\/\/decora-zone.com\/tienda-alfombras-cortinas-bilbao\/"},{"@type":"ListItem","position":3,"name":"Alfombra Jazz"}]},{"@type":"WebSite","@id":"https:\/\/decora-zone.com\/#website","url":"https:\/\/decora-zone.com\/","name":"Decora-zone","description":"Especialistas en cortinas y alfombras de dise\u00f1o en Bilbao","publisher":{"@id":"https:\/\/decora-zone.com\/#organization"},"potentialAction":[{"@type":"SearchAction","target":{"@type":"EntryPoint","urlTemplate":"https:\/\/decora-zone.com\/?s={search_term_string}"},"query-input":{"@type":"PropertyValueSpecification","valueRequired":true,"valueName":"search_term_string"}}],"inLanguage":"en-US"},{"@type":"Organization","@id":"https:\/\/decora-zone.com\/#organization","name":"Decora-Zone Tienda de Decoraci\u00f3n en Bilbao","url":"https:\/\/decora-zone.com\/","logo":{"@type":"ImageObject","inLanguage":"en-US","@id":"https:\/\/decora-zone.com\/#\/schema\/logo\/image\/","url":"https:\/\/decora-zone.com\/wp-content\/uploads\/2014\/02\/logotipo-decora-zone-alfombras-cortinas-decoracion-bilbao.jpg","contentUrl":"https:\/\/decora-zone.com\/wp-content\/uploads\/2014\/02\/logotipo-decora-zone-alfombras-cortinas-decoracion-bilbao.jpg","width":484,"height":230,"caption":"Decora-Zone Tienda de Decoraci\u00f3n en Bilbao"},"image":{"@id":"https:\/\/decora-zone.com\/#\/schema\/logo\/image\/"},"sameAs":["https:\/\/www.facebook.com\/decorazone.bilbao\/","https:\/\/www.instagram.com\/decora_zone_\/","https:\/\/co.pinterest.com\/Decora_Zone\/"]}]}},"_links":{"self":[{"href":"https:\/\/decora-zone.com\/en\/wp-json\/wp\/v2\/product\/17066","targetHints":{"allow":["GET"]}}],"collection":[{"href":"https:\/\/decora-zone.com\/en\/wp-json\/wp\/v2\/product"}],"about":[{"href":"https:\/\/decora-zone.com\/en\/wp-json\/wp\/v2\/types\/product"}],"replies":[{"embeddable":true,"href":"https:\/\/decora-zone.com\/en\/wp-json\/wp\/v2\/comments?post=17066"}],"wp:featuredmedia":[{"embeddable":true,"href":"https:\/\/decora-zone.com\/en\/wp-json\/wp\/v2\/media\/17100"}],"wp:attachment":[{"href":"https:\/\/decora-zone.com\/en\/wp-json\/wp\/v2\/media?parent=17066"}],"wp:term":[{"taxonomy":"product_brand","embeddable":true,"href":"https:\/\/decora-zone.com\/en\/wp-json\/wp\/v2\/product_brand?post=17066"},{"taxonomy":"product_cat","embeddable":true,"href":"https:\/\/decora-zone.com\/en\/wp-json\/wp\/v2\/product_cat?post=17066"},{"taxonomy":"product_tag","embeddable":true,"href":"https:\/\/decora-zone.com\/en\/wp-json\/wp\/v2\/product_tag?post=17066"}],"curies":[{"name":"wp","href":"https:\/\/api.w.org\/{rel}","templated":true}]}}