{"id":17049,"date":"2024-04-12T18:35:23","date_gmt":"2024-04-12T16:35:23","guid":{"rendered":"https:\/\/decora-zone.com\/?post_type=product&#038;p=17049"},"modified":"2025-03-10T17:51:44","modified_gmt":"2025-03-10T16:51:44","slug":"funda-de-cojin-castellet","status":"publish","type":"product","link":"https:\/\/decora-zone.com\/en\/producto\/funda-de-cojin-castellet\/","title":{"rendered":"Funda de coj\u00edn Castellet"},"content":{"rendered":"<h1><span style=\"font-size: 12pt;\"><strong>Funda de coj\u00edn Castellet<\/strong><\/span><\/h1>\n<div class=\"w-full text-token-text-primary\" data-testid=\"conversation-turn-3\">\n<div class=\"px-4 py-2 justify-center text-base md:gap-6 m-auto\">\n<div class=\"flex flex-1 text-base mx-auto gap-3 md:px-5 lg:px-1 xl:px-5 md:max-w-3xl lg:max-w-[40rem] xl:max-w-[48rem] group\">\n<div class=\"relative flex w-full flex-col agent-turn\">\n<div class=\"flex-col gap-1 md:gap-3\">\n<div class=\"flex flex-grow flex-col max-w-full\">\n<div class=\"min-h-[20px] text-message flex flex-col items-start gap-3 whitespace-pre-wrap break-words [.text-message+&amp;]:mt-5 overflow-x-auto\" data-message-author-role=\"assistant\" data-message-id=\"aa4a2461-0a02-4fc9-a500-8985d84fa871\">\n<div class=\"markdown prose w-full break-words dark:prose-invert light\">\n<p>Sum\u00e9rgete en un oasis de opulencia con cada detalle meticulosamente dise\u00f1ado para satisfacer los m\u00e1s exigentes est\u00e1ndares de elegancia con la funda de coj\u00edn Castellet de Camengo.<\/p>\n<p>Confeccionada con el m\u00e1s exquisito terciopelo verde, esta funda de coj\u00edn no solo es un accesorio decorativo, sino una declaraci\u00f3n de refinamiento y buen gusto. El terciopelo de alta calidad se desliza suavemente sobre la piel, brindando una sensaci\u00f3n de lujo inigualable, su dise\u00f1o de hojas tropicales, delicadamente pespunteado sobre el tejido, evoca la belleza serena de la naturaleza, elevando cualquier espacio a un nivel de distinci\u00f3n incomparable.<\/p>\n<p>Cada costura, cada hilo, es un testimonio del arte y la atenci\u00f3n al detalle que define a Camengo. La cremallera oculta garantiza una apariencia impecable, mientras que el ribete aterciopelado en blanco roto a\u00f1ade un toque final de elegancia atemporal.<\/p>\n<p>No es solo una funda de coj\u00edn, es una obra maestra de la alta costura para tu hogar. Un s\u00edmbolo de estatus, calidad y exclusividad. Sum\u00e9rgete en el lujo y haz una declaraci\u00f3n de estilo con esta funda de coj\u00edn de Camengo. Un lujo que se siente, un lujo que perdura.<\/p>\n<\/div>\n<\/div>\n<\/div>\n<\/div>\n<\/div>\n<\/div>\n<\/div>\n<\/div>\n<h2><span style=\"font-size: 12pt;\"><strong>Caracter\u00edsticas de la funda de coj\u00edn Castellet:<\/strong><\/span><\/h2>\n<ul data-sourcepos=\"11:1-15:0\">\n<li data-sourcepos=\"7:1-7:54\">Tejido aterciopelado pespunteado<\/li>\n<li data-sourcepos=\"11:1-11:31\">Composici\u00f3n: 100% Pes<\/li>\n<li>Medida: 45&#215;45<\/li>\n<li>Cierre con cremallera oculta<\/li>\n<\/ul>\n","protected":false},"excerpt":{"rendered":"<p>Sum\u00e9rgete en un oasis de opulencia con cada detalle meticulosamente dise\u00f1ado para satisfacer los m\u00e1s exigentes est\u00e1ndares de elegancia con la funda de coj\u00edn Castellet de Camengo.<\/p>\n<p>Confeccionada con el m\u00e1s exquisito terciopelo verde, esta funda de coj\u00edn no solo es un accesorio decorativo, sino una declaraci\u00f3n de refinamiento y buen gusto. El terciopelo de alta calidad se desliza suavemente sobre la piel, brindando una sensaci\u00f3n de lujo inigualable, su dise\u00f1o de hojas tropicales, delicadamente pespunteado sobre el tejido, evoca la belleza serena de la naturaleza, elevando cualquier espacio a un nivel de distinci\u00f3n incomparable.<\/p>\n<p>Cada costura, cada hilo, es un testimonio del arte y la atenci\u00f3n al detalle que define a Camengo. La cremallera oculta garantiza una apariencia impecable, mientras que el ribete aterciopelado en blanco roto a\u00f1ade un toque final de elegancia atemporal.<\/p>\n<p>No es solo una funda de coj\u00edn, es una obra maestra de la alta costura para tu hogar. Un s\u00edmbolo de estatus, calidad y exclusividad. Sum\u00e9rgete en el lujo y haz una declaraci\u00f3n de estilo con esta funda de coj\u00edn de Camengo. Un lujo que se siente, un lujo que perdura.<\/p>\n","protected":false},"featured_media":17052,"comment_status":"open","ping_status":"closed","template":"","meta":[],"product_brand":[],"product_cat":[122],"product_tag":[28,879,123,27,23,24,26,29],"class_list":{"0":"post-17049","1":"product","2":"type-product","3":"status-publish","4":"has-post-thumbnail","6":"product_cat-cojines-en-bilbao-tienda-decoracion-santutxu","7":"product_tag-bilbao","8":"product_tag-casamance","9":"product_tag-cojines","10":"product_tag-decora-zone","11":"product_tag-decoracion","12":"product_tag-hogar","13":"product_tag-ropa-de-cama","14":"product_tag-santutxu","16":"first","17":"instock","18":"shipping-taxable","19":"purchasable","20":"product-type-variable"},"yoast_head":"<!-- This site is optimized with the Yoast SEO plugin v27.5 - https:\/\/yoast.com\/product\/yoast-seo-wordpress\/ -->\n<title>Funda de coj\u00edn Castellet - Decora-zone<\/title>\n<meta name=\"description\" content=\"Funda de coj\u00edn Castellet de Camengo, con dise\u00f1o de hojas tropicales pespunteadas sobre tejido aterciopelado verde, de alta gama en Decora-Zone\" \/>\n<meta name=\"robots\" content=\"index, follow, max-snippet:-1, max-image-preview:large, max-video-preview:-1\" \/>\n<link rel=\"canonical\" href=\"https:\/\/decora-zone.com\/producto\/funda-de-cojin-castellet\/\" \/>\n<meta property=\"og:locale\" content=\"en_US\" \/>\n<meta property=\"og:type\" content=\"article\" \/>\n<meta property=\"og:title\" content=\"Funda de coj\u00edn Castellet - Decora-zone\" \/>\n<meta property=\"og:description\" content=\"Funda de coj\u00edn Castellet de Camengo, con dise\u00f1o de hojas tropicales pespunteadas sobre tejido aterciopelado verde, de alta gama en Decora-Zone\" \/>\n<meta property=\"og:url\" content=\"https:\/\/decora-zone.com\/producto\/funda-de-cojin-castellet\/\" \/>\n<meta property=\"og:site_name\" content=\"Decora-zone\" \/>\n<meta property=\"article:publisher\" content=\"https:\/\/www.facebook.com\/decorazone.bilbao\/\" \/>\n<meta property=\"article:modified_time\" content=\"2025-03-10T16:51:44+00:00\" \/>\n<meta property=\"og:image\" content=\"https:\/\/decora-zone.com\/wp-content\/uploads\/2024\/04\/Funda-de-Cojin-Camengo-Decorazone-Castellet-Escarchado-2.jpg\" \/>\n\t<meta property=\"og:image:width\" content=\"600\" \/>\n\t<meta property=\"og:image:height\" content=\"600\" \/>\n\t<meta property=\"og:image:type\" content=\"image\/jpeg\" \/>\n<meta name=\"twitter:label1\" content=\"Est. reading time\" \/>\n\t<meta name=\"twitter:data1\" content=\"2 minutes\" \/>\n<script type=\"application\/ld+json\" class=\"yoast-schema-graph\">{\"@context\":\"https:\\\/\\\/schema.org\",\"@graph\":[{\"@type\":\"WebPage\",\"@id\":\"https:\\\/\\\/decora-zone.com\\\/producto\\\/funda-de-cojin-castellet\\\/\",\"url\":\"https:\\\/\\\/decora-zone.com\\\/producto\\\/funda-de-cojin-castellet\\\/\",\"name\":\"Funda de coj\u00edn Castellet - Decora-zone\",\"isPartOf\":{\"@id\":\"https:\\\/\\\/decora-zone.com\\\/#website\"},\"primaryImageOfPage\":{\"@id\":\"https:\\\/\\\/decora-zone.com\\\/producto\\\/funda-de-cojin-castellet\\\/#primaryimage\"},\"image\":{\"@id\":\"https:\\\/\\\/decora-zone.com\\\/producto\\\/funda-de-cojin-castellet\\\/#primaryimage\"},\"thumbnailUrl\":\"https:\\\/\\\/decora-zone.com\\\/wp-content\\\/uploads\\\/2024\\\/04\\\/Funda-de-Cojin-Camengo-Decorazone-Castellet-Escarchado-2.jpg\",\"datePublished\":\"2024-04-12T16:35:23+00:00\",\"dateModified\":\"2025-03-10T16:51:44+00:00\",\"description\":\"Funda de coj\u00edn Castellet de Camengo, con dise\u00f1o de hojas tropicales pespunteadas sobre tejido aterciopelado verde, de alta gama en Decora-Zone\",\"breadcrumb\":{\"@id\":\"https:\\\/\\\/decora-zone.com\\\/producto\\\/funda-de-cojin-castellet\\\/#breadcrumb\"},\"inLanguage\":\"en-US\",\"potentialAction\":[{\"@type\":\"ReadAction\",\"target\":[\"https:\\\/\\\/decora-zone.com\\\/producto\\\/funda-de-cojin-castellet\\\/\"]}]},{\"@type\":\"ImageObject\",\"inLanguage\":\"en-US\",\"@id\":\"https:\\\/\\\/decora-zone.com\\\/producto\\\/funda-de-cojin-castellet\\\/#primaryimage\",\"url\":\"https:\\\/\\\/decora-zone.com\\\/wp-content\\\/uploads\\\/2024\\\/04\\\/Funda-de-Cojin-Camengo-Decorazone-Castellet-Escarchado-2.jpg\",\"contentUrl\":\"https:\\\/\\\/decora-zone.com\\\/wp-content\\\/uploads\\\/2024\\\/04\\\/Funda-de-Cojin-Camengo-Decorazone-Castellet-Escarchado-2.jpg\",\"width\":600,\"height\":600,\"caption\":\"Funda de coj\u00edn Castellet\"},{\"@type\":\"BreadcrumbList\",\"@id\":\"https:\\\/\\\/decora-zone.com\\\/producto\\\/funda-de-cojin-castellet\\\/#breadcrumb\",\"itemListElement\":[{\"@type\":\"ListItem\",\"position\":1,\"name\":\"Portada\",\"item\":\"https:\\\/\\\/decora-zone.com\\\/\"},{\"@type\":\"ListItem\",\"position\":2,\"name\":\"Productos\",\"item\":\"https:\\\/\\\/decora-zone.com\\\/tienda-alfombras-cortinas-bilbao\\\/\"},{\"@type\":\"ListItem\",\"position\":3,\"name\":\"Funda de coj\u00edn Castellet\"}]},{\"@type\":\"WebSite\",\"@id\":\"https:\\\/\\\/decora-zone.com\\\/#website\",\"url\":\"https:\\\/\\\/decora-zone.com\\\/\",\"name\":\"Decora-zone\",\"description\":\"Especialistas en cortinas y alfombras de dise\u00f1o en Bilbao\",\"publisher\":{\"@id\":\"https:\\\/\\\/decora-zone.com\\\/#organization\"},\"potentialAction\":[{\"@type\":\"SearchAction\",\"target\":{\"@type\":\"EntryPoint\",\"urlTemplate\":\"https:\\\/\\\/decora-zone.com\\\/?s={search_term_string}\"},\"query-input\":{\"@type\":\"PropertyValueSpecification\",\"valueRequired\":true,\"valueName\":\"search_term_string\"}}],\"inLanguage\":\"en-US\"},{\"@type\":\"Organization\",\"@id\":\"https:\\\/\\\/decora-zone.com\\\/#organization\",\"name\":\"Decora-Zone Tienda de Decoraci\u00f3n en Bilbao\",\"url\":\"https:\\\/\\\/decora-zone.com\\\/\",\"logo\":{\"@type\":\"ImageObject\",\"inLanguage\":\"en-US\",\"@id\":\"https:\\\/\\\/decora-zone.com\\\/#\\\/schema\\\/logo\\\/image\\\/\",\"url\":\"https:\\\/\\\/decora-zone.com\\\/wp-content\\\/uploads\\\/2014\\\/02\\\/logotipo-decora-zone-alfombras-cortinas-decoracion-bilbao.jpg\",\"contentUrl\":\"https:\\\/\\\/decora-zone.com\\\/wp-content\\\/uploads\\\/2014\\\/02\\\/logotipo-decora-zone-alfombras-cortinas-decoracion-bilbao.jpg\",\"width\":484,\"height\":230,\"caption\":\"Decora-Zone Tienda de Decoraci\u00f3n en Bilbao\"},\"image\":{\"@id\":\"https:\\\/\\\/decora-zone.com\\\/#\\\/schema\\\/logo\\\/image\\\/\"},\"sameAs\":[\"https:\\\/\\\/www.facebook.com\\\/decorazone.bilbao\\\/\",\"https:\\\/\\\/www.instagram.com\\\/decora_zone_\\\/\",\"https:\\\/\\\/co.pinterest.com\\\/Decora_Zone\\\/\"]}]}<\/script>\n<!-- \/ Yoast SEO plugin. -->","yoast_head_json":{"title":"Funda de coj\u00edn Castellet - Decora-zone","description":"Funda de coj\u00edn Castellet de Camengo, con dise\u00f1o de hojas tropicales pespunteadas sobre tejido aterciopelado verde, de alta gama en Decora-Zone","robots":{"index":"index","follow":"follow","max-snippet":"max-snippet:-1","max-image-preview":"max-image-preview:large","max-video-preview":"max-video-preview:-1"},"canonical":"https:\/\/decora-zone.com\/producto\/funda-de-cojin-castellet\/","og_locale":"en_US","og_type":"article","og_title":"Funda de coj\u00edn Castellet - Decora-zone","og_description":"Funda de coj\u00edn Castellet de Camengo, con dise\u00f1o de hojas tropicales pespunteadas sobre tejido aterciopelado verde, de alta gama en Decora-Zone","og_url":"https:\/\/decora-zone.com\/producto\/funda-de-cojin-castellet\/","og_site_name":"Decora-zone","article_publisher":"https:\/\/www.facebook.com\/decorazone.bilbao\/","article_modified_time":"2025-03-10T16:51:44+00:00","og_image":[{"width":600,"height":600,"url":"https:\/\/decora-zone.com\/wp-content\/uploads\/2024\/04\/Funda-de-Cojin-Camengo-Decorazone-Castellet-Escarchado-2.jpg","type":"image\/jpeg"}],"twitter_misc":{"Est. reading time":"2 minutes"},"schema":{"@context":"https:\/\/schema.org","@graph":[{"@type":"WebPage","@id":"https:\/\/decora-zone.com\/producto\/funda-de-cojin-castellet\/","url":"https:\/\/decora-zone.com\/producto\/funda-de-cojin-castellet\/","name":"Funda de coj\u00edn Castellet - Decora-zone","isPartOf":{"@id":"https:\/\/decora-zone.com\/#website"},"primaryImageOfPage":{"@id":"https:\/\/decora-zone.com\/producto\/funda-de-cojin-castellet\/#primaryimage"},"image":{"@id":"https:\/\/decora-zone.com\/producto\/funda-de-cojin-castellet\/#primaryimage"},"thumbnailUrl":"https:\/\/decora-zone.com\/wp-content\/uploads\/2024\/04\/Funda-de-Cojin-Camengo-Decorazone-Castellet-Escarchado-2.jpg","datePublished":"2024-04-12T16:35:23+00:00","dateModified":"2025-03-10T16:51:44+00:00","description":"Funda de coj\u00edn Castellet de Camengo, con dise\u00f1o de hojas tropicales pespunteadas sobre tejido aterciopelado verde, de alta gama en Decora-Zone","breadcrumb":{"@id":"https:\/\/decora-zone.com\/producto\/funda-de-cojin-castellet\/#breadcrumb"},"inLanguage":"en-US","potentialAction":[{"@type":"ReadAction","target":["https:\/\/decora-zone.com\/producto\/funda-de-cojin-castellet\/"]}]},{"@type":"ImageObject","inLanguage":"en-US","@id":"https:\/\/decora-zone.com\/producto\/funda-de-cojin-castellet\/#primaryimage","url":"https:\/\/decora-zone.com\/wp-content\/uploads\/2024\/04\/Funda-de-Cojin-Camengo-Decorazone-Castellet-Escarchado-2.jpg","contentUrl":"https:\/\/decora-zone.com\/wp-content\/uploads\/2024\/04\/Funda-de-Cojin-Camengo-Decorazone-Castellet-Escarchado-2.jpg","width":600,"height":600,"caption":"Funda de coj\u00edn Castellet"},{"@type":"BreadcrumbList","@id":"https:\/\/decora-zone.com\/producto\/funda-de-cojin-castellet\/#breadcrumb","itemListElement":[{"@type":"ListItem","position":1,"name":"Portada","item":"https:\/\/decora-zone.com\/"},{"@type":"ListItem","position":2,"name":"Productos","item":"https:\/\/decora-zone.com\/tienda-alfombras-cortinas-bilbao\/"},{"@type":"ListItem","position":3,"name":"Funda de coj\u00edn Castellet"}]},{"@type":"WebSite","@id":"https:\/\/decora-zone.com\/#website","url":"https:\/\/decora-zone.com\/","name":"Decora-zone","description":"Especialistas en cortinas y alfombras de dise\u00f1o en Bilbao","publisher":{"@id":"https:\/\/decora-zone.com\/#organization"},"potentialAction":[{"@type":"SearchAction","target":{"@type":"EntryPoint","urlTemplate":"https:\/\/decora-zone.com\/?s={search_term_string}"},"query-input":{"@type":"PropertyValueSpecification","valueRequired":true,"valueName":"search_term_string"}}],"inLanguage":"en-US"},{"@type":"Organization","@id":"https:\/\/decora-zone.com\/#organization","name":"Decora-Zone Tienda de Decoraci\u00f3n en Bilbao","url":"https:\/\/decora-zone.com\/","logo":{"@type":"ImageObject","inLanguage":"en-US","@id":"https:\/\/decora-zone.com\/#\/schema\/logo\/image\/","url":"https:\/\/decora-zone.com\/wp-content\/uploads\/2014\/02\/logotipo-decora-zone-alfombras-cortinas-decoracion-bilbao.jpg","contentUrl":"https:\/\/decora-zone.com\/wp-content\/uploads\/2014\/02\/logotipo-decora-zone-alfombras-cortinas-decoracion-bilbao.jpg","width":484,"height":230,"caption":"Decora-Zone Tienda de Decoraci\u00f3n en Bilbao"},"image":{"@id":"https:\/\/decora-zone.com\/#\/schema\/logo\/image\/"},"sameAs":["https:\/\/www.facebook.com\/decorazone.bilbao\/","https:\/\/www.instagram.com\/decora_zone_\/","https:\/\/co.pinterest.com\/Decora_Zone\/"]}]}},"_links":{"self":[{"href":"https:\/\/decora-zone.com\/en\/wp-json\/wp\/v2\/product\/17049","targetHints":{"allow":["GET"]}}],"collection":[{"href":"https:\/\/decora-zone.com\/en\/wp-json\/wp\/v2\/product"}],"about":[{"href":"https:\/\/decora-zone.com\/en\/wp-json\/wp\/v2\/types\/product"}],"replies":[{"embeddable":true,"href":"https:\/\/decora-zone.com\/en\/wp-json\/wp\/v2\/comments?post=17049"}],"wp:featuredmedia":[{"embeddable":true,"href":"https:\/\/decora-zone.com\/en\/wp-json\/wp\/v2\/media\/17052"}],"wp:attachment":[{"href":"https:\/\/decora-zone.com\/en\/wp-json\/wp\/v2\/media?parent=17049"}],"wp:term":[{"taxonomy":"product_brand","embeddable":true,"href":"https:\/\/decora-zone.com\/en\/wp-json\/wp\/v2\/product_brand?post=17049"},{"taxonomy":"product_cat","embeddable":true,"href":"https:\/\/decora-zone.com\/en\/wp-json\/wp\/v2\/product_cat?post=17049"},{"taxonomy":"product_tag","embeddable":true,"href":"https:\/\/decora-zone.com\/en\/wp-json\/wp\/v2\/product_tag?post=17049"}],"curies":[{"name":"wp","href":"https:\/\/api.w.org\/{rel}","templated":true}]}}