{"id":16907,"date":"2024-03-26T12:41:41","date_gmt":"2024-03-26T10:41:41","guid":{"rendered":"https:\/\/decora-zone.com\/?post_type=product&#038;p=16907"},"modified":"2025-03-10T17:51:46","modified_gmt":"2025-03-10T16:51:46","slug":"alfombra-beats-40265","status":"publish","type":"product","link":"https:\/\/decora-zone.com\/en\/producto\/alfombra-beats-40265\/","title":{"rendered":"Alfombra Beats 40265"},"content":{"rendered":"<h1><span style=\"font-size: 12pt;\"><strong>Alfombra Beats 40265<\/strong><\/span><\/h1>\n<div class=\"w-full text-token-text-primary\" data-testid=\"conversation-turn-3\">\n<div class=\"px-4 py-2 justify-center text-base md:gap-6 m-auto\">\n<div class=\"flex flex-1 text-base mx-auto gap-3 md:px-5 lg:px-1 xl:px-5 md:max-w-3xl lg:max-w-[40rem] xl:max-w-[48rem] group\">\n<div class=\"relative flex w-full flex-col agent-turn\">\n<div class=\"flex-col gap-1 md:gap-3\">\n<div class=\"flex flex-grow flex-col max-w-full\">\n<div class=\"min-h-[20px] text-message flex flex-col items-start gap-3 whitespace-pre-wrap break-words [.text-message+&amp;]:mt-5 overflow-x-auto\" data-message-author-role=\"assistant\" data-message-id=\"be0f6d88-d3b2-40cb-8ae6-16ba3a55ab0f\">\n<div class=\"markdown prose w-full break-words dark:prose-invert light\">\n<p>La alfombra infantil Beats 40265 es una opci\u00f3n encantadora y funcional para cualquier espacio destinado a los m\u00e1s peque\u00f1os del hogar. Con su fondo claro, esta alfombra presenta un dise\u00f1o l\u00fadico que seguramente capturar\u00e1 la imaginaci\u00f3n de los ni\u00f1os: dibujo de le\u00f3n en tono ocre adorna su superficie.<\/p>\n<p>Fabricada en polipropileno, lo que garantiza durabilidad y resistencia al desgaste. Adem\u00e1s, cuenta con un acabado incorporado a doble cara, lo que proporciona una mayor firmeza y estabilidad. En el reverso, se integra yute para ofrecer una base s\u00f3lida.<\/p>\n<p>Con una densidad de 179,200 puntos por metro cuadrado, esta alfombra no solo es visualmente atractiva, sino tambi\u00e9n sumamente suave y c\u00f3moda al tacto. La longitud del pelo de 9 mm a\u00f1ade una textura agradable, lo que la convierte en un lugar ideal para que los ni\u00f1os jueguen y se relajen.<\/p>\n<p>En resumen, la alfombra infantil Beats 40265 de Unitrama combina dise\u00f1o cautivador, calidad y funcionalidad para crear un espacio acogedor y estimulante para los m\u00e1s peque\u00f1os, donde puedan explorar, imaginar y disfrutar de sus momentos de juego.<\/p>\n<\/div>\n<\/div>\n<\/div>\n<div class=\"mt-1 flex justify-start gap-3 empty:hidden\">\n<div class=\"text-gray-400 flex self-end lg:self-center items-center justify-center lg:justify-start mt-0 -ml-1 h-7 gap-[2px] visible\">\n<div class=\"flex\"><strong>Caracter\u00edsticas:<\/strong><\/div>\n<\/div>\n<\/div>\n<\/div>\n<\/div>\n<\/div>\n<\/div>\n<\/div>\n<ul data-sourcepos=\"11:1-15:0\">\n<li data-sourcepos=\"15:1-15:44\">Dise\u00f1o infant\u00edl<\/li>\n<li data-sourcepos=\"11:1-11:31\">Composici\u00f3n: 110% Polipropileno<\/li>\n<li data-sourcepos=\"18:1-18:35\">Incorporado a doble cara con yute en el reverso<\/li>\n<li>Grosor: 9 mm<\/li>\n<li>Densidad: 179.200 puntos\/m2<\/li>\n<\/ul>\n<p><strong>Limpieza y mantenimiento:<\/strong><\/p>\n<p>Para mantener la alfombra Beats en buen estado, se recomienda aspirar regularmente para eliminar el polvo y las suciedades superficiales. En caso de mancha, se recomienda actuar lo antes posible para evitar que se fije. Se puede utilizar un pa\u00f1o h\u00famedo con un poco de jab\u00f3n neutro para limpiar la mancha. Para una limpieza m\u00e1s profunda, se recomienda llevar la alfombra a una tintorer\u00eda especializada. No utilice producto abrasivos para limpiar la alfombra, podr\u00edan da\u00f1ar el material.<\/p>\n<p><strong>Si est\u00e1 interesado en alguno de nuestros art\u00edculos que est\u00e9n sin stock, puede reservarlos poni\u00e9ndose en <a href=\"http:\/\/decora-zone.com\/contacto-decora-zone-alfombras-cortinas-decoracion-bilbao\/\">contacto con nosotros<\/a>.<\/strong><\/p>\n","protected":false},"excerpt":{"rendered":"<p>La alfombra infantil Beats 40265 es una opci\u00f3n encantadora y funcional para cualquier espacio destinado a los m\u00e1s peque\u00f1os del hogar. Con su fondo claro, esta alfombra presenta un dise\u00f1o l\u00fadico que seguramente capturar\u00e1 la imaginaci\u00f3n de los ni\u00f1os: dibujo de le\u00f3n en tono ocre adorna su superficie.<\/p>\n<p>Fabricada en polipropileno, lo que garantiza durabilidad y resistencia al desgaste. Adem\u00e1s, cuenta con un acabado incorporado a doble cara, lo que proporciona una mayor firmeza y estabilidad. En el reverso, se integra yute para ofrecer una base s\u00f3lida.<\/p>\n<p>Con una densidad de 179,200 puntos por metro cuadrado, esta alfombra no solo es visualmente atractiva, sino tambi\u00e9n sumamente suave y c\u00f3moda al tacto. La longitud del pelo de 9 mm a\u00f1ade una textura agradable, lo que la convierte en un lugar ideal para que los ni\u00f1os jueguen y se relajen.<\/p>\n<p>En resumen, la alfombra infantil Beats 40265 de Unitrama combina dise\u00f1o cautivador, calidad y funcionalidad para crear un espacio acogedor y estimulante para los m\u00e1s peque\u00f1os, donde puedan explorar, imaginar y disfrutar de sus momentos de juego.<\/p>\n","protected":false},"featured_media":16910,"comment_status":"open","ping_status":"closed","template":"","meta":[],"product_brand":[],"product_cat":[21,281],"product_tag":[22,32,28,27,23,24,599,156,29],"class_list":{"0":"post-16907","1":"product","2":"type-product","3":"status-publish","4":"has-post-thumbnail","6":"product_cat-alfombras-bilbao-tienda-decoracion-santutxu","7":"product_cat-alfombras-infatilesen-bilbao-tienda-decoracion-bilbao-santutxu","8":"product_tag-acrilicas","9":"product_tag-alfombras","10":"product_tag-bilbao","11":"product_tag-decora-zone","12":"product_tag-decoracion","13":"product_tag-hogar","14":"product_tag-moderno","15":"product_tag-pasilleras","16":"product_tag-santutxu","17":"pa_medida-120x170cm","19":"first","20":"outofstock","21":"sale","22":"shipping-taxable","23":"purchasable","24":"product-type-variable"},"yoast_head":"<!-- This site is optimized with the Yoast SEO plugin v27.4 - https:\/\/yoast.com\/product\/yoast-seo-wordpress\/ -->\n<title>Alfombra Beats 40265 - Decora-zone<\/title>\n<meta name=\"description\" content=\"Alfombra Beats 40265 con dibujo de un simp\u00e1tico le\u00f3n en tono ocre y fondo claro para decoraci\u00f3n de habitaci\u00f3n infantil en Decorazone.\" \/>\n<meta name=\"robots\" content=\"index, follow, max-snippet:-1, max-image-preview:large, max-video-preview:-1\" \/>\n<link rel=\"canonical\" href=\"https:\/\/decora-zone.com\/producto\/alfombra-beats-40265\/\" \/>\n<meta property=\"og:locale\" content=\"en_US\" \/>\n<meta property=\"og:type\" content=\"article\" \/>\n<meta property=\"og:title\" content=\"Alfombra Beats 40265 - Decora-zone\" \/>\n<meta property=\"og:description\" content=\"Alfombra Beats 40265 con dibujo de un simp\u00e1tico le\u00f3n en tono ocre y fondo claro para decoraci\u00f3n de habitaci\u00f3n infantil en Decorazone.\" \/>\n<meta property=\"og:url\" content=\"https:\/\/decora-zone.com\/producto\/alfombra-beats-40265\/\" \/>\n<meta property=\"og:site_name\" content=\"Decora-zone\" \/>\n<meta property=\"article:publisher\" content=\"https:\/\/www.facebook.com\/decorazone.bilbao\/\" \/>\n<meta property=\"article:modified_time\" content=\"2025-03-10T16:51:46+00:00\" \/>\n<meta property=\"og:image\" content=\"https:\/\/decora-zone.com\/wp-content\/uploads\/2024\/03\/Alfombra-Decorazone-Beats-blanco-40265a.jpg\" \/>\n\t<meta property=\"og:image:width\" content=\"2000\" \/>\n\t<meta property=\"og:image:height\" content=\"1500\" \/>\n\t<meta property=\"og:image:type\" content=\"image\/jpeg\" \/>\n<meta name=\"twitter:label1\" content=\"Est. reading time\" \/>\n\t<meta name=\"twitter:data1\" content=\"2 minutes\" \/>\n<script type=\"application\/ld+json\" class=\"yoast-schema-graph\">{\"@context\":\"https:\\\/\\\/schema.org\",\"@graph\":[{\"@type\":\"WebPage\",\"@id\":\"https:\\\/\\\/decora-zone.com\\\/producto\\\/alfombra-beats-40265\\\/\",\"url\":\"https:\\\/\\\/decora-zone.com\\\/producto\\\/alfombra-beats-40265\\\/\",\"name\":\"Alfombra Beats 40265 - Decora-zone\",\"isPartOf\":{\"@id\":\"https:\\\/\\\/decora-zone.com\\\/#website\"},\"primaryImageOfPage\":{\"@id\":\"https:\\\/\\\/decora-zone.com\\\/producto\\\/alfombra-beats-40265\\\/#primaryimage\"},\"image\":{\"@id\":\"https:\\\/\\\/decora-zone.com\\\/producto\\\/alfombra-beats-40265\\\/#primaryimage\"},\"thumbnailUrl\":\"https:\\\/\\\/decora-zone.com\\\/wp-content\\\/uploads\\\/2024\\\/03\\\/Alfombra-Decorazone-Beats-blanco-40265a.jpg\",\"datePublished\":\"2024-03-26T10:41:41+00:00\",\"dateModified\":\"2025-03-10T16:51:46+00:00\",\"description\":\"Alfombra Beats 40265 con dibujo de un simp\u00e1tico le\u00f3n en tono ocre y fondo claro para decoraci\u00f3n de habitaci\u00f3n infantil en Decorazone.\",\"breadcrumb\":{\"@id\":\"https:\\\/\\\/decora-zone.com\\\/producto\\\/alfombra-beats-40265\\\/#breadcrumb\"},\"inLanguage\":\"en-US\",\"potentialAction\":[{\"@type\":\"ReadAction\",\"target\":[\"https:\\\/\\\/decora-zone.com\\\/producto\\\/alfombra-beats-40265\\\/\"]}]},{\"@type\":\"ImageObject\",\"inLanguage\":\"en-US\",\"@id\":\"https:\\\/\\\/decora-zone.com\\\/producto\\\/alfombra-beats-40265\\\/#primaryimage\",\"url\":\"https:\\\/\\\/decora-zone.com\\\/wp-content\\\/uploads\\\/2024\\\/03\\\/Alfombra-Decorazone-Beats-blanco-40265a.jpg\",\"contentUrl\":\"https:\\\/\\\/decora-zone.com\\\/wp-content\\\/uploads\\\/2024\\\/03\\\/Alfombra-Decorazone-Beats-blanco-40265a.jpg\",\"width\":2000,\"height\":1500,\"caption\":\"Alfombra Beats 40265\"},{\"@type\":\"BreadcrumbList\",\"@id\":\"https:\\\/\\\/decora-zone.com\\\/producto\\\/alfombra-beats-40265\\\/#breadcrumb\",\"itemListElement\":[{\"@type\":\"ListItem\",\"position\":1,\"name\":\"Portada\",\"item\":\"https:\\\/\\\/decora-zone.com\\\/\"},{\"@type\":\"ListItem\",\"position\":2,\"name\":\"Productos\",\"item\":\"https:\\\/\\\/decora-zone.com\\\/tienda-alfombras-cortinas-bilbao\\\/\"},{\"@type\":\"ListItem\",\"position\":3,\"name\":\"Alfombra Beats 40265\"}]},{\"@type\":\"WebSite\",\"@id\":\"https:\\\/\\\/decora-zone.com\\\/#website\",\"url\":\"https:\\\/\\\/decora-zone.com\\\/\",\"name\":\"Decora-zone\",\"description\":\"Especialistas en cortinas y alfombras de dise\u00f1o en Bilbao\",\"publisher\":{\"@id\":\"https:\\\/\\\/decora-zone.com\\\/#organization\"},\"potentialAction\":[{\"@type\":\"SearchAction\",\"target\":{\"@type\":\"EntryPoint\",\"urlTemplate\":\"https:\\\/\\\/decora-zone.com\\\/?s={search_term_string}\"},\"query-input\":{\"@type\":\"PropertyValueSpecification\",\"valueRequired\":true,\"valueName\":\"search_term_string\"}}],\"inLanguage\":\"en-US\"},{\"@type\":\"Organization\",\"@id\":\"https:\\\/\\\/decora-zone.com\\\/#organization\",\"name\":\"Decora-Zone Tienda de Decoraci\u00f3n en Bilbao\",\"url\":\"https:\\\/\\\/decora-zone.com\\\/\",\"logo\":{\"@type\":\"ImageObject\",\"inLanguage\":\"en-US\",\"@id\":\"https:\\\/\\\/decora-zone.com\\\/#\\\/schema\\\/logo\\\/image\\\/\",\"url\":\"https:\\\/\\\/decora-zone.com\\\/wp-content\\\/uploads\\\/2014\\\/02\\\/logotipo-decora-zone-alfombras-cortinas-decoracion-bilbao.jpg\",\"contentUrl\":\"https:\\\/\\\/decora-zone.com\\\/wp-content\\\/uploads\\\/2014\\\/02\\\/logotipo-decora-zone-alfombras-cortinas-decoracion-bilbao.jpg\",\"width\":484,\"height\":230,\"caption\":\"Decora-Zone Tienda de Decoraci\u00f3n en Bilbao\"},\"image\":{\"@id\":\"https:\\\/\\\/decora-zone.com\\\/#\\\/schema\\\/logo\\\/image\\\/\"},\"sameAs\":[\"https:\\\/\\\/www.facebook.com\\\/decorazone.bilbao\\\/\",\"https:\\\/\\\/www.instagram.com\\\/decora_zone_\\\/\",\"https:\\\/\\\/co.pinterest.com\\\/Decora_Zone\\\/\"]}]}<\/script>\n<!-- \/ Yoast SEO plugin. -->","yoast_head_json":{"title":"Alfombra Beats 40265 - Decora-zone","description":"Alfombra Beats 40265 con dibujo de un simp\u00e1tico le\u00f3n en tono ocre y fondo claro para decoraci\u00f3n de habitaci\u00f3n infantil en Decorazone.","robots":{"index":"index","follow":"follow","max-snippet":"max-snippet:-1","max-image-preview":"max-image-preview:large","max-video-preview":"max-video-preview:-1"},"canonical":"https:\/\/decora-zone.com\/producto\/alfombra-beats-40265\/","og_locale":"en_US","og_type":"article","og_title":"Alfombra Beats 40265 - Decora-zone","og_description":"Alfombra Beats 40265 con dibujo de un simp\u00e1tico le\u00f3n en tono ocre y fondo claro para decoraci\u00f3n de habitaci\u00f3n infantil en Decorazone.","og_url":"https:\/\/decora-zone.com\/producto\/alfombra-beats-40265\/","og_site_name":"Decora-zone","article_publisher":"https:\/\/www.facebook.com\/decorazone.bilbao\/","article_modified_time":"2025-03-10T16:51:46+00:00","og_image":[{"width":2000,"height":1500,"url":"https:\/\/decora-zone.com\/wp-content\/uploads\/2024\/03\/Alfombra-Decorazone-Beats-blanco-40265a.jpg","type":"image\/jpeg"}],"twitter_misc":{"Est. reading time":"2 minutes"},"schema":{"@context":"https:\/\/schema.org","@graph":[{"@type":"WebPage","@id":"https:\/\/decora-zone.com\/producto\/alfombra-beats-40265\/","url":"https:\/\/decora-zone.com\/producto\/alfombra-beats-40265\/","name":"Alfombra Beats 40265 - Decora-zone","isPartOf":{"@id":"https:\/\/decora-zone.com\/#website"},"primaryImageOfPage":{"@id":"https:\/\/decora-zone.com\/producto\/alfombra-beats-40265\/#primaryimage"},"image":{"@id":"https:\/\/decora-zone.com\/producto\/alfombra-beats-40265\/#primaryimage"},"thumbnailUrl":"https:\/\/decora-zone.com\/wp-content\/uploads\/2024\/03\/Alfombra-Decorazone-Beats-blanco-40265a.jpg","datePublished":"2024-03-26T10:41:41+00:00","dateModified":"2025-03-10T16:51:46+00:00","description":"Alfombra Beats 40265 con dibujo de un simp\u00e1tico le\u00f3n en tono ocre y fondo claro para decoraci\u00f3n de habitaci\u00f3n infantil en Decorazone.","breadcrumb":{"@id":"https:\/\/decora-zone.com\/producto\/alfombra-beats-40265\/#breadcrumb"},"inLanguage":"en-US","potentialAction":[{"@type":"ReadAction","target":["https:\/\/decora-zone.com\/producto\/alfombra-beats-40265\/"]}]},{"@type":"ImageObject","inLanguage":"en-US","@id":"https:\/\/decora-zone.com\/producto\/alfombra-beats-40265\/#primaryimage","url":"https:\/\/decora-zone.com\/wp-content\/uploads\/2024\/03\/Alfombra-Decorazone-Beats-blanco-40265a.jpg","contentUrl":"https:\/\/decora-zone.com\/wp-content\/uploads\/2024\/03\/Alfombra-Decorazone-Beats-blanco-40265a.jpg","width":2000,"height":1500,"caption":"Alfombra Beats 40265"},{"@type":"BreadcrumbList","@id":"https:\/\/decora-zone.com\/producto\/alfombra-beats-40265\/#breadcrumb","itemListElement":[{"@type":"ListItem","position":1,"name":"Portada","item":"https:\/\/decora-zone.com\/"},{"@type":"ListItem","position":2,"name":"Productos","item":"https:\/\/decora-zone.com\/tienda-alfombras-cortinas-bilbao\/"},{"@type":"ListItem","position":3,"name":"Alfombra Beats 40265"}]},{"@type":"WebSite","@id":"https:\/\/decora-zone.com\/#website","url":"https:\/\/decora-zone.com\/","name":"Decora-zone","description":"Especialistas en cortinas y alfombras de dise\u00f1o en Bilbao","publisher":{"@id":"https:\/\/decora-zone.com\/#organization"},"potentialAction":[{"@type":"SearchAction","target":{"@type":"EntryPoint","urlTemplate":"https:\/\/decora-zone.com\/?s={search_term_string}"},"query-input":{"@type":"PropertyValueSpecification","valueRequired":true,"valueName":"search_term_string"}}],"inLanguage":"en-US"},{"@type":"Organization","@id":"https:\/\/decora-zone.com\/#organization","name":"Decora-Zone Tienda de Decoraci\u00f3n en Bilbao","url":"https:\/\/decora-zone.com\/","logo":{"@type":"ImageObject","inLanguage":"en-US","@id":"https:\/\/decora-zone.com\/#\/schema\/logo\/image\/","url":"https:\/\/decora-zone.com\/wp-content\/uploads\/2014\/02\/logotipo-decora-zone-alfombras-cortinas-decoracion-bilbao.jpg","contentUrl":"https:\/\/decora-zone.com\/wp-content\/uploads\/2014\/02\/logotipo-decora-zone-alfombras-cortinas-decoracion-bilbao.jpg","width":484,"height":230,"caption":"Decora-Zone Tienda de Decoraci\u00f3n en Bilbao"},"image":{"@id":"https:\/\/decora-zone.com\/#\/schema\/logo\/image\/"},"sameAs":["https:\/\/www.facebook.com\/decorazone.bilbao\/","https:\/\/www.instagram.com\/decora_zone_\/","https:\/\/co.pinterest.com\/Decora_Zone\/"]}]}},"_links":{"self":[{"href":"https:\/\/decora-zone.com\/en\/wp-json\/wp\/v2\/product\/16907","targetHints":{"allow":["GET"]}}],"collection":[{"href":"https:\/\/decora-zone.com\/en\/wp-json\/wp\/v2\/product"}],"about":[{"href":"https:\/\/decora-zone.com\/en\/wp-json\/wp\/v2\/types\/product"}],"replies":[{"embeddable":true,"href":"https:\/\/decora-zone.com\/en\/wp-json\/wp\/v2\/comments?post=16907"}],"wp:featuredmedia":[{"embeddable":true,"href":"https:\/\/decora-zone.com\/en\/wp-json\/wp\/v2\/media\/16910"}],"wp:attachment":[{"href":"https:\/\/decora-zone.com\/en\/wp-json\/wp\/v2\/media?parent=16907"}],"wp:term":[{"taxonomy":"product_brand","embeddable":true,"href":"https:\/\/decora-zone.com\/en\/wp-json\/wp\/v2\/product_brand?post=16907"},{"taxonomy":"product_cat","embeddable":true,"href":"https:\/\/decora-zone.com\/en\/wp-json\/wp\/v2\/product_cat?post=16907"},{"taxonomy":"product_tag","embeddable":true,"href":"https:\/\/decora-zone.com\/en\/wp-json\/wp\/v2\/product_tag?post=16907"}],"curies":[{"name":"wp","href":"https:\/\/api.w.org\/{rel}","templated":true}]}}