{"id":16827,"date":"2024-03-11T20:42:23","date_gmt":"2024-03-11T18:42:23","guid":{"rendered":"https:\/\/decora-zone.com\/?post_type=product&#038;p=16827"},"modified":"2025-03-10T17:51:47","modified_gmt":"2025-03-10T16:51:47","slug":"funda-de-cojin-manaus","status":"publish","type":"product","link":"https:\/\/decora-zone.com\/en\/producto\/funda-de-cojin-manaus\/","title":{"rendered":"Funda de coj\u00edn Manaus"},"content":{"rendered":"<h1><span style=\"font-size: 12pt;\"><strong>Funda de coj\u00edn Manaus<\/strong><\/span><\/h1>\n<div class=\"w-full text-token-text-primary\" data-testid=\"conversation-turn-3\">\n<div class=\"px-4 py-2 justify-center text-base md:gap-6 m-auto\">\n<div class=\"flex flex-1 text-base mx-auto gap-3 md:px-5 lg:px-1 xl:px-5 md:max-w-3xl lg:max-w-[40rem] xl:max-w-[48rem] group\">\n<div class=\"relative flex w-full flex-col agent-turn\">\n<div class=\"flex-col gap-1 md:gap-3\">\n<div class=\"flex flex-grow flex-col max-w-full\">\n<div class=\"min-h-[20px] text-message flex flex-col items-start gap-3 whitespace-pre-wrap break-words [.text-message+&amp;]:mt-5 overflow-x-auto\" data-message-author-role=\"assistant\" data-message-id=\"aa4a2461-0a02-4fc9-a500-8985d84fa871\">\n<div class=\"markdown prose w-full break-words dark:prose-invert light\">\n<p>Sum\u00e9rjase en la opulencia tropical con nuestra exquisita funda de coj\u00edn Manaus de Camengo. Esta pieza de alta gama, dise\u00f1ada con meticulosa atenci\u00f3n al detalle, infunde un toque de elegancia a cualquier espacio. Confeccionada con un exquisito lienzo de blanco roto, esta funda de coj\u00edn exhibe un encanto atemporal.<\/p>\n<p>La discreta cremallera oculta garantiza una apariencia impecable, mientras que el remate con un cordoncillo de terciopelo negro a\u00f1ade un toque de sofisticaci\u00f3n sutil. El dise\u00f1o, inspirado en la exuberante flora tropical, presenta palmeras majestuosas y hojas bordadas en negro y color taupe, creando un contraste sublime sobre el fondo claro.<\/p>\n<p>Cada detalle de esta funda de coj\u00edn ha sido cuidadosamente seleccionado para ofrecer una experiencia de lujo incomparable. Desde los materiales de la m\u00e1s alta calidad hasta la artesan\u00eda experta, cada costura y cada hilo est\u00e1n son de una calidad excepcional.<\/p>\n<p>Esta funda de coj\u00edn Manaus de Camengo no solo es un accesorio decorativo, sino tambi\u00e9n una expresi\u00f3n de estilo refinado y buen gusto. Combina a la perfecci\u00f3n con una amplia variedad de estilos de decoraci\u00f3n, desde lo contempor\u00e1neo hasta lo cl\u00e1sico, a\u00f1adiendo un toque de sofisticaci\u00f3n a cualquier ambiente.<\/p>\n<p>Esta funda de coj\u00edn de Camengo es m\u00e1s que un simple accesorio decorativo; es una declaraci\u00f3n de estilo y gusto exquisito. Convierte cualquier sof\u00e1, sill\u00f3n o cama en un oasis de lujo y confort, llenando la est\u00e9tica de tu hogar de distinci\u00f3n y elegancia.<\/p>\n<\/div>\n<\/div>\n<\/div>\n<\/div>\n<\/div>\n<\/div>\n<\/div>\n<\/div>\n<p>Medida: 45&#215;45 cm<\/p>\n<p>Composici\u00f3n: 48% de algod\u00f3n y un 52% poli\u00e9ster<\/p>\n<p>Cierre cremallera oculta<\/p>\n<p>&nbsp;<\/p>\n","protected":false},"excerpt":{"rendered":"<p>Sum\u00e9rjase en la opulencia tropical con nuestra exquisita funda de coj\u00edn Manaus de Camengo. Esta pieza de alta gama, dise\u00f1ada con meticulosa atenci\u00f3n al detalle, infunde un toque de elegancia a cualquier espacio. Confeccionada con un exquisito lienzo de blanco roto, esta funda de coj\u00edn exhibe un encanto atemporal.<\/p>\n<p>La discreta cremallera oculta garantiza una apariencia impecable, mientras que el remate con un cordoncillo de terciopelo negro a\u00f1ade un toque de sofisticaci\u00f3n sutil. El dise\u00f1o, inspirado en la exuberante flora tropical, presenta palmeras majestuosas y hojas bordadas en negro y color taupe, creando un contraste sublime sobre el fondo claro.<\/p>\n<p>Cada detalle de esta funda de coj\u00edn ha sido cuidadosamente seleccionado para ofrecer una experiencia de lujo incomparable. Desde los materiales de la m\u00e1s alta calidad hasta la artesan\u00eda experta, cada costura y cada hilo est\u00e1n son de una calidad excepcional.<\/p>\n<p>Esta funda de coj\u00edn Manaus de Camengo no solo es un accesorio decorativo, sino tambi\u00e9n una expresi\u00f3n de estilo refinado y buen gusto. Combina a la perfecci\u00f3n con una amplia variedad de estilos de decoraci\u00f3n, desde lo contempor\u00e1neo hasta lo cl\u00e1sico, a\u00f1adiendo un toque de sofisticaci\u00f3n a cualquier ambiente.<\/p>\n<p>Esta funda de coj\u00edn de Camengo es m\u00e1s que un simple accesorio decorativo; es una declaraci\u00f3n de estilo y gusto exquisito. Convierte cualquier sof\u00e1, sill\u00f3n o cama en un oasis de lujo y confort, llenando la est\u00e9tica de tu hogar de distinci\u00f3n y elegancia.<\/p>\n","protected":false},"featured_media":16830,"comment_status":"open","ping_status":"closed","template":"","meta":[],"product_brand":[],"product_cat":[122],"product_tag":[28,879,123,27,23,24,26,29],"class_list":{"0":"post-16827","1":"product","2":"type-product","3":"status-publish","4":"has-post-thumbnail","6":"product_cat-cojines-en-bilbao-tienda-decoracion-santutxu","7":"product_tag-bilbao","8":"product_tag-casamance","9":"product_tag-cojines","10":"product_tag-decora-zone","11":"product_tag-decoracion","12":"product_tag-hogar","13":"product_tag-ropa-de-cama","14":"product_tag-santutxu","16":"first","17":"instock","18":"shipping-taxable","19":"purchasable","20":"product-type-variable"},"yoast_head":"<!-- This site is optimized with the Yoast SEO plugin v27.5 - https:\/\/yoast.com\/product\/yoast-seo-wordpress\/ -->\n<title>Funda de coj\u00edn Manaus - Decora-zone<\/title>\n<meta name=\"description\" content=\"Funda de coj\u00edn Manaus de Camengo, con dise\u00f1o de palmeras bordadas en fondo blanco, de alta gama en Decora-Zone, tienda de ropa de cama en Bilbao\" \/>\n<meta name=\"robots\" content=\"index, follow, max-snippet:-1, max-image-preview:large, max-video-preview:-1\" \/>\n<link rel=\"canonical\" href=\"https:\/\/decora-zone.com\/producto\/funda-de-cojin-manaus\/\" \/>\n<meta property=\"og:locale\" content=\"en_US\" \/>\n<meta property=\"og:type\" content=\"article\" \/>\n<meta property=\"og:title\" content=\"Funda de coj\u00edn Manaus - Decora-zone\" \/>\n<meta property=\"og:description\" content=\"Funda de coj\u00edn Manaus de Camengo, con dise\u00f1o de palmeras bordadas en fondo blanco, de alta gama en Decora-Zone, tienda de ropa de cama en Bilbao\" \/>\n<meta property=\"og:url\" content=\"https:\/\/decora-zone.com\/producto\/funda-de-cojin-manaus\/\" \/>\n<meta property=\"og:site_name\" content=\"Decora-zone\" \/>\n<meta property=\"article:publisher\" content=\"https:\/\/www.facebook.com\/decorazone.bilbao\/\" \/>\n<meta property=\"article:modified_time\" content=\"2025-03-10T16:51:47+00:00\" \/>\n<meta property=\"og:image\" content=\"https:\/\/decora-zone.com\/wp-content\/uploads\/2024\/03\/Funda-de-Cojin-Camengo-Decorazone-Cojin-Manaos-Beig-2.jpg\" \/>\n\t<meta property=\"og:image:width\" content=\"700\" \/>\n\t<meta property=\"og:image:height\" content=\"700\" \/>\n\t<meta property=\"og:image:type\" content=\"image\/jpeg\" \/>\n<meta name=\"twitter:label1\" content=\"Est. reading time\" \/>\n\t<meta name=\"twitter:data1\" content=\"2 minutes\" \/>\n<script type=\"application\/ld+json\" class=\"yoast-schema-graph\">{\"@context\":\"https:\\\/\\\/schema.org\",\"@graph\":[{\"@type\":\"WebPage\",\"@id\":\"https:\\\/\\\/decora-zone.com\\\/producto\\\/funda-de-cojin-manaus\\\/\",\"url\":\"https:\\\/\\\/decora-zone.com\\\/producto\\\/funda-de-cojin-manaus\\\/\",\"name\":\"Funda de coj\u00edn Manaus - Decora-zone\",\"isPartOf\":{\"@id\":\"https:\\\/\\\/decora-zone.com\\\/#website\"},\"primaryImageOfPage\":{\"@id\":\"https:\\\/\\\/decora-zone.com\\\/producto\\\/funda-de-cojin-manaus\\\/#primaryimage\"},\"image\":{\"@id\":\"https:\\\/\\\/decora-zone.com\\\/producto\\\/funda-de-cojin-manaus\\\/#primaryimage\"},\"thumbnailUrl\":\"https:\\\/\\\/decora-zone.com\\\/wp-content\\\/uploads\\\/2024\\\/03\\\/Funda-de-Cojin-Camengo-Decorazone-Cojin-Manaos-Beig-2.jpg\",\"datePublished\":\"2024-03-11T18:42:23+00:00\",\"dateModified\":\"2025-03-10T16:51:47+00:00\",\"description\":\"Funda de coj\u00edn Manaus de Camengo, con dise\u00f1o de palmeras bordadas en fondo blanco, de alta gama en Decora-Zone, tienda de ropa de cama en Bilbao\",\"breadcrumb\":{\"@id\":\"https:\\\/\\\/decora-zone.com\\\/producto\\\/funda-de-cojin-manaus\\\/#breadcrumb\"},\"inLanguage\":\"en-US\",\"potentialAction\":[{\"@type\":\"ReadAction\",\"target\":[\"https:\\\/\\\/decora-zone.com\\\/producto\\\/funda-de-cojin-manaus\\\/\"]}]},{\"@type\":\"ImageObject\",\"inLanguage\":\"en-US\",\"@id\":\"https:\\\/\\\/decora-zone.com\\\/producto\\\/funda-de-cojin-manaus\\\/#primaryimage\",\"url\":\"https:\\\/\\\/decora-zone.com\\\/wp-content\\\/uploads\\\/2024\\\/03\\\/Funda-de-Cojin-Camengo-Decorazone-Cojin-Manaos-Beig-2.jpg\",\"contentUrl\":\"https:\\\/\\\/decora-zone.com\\\/wp-content\\\/uploads\\\/2024\\\/03\\\/Funda-de-Cojin-Camengo-Decorazone-Cojin-Manaos-Beig-2.jpg\",\"width\":700,\"height\":700,\"caption\":\"Funda de coj\u00edn Manaus\"},{\"@type\":\"BreadcrumbList\",\"@id\":\"https:\\\/\\\/decora-zone.com\\\/producto\\\/funda-de-cojin-manaus\\\/#breadcrumb\",\"itemListElement\":[{\"@type\":\"ListItem\",\"position\":1,\"name\":\"Portada\",\"item\":\"https:\\\/\\\/decora-zone.com\\\/\"},{\"@type\":\"ListItem\",\"position\":2,\"name\":\"Productos\",\"item\":\"https:\\\/\\\/decora-zone.com\\\/tienda-alfombras-cortinas-bilbao\\\/\"},{\"@type\":\"ListItem\",\"position\":3,\"name\":\"Funda de coj\u00edn Manaus\"}]},{\"@type\":\"WebSite\",\"@id\":\"https:\\\/\\\/decora-zone.com\\\/#website\",\"url\":\"https:\\\/\\\/decora-zone.com\\\/\",\"name\":\"Decora-zone\",\"description\":\"Especialistas en cortinas y alfombras de dise\u00f1o en Bilbao\",\"publisher\":{\"@id\":\"https:\\\/\\\/decora-zone.com\\\/#organization\"},\"potentialAction\":[{\"@type\":\"SearchAction\",\"target\":{\"@type\":\"EntryPoint\",\"urlTemplate\":\"https:\\\/\\\/decora-zone.com\\\/?s={search_term_string}\"},\"query-input\":{\"@type\":\"PropertyValueSpecification\",\"valueRequired\":true,\"valueName\":\"search_term_string\"}}],\"inLanguage\":\"en-US\"},{\"@type\":\"Organization\",\"@id\":\"https:\\\/\\\/decora-zone.com\\\/#organization\",\"name\":\"Decora-Zone Tienda de Decoraci\u00f3n en Bilbao\",\"url\":\"https:\\\/\\\/decora-zone.com\\\/\",\"logo\":{\"@type\":\"ImageObject\",\"inLanguage\":\"en-US\",\"@id\":\"https:\\\/\\\/decora-zone.com\\\/#\\\/schema\\\/logo\\\/image\\\/\",\"url\":\"https:\\\/\\\/decora-zone.com\\\/wp-content\\\/uploads\\\/2014\\\/02\\\/logotipo-decora-zone-alfombras-cortinas-decoracion-bilbao.jpg\",\"contentUrl\":\"https:\\\/\\\/decora-zone.com\\\/wp-content\\\/uploads\\\/2014\\\/02\\\/logotipo-decora-zone-alfombras-cortinas-decoracion-bilbao.jpg\",\"width\":484,\"height\":230,\"caption\":\"Decora-Zone Tienda de Decoraci\u00f3n en Bilbao\"},\"image\":{\"@id\":\"https:\\\/\\\/decora-zone.com\\\/#\\\/schema\\\/logo\\\/image\\\/\"},\"sameAs\":[\"https:\\\/\\\/www.facebook.com\\\/decorazone.bilbao\\\/\",\"https:\\\/\\\/www.instagram.com\\\/decora_zone_\\\/\",\"https:\\\/\\\/co.pinterest.com\\\/Decora_Zone\\\/\"]}]}<\/script>\n<!-- \/ Yoast SEO plugin. -->","yoast_head_json":{"title":"Funda de coj\u00edn Manaus - Decora-zone","description":"Funda de coj\u00edn Manaus de Camengo, con dise\u00f1o de palmeras bordadas en fondo blanco, de alta gama en Decora-Zone, tienda de ropa de cama en Bilbao","robots":{"index":"index","follow":"follow","max-snippet":"max-snippet:-1","max-image-preview":"max-image-preview:large","max-video-preview":"max-video-preview:-1"},"canonical":"https:\/\/decora-zone.com\/producto\/funda-de-cojin-manaus\/","og_locale":"en_US","og_type":"article","og_title":"Funda de coj\u00edn Manaus - Decora-zone","og_description":"Funda de coj\u00edn Manaus de Camengo, con dise\u00f1o de palmeras bordadas en fondo blanco, de alta gama en Decora-Zone, tienda de ropa de cama en Bilbao","og_url":"https:\/\/decora-zone.com\/producto\/funda-de-cojin-manaus\/","og_site_name":"Decora-zone","article_publisher":"https:\/\/www.facebook.com\/decorazone.bilbao\/","article_modified_time":"2025-03-10T16:51:47+00:00","og_image":[{"width":700,"height":700,"url":"https:\/\/decora-zone.com\/wp-content\/uploads\/2024\/03\/Funda-de-Cojin-Camengo-Decorazone-Cojin-Manaos-Beig-2.jpg","type":"image\/jpeg"}],"twitter_misc":{"Est. reading time":"2 minutes"},"schema":{"@context":"https:\/\/schema.org","@graph":[{"@type":"WebPage","@id":"https:\/\/decora-zone.com\/producto\/funda-de-cojin-manaus\/","url":"https:\/\/decora-zone.com\/producto\/funda-de-cojin-manaus\/","name":"Funda de coj\u00edn Manaus - Decora-zone","isPartOf":{"@id":"https:\/\/decora-zone.com\/#website"},"primaryImageOfPage":{"@id":"https:\/\/decora-zone.com\/producto\/funda-de-cojin-manaus\/#primaryimage"},"image":{"@id":"https:\/\/decora-zone.com\/producto\/funda-de-cojin-manaus\/#primaryimage"},"thumbnailUrl":"https:\/\/decora-zone.com\/wp-content\/uploads\/2024\/03\/Funda-de-Cojin-Camengo-Decorazone-Cojin-Manaos-Beig-2.jpg","datePublished":"2024-03-11T18:42:23+00:00","dateModified":"2025-03-10T16:51:47+00:00","description":"Funda de coj\u00edn Manaus de Camengo, con dise\u00f1o de palmeras bordadas en fondo blanco, de alta gama en Decora-Zone, tienda de ropa de cama en Bilbao","breadcrumb":{"@id":"https:\/\/decora-zone.com\/producto\/funda-de-cojin-manaus\/#breadcrumb"},"inLanguage":"en-US","potentialAction":[{"@type":"ReadAction","target":["https:\/\/decora-zone.com\/producto\/funda-de-cojin-manaus\/"]}]},{"@type":"ImageObject","inLanguage":"en-US","@id":"https:\/\/decora-zone.com\/producto\/funda-de-cojin-manaus\/#primaryimage","url":"https:\/\/decora-zone.com\/wp-content\/uploads\/2024\/03\/Funda-de-Cojin-Camengo-Decorazone-Cojin-Manaos-Beig-2.jpg","contentUrl":"https:\/\/decora-zone.com\/wp-content\/uploads\/2024\/03\/Funda-de-Cojin-Camengo-Decorazone-Cojin-Manaos-Beig-2.jpg","width":700,"height":700,"caption":"Funda de coj\u00edn Manaus"},{"@type":"BreadcrumbList","@id":"https:\/\/decora-zone.com\/producto\/funda-de-cojin-manaus\/#breadcrumb","itemListElement":[{"@type":"ListItem","position":1,"name":"Portada","item":"https:\/\/decora-zone.com\/"},{"@type":"ListItem","position":2,"name":"Productos","item":"https:\/\/decora-zone.com\/tienda-alfombras-cortinas-bilbao\/"},{"@type":"ListItem","position":3,"name":"Funda de coj\u00edn Manaus"}]},{"@type":"WebSite","@id":"https:\/\/decora-zone.com\/#website","url":"https:\/\/decora-zone.com\/","name":"Decora-zone","description":"Especialistas en cortinas y alfombras de dise\u00f1o en Bilbao","publisher":{"@id":"https:\/\/decora-zone.com\/#organization"},"potentialAction":[{"@type":"SearchAction","target":{"@type":"EntryPoint","urlTemplate":"https:\/\/decora-zone.com\/?s={search_term_string}"},"query-input":{"@type":"PropertyValueSpecification","valueRequired":true,"valueName":"search_term_string"}}],"inLanguage":"en-US"},{"@type":"Organization","@id":"https:\/\/decora-zone.com\/#organization","name":"Decora-Zone Tienda de Decoraci\u00f3n en Bilbao","url":"https:\/\/decora-zone.com\/","logo":{"@type":"ImageObject","inLanguage":"en-US","@id":"https:\/\/decora-zone.com\/#\/schema\/logo\/image\/","url":"https:\/\/decora-zone.com\/wp-content\/uploads\/2014\/02\/logotipo-decora-zone-alfombras-cortinas-decoracion-bilbao.jpg","contentUrl":"https:\/\/decora-zone.com\/wp-content\/uploads\/2014\/02\/logotipo-decora-zone-alfombras-cortinas-decoracion-bilbao.jpg","width":484,"height":230,"caption":"Decora-Zone Tienda de Decoraci\u00f3n en Bilbao"},"image":{"@id":"https:\/\/decora-zone.com\/#\/schema\/logo\/image\/"},"sameAs":["https:\/\/www.facebook.com\/decorazone.bilbao\/","https:\/\/www.instagram.com\/decora_zone_\/","https:\/\/co.pinterest.com\/Decora_Zone\/"]}]}},"_links":{"self":[{"href":"https:\/\/decora-zone.com\/en\/wp-json\/wp\/v2\/product\/16827","targetHints":{"allow":["GET"]}}],"collection":[{"href":"https:\/\/decora-zone.com\/en\/wp-json\/wp\/v2\/product"}],"about":[{"href":"https:\/\/decora-zone.com\/en\/wp-json\/wp\/v2\/types\/product"}],"replies":[{"embeddable":true,"href":"https:\/\/decora-zone.com\/en\/wp-json\/wp\/v2\/comments?post=16827"}],"wp:featuredmedia":[{"embeddable":true,"href":"https:\/\/decora-zone.com\/en\/wp-json\/wp\/v2\/media\/16830"}],"wp:attachment":[{"href":"https:\/\/decora-zone.com\/en\/wp-json\/wp\/v2\/media?parent=16827"}],"wp:term":[{"taxonomy":"product_brand","embeddable":true,"href":"https:\/\/decora-zone.com\/en\/wp-json\/wp\/v2\/product_brand?post=16827"},{"taxonomy":"product_cat","embeddable":true,"href":"https:\/\/decora-zone.com\/en\/wp-json\/wp\/v2\/product_cat?post=16827"},{"taxonomy":"product_tag","embeddable":true,"href":"https:\/\/decora-zone.com\/en\/wp-json\/wp\/v2\/product_tag?post=16827"}],"curies":[{"name":"wp","href":"https:\/\/api.w.org\/{rel}","templated":true}]}}