{"id":16777,"date":"2024-02-14T20:28:17","date_gmt":"2024-02-14T18:28:17","guid":{"rendered":"https:\/\/decora-zone.com\/?post_type=product&#038;p=16777"},"modified":"2025-03-10T17:51:47","modified_gmt":"2025-03-10T16:51:47","slug":"alfombra-royal-palace-934","status":"publish","type":"product","link":"https:\/\/decora-zone.com\/en\/producto\/alfombra-royal-palace-934\/","title":{"rendered":"Alfombra Royal Palace 934"},"content":{"rendered":"<p><strong>Alfombra Royal Palace 934<\/strong><\/p>\n<p><strong>100% Viscosa<\/strong><\/p>\n<p>Presentada por la firma de referencia nacional Sualsa, la calidad Royal Palace son alfombras acr\u00edlicas fabricadas en\u00a0 Crevillente.<\/p>\n<p data-sourcepos=\"3:1-3:234\">La alfombra Royal Palace 934 de Sualsa es una pieza moderna y elegante que aportar\u00e1 un toque de sofisticaci\u00f3n a cualquier estancia. Su dise\u00f1o de l\u00edneas geom\u00e9tricas en dos colores, salm\u00f3n y verde, crea un efecto visual din\u00e1mico y atractivo.<\/p>\n<p data-sourcepos=\"5:1-5:177\">La alfombra Royal Palace\u00a0 est\u00e1 fabricada en viscosa, una fibra que ofrece una gran suavidad y confortabilidad. Su altura de pelo de 3 mm proporciona una pisada muy agradable<\/p>\n<p data-sourcepos=\"7:1-7:154\">La Royal Palace 934 es una alfombra vers\u00e1til que se puede adaptar a diferentes estilos de decoraci\u00f3n. Es perfecta para salones, dormitorios, entradas y pasillos.<\/p>\n<p data-sourcepos=\"7:1-7:20\"><strong>Caracter\u00edsticas:<\/strong><\/p>\n<ul data-sourcepos=\"9:1-13:0\">\n<li data-sourcepos=\"9:1-9:27\">Material: Viscosa<\/li>\n<li data-sourcepos=\"9:1-9:27\">Grosor: 3 mm<\/li>\n<li data-sourcepos=\"10:1-10:20\">Dise\u00f1o: L\u00edneas geom\u00e9tricas<\/li>\n<li data-sourcepos=\"12:1-13:0\">Colores: Salm\u00f3n y azul<\/li>\n<\/ul>\n<p data-sourcepos=\"19:1-19:29\"><strong>Limpieza y mantenimiento:<\/strong><\/p>\n<p data-sourcepos=\"21:1-21:223\">La alfombra Royal Palace es f\u00e1cil de limpiar y mantener. Para su limpieza diaria, basta con pasar la aspiradora en la direcci\u00f3n del pelo. Para una limpieza m\u00e1s profunda, se recomienda utilizar un detergente neutro y agua fr\u00eda. Se recomienda limpiar a fondo al menos una vez al a\u00f1o. Es importante no mojar la alfombra en exceso.<\/p>\n<p><strong>Si est\u00e1 interesado en alguno de nuestros art\u00edculos que est\u00e9n sin stock, puede reservarlos poni\u00e9ndose en <a href=\"http:\/\/decora-zone.com\/contacto-decora-zone-alfombras-cortinas-decoracion-bilbao\/\">contacto con nosotros<\/a>.<\/strong><\/p>\n","protected":false},"excerpt":{"rendered":"<p><strong>100% Viscosa<\/strong><\/p>\n<p>Presentada por la firma de referencia nacional Sualsa, la calidad Royal Palace son alfombras acr\u00edlicas fabricadas en\u00a0 Crevillente.<\/p>\n<p data-sourcepos=\"3:1-3:234\">La alfombra Royal Palace 934 de Sualsa es una pieza moderna y elegante que aportar\u00e1 un toque de sofisticaci\u00f3n a cualquier estancia. Su dise\u00f1o de l\u00edneas geom\u00e9tricas en dos colores, salm\u00f3n y verde, crea un efecto visual din\u00e1mico y atractivo.<\/p>\n<p data-sourcepos=\"5:1-5:177\">La alfombra Royal Palace\u00a0 est\u00e1 fabricada en viscosa, una fibra que ofrece una gran suavidad y confortabilidad. Su altura de pelo de 3 mm proporciona una pisada muy agradable<\/p>\n<p data-sourcepos=\"7:1-7:154\">La Royal Palace 934 es una alfombra vers\u00e1til que se puede adaptar a diferentes estilos de decoraci\u00f3n. Es perfecta para salones, dormitorios, entradas y pasillos.<\/p>\n","protected":false},"featured_media":16792,"comment_status":"open","ping_status":"closed","template":"","meta":[],"product_brand":[],"product_cat":[56,21,951],"product_tag":[22,32,448,28,27,23,24,447,29,410],"class_list":{"0":"post-16777","1":"product","2":"type-product","3":"status-publish","4":"has-post-thumbnail","6":"product_cat-alfombras-acrilicas-en-bilbao-tienda-decoracion-bilbao-santutxu","7":"product_cat-alfombras-bilbao-tienda-decoracion-santutxu","8":"product_cat-alfombras-viscosa-en-bilbao-tienda-decoracion-bilbao-santutxu","9":"product_tag-acrilicas","10":"product_tag-alfombras","11":"product_tag-antideslizante","12":"product_tag-bilbao","13":"product_tag-decora-zone","14":"product_tag-decoracion","15":"product_tag-hogar","16":"product_tag-lavable","17":"product_tag-santutxu","18":"product_tag-sualsa","19":"pa_medida-135x195cm","20":"pa_medida-160x230cm","21":"pa_medida-195x300cm","22":"pa_medida-67x105cm","23":"pa_medida-95x140cm","25":"first","26":"outofstock","27":"sale","28":"shipping-taxable","29":"purchasable","30":"product-type-variable"},"yoast_head":"<!-- This site is optimized with the Yoast SEO plugin v27.5 - https:\/\/yoast.com\/product\/yoast-seo-wordpress\/ -->\n<title>Alfombra Royal Palace 934 Alfombra Royal Palace 934 - Decora-zone<\/title>\n<meta name=\"description\" content=\"Alfombra Royal Palace 934 con dise\u00f1o de l\u00edneas geom\u00e9tricas de la firma de referencia nacional Sualsa disponible en salm\u00f3n o azul en Decorazone de Bilbao\" \/>\n<meta name=\"robots\" content=\"index, follow, max-snippet:-1, max-image-preview:large, max-video-preview:-1\" \/>\n<link rel=\"canonical\" href=\"https:\/\/decora-zone.com\/producto\/alfombra-royal-palace-934\/\" \/>\n<meta property=\"og:locale\" content=\"en_US\" \/>\n<meta property=\"og:type\" content=\"article\" \/>\n<meta property=\"og:title\" content=\"Alfombra Royal Palace 934 Alfombra Royal Palace 934 - Decora-zone\" \/>\n<meta property=\"og:description\" content=\"Alfombra Royal Palace 934 con dise\u00f1o de l\u00edneas geom\u00e9tricas de la firma de referencia nacional Sualsa disponible en salm\u00f3n o azul en Decorazone de Bilbao\" \/>\n<meta property=\"og:url\" content=\"https:\/\/decora-zone.com\/producto\/alfombra-royal-palace-934\/\" \/>\n<meta property=\"og:site_name\" content=\"Decora-zone\" \/>\n<meta property=\"article:publisher\" content=\"https:\/\/www.facebook.com\/decorazone.bilbao\/\" \/>\n<meta property=\"article:modified_time\" content=\"2025-03-10T16:51:47+00:00\" \/>\n<meta property=\"og:image\" content=\"https:\/\/decora-zone.com\/wp-content\/uploads\/2024\/02\/Alfombra-Decorazone-Royal-Palace-azul-934a.jpg\" \/>\n\t<meta property=\"og:image:width\" content=\"807\" \/>\n\t<meta property=\"og:image:height\" content=\"1000\" \/>\n\t<meta property=\"og:image:type\" content=\"image\/jpeg\" \/>\n<meta name=\"twitter:label1\" content=\"Est. reading time\" \/>\n\t<meta name=\"twitter:data1\" content=\"2 minutes\" \/>\n<script type=\"application\/ld+json\" class=\"yoast-schema-graph\">{\"@context\":\"https:\\\/\\\/schema.org\",\"@graph\":[{\"@type\":\"WebPage\",\"@id\":\"https:\\\/\\\/decora-zone.com\\\/producto\\\/alfombra-royal-palace-934\\\/\",\"url\":\"https:\\\/\\\/decora-zone.com\\\/producto\\\/alfombra-royal-palace-934\\\/\",\"name\":\"Alfombra Royal Palace 934 Alfombra Royal Palace 934 - Decora-zone\",\"isPartOf\":{\"@id\":\"https:\\\/\\\/decora-zone.com\\\/#website\"},\"primaryImageOfPage\":{\"@id\":\"https:\\\/\\\/decora-zone.com\\\/producto\\\/alfombra-royal-palace-934\\\/#primaryimage\"},\"image\":{\"@id\":\"https:\\\/\\\/decora-zone.com\\\/producto\\\/alfombra-royal-palace-934\\\/#primaryimage\"},\"thumbnailUrl\":\"https:\\\/\\\/decora-zone.com\\\/wp-content\\\/uploads\\\/2024\\\/02\\\/Alfombra-Decorazone-Royal-Palace-azul-934a.jpg\",\"datePublished\":\"2024-02-14T18:28:17+00:00\",\"dateModified\":\"2025-03-10T16:51:47+00:00\",\"description\":\"Alfombra Royal Palace 934 con dise\u00f1o de l\u00edneas geom\u00e9tricas de la firma de referencia nacional Sualsa disponible en salm\u00f3n o azul en Decorazone de Bilbao\",\"breadcrumb\":{\"@id\":\"https:\\\/\\\/decora-zone.com\\\/producto\\\/alfombra-royal-palace-934\\\/#breadcrumb\"},\"inLanguage\":\"en-US\",\"potentialAction\":[{\"@type\":\"ReadAction\",\"target\":[\"https:\\\/\\\/decora-zone.com\\\/producto\\\/alfombra-royal-palace-934\\\/\"]}]},{\"@type\":\"ImageObject\",\"inLanguage\":\"en-US\",\"@id\":\"https:\\\/\\\/decora-zone.com\\\/producto\\\/alfombra-royal-palace-934\\\/#primaryimage\",\"url\":\"https:\\\/\\\/decora-zone.com\\\/wp-content\\\/uploads\\\/2024\\\/02\\\/Alfombra-Decorazone-Royal-Palace-azul-934a.jpg\",\"contentUrl\":\"https:\\\/\\\/decora-zone.com\\\/wp-content\\\/uploads\\\/2024\\\/02\\\/Alfombra-Decorazone-Royal-Palace-azul-934a.jpg\",\"width\":807,\"height\":1000,\"caption\":\"Alfombra Royal Palace 934 azul\"},{\"@type\":\"BreadcrumbList\",\"@id\":\"https:\\\/\\\/decora-zone.com\\\/producto\\\/alfombra-royal-palace-934\\\/#breadcrumb\",\"itemListElement\":[{\"@type\":\"ListItem\",\"position\":1,\"name\":\"Portada\",\"item\":\"https:\\\/\\\/decora-zone.com\\\/\"},{\"@type\":\"ListItem\",\"position\":2,\"name\":\"Productos\",\"item\":\"https:\\\/\\\/decora-zone.com\\\/tienda-alfombras-cortinas-bilbao\\\/\"},{\"@type\":\"ListItem\",\"position\":3,\"name\":\"Alfombra Royal Palace 934\"}]},{\"@type\":\"WebSite\",\"@id\":\"https:\\\/\\\/decora-zone.com\\\/#website\",\"url\":\"https:\\\/\\\/decora-zone.com\\\/\",\"name\":\"Decora-zone\",\"description\":\"Especialistas en cortinas y alfombras de dise\u00f1o en Bilbao\",\"publisher\":{\"@id\":\"https:\\\/\\\/decora-zone.com\\\/#organization\"},\"potentialAction\":[{\"@type\":\"SearchAction\",\"target\":{\"@type\":\"EntryPoint\",\"urlTemplate\":\"https:\\\/\\\/decora-zone.com\\\/?s={search_term_string}\"},\"query-input\":{\"@type\":\"PropertyValueSpecification\",\"valueRequired\":true,\"valueName\":\"search_term_string\"}}],\"inLanguage\":\"en-US\"},{\"@type\":\"Organization\",\"@id\":\"https:\\\/\\\/decora-zone.com\\\/#organization\",\"name\":\"Decora-Zone Tienda de Decoraci\u00f3n en Bilbao\",\"url\":\"https:\\\/\\\/decora-zone.com\\\/\",\"logo\":{\"@type\":\"ImageObject\",\"inLanguage\":\"en-US\",\"@id\":\"https:\\\/\\\/decora-zone.com\\\/#\\\/schema\\\/logo\\\/image\\\/\",\"url\":\"https:\\\/\\\/decora-zone.com\\\/wp-content\\\/uploads\\\/2014\\\/02\\\/logotipo-decora-zone-alfombras-cortinas-decoracion-bilbao.jpg\",\"contentUrl\":\"https:\\\/\\\/decora-zone.com\\\/wp-content\\\/uploads\\\/2014\\\/02\\\/logotipo-decora-zone-alfombras-cortinas-decoracion-bilbao.jpg\",\"width\":484,\"height\":230,\"caption\":\"Decora-Zone Tienda de Decoraci\u00f3n en Bilbao\"},\"image\":{\"@id\":\"https:\\\/\\\/decora-zone.com\\\/#\\\/schema\\\/logo\\\/image\\\/\"},\"sameAs\":[\"https:\\\/\\\/www.facebook.com\\\/decorazone.bilbao\\\/\",\"https:\\\/\\\/www.instagram.com\\\/decora_zone_\\\/\",\"https:\\\/\\\/co.pinterest.com\\\/Decora_Zone\\\/\"]}]}<\/script>\n<!-- \/ Yoast SEO plugin. -->","yoast_head_json":{"title":"Alfombra Royal Palace 934 Alfombra Royal Palace 934 - Decora-zone","description":"Alfombra Royal Palace 934 con dise\u00f1o de l\u00edneas geom\u00e9tricas de la firma de referencia nacional Sualsa disponible en salm\u00f3n o azul en Decorazone de Bilbao","robots":{"index":"index","follow":"follow","max-snippet":"max-snippet:-1","max-image-preview":"max-image-preview:large","max-video-preview":"max-video-preview:-1"},"canonical":"https:\/\/decora-zone.com\/producto\/alfombra-royal-palace-934\/","og_locale":"en_US","og_type":"article","og_title":"Alfombra Royal Palace 934 Alfombra Royal Palace 934 - Decora-zone","og_description":"Alfombra Royal Palace 934 con dise\u00f1o de l\u00edneas geom\u00e9tricas de la firma de referencia nacional Sualsa disponible en salm\u00f3n o azul en Decorazone de Bilbao","og_url":"https:\/\/decora-zone.com\/producto\/alfombra-royal-palace-934\/","og_site_name":"Decora-zone","article_publisher":"https:\/\/www.facebook.com\/decorazone.bilbao\/","article_modified_time":"2025-03-10T16:51:47+00:00","og_image":[{"width":807,"height":1000,"url":"https:\/\/decora-zone.com\/wp-content\/uploads\/2024\/02\/Alfombra-Decorazone-Royal-Palace-azul-934a.jpg","type":"image\/jpeg"}],"twitter_misc":{"Est. reading time":"2 minutes"},"schema":{"@context":"https:\/\/schema.org","@graph":[{"@type":"WebPage","@id":"https:\/\/decora-zone.com\/producto\/alfombra-royal-palace-934\/","url":"https:\/\/decora-zone.com\/producto\/alfombra-royal-palace-934\/","name":"Alfombra Royal Palace 934 Alfombra Royal Palace 934 - Decora-zone","isPartOf":{"@id":"https:\/\/decora-zone.com\/#website"},"primaryImageOfPage":{"@id":"https:\/\/decora-zone.com\/producto\/alfombra-royal-palace-934\/#primaryimage"},"image":{"@id":"https:\/\/decora-zone.com\/producto\/alfombra-royal-palace-934\/#primaryimage"},"thumbnailUrl":"https:\/\/decora-zone.com\/wp-content\/uploads\/2024\/02\/Alfombra-Decorazone-Royal-Palace-azul-934a.jpg","datePublished":"2024-02-14T18:28:17+00:00","dateModified":"2025-03-10T16:51:47+00:00","description":"Alfombra Royal Palace 934 con dise\u00f1o de l\u00edneas geom\u00e9tricas de la firma de referencia nacional Sualsa disponible en salm\u00f3n o azul en Decorazone de Bilbao","breadcrumb":{"@id":"https:\/\/decora-zone.com\/producto\/alfombra-royal-palace-934\/#breadcrumb"},"inLanguage":"en-US","potentialAction":[{"@type":"ReadAction","target":["https:\/\/decora-zone.com\/producto\/alfombra-royal-palace-934\/"]}]},{"@type":"ImageObject","inLanguage":"en-US","@id":"https:\/\/decora-zone.com\/producto\/alfombra-royal-palace-934\/#primaryimage","url":"https:\/\/decora-zone.com\/wp-content\/uploads\/2024\/02\/Alfombra-Decorazone-Royal-Palace-azul-934a.jpg","contentUrl":"https:\/\/decora-zone.com\/wp-content\/uploads\/2024\/02\/Alfombra-Decorazone-Royal-Palace-azul-934a.jpg","width":807,"height":1000,"caption":"Alfombra Royal Palace 934 azul"},{"@type":"BreadcrumbList","@id":"https:\/\/decora-zone.com\/producto\/alfombra-royal-palace-934\/#breadcrumb","itemListElement":[{"@type":"ListItem","position":1,"name":"Portada","item":"https:\/\/decora-zone.com\/"},{"@type":"ListItem","position":2,"name":"Productos","item":"https:\/\/decora-zone.com\/tienda-alfombras-cortinas-bilbao\/"},{"@type":"ListItem","position":3,"name":"Alfombra Royal Palace 934"}]},{"@type":"WebSite","@id":"https:\/\/decora-zone.com\/#website","url":"https:\/\/decora-zone.com\/","name":"Decora-zone","description":"Especialistas en cortinas y alfombras de dise\u00f1o en Bilbao","publisher":{"@id":"https:\/\/decora-zone.com\/#organization"},"potentialAction":[{"@type":"SearchAction","target":{"@type":"EntryPoint","urlTemplate":"https:\/\/decora-zone.com\/?s={search_term_string}"},"query-input":{"@type":"PropertyValueSpecification","valueRequired":true,"valueName":"search_term_string"}}],"inLanguage":"en-US"},{"@type":"Organization","@id":"https:\/\/decora-zone.com\/#organization","name":"Decora-Zone Tienda de Decoraci\u00f3n en Bilbao","url":"https:\/\/decora-zone.com\/","logo":{"@type":"ImageObject","inLanguage":"en-US","@id":"https:\/\/decora-zone.com\/#\/schema\/logo\/image\/","url":"https:\/\/decora-zone.com\/wp-content\/uploads\/2014\/02\/logotipo-decora-zone-alfombras-cortinas-decoracion-bilbao.jpg","contentUrl":"https:\/\/decora-zone.com\/wp-content\/uploads\/2014\/02\/logotipo-decora-zone-alfombras-cortinas-decoracion-bilbao.jpg","width":484,"height":230,"caption":"Decora-Zone Tienda de Decoraci\u00f3n en Bilbao"},"image":{"@id":"https:\/\/decora-zone.com\/#\/schema\/logo\/image\/"},"sameAs":["https:\/\/www.facebook.com\/decorazone.bilbao\/","https:\/\/www.instagram.com\/decora_zone_\/","https:\/\/co.pinterest.com\/Decora_Zone\/"]}]}},"_links":{"self":[{"href":"https:\/\/decora-zone.com\/en\/wp-json\/wp\/v2\/product\/16777","targetHints":{"allow":["GET"]}}],"collection":[{"href":"https:\/\/decora-zone.com\/en\/wp-json\/wp\/v2\/product"}],"about":[{"href":"https:\/\/decora-zone.com\/en\/wp-json\/wp\/v2\/types\/product"}],"replies":[{"embeddable":true,"href":"https:\/\/decora-zone.com\/en\/wp-json\/wp\/v2\/comments?post=16777"}],"wp:featuredmedia":[{"embeddable":true,"href":"https:\/\/decora-zone.com\/en\/wp-json\/wp\/v2\/media\/16792"}],"wp:attachment":[{"href":"https:\/\/decora-zone.com\/en\/wp-json\/wp\/v2\/media?parent=16777"}],"wp:term":[{"taxonomy":"product_brand","embeddable":true,"href":"https:\/\/decora-zone.com\/en\/wp-json\/wp\/v2\/product_brand?post=16777"},{"taxonomy":"product_cat","embeddable":true,"href":"https:\/\/decora-zone.com\/en\/wp-json\/wp\/v2\/product_cat?post=16777"},{"taxonomy":"product_tag","embeddable":true,"href":"https:\/\/decora-zone.com\/en\/wp-json\/wp\/v2\/product_tag?post=16777"}],"curies":[{"name":"wp","href":"https:\/\/api.w.org\/{rel}","templated":true}]}}