{"id":16716,"date":"2024-02-09T19:00:02","date_gmt":"2024-02-09T17:00:02","guid":{"rendered":"https:\/\/decora-zone.com\/?post_type=product&#038;p=16716"},"modified":"2025-03-10T17:51:49","modified_gmt":"2025-03-10T16:51:49","slug":"alfombra-piazza-001","status":"publish","type":"product","link":"https:\/\/decora-zone.com\/en\/producto\/alfombra-piazza-001\/","title":{"rendered":"Alfombra Piazza 001"},"content":{"rendered":"<h1><span style=\"font-size: 12pt;\"><strong>Alfombra Piazza 001<\/strong><\/span><\/h1>\n<h2><span style=\"font-size: 12pt;\"><strong>15% Pes y 85% Poliacr\u00edlica<\/strong><\/span><\/h2>\n<p>Presentada por la firma de referencia nacional Sualsa, la calidad Piazza 001 es una alfombra acr\u00edlica de gran calidad.<\/p>\n<p>Sum\u00e9rgete en la elegancia atemporal con la alfombra Piazza 001 con efecto marmoleado, una fusi\u00f3n perfecta de estilo y calidad. Esta alfombra de dise\u00f1o contempor\u00e1neo presenta un elegante patr\u00f3n de m\u00e1rmol que imita la belleza de la piedra natural transformando tu espacio en un oasis de lujo y sofisticaci\u00f3n.<\/p>\n<p>Esta alfombra ofrece la combinaci\u00f3n ideal de durabilidad y suavidad para una experiencia de confort incomparable. Su altura de pelo de 13 mm y densidad de 1000000 puntos por metro cuadrado garantizan una superficie resistente y lujosa que perdurar\u00e1 a lo largo del tiempo.<\/p>\n<p>Lo que realmente distingue a esta alfombra es su dise\u00f1o con un cautivador efecto marmoleado, disponible en tres deslumbrantes opciones de color: oro, verde y cobre. Cada tono irradia su propia personalidad, desde la opulencia del oro hasta la serenidad del verde y la calidez del cobre, permiti\u00e9ndote crear un ambiente \u00fanico y envolvente en cualquier espacio de tu hogar.<\/p>\n<p>Ya sea que desees a\u00f1adir un toque de glamour a tu sala de estar, un toque de frescura a tu dormitorio o un toque de calidez a tu espacio de trabajo, esta alfombra con efecto marmoleado es la elecci\u00f3n perfecta. Haz una declaraci\u00f3n de estilo audaz y eleva la est\u00e9tica de tu hogar con esta impresionante pieza que seguramente ser\u00e1 el centro de todas las miradas.<\/p>\n<h3><span style=\"font-size: 12pt;\"><strong>Caracter\u00edsticas de la alfombra Piazza 008:<\/strong><\/span><\/h3>\n<ul data-sourcepos=\"11:1-15:0\">\n<li data-sourcepos=\"9:1-9:34\">Dise\u00f1o marmoleado<\/li>\n<li data-sourcepos=\"9:1-9:34\">Colores: oro, verde y cobre<\/li>\n<li data-sourcepos=\"11:1-11:31\">Composici\u00f3n: 15% Pes y 85% Poliacr\u00edlico<\/li>\n<li>Grosor: 13 mm<\/li>\n<li>Densidad: 1000000 puntos m2<\/li>\n<li>Peso: 2.95 Kg\/m2<\/li>\n<\/ul>\n<p><strong>Limpieza y mantenimiento:<\/strong><\/p>\n<p>Para mantener la alfombra Piazza en buen estado, se recomienda aspirar regularmente para eliminar el polvo y las suciedades superficiales. En caso de mancha, se recomienda actuar lo antes posible para evitar que se fije. Se puede utilizar un pa\u00f1o h\u00famedo con un poco de jab\u00f3n neutro para limpiar la mancha. Para una limpieza m\u00e1s profunda, se recomienda llevar la alfombra a una tintorer\u00eda especializada. No utilice producto abrasivos para limpiar la alfombra, podr\u00edan da\u00f1ar el material.<\/p>\n<p><strong>Si est\u00e1 interesado en alguno de nuestros art\u00edculos que est\u00e9n sin stock, puede reservarlos poni\u00e9ndose en <a href=\"http:\/\/decora-zone.com\/contacto-decora-zone-alfombras-cortinas-decoracion-bilbao\/\">contacto con nosotros<\/a>.<\/strong><\/p>\n","protected":false},"excerpt":{"rendered":"<h2><span style=\"font-size: 12pt;\"><strong>15% Pes y 85% Poliacr\u00edlica<\/strong><\/span><\/h2>\n<p>Presentada por la firma de referencia nacional Sualsa, la calidad Piazza 001 es una alfombra acr\u00edlica de gran calidad.<\/p>\n<p>Sum\u00e9rgete en la elegancia atemporal con la alfombra Piazza 001 con efecto marmoleado, una fusi\u00f3n perfecta de estilo y calidad. Esta alfombra de dise\u00f1o contempor\u00e1neo presenta un elegante patr\u00f3n de m\u00e1rmol que imita la belleza de la piedra natural transformando tu espacio en un oasis de lujo y sofisticaci\u00f3n.<\/p>\n<p>Esta alfombra ofrece la combinaci\u00f3n ideal de durabilidad y suavidad para una experiencia de confort incomparable. Su altura de pelo de 13 mm y densidad de 1000000 puntos por metro cuadrado garantizan una superficie resistente y lujosa que perdurar\u00e1 a lo largo del tiempo.<\/p>\n<p>Lo que realmente distingue a esta alfombra es su dise\u00f1o con un cautivador efecto marmoleado, disponible en tres deslumbrantes opciones de color: oro, verde y cobre. Cada tono irradia su propia personalidad, desde la opulencia del oro hasta la serenidad del verde y la calidez del cobre, permiti\u00e9ndote crear un ambiente \u00fanico y envolvente en cualquier espacio de tu hogar.<\/p>\n<p>Ya sea que desees a\u00f1adir un toque de glamour a tu sala de estar, un toque de frescura a tu dormitorio o un toque de calidez a tu espacio de trabajo, esta alfombra con efecto marmoleado es la elecci\u00f3n perfecta. Haz una declaraci\u00f3n de estilo audaz y eleva la est\u00e9tica de tu hogar con esta impresionante pieza que seguramente ser\u00e1 el centro de todas las miradas.<\/p>\n","protected":false},"featured_media":16724,"comment_status":"open","ping_status":"closed","template":"","meta":[],"product_brand":[],"product_cat":[56,21],"product_tag":[32,28,27,23,24,29,410],"class_list":{"0":"post-16716","1":"product","2":"type-product","3":"status-publish","4":"has-post-thumbnail","6":"product_cat-alfombras-acrilicas-en-bilbao-tienda-decoracion-bilbao-santutxu","7":"product_cat-alfombras-bilbao-tienda-decoracion-santutxu","8":"product_tag-alfombras","9":"product_tag-bilbao","10":"product_tag-decora-zone","11":"product_tag-decoracion","12":"product_tag-hogar","13":"product_tag-santutxu","14":"product_tag-sualsa","15":"pa_medida-120x170cm","16":"pa_medida-133x195cm","17":"pa_medida-160x230cm","18":"pa_medida-200x290cm","19":"pa_medida-240x330cm","20":"pa_medida-80x150cm","22":"first","23":"outofstock","24":"sale","25":"shipping-taxable","26":"purchasable","27":"product-type-variable"},"yoast_head":"<!-- This site is optimized with the Yoast SEO plugin v27.5 - https:\/\/yoast.com\/product\/yoast-seo-wordpress\/ -->\n<title>Alfombra Piazza 001 Alfombra Piazza 001 - Decora-zone<\/title>\n<meta name=\"description\" content=\"Alfombra Piazza 001 acr\u00edlica de la firma de referencia nacional Sualsa, con dise\u00f1o marmoleado en oro, verde o cobre en Decorazone de Bilbao\" \/>\n<meta name=\"robots\" content=\"index, follow, max-snippet:-1, max-image-preview:large, max-video-preview:-1\" \/>\n<link rel=\"canonical\" href=\"https:\/\/decora-zone.com\/producto\/alfombra-piazza-001\/\" \/>\n<meta property=\"og:locale\" content=\"en_US\" \/>\n<meta property=\"og:type\" content=\"article\" \/>\n<meta property=\"og:title\" content=\"Alfombra Piazza 001 Alfombra Piazza 001 - Decora-zone\" \/>\n<meta property=\"og:description\" content=\"Alfombra Piazza 001 acr\u00edlica de la firma de referencia nacional Sualsa, con dise\u00f1o marmoleado en oro, verde o cobre en Decorazone de Bilbao\" \/>\n<meta property=\"og:url\" content=\"https:\/\/decora-zone.com\/producto\/alfombra-piazza-001\/\" \/>\n<meta property=\"og:site_name\" content=\"Decora-zone\" \/>\n<meta property=\"article:publisher\" content=\"https:\/\/www.facebook.com\/decorazone.bilbao\/\" \/>\n<meta property=\"article:modified_time\" content=\"2025-03-10T16:51:49+00:00\" \/>\n<meta property=\"og:image\" content=\"https:\/\/decora-zone.com\/wp-content\/uploads\/2024\/02\/Alfombra-Decorazone-Piazza-oro-001a.jpg\" \/>\n\t<meta property=\"og:image:width\" content=\"768\" \/>\n\t<meta property=\"og:image:height\" content=\"1000\" \/>\n\t<meta property=\"og:image:type\" content=\"image\/jpeg\" \/>\n<meta name=\"twitter:label1\" content=\"Est. reading time\" \/>\n\t<meta name=\"twitter:data1\" content=\"2 minutes\" \/>\n<script type=\"application\/ld+json\" class=\"yoast-schema-graph\">{\"@context\":\"https:\\\/\\\/schema.org\",\"@graph\":[{\"@type\":\"WebPage\",\"@id\":\"https:\\\/\\\/decora-zone.com\\\/producto\\\/alfombra-piazza-001\\\/\",\"url\":\"https:\\\/\\\/decora-zone.com\\\/producto\\\/alfombra-piazza-001\\\/\",\"name\":\"Alfombra Piazza 001 Alfombra Piazza 001 - Decora-zone\",\"isPartOf\":{\"@id\":\"https:\\\/\\\/decora-zone.com\\\/#website\"},\"primaryImageOfPage\":{\"@id\":\"https:\\\/\\\/decora-zone.com\\\/producto\\\/alfombra-piazza-001\\\/#primaryimage\"},\"image\":{\"@id\":\"https:\\\/\\\/decora-zone.com\\\/producto\\\/alfombra-piazza-001\\\/#primaryimage\"},\"thumbnailUrl\":\"https:\\\/\\\/decora-zone.com\\\/wp-content\\\/uploads\\\/2024\\\/02\\\/Alfombra-Decorazone-Piazza-oro-001a.jpg\",\"datePublished\":\"2024-02-09T17:00:02+00:00\",\"dateModified\":\"2025-03-10T16:51:49+00:00\",\"description\":\"Alfombra Piazza 001 acr\u00edlica de la firma de referencia nacional Sualsa, con dise\u00f1o marmoleado en oro, verde o cobre en Decorazone de Bilbao\",\"breadcrumb\":{\"@id\":\"https:\\\/\\\/decora-zone.com\\\/producto\\\/alfombra-piazza-001\\\/#breadcrumb\"},\"inLanguage\":\"en-US\",\"potentialAction\":[{\"@type\":\"ReadAction\",\"target\":[\"https:\\\/\\\/decora-zone.com\\\/producto\\\/alfombra-piazza-001\\\/\"]}]},{\"@type\":\"ImageObject\",\"inLanguage\":\"en-US\",\"@id\":\"https:\\\/\\\/decora-zone.com\\\/producto\\\/alfombra-piazza-001\\\/#primaryimage\",\"url\":\"https:\\\/\\\/decora-zone.com\\\/wp-content\\\/uploads\\\/2024\\\/02\\\/Alfombra-Decorazone-Piazza-oro-001a.jpg\",\"contentUrl\":\"https:\\\/\\\/decora-zone.com\\\/wp-content\\\/uploads\\\/2024\\\/02\\\/Alfombra-Decorazone-Piazza-oro-001a.jpg\",\"width\":768,\"height\":1000,\"caption\":\"Alfombra Piazza 001 oro\"},{\"@type\":\"BreadcrumbList\",\"@id\":\"https:\\\/\\\/decora-zone.com\\\/producto\\\/alfombra-piazza-001\\\/#breadcrumb\",\"itemListElement\":[{\"@type\":\"ListItem\",\"position\":1,\"name\":\"Portada\",\"item\":\"https:\\\/\\\/decora-zone.com\\\/\"},{\"@type\":\"ListItem\",\"position\":2,\"name\":\"Productos\",\"item\":\"https:\\\/\\\/decora-zone.com\\\/tienda-alfombras-cortinas-bilbao\\\/\"},{\"@type\":\"ListItem\",\"position\":3,\"name\":\"Alfombra Piazza 001\"}]},{\"@type\":\"WebSite\",\"@id\":\"https:\\\/\\\/decora-zone.com\\\/#website\",\"url\":\"https:\\\/\\\/decora-zone.com\\\/\",\"name\":\"Decora-zone\",\"description\":\"Especialistas en cortinas y alfombras de dise\u00f1o en Bilbao\",\"publisher\":{\"@id\":\"https:\\\/\\\/decora-zone.com\\\/#organization\"},\"potentialAction\":[{\"@type\":\"SearchAction\",\"target\":{\"@type\":\"EntryPoint\",\"urlTemplate\":\"https:\\\/\\\/decora-zone.com\\\/?s={search_term_string}\"},\"query-input\":{\"@type\":\"PropertyValueSpecification\",\"valueRequired\":true,\"valueName\":\"search_term_string\"}}],\"inLanguage\":\"en-US\"},{\"@type\":\"Organization\",\"@id\":\"https:\\\/\\\/decora-zone.com\\\/#organization\",\"name\":\"Decora-Zone Tienda de Decoraci\u00f3n en Bilbao\",\"url\":\"https:\\\/\\\/decora-zone.com\\\/\",\"logo\":{\"@type\":\"ImageObject\",\"inLanguage\":\"en-US\",\"@id\":\"https:\\\/\\\/decora-zone.com\\\/#\\\/schema\\\/logo\\\/image\\\/\",\"url\":\"https:\\\/\\\/decora-zone.com\\\/wp-content\\\/uploads\\\/2014\\\/02\\\/logotipo-decora-zone-alfombras-cortinas-decoracion-bilbao.jpg\",\"contentUrl\":\"https:\\\/\\\/decora-zone.com\\\/wp-content\\\/uploads\\\/2014\\\/02\\\/logotipo-decora-zone-alfombras-cortinas-decoracion-bilbao.jpg\",\"width\":484,\"height\":230,\"caption\":\"Decora-Zone Tienda de Decoraci\u00f3n en Bilbao\"},\"image\":{\"@id\":\"https:\\\/\\\/decora-zone.com\\\/#\\\/schema\\\/logo\\\/image\\\/\"},\"sameAs\":[\"https:\\\/\\\/www.facebook.com\\\/decorazone.bilbao\\\/\",\"https:\\\/\\\/www.instagram.com\\\/decora_zone_\\\/\",\"https:\\\/\\\/co.pinterest.com\\\/Decora_Zone\\\/\"]}]}<\/script>\n<!-- \/ Yoast SEO plugin. -->","yoast_head_json":{"title":"Alfombra Piazza 001 Alfombra Piazza 001 - Decora-zone","description":"Alfombra Piazza 001 acr\u00edlica de la firma de referencia nacional Sualsa, con dise\u00f1o marmoleado en oro, verde o cobre en Decorazone de Bilbao","robots":{"index":"index","follow":"follow","max-snippet":"max-snippet:-1","max-image-preview":"max-image-preview:large","max-video-preview":"max-video-preview:-1"},"canonical":"https:\/\/decora-zone.com\/producto\/alfombra-piazza-001\/","og_locale":"en_US","og_type":"article","og_title":"Alfombra Piazza 001 Alfombra Piazza 001 - Decora-zone","og_description":"Alfombra Piazza 001 acr\u00edlica de la firma de referencia nacional Sualsa, con dise\u00f1o marmoleado en oro, verde o cobre en Decorazone de Bilbao","og_url":"https:\/\/decora-zone.com\/producto\/alfombra-piazza-001\/","og_site_name":"Decora-zone","article_publisher":"https:\/\/www.facebook.com\/decorazone.bilbao\/","article_modified_time":"2025-03-10T16:51:49+00:00","og_image":[{"width":768,"height":1000,"url":"https:\/\/decora-zone.com\/wp-content\/uploads\/2024\/02\/Alfombra-Decorazone-Piazza-oro-001a.jpg","type":"image\/jpeg"}],"twitter_misc":{"Est. reading time":"2 minutes"},"schema":{"@context":"https:\/\/schema.org","@graph":[{"@type":"WebPage","@id":"https:\/\/decora-zone.com\/producto\/alfombra-piazza-001\/","url":"https:\/\/decora-zone.com\/producto\/alfombra-piazza-001\/","name":"Alfombra Piazza 001 Alfombra Piazza 001 - Decora-zone","isPartOf":{"@id":"https:\/\/decora-zone.com\/#website"},"primaryImageOfPage":{"@id":"https:\/\/decora-zone.com\/producto\/alfombra-piazza-001\/#primaryimage"},"image":{"@id":"https:\/\/decora-zone.com\/producto\/alfombra-piazza-001\/#primaryimage"},"thumbnailUrl":"https:\/\/decora-zone.com\/wp-content\/uploads\/2024\/02\/Alfombra-Decorazone-Piazza-oro-001a.jpg","datePublished":"2024-02-09T17:00:02+00:00","dateModified":"2025-03-10T16:51:49+00:00","description":"Alfombra Piazza 001 acr\u00edlica de la firma de referencia nacional Sualsa, con dise\u00f1o marmoleado en oro, verde o cobre en Decorazone de Bilbao","breadcrumb":{"@id":"https:\/\/decora-zone.com\/producto\/alfombra-piazza-001\/#breadcrumb"},"inLanguage":"en-US","potentialAction":[{"@type":"ReadAction","target":["https:\/\/decora-zone.com\/producto\/alfombra-piazza-001\/"]}]},{"@type":"ImageObject","inLanguage":"en-US","@id":"https:\/\/decora-zone.com\/producto\/alfombra-piazza-001\/#primaryimage","url":"https:\/\/decora-zone.com\/wp-content\/uploads\/2024\/02\/Alfombra-Decorazone-Piazza-oro-001a.jpg","contentUrl":"https:\/\/decora-zone.com\/wp-content\/uploads\/2024\/02\/Alfombra-Decorazone-Piazza-oro-001a.jpg","width":768,"height":1000,"caption":"Alfombra Piazza 001 oro"},{"@type":"BreadcrumbList","@id":"https:\/\/decora-zone.com\/producto\/alfombra-piazza-001\/#breadcrumb","itemListElement":[{"@type":"ListItem","position":1,"name":"Portada","item":"https:\/\/decora-zone.com\/"},{"@type":"ListItem","position":2,"name":"Productos","item":"https:\/\/decora-zone.com\/tienda-alfombras-cortinas-bilbao\/"},{"@type":"ListItem","position":3,"name":"Alfombra Piazza 001"}]},{"@type":"WebSite","@id":"https:\/\/decora-zone.com\/#website","url":"https:\/\/decora-zone.com\/","name":"Decora-zone","description":"Especialistas en cortinas y alfombras de dise\u00f1o en Bilbao","publisher":{"@id":"https:\/\/decora-zone.com\/#organization"},"potentialAction":[{"@type":"SearchAction","target":{"@type":"EntryPoint","urlTemplate":"https:\/\/decora-zone.com\/?s={search_term_string}"},"query-input":{"@type":"PropertyValueSpecification","valueRequired":true,"valueName":"search_term_string"}}],"inLanguage":"en-US"},{"@type":"Organization","@id":"https:\/\/decora-zone.com\/#organization","name":"Decora-Zone Tienda de Decoraci\u00f3n en Bilbao","url":"https:\/\/decora-zone.com\/","logo":{"@type":"ImageObject","inLanguage":"en-US","@id":"https:\/\/decora-zone.com\/#\/schema\/logo\/image\/","url":"https:\/\/decora-zone.com\/wp-content\/uploads\/2014\/02\/logotipo-decora-zone-alfombras-cortinas-decoracion-bilbao.jpg","contentUrl":"https:\/\/decora-zone.com\/wp-content\/uploads\/2014\/02\/logotipo-decora-zone-alfombras-cortinas-decoracion-bilbao.jpg","width":484,"height":230,"caption":"Decora-Zone Tienda de Decoraci\u00f3n en Bilbao"},"image":{"@id":"https:\/\/decora-zone.com\/#\/schema\/logo\/image\/"},"sameAs":["https:\/\/www.facebook.com\/decorazone.bilbao\/","https:\/\/www.instagram.com\/decora_zone_\/","https:\/\/co.pinterest.com\/Decora_Zone\/"]}]}},"_links":{"self":[{"href":"https:\/\/decora-zone.com\/en\/wp-json\/wp\/v2\/product\/16716","targetHints":{"allow":["GET"]}}],"collection":[{"href":"https:\/\/decora-zone.com\/en\/wp-json\/wp\/v2\/product"}],"about":[{"href":"https:\/\/decora-zone.com\/en\/wp-json\/wp\/v2\/types\/product"}],"replies":[{"embeddable":true,"href":"https:\/\/decora-zone.com\/en\/wp-json\/wp\/v2\/comments?post=16716"}],"wp:featuredmedia":[{"embeddable":true,"href":"https:\/\/decora-zone.com\/en\/wp-json\/wp\/v2\/media\/16724"}],"wp:attachment":[{"href":"https:\/\/decora-zone.com\/en\/wp-json\/wp\/v2\/media?parent=16716"}],"wp:term":[{"taxonomy":"product_brand","embeddable":true,"href":"https:\/\/decora-zone.com\/en\/wp-json\/wp\/v2\/product_brand?post=16716"},{"taxonomy":"product_cat","embeddable":true,"href":"https:\/\/decora-zone.com\/en\/wp-json\/wp\/v2\/product_cat?post=16716"},{"taxonomy":"product_tag","embeddable":true,"href":"https:\/\/decora-zone.com\/en\/wp-json\/wp\/v2\/product_tag?post=16716"}],"curies":[{"name":"wp","href":"https:\/\/api.w.org\/{rel}","templated":true}]}}