{"id":16707,"date":"2024-02-09T18:23:17","date_gmt":"2024-02-09T16:23:17","guid":{"rendered":"https:\/\/decora-zone.com\/?post_type=product&#038;p=16707"},"modified":"2025-03-10T17:51:50","modified_gmt":"2025-03-10T16:51:50","slug":"alfombra-piazza-008","status":"publish","type":"product","link":"https:\/\/decora-zone.com\/en\/producto\/alfombra-piazza-008\/","title":{"rendered":"Alfombra Piazza 008"},"content":{"rendered":"<h1><span style=\"font-size: 12pt;\"><strong>Alfombra Piazza 008<\/strong><\/span><\/h1>\n<h2><span style=\"font-size: 12pt;\"><strong>15% Pes y 85% Poliacr\u00edlica<\/strong><\/span><\/h2>\n<p>Presentada por la firma de referencia nacional Sualsa, la calidad Piazza 008 es una alfombra acr\u00edlica de gran calidad.<\/p>\n<p data-sourcepos=\"3:1-3:352\">\u00a1Bienvenido a la elegancia cl\u00e1sica con un toque contempor\u00e1neo! Presentamos la alfombra Piazza 008 de Sualsa, una obra maestra de estilo y comodidad para tu hogar. A\u00f1ade un toque de sofisticaci\u00f3n atemporal a tu hogar con la alfombra Piazza de Sualsa<strong>.<\/strong> Esta alfombra de dise\u00f1o cl\u00e1sico presenta un elegante efecto desgastado que le da un aire vintage irresistible<\/p>\n<p>Con una altura de pelo de 13 mm, la alfombra Piazza ofrece una sensaci\u00f3n lujosa bajo tus pies mientras que su densidad de 1000000 puntos por metro cuadrado garantiza una superficie resistente y duradera. Su dise\u00f1o cl\u00e1sico con un efecto desgastado a\u00f1ade un toque de encanto vintage, perfecto para espacios que buscan un estilo atemporal con un toque moderno.<\/p>\n<p>Ya sea en el sal\u00f3n, el dormitorio o cualquier otro espacio de tu hogar, la alfombra Piazza 008 de Sualsa es la elecci\u00f3n perfecta para a\u00f1adir calidez, confort y estilo a tu decoraci\u00f3n. Sum\u00e9rgete en la calidad y la belleza con esta impresionante pieza que transformar\u00e1 tu espacio en un oasis de sofisticaci\u00f3n y elegancia.<\/p>\n<h3><span style=\"font-size: 12pt;\"><strong>Caracter\u00edsticas de la alfombra Piazza 008:<\/strong><\/span><\/h3>\n<ul data-sourcepos=\"11:1-15:0\">\n<li data-sourcepos=\"9:1-9:34\">Dise\u00f1o cl\u00e1sico\u00a0<\/li>\n<li data-sourcepos=\"10:1-10:19\">Efecto desgastado<\/li>\n<li data-sourcepos=\"11:1-11:31\">Composici\u00f3n: 15% Pes y 85% Poliacr\u00edlico<\/li>\n<li>Grosor: 13 mm<\/li>\n<li>Densidad: 1000000 puntos m2<\/li>\n<li>Peso: 2.95 Kg\/m2<\/li>\n<\/ul>\n<p><strong>Limpieza y mantenimiento:<\/strong><\/p>\n<p>Para mantener la alfombra Piazza en buen estado, se recomienda aspirar regularmente para eliminar el polvo y las suciedades superficiales. En caso de mancha, se recomienda actuar lo antes posible para evitar que se fije. Se puede utilizar un pa\u00f1o h\u00famedo con un poco de jab\u00f3n neutro para limpiar la mancha. Para una limpieza m\u00e1s profunda, se recomienda llevar la alfombra a una tintorer\u00eda especializada. No utilice producto abrasivos para limpiar la alfombra, podr\u00edan da\u00f1ar el material.<\/p>\n<p><strong>Si est\u00e1 interesado en alguno de nuestros art\u00edculos que est\u00e9n sin stock, puede reservarlos poni\u00e9ndose en <a href=\"http:\/\/decora-zone.com\/contacto-decora-zone-alfombras-cortinas-decoracion-bilbao\/\">contacto con nosotros<\/a>.<\/strong><\/p>\n","protected":false},"excerpt":{"rendered":"<h2><span style=\"font-size: 12pt;\"><strong>15% Pes y 85% Poliacr\u00edlica<\/strong><\/span><\/h2>\n<p>Presentada por la firma de referencia nacional Sualsa, la calidad Piazza es una alfombra acr\u00edlica de gran calidad.<\/p>\n<p data-sourcepos=\"3:1-3:352\">\u00a1Bienvenido a la elegancia cl\u00e1sica con un toque contempor\u00e1neo! Presentamos la alfombra Piazza 008 de Sualsa, una obra maestra de estilo y comodidad para tu hogar. A\u00f1ade un toque de sofisticaci\u00f3n atemporal a tu hogar con la alfombra Piazza 008 de Sualsa<strong>.<\/strong> Esta alfombra de dise\u00f1o cl\u00e1sico presenta un elegante efecto desgastado que le da un aire vintage irresistible<\/p>\n<p>Con una altura de pelo de 13 mm, la alfombra Piazza 008 ofrece una sensaci\u00f3n lujosa bajo tus pies mientras que su densidad de 1000000 puntos por metro cuadrado garantiza una superficie resistente y duradera. Su dise\u00f1o cl\u00e1sico con un efecto desgastado a\u00f1ade un toque de encanto vintage, perfecto para espacios que buscan un estilo atemporal con un toque moderno.<\/p>\n<p>Ya sea en el sal\u00f3n, el dormitorio o cualquier otro espacio de tu hogar, la alfombra Piazza 008 de Sualsa es la elecci\u00f3n perfecta para a\u00f1adir calidez, confort y estilo a tu decoraci\u00f3n. Sum\u00e9rgete en la calidad y la belleza con esta impresionante pieza que transformar\u00e1 tu espacio en un oasis de sofisticaci\u00f3n y elegancia.<\/p>\n","protected":false},"featured_media":16715,"comment_status":"open","ping_status":"closed","template":"","meta":[],"product_brand":[],"product_cat":[56,21],"product_tag":[32,28,27,23,24,29,410],"class_list":{"0":"post-16707","1":"product","2":"type-product","3":"status-publish","4":"has-post-thumbnail","6":"product_cat-alfombras-acrilicas-en-bilbao-tienda-decoracion-bilbao-santutxu","7":"product_cat-alfombras-bilbao-tienda-decoracion-santutxu","8":"product_tag-alfombras","9":"product_tag-bilbao","10":"product_tag-decora-zone","11":"product_tag-decoracion","12":"product_tag-hogar","13":"product_tag-santutxu","14":"product_tag-sualsa","15":"pa_medida-120x170cm","16":"pa_medida-133x195cm","17":"pa_medida-160x230cm","18":"pa_medida-200x290cm","19":"pa_medida-240x330cm","20":"pa_medida-80x150cm","22":"first","23":"outofstock","24":"sale","25":"shipping-taxable","26":"purchasable","27":"product-type-variable"},"yoast_head":"<!-- This site is optimized with the Yoast SEO plugin v27.5 - https:\/\/yoast.com\/product\/yoast-seo-wordpress\/ -->\n<title>Alfombra Piazza 008 Alfombra Piazza 008 - Decora-zone<\/title>\n<meta name=\"description\" content=\"Alfombra Piazza 008 acr\u00edlica de la firma de referencia nacional Sualsa, con dise\u00f1o cl\u00e1sico y efecto vintage en Decorazone de Bilbao\" \/>\n<meta name=\"robots\" content=\"index, follow, max-snippet:-1, max-image-preview:large, max-video-preview:-1\" \/>\n<link rel=\"canonical\" href=\"https:\/\/decora-zone.com\/producto\/alfombra-piazza-008\/\" \/>\n<meta property=\"og:locale\" content=\"en_US\" \/>\n<meta property=\"og:type\" content=\"article\" \/>\n<meta property=\"og:title\" content=\"Alfombra Piazza 008 Alfombra Piazza 008 - Decora-zone\" \/>\n<meta property=\"og:description\" content=\"Alfombra Piazza 008 acr\u00edlica de la firma de referencia nacional Sualsa, con dise\u00f1o cl\u00e1sico y efecto vintage en Decorazone de Bilbao\" \/>\n<meta property=\"og:url\" content=\"https:\/\/decora-zone.com\/producto\/alfombra-piazza-008\/\" \/>\n<meta property=\"og:site_name\" content=\"Decora-zone\" \/>\n<meta property=\"article:publisher\" content=\"https:\/\/www.facebook.com\/decorazone.bilbao\/\" \/>\n<meta property=\"article:modified_time\" content=\"2025-03-10T16:51:50+00:00\" \/>\n<meta property=\"og:image\" content=\"https:\/\/decora-zone.com\/wp-content\/uploads\/2024\/02\/Alfombra-Decorazone-Piazza-008.jpg\" \/>\n\t<meta property=\"og:image:width\" content=\"897\" \/>\n\t<meta property=\"og:image:height\" content=\"1000\" \/>\n\t<meta property=\"og:image:type\" content=\"image\/jpeg\" \/>\n<meta name=\"twitter:label1\" content=\"Est. reading time\" \/>\n\t<meta name=\"twitter:data1\" content=\"2 minutes\" \/>\n<script type=\"application\/ld+json\" class=\"yoast-schema-graph\">{\"@context\":\"https:\\\/\\\/schema.org\",\"@graph\":[{\"@type\":\"WebPage\",\"@id\":\"https:\\\/\\\/decora-zone.com\\\/producto\\\/alfombra-piazza-008\\\/\",\"url\":\"https:\\\/\\\/decora-zone.com\\\/producto\\\/alfombra-piazza-008\\\/\",\"name\":\"Alfombra Piazza 008 Alfombra Piazza 008 - Decora-zone\",\"isPartOf\":{\"@id\":\"https:\\\/\\\/decora-zone.com\\\/#website\"},\"primaryImageOfPage\":{\"@id\":\"https:\\\/\\\/decora-zone.com\\\/producto\\\/alfombra-piazza-008\\\/#primaryimage\"},\"image\":{\"@id\":\"https:\\\/\\\/decora-zone.com\\\/producto\\\/alfombra-piazza-008\\\/#primaryimage\"},\"thumbnailUrl\":\"https:\\\/\\\/decora-zone.com\\\/wp-content\\\/uploads\\\/2024\\\/02\\\/Alfombra-Decorazone-Piazza-008.jpg\",\"datePublished\":\"2024-02-09T16:23:17+00:00\",\"dateModified\":\"2025-03-10T16:51:50+00:00\",\"description\":\"Alfombra Piazza 008 acr\u00edlica de la firma de referencia nacional Sualsa, con dise\u00f1o cl\u00e1sico y efecto vintage en Decorazone de Bilbao\",\"breadcrumb\":{\"@id\":\"https:\\\/\\\/decora-zone.com\\\/producto\\\/alfombra-piazza-008\\\/#breadcrumb\"},\"inLanguage\":\"en-US\",\"potentialAction\":[{\"@type\":\"ReadAction\",\"target\":[\"https:\\\/\\\/decora-zone.com\\\/producto\\\/alfombra-piazza-008\\\/\"]}]},{\"@type\":\"ImageObject\",\"inLanguage\":\"en-US\",\"@id\":\"https:\\\/\\\/decora-zone.com\\\/producto\\\/alfombra-piazza-008\\\/#primaryimage\",\"url\":\"https:\\\/\\\/decora-zone.com\\\/wp-content\\\/uploads\\\/2024\\\/02\\\/Alfombra-Decorazone-Piazza-008.jpg\",\"contentUrl\":\"https:\\\/\\\/decora-zone.com\\\/wp-content\\\/uploads\\\/2024\\\/02\\\/Alfombra-Decorazone-Piazza-008.jpg\",\"width\":897,\"height\":1000,\"caption\":\"Alfombra Piazza 008\"},{\"@type\":\"BreadcrumbList\",\"@id\":\"https:\\\/\\\/decora-zone.com\\\/producto\\\/alfombra-piazza-008\\\/#breadcrumb\",\"itemListElement\":[{\"@type\":\"ListItem\",\"position\":1,\"name\":\"Portada\",\"item\":\"https:\\\/\\\/decora-zone.com\\\/\"},{\"@type\":\"ListItem\",\"position\":2,\"name\":\"Productos\",\"item\":\"https:\\\/\\\/decora-zone.com\\\/tienda-alfombras-cortinas-bilbao\\\/\"},{\"@type\":\"ListItem\",\"position\":3,\"name\":\"Alfombra Piazza 008\"}]},{\"@type\":\"WebSite\",\"@id\":\"https:\\\/\\\/decora-zone.com\\\/#website\",\"url\":\"https:\\\/\\\/decora-zone.com\\\/\",\"name\":\"Decora-zone\",\"description\":\"Especialistas en cortinas y alfombras de dise\u00f1o en Bilbao\",\"publisher\":{\"@id\":\"https:\\\/\\\/decora-zone.com\\\/#organization\"},\"potentialAction\":[{\"@type\":\"SearchAction\",\"target\":{\"@type\":\"EntryPoint\",\"urlTemplate\":\"https:\\\/\\\/decora-zone.com\\\/?s={search_term_string}\"},\"query-input\":{\"@type\":\"PropertyValueSpecification\",\"valueRequired\":true,\"valueName\":\"search_term_string\"}}],\"inLanguage\":\"en-US\"},{\"@type\":\"Organization\",\"@id\":\"https:\\\/\\\/decora-zone.com\\\/#organization\",\"name\":\"Decora-Zone Tienda de Decoraci\u00f3n en Bilbao\",\"url\":\"https:\\\/\\\/decora-zone.com\\\/\",\"logo\":{\"@type\":\"ImageObject\",\"inLanguage\":\"en-US\",\"@id\":\"https:\\\/\\\/decora-zone.com\\\/#\\\/schema\\\/logo\\\/image\\\/\",\"url\":\"https:\\\/\\\/decora-zone.com\\\/wp-content\\\/uploads\\\/2014\\\/02\\\/logotipo-decora-zone-alfombras-cortinas-decoracion-bilbao.jpg\",\"contentUrl\":\"https:\\\/\\\/decora-zone.com\\\/wp-content\\\/uploads\\\/2014\\\/02\\\/logotipo-decora-zone-alfombras-cortinas-decoracion-bilbao.jpg\",\"width\":484,\"height\":230,\"caption\":\"Decora-Zone Tienda de Decoraci\u00f3n en Bilbao\"},\"image\":{\"@id\":\"https:\\\/\\\/decora-zone.com\\\/#\\\/schema\\\/logo\\\/image\\\/\"},\"sameAs\":[\"https:\\\/\\\/www.facebook.com\\\/decorazone.bilbao\\\/\",\"https:\\\/\\\/www.instagram.com\\\/decora_zone_\\\/\",\"https:\\\/\\\/co.pinterest.com\\\/Decora_Zone\\\/\"]}]}<\/script>\n<!-- \/ Yoast SEO plugin. -->","yoast_head_json":{"title":"Alfombra Piazza 008 Alfombra Piazza 008 - Decora-zone","description":"Alfombra Piazza 008 acr\u00edlica de la firma de referencia nacional Sualsa, con dise\u00f1o cl\u00e1sico y efecto vintage en Decorazone de Bilbao","robots":{"index":"index","follow":"follow","max-snippet":"max-snippet:-1","max-image-preview":"max-image-preview:large","max-video-preview":"max-video-preview:-1"},"canonical":"https:\/\/decora-zone.com\/producto\/alfombra-piazza-008\/","og_locale":"en_US","og_type":"article","og_title":"Alfombra Piazza 008 Alfombra Piazza 008 - Decora-zone","og_description":"Alfombra Piazza 008 acr\u00edlica de la firma de referencia nacional Sualsa, con dise\u00f1o cl\u00e1sico y efecto vintage en Decorazone de Bilbao","og_url":"https:\/\/decora-zone.com\/producto\/alfombra-piazza-008\/","og_site_name":"Decora-zone","article_publisher":"https:\/\/www.facebook.com\/decorazone.bilbao\/","article_modified_time":"2025-03-10T16:51:50+00:00","og_image":[{"width":897,"height":1000,"url":"https:\/\/decora-zone.com\/wp-content\/uploads\/2024\/02\/Alfombra-Decorazone-Piazza-008.jpg","type":"image\/jpeg"}],"twitter_misc":{"Est. reading time":"2 minutes"},"schema":{"@context":"https:\/\/schema.org","@graph":[{"@type":"WebPage","@id":"https:\/\/decora-zone.com\/producto\/alfombra-piazza-008\/","url":"https:\/\/decora-zone.com\/producto\/alfombra-piazza-008\/","name":"Alfombra Piazza 008 Alfombra Piazza 008 - Decora-zone","isPartOf":{"@id":"https:\/\/decora-zone.com\/#website"},"primaryImageOfPage":{"@id":"https:\/\/decora-zone.com\/producto\/alfombra-piazza-008\/#primaryimage"},"image":{"@id":"https:\/\/decora-zone.com\/producto\/alfombra-piazza-008\/#primaryimage"},"thumbnailUrl":"https:\/\/decora-zone.com\/wp-content\/uploads\/2024\/02\/Alfombra-Decorazone-Piazza-008.jpg","datePublished":"2024-02-09T16:23:17+00:00","dateModified":"2025-03-10T16:51:50+00:00","description":"Alfombra Piazza 008 acr\u00edlica de la firma de referencia nacional Sualsa, con dise\u00f1o cl\u00e1sico y efecto vintage en Decorazone de Bilbao","breadcrumb":{"@id":"https:\/\/decora-zone.com\/producto\/alfombra-piazza-008\/#breadcrumb"},"inLanguage":"en-US","potentialAction":[{"@type":"ReadAction","target":["https:\/\/decora-zone.com\/producto\/alfombra-piazza-008\/"]}]},{"@type":"ImageObject","inLanguage":"en-US","@id":"https:\/\/decora-zone.com\/producto\/alfombra-piazza-008\/#primaryimage","url":"https:\/\/decora-zone.com\/wp-content\/uploads\/2024\/02\/Alfombra-Decorazone-Piazza-008.jpg","contentUrl":"https:\/\/decora-zone.com\/wp-content\/uploads\/2024\/02\/Alfombra-Decorazone-Piazza-008.jpg","width":897,"height":1000,"caption":"Alfombra Piazza 008"},{"@type":"BreadcrumbList","@id":"https:\/\/decora-zone.com\/producto\/alfombra-piazza-008\/#breadcrumb","itemListElement":[{"@type":"ListItem","position":1,"name":"Portada","item":"https:\/\/decora-zone.com\/"},{"@type":"ListItem","position":2,"name":"Productos","item":"https:\/\/decora-zone.com\/tienda-alfombras-cortinas-bilbao\/"},{"@type":"ListItem","position":3,"name":"Alfombra Piazza 008"}]},{"@type":"WebSite","@id":"https:\/\/decora-zone.com\/#website","url":"https:\/\/decora-zone.com\/","name":"Decora-zone","description":"Especialistas en cortinas y alfombras de dise\u00f1o en Bilbao","publisher":{"@id":"https:\/\/decora-zone.com\/#organization"},"potentialAction":[{"@type":"SearchAction","target":{"@type":"EntryPoint","urlTemplate":"https:\/\/decora-zone.com\/?s={search_term_string}"},"query-input":{"@type":"PropertyValueSpecification","valueRequired":true,"valueName":"search_term_string"}}],"inLanguage":"en-US"},{"@type":"Organization","@id":"https:\/\/decora-zone.com\/#organization","name":"Decora-Zone Tienda de Decoraci\u00f3n en Bilbao","url":"https:\/\/decora-zone.com\/","logo":{"@type":"ImageObject","inLanguage":"en-US","@id":"https:\/\/decora-zone.com\/#\/schema\/logo\/image\/","url":"https:\/\/decora-zone.com\/wp-content\/uploads\/2014\/02\/logotipo-decora-zone-alfombras-cortinas-decoracion-bilbao.jpg","contentUrl":"https:\/\/decora-zone.com\/wp-content\/uploads\/2014\/02\/logotipo-decora-zone-alfombras-cortinas-decoracion-bilbao.jpg","width":484,"height":230,"caption":"Decora-Zone Tienda de Decoraci\u00f3n en Bilbao"},"image":{"@id":"https:\/\/decora-zone.com\/#\/schema\/logo\/image\/"},"sameAs":["https:\/\/www.facebook.com\/decorazone.bilbao\/","https:\/\/www.instagram.com\/decora_zone_\/","https:\/\/co.pinterest.com\/Decora_Zone\/"]}]}},"_links":{"self":[{"href":"https:\/\/decora-zone.com\/en\/wp-json\/wp\/v2\/product\/16707","targetHints":{"allow":["GET"]}}],"collection":[{"href":"https:\/\/decora-zone.com\/en\/wp-json\/wp\/v2\/product"}],"about":[{"href":"https:\/\/decora-zone.com\/en\/wp-json\/wp\/v2\/types\/product"}],"replies":[{"embeddable":true,"href":"https:\/\/decora-zone.com\/en\/wp-json\/wp\/v2\/comments?post=16707"}],"wp:featuredmedia":[{"embeddable":true,"href":"https:\/\/decora-zone.com\/en\/wp-json\/wp\/v2\/media\/16715"}],"wp:attachment":[{"href":"https:\/\/decora-zone.com\/en\/wp-json\/wp\/v2\/media?parent=16707"}],"wp:term":[{"taxonomy":"product_brand","embeddable":true,"href":"https:\/\/decora-zone.com\/en\/wp-json\/wp\/v2\/product_brand?post=16707"},{"taxonomy":"product_cat","embeddable":true,"href":"https:\/\/decora-zone.com\/en\/wp-json\/wp\/v2\/product_cat?post=16707"},{"taxonomy":"product_tag","embeddable":true,"href":"https:\/\/decora-zone.com\/en\/wp-json\/wp\/v2\/product_tag?post=16707"}],"curies":[{"name":"wp","href":"https:\/\/api.w.org\/{rel}","templated":true}]}}