{"id":16691,"date":"2024-02-06T20:30:23","date_gmt":"2024-02-06T18:30:23","guid":{"rendered":"https:\/\/decora-zone.com\/?post_type=product&#038;p=16691"},"modified":"2025-03-10T17:51:50","modified_gmt":"2025-03-10T16:51:50","slug":"alfombra-opakua-51","status":"publish","type":"product","link":"https:\/\/decora-zone.com\/en\/producto\/alfombra-opakua-51\/","title":{"rendered":"Alfombra Opakua 51"},"content":{"rendered":"<h1><span style=\"font-size: 12pt;\"><strong>Alfombra Opakua 51<\/strong><\/span><\/h1>\n<h2><span style=\"font-size: 12pt;\"><strong>100% Poli\u00e9ster<\/strong><\/span><\/h2>\n<p>Presentada por la firma de referencia nacional Sualsa, la calidad Opakua 51 es una alfombra acr\u00edlica de gran calidad.<\/p>\n<p>Eleva tu espacio con estilo y confort. Descubre la elegancia y la comodidad en cada rinc\u00f3n de tu hogar con la alfombra Opakua 51 de Sualsa. Esta exquisita alfombra proporciona una sensaci\u00f3n acogedora y lujosa bajo tus pies.<\/p>\n<p>El dise\u00f1o cl\u00e1sico de la alfombra Opakua refleja\u00a0 la distinci\u00f3n en cada detalle y se integra perfectamente en cualquier decoraci\u00f3n, aportando un toque de estilo \u00fanico.<\/p>\n<p>Ya sea en el sal\u00f3n, el dormitorio o cualquier \u00e1rea de tu hogar, la Opakua 51 se adapta a cualquier espacio con gracia y versatilidad. Su construcci\u00f3n cuidadosamente elaborada la convierte en un elemento decorativo esencial para potenciar la est\u00e9tica de tu hogar.<\/p>\n<p>Descubre la combinaci\u00f3n perfecta de lujo, estilo y practicidad con la alfombra Opakua 51. Eleva tu entorno con este toque distintivo que transformar\u00e1 tu espacio en un oasis de confort y buen gusto.<\/p>\n<h2><span style=\"font-size: 12pt;\"><strong>Caracter\u00edsticas de la alfombra Opakua 51:<\/strong><\/span><\/h2>\n<ul data-sourcepos=\"11:1-15:0\">\n<li data-sourcepos=\"14:1-14:29\">Dise\u00f1o cl\u00e1sico<\/li>\n<li data-sourcepos=\"14:1-14:29\">Colores: Granate y Beig<\/li>\n<li data-sourcepos=\"11:1-11:31\">Composici\u00f3n: 100% Poli\u00e9ster<\/li>\n<li>Disponible al corte en ancho de 67 cm<\/li>\n<li>Grosor: 7 mm<\/li>\n<li>Densidad: 320000 puntos m2<\/li>\n<li>Peso: 1.750 Kg\/m2<\/li>\n<\/ul>\n<h3><strong>Limpieza y mantenimiento:<\/strong><\/h3>\n<p>Para mantener la alfombra Opakua en buen estado, se recomienda aspirar regularmente para eliminar el polvo y las suciedades superficiales. En caso de mancha, se recomienda actuar lo antes posible para evitar que se fije. Se puede utilizar un pa\u00f1o h\u00famedo con un poco de jab\u00f3n neutro para limpiar la mancha. Para una limpieza m\u00e1s profunda, se recomienda llevar la alfombra a una tintorer\u00eda especializada. No utilice producto abrasivos para limpiar la alfombra, podr\u00edan da\u00f1ar el material.<\/p>\n<p><strong>Si est\u00e1 interesado en alguno de nuestros art\u00edculos que est\u00e9n sin stock, puede reservarlos poni\u00e9ndose en <a href=\"http:\/\/decora-zone.com\/contacto-decora-zone-alfombras-cortinas-decoracion-bilbao\/\">contacto con nosotros<\/a>.<\/strong><\/p>\n","protected":false},"excerpt":{"rendered":"<h2><span style=\"font-size: 12pt;\"><strong>100% Poli\u00e9ster<\/strong><\/span><\/h2>\n<p>Presentada por la firma de referencia nacional Sualsa, la calidad Opakua 51 es una alfombra acr\u00edlica de gran calidad.<\/p>\n<p>Eleva tu espacio con estilo y confort. Descubre la elegancia y la comodidad en cada rinc\u00f3n de tu hogar con la alfombra Opakua 51 de Sualsa. Esta exquisita alfombra proporciona una sensaci\u00f3n acogedora y lujosa bajo tus pies.<\/p>\n<p>El dise\u00f1o cl\u00e1sico de la alfombra Opakua 51 refleja\u00a0 la distinci\u00f3n en cada detalle y se integra perfectamente en cualquier decoraci\u00f3n, aportando un toque de estilo \u00fanico.<\/p>\n<p>Ya sea en el sal\u00f3n, el dormitorio o cualquier \u00e1rea de tu hogar, la Opakua 51 se adapta a cualquier espacio con gracia y versatilidad. Su construcci\u00f3n cuidadosamente elaborada la convierte en un elemento decorativo esencial para potenciar la est\u00e9tica de tu hogar.<\/p>\n<p>Descubre la combinaci\u00f3n perfecta de lujo, estilo y practicidad con la alfombra Opakua 51. Eleva tu entorno con este toque distintivo que transformar\u00e1 tu espacio en un oasis de confort y buen gusto.<\/p>\n","protected":false},"featured_media":16706,"comment_status":"open","ping_status":"closed","template":"","meta":[],"product_brand":[],"product_cat":[56,21,155],"product_tag":[32,28,27,23,24,29,410],"class_list":{"0":"post-16691","1":"product","2":"type-product","3":"status-publish","4":"has-post-thumbnail","6":"product_cat-alfombras-acrilicas-en-bilbao-tienda-decoracion-bilbao-santutxu","7":"product_cat-alfombras-bilbao-tienda-decoracion-santutxu","8":"product_cat-alfombras-pasillerasen-bilbao-tienda-decoracion-bilbao-santutxu","9":"product_tag-alfombras","10":"product_tag-bilbao","11":"product_tag-decora-zone","12":"product_tag-decoracion","13":"product_tag-hogar","14":"product_tag-santutxu","15":"product_tag-sualsa","16":"pa_medida-120x170cm","17":"pa_medida-133x190cm","18":"pa_medida-160x235cm","19":"pa_medida-200x280cm","20":"pa_medida-240x340cm","21":"pa_medida-67x120cm","23":"first","24":"outofstock","25":"sale","26":"shipping-taxable","27":"purchasable","28":"product-type-variable"},"yoast_head":"<!-- This site is optimized with the Yoast SEO plugin v27.5 - https:\/\/yoast.com\/product\/yoast-seo-wordpress\/ -->\n<title>Alfombra Opakua 51 Alfombra Opakua 51 - Decora-zone<\/title>\n<meta name=\"description\" content=\"Alfombra Opakua 51 acr\u00edlica de la firma de referencia nacional Sualsa, con dise\u00f1o cl\u00e1sico en granate o caldera en Decorazone de Bilbao\" \/>\n<meta name=\"robots\" content=\"index, follow, max-snippet:-1, max-image-preview:large, max-video-preview:-1\" \/>\n<link rel=\"canonical\" href=\"https:\/\/decora-zone.com\/producto\/alfombra-opakua-51\/\" \/>\n<meta property=\"og:locale\" content=\"en_US\" \/>\n<meta property=\"og:type\" content=\"article\" \/>\n<meta property=\"og:title\" content=\"Alfombra Opakua 51 Alfombra Opakua 51 - Decora-zone\" \/>\n<meta property=\"og:description\" content=\"Alfombra Opakua 51 acr\u00edlica de la firma de referencia nacional Sualsa, con dise\u00f1o cl\u00e1sico en granate o caldera en Decorazone de Bilbao\" \/>\n<meta property=\"og:url\" content=\"https:\/\/decora-zone.com\/producto\/alfombra-opakua-51\/\" \/>\n<meta property=\"og:site_name\" content=\"Decora-zone\" \/>\n<meta property=\"article:publisher\" content=\"https:\/\/www.facebook.com\/decorazone.bilbao\/\" \/>\n<meta property=\"article:modified_time\" content=\"2025-03-10T16:51:50+00:00\" \/>\n<meta property=\"og:image\" content=\"https:\/\/decora-zone.com\/wp-content\/uploads\/2024\/02\/Alfombra-Decorazone-Opakua-Beig-51a-2.jpg\" \/>\n\t<meta property=\"og:image:width\" content=\"1000\" \/>\n\t<meta property=\"og:image:height\" content=\"1000\" \/>\n\t<meta property=\"og:image:type\" content=\"image\/jpeg\" \/>\n<meta name=\"twitter:label1\" content=\"Est. reading time\" \/>\n\t<meta name=\"twitter:data1\" content=\"2 minutes\" \/>\n<script type=\"application\/ld+json\" class=\"yoast-schema-graph\">{\"@context\":\"https:\\\/\\\/schema.org\",\"@graph\":[{\"@type\":\"WebPage\",\"@id\":\"https:\\\/\\\/decora-zone.com\\\/producto\\\/alfombra-opakua-51\\\/\",\"url\":\"https:\\\/\\\/decora-zone.com\\\/producto\\\/alfombra-opakua-51\\\/\",\"name\":\"Alfombra Opakua 51 Alfombra Opakua 51 - Decora-zone\",\"isPartOf\":{\"@id\":\"https:\\\/\\\/decora-zone.com\\\/#website\"},\"primaryImageOfPage\":{\"@id\":\"https:\\\/\\\/decora-zone.com\\\/producto\\\/alfombra-opakua-51\\\/#primaryimage\"},\"image\":{\"@id\":\"https:\\\/\\\/decora-zone.com\\\/producto\\\/alfombra-opakua-51\\\/#primaryimage\"},\"thumbnailUrl\":\"https:\\\/\\\/decora-zone.com\\\/wp-content\\\/uploads\\\/2024\\\/02\\\/Alfombra-Decorazone-Opakua-Beig-51a-2.jpg\",\"datePublished\":\"2024-02-06T18:30:23+00:00\",\"dateModified\":\"2025-03-10T16:51:50+00:00\",\"description\":\"Alfombra Opakua 51 acr\u00edlica de la firma de referencia nacional Sualsa, con dise\u00f1o cl\u00e1sico en granate o caldera en Decorazone de Bilbao\",\"breadcrumb\":{\"@id\":\"https:\\\/\\\/decora-zone.com\\\/producto\\\/alfombra-opakua-51\\\/#breadcrumb\"},\"inLanguage\":\"en-US\",\"potentialAction\":[{\"@type\":\"ReadAction\",\"target\":[\"https:\\\/\\\/decora-zone.com\\\/producto\\\/alfombra-opakua-51\\\/\"]}]},{\"@type\":\"ImageObject\",\"inLanguage\":\"en-US\",\"@id\":\"https:\\\/\\\/decora-zone.com\\\/producto\\\/alfombra-opakua-51\\\/#primaryimage\",\"url\":\"https:\\\/\\\/decora-zone.com\\\/wp-content\\\/uploads\\\/2024\\\/02\\\/Alfombra-Decorazone-Opakua-Beig-51a-2.jpg\",\"contentUrl\":\"https:\\\/\\\/decora-zone.com\\\/wp-content\\\/uploads\\\/2024\\\/02\\\/Alfombra-Decorazone-Opakua-Beig-51a-2.jpg\",\"width\":1000,\"height\":1000,\"caption\":\"Alfombra Opakua 51 beig\"},{\"@type\":\"BreadcrumbList\",\"@id\":\"https:\\\/\\\/decora-zone.com\\\/producto\\\/alfombra-opakua-51\\\/#breadcrumb\",\"itemListElement\":[{\"@type\":\"ListItem\",\"position\":1,\"name\":\"Portada\",\"item\":\"https:\\\/\\\/decora-zone.com\\\/\"},{\"@type\":\"ListItem\",\"position\":2,\"name\":\"Productos\",\"item\":\"https:\\\/\\\/decora-zone.com\\\/tienda-alfombras-cortinas-bilbao\\\/\"},{\"@type\":\"ListItem\",\"position\":3,\"name\":\"Alfombra Opakua 51\"}]},{\"@type\":\"WebSite\",\"@id\":\"https:\\\/\\\/decora-zone.com\\\/#website\",\"url\":\"https:\\\/\\\/decora-zone.com\\\/\",\"name\":\"Decora-zone\",\"description\":\"Especialistas en cortinas y alfombras de dise\u00f1o en Bilbao\",\"publisher\":{\"@id\":\"https:\\\/\\\/decora-zone.com\\\/#organization\"},\"potentialAction\":[{\"@type\":\"SearchAction\",\"target\":{\"@type\":\"EntryPoint\",\"urlTemplate\":\"https:\\\/\\\/decora-zone.com\\\/?s={search_term_string}\"},\"query-input\":{\"@type\":\"PropertyValueSpecification\",\"valueRequired\":true,\"valueName\":\"search_term_string\"}}],\"inLanguage\":\"en-US\"},{\"@type\":\"Organization\",\"@id\":\"https:\\\/\\\/decora-zone.com\\\/#organization\",\"name\":\"Decora-Zone Tienda de Decoraci\u00f3n en Bilbao\",\"url\":\"https:\\\/\\\/decora-zone.com\\\/\",\"logo\":{\"@type\":\"ImageObject\",\"inLanguage\":\"en-US\",\"@id\":\"https:\\\/\\\/decora-zone.com\\\/#\\\/schema\\\/logo\\\/image\\\/\",\"url\":\"https:\\\/\\\/decora-zone.com\\\/wp-content\\\/uploads\\\/2014\\\/02\\\/logotipo-decora-zone-alfombras-cortinas-decoracion-bilbao.jpg\",\"contentUrl\":\"https:\\\/\\\/decora-zone.com\\\/wp-content\\\/uploads\\\/2014\\\/02\\\/logotipo-decora-zone-alfombras-cortinas-decoracion-bilbao.jpg\",\"width\":484,\"height\":230,\"caption\":\"Decora-Zone Tienda de Decoraci\u00f3n en Bilbao\"},\"image\":{\"@id\":\"https:\\\/\\\/decora-zone.com\\\/#\\\/schema\\\/logo\\\/image\\\/\"},\"sameAs\":[\"https:\\\/\\\/www.facebook.com\\\/decorazone.bilbao\\\/\",\"https:\\\/\\\/www.instagram.com\\\/decora_zone_\\\/\",\"https:\\\/\\\/co.pinterest.com\\\/Decora_Zone\\\/\"]}]}<\/script>\n<!-- \/ Yoast SEO plugin. -->","yoast_head_json":{"title":"Alfombra Opakua 51 Alfombra Opakua 51 - Decora-zone","description":"Alfombra Opakua 51 acr\u00edlica de la firma de referencia nacional Sualsa, con dise\u00f1o cl\u00e1sico en granate o caldera en Decorazone de Bilbao","robots":{"index":"index","follow":"follow","max-snippet":"max-snippet:-1","max-image-preview":"max-image-preview:large","max-video-preview":"max-video-preview:-1"},"canonical":"https:\/\/decora-zone.com\/producto\/alfombra-opakua-51\/","og_locale":"en_US","og_type":"article","og_title":"Alfombra Opakua 51 Alfombra Opakua 51 - Decora-zone","og_description":"Alfombra Opakua 51 acr\u00edlica de la firma de referencia nacional Sualsa, con dise\u00f1o cl\u00e1sico en granate o caldera en Decorazone de Bilbao","og_url":"https:\/\/decora-zone.com\/producto\/alfombra-opakua-51\/","og_site_name":"Decora-zone","article_publisher":"https:\/\/www.facebook.com\/decorazone.bilbao\/","article_modified_time":"2025-03-10T16:51:50+00:00","og_image":[{"width":1000,"height":1000,"url":"https:\/\/decora-zone.com\/wp-content\/uploads\/2024\/02\/Alfombra-Decorazone-Opakua-Beig-51a-2.jpg","type":"image\/jpeg"}],"twitter_misc":{"Est. reading time":"2 minutes"},"schema":{"@context":"https:\/\/schema.org","@graph":[{"@type":"WebPage","@id":"https:\/\/decora-zone.com\/producto\/alfombra-opakua-51\/","url":"https:\/\/decora-zone.com\/producto\/alfombra-opakua-51\/","name":"Alfombra Opakua 51 Alfombra Opakua 51 - Decora-zone","isPartOf":{"@id":"https:\/\/decora-zone.com\/#website"},"primaryImageOfPage":{"@id":"https:\/\/decora-zone.com\/producto\/alfombra-opakua-51\/#primaryimage"},"image":{"@id":"https:\/\/decora-zone.com\/producto\/alfombra-opakua-51\/#primaryimage"},"thumbnailUrl":"https:\/\/decora-zone.com\/wp-content\/uploads\/2024\/02\/Alfombra-Decorazone-Opakua-Beig-51a-2.jpg","datePublished":"2024-02-06T18:30:23+00:00","dateModified":"2025-03-10T16:51:50+00:00","description":"Alfombra Opakua 51 acr\u00edlica de la firma de referencia nacional Sualsa, con dise\u00f1o cl\u00e1sico en granate o caldera en Decorazone de Bilbao","breadcrumb":{"@id":"https:\/\/decora-zone.com\/producto\/alfombra-opakua-51\/#breadcrumb"},"inLanguage":"en-US","potentialAction":[{"@type":"ReadAction","target":["https:\/\/decora-zone.com\/producto\/alfombra-opakua-51\/"]}]},{"@type":"ImageObject","inLanguage":"en-US","@id":"https:\/\/decora-zone.com\/producto\/alfombra-opakua-51\/#primaryimage","url":"https:\/\/decora-zone.com\/wp-content\/uploads\/2024\/02\/Alfombra-Decorazone-Opakua-Beig-51a-2.jpg","contentUrl":"https:\/\/decora-zone.com\/wp-content\/uploads\/2024\/02\/Alfombra-Decorazone-Opakua-Beig-51a-2.jpg","width":1000,"height":1000,"caption":"Alfombra Opakua 51 beig"},{"@type":"BreadcrumbList","@id":"https:\/\/decora-zone.com\/producto\/alfombra-opakua-51\/#breadcrumb","itemListElement":[{"@type":"ListItem","position":1,"name":"Portada","item":"https:\/\/decora-zone.com\/"},{"@type":"ListItem","position":2,"name":"Productos","item":"https:\/\/decora-zone.com\/tienda-alfombras-cortinas-bilbao\/"},{"@type":"ListItem","position":3,"name":"Alfombra Opakua 51"}]},{"@type":"WebSite","@id":"https:\/\/decora-zone.com\/#website","url":"https:\/\/decora-zone.com\/","name":"Decora-zone","description":"Especialistas en cortinas y alfombras de dise\u00f1o en Bilbao","publisher":{"@id":"https:\/\/decora-zone.com\/#organization"},"potentialAction":[{"@type":"SearchAction","target":{"@type":"EntryPoint","urlTemplate":"https:\/\/decora-zone.com\/?s={search_term_string}"},"query-input":{"@type":"PropertyValueSpecification","valueRequired":true,"valueName":"search_term_string"}}],"inLanguage":"en-US"},{"@type":"Organization","@id":"https:\/\/decora-zone.com\/#organization","name":"Decora-Zone Tienda de Decoraci\u00f3n en Bilbao","url":"https:\/\/decora-zone.com\/","logo":{"@type":"ImageObject","inLanguage":"en-US","@id":"https:\/\/decora-zone.com\/#\/schema\/logo\/image\/","url":"https:\/\/decora-zone.com\/wp-content\/uploads\/2014\/02\/logotipo-decora-zone-alfombras-cortinas-decoracion-bilbao.jpg","contentUrl":"https:\/\/decora-zone.com\/wp-content\/uploads\/2014\/02\/logotipo-decora-zone-alfombras-cortinas-decoracion-bilbao.jpg","width":484,"height":230,"caption":"Decora-Zone Tienda de Decoraci\u00f3n en Bilbao"},"image":{"@id":"https:\/\/decora-zone.com\/#\/schema\/logo\/image\/"},"sameAs":["https:\/\/www.facebook.com\/decorazone.bilbao\/","https:\/\/www.instagram.com\/decora_zone_\/","https:\/\/co.pinterest.com\/Decora_Zone\/"]}]}},"_links":{"self":[{"href":"https:\/\/decora-zone.com\/en\/wp-json\/wp\/v2\/product\/16691","targetHints":{"allow":["GET"]}}],"collection":[{"href":"https:\/\/decora-zone.com\/en\/wp-json\/wp\/v2\/product"}],"about":[{"href":"https:\/\/decora-zone.com\/en\/wp-json\/wp\/v2\/types\/product"}],"replies":[{"embeddable":true,"href":"https:\/\/decora-zone.com\/en\/wp-json\/wp\/v2\/comments?post=16691"}],"wp:featuredmedia":[{"embeddable":true,"href":"https:\/\/decora-zone.com\/en\/wp-json\/wp\/v2\/media\/16706"}],"wp:attachment":[{"href":"https:\/\/decora-zone.com\/en\/wp-json\/wp\/v2\/media?parent=16691"}],"wp:term":[{"taxonomy":"product_brand","embeddable":true,"href":"https:\/\/decora-zone.com\/en\/wp-json\/wp\/v2\/product_brand?post=16691"},{"taxonomy":"product_cat","embeddable":true,"href":"https:\/\/decora-zone.com\/en\/wp-json\/wp\/v2\/product_cat?post=16691"},{"taxonomy":"product_tag","embeddable":true,"href":"https:\/\/decora-zone.com\/en\/wp-json\/wp\/v2\/product_tag?post=16691"}],"curies":[{"name":"wp","href":"https:\/\/api.w.org\/{rel}","templated":true}]}}