{"id":16655,"date":"2024-01-30T18:41:10","date_gmt":"2024-01-30T16:41:10","guid":{"rendered":"https:\/\/decora-zone.com\/?post_type=product&#038;p=16655"},"modified":"2025-03-10T17:51:52","modified_gmt":"2025-03-10T16:51:52","slug":"alfombra-oasis-789","status":"publish","type":"product","link":"https:\/\/decora-zone.com\/en\/producto\/alfombra-oasis-789\/","title":{"rendered":"Alfombra Oasis 789"},"content":{"rendered":"<h1><span style=\"font-size: 12pt;\"><strong>Alfombra Oasis 789<\/strong><\/span><\/h1>\n<h2><span style=\"font-size: 12pt;\"><strong>100% P.P. y\u00a0 Pes Srink<\/strong><\/span><\/h2>\n<p>Presentada por la firma de referencia nacional Sualsa, la calidad Oasis es una alfombra acr\u00edlica de gran calidad.<\/p>\n<p>Sum\u00e9rgete en la elegancia intemporal con nuestra alfombra, una pieza \u00fanica que combina el encanto del dise\u00f1o\u00a0 con un cautivador efecto desgastado. Esta alfombra es m\u00e1s que un simple accesorio; es una declaraci\u00f3n de estilo que transformar\u00e1 tu espacio en un oasis de sofisticaci\u00f3n y calidez.<\/p>\n<p>La alfombra Oasis 789 es una pieza vers\u00e1til que se adapta a diversos espacios, desde salones elegantes hasta dormitorios acogedores. Su paleta de colores cuidadosamente seleccionada y su patr\u00f3n aseguran que esta alfombra sea el centro de atenci\u00f3n, a\u00f1adiendo car\u00e1cter y distinci\u00f3n a tu hogar.<\/p>\n<p>Si deseas agregar un toque de lujo a tu hogar, la alfombra Oasis 789 es la elecci\u00f3n perfecta.<\/p>\n<p data-sourcepos=\"5:1-5:209\">La alfombra Oasis 789 est\u00e1 fabricada con una mezcla de polipropileno y poli\u00e9ster, lo que le confiere\u00a0 resistencia y durabilidad.<\/p>\n<h3><span style=\"font-size: 12pt;\"><strong>Caracter\u00edsticas de la alfombra Oasis 789:<\/strong><\/span><\/h3>\n<ul data-sourcepos=\"11:1-15:0\">\n<li data-sourcepos=\"9:1-9:34\">Dise\u00f1o cl\u00e1sico con motivo floral<\/li>\n<li data-sourcepos=\"10:1-10:19\">Efecto desgastado<\/li>\n<li data-sourcepos=\"11:1-11:31\">Composici\u00f3n: P.P. + Pes Srink<\/li>\n<li>Disponible al corte en ancho de 70 cm<\/li>\n<li>Grosor: 17 mm<\/li>\n<li>Densidad: 224000 puntos m2<\/li>\n<li>Peso: 2.45 Kg\/m2<\/li>\n<\/ul>\n<p><strong>Limpieza y mantenimiento:<\/strong><\/p>\n<p>Para mantener la alfombra Oasis en buen estado, se recomienda aspirar regularmente para eliminar el polvo y las suciedades superficiales. En caso de mancha, se recomienda actuar lo antes posible para evitar que se fije. Se puede utilizar un pa\u00f1o h\u00famedo con un poco de jab\u00f3n neutro para limpiar la mancha. Para una limpieza m\u00e1s profunda, se recomienda llevar la alfombra a una tintorer\u00eda especializada. No utilice producto abrasivos para limpiar la alfombra, podr\u00edan da\u00f1ar el material.<\/p>\n<p><strong>Si est\u00e1 interesado en alguno de nuestros art\u00edculos que est\u00e9n sin stock, puede reservarlos poni\u00e9ndose en <a href=\"http:\/\/decora-zone.com\/contacto-decora-zone-alfombras-cortinas-decoracion-bilbao\/\">contacto con nosotros<\/a>.<\/strong><\/p>\n","protected":false},"excerpt":{"rendered":"<h2><span style=\"font-size: 12pt;\"><strong>100% P.P. y\u00a0 Pes Srink<\/strong><\/span><\/h2>\n<p>Presentada por la firma de referencia nacional Sualsa, la calidad Oasis 180 es una alfombra acr\u00edlica de gran calidad.<\/p>\n<p>Sum\u00e9rgete en la elegancia intemporal con nuestra alfombra, una pieza \u00fanica que combina el encanto del dise\u00f1o cl\u00e1sico con un cautivador efecto desgastado. Esta alfombra es m\u00e1s que un simple accesorio; es una declaraci\u00f3n de estilo que transformar\u00e1 tu espacio en un oasis de sofisticaci\u00f3n y calidez.<\/p>\n<p>La Oasis 180 es una pieza vers\u00e1til que se adapta a diversos espacios, desde salones elegantes hasta dormitorios acogedores. Su paleta de colores cuidadosamente seleccionada y su patr\u00f3n cl\u00e1sico aseguran que esta alfombra sea el centro de atenci\u00f3n, a\u00f1adiendo car\u00e1cter y distinci\u00f3n a tu hogar.<\/p>\n<p>Ya sea que busques revivir la nostalgia del pasado o simplemente desees agregar un toque de lujo a tu hogar, la alfombra Oasis 180 es la elecci\u00f3n perfecta.<\/p>\n<p data-sourcepos=\"5:1-5:209\">La alfombra Oasis 180 est\u00e1 fabricada con una mezcla de polipropileno y poli\u00e9ster, lo que le confiere\u00a0 resistencia y durabilidad.<\/p>\n","protected":false},"featured_media":16663,"comment_status":"open","ping_status":"closed","template":"","meta":[],"product_brand":[],"product_cat":[56,21,155],"product_tag":[32,28,27,23,24,29,410],"class_list":{"0":"post-16655","1":"product","2":"type-product","3":"status-publish","4":"has-post-thumbnail","6":"product_cat-alfombras-acrilicas-en-bilbao-tienda-decoracion-bilbao-santutxu","7":"product_cat-alfombras-bilbao-tienda-decoracion-santutxu","8":"product_cat-alfombras-pasillerasen-bilbao-tienda-decoracion-bilbao-santutxu","9":"product_tag-alfombras","10":"product_tag-bilbao","11":"product_tag-decora-zone","12":"product_tag-decoracion","13":"product_tag-hogar","14":"product_tag-santutxu","15":"product_tag-sualsa","16":"pa_medida-120x160cm","17":"pa_medida-133x190cm","18":"pa_medida-160x230cm","19":"pa_medida-200x290cm","20":"pa_medida-60x110cm","21":"pa_medida-67x130cm","22":"pa_medida-80x150cm","24":"first","25":"outofstock","26":"sale","27":"shipping-taxable","28":"purchasable","29":"product-type-variable"},"yoast_head":"<!-- This site is optimized with the Yoast SEO plugin v27.5 - https:\/\/yoast.com\/product\/yoast-seo-wordpress\/ -->\n<title>Alfombra Oasis 789 Alfombra Oasis 789 - Decora-zone<\/title>\n<meta name=\"description\" content=\"Alfombra Oasis 789 acr\u00edlica de la firma de referencia nacional Sualsa, con dise\u00f1o marmoleado y efecto vintage en Decorazone de Bilbao\" \/>\n<meta name=\"robots\" content=\"index, follow, max-snippet:-1, max-image-preview:large, max-video-preview:-1\" \/>\n<link rel=\"canonical\" href=\"https:\/\/decora-zone.com\/producto\/alfombra-oasis-789\/\" \/>\n<meta property=\"og:locale\" content=\"en_US\" \/>\n<meta property=\"og:type\" content=\"article\" \/>\n<meta property=\"og:title\" content=\"Alfombra Oasis 789 Alfombra Oasis 789 - Decora-zone\" \/>\n<meta property=\"og:description\" content=\"Alfombra Oasis 789 acr\u00edlica de la firma de referencia nacional Sualsa, con dise\u00f1o marmoleado y efecto vintage en Decorazone de Bilbao\" \/>\n<meta property=\"og:url\" content=\"https:\/\/decora-zone.com\/producto\/alfombra-oasis-789\/\" \/>\n<meta property=\"og:site_name\" content=\"Decora-zone\" \/>\n<meta property=\"article:publisher\" content=\"https:\/\/www.facebook.com\/decorazone.bilbao\/\" \/>\n<meta property=\"article:modified_time\" content=\"2025-03-10T16:51:52+00:00\" \/>\n<meta property=\"og:image\" content=\"https:\/\/decora-zone.com\/wp-content\/uploads\/2024\/01\/Alfombra-Decorazone-Oasis-789a.jpeg\" \/>\n\t<meta property=\"og:image:width\" content=\"1000\" \/>\n\t<meta property=\"og:image:height\" content=\"785\" \/>\n\t<meta property=\"og:image:type\" content=\"image\/jpeg\" \/>\n<meta name=\"twitter:label1\" content=\"Est. reading time\" \/>\n\t<meta name=\"twitter:data1\" content=\"2 minutes\" \/>\n<script type=\"application\/ld+json\" class=\"yoast-schema-graph\">{\"@context\":\"https:\\\/\\\/schema.org\",\"@graph\":[{\"@type\":\"WebPage\",\"@id\":\"https:\\\/\\\/decora-zone.com\\\/producto\\\/alfombra-oasis-789\\\/\",\"url\":\"https:\\\/\\\/decora-zone.com\\\/producto\\\/alfombra-oasis-789\\\/\",\"name\":\"Alfombra Oasis 789 Alfombra Oasis 789 - Decora-zone\",\"isPartOf\":{\"@id\":\"https:\\\/\\\/decora-zone.com\\\/#website\"},\"primaryImageOfPage\":{\"@id\":\"https:\\\/\\\/decora-zone.com\\\/producto\\\/alfombra-oasis-789\\\/#primaryimage\"},\"image\":{\"@id\":\"https:\\\/\\\/decora-zone.com\\\/producto\\\/alfombra-oasis-789\\\/#primaryimage\"},\"thumbnailUrl\":\"https:\\\/\\\/decora-zone.com\\\/wp-content\\\/uploads\\\/2024\\\/01\\\/Alfombra-Decorazone-Oasis-789a.jpeg\",\"datePublished\":\"2024-01-30T16:41:10+00:00\",\"dateModified\":\"2025-03-10T16:51:52+00:00\",\"description\":\"Alfombra Oasis 789 acr\u00edlica de la firma de referencia nacional Sualsa, con dise\u00f1o marmoleado y efecto vintage en Decorazone de Bilbao\",\"breadcrumb\":{\"@id\":\"https:\\\/\\\/decora-zone.com\\\/producto\\\/alfombra-oasis-789\\\/#breadcrumb\"},\"inLanguage\":\"en-US\",\"potentialAction\":[{\"@type\":\"ReadAction\",\"target\":[\"https:\\\/\\\/decora-zone.com\\\/producto\\\/alfombra-oasis-789\\\/\"]}]},{\"@type\":\"ImageObject\",\"inLanguage\":\"en-US\",\"@id\":\"https:\\\/\\\/decora-zone.com\\\/producto\\\/alfombra-oasis-789\\\/#primaryimage\",\"url\":\"https:\\\/\\\/decora-zone.com\\\/wp-content\\\/uploads\\\/2024\\\/01\\\/Alfombra-Decorazone-Oasis-789a.jpeg\",\"contentUrl\":\"https:\\\/\\\/decora-zone.com\\\/wp-content\\\/uploads\\\/2024\\\/01\\\/Alfombra-Decorazone-Oasis-789a.jpeg\",\"width\":1000,\"height\":785,\"caption\":\"Alfombra Oasis 789\"},{\"@type\":\"BreadcrumbList\",\"@id\":\"https:\\\/\\\/decora-zone.com\\\/producto\\\/alfombra-oasis-789\\\/#breadcrumb\",\"itemListElement\":[{\"@type\":\"ListItem\",\"position\":1,\"name\":\"Portada\",\"item\":\"https:\\\/\\\/decora-zone.com\\\/\"},{\"@type\":\"ListItem\",\"position\":2,\"name\":\"Productos\",\"item\":\"https:\\\/\\\/decora-zone.com\\\/tienda-alfombras-cortinas-bilbao\\\/\"},{\"@type\":\"ListItem\",\"position\":3,\"name\":\"Alfombra Oasis 789\"}]},{\"@type\":\"WebSite\",\"@id\":\"https:\\\/\\\/decora-zone.com\\\/#website\",\"url\":\"https:\\\/\\\/decora-zone.com\\\/\",\"name\":\"Decora-zone\",\"description\":\"Especialistas en cortinas y alfombras de dise\u00f1o en Bilbao\",\"publisher\":{\"@id\":\"https:\\\/\\\/decora-zone.com\\\/#organization\"},\"potentialAction\":[{\"@type\":\"SearchAction\",\"target\":{\"@type\":\"EntryPoint\",\"urlTemplate\":\"https:\\\/\\\/decora-zone.com\\\/?s={search_term_string}\"},\"query-input\":{\"@type\":\"PropertyValueSpecification\",\"valueRequired\":true,\"valueName\":\"search_term_string\"}}],\"inLanguage\":\"en-US\"},{\"@type\":\"Organization\",\"@id\":\"https:\\\/\\\/decora-zone.com\\\/#organization\",\"name\":\"Decora-Zone Tienda de Decoraci\u00f3n en Bilbao\",\"url\":\"https:\\\/\\\/decora-zone.com\\\/\",\"logo\":{\"@type\":\"ImageObject\",\"inLanguage\":\"en-US\",\"@id\":\"https:\\\/\\\/decora-zone.com\\\/#\\\/schema\\\/logo\\\/image\\\/\",\"url\":\"https:\\\/\\\/decora-zone.com\\\/wp-content\\\/uploads\\\/2014\\\/02\\\/logotipo-decora-zone-alfombras-cortinas-decoracion-bilbao.jpg\",\"contentUrl\":\"https:\\\/\\\/decora-zone.com\\\/wp-content\\\/uploads\\\/2014\\\/02\\\/logotipo-decora-zone-alfombras-cortinas-decoracion-bilbao.jpg\",\"width\":484,\"height\":230,\"caption\":\"Decora-Zone Tienda de Decoraci\u00f3n en Bilbao\"},\"image\":{\"@id\":\"https:\\\/\\\/decora-zone.com\\\/#\\\/schema\\\/logo\\\/image\\\/\"},\"sameAs\":[\"https:\\\/\\\/www.facebook.com\\\/decorazone.bilbao\\\/\",\"https:\\\/\\\/www.instagram.com\\\/decora_zone_\\\/\",\"https:\\\/\\\/co.pinterest.com\\\/Decora_Zone\\\/\"]}]}<\/script>\n<!-- \/ Yoast SEO plugin. -->","yoast_head_json":{"title":"Alfombra Oasis 789 Alfombra Oasis 789 - Decora-zone","description":"Alfombra Oasis 789 acr\u00edlica de la firma de referencia nacional Sualsa, con dise\u00f1o marmoleado y efecto vintage en Decorazone de Bilbao","robots":{"index":"index","follow":"follow","max-snippet":"max-snippet:-1","max-image-preview":"max-image-preview:large","max-video-preview":"max-video-preview:-1"},"canonical":"https:\/\/decora-zone.com\/producto\/alfombra-oasis-789\/","og_locale":"en_US","og_type":"article","og_title":"Alfombra Oasis 789 Alfombra Oasis 789 - Decora-zone","og_description":"Alfombra Oasis 789 acr\u00edlica de la firma de referencia nacional Sualsa, con dise\u00f1o marmoleado y efecto vintage en Decorazone de Bilbao","og_url":"https:\/\/decora-zone.com\/producto\/alfombra-oasis-789\/","og_site_name":"Decora-zone","article_publisher":"https:\/\/www.facebook.com\/decorazone.bilbao\/","article_modified_time":"2025-03-10T16:51:52+00:00","og_image":[{"width":1000,"height":785,"url":"https:\/\/decora-zone.com\/wp-content\/uploads\/2024\/01\/Alfombra-Decorazone-Oasis-789a.jpeg","type":"image\/jpeg"}],"twitter_misc":{"Est. reading time":"2 minutes"},"schema":{"@context":"https:\/\/schema.org","@graph":[{"@type":"WebPage","@id":"https:\/\/decora-zone.com\/producto\/alfombra-oasis-789\/","url":"https:\/\/decora-zone.com\/producto\/alfombra-oasis-789\/","name":"Alfombra Oasis 789 Alfombra Oasis 789 - Decora-zone","isPartOf":{"@id":"https:\/\/decora-zone.com\/#website"},"primaryImageOfPage":{"@id":"https:\/\/decora-zone.com\/producto\/alfombra-oasis-789\/#primaryimage"},"image":{"@id":"https:\/\/decora-zone.com\/producto\/alfombra-oasis-789\/#primaryimage"},"thumbnailUrl":"https:\/\/decora-zone.com\/wp-content\/uploads\/2024\/01\/Alfombra-Decorazone-Oasis-789a.jpeg","datePublished":"2024-01-30T16:41:10+00:00","dateModified":"2025-03-10T16:51:52+00:00","description":"Alfombra Oasis 789 acr\u00edlica de la firma de referencia nacional Sualsa, con dise\u00f1o marmoleado y efecto vintage en Decorazone de Bilbao","breadcrumb":{"@id":"https:\/\/decora-zone.com\/producto\/alfombra-oasis-789\/#breadcrumb"},"inLanguage":"en-US","potentialAction":[{"@type":"ReadAction","target":["https:\/\/decora-zone.com\/producto\/alfombra-oasis-789\/"]}]},{"@type":"ImageObject","inLanguage":"en-US","@id":"https:\/\/decora-zone.com\/producto\/alfombra-oasis-789\/#primaryimage","url":"https:\/\/decora-zone.com\/wp-content\/uploads\/2024\/01\/Alfombra-Decorazone-Oasis-789a.jpeg","contentUrl":"https:\/\/decora-zone.com\/wp-content\/uploads\/2024\/01\/Alfombra-Decorazone-Oasis-789a.jpeg","width":1000,"height":785,"caption":"Alfombra Oasis 789"},{"@type":"BreadcrumbList","@id":"https:\/\/decora-zone.com\/producto\/alfombra-oasis-789\/#breadcrumb","itemListElement":[{"@type":"ListItem","position":1,"name":"Portada","item":"https:\/\/decora-zone.com\/"},{"@type":"ListItem","position":2,"name":"Productos","item":"https:\/\/decora-zone.com\/tienda-alfombras-cortinas-bilbao\/"},{"@type":"ListItem","position":3,"name":"Alfombra Oasis 789"}]},{"@type":"WebSite","@id":"https:\/\/decora-zone.com\/#website","url":"https:\/\/decora-zone.com\/","name":"Decora-zone","description":"Especialistas en cortinas y alfombras de dise\u00f1o en Bilbao","publisher":{"@id":"https:\/\/decora-zone.com\/#organization"},"potentialAction":[{"@type":"SearchAction","target":{"@type":"EntryPoint","urlTemplate":"https:\/\/decora-zone.com\/?s={search_term_string}"},"query-input":{"@type":"PropertyValueSpecification","valueRequired":true,"valueName":"search_term_string"}}],"inLanguage":"en-US"},{"@type":"Organization","@id":"https:\/\/decora-zone.com\/#organization","name":"Decora-Zone Tienda de Decoraci\u00f3n en Bilbao","url":"https:\/\/decora-zone.com\/","logo":{"@type":"ImageObject","inLanguage":"en-US","@id":"https:\/\/decora-zone.com\/#\/schema\/logo\/image\/","url":"https:\/\/decora-zone.com\/wp-content\/uploads\/2014\/02\/logotipo-decora-zone-alfombras-cortinas-decoracion-bilbao.jpg","contentUrl":"https:\/\/decora-zone.com\/wp-content\/uploads\/2014\/02\/logotipo-decora-zone-alfombras-cortinas-decoracion-bilbao.jpg","width":484,"height":230,"caption":"Decora-Zone Tienda de Decoraci\u00f3n en Bilbao"},"image":{"@id":"https:\/\/decora-zone.com\/#\/schema\/logo\/image\/"},"sameAs":["https:\/\/www.facebook.com\/decorazone.bilbao\/","https:\/\/www.instagram.com\/decora_zone_\/","https:\/\/co.pinterest.com\/Decora_Zone\/"]}]}},"_links":{"self":[{"href":"https:\/\/decora-zone.com\/en\/wp-json\/wp\/v2\/product\/16655","targetHints":{"allow":["GET"]}}],"collection":[{"href":"https:\/\/decora-zone.com\/en\/wp-json\/wp\/v2\/product"}],"about":[{"href":"https:\/\/decora-zone.com\/en\/wp-json\/wp\/v2\/types\/product"}],"replies":[{"embeddable":true,"href":"https:\/\/decora-zone.com\/en\/wp-json\/wp\/v2\/comments?post=16655"}],"wp:featuredmedia":[{"embeddable":true,"href":"https:\/\/decora-zone.com\/en\/wp-json\/wp\/v2\/media\/16663"}],"wp:attachment":[{"href":"https:\/\/decora-zone.com\/en\/wp-json\/wp\/v2\/media?parent=16655"}],"wp:term":[{"taxonomy":"product_brand","embeddable":true,"href":"https:\/\/decora-zone.com\/en\/wp-json\/wp\/v2\/product_brand?post=16655"},{"taxonomy":"product_cat","embeddable":true,"href":"https:\/\/decora-zone.com\/en\/wp-json\/wp\/v2\/product_cat?post=16655"},{"taxonomy":"product_tag","embeddable":true,"href":"https:\/\/decora-zone.com\/en\/wp-json\/wp\/v2\/product_tag?post=16655"}],"curies":[{"name":"wp","href":"https:\/\/api.w.org\/{rel}","templated":true}]}}