{"id":16579,"date":"2024-01-25T14:06:36","date_gmt":"2024-01-25T12:06:36","guid":{"rendered":"https:\/\/decora-zone.com\/?post_type=product&#038;p=16579"},"modified":"2025-03-10T17:51:53","modified_gmt":"2025-03-10T16:51:53","slug":"alfombra-fils-001","status":"publish","type":"product","link":"https:\/\/decora-zone.com\/en\/producto\/alfombra-fils-001\/","title":{"rendered":"Alfombra Fils 001"},"content":{"rendered":"<h1><span style=\"font-size: 12pt;\"><strong>Alfombra Fils 001<\/strong><\/span><\/h1>\n<h2><span style=\"font-size: 12pt;\"><strong>50%Poli\u00e9ster, 2% Lana y 48% Algod\u00f3n<\/strong><\/span><\/h2>\n<p>Presentada por la firma de referencia nacional Sualsa, la calidad Fils es una alfombra de tejido plano fabricada en Crevillente.<\/p>\n<p>La alfombra Fils de Sualsa fusiona elegancia y confort en un dise\u00f1o vanguardista que transformar\u00e1 tu espacio con estilo.\u00a0<\/p>\n<p>El tejido plano de esta alfombra de Sualsa proporciona un aspecto contempor\u00e1neo y sofisticado, mientras que su altura de 10 mm a\u00f1ade una sensaci\u00f3n de lujo y comodidad a cualquier ambiente. Disponible en una paleta de colores actuales, que incluye blanco, gris y caldera, esta alfombra se adapta perfectamente a diferentes estilos de decoraci\u00f3n, desde los m\u00e1s minimalistas hasta los m\u00e1s vibrantes.<\/p>\n<p>La alfombra Fils de Sualsa es una opci\u00f3n perfecta para quienes buscan una alfombra acogedora y vers\u00e1til.<\/p>\n<h3 data-sourcepos=\"7:1-7:20\"><span style=\"font-size: 12pt;\"><strong>Caracter\u00edsticas:<\/strong><\/span><\/h3>\n<ul data-sourcepos=\"9:1-13:0\">\n<li data-sourcepos=\"9:1-9:47\">Material: 50% poli\u00e9ster, 2% lana, 48% algod\u00f3n<\/li>\n<li data-sourcepos=\"10:1-10:15\">Tejido: plano<\/li>\n<li data-sourcepos=\"11:1-11:15\">Altura: 10 mm<\/li>\n<li data-sourcepos=\"12:1-13:0\">Colores: blanco, gris, caldera<\/li>\n<\/ul>\n<h4><strong>Limpieza y mantenimiento<\/strong><strong>:<\/strong><\/h4>\n<p>La alfombra Fils es f\u00e1cil de mantener. Basta con pasar la aspiradora regularmente para mantenerla limpia. Si la alfombra se mancha, se puede limpiar con un pa\u00f1o h\u00famedo y un poco de jab\u00f3n neutro. Para una limpieza m\u00e1s profunda, se recomienda\u00a0llevar la alfombra a una tintorer\u00eda especializada.<\/p>\n<p>No utilice producto abrasivos para limpiar la alfombra, podr\u00edan da\u00f1ar el material. Si la alfombra se mancha, se recomienda limpiar la mancha lo antes posible con un pa\u00f1o absorbente.<\/p>\n<p><strong>Si est\u00e1 interesado en alguno de nuestros art\u00edculos que est\u00e9n sin stock, puede reservarlos poni\u00e9ndose en <a href=\"http:\/\/decora-zone.com\/contacto-decora-zone-alfombras-cortinas-decoracion-bilbao\/\">contacto con nosotros<\/a>.<\/strong><\/p>\n","protected":false},"excerpt":{"rendered":"<h2><span style=\"font-size: 12pt;\"><strong>50%Poli\u00e9ster, 2% Lana y 48% Algod\u00f3n<\/strong><\/span><\/h2>\n<p>Presentada por la firma de referencia nacional Sualsa, la calidad Fils es una alfombra de tejido plano fabricada en Crevillente.<\/p>\n<p>La alfombra Fils de Sualsa fusiona elegancia y confort en un dise\u00f1o vanguardista que transformar\u00e1 tu espacio con estilo.\u00a0<\/p>\n<p>El tejido plano de la alfombra Fils de Sualsa proporciona un aspecto contempor\u00e1neo y sofisticado, mientras que su altura de 10 mm a\u00f1ade una sensaci\u00f3n de lujo y comodidad a cualquier ambiente. Disponible en una paleta de colores actuales, que incluye blanco, gris y caldera, esta alfombra se adapta perfectamente a diferentes estilos de decoraci\u00f3n, desde los m\u00e1s minimalistas hasta los m\u00e1s vibrantes.<\/p>\n<p>La alfombra Fils de Sualsa es una opci\u00f3n perfecta para quienes buscan una alfombra acogedora y vers\u00e1til.<\/p>\n","protected":false},"featured_media":16603,"comment_status":"open","ping_status":"closed","template":"","meta":[],"product_brand":[],"product_cat":[56,21,504,57,78],"product_tag":[22,32,505,448,28,27,23,24,30,447,29,410],"class_list":{"0":"post-16579","1":"product","2":"type-product","3":"status-publish","4":"has-post-thumbnail","6":"product_cat-alfombras-acrilicas-en-bilbao-tienda-decoracion-bilbao-santutxu","7":"product_cat-alfombras-bilbao-tienda-decoracion-santutxu","8":"product_cat-alfombras-algodon-en-bilbao-tienda-decoracion-bilbao-santutxu","9":"product_cat-alfombras-lana-bilbao-tienda-decoracion-santutxu","10":"product_cat-alfombras-shaggyen-bilbao-tienda-decoracion-bilbao-santutxu","11":"product_tag-acrilicas","12":"product_tag-alfombras","13":"product_tag-algodon","14":"product_tag-antideslizante","15":"product_tag-bilbao","16":"product_tag-decora-zone","17":"product_tag-decoracion","18":"product_tag-hogar","19":"product_tag-lana","20":"product_tag-lavable","21":"product_tag-santutxu","22":"product_tag-sualsa","23":"pa_medida-100x150cm","24":"pa_medida-120x180cm","25":"pa_medida-140x200cm","26":"pa_medida-170x240cm","27":"pa_medida-200x300cm","28":"pa_medida-60x120cm","29":"pa_medida-70x135cm","30":"pa_medida-80x150cm","32":"first","33":"outofstock","34":"sale","35":"shipping-taxable","36":"purchasable","37":"product-type-variable"},"yoast_head":"<!-- This site is optimized with the Yoast SEO plugin v27.5 - https:\/\/yoast.com\/product\/yoast-seo-wordpress\/ -->\n<title>Alfombra Fils 001 Alfombra Fils - Decora-zone<\/title>\n<meta name=\"description\" content=\"Alfombra Fils con tejido en plano de la firma de referencia nacional Sualsa disponible en tres colores b\u00e1sicos en Decorazone de Bilbao\" \/>\n<meta name=\"robots\" content=\"index, follow, max-snippet:-1, max-image-preview:large, max-video-preview:-1\" \/>\n<link rel=\"canonical\" href=\"https:\/\/decora-zone.com\/producto\/alfombra-fils-001\/\" \/>\n<meta property=\"og:locale\" content=\"en_US\" \/>\n<meta property=\"og:type\" content=\"article\" \/>\n<meta property=\"og:title\" content=\"Alfombra Fils 001 Alfombra Fils - Decora-zone\" \/>\n<meta property=\"og:description\" content=\"Alfombra Fils con tejido en plano de la firma de referencia nacional Sualsa disponible en tres colores b\u00e1sicos en Decorazone de Bilbao\" \/>\n<meta property=\"og:url\" content=\"https:\/\/decora-zone.com\/producto\/alfombra-fils-001\/\" \/>\n<meta property=\"og:site_name\" content=\"Decora-zone\" \/>\n<meta property=\"article:publisher\" content=\"https:\/\/www.facebook.com\/decorazone.bilbao\/\" \/>\n<meta property=\"article:modified_time\" content=\"2025-03-10T16:51:53+00:00\" \/>\n<meta property=\"og:image\" content=\"https:\/\/decora-zone.com\/wp-content\/uploads\/2024\/01\/Alfombra-Decorazone-Fils-Blanco-001a.jpeg\" \/>\n\t<meta property=\"og:image:width\" content=\"777\" \/>\n\t<meta property=\"og:image:height\" content=\"1000\" \/>\n\t<meta property=\"og:image:type\" content=\"image\/jpeg\" \/>\n<meta name=\"twitter:label1\" content=\"Est. reading time\" \/>\n\t<meta name=\"twitter:data1\" content=\"2 minutes\" \/>\n<script type=\"application\/ld+json\" class=\"yoast-schema-graph\">{\"@context\":\"https:\\\/\\\/schema.org\",\"@graph\":[{\"@type\":\"WebPage\",\"@id\":\"https:\\\/\\\/decora-zone.com\\\/producto\\\/alfombra-fils-001\\\/\",\"url\":\"https:\\\/\\\/decora-zone.com\\\/producto\\\/alfombra-fils-001\\\/\",\"name\":\"Alfombra Fils 001 Alfombra Fils - Decora-zone\",\"isPartOf\":{\"@id\":\"https:\\\/\\\/decora-zone.com\\\/#website\"},\"primaryImageOfPage\":{\"@id\":\"https:\\\/\\\/decora-zone.com\\\/producto\\\/alfombra-fils-001\\\/#primaryimage\"},\"image\":{\"@id\":\"https:\\\/\\\/decora-zone.com\\\/producto\\\/alfombra-fils-001\\\/#primaryimage\"},\"thumbnailUrl\":\"https:\\\/\\\/decora-zone.com\\\/wp-content\\\/uploads\\\/2024\\\/01\\\/Alfombra-Decorazone-Fils-Blanco-001a.jpeg\",\"datePublished\":\"2024-01-25T12:06:36+00:00\",\"dateModified\":\"2025-03-10T16:51:53+00:00\",\"description\":\"Alfombra Fils con tejido en plano de la firma de referencia nacional Sualsa disponible en tres colores b\u00e1sicos en Decorazone de Bilbao\",\"breadcrumb\":{\"@id\":\"https:\\\/\\\/decora-zone.com\\\/producto\\\/alfombra-fils-001\\\/#breadcrumb\"},\"inLanguage\":\"en-US\",\"potentialAction\":[{\"@type\":\"ReadAction\",\"target\":[\"https:\\\/\\\/decora-zone.com\\\/producto\\\/alfombra-fils-001\\\/\"]}]},{\"@type\":\"ImageObject\",\"inLanguage\":\"en-US\",\"@id\":\"https:\\\/\\\/decora-zone.com\\\/producto\\\/alfombra-fils-001\\\/#primaryimage\",\"url\":\"https:\\\/\\\/decora-zone.com\\\/wp-content\\\/uploads\\\/2024\\\/01\\\/Alfombra-Decorazone-Fils-Blanco-001a.jpeg\",\"contentUrl\":\"https:\\\/\\\/decora-zone.com\\\/wp-content\\\/uploads\\\/2024\\\/01\\\/Alfombra-Decorazone-Fils-Blanco-001a.jpeg\",\"width\":777,\"height\":1000,\"caption\":\"Alfombra Fils blanco\"},{\"@type\":\"BreadcrumbList\",\"@id\":\"https:\\\/\\\/decora-zone.com\\\/producto\\\/alfombra-fils-001\\\/#breadcrumb\",\"itemListElement\":[{\"@type\":\"ListItem\",\"position\":1,\"name\":\"Portada\",\"item\":\"https:\\\/\\\/decora-zone.com\\\/\"},{\"@type\":\"ListItem\",\"position\":2,\"name\":\"Productos\",\"item\":\"https:\\\/\\\/decora-zone.com\\\/tienda-alfombras-cortinas-bilbao\\\/\"},{\"@type\":\"ListItem\",\"position\":3,\"name\":\"Alfombra Fils 001\"}]},{\"@type\":\"WebSite\",\"@id\":\"https:\\\/\\\/decora-zone.com\\\/#website\",\"url\":\"https:\\\/\\\/decora-zone.com\\\/\",\"name\":\"Decora-zone\",\"description\":\"Especialistas en cortinas y alfombras de dise\u00f1o en Bilbao\",\"publisher\":{\"@id\":\"https:\\\/\\\/decora-zone.com\\\/#organization\"},\"potentialAction\":[{\"@type\":\"SearchAction\",\"target\":{\"@type\":\"EntryPoint\",\"urlTemplate\":\"https:\\\/\\\/decora-zone.com\\\/?s={search_term_string}\"},\"query-input\":{\"@type\":\"PropertyValueSpecification\",\"valueRequired\":true,\"valueName\":\"search_term_string\"}}],\"inLanguage\":\"en-US\"},{\"@type\":\"Organization\",\"@id\":\"https:\\\/\\\/decora-zone.com\\\/#organization\",\"name\":\"Decora-Zone Tienda de Decoraci\u00f3n en Bilbao\",\"url\":\"https:\\\/\\\/decora-zone.com\\\/\",\"logo\":{\"@type\":\"ImageObject\",\"inLanguage\":\"en-US\",\"@id\":\"https:\\\/\\\/decora-zone.com\\\/#\\\/schema\\\/logo\\\/image\\\/\",\"url\":\"https:\\\/\\\/decora-zone.com\\\/wp-content\\\/uploads\\\/2014\\\/02\\\/logotipo-decora-zone-alfombras-cortinas-decoracion-bilbao.jpg\",\"contentUrl\":\"https:\\\/\\\/decora-zone.com\\\/wp-content\\\/uploads\\\/2014\\\/02\\\/logotipo-decora-zone-alfombras-cortinas-decoracion-bilbao.jpg\",\"width\":484,\"height\":230,\"caption\":\"Decora-Zone Tienda de Decoraci\u00f3n en Bilbao\"},\"image\":{\"@id\":\"https:\\\/\\\/decora-zone.com\\\/#\\\/schema\\\/logo\\\/image\\\/\"},\"sameAs\":[\"https:\\\/\\\/www.facebook.com\\\/decorazone.bilbao\\\/\",\"https:\\\/\\\/www.instagram.com\\\/decora_zone_\\\/\",\"https:\\\/\\\/co.pinterest.com\\\/Decora_Zone\\\/\"]}]}<\/script>\n<!-- \/ Yoast SEO plugin. -->","yoast_head_json":{"title":"Alfombra Fils 001 Alfombra Fils - Decora-zone","description":"Alfombra Fils con tejido en plano de la firma de referencia nacional Sualsa disponible en tres colores b\u00e1sicos en Decorazone de Bilbao","robots":{"index":"index","follow":"follow","max-snippet":"max-snippet:-1","max-image-preview":"max-image-preview:large","max-video-preview":"max-video-preview:-1"},"canonical":"https:\/\/decora-zone.com\/producto\/alfombra-fils-001\/","og_locale":"en_US","og_type":"article","og_title":"Alfombra Fils 001 Alfombra Fils - Decora-zone","og_description":"Alfombra Fils con tejido en plano de la firma de referencia nacional Sualsa disponible en tres colores b\u00e1sicos en Decorazone de Bilbao","og_url":"https:\/\/decora-zone.com\/producto\/alfombra-fils-001\/","og_site_name":"Decora-zone","article_publisher":"https:\/\/www.facebook.com\/decorazone.bilbao\/","article_modified_time":"2025-03-10T16:51:53+00:00","og_image":[{"width":777,"height":1000,"url":"https:\/\/decora-zone.com\/wp-content\/uploads\/2024\/01\/Alfombra-Decorazone-Fils-Blanco-001a.jpeg","type":"image\/jpeg"}],"twitter_misc":{"Est. reading time":"2 minutes"},"schema":{"@context":"https:\/\/schema.org","@graph":[{"@type":"WebPage","@id":"https:\/\/decora-zone.com\/producto\/alfombra-fils-001\/","url":"https:\/\/decora-zone.com\/producto\/alfombra-fils-001\/","name":"Alfombra Fils 001 Alfombra Fils - Decora-zone","isPartOf":{"@id":"https:\/\/decora-zone.com\/#website"},"primaryImageOfPage":{"@id":"https:\/\/decora-zone.com\/producto\/alfombra-fils-001\/#primaryimage"},"image":{"@id":"https:\/\/decora-zone.com\/producto\/alfombra-fils-001\/#primaryimage"},"thumbnailUrl":"https:\/\/decora-zone.com\/wp-content\/uploads\/2024\/01\/Alfombra-Decorazone-Fils-Blanco-001a.jpeg","datePublished":"2024-01-25T12:06:36+00:00","dateModified":"2025-03-10T16:51:53+00:00","description":"Alfombra Fils con tejido en plano de la firma de referencia nacional Sualsa disponible en tres colores b\u00e1sicos en Decorazone de Bilbao","breadcrumb":{"@id":"https:\/\/decora-zone.com\/producto\/alfombra-fils-001\/#breadcrumb"},"inLanguage":"en-US","potentialAction":[{"@type":"ReadAction","target":["https:\/\/decora-zone.com\/producto\/alfombra-fils-001\/"]}]},{"@type":"ImageObject","inLanguage":"en-US","@id":"https:\/\/decora-zone.com\/producto\/alfombra-fils-001\/#primaryimage","url":"https:\/\/decora-zone.com\/wp-content\/uploads\/2024\/01\/Alfombra-Decorazone-Fils-Blanco-001a.jpeg","contentUrl":"https:\/\/decora-zone.com\/wp-content\/uploads\/2024\/01\/Alfombra-Decorazone-Fils-Blanco-001a.jpeg","width":777,"height":1000,"caption":"Alfombra Fils blanco"},{"@type":"BreadcrumbList","@id":"https:\/\/decora-zone.com\/producto\/alfombra-fils-001\/#breadcrumb","itemListElement":[{"@type":"ListItem","position":1,"name":"Portada","item":"https:\/\/decora-zone.com\/"},{"@type":"ListItem","position":2,"name":"Productos","item":"https:\/\/decora-zone.com\/tienda-alfombras-cortinas-bilbao\/"},{"@type":"ListItem","position":3,"name":"Alfombra Fils 001"}]},{"@type":"WebSite","@id":"https:\/\/decora-zone.com\/#website","url":"https:\/\/decora-zone.com\/","name":"Decora-zone","description":"Especialistas en cortinas y alfombras de dise\u00f1o en Bilbao","publisher":{"@id":"https:\/\/decora-zone.com\/#organization"},"potentialAction":[{"@type":"SearchAction","target":{"@type":"EntryPoint","urlTemplate":"https:\/\/decora-zone.com\/?s={search_term_string}"},"query-input":{"@type":"PropertyValueSpecification","valueRequired":true,"valueName":"search_term_string"}}],"inLanguage":"en-US"},{"@type":"Organization","@id":"https:\/\/decora-zone.com\/#organization","name":"Decora-Zone Tienda de Decoraci\u00f3n en Bilbao","url":"https:\/\/decora-zone.com\/","logo":{"@type":"ImageObject","inLanguage":"en-US","@id":"https:\/\/decora-zone.com\/#\/schema\/logo\/image\/","url":"https:\/\/decora-zone.com\/wp-content\/uploads\/2014\/02\/logotipo-decora-zone-alfombras-cortinas-decoracion-bilbao.jpg","contentUrl":"https:\/\/decora-zone.com\/wp-content\/uploads\/2014\/02\/logotipo-decora-zone-alfombras-cortinas-decoracion-bilbao.jpg","width":484,"height":230,"caption":"Decora-Zone Tienda de Decoraci\u00f3n en Bilbao"},"image":{"@id":"https:\/\/decora-zone.com\/#\/schema\/logo\/image\/"},"sameAs":["https:\/\/www.facebook.com\/decorazone.bilbao\/","https:\/\/www.instagram.com\/decora_zone_\/","https:\/\/co.pinterest.com\/Decora_Zone\/"]}]}},"_links":{"self":[{"href":"https:\/\/decora-zone.com\/en\/wp-json\/wp\/v2\/product\/16579","targetHints":{"allow":["GET"]}}],"collection":[{"href":"https:\/\/decora-zone.com\/en\/wp-json\/wp\/v2\/product"}],"about":[{"href":"https:\/\/decora-zone.com\/en\/wp-json\/wp\/v2\/types\/product"}],"replies":[{"embeddable":true,"href":"https:\/\/decora-zone.com\/en\/wp-json\/wp\/v2\/comments?post=16579"}],"wp:featuredmedia":[{"embeddable":true,"href":"https:\/\/decora-zone.com\/en\/wp-json\/wp\/v2\/media\/16603"}],"wp:attachment":[{"href":"https:\/\/decora-zone.com\/en\/wp-json\/wp\/v2\/media?parent=16579"}],"wp:term":[{"taxonomy":"product_brand","embeddable":true,"href":"https:\/\/decora-zone.com\/en\/wp-json\/wp\/v2\/product_brand?post=16579"},{"taxonomy":"product_cat","embeddable":true,"href":"https:\/\/decora-zone.com\/en\/wp-json\/wp\/v2\/product_cat?post=16579"},{"taxonomy":"product_tag","embeddable":true,"href":"https:\/\/decora-zone.com\/en\/wp-json\/wp\/v2\/product_tag?post=16579"}],"curies":[{"name":"wp","href":"https:\/\/api.w.org\/{rel}","templated":true}]}}