{"id":16571,"date":"2024-01-23T19:21:07","date_gmt":"2024-01-23T17:21:07","guid":{"rendered":"https:\/\/decora-zone.com\/?post_type=product&#038;p=16571"},"modified":"2025-03-10T17:51:54","modified_gmt":"2025-03-10T16:51:54","slug":"alfombra-condor-01","status":"publish","type":"product","link":"https:\/\/decora-zone.com\/en\/producto\/alfombra-condor-01\/","title":{"rendered":"Alfombra Condor 01"},"content":{"rendered":"<h1><span style=\"font-size: 12pt;\"><strong>Alfombra Condor 01<\/strong><\/span><\/h1>\n<p><strong>100% Poli\u00e9ster<\/strong><\/p>\n<p>Presentada por la firma de referencia nacional Sualsa, la calidad Condor son alfombras acr\u00edlicas de gran calidad.<\/p>\n<p data-sourcepos=\"3:1-3:199\">La alfombra Condor 01 de Sualsa es una alfombra moderna y elegante con un dise\u00f1o geom\u00e9trico. Est\u00e1 fabricada en poli\u00e9ster 100%, lo que la hace una alfombra duradera y f\u00e1cil de limpiar.<\/p>\n<p data-sourcepos=\"5:1-5:282\">Su dise\u00f1o con pelo a diferentes alturas crea un efecto visual llamativo que aporta dinamismo y personalidad a cualquier espacio. Los tonos suaves de la alfombra la hacen vers\u00e1til y adaptable a cualquier estilo de decoraci\u00f3n.<\/p>\n<p data-sourcepos=\"5:1-5:282\">La alfombra Condor 01 es una alfombra moderna y elegante que aporta un toque de distinci\u00f3n a cualquier espacio. Es una alfombra duradera y f\u00e1cil de limpiar, lo que la hace una opci\u00f3n ideal para cualquier hogar.<\/p>\n<h2 data-sourcepos=\"9:1-9:20\"><span style=\"font-size: 12pt;\"><strong>Caracter\u00edsticas:<\/strong><\/span><\/h2>\n<ul data-sourcepos=\"11:1-15:0\">\n<li data-sourcepos=\"11:1-11:52\">Dise\u00f1o geom\u00e9trico con el pelo a diferentes alturas<\/li>\n<li data-sourcepos=\"12:1-12:29\">Fabricada en poli\u00e9ster 100%<\/li>\n<li>Grosor: 12 mm<\/li>\n<\/ul>\n<h4><strong>Limpieza y mantenimiento:<\/strong><\/h4>\n<p>La alfombra Condor es f\u00e1cil de mantener. Basta con pasar la aspiradora regularmente para mantenerla limpia. Si la alfombra se mancha, se puede limpiar con un pa\u00f1o h\u00famedo y un poco de jab\u00f3n neutro. Para una limpieza m\u00e1s profunda, se recomienda llevar la alfombra a una tintorer\u00eda especializada.<\/p>\n<p>No utilice producto abrasivos para limpiar la alfombra, podr\u00edan da\u00f1ar el material. Si la alfombra se mancha, se recomienda limpiar la mancha lo antes posible con un pa\u00f1o absorbente.<\/p>\n<p>&nbsp;<\/p>\n<p><strong>Si est\u00e1 interesado en alguno de nuestros art\u00edculos que est\u00e9n sin stock, puede reservarlos poni\u00e9ndose en <a href=\"http:\/\/decora-zone.com\/contacto-decora-zone-alfombras-cortinas-decoracion-bilbao\/\">contacto con nosotros<\/a>.<\/strong><\/p>\n","protected":false},"excerpt":{"rendered":"<p><strong>100% Poli\u00e9ster<\/strong><\/p>\n<p>Presentada por la firma de referencia nacional Sualsa, la calidad Condor son alfombras acr\u00edlicas de gran calidad.<\/p>\n<p data-sourcepos=\"3:1-3:199\">La alfombra Condor 01 de Sualsa es una alfombra moderna y elegante con un dise\u00f1o geom\u00e9trico. Est\u00e1 fabricada en poli\u00e9ster 100%, lo que la hace una alfombra duradera y f\u00e1cil de limpiar.<\/p>\n<p data-sourcepos=\"5:1-5:282\">Su dise\u00f1o con pelo a diferentes alturas crea un efecto visual llamativo que aporta dinamismo y personalidad a cualquier espacio. Los tonos suaves de la alfombra la hacen vers\u00e1til y adaptable a cualquier estilo de decoraci\u00f3n.<\/p>\n<p data-sourcepos=\"5:1-5:282\">La alfombra Condor 01 es una alfombra moderna y elegante que aporta un toque de distinci\u00f3n a cualquier espacio. Es una alfombra duradera y f\u00e1cil de limpiar, lo que la hace una opci\u00f3n ideal para cualquier hogar.<\/p>\n","protected":false},"featured_media":16578,"comment_status":"open","ping_status":"closed","template":"","meta":[],"product_brand":[],"product_cat":[56,21],"product_tag":[32,28,27,23,24,29,410],"class_list":{"0":"post-16571","1":"product","2":"type-product","3":"status-publish","4":"has-post-thumbnail","6":"product_cat-alfombras-acrilicas-en-bilbao-tienda-decoracion-bilbao-santutxu","7":"product_cat-alfombras-bilbao-tienda-decoracion-santutxu","8":"product_tag-alfombras","9":"product_tag-bilbao","10":"product_tag-decora-zone","11":"product_tag-decoracion","12":"product_tag-hogar","13":"product_tag-santutxu","14":"product_tag-sualsa","15":"pa_medida-120x170cm","16":"pa_medida-133x190cm","17":"pa_medida-160x235cm","18":"pa_medida-200x280cm","19":"pa_medida-67x120cm","21":"first","22":"outofstock","23":"sale","24":"shipping-taxable","25":"purchasable","26":"product-type-variable"},"yoast_head":"<!-- This site is optimized with the Yoast SEO plugin v27.5 - https:\/\/yoast.com\/product\/yoast-seo-wordpress\/ -->\n<title>Alfombra Condor 01 Alfombra Condor 31 - Decora-zone<\/title>\n<meta name=\"description\" content=\"Alfombra Condor 01 100% Poliester de la firma de referencia nacional Sualsa, con pelo a doble altura en Decora-Zone de Bilbao\" \/>\n<meta name=\"robots\" content=\"index, follow, max-snippet:-1, max-image-preview:large, max-video-preview:-1\" \/>\n<link rel=\"canonical\" href=\"https:\/\/decora-zone.com\/producto\/alfombra-condor-01\/\" \/>\n<meta property=\"og:locale\" content=\"en_US\" \/>\n<meta property=\"og:type\" content=\"article\" \/>\n<meta property=\"og:title\" content=\"Alfombra Condor 01 Alfombra Condor 31 - Decora-zone\" \/>\n<meta property=\"og:description\" content=\"Alfombra Condor 01 100% Poliester de la firma de referencia nacional Sualsa, con pelo a doble altura en Decora-Zone de Bilbao\" \/>\n<meta property=\"og:url\" content=\"https:\/\/decora-zone.com\/producto\/alfombra-condor-01\/\" \/>\n<meta property=\"og:site_name\" content=\"Decora-zone\" \/>\n<meta property=\"article:publisher\" content=\"https:\/\/www.facebook.com\/decorazone.bilbao\/\" \/>\n<meta property=\"article:modified_time\" content=\"2025-03-10T16:51:54+00:00\" \/>\n<meta property=\"og:image\" content=\"https:\/\/decora-zone.com\/wp-content\/uploads\/2024\/01\/Alfombra-Decorazone-Condor-01a.jpeg\" \/>\n\t<meta property=\"og:image:width\" content=\"1000\" \/>\n\t<meta property=\"og:image:height\" content=\"897\" \/>\n\t<meta property=\"og:image:type\" content=\"image\/jpeg\" \/>\n<meta name=\"twitter:label1\" content=\"Est. reading time\" \/>\n\t<meta name=\"twitter:data1\" content=\"2 minutes\" \/>\n<script type=\"application\/ld+json\" class=\"yoast-schema-graph\">{\"@context\":\"https:\\\/\\\/schema.org\",\"@graph\":[{\"@type\":\"WebPage\",\"@id\":\"https:\\\/\\\/decora-zone.com\\\/producto\\\/alfombra-condor-01\\\/\",\"url\":\"https:\\\/\\\/decora-zone.com\\\/producto\\\/alfombra-condor-01\\\/\",\"name\":\"Alfombra Condor 01 Alfombra Condor 31 - Decora-zone\",\"isPartOf\":{\"@id\":\"https:\\\/\\\/decora-zone.com\\\/#website\"},\"primaryImageOfPage\":{\"@id\":\"https:\\\/\\\/decora-zone.com\\\/producto\\\/alfombra-condor-01\\\/#primaryimage\"},\"image\":{\"@id\":\"https:\\\/\\\/decora-zone.com\\\/producto\\\/alfombra-condor-01\\\/#primaryimage\"},\"thumbnailUrl\":\"https:\\\/\\\/decora-zone.com\\\/wp-content\\\/uploads\\\/2024\\\/01\\\/Alfombra-Decorazone-Condor-01a.jpeg\",\"datePublished\":\"2024-01-23T17:21:07+00:00\",\"dateModified\":\"2025-03-10T16:51:54+00:00\",\"description\":\"Alfombra Condor 01 100% Poliester de la firma de referencia nacional Sualsa, con pelo a doble altura en Decora-Zone de Bilbao\",\"breadcrumb\":{\"@id\":\"https:\\\/\\\/decora-zone.com\\\/producto\\\/alfombra-condor-01\\\/#breadcrumb\"},\"inLanguage\":\"en-US\",\"potentialAction\":[{\"@type\":\"ReadAction\",\"target\":[\"https:\\\/\\\/decora-zone.com\\\/producto\\\/alfombra-condor-01\\\/\"]}]},{\"@type\":\"ImageObject\",\"inLanguage\":\"en-US\",\"@id\":\"https:\\\/\\\/decora-zone.com\\\/producto\\\/alfombra-condor-01\\\/#primaryimage\",\"url\":\"https:\\\/\\\/decora-zone.com\\\/wp-content\\\/uploads\\\/2024\\\/01\\\/Alfombra-Decorazone-Condor-01a.jpeg\",\"contentUrl\":\"https:\\\/\\\/decora-zone.com\\\/wp-content\\\/uploads\\\/2024\\\/01\\\/Alfombra-Decorazone-Condor-01a.jpeg\",\"width\":1000,\"height\":897,\"caption\":\"Alfombra Condor 01\"},{\"@type\":\"BreadcrumbList\",\"@id\":\"https:\\\/\\\/decora-zone.com\\\/producto\\\/alfombra-condor-01\\\/#breadcrumb\",\"itemListElement\":[{\"@type\":\"ListItem\",\"position\":1,\"name\":\"Portada\",\"item\":\"https:\\\/\\\/decora-zone.com\\\/\"},{\"@type\":\"ListItem\",\"position\":2,\"name\":\"Productos\",\"item\":\"https:\\\/\\\/decora-zone.com\\\/tienda-alfombras-cortinas-bilbao\\\/\"},{\"@type\":\"ListItem\",\"position\":3,\"name\":\"Alfombra Condor 01\"}]},{\"@type\":\"WebSite\",\"@id\":\"https:\\\/\\\/decora-zone.com\\\/#website\",\"url\":\"https:\\\/\\\/decora-zone.com\\\/\",\"name\":\"Decora-zone\",\"description\":\"Especialistas en cortinas y alfombras de dise\u00f1o en Bilbao\",\"publisher\":{\"@id\":\"https:\\\/\\\/decora-zone.com\\\/#organization\"},\"potentialAction\":[{\"@type\":\"SearchAction\",\"target\":{\"@type\":\"EntryPoint\",\"urlTemplate\":\"https:\\\/\\\/decora-zone.com\\\/?s={search_term_string}\"},\"query-input\":{\"@type\":\"PropertyValueSpecification\",\"valueRequired\":true,\"valueName\":\"search_term_string\"}}],\"inLanguage\":\"en-US\"},{\"@type\":\"Organization\",\"@id\":\"https:\\\/\\\/decora-zone.com\\\/#organization\",\"name\":\"Decora-Zone Tienda de Decoraci\u00f3n en Bilbao\",\"url\":\"https:\\\/\\\/decora-zone.com\\\/\",\"logo\":{\"@type\":\"ImageObject\",\"inLanguage\":\"en-US\",\"@id\":\"https:\\\/\\\/decora-zone.com\\\/#\\\/schema\\\/logo\\\/image\\\/\",\"url\":\"https:\\\/\\\/decora-zone.com\\\/wp-content\\\/uploads\\\/2014\\\/02\\\/logotipo-decora-zone-alfombras-cortinas-decoracion-bilbao.jpg\",\"contentUrl\":\"https:\\\/\\\/decora-zone.com\\\/wp-content\\\/uploads\\\/2014\\\/02\\\/logotipo-decora-zone-alfombras-cortinas-decoracion-bilbao.jpg\",\"width\":484,\"height\":230,\"caption\":\"Decora-Zone Tienda de Decoraci\u00f3n en Bilbao\"},\"image\":{\"@id\":\"https:\\\/\\\/decora-zone.com\\\/#\\\/schema\\\/logo\\\/image\\\/\"},\"sameAs\":[\"https:\\\/\\\/www.facebook.com\\\/decorazone.bilbao\\\/\",\"https:\\\/\\\/www.instagram.com\\\/decora_zone_\\\/\",\"https:\\\/\\\/co.pinterest.com\\\/Decora_Zone\\\/\"]}]}<\/script>\n<!-- \/ Yoast SEO plugin. -->","yoast_head_json":{"title":"Alfombra Condor 01 Alfombra Condor 31 - Decora-zone","description":"Alfombra Condor 01 100% Poliester de la firma de referencia nacional Sualsa, con pelo a doble altura en Decora-Zone de Bilbao","robots":{"index":"index","follow":"follow","max-snippet":"max-snippet:-1","max-image-preview":"max-image-preview:large","max-video-preview":"max-video-preview:-1"},"canonical":"https:\/\/decora-zone.com\/producto\/alfombra-condor-01\/","og_locale":"en_US","og_type":"article","og_title":"Alfombra Condor 01 Alfombra Condor 31 - Decora-zone","og_description":"Alfombra Condor 01 100% Poliester de la firma de referencia nacional Sualsa, con pelo a doble altura en Decora-Zone de Bilbao","og_url":"https:\/\/decora-zone.com\/producto\/alfombra-condor-01\/","og_site_name":"Decora-zone","article_publisher":"https:\/\/www.facebook.com\/decorazone.bilbao\/","article_modified_time":"2025-03-10T16:51:54+00:00","og_image":[{"width":1000,"height":897,"url":"https:\/\/decora-zone.com\/wp-content\/uploads\/2024\/01\/Alfombra-Decorazone-Condor-01a.jpeg","type":"image\/jpeg"}],"twitter_misc":{"Est. reading time":"2 minutes"},"schema":{"@context":"https:\/\/schema.org","@graph":[{"@type":"WebPage","@id":"https:\/\/decora-zone.com\/producto\/alfombra-condor-01\/","url":"https:\/\/decora-zone.com\/producto\/alfombra-condor-01\/","name":"Alfombra Condor 01 Alfombra Condor 31 - Decora-zone","isPartOf":{"@id":"https:\/\/decora-zone.com\/#website"},"primaryImageOfPage":{"@id":"https:\/\/decora-zone.com\/producto\/alfombra-condor-01\/#primaryimage"},"image":{"@id":"https:\/\/decora-zone.com\/producto\/alfombra-condor-01\/#primaryimage"},"thumbnailUrl":"https:\/\/decora-zone.com\/wp-content\/uploads\/2024\/01\/Alfombra-Decorazone-Condor-01a.jpeg","datePublished":"2024-01-23T17:21:07+00:00","dateModified":"2025-03-10T16:51:54+00:00","description":"Alfombra Condor 01 100% Poliester de la firma de referencia nacional Sualsa, con pelo a doble altura en Decora-Zone de Bilbao","breadcrumb":{"@id":"https:\/\/decora-zone.com\/producto\/alfombra-condor-01\/#breadcrumb"},"inLanguage":"en-US","potentialAction":[{"@type":"ReadAction","target":["https:\/\/decora-zone.com\/producto\/alfombra-condor-01\/"]}]},{"@type":"ImageObject","inLanguage":"en-US","@id":"https:\/\/decora-zone.com\/producto\/alfombra-condor-01\/#primaryimage","url":"https:\/\/decora-zone.com\/wp-content\/uploads\/2024\/01\/Alfombra-Decorazone-Condor-01a.jpeg","contentUrl":"https:\/\/decora-zone.com\/wp-content\/uploads\/2024\/01\/Alfombra-Decorazone-Condor-01a.jpeg","width":1000,"height":897,"caption":"Alfombra Condor 01"},{"@type":"BreadcrumbList","@id":"https:\/\/decora-zone.com\/producto\/alfombra-condor-01\/#breadcrumb","itemListElement":[{"@type":"ListItem","position":1,"name":"Portada","item":"https:\/\/decora-zone.com\/"},{"@type":"ListItem","position":2,"name":"Productos","item":"https:\/\/decora-zone.com\/tienda-alfombras-cortinas-bilbao\/"},{"@type":"ListItem","position":3,"name":"Alfombra Condor 01"}]},{"@type":"WebSite","@id":"https:\/\/decora-zone.com\/#website","url":"https:\/\/decora-zone.com\/","name":"Decora-zone","description":"Especialistas en cortinas y alfombras de dise\u00f1o en Bilbao","publisher":{"@id":"https:\/\/decora-zone.com\/#organization"},"potentialAction":[{"@type":"SearchAction","target":{"@type":"EntryPoint","urlTemplate":"https:\/\/decora-zone.com\/?s={search_term_string}"},"query-input":{"@type":"PropertyValueSpecification","valueRequired":true,"valueName":"search_term_string"}}],"inLanguage":"en-US"},{"@type":"Organization","@id":"https:\/\/decora-zone.com\/#organization","name":"Decora-Zone Tienda de Decoraci\u00f3n en Bilbao","url":"https:\/\/decora-zone.com\/","logo":{"@type":"ImageObject","inLanguage":"en-US","@id":"https:\/\/decora-zone.com\/#\/schema\/logo\/image\/","url":"https:\/\/decora-zone.com\/wp-content\/uploads\/2014\/02\/logotipo-decora-zone-alfombras-cortinas-decoracion-bilbao.jpg","contentUrl":"https:\/\/decora-zone.com\/wp-content\/uploads\/2014\/02\/logotipo-decora-zone-alfombras-cortinas-decoracion-bilbao.jpg","width":484,"height":230,"caption":"Decora-Zone Tienda de Decoraci\u00f3n en Bilbao"},"image":{"@id":"https:\/\/decora-zone.com\/#\/schema\/logo\/image\/"},"sameAs":["https:\/\/www.facebook.com\/decorazone.bilbao\/","https:\/\/www.instagram.com\/decora_zone_\/","https:\/\/co.pinterest.com\/Decora_Zone\/"]}]}},"_links":{"self":[{"href":"https:\/\/decora-zone.com\/en\/wp-json\/wp\/v2\/product\/16571","targetHints":{"allow":["GET"]}}],"collection":[{"href":"https:\/\/decora-zone.com\/en\/wp-json\/wp\/v2\/product"}],"about":[{"href":"https:\/\/decora-zone.com\/en\/wp-json\/wp\/v2\/types\/product"}],"replies":[{"embeddable":true,"href":"https:\/\/decora-zone.com\/en\/wp-json\/wp\/v2\/comments?post=16571"}],"wp:featuredmedia":[{"embeddable":true,"href":"https:\/\/decora-zone.com\/en\/wp-json\/wp\/v2\/media\/16578"}],"wp:attachment":[{"href":"https:\/\/decora-zone.com\/en\/wp-json\/wp\/v2\/media?parent=16571"}],"wp:term":[{"taxonomy":"product_brand","embeddable":true,"href":"https:\/\/decora-zone.com\/en\/wp-json\/wp\/v2\/product_brand?post=16571"},{"taxonomy":"product_cat","embeddable":true,"href":"https:\/\/decora-zone.com\/en\/wp-json\/wp\/v2\/product_cat?post=16571"},{"taxonomy":"product_tag","embeddable":true,"href":"https:\/\/decora-zone.com\/en\/wp-json\/wp\/v2\/product_tag?post=16571"}],"curies":[{"name":"wp","href":"https:\/\/api.w.org\/{rel}","templated":true}]}}