{"id":16523,"date":"2024-01-11T19:00:21","date_gmt":"2024-01-11T17:00:21","guid":{"rendered":"https:\/\/decora-zone.com\/?post_type=product&#038;p=16523"},"modified":"2025-03-10T17:51:55","modified_gmt":"2025-03-10T16:51:55","slug":"alfombra-abberden-91","status":"publish","type":"product","link":"https:\/\/decora-zone.com\/en\/producto\/alfombra-abberden-91\/","title":{"rendered":"Alfombra Abberden 91"},"content":{"rendered":"<p><strong>Alfombra Abberden 91<\/strong><\/p>\n<p><strong>P.P. Flatweavers<\/strong><\/p>\n<p>Presentada por la firma de referencia nacional Sualsa, la calidad Abberden son alfombras\u00a0 fabricadas en\u00a0 Crevillente.<\/p>\n<p>Transforma tu espacio con la elegancia y la calidez de esta alfombra de Sualsa. Esta exquisita pieza presenta un cautivador patr\u00f3n jaspeado en tonos caldera y azules, que se entrelazan armoniosamente sobre un fondo gris sutil.<\/p>\n<p>Fabricada con la innovadora tecnolog\u00eda de Poli\u00e9ster Space DYE, la alfombra Abberden 91 no solo es visualmente atractiva, sino tambi\u00e9n suave al tacto, brindando una experiencia t\u00e1ctil indulgente y c\u00f3moda.<\/p>\n<p>Con una densidad impresionante de 1000000 puntos por metro cuadrado, la Alfombra Abberden 91 de Sualsa y su densa construcci\u00f3n proporciona aislamiento ac\u00fastico y aporta una sensaci\u00f3n de lujo bajo tus pies.<\/p>\n<p>Eleva la est\u00e9tica de tu hogar con la Alfombra Abberden 91 de Sualsa, una fusi\u00f3n perfecta de dise\u00f1o moderno, calidad excepcional y confort inigualable. Esta alfombra a\u00f1ade un toque de estilo distintivo a cualquier estancia.<\/p>\n<p>\u00bfA qu\u00e9 esperas para a\u00f1adir un toque de elegancia y sofisticaci\u00f3n a tu hogar con la alfombra Abberden 91 de Sualsa?<\/p>\n<p data-sourcepos=\"7:1-7:20\"><strong>Caracter\u00edsticas:<\/strong><\/p>\n<ul data-sourcepos=\"9:1-13:0\">\n<li data-sourcepos=\"9:1-9:27\">Material: Poli\u00e9ster 100% Space DYE<\/li>\n<li data-sourcepos=\"9:1-9:27\">Grosor: 9 mm<\/li>\n<li>Densidad:\u00a0 de 1000000 puntos por m2<\/li>\n<li data-sourcepos=\"10:1-10:20\">Dise\u00f1o: jaspeado en tonos caldera y azules sobre un fondo gris<\/li>\n<li data-sourcepos=\"12:1-13:0\">Disponible al corte en ancho de 67 cm<\/li>\n<\/ul>\n<p data-sourcepos=\"19:1-19:29\"><strong>Limpieza y mantenimiento:<\/strong><\/p>\n<p data-sourcepos=\"21:1-21:223\">La alfombra Abberden es f\u00e1cil de limpiar y mantener. Para su limpieza diaria, basta con pasar la aspiradora regularmente para eliminar el polvo y la suciedad. Para una limpieza m\u00e1s profunda, se recomienda utilizar un detergente neutro y agua fr\u00eda. No utilice producto abrasivos para limpiar la alfombra, podr\u00edan da\u00f1ar el material. Si la alfombra se mancha, se recomienda limpiar la mancha lo antes posible con un pa\u00f1o absorbente.<\/p>\n<p><strong>Si est\u00e1 interesado en alguno de nuestros art\u00edculos que est\u00e9n sin stock, puede reservarlos poni\u00e9ndose en <a href=\"http:\/\/decora-zone.com\/contacto-decora-zone-alfombras-cortinas-decoracion-bilbao\/\">contacto con nosotros<\/a>.<\/strong><\/p>\n","protected":false},"excerpt":{"rendered":"<p><strong>P.P. Flatweavers<\/strong><\/p>\n<p>Presentada por la firma de referencia nacional Sualsa, la calidad Abberden son alfombras fabricadas en Crevillente.<\/p>\n<p>Transforma tu espacio con la elegancia y la calidez de la alfombra Abberden 91 de Sualsa. Esta exquisita pieza presenta un cautivador patr\u00f3n jaspeado en tonos caldera y azules, que se entrelazan armoniosamente sobre un fondo gris sutil.<\/p>\n<p>Fabricada con la innovadora tecnolog\u00eda de Poli\u00e9ster Space DYE, la alfombra Abberden 91 no solo es visualmente atractiva, sino tambi\u00e9n suave al tacto, brindando una experiencia t\u00e1ctil indulgente y c\u00f3moda.<\/p>\n<p>Con una densidad impresionante de 1000000 puntos por metro cuadrado, la Alfombra Abberden 91 de Sualsa y su densa construcci\u00f3n proporciona aislamiento ac\u00fastico y aporta una sensaci\u00f3n de lujo bajo tus pies.<\/p>\n<p>Eleva la est\u00e9tica de tu hogar con la Alfombra Abberden 91 de Sualsa, una fusi\u00f3n perfecta de dise\u00f1o moderno, calidad excepcional y confort inigualable. Esta alfombra a\u00f1ade un toque de estilo distintivo a cualquier estancia.<\/p>\n<p>\u00bfA qu\u00e9 esperas para a\u00f1adir un toque de elegancia y sofisticaci\u00f3n a tu hogar con la alfombra Abberden 91 de Sualsa?<\/p>\n","protected":false},"featured_media":16535,"comment_status":"open","ping_status":"closed","template":"","meta":[],"product_brand":[],"product_cat":[56,21,487],"product_tag":[22,32,448,28,27,23,24,447,29,410],"class_list":{"0":"post-16523","1":"product","2":"type-product","3":"status-publish","4":"has-post-thumbnail","6":"product_cat-alfombras-acrilicas-en-bilbao-tienda-decoracion-bilbao-santutxu","7":"product_cat-alfombras-bilbao-tienda-decoracion-santutxu","8":"product_cat-alfombras-de-exterior-en-bilbao-tienda-decoracion-bilbao-santutxu","9":"product_tag-acrilicas","10":"product_tag-alfombras","11":"product_tag-antideslizante","12":"product_tag-bilbao","13":"product_tag-decora-zone","14":"product_tag-decoracion","15":"product_tag-hogar","16":"product_tag-lavable","17":"product_tag-santutxu","18":"product_tag-sualsa","19":"pa_medida-120x160cm","20":"pa_medida-140x190cm","21":"pa_medida-160x220cm","22":"pa_medida-200x280cm","24":"first","25":"outofstock","26":"sale","27":"shipping-taxable","28":"purchasable","29":"product-type-variable"},"yoast_head":"<!-- This site is optimized with the Yoast SEO plugin v27.5 - https:\/\/yoast.com\/product\/yoast-seo-wordpress\/ -->\n<title>Alfombra Abberden 91 Alfombra Abberden 91<\/title>\n<meta name=\"description\" content=\"Alfombra Abberden 91 de Sualsa, con dise\u00f1o jaspeado en tonos caldera y azul sobre fondo gris, en Decorazone, tienda de alfombras de Bilbao\" \/>\n<meta name=\"robots\" content=\"index, follow, max-snippet:-1, max-image-preview:large, max-video-preview:-1\" \/>\n<link rel=\"canonical\" href=\"https:\/\/decora-zone.com\/producto\/alfombra-abberden-91\/\" \/>\n<meta property=\"og:locale\" content=\"en_US\" \/>\n<meta property=\"og:type\" content=\"article\" \/>\n<meta property=\"og:title\" content=\"Alfombra Abberden 91 Alfombra Abberden 91\" \/>\n<meta property=\"og:description\" content=\"Alfombra Abberden 91 de Sualsa, con dise\u00f1o jaspeado en tonos caldera y azul sobre fondo gris, en Decorazone, tienda de alfombras de Bilbao\" \/>\n<meta property=\"og:url\" content=\"https:\/\/decora-zone.com\/producto\/alfombra-abberden-91\/\" \/>\n<meta property=\"og:site_name\" content=\"Decora-zone\" \/>\n<meta property=\"article:publisher\" content=\"https:\/\/www.facebook.com\/decorazone.bilbao\/\" \/>\n<meta property=\"article:modified_time\" content=\"2025-03-10T16:51:55+00:00\" \/>\n<meta property=\"og:image\" content=\"https:\/\/decora-zone.com\/wp-content\/uploads\/2024\/01\/Alfombra-Decorazone-Abberden-91a.jpeg\" \/>\n\t<meta property=\"og:image:width\" content=\"777\" \/>\n\t<meta property=\"og:image:height\" content=\"1000\" \/>\n\t<meta property=\"og:image:type\" content=\"image\/jpeg\" \/>\n<meta name=\"twitter:label1\" content=\"Est. reading time\" \/>\n\t<meta name=\"twitter:data1\" content=\"2 minutes\" \/>\n<script type=\"application\/ld+json\" class=\"yoast-schema-graph\">{\"@context\":\"https:\\\/\\\/schema.org\",\"@graph\":[{\"@type\":\"WebPage\",\"@id\":\"https:\\\/\\\/decora-zone.com\\\/producto\\\/alfombra-abberden-91\\\/\",\"url\":\"https:\\\/\\\/decora-zone.com\\\/producto\\\/alfombra-abberden-91\\\/\",\"name\":\"Alfombra Abberden 91 Alfombra Abberden 91\",\"isPartOf\":{\"@id\":\"https:\\\/\\\/decora-zone.com\\\/#website\"},\"primaryImageOfPage\":{\"@id\":\"https:\\\/\\\/decora-zone.com\\\/producto\\\/alfombra-abberden-91\\\/#primaryimage\"},\"image\":{\"@id\":\"https:\\\/\\\/decora-zone.com\\\/producto\\\/alfombra-abberden-91\\\/#primaryimage\"},\"thumbnailUrl\":\"https:\\\/\\\/decora-zone.com\\\/wp-content\\\/uploads\\\/2024\\\/01\\\/Alfombra-Decorazone-Abberden-91a.jpeg\",\"datePublished\":\"2024-01-11T17:00:21+00:00\",\"dateModified\":\"2025-03-10T16:51:55+00:00\",\"description\":\"Alfombra Abberden 91 de Sualsa, con dise\u00f1o jaspeado en tonos caldera y azul sobre fondo gris, en Decorazone, tienda de alfombras de Bilbao\",\"breadcrumb\":{\"@id\":\"https:\\\/\\\/decora-zone.com\\\/producto\\\/alfombra-abberden-91\\\/#breadcrumb\"},\"inLanguage\":\"en-US\",\"potentialAction\":[{\"@type\":\"ReadAction\",\"target\":[\"https:\\\/\\\/decora-zone.com\\\/producto\\\/alfombra-abberden-91\\\/\"]}]},{\"@type\":\"ImageObject\",\"inLanguage\":\"en-US\",\"@id\":\"https:\\\/\\\/decora-zone.com\\\/producto\\\/alfombra-abberden-91\\\/#primaryimage\",\"url\":\"https:\\\/\\\/decora-zone.com\\\/wp-content\\\/uploads\\\/2024\\\/01\\\/Alfombra-Decorazone-Abberden-91a.jpeg\",\"contentUrl\":\"https:\\\/\\\/decora-zone.com\\\/wp-content\\\/uploads\\\/2024\\\/01\\\/Alfombra-Decorazone-Abberden-91a.jpeg\",\"width\":777,\"height\":1000,\"caption\":\"Alfombra Abberden 91\"},{\"@type\":\"BreadcrumbList\",\"@id\":\"https:\\\/\\\/decora-zone.com\\\/producto\\\/alfombra-abberden-91\\\/#breadcrumb\",\"itemListElement\":[{\"@type\":\"ListItem\",\"position\":1,\"name\":\"Portada\",\"item\":\"https:\\\/\\\/decora-zone.com\\\/\"},{\"@type\":\"ListItem\",\"position\":2,\"name\":\"Productos\",\"item\":\"https:\\\/\\\/decora-zone.com\\\/tienda-alfombras-cortinas-bilbao\\\/\"},{\"@type\":\"ListItem\",\"position\":3,\"name\":\"Alfombra Abberden 91\"}]},{\"@type\":\"WebSite\",\"@id\":\"https:\\\/\\\/decora-zone.com\\\/#website\",\"url\":\"https:\\\/\\\/decora-zone.com\\\/\",\"name\":\"Decora-zone\",\"description\":\"Especialistas en cortinas y alfombras de dise\u00f1o en Bilbao\",\"publisher\":{\"@id\":\"https:\\\/\\\/decora-zone.com\\\/#organization\"},\"potentialAction\":[{\"@type\":\"SearchAction\",\"target\":{\"@type\":\"EntryPoint\",\"urlTemplate\":\"https:\\\/\\\/decora-zone.com\\\/?s={search_term_string}\"},\"query-input\":{\"@type\":\"PropertyValueSpecification\",\"valueRequired\":true,\"valueName\":\"search_term_string\"}}],\"inLanguage\":\"en-US\"},{\"@type\":\"Organization\",\"@id\":\"https:\\\/\\\/decora-zone.com\\\/#organization\",\"name\":\"Decora-Zone Tienda de Decoraci\u00f3n en Bilbao\",\"url\":\"https:\\\/\\\/decora-zone.com\\\/\",\"logo\":{\"@type\":\"ImageObject\",\"inLanguage\":\"en-US\",\"@id\":\"https:\\\/\\\/decora-zone.com\\\/#\\\/schema\\\/logo\\\/image\\\/\",\"url\":\"https:\\\/\\\/decora-zone.com\\\/wp-content\\\/uploads\\\/2014\\\/02\\\/logotipo-decora-zone-alfombras-cortinas-decoracion-bilbao.jpg\",\"contentUrl\":\"https:\\\/\\\/decora-zone.com\\\/wp-content\\\/uploads\\\/2014\\\/02\\\/logotipo-decora-zone-alfombras-cortinas-decoracion-bilbao.jpg\",\"width\":484,\"height\":230,\"caption\":\"Decora-Zone Tienda de Decoraci\u00f3n en Bilbao\"},\"image\":{\"@id\":\"https:\\\/\\\/decora-zone.com\\\/#\\\/schema\\\/logo\\\/image\\\/\"},\"sameAs\":[\"https:\\\/\\\/www.facebook.com\\\/decorazone.bilbao\\\/\",\"https:\\\/\\\/www.instagram.com\\\/decora_zone_\\\/\",\"https:\\\/\\\/co.pinterest.com\\\/Decora_Zone\\\/\"]}]}<\/script>\n<!-- \/ Yoast SEO plugin. -->","yoast_head_json":{"title":"Alfombra Abberden 91 Alfombra Abberden 91","description":"Alfombra Abberden 91 de Sualsa, con dise\u00f1o jaspeado en tonos caldera y azul sobre fondo gris, en Decorazone, tienda de alfombras de Bilbao","robots":{"index":"index","follow":"follow","max-snippet":"max-snippet:-1","max-image-preview":"max-image-preview:large","max-video-preview":"max-video-preview:-1"},"canonical":"https:\/\/decora-zone.com\/producto\/alfombra-abberden-91\/","og_locale":"en_US","og_type":"article","og_title":"Alfombra Abberden 91 Alfombra Abberden 91","og_description":"Alfombra Abberden 91 de Sualsa, con dise\u00f1o jaspeado en tonos caldera y azul sobre fondo gris, en Decorazone, tienda de alfombras de Bilbao","og_url":"https:\/\/decora-zone.com\/producto\/alfombra-abberden-91\/","og_site_name":"Decora-zone","article_publisher":"https:\/\/www.facebook.com\/decorazone.bilbao\/","article_modified_time":"2025-03-10T16:51:55+00:00","og_image":[{"width":777,"height":1000,"url":"https:\/\/decora-zone.com\/wp-content\/uploads\/2024\/01\/Alfombra-Decorazone-Abberden-91a.jpeg","type":"image\/jpeg"}],"twitter_misc":{"Est. reading time":"2 minutes"},"schema":{"@context":"https:\/\/schema.org","@graph":[{"@type":"WebPage","@id":"https:\/\/decora-zone.com\/producto\/alfombra-abberden-91\/","url":"https:\/\/decora-zone.com\/producto\/alfombra-abberden-91\/","name":"Alfombra Abberden 91 Alfombra Abberden 91","isPartOf":{"@id":"https:\/\/decora-zone.com\/#website"},"primaryImageOfPage":{"@id":"https:\/\/decora-zone.com\/producto\/alfombra-abberden-91\/#primaryimage"},"image":{"@id":"https:\/\/decora-zone.com\/producto\/alfombra-abberden-91\/#primaryimage"},"thumbnailUrl":"https:\/\/decora-zone.com\/wp-content\/uploads\/2024\/01\/Alfombra-Decorazone-Abberden-91a.jpeg","datePublished":"2024-01-11T17:00:21+00:00","dateModified":"2025-03-10T16:51:55+00:00","description":"Alfombra Abberden 91 de Sualsa, con dise\u00f1o jaspeado en tonos caldera y azul sobre fondo gris, en Decorazone, tienda de alfombras de Bilbao","breadcrumb":{"@id":"https:\/\/decora-zone.com\/producto\/alfombra-abberden-91\/#breadcrumb"},"inLanguage":"en-US","potentialAction":[{"@type":"ReadAction","target":["https:\/\/decora-zone.com\/producto\/alfombra-abberden-91\/"]}]},{"@type":"ImageObject","inLanguage":"en-US","@id":"https:\/\/decora-zone.com\/producto\/alfombra-abberden-91\/#primaryimage","url":"https:\/\/decora-zone.com\/wp-content\/uploads\/2024\/01\/Alfombra-Decorazone-Abberden-91a.jpeg","contentUrl":"https:\/\/decora-zone.com\/wp-content\/uploads\/2024\/01\/Alfombra-Decorazone-Abberden-91a.jpeg","width":777,"height":1000,"caption":"Alfombra Abberden 91"},{"@type":"BreadcrumbList","@id":"https:\/\/decora-zone.com\/producto\/alfombra-abberden-91\/#breadcrumb","itemListElement":[{"@type":"ListItem","position":1,"name":"Portada","item":"https:\/\/decora-zone.com\/"},{"@type":"ListItem","position":2,"name":"Productos","item":"https:\/\/decora-zone.com\/tienda-alfombras-cortinas-bilbao\/"},{"@type":"ListItem","position":3,"name":"Alfombra Abberden 91"}]},{"@type":"WebSite","@id":"https:\/\/decora-zone.com\/#website","url":"https:\/\/decora-zone.com\/","name":"Decora-zone","description":"Especialistas en cortinas y alfombras de dise\u00f1o en Bilbao","publisher":{"@id":"https:\/\/decora-zone.com\/#organization"},"potentialAction":[{"@type":"SearchAction","target":{"@type":"EntryPoint","urlTemplate":"https:\/\/decora-zone.com\/?s={search_term_string}"},"query-input":{"@type":"PropertyValueSpecification","valueRequired":true,"valueName":"search_term_string"}}],"inLanguage":"en-US"},{"@type":"Organization","@id":"https:\/\/decora-zone.com\/#organization","name":"Decora-Zone Tienda de Decoraci\u00f3n en Bilbao","url":"https:\/\/decora-zone.com\/","logo":{"@type":"ImageObject","inLanguage":"en-US","@id":"https:\/\/decora-zone.com\/#\/schema\/logo\/image\/","url":"https:\/\/decora-zone.com\/wp-content\/uploads\/2014\/02\/logotipo-decora-zone-alfombras-cortinas-decoracion-bilbao.jpg","contentUrl":"https:\/\/decora-zone.com\/wp-content\/uploads\/2014\/02\/logotipo-decora-zone-alfombras-cortinas-decoracion-bilbao.jpg","width":484,"height":230,"caption":"Decora-Zone Tienda de Decoraci\u00f3n en Bilbao"},"image":{"@id":"https:\/\/decora-zone.com\/#\/schema\/logo\/image\/"},"sameAs":["https:\/\/www.facebook.com\/decorazone.bilbao\/","https:\/\/www.instagram.com\/decora_zone_\/","https:\/\/co.pinterest.com\/Decora_Zone\/"]}]}},"_links":{"self":[{"href":"https:\/\/decora-zone.com\/en\/wp-json\/wp\/v2\/product\/16523","targetHints":{"allow":["GET"]}}],"collection":[{"href":"https:\/\/decora-zone.com\/en\/wp-json\/wp\/v2\/product"}],"about":[{"href":"https:\/\/decora-zone.com\/en\/wp-json\/wp\/v2\/types\/product"}],"replies":[{"embeddable":true,"href":"https:\/\/decora-zone.com\/en\/wp-json\/wp\/v2\/comments?post=16523"}],"wp:featuredmedia":[{"embeddable":true,"href":"https:\/\/decora-zone.com\/en\/wp-json\/wp\/v2\/media\/16535"}],"wp:attachment":[{"href":"https:\/\/decora-zone.com\/en\/wp-json\/wp\/v2\/media?parent=16523"}],"wp:term":[{"taxonomy":"product_brand","embeddable":true,"href":"https:\/\/decora-zone.com\/en\/wp-json\/wp\/v2\/product_brand?post=16523"},{"taxonomy":"product_cat","embeddable":true,"href":"https:\/\/decora-zone.com\/en\/wp-json\/wp\/v2\/product_cat?post=16523"},{"taxonomy":"product_tag","embeddable":true,"href":"https:\/\/decora-zone.com\/en\/wp-json\/wp\/v2\/product_tag?post=16523"}],"curies":[{"name":"wp","href":"https:\/\/api.w.org\/{rel}","templated":true}]}}