{"id":16443,"date":"2024-01-02T19:28:29","date_gmt":"2024-01-02T17:28:29","guid":{"rendered":"https:\/\/decora-zone.com\/?post_type=product&#038;p=16443"},"modified":"2025-03-10T17:51:58","modified_gmt":"2025-03-10T16:51:58","slug":"alfombra-dubai-36","status":"publish","type":"product","link":"https:\/\/decora-zone.com\/en\/producto\/alfombra-dubai-36\/","title":{"rendered":"Alfombra Dubai 36"},"content":{"rendered":"<p><strong>Alfombra Dubai 36<\/strong><\/p>\n<p><strong>P.P. Flatweavers<\/strong><\/p>\n<p>Presentada por la firma de referencia nacional Sualsa, la calidad Dubai son alfombras exterior\u00a0 fabricadas en\u00a0 Crevillente.<\/p>\n<p data-sourcepos=\"3:1-3:191\">La alfombra Dubai 36 es una alfombra vers\u00e1til que puede utilizarse tanto en exteriores como en interiores.<\/p>\n<p>El fondo en color marfil proporciona un lienzo suave y neutro que destaca la esencia del entorno, creando un ambiente acogedor y sofisticado. Los hilos multicolores se entrelazan en un dise\u00f1o geom\u00e9trico fascinante, a\u00f1adiendo un toque contempor\u00e1neo y vibrante a tu \u00e1rea al aire libre.<\/p>\n<p>La alfombra Dubai 36 no solo es una expresi\u00f3n de estilo, sino tambi\u00e9n una muestra de durabilidad. Sus materiales aseguran una resistencia excepcional a la intemperie, permiti\u00e9ndote disfrutar de su belleza durante todas las estaciones.<\/p>\n<p data-sourcepos=\"3:1-3:191\">En interiores, la alfombra Dubai 36 es una opci\u00f3n muy funcional para salones, comedores o entradas. Su dise\u00f1o moderno\u00a0 hacen de ella una opci\u00f3n perfecta para una decoraci\u00f3n contempor\u00e1nea<\/p>\n<p data-sourcepos=\"7:1-7:20\"><strong>Caracter\u00edsticas:<\/strong><\/p>\n<ul data-sourcepos=\"9:1-13:0\">\n<li data-sourcepos=\"9:1-9:27\">Material: P.P. Flatweavers<\/li>\n<li data-sourcepos=\"9:1-9:27\">Grosor: 4 mm<\/li>\n<li data-sourcepos=\"10:1-10:20\">Dise\u00f1o: Geom\u00e9trico\u00a0<\/li>\n<li data-sourcepos=\"12:1-13:0\">Disponible al corte en ancho de 67 cm<\/li>\n<\/ul>\n<p data-sourcepos=\"19:1-19:29\"><strong>Limpieza y mantenimiento:<\/strong><\/p>\n<p data-sourcepos=\"21:1-21:223\">La alfombra Dubai es f\u00e1cil de limpiar y mantener. Para su limpieza diaria, basta con pasar la aspiradora regularmente para eliminar el polvo y la suciedad. Para una limpieza m\u00e1s profunda, se recomienda utilizar un detergente neutro y agua fr\u00eda. No utilice producto abrasivos para limpiar la alfombra, podr\u00edan da\u00f1ar el material<\/p>\n<p><strong>Si est\u00e1 interesado en alguno de nuestros art\u00edculos que est\u00e9n sin stock, puede reservarlos poni\u00e9ndose en <a href=\"http:\/\/decora-zone.com\/contacto-decora-zone-alfombras-cortinas-decoracion-bilbao\/\">contacto con nosotros<\/a>.<\/strong><\/p>\n","protected":false},"excerpt":{"rendered":"<p>Presentada por la firma de referencia nacional Sualsa, la calidad Dubai son alfombras exterior\u00a0 fabricadas en\u00a0 Crevillente.<\/p>\n<p data-sourcepos=\"3:1-3:191\">La alfombra Dubai 36 es una alfombra vers\u00e1til que puede utilizarse tanto en exteriores como en interiores.<\/p>\n<p>El fondo en color marfil proporciona un lienzo suave y neutro que destaca la esencia del entorno, creando un ambiente acogedor y sofisticado. Los hilos multicolores se entrelazan en un dise\u00f1o geom\u00e9trico fascinante, a\u00f1adiendo un toque contempor\u00e1neo y vibrante a tu \u00e1rea al aire libre.<\/p>\n<p>La alfombra Dubai 36 no solo es una expresi\u00f3n de estilo, sino tambi\u00e9n una muestra de durabilidad. Sus materiales aseguran una resistencia excepcional a la intemperie, permiti\u00e9ndote disfrutar de su belleza durante todas las estaciones.<\/p>\n<p data-sourcepos=\"3:1-3:191\">En interiores, la alfombra Dubai 36 es una opci\u00f3n muy funcional para salones, comedores o entradas. Su dise\u00f1o moderno\u00a0 hacen de ella una opci\u00f3n perfecta para una decoraci\u00f3n contempor\u00e1nea<\/p>\n","protected":false},"featured_media":16455,"comment_status":"open","ping_status":"closed","template":"","meta":[],"product_brand":[],"product_cat":[56,21,487],"product_tag":[22,32,448,28,27,23,24,447,29,410],"class_list":{"0":"post-16443","1":"product","2":"type-product","3":"status-publish","4":"has-post-thumbnail","6":"product_cat-alfombras-acrilicas-en-bilbao-tienda-decoracion-bilbao-santutxu","7":"product_cat-alfombras-bilbao-tienda-decoracion-santutxu","8":"product_cat-alfombras-de-exterior-en-bilbao-tienda-decoracion-bilbao-santutxu","9":"product_tag-acrilicas","10":"product_tag-alfombras","11":"product_tag-antideslizante","12":"product_tag-bilbao","13":"product_tag-decora-zone","14":"product_tag-decoracion","15":"product_tag-hogar","16":"product_tag-lavable","17":"product_tag-santutxu","18":"product_tag-sualsa","19":"pa_medida-120x160cm","20":"pa_medida-133x190cm","21":"pa_medida-160x230cm","22":"pa_medida-200x290cm","24":"first","25":"outofstock","26":"sale","27":"shipping-taxable","28":"purchasable","29":"product-type-variable"},"yoast_head":"<!-- This site is optimized with the Yoast SEO plugin v27.5 - https:\/\/yoast.com\/product\/yoast-seo-wordpress\/ -->\n<title>Alfombra Dubai 36 Alfombra de exterior e interior Dubai 36<\/title>\n<meta name=\"description\" content=\"Alfombra de exterior Dubai 36 de Sualsa, con dise\u00f1o geom\u00e9trico con fondo marfil, en Decorazone, tienda de alfombras de Bilbao\" \/>\n<meta name=\"robots\" content=\"index, follow, max-snippet:-1, max-image-preview:large, max-video-preview:-1\" \/>\n<link rel=\"canonical\" href=\"https:\/\/decora-zone.com\/producto\/alfombra-dubai-36\/\" \/>\n<meta property=\"og:locale\" content=\"en_US\" \/>\n<meta property=\"og:type\" content=\"article\" \/>\n<meta property=\"og:title\" content=\"Alfombra Dubai 36 Alfombra de exterior e interior Dubai 36\" \/>\n<meta property=\"og:description\" content=\"Alfombra de exterior Dubai 36 de Sualsa, con dise\u00f1o geom\u00e9trico con fondo marfil, en Decorazone, tienda de alfombras de Bilbao\" \/>\n<meta property=\"og:url\" content=\"https:\/\/decora-zone.com\/producto\/alfombra-dubai-36\/\" \/>\n<meta property=\"og:site_name\" content=\"Decora-zone\" \/>\n<meta property=\"article:publisher\" content=\"https:\/\/www.facebook.com\/decorazone.bilbao\/\" \/>\n<meta property=\"article:modified_time\" content=\"2025-03-10T16:51:58+00:00\" \/>\n<meta property=\"og:image\" content=\"https:\/\/decora-zone.com\/wp-content\/uploads\/2024\/01\/Alfombra-Exterior-Decorazone-Dubai-36a.jpg\" \/>\n\t<meta property=\"og:image:width\" content=\"1000\" \/>\n\t<meta property=\"og:image:height\" content=\"951\" \/>\n\t<meta property=\"og:image:type\" content=\"image\/jpeg\" \/>\n<meta name=\"twitter:label1\" content=\"Est. reading time\" \/>\n\t<meta name=\"twitter:data1\" content=\"1 minute\" \/>\n<script type=\"application\/ld+json\" class=\"yoast-schema-graph\">{\"@context\":\"https:\\\/\\\/schema.org\",\"@graph\":[{\"@type\":\"WebPage\",\"@id\":\"https:\\\/\\\/decora-zone.com\\\/producto\\\/alfombra-dubai-36\\\/\",\"url\":\"https:\\\/\\\/decora-zone.com\\\/producto\\\/alfombra-dubai-36\\\/\",\"name\":\"Alfombra Dubai 36 Alfombra de exterior e interior Dubai 36\",\"isPartOf\":{\"@id\":\"https:\\\/\\\/decora-zone.com\\\/#website\"},\"primaryImageOfPage\":{\"@id\":\"https:\\\/\\\/decora-zone.com\\\/producto\\\/alfombra-dubai-36\\\/#primaryimage\"},\"image\":{\"@id\":\"https:\\\/\\\/decora-zone.com\\\/producto\\\/alfombra-dubai-36\\\/#primaryimage\"},\"thumbnailUrl\":\"https:\\\/\\\/decora-zone.com\\\/wp-content\\\/uploads\\\/2024\\\/01\\\/Alfombra-Exterior-Decorazone-Dubai-36a.jpg\",\"datePublished\":\"2024-01-02T17:28:29+00:00\",\"dateModified\":\"2025-03-10T16:51:58+00:00\",\"description\":\"Alfombra de exterior Dubai 36 de Sualsa, con dise\u00f1o geom\u00e9trico con fondo marfil, en Decorazone, tienda de alfombras de Bilbao\",\"breadcrumb\":{\"@id\":\"https:\\\/\\\/decora-zone.com\\\/producto\\\/alfombra-dubai-36\\\/#breadcrumb\"},\"inLanguage\":\"en-US\",\"potentialAction\":[{\"@type\":\"ReadAction\",\"target\":[\"https:\\\/\\\/decora-zone.com\\\/producto\\\/alfombra-dubai-36\\\/\"]}]},{\"@type\":\"ImageObject\",\"inLanguage\":\"en-US\",\"@id\":\"https:\\\/\\\/decora-zone.com\\\/producto\\\/alfombra-dubai-36\\\/#primaryimage\",\"url\":\"https:\\\/\\\/decora-zone.com\\\/wp-content\\\/uploads\\\/2024\\\/01\\\/Alfombra-Exterior-Decorazone-Dubai-36a.jpg\",\"contentUrl\":\"https:\\\/\\\/decora-zone.com\\\/wp-content\\\/uploads\\\/2024\\\/01\\\/Alfombra-Exterior-Decorazone-Dubai-36a.jpg\",\"width\":1000,\"height\":951,\"caption\":\"Alfombra Dubai 36\"},{\"@type\":\"BreadcrumbList\",\"@id\":\"https:\\\/\\\/decora-zone.com\\\/producto\\\/alfombra-dubai-36\\\/#breadcrumb\",\"itemListElement\":[{\"@type\":\"ListItem\",\"position\":1,\"name\":\"Portada\",\"item\":\"https:\\\/\\\/decora-zone.com\\\/\"},{\"@type\":\"ListItem\",\"position\":2,\"name\":\"Productos\",\"item\":\"https:\\\/\\\/decora-zone.com\\\/tienda-alfombras-cortinas-bilbao\\\/\"},{\"@type\":\"ListItem\",\"position\":3,\"name\":\"Alfombra Dubai 36\"}]},{\"@type\":\"WebSite\",\"@id\":\"https:\\\/\\\/decora-zone.com\\\/#website\",\"url\":\"https:\\\/\\\/decora-zone.com\\\/\",\"name\":\"Decora-zone\",\"description\":\"Especialistas en cortinas y alfombras de dise\u00f1o en Bilbao\",\"publisher\":{\"@id\":\"https:\\\/\\\/decora-zone.com\\\/#organization\"},\"potentialAction\":[{\"@type\":\"SearchAction\",\"target\":{\"@type\":\"EntryPoint\",\"urlTemplate\":\"https:\\\/\\\/decora-zone.com\\\/?s={search_term_string}\"},\"query-input\":{\"@type\":\"PropertyValueSpecification\",\"valueRequired\":true,\"valueName\":\"search_term_string\"}}],\"inLanguage\":\"en-US\"},{\"@type\":\"Organization\",\"@id\":\"https:\\\/\\\/decora-zone.com\\\/#organization\",\"name\":\"Decora-Zone Tienda de Decoraci\u00f3n en Bilbao\",\"url\":\"https:\\\/\\\/decora-zone.com\\\/\",\"logo\":{\"@type\":\"ImageObject\",\"inLanguage\":\"en-US\",\"@id\":\"https:\\\/\\\/decora-zone.com\\\/#\\\/schema\\\/logo\\\/image\\\/\",\"url\":\"https:\\\/\\\/decora-zone.com\\\/wp-content\\\/uploads\\\/2014\\\/02\\\/logotipo-decora-zone-alfombras-cortinas-decoracion-bilbao.jpg\",\"contentUrl\":\"https:\\\/\\\/decora-zone.com\\\/wp-content\\\/uploads\\\/2014\\\/02\\\/logotipo-decora-zone-alfombras-cortinas-decoracion-bilbao.jpg\",\"width\":484,\"height\":230,\"caption\":\"Decora-Zone Tienda de Decoraci\u00f3n en Bilbao\"},\"image\":{\"@id\":\"https:\\\/\\\/decora-zone.com\\\/#\\\/schema\\\/logo\\\/image\\\/\"},\"sameAs\":[\"https:\\\/\\\/www.facebook.com\\\/decorazone.bilbao\\\/\",\"https:\\\/\\\/www.instagram.com\\\/decora_zone_\\\/\",\"https:\\\/\\\/co.pinterest.com\\\/Decora_Zone\\\/\"]}]}<\/script>\n<!-- \/ Yoast SEO plugin. -->","yoast_head_json":{"title":"Alfombra Dubai 36 Alfombra de exterior e interior Dubai 36","description":"Alfombra de exterior Dubai 36 de Sualsa, con dise\u00f1o geom\u00e9trico con fondo marfil, en Decorazone, tienda de alfombras de Bilbao","robots":{"index":"index","follow":"follow","max-snippet":"max-snippet:-1","max-image-preview":"max-image-preview:large","max-video-preview":"max-video-preview:-1"},"canonical":"https:\/\/decora-zone.com\/producto\/alfombra-dubai-36\/","og_locale":"en_US","og_type":"article","og_title":"Alfombra Dubai 36 Alfombra de exterior e interior Dubai 36","og_description":"Alfombra de exterior Dubai 36 de Sualsa, con dise\u00f1o geom\u00e9trico con fondo marfil, en Decorazone, tienda de alfombras de Bilbao","og_url":"https:\/\/decora-zone.com\/producto\/alfombra-dubai-36\/","og_site_name":"Decora-zone","article_publisher":"https:\/\/www.facebook.com\/decorazone.bilbao\/","article_modified_time":"2025-03-10T16:51:58+00:00","og_image":[{"width":1000,"height":951,"url":"https:\/\/decora-zone.com\/wp-content\/uploads\/2024\/01\/Alfombra-Exterior-Decorazone-Dubai-36a.jpg","type":"image\/jpeg"}],"twitter_misc":{"Est. reading time":"1 minute"},"schema":{"@context":"https:\/\/schema.org","@graph":[{"@type":"WebPage","@id":"https:\/\/decora-zone.com\/producto\/alfombra-dubai-36\/","url":"https:\/\/decora-zone.com\/producto\/alfombra-dubai-36\/","name":"Alfombra Dubai 36 Alfombra de exterior e interior Dubai 36","isPartOf":{"@id":"https:\/\/decora-zone.com\/#website"},"primaryImageOfPage":{"@id":"https:\/\/decora-zone.com\/producto\/alfombra-dubai-36\/#primaryimage"},"image":{"@id":"https:\/\/decora-zone.com\/producto\/alfombra-dubai-36\/#primaryimage"},"thumbnailUrl":"https:\/\/decora-zone.com\/wp-content\/uploads\/2024\/01\/Alfombra-Exterior-Decorazone-Dubai-36a.jpg","datePublished":"2024-01-02T17:28:29+00:00","dateModified":"2025-03-10T16:51:58+00:00","description":"Alfombra de exterior Dubai 36 de Sualsa, con dise\u00f1o geom\u00e9trico con fondo marfil, en Decorazone, tienda de alfombras de Bilbao","breadcrumb":{"@id":"https:\/\/decora-zone.com\/producto\/alfombra-dubai-36\/#breadcrumb"},"inLanguage":"en-US","potentialAction":[{"@type":"ReadAction","target":["https:\/\/decora-zone.com\/producto\/alfombra-dubai-36\/"]}]},{"@type":"ImageObject","inLanguage":"en-US","@id":"https:\/\/decora-zone.com\/producto\/alfombra-dubai-36\/#primaryimage","url":"https:\/\/decora-zone.com\/wp-content\/uploads\/2024\/01\/Alfombra-Exterior-Decorazone-Dubai-36a.jpg","contentUrl":"https:\/\/decora-zone.com\/wp-content\/uploads\/2024\/01\/Alfombra-Exterior-Decorazone-Dubai-36a.jpg","width":1000,"height":951,"caption":"Alfombra Dubai 36"},{"@type":"BreadcrumbList","@id":"https:\/\/decora-zone.com\/producto\/alfombra-dubai-36\/#breadcrumb","itemListElement":[{"@type":"ListItem","position":1,"name":"Portada","item":"https:\/\/decora-zone.com\/"},{"@type":"ListItem","position":2,"name":"Productos","item":"https:\/\/decora-zone.com\/tienda-alfombras-cortinas-bilbao\/"},{"@type":"ListItem","position":3,"name":"Alfombra Dubai 36"}]},{"@type":"WebSite","@id":"https:\/\/decora-zone.com\/#website","url":"https:\/\/decora-zone.com\/","name":"Decora-zone","description":"Especialistas en cortinas y alfombras de dise\u00f1o en Bilbao","publisher":{"@id":"https:\/\/decora-zone.com\/#organization"},"potentialAction":[{"@type":"SearchAction","target":{"@type":"EntryPoint","urlTemplate":"https:\/\/decora-zone.com\/?s={search_term_string}"},"query-input":{"@type":"PropertyValueSpecification","valueRequired":true,"valueName":"search_term_string"}}],"inLanguage":"en-US"},{"@type":"Organization","@id":"https:\/\/decora-zone.com\/#organization","name":"Decora-Zone Tienda de Decoraci\u00f3n en Bilbao","url":"https:\/\/decora-zone.com\/","logo":{"@type":"ImageObject","inLanguage":"en-US","@id":"https:\/\/decora-zone.com\/#\/schema\/logo\/image\/","url":"https:\/\/decora-zone.com\/wp-content\/uploads\/2014\/02\/logotipo-decora-zone-alfombras-cortinas-decoracion-bilbao.jpg","contentUrl":"https:\/\/decora-zone.com\/wp-content\/uploads\/2014\/02\/logotipo-decora-zone-alfombras-cortinas-decoracion-bilbao.jpg","width":484,"height":230,"caption":"Decora-Zone Tienda de Decoraci\u00f3n en Bilbao"},"image":{"@id":"https:\/\/decora-zone.com\/#\/schema\/logo\/image\/"},"sameAs":["https:\/\/www.facebook.com\/decorazone.bilbao\/","https:\/\/www.instagram.com\/decora_zone_\/","https:\/\/co.pinterest.com\/Decora_Zone\/"]}]}},"_links":{"self":[{"href":"https:\/\/decora-zone.com\/en\/wp-json\/wp\/v2\/product\/16443","targetHints":{"allow":["GET"]}}],"collection":[{"href":"https:\/\/decora-zone.com\/en\/wp-json\/wp\/v2\/product"}],"about":[{"href":"https:\/\/decora-zone.com\/en\/wp-json\/wp\/v2\/types\/product"}],"replies":[{"embeddable":true,"href":"https:\/\/decora-zone.com\/en\/wp-json\/wp\/v2\/comments?post=16443"}],"wp:featuredmedia":[{"embeddable":true,"href":"https:\/\/decora-zone.com\/en\/wp-json\/wp\/v2\/media\/16455"}],"wp:attachment":[{"href":"https:\/\/decora-zone.com\/en\/wp-json\/wp\/v2\/media?parent=16443"}],"wp:term":[{"taxonomy":"product_brand","embeddable":true,"href":"https:\/\/decora-zone.com\/en\/wp-json\/wp\/v2\/product_brand?post=16443"},{"taxonomy":"product_cat","embeddable":true,"href":"https:\/\/decora-zone.com\/en\/wp-json\/wp\/v2\/product_cat?post=16443"},{"taxonomy":"product_tag","embeddable":true,"href":"https:\/\/decora-zone.com\/en\/wp-json\/wp\/v2\/product_tag?post=16443"}],"curies":[{"name":"wp","href":"https:\/\/api.w.org\/{rel}","templated":true}]}}