{"id":16416,"date":"2023-12-26T20:33:41","date_gmt":"2023-12-26T18:33:41","guid":{"rendered":"https:\/\/decora-zone.com\/?post_type=product&#038;p=16416"},"modified":"2025-03-10T17:51:58","modified_gmt":"2025-03-10T16:51:58","slug":"alfombra-newport-29","status":"publish","type":"product","link":"https:\/\/decora-zone.com\/en\/producto\/alfombra-newport-29\/","title":{"rendered":"Alfombra Newport 29"},"content":{"rendered":"<p><strong>Alfombra de exterior Newport 29<\/strong><\/p>\n<p><strong>P.P. Flatweavers<\/strong><\/p>\n<p>Presentada por la firma de referencia nacional Sualsa, la calidad Newport son alfombras exterior fabricadas en\u00a0 Crevillente.<\/p>\n<p data-sourcepos=\"3:1-3:191\">La alfombra Newport 29 es una alfombra vers\u00e1til que puede utilizarse tanto en exteriores como en interiores.<\/p>\n<p data-sourcepos=\"5:1-5:277\">En exteriores, la alfombra Newport 29 es una opci\u00f3n ideal para terrazas, patios, jardines o zonas de paso. Es resistente a la intemperie y\u00a0 f\u00e1cil de limpiar, por lo que podr\u00e1s mantenerla siempre perfecta.<\/p>\n<p data-sourcepos=\"7:1-7:226\">En interiores, la alfombra Newport 29 es una opci\u00f3n muy funcional para salones, comedores o dormitorios. Su dise\u00f1o moderno y\u00a0 sus tres colores hacen de ella una opci\u00f3n perfecta para una decoraci\u00f3n contempor\u00e1nea<\/p>\n<p data-sourcepos=\"5:1-5:251\">La alfombra Newport 29 de Sualsa es una opci\u00f3n perfecta si buscas una alfombra resistente, f\u00e1cil de limpiar y con un dise\u00f1o moderno y vers\u00e1til.<\/p>\n<h2 data-sourcepos=\"7:1-7:20\"><strong>Caracter\u00edsticas de la alfombra exterior Newport 29:<\/strong><\/h2>\n<ul data-sourcepos=\"9:1-13:0\">\n<li data-sourcepos=\"9:1-9:27\">Material: P.P. Flatweavers<\/li>\n<li data-sourcepos=\"9:1-9:27\">Grosor: 4 mm<\/li>\n<li data-sourcepos=\"10:1-10:20\">Dise\u00f1o: Geom\u00e9trico\u00a0<\/li>\n<li data-sourcepos=\"12:1-13:0\">Colores: Gris, verde o salm\u00f3n<\/li>\n<\/ul>\n<h2 data-sourcepos=\"19:1-19:29\"><strong>Limpieza y mantenimiento:<\/strong><\/h2>\n<p data-sourcepos=\"21:1-21:223\">La alfombra de exterior Newport es f\u00e1cil de limpiar y mantener. Para su limpieza diaria, basta con pasar la aspiradora regularmente para eliminar el polvo y la suciedad. Para una limpieza m\u00e1s profunda, se recomienda utilizar un detergente neutro y agua fr\u00eda. No utilice producto abrasivos para limpiar la alfombra, podr\u00edan da\u00f1ar el material<\/p>\n<p><strong>Si est\u00e1 interesado en alguno de nuestros art\u00edculos que est\u00e9n sin stock, puede reservarlos poni\u00e9ndose en <a href=\"http:\/\/decora-zone.com\/contacto-decora-zone-alfombras-cortinas-decoracion-bilbao\/\">contacto con nosotros<\/a>.<\/strong><\/p>\n","protected":false},"excerpt":{"rendered":"<p><strong>P.P. Flatweavers<\/strong><\/p>\n<p>Presentada por la firma de referencia nacional Sualsa, la calidad Newport son alfombras exterior fabricadas en\u00a0 Crevillente.<\/p>\n<p data-sourcepos=\"3:1-3:191\">La alfombra Newport 29 es una alfombra vers\u00e1til que puede utilizarse tanto en exteriores como en interiores.<\/p>\n<p data-sourcepos=\"5:1-5:277\">En exteriores, la alfombra Newport 29 es una opci\u00f3n ideal para terrazas, patios, jardines o zonas de paso. Es resistente a la intemperie y\u00a0 f\u00e1cil de limpiar, por lo que podr\u00e1s mantenerla siempre perfecta.<\/p>\n<p data-sourcepos=\"7:1-7:226\">En interiores, la alfombra Newport 29 es una opci\u00f3n muy funcional para salones, comedores o dormitorios. Su dise\u00f1o moderno y\u00a0 sus tres colores hacen de ella una opci\u00f3n perfecta para una decoraci\u00f3n contempor\u00e1nea<\/p>\n<p data-sourcepos=\"5:1-5:251\">La alfombra Newport 29 de Sualsa es una opci\u00f3n perfecta si buscas una alfombra resistente, f\u00e1cil de limpiar y con un dise\u00f1o moderno y vers\u00e1til.<\/p>\n","protected":false},"featured_media":16423,"comment_status":"open","ping_status":"closed","template":"","meta":[],"product_brand":[],"product_cat":[56,21,487],"product_tag":[22,32,448,28,27,23,24,447,29,410],"class_list":{"0":"post-16416","1":"product","2":"type-product","3":"status-publish","4":"has-post-thumbnail","6":"product_cat-alfombras-acrilicas-en-bilbao-tienda-decoracion-bilbao-santutxu","7":"product_cat-alfombras-bilbao-tienda-decoracion-santutxu","8":"product_cat-alfombras-de-exterior-en-bilbao-tienda-decoracion-bilbao-santutxu","9":"product_tag-acrilicas","10":"product_tag-alfombras","11":"product_tag-antideslizante","12":"product_tag-bilbao","13":"product_tag-decora-zone","14":"product_tag-decoracion","15":"product_tag-hogar","16":"product_tag-lavable","17":"product_tag-santutxu","18":"product_tag-sualsa","19":"pa_medida-140x200cm","20":"pa_medida-160x230cm","21":"pa_medida-200x290cm","23":"first","24":"outofstock","25":"sale","26":"shipping-taxable","27":"purchasable","28":"product-type-variable"},"yoast_head":"<!-- This site is optimized with the Yoast SEO plugin v27.5 - https:\/\/yoast.com\/product\/yoast-seo-wordpress\/ -->\n<title>Alfombra Newport 29 Alfombra de exterior Newport 29<\/title>\n<meta name=\"description\" content=\"Alfombra de exterior Newport 29 de Sualsa, con dise\u00f1o geom\u00e9trico en verde, gris o salm\u00f3n, en Decorazone, tienda de alfombras de Bilbao\" \/>\n<meta name=\"robots\" content=\"index, follow, max-snippet:-1, max-image-preview:large, max-video-preview:-1\" \/>\n<link rel=\"canonical\" href=\"https:\/\/decora-zone.com\/producto\/alfombra-newport-29\/\" \/>\n<meta property=\"og:locale\" content=\"en_US\" \/>\n<meta property=\"og:type\" content=\"article\" \/>\n<meta property=\"og:title\" content=\"Alfombra Newport 29 Alfombra de exterior Newport 29\" \/>\n<meta property=\"og:description\" content=\"Alfombra de exterior Newport 29 de Sualsa, con dise\u00f1o geom\u00e9trico en verde, gris o salm\u00f3n, en Decorazone, tienda de alfombras de Bilbao\" \/>\n<meta property=\"og:url\" content=\"https:\/\/decora-zone.com\/producto\/alfombra-newport-29\/\" \/>\n<meta property=\"og:site_name\" content=\"Decora-zone\" \/>\n<meta property=\"article:publisher\" content=\"https:\/\/www.facebook.com\/decorazone.bilbao\/\" \/>\n<meta property=\"article:modified_time\" content=\"2025-03-10T16:51:58+00:00\" \/>\n<meta property=\"og:image\" content=\"https:\/\/decora-zone.com\/wp-content\/uploads\/2023\/12\/Alfombra-exteriro-Decorazone-Newport-salmon-29.jpg\" \/>\n\t<meta property=\"og:image:width\" content=\"1000\" \/>\n\t<meta property=\"og:image:height\" content=\"790\" \/>\n\t<meta property=\"og:image:type\" content=\"image\/jpeg\" \/>\n<meta name=\"twitter:label1\" content=\"Est. reading time\" \/>\n\t<meta name=\"twitter:data1\" content=\"2 minutes\" \/>\n<script type=\"application\/ld+json\" class=\"yoast-schema-graph\">{\"@context\":\"https:\\\/\\\/schema.org\",\"@graph\":[{\"@type\":\"WebPage\",\"@id\":\"https:\\\/\\\/decora-zone.com\\\/producto\\\/alfombra-newport-29\\\/\",\"url\":\"https:\\\/\\\/decora-zone.com\\\/producto\\\/alfombra-newport-29\\\/\",\"name\":\"Alfombra Newport 29 Alfombra de exterior Newport 29\",\"isPartOf\":{\"@id\":\"https:\\\/\\\/decora-zone.com\\\/#website\"},\"primaryImageOfPage\":{\"@id\":\"https:\\\/\\\/decora-zone.com\\\/producto\\\/alfombra-newport-29\\\/#primaryimage\"},\"image\":{\"@id\":\"https:\\\/\\\/decora-zone.com\\\/producto\\\/alfombra-newport-29\\\/#primaryimage\"},\"thumbnailUrl\":\"https:\\\/\\\/decora-zone.com\\\/wp-content\\\/uploads\\\/2023\\\/12\\\/Alfombra-exteriro-Decorazone-Newport-salmon-29.jpg\",\"datePublished\":\"2023-12-26T18:33:41+00:00\",\"dateModified\":\"2025-03-10T16:51:58+00:00\",\"description\":\"Alfombra de exterior Newport 29 de Sualsa, con dise\u00f1o geom\u00e9trico en verde, gris o salm\u00f3n, en Decorazone, tienda de alfombras de Bilbao\",\"breadcrumb\":{\"@id\":\"https:\\\/\\\/decora-zone.com\\\/producto\\\/alfombra-newport-29\\\/#breadcrumb\"},\"inLanguage\":\"en-US\",\"potentialAction\":[{\"@type\":\"ReadAction\",\"target\":[\"https:\\\/\\\/decora-zone.com\\\/producto\\\/alfombra-newport-29\\\/\"]}]},{\"@type\":\"ImageObject\",\"inLanguage\":\"en-US\",\"@id\":\"https:\\\/\\\/decora-zone.com\\\/producto\\\/alfombra-newport-29\\\/#primaryimage\",\"url\":\"https:\\\/\\\/decora-zone.com\\\/wp-content\\\/uploads\\\/2023\\\/12\\\/Alfombra-exteriro-Decorazone-Newport-salmon-29.jpg\",\"contentUrl\":\"https:\\\/\\\/decora-zone.com\\\/wp-content\\\/uploads\\\/2023\\\/12\\\/Alfombra-exteriro-Decorazone-Newport-salmon-29.jpg\",\"width\":1000,\"height\":790,\"caption\":\"Alfombra Newport 29 salm\u00f3n\"},{\"@type\":\"BreadcrumbList\",\"@id\":\"https:\\\/\\\/decora-zone.com\\\/producto\\\/alfombra-newport-29\\\/#breadcrumb\",\"itemListElement\":[{\"@type\":\"ListItem\",\"position\":1,\"name\":\"Portada\",\"item\":\"https:\\\/\\\/decora-zone.com\\\/\"},{\"@type\":\"ListItem\",\"position\":2,\"name\":\"Productos\",\"item\":\"https:\\\/\\\/decora-zone.com\\\/tienda-alfombras-cortinas-bilbao\\\/\"},{\"@type\":\"ListItem\",\"position\":3,\"name\":\"Alfombra Newport 29\"}]},{\"@type\":\"WebSite\",\"@id\":\"https:\\\/\\\/decora-zone.com\\\/#website\",\"url\":\"https:\\\/\\\/decora-zone.com\\\/\",\"name\":\"Decora-zone\",\"description\":\"Especialistas en cortinas y alfombras de dise\u00f1o en Bilbao\",\"publisher\":{\"@id\":\"https:\\\/\\\/decora-zone.com\\\/#organization\"},\"potentialAction\":[{\"@type\":\"SearchAction\",\"target\":{\"@type\":\"EntryPoint\",\"urlTemplate\":\"https:\\\/\\\/decora-zone.com\\\/?s={search_term_string}\"},\"query-input\":{\"@type\":\"PropertyValueSpecification\",\"valueRequired\":true,\"valueName\":\"search_term_string\"}}],\"inLanguage\":\"en-US\"},{\"@type\":\"Organization\",\"@id\":\"https:\\\/\\\/decora-zone.com\\\/#organization\",\"name\":\"Decora-Zone Tienda de Decoraci\u00f3n en Bilbao\",\"url\":\"https:\\\/\\\/decora-zone.com\\\/\",\"logo\":{\"@type\":\"ImageObject\",\"inLanguage\":\"en-US\",\"@id\":\"https:\\\/\\\/decora-zone.com\\\/#\\\/schema\\\/logo\\\/image\\\/\",\"url\":\"https:\\\/\\\/decora-zone.com\\\/wp-content\\\/uploads\\\/2014\\\/02\\\/logotipo-decora-zone-alfombras-cortinas-decoracion-bilbao.jpg\",\"contentUrl\":\"https:\\\/\\\/decora-zone.com\\\/wp-content\\\/uploads\\\/2014\\\/02\\\/logotipo-decora-zone-alfombras-cortinas-decoracion-bilbao.jpg\",\"width\":484,\"height\":230,\"caption\":\"Decora-Zone Tienda de Decoraci\u00f3n en Bilbao\"},\"image\":{\"@id\":\"https:\\\/\\\/decora-zone.com\\\/#\\\/schema\\\/logo\\\/image\\\/\"},\"sameAs\":[\"https:\\\/\\\/www.facebook.com\\\/decorazone.bilbao\\\/\",\"https:\\\/\\\/www.instagram.com\\\/decora_zone_\\\/\",\"https:\\\/\\\/co.pinterest.com\\\/Decora_Zone\\\/\"]}]}<\/script>\n<!-- \/ Yoast SEO plugin. -->","yoast_head_json":{"title":"Alfombra Newport 29 Alfombra de exterior Newport 29","description":"Alfombra de exterior Newport 29 de Sualsa, con dise\u00f1o geom\u00e9trico en verde, gris o salm\u00f3n, en Decorazone, tienda de alfombras de Bilbao","robots":{"index":"index","follow":"follow","max-snippet":"max-snippet:-1","max-image-preview":"max-image-preview:large","max-video-preview":"max-video-preview:-1"},"canonical":"https:\/\/decora-zone.com\/producto\/alfombra-newport-29\/","og_locale":"en_US","og_type":"article","og_title":"Alfombra Newport 29 Alfombra de exterior Newport 29","og_description":"Alfombra de exterior Newport 29 de Sualsa, con dise\u00f1o geom\u00e9trico en verde, gris o salm\u00f3n, en Decorazone, tienda de alfombras de Bilbao","og_url":"https:\/\/decora-zone.com\/producto\/alfombra-newport-29\/","og_site_name":"Decora-zone","article_publisher":"https:\/\/www.facebook.com\/decorazone.bilbao\/","article_modified_time":"2025-03-10T16:51:58+00:00","og_image":[{"width":1000,"height":790,"url":"https:\/\/decora-zone.com\/wp-content\/uploads\/2023\/12\/Alfombra-exteriro-Decorazone-Newport-salmon-29.jpg","type":"image\/jpeg"}],"twitter_misc":{"Est. reading time":"2 minutes"},"schema":{"@context":"https:\/\/schema.org","@graph":[{"@type":"WebPage","@id":"https:\/\/decora-zone.com\/producto\/alfombra-newport-29\/","url":"https:\/\/decora-zone.com\/producto\/alfombra-newport-29\/","name":"Alfombra Newport 29 Alfombra de exterior Newport 29","isPartOf":{"@id":"https:\/\/decora-zone.com\/#website"},"primaryImageOfPage":{"@id":"https:\/\/decora-zone.com\/producto\/alfombra-newport-29\/#primaryimage"},"image":{"@id":"https:\/\/decora-zone.com\/producto\/alfombra-newport-29\/#primaryimage"},"thumbnailUrl":"https:\/\/decora-zone.com\/wp-content\/uploads\/2023\/12\/Alfombra-exteriro-Decorazone-Newport-salmon-29.jpg","datePublished":"2023-12-26T18:33:41+00:00","dateModified":"2025-03-10T16:51:58+00:00","description":"Alfombra de exterior Newport 29 de Sualsa, con dise\u00f1o geom\u00e9trico en verde, gris o salm\u00f3n, en Decorazone, tienda de alfombras de Bilbao","breadcrumb":{"@id":"https:\/\/decora-zone.com\/producto\/alfombra-newport-29\/#breadcrumb"},"inLanguage":"en-US","potentialAction":[{"@type":"ReadAction","target":["https:\/\/decora-zone.com\/producto\/alfombra-newport-29\/"]}]},{"@type":"ImageObject","inLanguage":"en-US","@id":"https:\/\/decora-zone.com\/producto\/alfombra-newport-29\/#primaryimage","url":"https:\/\/decora-zone.com\/wp-content\/uploads\/2023\/12\/Alfombra-exteriro-Decorazone-Newport-salmon-29.jpg","contentUrl":"https:\/\/decora-zone.com\/wp-content\/uploads\/2023\/12\/Alfombra-exteriro-Decorazone-Newport-salmon-29.jpg","width":1000,"height":790,"caption":"Alfombra Newport 29 salm\u00f3n"},{"@type":"BreadcrumbList","@id":"https:\/\/decora-zone.com\/producto\/alfombra-newport-29\/#breadcrumb","itemListElement":[{"@type":"ListItem","position":1,"name":"Portada","item":"https:\/\/decora-zone.com\/"},{"@type":"ListItem","position":2,"name":"Productos","item":"https:\/\/decora-zone.com\/tienda-alfombras-cortinas-bilbao\/"},{"@type":"ListItem","position":3,"name":"Alfombra Newport 29"}]},{"@type":"WebSite","@id":"https:\/\/decora-zone.com\/#website","url":"https:\/\/decora-zone.com\/","name":"Decora-zone","description":"Especialistas en cortinas y alfombras de dise\u00f1o en Bilbao","publisher":{"@id":"https:\/\/decora-zone.com\/#organization"},"potentialAction":[{"@type":"SearchAction","target":{"@type":"EntryPoint","urlTemplate":"https:\/\/decora-zone.com\/?s={search_term_string}"},"query-input":{"@type":"PropertyValueSpecification","valueRequired":true,"valueName":"search_term_string"}}],"inLanguage":"en-US"},{"@type":"Organization","@id":"https:\/\/decora-zone.com\/#organization","name":"Decora-Zone Tienda de Decoraci\u00f3n en Bilbao","url":"https:\/\/decora-zone.com\/","logo":{"@type":"ImageObject","inLanguage":"en-US","@id":"https:\/\/decora-zone.com\/#\/schema\/logo\/image\/","url":"https:\/\/decora-zone.com\/wp-content\/uploads\/2014\/02\/logotipo-decora-zone-alfombras-cortinas-decoracion-bilbao.jpg","contentUrl":"https:\/\/decora-zone.com\/wp-content\/uploads\/2014\/02\/logotipo-decora-zone-alfombras-cortinas-decoracion-bilbao.jpg","width":484,"height":230,"caption":"Decora-Zone Tienda de Decoraci\u00f3n en Bilbao"},"image":{"@id":"https:\/\/decora-zone.com\/#\/schema\/logo\/image\/"},"sameAs":["https:\/\/www.facebook.com\/decorazone.bilbao\/","https:\/\/www.instagram.com\/decora_zone_\/","https:\/\/co.pinterest.com\/Decora_Zone\/"]}]}},"_links":{"self":[{"href":"https:\/\/decora-zone.com\/en\/wp-json\/wp\/v2\/product\/16416","targetHints":{"allow":["GET"]}}],"collection":[{"href":"https:\/\/decora-zone.com\/en\/wp-json\/wp\/v2\/product"}],"about":[{"href":"https:\/\/decora-zone.com\/en\/wp-json\/wp\/v2\/types\/product"}],"replies":[{"embeddable":true,"href":"https:\/\/decora-zone.com\/en\/wp-json\/wp\/v2\/comments?post=16416"}],"wp:featuredmedia":[{"embeddable":true,"href":"https:\/\/decora-zone.com\/en\/wp-json\/wp\/v2\/media\/16423"}],"wp:attachment":[{"href":"https:\/\/decora-zone.com\/en\/wp-json\/wp\/v2\/media?parent=16416"}],"wp:term":[{"taxonomy":"product_brand","embeddable":true,"href":"https:\/\/decora-zone.com\/en\/wp-json\/wp\/v2\/product_brand?post=16416"},{"taxonomy":"product_cat","embeddable":true,"href":"https:\/\/decora-zone.com\/en\/wp-json\/wp\/v2\/product_cat?post=16416"},{"taxonomy":"product_tag","embeddable":true,"href":"https:\/\/decora-zone.com\/en\/wp-json\/wp\/v2\/product_tag?post=16416"}],"curies":[{"name":"wp","href":"https:\/\/api.w.org\/{rel}","templated":true}]}}