{"id":16350,"date":"2023-12-21T18:26:35","date_gmt":"2023-12-21T16:26:35","guid":{"rendered":"https:\/\/decora-zone.com\/?post_type=product&#038;p=16350"},"modified":"2025-03-10T17:51:59","modified_gmt":"2025-03-10T16:51:59","slug":"alfombra-proyect-3","status":"publish","type":"product","link":"https:\/\/decora-zone.com\/en\/producto\/alfombra-proyect-3\/","title":{"rendered":"Alfombra Proyect 3"},"content":{"rendered":"<p><strong>Alfombra Proyect 3<\/strong><\/p>\n<p><strong>Poli\u00e9ster PVC<\/strong><\/p>\n<p>Presentada por la firma de referencia nacional Sualsa, la calidad Proyect son alfombras v\u00ednilicas fabricadas en\u00a0 Crevillente.<\/p>\n<p data-sourcepos=\"3:1-3:238\">La alfombra Proyect 3 de Sualsa es una alfombra de vinilo, con un dise\u00f1o moderno en azul y beig. Est\u00e1 fabricada con PVC y poli\u00e9ster, que la hace resistente al uso, incluso en zonas de alto tr\u00e1nsito y f\u00e1cil de limpiar.<\/p>\n<p data-sourcepos=\"5:1-5:251\">La alfombra Proyect 3 es adecuada tanto para interiores como para exteriores. En el interior, puede utilizarse en pasillos, entradas, recibidores o salones. En el exterior, puede colocarse en terrazas o porches, siempre que no est\u00e9 expuesta directamente al sol.<\/p>\n<p data-sourcepos=\"5:1-5:251\">Destacar como principales caracter\u00edsticas que es impermeable, antideslizante y a\u00edsla del frio y del calor lo que la convierte en una alfombra segura y confortable.<\/p>\n<p data-sourcepos=\"5:1-5:251\">La alfombra Proyect 3 de Sualsa es una opci\u00f3n ideal para cualquier hogar que busque una alfombra resistente, f\u00e1cil de limpiar y con un dise\u00f1o moderno y vers\u00e1til.<\/p>\n<p data-sourcepos=\"7:1-7:20\"><strong>Caracter\u00edsticas:<\/strong><\/p>\n<ul data-sourcepos=\"9:1-13:0\">\n<li data-sourcepos=\"9:1-9:27\">Material: Poli\u00e9ster y PVC<\/li>\n<li data-sourcepos=\"9:1-9:27\">Grosor: 3 mm<\/li>\n<li data-sourcepos=\"9:1-9:27\">Antideslizante<\/li>\n<li data-sourcepos=\"9:1-9:27\">Impermeable<\/li>\n<li data-sourcepos=\"9:1-9:27\">Antial\u00e9rgica<\/li>\n<li data-sourcepos=\"10:1-10:20\">Dise\u00f1o: Geom\u00e9trico con impresi\u00f3n digital<\/li>\n<li data-sourcepos=\"12:1-13:0\">Colores: Azul y Beig<\/li>\n<li data-sourcepos=\"12:1-13:0\">Disponible al corte en ancho de 70 cm<\/li>\n<\/ul>\n<p data-sourcepos=\"19:1-19:29\"><strong>Limpieza y mantenimiento:<\/strong><\/p>\n<p data-sourcepos=\"21:1-21:223\">La alfombra Proyect es f\u00e1cil de limpiar y mantener. Para su limpieza diaria, basta con pasar la aspiradora regularmente para eliminar el polvo y la suciedad. Para una limpieza m\u00e1s profunda, se recomienda utilizar un detergente neutro y agua fr\u00eda. No utilice producto abrasivos para limpiar la alfombra, podr\u00edan da\u00f1ar el material<\/p>\n<p><strong>Si est\u00e1 interesado en alguno de nuestros art\u00edculos que est\u00e9n sin stock, puede reservarlos poni\u00e9ndose en <a href=\"http:\/\/decora-zone.com\/contacto-decora-zone-alfombras-cortinas-decoracion-bilbao\/\">contacto con nosotros<\/a>.<\/strong><\/p>\n","protected":false},"excerpt":{"rendered":"<p><strong>Poli\u00e9ster PVC<\/strong><\/p>\n<p>Presentada por la firma de referencia nacional Sualsa, la calidad Proyect son alfombras v\u00ednilicas fabricadas en\u00a0 Crevillente.<\/p>\n<p data-sourcepos=\"3:1-3:238\">La alfombra Proyect 3 de Sualsa es una alfombra de vinilo, con un dise\u00f1o moderno en azul y beig. Est\u00e1 fabricada con PVC y poli\u00e9ster, que la hace resistente al uso, incluso en zonas de alto tr\u00e1nsito y f\u00e1cil de limpiar.<\/p>\n<p data-sourcepos=\"5:1-5:251\">La alfombra Proyect 3 es adecuada tanto para interiores como para exteriores. En el interior, puede utilizarse en pasillos, entradas, recibidores o salones. En el exterior, puede colocarse en terrazas o porches, siempre que no est\u00e9 expuesta directamente al sol.<\/p>\n<p data-sourcepos=\"5:1-5:251\">Destacar como principales caracter\u00edsticas que es impermeable, antideslizante y a\u00edsla del frio y del calor lo que la convierte en una alfombra segura y confortable.<\/p>\n<p data-sourcepos=\"5:1-5:251\">La alfombra Proyect 3 de Sualsa es una opci\u00f3n ideal para cualquier hogar que busque una alfombra resistente, f\u00e1cil de limpiar y con un dise\u00f1o moderno y vers\u00e1til.<\/p>\n","protected":false},"featured_media":16358,"comment_status":"open","ping_status":"closed","template":"","meta":[],"product_brand":[],"product_cat":[56,21,487,519],"product_tag":[22,32,448,28,27,23,24,447,29,410],"class_list":{"0":"post-16350","1":"product","2":"type-product","3":"status-publish","4":"has-post-thumbnail","6":"product_cat-alfombras-acrilicas-en-bilbao-tienda-decoracion-bilbao-santutxu","7":"product_cat-alfombras-bilbao-tienda-decoracion-santutxu","8":"product_cat-alfombras-de-exterior-en-bilbao-tienda-decoracion-bilbao-santutxu","9":"product_cat-alfombras-vinilicas-en-bilbao-tienda-decoracion-bilbao-santutxu","10":"product_tag-acrilicas","11":"product_tag-alfombras","12":"product_tag-antideslizante","13":"product_tag-bilbao","14":"product_tag-decora-zone","15":"product_tag-decoracion","16":"product_tag-hogar","17":"product_tag-lavable","18":"product_tag-santutxu","19":"product_tag-sualsa","20":"pa_medida-120x160cm","21":"pa_medida-140x200cm","22":"pa_medida-170x240cm","24":"first","25":"outofstock","26":"sale","27":"shipping-taxable","28":"purchasable","29":"product-type-variable"},"yoast_head":"<!-- This site is optimized with the Yoast SEO plugin v27.5 - https:\/\/yoast.com\/product\/yoast-seo-wordpress\/ -->\n<title>Alfombra Proyect 3 Alfombra de exteriro vin\u00edlica Proyect 3<\/title>\n<meta name=\"description\" content=\"Alfombra de exterior vin\u00edlica Proyect 3 de Sualsa, antial\u00e9rgica con dise\u00f1o actual, en Decorazone, tienda de alfombras de Bilbao\" \/>\n<meta name=\"robots\" content=\"index, follow, max-snippet:-1, max-image-preview:large, max-video-preview:-1\" \/>\n<link rel=\"canonical\" href=\"https:\/\/decora-zone.com\/producto\/alfombra-proyect-3\/\" \/>\n<meta property=\"og:locale\" content=\"en_US\" \/>\n<meta property=\"og:type\" content=\"article\" \/>\n<meta property=\"og:title\" content=\"Alfombra Proyect 3 Alfombra de exteriro vin\u00edlica Proyect 3\" \/>\n<meta property=\"og:description\" content=\"Alfombra de exterior vin\u00edlica Proyect 3 de Sualsa, antial\u00e9rgica con dise\u00f1o actual, en Decorazone, tienda de alfombras de Bilbao\" \/>\n<meta property=\"og:url\" content=\"https:\/\/decora-zone.com\/producto\/alfombra-proyect-3\/\" \/>\n<meta property=\"og:site_name\" content=\"Decora-zone\" \/>\n<meta property=\"article:publisher\" content=\"https:\/\/www.facebook.com\/decorazone.bilbao\/\" \/>\n<meta property=\"article:modified_time\" content=\"2025-03-10T16:51:59+00:00\" \/>\n<meta property=\"og:image\" content=\"https:\/\/decora-zone.com\/wp-content\/uploads\/2023\/12\/Alfombra-Decorazone-Proyect-azul-3a.jpg\" \/>\n\t<meta property=\"og:image:width\" content=\"2308\" \/>\n\t<meta property=\"og:image:height\" content=\"1877\" \/>\n\t<meta property=\"og:image:type\" content=\"image\/jpeg\" \/>\n<meta name=\"twitter:label1\" content=\"Est. reading time\" \/>\n\t<meta name=\"twitter:data1\" content=\"1 minute\" \/>\n<script type=\"application\/ld+json\" class=\"yoast-schema-graph\">{\"@context\":\"https:\\\/\\\/schema.org\",\"@graph\":[{\"@type\":\"WebPage\",\"@id\":\"https:\\\/\\\/decora-zone.com\\\/producto\\\/alfombra-proyect-3\\\/\",\"url\":\"https:\\\/\\\/decora-zone.com\\\/producto\\\/alfombra-proyect-3\\\/\",\"name\":\"Alfombra Proyect 3 Alfombra de exteriro vin\u00edlica Proyect 3\",\"isPartOf\":{\"@id\":\"https:\\\/\\\/decora-zone.com\\\/#website\"},\"primaryImageOfPage\":{\"@id\":\"https:\\\/\\\/decora-zone.com\\\/producto\\\/alfombra-proyect-3\\\/#primaryimage\"},\"image\":{\"@id\":\"https:\\\/\\\/decora-zone.com\\\/producto\\\/alfombra-proyect-3\\\/#primaryimage\"},\"thumbnailUrl\":\"https:\\\/\\\/decora-zone.com\\\/wp-content\\\/uploads\\\/2023\\\/12\\\/Alfombra-Decorazone-Proyect-azul-3a.jpg\",\"datePublished\":\"2023-12-21T16:26:35+00:00\",\"dateModified\":\"2025-03-10T16:51:59+00:00\",\"description\":\"Alfombra de exterior vin\u00edlica Proyect 3 de Sualsa, antial\u00e9rgica con dise\u00f1o actual, en Decorazone, tienda de alfombras de Bilbao\",\"breadcrumb\":{\"@id\":\"https:\\\/\\\/decora-zone.com\\\/producto\\\/alfombra-proyect-3\\\/#breadcrumb\"},\"inLanguage\":\"en-US\",\"potentialAction\":[{\"@type\":\"ReadAction\",\"target\":[\"https:\\\/\\\/decora-zone.com\\\/producto\\\/alfombra-proyect-3\\\/\"]}]},{\"@type\":\"ImageObject\",\"inLanguage\":\"en-US\",\"@id\":\"https:\\\/\\\/decora-zone.com\\\/producto\\\/alfombra-proyect-3\\\/#primaryimage\",\"url\":\"https:\\\/\\\/decora-zone.com\\\/wp-content\\\/uploads\\\/2023\\\/12\\\/Alfombra-Decorazone-Proyect-azul-3a.jpg\",\"contentUrl\":\"https:\\\/\\\/decora-zone.com\\\/wp-content\\\/uploads\\\/2023\\\/12\\\/Alfombra-Decorazone-Proyect-azul-3a.jpg\",\"width\":2308,\"height\":1877,\"caption\":\"Alfombra Proyect azul 3\"},{\"@type\":\"BreadcrumbList\",\"@id\":\"https:\\\/\\\/decora-zone.com\\\/producto\\\/alfombra-proyect-3\\\/#breadcrumb\",\"itemListElement\":[{\"@type\":\"ListItem\",\"position\":1,\"name\":\"Portada\",\"item\":\"https:\\\/\\\/decora-zone.com\\\/\"},{\"@type\":\"ListItem\",\"position\":2,\"name\":\"Productos\",\"item\":\"https:\\\/\\\/decora-zone.com\\\/tienda-alfombras-cortinas-bilbao\\\/\"},{\"@type\":\"ListItem\",\"position\":3,\"name\":\"Alfombra Proyect 3\"}]},{\"@type\":\"WebSite\",\"@id\":\"https:\\\/\\\/decora-zone.com\\\/#website\",\"url\":\"https:\\\/\\\/decora-zone.com\\\/\",\"name\":\"Decora-zone\",\"description\":\"Especialistas en cortinas y alfombras de dise\u00f1o en Bilbao\",\"publisher\":{\"@id\":\"https:\\\/\\\/decora-zone.com\\\/#organization\"},\"potentialAction\":[{\"@type\":\"SearchAction\",\"target\":{\"@type\":\"EntryPoint\",\"urlTemplate\":\"https:\\\/\\\/decora-zone.com\\\/?s={search_term_string}\"},\"query-input\":{\"@type\":\"PropertyValueSpecification\",\"valueRequired\":true,\"valueName\":\"search_term_string\"}}],\"inLanguage\":\"en-US\"},{\"@type\":\"Organization\",\"@id\":\"https:\\\/\\\/decora-zone.com\\\/#organization\",\"name\":\"Decora-Zone Tienda de Decoraci\u00f3n en Bilbao\",\"url\":\"https:\\\/\\\/decora-zone.com\\\/\",\"logo\":{\"@type\":\"ImageObject\",\"inLanguage\":\"en-US\",\"@id\":\"https:\\\/\\\/decora-zone.com\\\/#\\\/schema\\\/logo\\\/image\\\/\",\"url\":\"https:\\\/\\\/decora-zone.com\\\/wp-content\\\/uploads\\\/2014\\\/02\\\/logotipo-decora-zone-alfombras-cortinas-decoracion-bilbao.jpg\",\"contentUrl\":\"https:\\\/\\\/decora-zone.com\\\/wp-content\\\/uploads\\\/2014\\\/02\\\/logotipo-decora-zone-alfombras-cortinas-decoracion-bilbao.jpg\",\"width\":484,\"height\":230,\"caption\":\"Decora-Zone Tienda de Decoraci\u00f3n en Bilbao\"},\"image\":{\"@id\":\"https:\\\/\\\/decora-zone.com\\\/#\\\/schema\\\/logo\\\/image\\\/\"},\"sameAs\":[\"https:\\\/\\\/www.facebook.com\\\/decorazone.bilbao\\\/\",\"https:\\\/\\\/www.instagram.com\\\/decora_zone_\\\/\",\"https:\\\/\\\/co.pinterest.com\\\/Decora_Zone\\\/\"]}]}<\/script>\n<!-- \/ Yoast SEO plugin. -->","yoast_head_json":{"title":"Alfombra Proyect 3 Alfombra de exteriro vin\u00edlica Proyect 3","description":"Alfombra de exterior vin\u00edlica Proyect 3 de Sualsa, antial\u00e9rgica con dise\u00f1o actual, en Decorazone, tienda de alfombras de Bilbao","robots":{"index":"index","follow":"follow","max-snippet":"max-snippet:-1","max-image-preview":"max-image-preview:large","max-video-preview":"max-video-preview:-1"},"canonical":"https:\/\/decora-zone.com\/producto\/alfombra-proyect-3\/","og_locale":"en_US","og_type":"article","og_title":"Alfombra Proyect 3 Alfombra de exteriro vin\u00edlica Proyect 3","og_description":"Alfombra de exterior vin\u00edlica Proyect 3 de Sualsa, antial\u00e9rgica con dise\u00f1o actual, en Decorazone, tienda de alfombras de Bilbao","og_url":"https:\/\/decora-zone.com\/producto\/alfombra-proyect-3\/","og_site_name":"Decora-zone","article_publisher":"https:\/\/www.facebook.com\/decorazone.bilbao\/","article_modified_time":"2025-03-10T16:51:59+00:00","og_image":[{"width":2308,"height":1877,"url":"https:\/\/decora-zone.com\/wp-content\/uploads\/2023\/12\/Alfombra-Decorazone-Proyect-azul-3a.jpg","type":"image\/jpeg"}],"twitter_misc":{"Est. reading time":"1 minute"},"schema":{"@context":"https:\/\/schema.org","@graph":[{"@type":"WebPage","@id":"https:\/\/decora-zone.com\/producto\/alfombra-proyect-3\/","url":"https:\/\/decora-zone.com\/producto\/alfombra-proyect-3\/","name":"Alfombra Proyect 3 Alfombra de exteriro vin\u00edlica Proyect 3","isPartOf":{"@id":"https:\/\/decora-zone.com\/#website"},"primaryImageOfPage":{"@id":"https:\/\/decora-zone.com\/producto\/alfombra-proyect-3\/#primaryimage"},"image":{"@id":"https:\/\/decora-zone.com\/producto\/alfombra-proyect-3\/#primaryimage"},"thumbnailUrl":"https:\/\/decora-zone.com\/wp-content\/uploads\/2023\/12\/Alfombra-Decorazone-Proyect-azul-3a.jpg","datePublished":"2023-12-21T16:26:35+00:00","dateModified":"2025-03-10T16:51:59+00:00","description":"Alfombra de exterior vin\u00edlica Proyect 3 de Sualsa, antial\u00e9rgica con dise\u00f1o actual, en Decorazone, tienda de alfombras de Bilbao","breadcrumb":{"@id":"https:\/\/decora-zone.com\/producto\/alfombra-proyect-3\/#breadcrumb"},"inLanguage":"en-US","potentialAction":[{"@type":"ReadAction","target":["https:\/\/decora-zone.com\/producto\/alfombra-proyect-3\/"]}]},{"@type":"ImageObject","inLanguage":"en-US","@id":"https:\/\/decora-zone.com\/producto\/alfombra-proyect-3\/#primaryimage","url":"https:\/\/decora-zone.com\/wp-content\/uploads\/2023\/12\/Alfombra-Decorazone-Proyect-azul-3a.jpg","contentUrl":"https:\/\/decora-zone.com\/wp-content\/uploads\/2023\/12\/Alfombra-Decorazone-Proyect-azul-3a.jpg","width":2308,"height":1877,"caption":"Alfombra Proyect azul 3"},{"@type":"BreadcrumbList","@id":"https:\/\/decora-zone.com\/producto\/alfombra-proyect-3\/#breadcrumb","itemListElement":[{"@type":"ListItem","position":1,"name":"Portada","item":"https:\/\/decora-zone.com\/"},{"@type":"ListItem","position":2,"name":"Productos","item":"https:\/\/decora-zone.com\/tienda-alfombras-cortinas-bilbao\/"},{"@type":"ListItem","position":3,"name":"Alfombra Proyect 3"}]},{"@type":"WebSite","@id":"https:\/\/decora-zone.com\/#website","url":"https:\/\/decora-zone.com\/","name":"Decora-zone","description":"Especialistas en cortinas y alfombras de dise\u00f1o en Bilbao","publisher":{"@id":"https:\/\/decora-zone.com\/#organization"},"potentialAction":[{"@type":"SearchAction","target":{"@type":"EntryPoint","urlTemplate":"https:\/\/decora-zone.com\/?s={search_term_string}"},"query-input":{"@type":"PropertyValueSpecification","valueRequired":true,"valueName":"search_term_string"}}],"inLanguage":"en-US"},{"@type":"Organization","@id":"https:\/\/decora-zone.com\/#organization","name":"Decora-Zone Tienda de Decoraci\u00f3n en Bilbao","url":"https:\/\/decora-zone.com\/","logo":{"@type":"ImageObject","inLanguage":"en-US","@id":"https:\/\/decora-zone.com\/#\/schema\/logo\/image\/","url":"https:\/\/decora-zone.com\/wp-content\/uploads\/2014\/02\/logotipo-decora-zone-alfombras-cortinas-decoracion-bilbao.jpg","contentUrl":"https:\/\/decora-zone.com\/wp-content\/uploads\/2014\/02\/logotipo-decora-zone-alfombras-cortinas-decoracion-bilbao.jpg","width":484,"height":230,"caption":"Decora-Zone Tienda de Decoraci\u00f3n en Bilbao"},"image":{"@id":"https:\/\/decora-zone.com\/#\/schema\/logo\/image\/"},"sameAs":["https:\/\/www.facebook.com\/decorazone.bilbao\/","https:\/\/www.instagram.com\/decora_zone_\/","https:\/\/co.pinterest.com\/Decora_Zone\/"]}]}},"_links":{"self":[{"href":"https:\/\/decora-zone.com\/en\/wp-json\/wp\/v2\/product\/16350","targetHints":{"allow":["GET"]}}],"collection":[{"href":"https:\/\/decora-zone.com\/en\/wp-json\/wp\/v2\/product"}],"about":[{"href":"https:\/\/decora-zone.com\/en\/wp-json\/wp\/v2\/types\/product"}],"replies":[{"embeddable":true,"href":"https:\/\/decora-zone.com\/en\/wp-json\/wp\/v2\/comments?post=16350"}],"wp:featuredmedia":[{"embeddable":true,"href":"https:\/\/decora-zone.com\/en\/wp-json\/wp\/v2\/media\/16358"}],"wp:attachment":[{"href":"https:\/\/decora-zone.com\/en\/wp-json\/wp\/v2\/media?parent=16350"}],"wp:term":[{"taxonomy":"product_brand","embeddable":true,"href":"https:\/\/decora-zone.com\/en\/wp-json\/wp\/v2\/product_brand?post=16350"},{"taxonomy":"product_cat","embeddable":true,"href":"https:\/\/decora-zone.com\/en\/wp-json\/wp\/v2\/product_cat?post=16350"},{"taxonomy":"product_tag","embeddable":true,"href":"https:\/\/decora-zone.com\/en\/wp-json\/wp\/v2\/product_tag?post=16350"}],"curies":[{"name":"wp","href":"https:\/\/api.w.org\/{rel}","templated":true}]}}