{"id":16253,"date":"2023-12-20T19:19:23","date_gmt":"2023-12-20T17:19:23","guid":{"rendered":"https:\/\/decora-zone.com\/?post_type=product&#038;p=16253"},"modified":"2025-03-10T17:52:02","modified_gmt":"2025-03-10T16:52:02","slug":"alfombra-magic-122","status":"publish","type":"product","link":"https:\/\/decora-zone.com\/en\/producto\/alfombra-magic-122\/","title":{"rendered":"Alfombra Magic 122"},"content":{"rendered":"<p><strong>Alfombra Magic 122<\/strong><\/p>\n<p><strong>100% P.P. Pes Shrink<\/strong><\/p>\n<p>Presentada por la firma de referencia nacional Sualsa, la calidad Magic son alfombras acr\u00edlicas fabricadas en\u00a0 Crevillente.<\/p>\n<p data-sourcepos=\"3:1-3:307\">La alfombra Magic 122 de Sualsa es una alfombra moderna y elegante, con un dise\u00f1o geom\u00e9trico que aporta un toque de sofisticaci\u00f3n a cualquier espacio. Est\u00e1 fabricada en P.P. Pes Shrink, un material resistente y duradero, con una altura de pelo de 14 mm.<\/p>\n<p data-sourcepos=\"5:1-5:263\">Disponible en dos colores, azul y beig, la alfombra Magic 122 es una opci\u00f3n ideal para decorar el sal\u00f3n, el dormitorio o cualquier otra estancia de la casa. Es f\u00e1cil de limpiar y mantener, y su dise\u00f1o vers\u00e1til la hace perfecta para cualquier estilo de decoraci\u00f3n.<\/p>\n<p data-sourcepos=\"5:1-5:263\">Una excelente opci\u00f3n para quienes buscan una alfombra de calidad, con un dise\u00f1o elegante y a un precio asequible.<\/p>\n<p data-sourcepos=\"7:1-7:20\"><strong>Caracter\u00edsticas:<\/strong><\/p>\n<ul data-sourcepos=\"9:1-13:0\">\n<li data-sourcepos=\"9:1-9:27\">Material: P.P. Pes Shrink<\/li>\n<li data-sourcepos=\"9:1-9:27\">Grosor: 14 mm<\/li>\n<li data-sourcepos=\"10:1-10:20\">Dise\u00f1o: Geom\u00e9trico<\/li>\n<li data-sourcepos=\"12:1-13:0\">Colores: Azul y beig<\/li>\n<li data-sourcepos=\"12:1-13:0\">Disponible al corte en ancho de 0.67 cm<\/li>\n<\/ul>\n<p data-sourcepos=\"19:1-19:29\"><strong>Limpieza y mantenimiento:<\/strong><\/p>\n<p data-sourcepos=\"21:1-21:223\">La alfombra Magic 122 es f\u00e1cil de limpiar y mantener. Para su limpieza diaria, basta con pasar la aspiradora en la direcci\u00f3n del pelo. Para una limpieza m\u00e1s profunda, se recomienda utilizar un detergente neutro y agua fr\u00eda.<\/p>\n<p><strong>Si est\u00e1 interesado en alguno de nuestros art\u00edculos que est\u00e9n sin stock, puede reservarlos poni\u00e9ndose en <a href=\"http:\/\/decora-zone.com\/contacto-decora-zone-alfombras-cortinas-decoracion-bilbao\/\">contacto con nosotros<\/a>.<\/strong><\/p>\n","protected":false},"excerpt":{"rendered":"<p><strong>100% P.P. Pes Shrink<\/strong><\/p>\n<p>Presentada por la firma de referencia nacional Sualsa, la calidad Casa son alfombras acr\u00edlicas fabricadas en\u00a0 Crevillente.<\/p>\n<p data-sourcepos=\"3:1-3:307\">La alfombra Magic 122 de Sualsa es una alfombra moderna y elegante, con un dise\u00f1o geom\u00e9trico que aporta un toque de sofisticaci\u00f3n a cualquier espacio. Est\u00e1 fabricada en P.P. Pes Shrink, un material resistente y duradero, con una altura de pelo de 14 mm.<\/p>\n<p data-sourcepos=\"5:1-5:263\">Disponible en dos colores, azul y beig, la alfombra Magic 122 es una opci\u00f3n ideal para decorar el sal\u00f3n, el dormitorio o cualquier otra estancia de la casa. Es f\u00e1cil de limpiar y mantener, y su dise\u00f1o vers\u00e1til la hace perfecta para cualquier estilo de decoraci\u00f3n.<\/p>\n<p data-sourcepos=\"5:1-5:263\">Una excelente opci\u00f3n para quienes buscan una alfombra de calidad, con un dise\u00f1o elegante y a un precio asequible.<\/p>\n","protected":false},"featured_media":16259,"comment_status":"open","ping_status":"closed","template":"","meta":[],"product_brand":[],"product_cat":[56,21],"product_tag":[22,32,448,28,27,23,24,447,29,410],"class_list":{"0":"post-16253","1":"product","2":"type-product","3":"status-publish","4":"has-post-thumbnail","6":"product_cat-alfombras-acrilicas-en-bilbao-tienda-decoracion-bilbao-santutxu","7":"product_cat-alfombras-bilbao-tienda-decoracion-santutxu","8":"product_tag-acrilicas","9":"product_tag-alfombras","10":"product_tag-antideslizante","11":"product_tag-bilbao","12":"product_tag-decora-zone","13":"product_tag-decoracion","14":"product_tag-hogar","15":"product_tag-lavable","16":"product_tag-santutxu","17":"product_tag-sualsa","18":"pa_medida-120x160cm","19":"pa_medida-133x190cm","20":"pa_medida-160x230cm","21":"pa_medida-200x290cm","22":"pa_medida-60x110cm","23":"pa_medida-67x130cm","24":"pa_medida-80x150cm","26":"first","27":"outofstock","28":"sale","29":"shipping-taxable","30":"purchasable","31":"product-type-variable"},"yoast_head":"<!-- This site is optimized with the Yoast SEO plugin v27.5 - https:\/\/yoast.com\/product\/yoast-seo-wordpress\/ -->\n<title>Alfombra Magic 122 Alfombra Magic 122 - Decora-zone<\/title>\n<meta name=\"description\" content=\"Alfombra Magic 122 con dise\u00f1o geom\u00e9trico de la firma de referencia nacional Sualsa disponible en bieg o azul en Decorazone de Bilbao\" \/>\n<meta name=\"robots\" content=\"index, follow, max-snippet:-1, max-image-preview:large, max-video-preview:-1\" \/>\n<link rel=\"canonical\" href=\"https:\/\/decora-zone.com\/producto\/alfombra-magic-122\/\" \/>\n<meta property=\"og:locale\" content=\"en_US\" \/>\n<meta property=\"og:type\" content=\"article\" \/>\n<meta property=\"og:title\" content=\"Alfombra Magic 122 Alfombra Magic 122 - Decora-zone\" \/>\n<meta property=\"og:description\" content=\"Alfombra Magic 122 con dise\u00f1o geom\u00e9trico de la firma de referencia nacional Sualsa disponible en bieg o azul en Decorazone de Bilbao\" \/>\n<meta property=\"og:url\" content=\"https:\/\/decora-zone.com\/producto\/alfombra-magic-122\/\" \/>\n<meta property=\"og:site_name\" content=\"Decora-zone\" \/>\n<meta property=\"article:publisher\" content=\"https:\/\/www.facebook.com\/decorazone.bilbao\/\" \/>\n<meta property=\"article:modified_time\" content=\"2025-03-10T16:52:02+00:00\" \/>\n<meta property=\"og:image\" content=\"https:\/\/decora-zone.com\/wp-content\/uploads\/2023\/12\/Alfombra-Decorazone-Magic-azul-122a.jpg\" \/>\n\t<meta property=\"og:image:width\" content=\"1000\" \/>\n\t<meta property=\"og:image:height\" content=\"750\" \/>\n\t<meta property=\"og:image:type\" content=\"image\/jpeg\" \/>\n<meta name=\"twitter:label1\" content=\"Est. reading time\" \/>\n\t<meta name=\"twitter:data1\" content=\"1 minute\" \/>\n<script type=\"application\/ld+json\" class=\"yoast-schema-graph\">{\"@context\":\"https:\\\/\\\/schema.org\",\"@graph\":[{\"@type\":\"WebPage\",\"@id\":\"https:\\\/\\\/decora-zone.com\\\/producto\\\/alfombra-magic-122\\\/\",\"url\":\"https:\\\/\\\/decora-zone.com\\\/producto\\\/alfombra-magic-122\\\/\",\"name\":\"Alfombra Magic 122 Alfombra Magic 122 - Decora-zone\",\"isPartOf\":{\"@id\":\"https:\\\/\\\/decora-zone.com\\\/#website\"},\"primaryImageOfPage\":{\"@id\":\"https:\\\/\\\/decora-zone.com\\\/producto\\\/alfombra-magic-122\\\/#primaryimage\"},\"image\":{\"@id\":\"https:\\\/\\\/decora-zone.com\\\/producto\\\/alfombra-magic-122\\\/#primaryimage\"},\"thumbnailUrl\":\"https:\\\/\\\/decora-zone.com\\\/wp-content\\\/uploads\\\/2023\\\/12\\\/Alfombra-Decorazone-Magic-azul-122a.jpg\",\"datePublished\":\"2023-12-20T17:19:23+00:00\",\"dateModified\":\"2025-03-10T16:52:02+00:00\",\"description\":\"Alfombra Magic 122 con dise\u00f1o geom\u00e9trico de la firma de referencia nacional Sualsa disponible en bieg o azul en Decorazone de Bilbao\",\"breadcrumb\":{\"@id\":\"https:\\\/\\\/decora-zone.com\\\/producto\\\/alfombra-magic-122\\\/#breadcrumb\"},\"inLanguage\":\"en-US\",\"potentialAction\":[{\"@type\":\"ReadAction\",\"target\":[\"https:\\\/\\\/decora-zone.com\\\/producto\\\/alfombra-magic-122\\\/\"]}]},{\"@type\":\"ImageObject\",\"inLanguage\":\"en-US\",\"@id\":\"https:\\\/\\\/decora-zone.com\\\/producto\\\/alfombra-magic-122\\\/#primaryimage\",\"url\":\"https:\\\/\\\/decora-zone.com\\\/wp-content\\\/uploads\\\/2023\\\/12\\\/Alfombra-Decorazone-Magic-azul-122a.jpg\",\"contentUrl\":\"https:\\\/\\\/decora-zone.com\\\/wp-content\\\/uploads\\\/2023\\\/12\\\/Alfombra-Decorazone-Magic-azul-122a.jpg\",\"width\":1000,\"height\":750,\"caption\":\"Alfombra Magic azul 122\"},{\"@type\":\"BreadcrumbList\",\"@id\":\"https:\\\/\\\/decora-zone.com\\\/producto\\\/alfombra-magic-122\\\/#breadcrumb\",\"itemListElement\":[{\"@type\":\"ListItem\",\"position\":1,\"name\":\"Portada\",\"item\":\"https:\\\/\\\/decora-zone.com\\\/\"},{\"@type\":\"ListItem\",\"position\":2,\"name\":\"Productos\",\"item\":\"https:\\\/\\\/decora-zone.com\\\/tienda-alfombras-cortinas-bilbao\\\/\"},{\"@type\":\"ListItem\",\"position\":3,\"name\":\"Alfombra Magic 122\"}]},{\"@type\":\"WebSite\",\"@id\":\"https:\\\/\\\/decora-zone.com\\\/#website\",\"url\":\"https:\\\/\\\/decora-zone.com\\\/\",\"name\":\"Decora-zone\",\"description\":\"Especialistas en cortinas y alfombras de dise\u00f1o en Bilbao\",\"publisher\":{\"@id\":\"https:\\\/\\\/decora-zone.com\\\/#organization\"},\"potentialAction\":[{\"@type\":\"SearchAction\",\"target\":{\"@type\":\"EntryPoint\",\"urlTemplate\":\"https:\\\/\\\/decora-zone.com\\\/?s={search_term_string}\"},\"query-input\":{\"@type\":\"PropertyValueSpecification\",\"valueRequired\":true,\"valueName\":\"search_term_string\"}}],\"inLanguage\":\"en-US\"},{\"@type\":\"Organization\",\"@id\":\"https:\\\/\\\/decora-zone.com\\\/#organization\",\"name\":\"Decora-Zone Tienda de Decoraci\u00f3n en Bilbao\",\"url\":\"https:\\\/\\\/decora-zone.com\\\/\",\"logo\":{\"@type\":\"ImageObject\",\"inLanguage\":\"en-US\",\"@id\":\"https:\\\/\\\/decora-zone.com\\\/#\\\/schema\\\/logo\\\/image\\\/\",\"url\":\"https:\\\/\\\/decora-zone.com\\\/wp-content\\\/uploads\\\/2014\\\/02\\\/logotipo-decora-zone-alfombras-cortinas-decoracion-bilbao.jpg\",\"contentUrl\":\"https:\\\/\\\/decora-zone.com\\\/wp-content\\\/uploads\\\/2014\\\/02\\\/logotipo-decora-zone-alfombras-cortinas-decoracion-bilbao.jpg\",\"width\":484,\"height\":230,\"caption\":\"Decora-Zone Tienda de Decoraci\u00f3n en Bilbao\"},\"image\":{\"@id\":\"https:\\\/\\\/decora-zone.com\\\/#\\\/schema\\\/logo\\\/image\\\/\"},\"sameAs\":[\"https:\\\/\\\/www.facebook.com\\\/decorazone.bilbao\\\/\",\"https:\\\/\\\/www.instagram.com\\\/decora_zone_\\\/\",\"https:\\\/\\\/co.pinterest.com\\\/Decora_Zone\\\/\"]}]}<\/script>\n<!-- \/ Yoast SEO plugin. -->","yoast_head_json":{"title":"Alfombra Magic 122 Alfombra Magic 122 - Decora-zone","description":"Alfombra Magic 122 con dise\u00f1o geom\u00e9trico de la firma de referencia nacional Sualsa disponible en bieg o azul en Decorazone de Bilbao","robots":{"index":"index","follow":"follow","max-snippet":"max-snippet:-1","max-image-preview":"max-image-preview:large","max-video-preview":"max-video-preview:-1"},"canonical":"https:\/\/decora-zone.com\/producto\/alfombra-magic-122\/","og_locale":"en_US","og_type":"article","og_title":"Alfombra Magic 122 Alfombra Magic 122 - Decora-zone","og_description":"Alfombra Magic 122 con dise\u00f1o geom\u00e9trico de la firma de referencia nacional Sualsa disponible en bieg o azul en Decorazone de Bilbao","og_url":"https:\/\/decora-zone.com\/producto\/alfombra-magic-122\/","og_site_name":"Decora-zone","article_publisher":"https:\/\/www.facebook.com\/decorazone.bilbao\/","article_modified_time":"2025-03-10T16:52:02+00:00","og_image":[{"width":1000,"height":750,"url":"https:\/\/decora-zone.com\/wp-content\/uploads\/2023\/12\/Alfombra-Decorazone-Magic-azul-122a.jpg","type":"image\/jpeg"}],"twitter_misc":{"Est. reading time":"1 minute"},"schema":{"@context":"https:\/\/schema.org","@graph":[{"@type":"WebPage","@id":"https:\/\/decora-zone.com\/producto\/alfombra-magic-122\/","url":"https:\/\/decora-zone.com\/producto\/alfombra-magic-122\/","name":"Alfombra Magic 122 Alfombra Magic 122 - Decora-zone","isPartOf":{"@id":"https:\/\/decora-zone.com\/#website"},"primaryImageOfPage":{"@id":"https:\/\/decora-zone.com\/producto\/alfombra-magic-122\/#primaryimage"},"image":{"@id":"https:\/\/decora-zone.com\/producto\/alfombra-magic-122\/#primaryimage"},"thumbnailUrl":"https:\/\/decora-zone.com\/wp-content\/uploads\/2023\/12\/Alfombra-Decorazone-Magic-azul-122a.jpg","datePublished":"2023-12-20T17:19:23+00:00","dateModified":"2025-03-10T16:52:02+00:00","description":"Alfombra Magic 122 con dise\u00f1o geom\u00e9trico de la firma de referencia nacional Sualsa disponible en bieg o azul en Decorazone de Bilbao","breadcrumb":{"@id":"https:\/\/decora-zone.com\/producto\/alfombra-magic-122\/#breadcrumb"},"inLanguage":"en-US","potentialAction":[{"@type":"ReadAction","target":["https:\/\/decora-zone.com\/producto\/alfombra-magic-122\/"]}]},{"@type":"ImageObject","inLanguage":"en-US","@id":"https:\/\/decora-zone.com\/producto\/alfombra-magic-122\/#primaryimage","url":"https:\/\/decora-zone.com\/wp-content\/uploads\/2023\/12\/Alfombra-Decorazone-Magic-azul-122a.jpg","contentUrl":"https:\/\/decora-zone.com\/wp-content\/uploads\/2023\/12\/Alfombra-Decorazone-Magic-azul-122a.jpg","width":1000,"height":750,"caption":"Alfombra Magic azul 122"},{"@type":"BreadcrumbList","@id":"https:\/\/decora-zone.com\/producto\/alfombra-magic-122\/#breadcrumb","itemListElement":[{"@type":"ListItem","position":1,"name":"Portada","item":"https:\/\/decora-zone.com\/"},{"@type":"ListItem","position":2,"name":"Productos","item":"https:\/\/decora-zone.com\/tienda-alfombras-cortinas-bilbao\/"},{"@type":"ListItem","position":3,"name":"Alfombra Magic 122"}]},{"@type":"WebSite","@id":"https:\/\/decora-zone.com\/#website","url":"https:\/\/decora-zone.com\/","name":"Decora-zone","description":"Especialistas en cortinas y alfombras de dise\u00f1o en Bilbao","publisher":{"@id":"https:\/\/decora-zone.com\/#organization"},"potentialAction":[{"@type":"SearchAction","target":{"@type":"EntryPoint","urlTemplate":"https:\/\/decora-zone.com\/?s={search_term_string}"},"query-input":{"@type":"PropertyValueSpecification","valueRequired":true,"valueName":"search_term_string"}}],"inLanguage":"en-US"},{"@type":"Organization","@id":"https:\/\/decora-zone.com\/#organization","name":"Decora-Zone Tienda de Decoraci\u00f3n en Bilbao","url":"https:\/\/decora-zone.com\/","logo":{"@type":"ImageObject","inLanguage":"en-US","@id":"https:\/\/decora-zone.com\/#\/schema\/logo\/image\/","url":"https:\/\/decora-zone.com\/wp-content\/uploads\/2014\/02\/logotipo-decora-zone-alfombras-cortinas-decoracion-bilbao.jpg","contentUrl":"https:\/\/decora-zone.com\/wp-content\/uploads\/2014\/02\/logotipo-decora-zone-alfombras-cortinas-decoracion-bilbao.jpg","width":484,"height":230,"caption":"Decora-Zone Tienda de Decoraci\u00f3n en Bilbao"},"image":{"@id":"https:\/\/decora-zone.com\/#\/schema\/logo\/image\/"},"sameAs":["https:\/\/www.facebook.com\/decorazone.bilbao\/","https:\/\/www.instagram.com\/decora_zone_\/","https:\/\/co.pinterest.com\/Decora_Zone\/"]}]}},"_links":{"self":[{"href":"https:\/\/decora-zone.com\/en\/wp-json\/wp\/v2\/product\/16253","targetHints":{"allow":["GET"]}}],"collection":[{"href":"https:\/\/decora-zone.com\/en\/wp-json\/wp\/v2\/product"}],"about":[{"href":"https:\/\/decora-zone.com\/en\/wp-json\/wp\/v2\/types\/product"}],"replies":[{"embeddable":true,"href":"https:\/\/decora-zone.com\/en\/wp-json\/wp\/v2\/comments?post=16253"}],"wp:featuredmedia":[{"embeddable":true,"href":"https:\/\/decora-zone.com\/en\/wp-json\/wp\/v2\/media\/16259"}],"wp:attachment":[{"href":"https:\/\/decora-zone.com\/en\/wp-json\/wp\/v2\/media?parent=16253"}],"wp:term":[{"taxonomy":"product_brand","embeddable":true,"href":"https:\/\/decora-zone.com\/en\/wp-json\/wp\/v2\/product_brand?post=16253"},{"taxonomy":"product_cat","embeddable":true,"href":"https:\/\/decora-zone.com\/en\/wp-json\/wp\/v2\/product_cat?post=16253"},{"taxonomy":"product_tag","embeddable":true,"href":"https:\/\/decora-zone.com\/en\/wp-json\/wp\/v2\/product_tag?post=16253"}],"curies":[{"name":"wp","href":"https:\/\/api.w.org\/{rel}","templated":true}]}}