{"id":16177,"date":"2023-11-28T20:51:27","date_gmt":"2023-11-28T18:51:27","guid":{"rendered":"https:\/\/decora-zone.com\/?post_type=product&#038;p=16177"},"modified":"2025-03-10T17:52:05","modified_gmt":"2025-03-10T16:52:05","slug":"alfombra-casa-c-17","status":"publish","type":"product","link":"https:\/\/decora-zone.com\/en\/producto\/alfombra-casa-c-17\/","title":{"rendered":"Alfombra Casa C-17"},"content":{"rendered":"<p><strong>Alfombra Casa C-17<\/strong><\/p>\n<p><strong>100% Poliacr\u00edlico Heat-Set<\/strong><\/p>\n<p>Presentada por la firma de referencia nacional Sualsa, la calidad Casa son alfombras acr\u00edlicas fabricadas en\u00a0 Crevillente.<\/p>\n<p>Transforma tus espacios con la Alfombra Casa C-17 de Sualsa y sum\u00e9rgete en un mundo de confort y belleza. Una alfombra de dise\u00f1o estampado geom\u00e9trico. Est\u00e1 fabricada en 100 % poliacr\u00edlico heat-set, un material que ofrece una gran resistencia al desgaste y a las manchas.<\/p>\n<p data-sourcepos=\"5:1-5:215\">El dise\u00f1o estampado, con motivos geometricos, crea un ambiente acogedor y elegante en cualquier estancia. Es una alfombra vers\u00e1til y duradera que se adaptar\u00e1 a cualquier estilo de decoraci\u00f3n.<\/p>\n<p>Transforma tus espacios con la Alfombra Casa C-17 de Sualsa y sum\u00e9rgete en un mundo de confort y belleza.<\/p>\n<p>Una excelente opci\u00f3n para quienes buscan una alfombra de calidad, con un dise\u00f1o elegante y a un precio asequible.<\/p>\n<p data-sourcepos=\"9:1-9:20\"><strong>Caracter\u00edsticas:<\/strong><\/p>\n<ul data-sourcepos=\"11:1-18:0\">\n<li data-sourcepos=\"11:1-11:39\">Material: 100 % poliacr\u00edlico heat-set<\/li>\n<li data-sourcepos=\"12:1-12:26\">Grosor:\u00a0 13 mm<\/li>\n<li data-sourcepos=\"14:1-14:18\">Dise\u00f1o estampado<\/li>\n<li data-sourcepos=\"14:1-14:18\">Disponible al corte en ancho de 0.67 cm<\/li>\n<\/ul>\n<p data-sourcepos=\"19:1-19:29\"><strong>Limpieza y mantenimiento:<\/strong><\/p>\n<p data-sourcepos=\"21:1-21:223\">La alfombra Casa C-17 es f\u00e1cil de limpiar y mantener. Para su limpieza diaria, basta con pasar la aspiradora en la direcci\u00f3n del pelo. Para una limpieza m\u00e1s profunda, se recomienda utilizar un detergente neutro y agua fr\u00eda.<\/p>\n<p><strong>Si est\u00e1 interesado en alguno de nuestros art\u00edculos que est\u00e9n sin stock, puede reservarlos poni\u00e9ndose en <a href=\"http:\/\/decora-zone.com\/contacto-decora-zone-alfombras-cortinas-decoracion-bilbao\/\">contacto con nosotros<\/a>.<\/strong><\/p>\n","protected":false},"excerpt":{"rendered":"<p><strong>100% Poliacr\u00edlico Heat-Set<\/strong><\/p>\n<p>Presentada por la firma de referencia nacional Sualsa, la calidad Casa son alfombras acr\u00edlicas fabricadas en\u00a0 Crevillente.<\/p>\n<p>Transforma tus espacios con la Alfombra Casa C-17 de Sualsa y sum\u00e9rgete en un mundo de confort y belleza. Una alfombra de dise\u00f1o estampado geom\u00e9trico. Est\u00e1 fabricada en 100 % poliacr\u00edlico heat-set, un material que ofrece una gran resistencia al desgaste y a las manchas.<\/p>\n<p data-sourcepos=\"5:1-5:215\">El dise\u00f1o estampado, con motivos geometricos, crea un ambiente acogedor y elegante en cualquier estancia. Es una alfombra vers\u00e1til y duradera que se adaptar\u00e1 a cualquier estilo de decoraci\u00f3n.<\/p>\n<p>Transforma tus espacios con la Alfombra Casa C-17 de Sualsa y sum\u00e9rgete en un mundo de confort y belleza.<\/p>\n<p>Una excelente opci\u00f3n para quienes buscan una alfombra de calidad, con un dise\u00f1o elegante y a un precio asequible.<\/p>\n","protected":false},"featured_media":16176,"comment_status":"open","ping_status":"closed","template":"","meta":[],"product_brand":[],"product_cat":[56,21],"product_tag":[22,32,448,28,27,23,24,447,29,410],"class_list":{"0":"post-16177","1":"product","2":"type-product","3":"status-publish","4":"has-post-thumbnail","6":"product_cat-alfombras-acrilicas-en-bilbao-tienda-decoracion-bilbao-santutxu","7":"product_cat-alfombras-bilbao-tienda-decoracion-santutxu","8":"product_tag-acrilicas","9":"product_tag-alfombras","10":"product_tag-antideslizante","11":"product_tag-bilbao","12":"product_tag-decora-zone","13":"product_tag-decoracion","14":"product_tag-hogar","15":"product_tag-lavable","16":"product_tag-santutxu","17":"product_tag-sualsa","18":"pa_medida-100x150cm","19":"pa_medida-133x190cm","20":"pa_medida-160x235cm","21":"pa_medida-200x285cm","23":"first","24":"outofstock","25":"sale","26":"shipping-taxable","27":"purchasable","28":"product-type-variable"},"yoast_head":"<!-- This site is optimized with the Yoast SEO plugin v27.5 - https:\/\/yoast.com\/product\/yoast-seo-wordpress\/ -->\n<title>Alfombra Casa C-17 Alfombra Casa C-17 geom\u00e9trica - Decora-zone<\/title>\n<meta name=\"description\" content=\"Alfombra Casa C-17 con dise\u00f1o geom\u00e9trico de la firma de referencia nacional Sualsa disponible en seis colores b\u00e1sicos en Decorazone de Bilbao\" \/>\n<meta name=\"robots\" content=\"index, follow, max-snippet:-1, max-image-preview:large, max-video-preview:-1\" \/>\n<link rel=\"canonical\" href=\"https:\/\/decora-zone.com\/producto\/alfombra-casa-c-17\/\" \/>\n<meta property=\"og:locale\" content=\"en_US\" \/>\n<meta property=\"og:type\" content=\"article\" \/>\n<meta property=\"og:title\" content=\"Alfombra Casa C-17 Alfombra Casa C-17 geom\u00e9trica - Decora-zone\" \/>\n<meta property=\"og:description\" content=\"Alfombra Casa C-17 con dise\u00f1o geom\u00e9trico de la firma de referencia nacional Sualsa disponible en seis colores b\u00e1sicos en Decorazone de Bilbao\" \/>\n<meta property=\"og:url\" content=\"https:\/\/decora-zone.com\/producto\/alfombra-casa-c-17\/\" \/>\n<meta property=\"og:site_name\" content=\"Decora-zone\" \/>\n<meta property=\"article:publisher\" content=\"https:\/\/www.facebook.com\/decorazone.bilbao\/\" \/>\n<meta property=\"article:modified_time\" content=\"2025-03-10T16:52:05+00:00\" \/>\n<meta property=\"og:image\" content=\"https:\/\/decora-zone.com\/wp-content\/uploads\/2023\/11\/Alfombra-Decorazone-Casa-C-17a.jpg\" \/>\n\t<meta property=\"og:image:width\" content=\"1000\" \/>\n\t<meta property=\"og:image:height\" content=\"1057\" \/>\n\t<meta property=\"og:image:type\" content=\"image\/jpeg\" \/>\n<meta name=\"twitter:label1\" content=\"Est. reading time\" \/>\n\t<meta name=\"twitter:data1\" content=\"1 minute\" \/>\n<script type=\"application\/ld+json\" class=\"yoast-schema-graph\">{\"@context\":\"https:\\\/\\\/schema.org\",\"@graph\":[{\"@type\":\"WebPage\",\"@id\":\"https:\\\/\\\/decora-zone.com\\\/producto\\\/alfombra-casa-c-17\\\/\",\"url\":\"https:\\\/\\\/decora-zone.com\\\/producto\\\/alfombra-casa-c-17\\\/\",\"name\":\"Alfombra Casa C-17 Alfombra Casa C-17 geom\u00e9trica - Decora-zone\",\"isPartOf\":{\"@id\":\"https:\\\/\\\/decora-zone.com\\\/#website\"},\"primaryImageOfPage\":{\"@id\":\"https:\\\/\\\/decora-zone.com\\\/producto\\\/alfombra-casa-c-17\\\/#primaryimage\"},\"image\":{\"@id\":\"https:\\\/\\\/decora-zone.com\\\/producto\\\/alfombra-casa-c-17\\\/#primaryimage\"},\"thumbnailUrl\":\"https:\\\/\\\/decora-zone.com\\\/wp-content\\\/uploads\\\/2023\\\/11\\\/Alfombra-Decorazone-Casa-C-17a.jpg\",\"datePublished\":\"2023-11-28T18:51:27+00:00\",\"dateModified\":\"2025-03-10T16:52:05+00:00\",\"description\":\"Alfombra Casa C-17 con dise\u00f1o geom\u00e9trico de la firma de referencia nacional Sualsa disponible en seis colores b\u00e1sicos en Decorazone de Bilbao\",\"breadcrumb\":{\"@id\":\"https:\\\/\\\/decora-zone.com\\\/producto\\\/alfombra-casa-c-17\\\/#breadcrumb\"},\"inLanguage\":\"en-US\",\"potentialAction\":[{\"@type\":\"ReadAction\",\"target\":[\"https:\\\/\\\/decora-zone.com\\\/producto\\\/alfombra-casa-c-17\\\/\"]}]},{\"@type\":\"ImageObject\",\"inLanguage\":\"en-US\",\"@id\":\"https:\\\/\\\/decora-zone.com\\\/producto\\\/alfombra-casa-c-17\\\/#primaryimage\",\"url\":\"https:\\\/\\\/decora-zone.com\\\/wp-content\\\/uploads\\\/2023\\\/11\\\/Alfombra-Decorazone-Casa-C-17a.jpg\",\"contentUrl\":\"https:\\\/\\\/decora-zone.com\\\/wp-content\\\/uploads\\\/2023\\\/11\\\/Alfombra-Decorazone-Casa-C-17a.jpg\",\"width\":1000,\"height\":1057,\"caption\":\"Alfombra Casa C-17\"},{\"@type\":\"BreadcrumbList\",\"@id\":\"https:\\\/\\\/decora-zone.com\\\/producto\\\/alfombra-casa-c-17\\\/#breadcrumb\",\"itemListElement\":[{\"@type\":\"ListItem\",\"position\":1,\"name\":\"Portada\",\"item\":\"https:\\\/\\\/decora-zone.com\\\/\"},{\"@type\":\"ListItem\",\"position\":2,\"name\":\"Productos\",\"item\":\"https:\\\/\\\/decora-zone.com\\\/tienda-alfombras-cortinas-bilbao\\\/\"},{\"@type\":\"ListItem\",\"position\":3,\"name\":\"Alfombra Casa C-17\"}]},{\"@type\":\"WebSite\",\"@id\":\"https:\\\/\\\/decora-zone.com\\\/#website\",\"url\":\"https:\\\/\\\/decora-zone.com\\\/\",\"name\":\"Decora-zone\",\"description\":\"Especialistas en cortinas y alfombras de dise\u00f1o en Bilbao\",\"publisher\":{\"@id\":\"https:\\\/\\\/decora-zone.com\\\/#organization\"},\"potentialAction\":[{\"@type\":\"SearchAction\",\"target\":{\"@type\":\"EntryPoint\",\"urlTemplate\":\"https:\\\/\\\/decora-zone.com\\\/?s={search_term_string}\"},\"query-input\":{\"@type\":\"PropertyValueSpecification\",\"valueRequired\":true,\"valueName\":\"search_term_string\"}}],\"inLanguage\":\"en-US\"},{\"@type\":\"Organization\",\"@id\":\"https:\\\/\\\/decora-zone.com\\\/#organization\",\"name\":\"Decora-Zone Tienda de Decoraci\u00f3n en Bilbao\",\"url\":\"https:\\\/\\\/decora-zone.com\\\/\",\"logo\":{\"@type\":\"ImageObject\",\"inLanguage\":\"en-US\",\"@id\":\"https:\\\/\\\/decora-zone.com\\\/#\\\/schema\\\/logo\\\/image\\\/\",\"url\":\"https:\\\/\\\/decora-zone.com\\\/wp-content\\\/uploads\\\/2014\\\/02\\\/logotipo-decora-zone-alfombras-cortinas-decoracion-bilbao.jpg\",\"contentUrl\":\"https:\\\/\\\/decora-zone.com\\\/wp-content\\\/uploads\\\/2014\\\/02\\\/logotipo-decora-zone-alfombras-cortinas-decoracion-bilbao.jpg\",\"width\":484,\"height\":230,\"caption\":\"Decora-Zone Tienda de Decoraci\u00f3n en Bilbao\"},\"image\":{\"@id\":\"https:\\\/\\\/decora-zone.com\\\/#\\\/schema\\\/logo\\\/image\\\/\"},\"sameAs\":[\"https:\\\/\\\/www.facebook.com\\\/decorazone.bilbao\\\/\",\"https:\\\/\\\/www.instagram.com\\\/decora_zone_\\\/\",\"https:\\\/\\\/co.pinterest.com\\\/Decora_Zone\\\/\"]}]}<\/script>\n<!-- \/ Yoast SEO plugin. -->","yoast_head_json":{"title":"Alfombra Casa C-17 Alfombra Casa C-17 geom\u00e9trica - Decora-zone","description":"Alfombra Casa C-17 con dise\u00f1o geom\u00e9trico de la firma de referencia nacional Sualsa disponible en seis colores b\u00e1sicos en Decorazone de Bilbao","robots":{"index":"index","follow":"follow","max-snippet":"max-snippet:-1","max-image-preview":"max-image-preview:large","max-video-preview":"max-video-preview:-1"},"canonical":"https:\/\/decora-zone.com\/producto\/alfombra-casa-c-17\/","og_locale":"en_US","og_type":"article","og_title":"Alfombra Casa C-17 Alfombra Casa C-17 geom\u00e9trica - Decora-zone","og_description":"Alfombra Casa C-17 con dise\u00f1o geom\u00e9trico de la firma de referencia nacional Sualsa disponible en seis colores b\u00e1sicos en Decorazone de Bilbao","og_url":"https:\/\/decora-zone.com\/producto\/alfombra-casa-c-17\/","og_site_name":"Decora-zone","article_publisher":"https:\/\/www.facebook.com\/decorazone.bilbao\/","article_modified_time":"2025-03-10T16:52:05+00:00","og_image":[{"width":1000,"height":1057,"url":"https:\/\/decora-zone.com\/wp-content\/uploads\/2023\/11\/Alfombra-Decorazone-Casa-C-17a.jpg","type":"image\/jpeg"}],"twitter_misc":{"Est. reading time":"1 minute"},"schema":{"@context":"https:\/\/schema.org","@graph":[{"@type":"WebPage","@id":"https:\/\/decora-zone.com\/producto\/alfombra-casa-c-17\/","url":"https:\/\/decora-zone.com\/producto\/alfombra-casa-c-17\/","name":"Alfombra Casa C-17 Alfombra Casa C-17 geom\u00e9trica - Decora-zone","isPartOf":{"@id":"https:\/\/decora-zone.com\/#website"},"primaryImageOfPage":{"@id":"https:\/\/decora-zone.com\/producto\/alfombra-casa-c-17\/#primaryimage"},"image":{"@id":"https:\/\/decora-zone.com\/producto\/alfombra-casa-c-17\/#primaryimage"},"thumbnailUrl":"https:\/\/decora-zone.com\/wp-content\/uploads\/2023\/11\/Alfombra-Decorazone-Casa-C-17a.jpg","datePublished":"2023-11-28T18:51:27+00:00","dateModified":"2025-03-10T16:52:05+00:00","description":"Alfombra Casa C-17 con dise\u00f1o geom\u00e9trico de la firma de referencia nacional Sualsa disponible en seis colores b\u00e1sicos en Decorazone de Bilbao","breadcrumb":{"@id":"https:\/\/decora-zone.com\/producto\/alfombra-casa-c-17\/#breadcrumb"},"inLanguage":"en-US","potentialAction":[{"@type":"ReadAction","target":["https:\/\/decora-zone.com\/producto\/alfombra-casa-c-17\/"]}]},{"@type":"ImageObject","inLanguage":"en-US","@id":"https:\/\/decora-zone.com\/producto\/alfombra-casa-c-17\/#primaryimage","url":"https:\/\/decora-zone.com\/wp-content\/uploads\/2023\/11\/Alfombra-Decorazone-Casa-C-17a.jpg","contentUrl":"https:\/\/decora-zone.com\/wp-content\/uploads\/2023\/11\/Alfombra-Decorazone-Casa-C-17a.jpg","width":1000,"height":1057,"caption":"Alfombra Casa C-17"},{"@type":"BreadcrumbList","@id":"https:\/\/decora-zone.com\/producto\/alfombra-casa-c-17\/#breadcrumb","itemListElement":[{"@type":"ListItem","position":1,"name":"Portada","item":"https:\/\/decora-zone.com\/"},{"@type":"ListItem","position":2,"name":"Productos","item":"https:\/\/decora-zone.com\/tienda-alfombras-cortinas-bilbao\/"},{"@type":"ListItem","position":3,"name":"Alfombra Casa C-17"}]},{"@type":"WebSite","@id":"https:\/\/decora-zone.com\/#website","url":"https:\/\/decora-zone.com\/","name":"Decora-zone","description":"Especialistas en cortinas y alfombras de dise\u00f1o en Bilbao","publisher":{"@id":"https:\/\/decora-zone.com\/#organization"},"potentialAction":[{"@type":"SearchAction","target":{"@type":"EntryPoint","urlTemplate":"https:\/\/decora-zone.com\/?s={search_term_string}"},"query-input":{"@type":"PropertyValueSpecification","valueRequired":true,"valueName":"search_term_string"}}],"inLanguage":"en-US"},{"@type":"Organization","@id":"https:\/\/decora-zone.com\/#organization","name":"Decora-Zone Tienda de Decoraci\u00f3n en Bilbao","url":"https:\/\/decora-zone.com\/","logo":{"@type":"ImageObject","inLanguage":"en-US","@id":"https:\/\/decora-zone.com\/#\/schema\/logo\/image\/","url":"https:\/\/decora-zone.com\/wp-content\/uploads\/2014\/02\/logotipo-decora-zone-alfombras-cortinas-decoracion-bilbao.jpg","contentUrl":"https:\/\/decora-zone.com\/wp-content\/uploads\/2014\/02\/logotipo-decora-zone-alfombras-cortinas-decoracion-bilbao.jpg","width":484,"height":230,"caption":"Decora-Zone Tienda de Decoraci\u00f3n en Bilbao"},"image":{"@id":"https:\/\/decora-zone.com\/#\/schema\/logo\/image\/"},"sameAs":["https:\/\/www.facebook.com\/decorazone.bilbao\/","https:\/\/www.instagram.com\/decora_zone_\/","https:\/\/co.pinterest.com\/Decora_Zone\/"]}]}},"_links":{"self":[{"href":"https:\/\/decora-zone.com\/en\/wp-json\/wp\/v2\/product\/16177","targetHints":{"allow":["GET"]}}],"collection":[{"href":"https:\/\/decora-zone.com\/en\/wp-json\/wp\/v2\/product"}],"about":[{"href":"https:\/\/decora-zone.com\/en\/wp-json\/wp\/v2\/types\/product"}],"replies":[{"embeddable":true,"href":"https:\/\/decora-zone.com\/en\/wp-json\/wp\/v2\/comments?post=16177"}],"wp:featuredmedia":[{"embeddable":true,"href":"https:\/\/decora-zone.com\/en\/wp-json\/wp\/v2\/media\/16176"}],"wp:attachment":[{"href":"https:\/\/decora-zone.com\/en\/wp-json\/wp\/v2\/media?parent=16177"}],"wp:term":[{"taxonomy":"product_brand","embeddable":true,"href":"https:\/\/decora-zone.com\/en\/wp-json\/wp\/v2\/product_brand?post=16177"},{"taxonomy":"product_cat","embeddable":true,"href":"https:\/\/decora-zone.com\/en\/wp-json\/wp\/v2\/product_cat?post=16177"},{"taxonomy":"product_tag","embeddable":true,"href":"https:\/\/decora-zone.com\/en\/wp-json\/wp\/v2\/product_tag?post=16177"}],"curies":[{"name":"wp","href":"https:\/\/api.w.org\/{rel}","templated":true}]}}