{"id":16017,"date":"2023-11-20T18:28:55","date_gmt":"2023-11-20T16:28:55","guid":{"rendered":"https:\/\/decora-zone.com\/?post_type=product&#038;p=16017"},"modified":"2025-03-10T17:52:06","modified_gmt":"2025-03-10T16:52:06","slug":"alfombra-nepal-lisa","status":"publish","type":"product","link":"https:\/\/decora-zone.com\/en\/producto\/alfombra-nepal-lisa\/","title":{"rendered":"Alfombra Nepal lisa"},"content":{"rendered":"<p><strong>Alfombra Nepal lisa<\/strong><\/p>\n<p><strong>100% Poli\u00e9ster<\/strong><\/p>\n<p>Presentada por la firma de referencia nacional Sualsa, la calidad Nepal son alfombras acr\u00edlicas fabricadas en Crevillente.\u00a0<\/p>\n<p data-sourcepos=\"3:1-3:95\">Dale un toque de elegancia y sofisticaci\u00f3n a tu hogar con la alfombra Nepal lisa de Sualsa.<\/p>\n<p data-sourcepos=\"5:1-5:119\">Esta alfombra est\u00e1 fabricada en poli\u00e9ster, un material de alta calidad que es suave, resistente y f\u00e1cil de limpiar.<\/p>\n<p data-sourcepos=\"7:1-7:91\">Su dise\u00f1o liso en tonos neutros es atemporal y combina con cualquier estilo decorativo.<\/p>\n<p data-sourcepos=\"9:1-9:110\">La alfombra Nepal lisa es perfecta para cualquier estancia de la casa, desde el sal\u00f3n hasta el dormitorio.<\/p>\n<p data-sourcepos=\"11:1-11:59\">Es ideal para crear un ambiente acogedor y confortable.<\/p>\n<p data-sourcepos=\"13:1-13:20\"><strong>Caracter\u00edsticas:<\/strong><\/p>\n<ul data-sourcepos=\"15:1-19:0\">\n<li data-sourcepos=\"15:1-15:21\">Material: Poli\u00e9ster<\/li>\n<li data-sourcepos=\"16:1-16:14\">Grosor: 8 mm<\/li>\n<li data-sourcepos=\"17:1-17:14\">Dise\u00f1o: Liso<\/li>\n<li data-sourcepos=\"18:1-19:0\">Colores disponibles: Marr\u00f3n, Beige, Gris, Marfil, Salm\u00f3n<\/li>\n<\/ul>\n<p data-sourcepos=\"20:1-20:18\"><strong>Mantenimiento:<\/strong><\/p>\n<ul data-sourcepos=\"22:1-24:0\">\n<li data-sourcepos=\"22:1-22:22\">Aspirar regularmente<\/li>\n<li data-sourcepos=\"23:1-24:0\">Limpiar con un pa\u00f1o h\u00famedo<\/li>\n<\/ul>\n<p><strong>Si est\u00e1 interesado en alguno de nuestros art\u00edculos que est\u00e9n sin stock, puede reservarlos poni\u00e9ndose en <a href=\"http:\/\/decora-zone.com\/contacto-decora-zone-alfombras-cortinas-decoracion-bilbao\/\">contacto con nosotros<\/a>.<\/strong><\/p>\n","protected":false},"excerpt":{"rendered":"<p><strong>Alfombra Nepal lisa<\/strong><\/p>\n<p><strong>100% Poli\u00e9ster<\/strong><\/p>\n<p>Presentada por la firma de referencia nacional Sualsa, la calidad Nepal son alfombras acr\u00edlicas fabricadas en Crevillente.\u00a0<\/p>\n<p data-sourcepos=\"3:1-3:95\">Dale un toque de elegancia y sofisticaci\u00f3n a tu hogar con la alfombra Nepal lisa de Sualsa.<\/p>\n<p data-sourcepos=\"5:1-5:119\">Esta alfombra est\u00e1 fabricada en poli\u00e9ster, un material de alta calidad que es suave, resistente y f\u00e1cil de limpiar.<\/p>\n<p data-sourcepos=\"7:1-7:91\">Su dise\u00f1o liso en tonos neutros es atemporal y combina con cualquier estilo decorativo.<\/p>\n<p data-sourcepos=\"9:1-9:110\">La alfombra Nepal lisa es perfecta para cualquier estancia de la casa, desde el sal\u00f3n hasta el dormitorio.<\/p>\n<p data-sourcepos=\"11:1-11:59\">Es ideal para crear un ambiente acogedor y confortable.<\/p>\n","protected":false},"featured_media":16030,"comment_status":"open","ping_status":"closed","template":"","meta":[],"product_brand":[],"product_cat":[56,21],"product_tag":[22,32,28,27,23,24,29,410],"class_list":{"0":"post-16017","1":"product","2":"type-product","3":"status-publish","4":"has-post-thumbnail","6":"product_cat-alfombras-acrilicas-en-bilbao-tienda-decoracion-bilbao-santutxu","7":"product_cat-alfombras-bilbao-tienda-decoracion-santutxu","8":"product_tag-acrilicas","9":"product_tag-alfombras","10":"product_tag-bilbao","11":"product_tag-decora-zone","12":"product_tag-decoracion","13":"product_tag-hogar","14":"product_tag-santutxu","15":"product_tag-sualsa","16":"pa_medida-120x160cm","17":"pa_medida-133x190cm","18":"pa_medida-160x230cm","19":"pa_medida-200x290cm","20":"pa_medida-60x110cm","21":"pa_medida-67x130cm","22":"pa_medida-80x150cm","24":"first","25":"outofstock","26":"sale","27":"shipping-taxable","28":"purchasable","29":"product-type-variable"},"yoast_head":"<!-- This site is optimized with the Yoast SEO plugin v27.5 - https:\/\/yoast.com\/product\/yoast-seo-wordpress\/ -->\n<title>Alfombra Nepal lisa Alfombra Nepal lisa - Decora-zone<\/title>\n<meta name=\"description\" content=\"Alfombra nepal lisa acr\u00edlica de la firma de referencia nacional Sualsa para decoraci\u00f3n contempor\u00e1nea en Decora-Zone de Bilbao\" \/>\n<meta name=\"robots\" content=\"index, follow, max-snippet:-1, max-image-preview:large, max-video-preview:-1\" \/>\n<link rel=\"canonical\" href=\"https:\/\/decora-zone.com\/producto\/alfombra-nepal-lisa\/\" \/>\n<meta property=\"og:locale\" content=\"en_US\" \/>\n<meta property=\"og:type\" content=\"article\" \/>\n<meta property=\"og:title\" content=\"Alfombra Nepal lisa Alfombra Nepal lisa - Decora-zone\" \/>\n<meta property=\"og:description\" content=\"Alfombra nepal lisa acr\u00edlica de la firma de referencia nacional Sualsa para decoraci\u00f3n contempor\u00e1nea en Decora-Zone de Bilbao\" \/>\n<meta property=\"og:url\" content=\"https:\/\/decora-zone.com\/producto\/alfombra-nepal-lisa\/\" \/>\n<meta property=\"og:site_name\" content=\"Decora-zone\" \/>\n<meta property=\"article:publisher\" content=\"https:\/\/www.facebook.com\/decorazone.bilbao\/\" \/>\n<meta property=\"article:modified_time\" content=\"2025-03-10T16:52:06+00:00\" \/>\n<meta property=\"og:image\" content=\"https:\/\/decora-zone.com\/wp-content\/uploads\/2023\/11\/Alfombra-Decorazone-Nepal-liso-gris-a.jpg\" \/>\n\t<meta property=\"og:image:width\" content=\"673\" \/>\n\t<meta property=\"og:image:height\" content=\"554\" \/>\n\t<meta property=\"og:image:type\" content=\"image\/jpeg\" \/>\n<meta name=\"twitter:label1\" content=\"Est. reading time\" \/>\n\t<meta name=\"twitter:data1\" content=\"1 minute\" \/>\n<script type=\"application\/ld+json\" class=\"yoast-schema-graph\">{\"@context\":\"https:\\\/\\\/schema.org\",\"@graph\":[{\"@type\":\"WebPage\",\"@id\":\"https:\\\/\\\/decora-zone.com\\\/producto\\\/alfombra-nepal-lisa\\\/\",\"url\":\"https:\\\/\\\/decora-zone.com\\\/producto\\\/alfombra-nepal-lisa\\\/\",\"name\":\"Alfombra Nepal lisa Alfombra Nepal lisa - Decora-zone\",\"isPartOf\":{\"@id\":\"https:\\\/\\\/decora-zone.com\\\/#website\"},\"primaryImageOfPage\":{\"@id\":\"https:\\\/\\\/decora-zone.com\\\/producto\\\/alfombra-nepal-lisa\\\/#primaryimage\"},\"image\":{\"@id\":\"https:\\\/\\\/decora-zone.com\\\/producto\\\/alfombra-nepal-lisa\\\/#primaryimage\"},\"thumbnailUrl\":\"https:\\\/\\\/decora-zone.com\\\/wp-content\\\/uploads\\\/2023\\\/11\\\/Alfombra-Decorazone-Nepal-liso-gris-a.jpg\",\"datePublished\":\"2023-11-20T16:28:55+00:00\",\"dateModified\":\"2025-03-10T16:52:06+00:00\",\"description\":\"Alfombra nepal lisa acr\u00edlica de la firma de referencia nacional Sualsa para decoraci\u00f3n contempor\u00e1nea en Decora-Zone de Bilbao\",\"breadcrumb\":{\"@id\":\"https:\\\/\\\/decora-zone.com\\\/producto\\\/alfombra-nepal-lisa\\\/#breadcrumb\"},\"inLanguage\":\"en-US\",\"potentialAction\":[{\"@type\":\"ReadAction\",\"target\":[\"https:\\\/\\\/decora-zone.com\\\/producto\\\/alfombra-nepal-lisa\\\/\"]}]},{\"@type\":\"ImageObject\",\"inLanguage\":\"en-US\",\"@id\":\"https:\\\/\\\/decora-zone.com\\\/producto\\\/alfombra-nepal-lisa\\\/#primaryimage\",\"url\":\"https:\\\/\\\/decora-zone.com\\\/wp-content\\\/uploads\\\/2023\\\/11\\\/Alfombra-Decorazone-Nepal-liso-gris-a.jpg\",\"contentUrl\":\"https:\\\/\\\/decora-zone.com\\\/wp-content\\\/uploads\\\/2023\\\/11\\\/Alfombra-Decorazone-Nepal-liso-gris-a.jpg\",\"width\":673,\"height\":554,\"caption\":\"Alfombra Nepal lisa gris\"},{\"@type\":\"BreadcrumbList\",\"@id\":\"https:\\\/\\\/decora-zone.com\\\/producto\\\/alfombra-nepal-lisa\\\/#breadcrumb\",\"itemListElement\":[{\"@type\":\"ListItem\",\"position\":1,\"name\":\"Portada\",\"item\":\"https:\\\/\\\/decora-zone.com\\\/\"},{\"@type\":\"ListItem\",\"position\":2,\"name\":\"Productos\",\"item\":\"https:\\\/\\\/decora-zone.com\\\/tienda-alfombras-cortinas-bilbao\\\/\"},{\"@type\":\"ListItem\",\"position\":3,\"name\":\"Alfombra Nepal lisa\"}]},{\"@type\":\"WebSite\",\"@id\":\"https:\\\/\\\/decora-zone.com\\\/#website\",\"url\":\"https:\\\/\\\/decora-zone.com\\\/\",\"name\":\"Decora-zone\",\"description\":\"Especialistas en cortinas y alfombras de dise\u00f1o en Bilbao\",\"publisher\":{\"@id\":\"https:\\\/\\\/decora-zone.com\\\/#organization\"},\"potentialAction\":[{\"@type\":\"SearchAction\",\"target\":{\"@type\":\"EntryPoint\",\"urlTemplate\":\"https:\\\/\\\/decora-zone.com\\\/?s={search_term_string}\"},\"query-input\":{\"@type\":\"PropertyValueSpecification\",\"valueRequired\":true,\"valueName\":\"search_term_string\"}}],\"inLanguage\":\"en-US\"},{\"@type\":\"Organization\",\"@id\":\"https:\\\/\\\/decora-zone.com\\\/#organization\",\"name\":\"Decora-Zone Tienda de Decoraci\u00f3n en Bilbao\",\"url\":\"https:\\\/\\\/decora-zone.com\\\/\",\"logo\":{\"@type\":\"ImageObject\",\"inLanguage\":\"en-US\",\"@id\":\"https:\\\/\\\/decora-zone.com\\\/#\\\/schema\\\/logo\\\/image\\\/\",\"url\":\"https:\\\/\\\/decora-zone.com\\\/wp-content\\\/uploads\\\/2014\\\/02\\\/logotipo-decora-zone-alfombras-cortinas-decoracion-bilbao.jpg\",\"contentUrl\":\"https:\\\/\\\/decora-zone.com\\\/wp-content\\\/uploads\\\/2014\\\/02\\\/logotipo-decora-zone-alfombras-cortinas-decoracion-bilbao.jpg\",\"width\":484,\"height\":230,\"caption\":\"Decora-Zone Tienda de Decoraci\u00f3n en Bilbao\"},\"image\":{\"@id\":\"https:\\\/\\\/decora-zone.com\\\/#\\\/schema\\\/logo\\\/image\\\/\"},\"sameAs\":[\"https:\\\/\\\/www.facebook.com\\\/decorazone.bilbao\\\/\",\"https:\\\/\\\/www.instagram.com\\\/decora_zone_\\\/\",\"https:\\\/\\\/co.pinterest.com\\\/Decora_Zone\\\/\"]}]}<\/script>\n<!-- \/ Yoast SEO plugin. -->","yoast_head_json":{"title":"Alfombra Nepal lisa Alfombra Nepal lisa - Decora-zone","description":"Alfombra nepal lisa acr\u00edlica de la firma de referencia nacional Sualsa para decoraci\u00f3n contempor\u00e1nea en Decora-Zone de Bilbao","robots":{"index":"index","follow":"follow","max-snippet":"max-snippet:-1","max-image-preview":"max-image-preview:large","max-video-preview":"max-video-preview:-1"},"canonical":"https:\/\/decora-zone.com\/producto\/alfombra-nepal-lisa\/","og_locale":"en_US","og_type":"article","og_title":"Alfombra Nepal lisa Alfombra Nepal lisa - Decora-zone","og_description":"Alfombra nepal lisa acr\u00edlica de la firma de referencia nacional Sualsa para decoraci\u00f3n contempor\u00e1nea en Decora-Zone de Bilbao","og_url":"https:\/\/decora-zone.com\/producto\/alfombra-nepal-lisa\/","og_site_name":"Decora-zone","article_publisher":"https:\/\/www.facebook.com\/decorazone.bilbao\/","article_modified_time":"2025-03-10T16:52:06+00:00","og_image":[{"width":673,"height":554,"url":"https:\/\/decora-zone.com\/wp-content\/uploads\/2023\/11\/Alfombra-Decorazone-Nepal-liso-gris-a.jpg","type":"image\/jpeg"}],"twitter_misc":{"Est. reading time":"1 minute"},"schema":{"@context":"https:\/\/schema.org","@graph":[{"@type":"WebPage","@id":"https:\/\/decora-zone.com\/producto\/alfombra-nepal-lisa\/","url":"https:\/\/decora-zone.com\/producto\/alfombra-nepal-lisa\/","name":"Alfombra Nepal lisa Alfombra Nepal lisa - Decora-zone","isPartOf":{"@id":"https:\/\/decora-zone.com\/#website"},"primaryImageOfPage":{"@id":"https:\/\/decora-zone.com\/producto\/alfombra-nepal-lisa\/#primaryimage"},"image":{"@id":"https:\/\/decora-zone.com\/producto\/alfombra-nepal-lisa\/#primaryimage"},"thumbnailUrl":"https:\/\/decora-zone.com\/wp-content\/uploads\/2023\/11\/Alfombra-Decorazone-Nepal-liso-gris-a.jpg","datePublished":"2023-11-20T16:28:55+00:00","dateModified":"2025-03-10T16:52:06+00:00","description":"Alfombra nepal lisa acr\u00edlica de la firma de referencia nacional Sualsa para decoraci\u00f3n contempor\u00e1nea en Decora-Zone de Bilbao","breadcrumb":{"@id":"https:\/\/decora-zone.com\/producto\/alfombra-nepal-lisa\/#breadcrumb"},"inLanguage":"en-US","potentialAction":[{"@type":"ReadAction","target":["https:\/\/decora-zone.com\/producto\/alfombra-nepal-lisa\/"]}]},{"@type":"ImageObject","inLanguage":"en-US","@id":"https:\/\/decora-zone.com\/producto\/alfombra-nepal-lisa\/#primaryimage","url":"https:\/\/decora-zone.com\/wp-content\/uploads\/2023\/11\/Alfombra-Decorazone-Nepal-liso-gris-a.jpg","contentUrl":"https:\/\/decora-zone.com\/wp-content\/uploads\/2023\/11\/Alfombra-Decorazone-Nepal-liso-gris-a.jpg","width":673,"height":554,"caption":"Alfombra Nepal lisa gris"},{"@type":"BreadcrumbList","@id":"https:\/\/decora-zone.com\/producto\/alfombra-nepal-lisa\/#breadcrumb","itemListElement":[{"@type":"ListItem","position":1,"name":"Portada","item":"https:\/\/decora-zone.com\/"},{"@type":"ListItem","position":2,"name":"Productos","item":"https:\/\/decora-zone.com\/tienda-alfombras-cortinas-bilbao\/"},{"@type":"ListItem","position":3,"name":"Alfombra Nepal lisa"}]},{"@type":"WebSite","@id":"https:\/\/decora-zone.com\/#website","url":"https:\/\/decora-zone.com\/","name":"Decora-zone","description":"Especialistas en cortinas y alfombras de dise\u00f1o en Bilbao","publisher":{"@id":"https:\/\/decora-zone.com\/#organization"},"potentialAction":[{"@type":"SearchAction","target":{"@type":"EntryPoint","urlTemplate":"https:\/\/decora-zone.com\/?s={search_term_string}"},"query-input":{"@type":"PropertyValueSpecification","valueRequired":true,"valueName":"search_term_string"}}],"inLanguage":"en-US"},{"@type":"Organization","@id":"https:\/\/decora-zone.com\/#organization","name":"Decora-Zone Tienda de Decoraci\u00f3n en Bilbao","url":"https:\/\/decora-zone.com\/","logo":{"@type":"ImageObject","inLanguage":"en-US","@id":"https:\/\/decora-zone.com\/#\/schema\/logo\/image\/","url":"https:\/\/decora-zone.com\/wp-content\/uploads\/2014\/02\/logotipo-decora-zone-alfombras-cortinas-decoracion-bilbao.jpg","contentUrl":"https:\/\/decora-zone.com\/wp-content\/uploads\/2014\/02\/logotipo-decora-zone-alfombras-cortinas-decoracion-bilbao.jpg","width":484,"height":230,"caption":"Decora-Zone Tienda de Decoraci\u00f3n en Bilbao"},"image":{"@id":"https:\/\/decora-zone.com\/#\/schema\/logo\/image\/"},"sameAs":["https:\/\/www.facebook.com\/decorazone.bilbao\/","https:\/\/www.instagram.com\/decora_zone_\/","https:\/\/co.pinterest.com\/Decora_Zone\/"]}]}},"_links":{"self":[{"href":"https:\/\/decora-zone.com\/en\/wp-json\/wp\/v2\/product\/16017","targetHints":{"allow":["GET"]}}],"collection":[{"href":"https:\/\/decora-zone.com\/en\/wp-json\/wp\/v2\/product"}],"about":[{"href":"https:\/\/decora-zone.com\/en\/wp-json\/wp\/v2\/types\/product"}],"replies":[{"embeddable":true,"href":"https:\/\/decora-zone.com\/en\/wp-json\/wp\/v2\/comments?post=16017"}],"wp:featuredmedia":[{"embeddable":true,"href":"https:\/\/decora-zone.com\/en\/wp-json\/wp\/v2\/media\/16030"}],"wp:attachment":[{"href":"https:\/\/decora-zone.com\/en\/wp-json\/wp\/v2\/media?parent=16017"}],"wp:term":[{"taxonomy":"product_brand","embeddable":true,"href":"https:\/\/decora-zone.com\/en\/wp-json\/wp\/v2\/product_brand?post=16017"},{"taxonomy":"product_cat","embeddable":true,"href":"https:\/\/decora-zone.com\/en\/wp-json\/wp\/v2\/product_cat?post=16017"},{"taxonomy":"product_tag","embeddable":true,"href":"https:\/\/decora-zone.com\/en\/wp-json\/wp\/v2\/product_tag?post=16017"}],"curies":[{"name":"wp","href":"https:\/\/api.w.org\/{rel}","templated":true}]}}