{"id":15732,"date":"2023-10-31T18:32:38","date_gmt":"2023-10-31T16:32:38","guid":{"rendered":"https:\/\/decora-zone.com\/?post_type=product&#038;p=15732"},"modified":"2025-03-10T17:52:12","modified_gmt":"2025-03-10T16:52:12","slug":"alfombra-ibiza-300","status":"publish","type":"product","link":"https:\/\/decora-zone.com\/en\/producto\/alfombra-ibiza-300\/","title":{"rendered":"Alfombra Ibiza 300"},"content":{"rendered":"<p><strong>Alfombra Ibiza 300<\/strong><\/p>\n<p><strong>PP Heat-Set<\/strong><\/p>\n<p>Presentada por la firma de referencia nacional Sualsa, la calidad Ibiza son alfombras acr\u00edlicas fabricadas en Crevillente.<\/p>\n<p>Las alfombras de la calidad Ibiza estan dise\u00f1adas para transformar tus espacios en verdaderos oasis de estilo y calidez y comodidad.<\/p>\n<p>Su dise\u00f1o jaspeado combina tonos de marfil y gris claro con \u00e1reas resplandecientes de azul y caldera. Esta fusi\u00f3n de colores crea un efecto visual \u00fanico y elegante que complementar\u00e1 a la perfecci\u00f3n tu decoraci\u00f3n.<\/p>\n<p>La alfombras de calidad Ibiza son suaves al tacto, proporcionando una sensaci\u00f3n acogedora debajo de los pies y convirtiendo cualquier espacio en un lugar acogedor y c\u00e1lido.<\/p>\n<p>Una alfombra que por su dise\u00f1o combina con una amplia gama de estilos de decoraci\u00f3n, desde moderno hasta cl\u00e1sico, lo que la convierte en una elecci\u00f3n vers\u00e1til para cualquier habitaci\u00f3n.<\/p>\n<p>Grosor: 11 mm.<\/p>\n<p><strong>Si est\u00e1 interesado en alguno de nuestros art\u00edculos que est\u00e9n sin stock, puede reservarlos poni\u00e9ndose en <a href=\"http:\/\/decora-zone.com\/contacto-decora-zone-alfombras-cortinas-decoracion-bilbao\/\">contacto con nosotros<\/a>.<\/strong><\/p>\n","protected":false},"excerpt":{"rendered":"<p><strong>PP Heat-Set<\/strong><\/p>\n<p>Presentada por la firma de referencia nacional Sualsa, la calidad Ibiza son alfombras acr\u00edlicas fabricadas en Crevillente.<\/p>\n<p>Las alfombras de la calidad Ibiza estan dise\u00f1adas para transformar tus espacios en verdaderos oasis de estilo y calidez y comodidad.<\/p>\n<p>Su dise\u00f1o jaspeado combina tonos de marfil y gris claro con \u00e1reas resplandecientes de azul y caldera. Esta fusi\u00f3n de colores crea un efecto visual \u00fanico y elegante que complementar\u00e1 a la perfecci\u00f3n tu decoraci\u00f3n.<\/p>\n<p>La alfombras de calidad Ibiza son suaves al tacto, proporcionando una sensaci\u00f3n acogedora debajo de los pies y convirtiendo cualquier espacio en un lugar acogedor y c\u00e1lido.<\/p>\n<p>Una alfombra que por su dise\u00f1o combina con una amplia gama de estilos de decoraci\u00f3n, desde moderno hasta cl\u00e1sico, lo que la convierte en una elecci\u00f3n vers\u00e1til para cualquier habitaci\u00f3n.<\/p>\n","protected":false},"featured_media":15761,"comment_status":"open","ping_status":"closed","template":"","meta":[],"product_brand":[],"product_cat":[56,21],"product_tag":[22,32,28,27,23,24,29,410],"class_list":{"0":"post-15732","1":"product","2":"type-product","3":"status-publish","4":"has-post-thumbnail","6":"product_cat-alfombras-acrilicas-en-bilbao-tienda-decoracion-bilbao-santutxu","7":"product_cat-alfombras-bilbao-tienda-decoracion-santutxu","8":"product_tag-acrilicas","9":"product_tag-alfombras","10":"product_tag-bilbao","11":"product_tag-decora-zone","12":"product_tag-decoracion","13":"product_tag-hogar","14":"product_tag-santutxu","15":"product_tag-sualsa","16":"pa_medida-120x160cm","17":"pa_medida-133x190cm","18":"pa_medida-160x230cm","19":"pa_medida-200x290cm","20":"pa_medida-60x110cm","21":"pa_medida-67x130cm","22":"pa_medida-80x150cm","24":"first","25":"outofstock","26":"sale","27":"shipping-taxable","28":"purchasable","29":"product-type-variable"},"yoast_head":"<!-- This site is optimized with the Yoast SEO plugin v27.5 - https:\/\/yoast.com\/product\/yoast-seo-wordpress\/ -->\n<title>Alfombra Ibiza 300 - Decora-zone Alfombra Sualsa Ibiza 300<\/title>\n<meta name=\"description\" content=\"Alfombra ibiza 300 con dise\u00f1o jaspedo acr\u00edlico de la firma de referencia Sualsa en Decora-Zone de Bilbao tienda de alfombras\" \/>\n<meta name=\"robots\" content=\"index, follow, max-snippet:-1, max-image-preview:large, max-video-preview:-1\" \/>\n<link rel=\"canonical\" href=\"https:\/\/decora-zone.com\/producto\/alfombra-ibiza-300\/\" \/>\n<meta property=\"og:locale\" content=\"en_US\" \/>\n<meta property=\"og:type\" content=\"article\" \/>\n<meta property=\"og:title\" content=\"Alfombra Ibiza 300 - Decora-zone Alfombra Sualsa Ibiza 300\" \/>\n<meta property=\"og:description\" content=\"Alfombra ibiza 300 con dise\u00f1o jaspedo acr\u00edlico de la firma de referencia Sualsa en Decora-Zone de Bilbao tienda de alfombras\" \/>\n<meta property=\"og:url\" content=\"https:\/\/decora-zone.com\/producto\/alfombra-ibiza-300\/\" \/>\n<meta property=\"og:site_name\" content=\"Decora-zone\" \/>\n<meta property=\"article:publisher\" content=\"https:\/\/www.facebook.com\/decorazone.bilbao\/\" \/>\n<meta property=\"article:modified_time\" content=\"2025-03-10T16:52:12+00:00\" \/>\n<meta property=\"og:image\" content=\"https:\/\/decora-zone.com\/wp-content\/uploads\/2023\/10\/Alfombra-Decorazone-Ibiza-300.jpg\" \/>\n\t<meta property=\"og:image:width\" content=\"1496\" \/>\n\t<meta property=\"og:image:height\" content=\"1631\" \/>\n\t<meta property=\"og:image:type\" content=\"image\/jpeg\" \/>\n<meta name=\"twitter:label1\" content=\"Est. reading time\" \/>\n\t<meta name=\"twitter:data1\" content=\"1 minute\" \/>\n<script type=\"application\/ld+json\" class=\"yoast-schema-graph\">{\"@context\":\"https:\\\/\\\/schema.org\",\"@graph\":[{\"@type\":\"WebPage\",\"@id\":\"https:\\\/\\\/decora-zone.com\\\/producto\\\/alfombra-ibiza-300\\\/\",\"url\":\"https:\\\/\\\/decora-zone.com\\\/producto\\\/alfombra-ibiza-300\\\/\",\"name\":\"Alfombra Ibiza 300 - Decora-zone Alfombra Sualsa Ibiza 300\",\"isPartOf\":{\"@id\":\"https:\\\/\\\/decora-zone.com\\\/#website\"},\"primaryImageOfPage\":{\"@id\":\"https:\\\/\\\/decora-zone.com\\\/producto\\\/alfombra-ibiza-300\\\/#primaryimage\"},\"image\":{\"@id\":\"https:\\\/\\\/decora-zone.com\\\/producto\\\/alfombra-ibiza-300\\\/#primaryimage\"},\"thumbnailUrl\":\"https:\\\/\\\/decora-zone.com\\\/wp-content\\\/uploads\\\/2023\\\/10\\\/Alfombra-Decorazone-Ibiza-300.jpg\",\"datePublished\":\"2023-10-31T16:32:38+00:00\",\"dateModified\":\"2025-03-10T16:52:12+00:00\",\"description\":\"Alfombra ibiza 300 con dise\u00f1o jaspedo acr\u00edlico de la firma de referencia Sualsa en Decora-Zone de Bilbao tienda de alfombras\",\"breadcrumb\":{\"@id\":\"https:\\\/\\\/decora-zone.com\\\/producto\\\/alfombra-ibiza-300\\\/#breadcrumb\"},\"inLanguage\":\"en-US\",\"potentialAction\":[{\"@type\":\"ReadAction\",\"target\":[\"https:\\\/\\\/decora-zone.com\\\/producto\\\/alfombra-ibiza-300\\\/\"]}]},{\"@type\":\"ImageObject\",\"inLanguage\":\"en-US\",\"@id\":\"https:\\\/\\\/decora-zone.com\\\/producto\\\/alfombra-ibiza-300\\\/#primaryimage\",\"url\":\"https:\\\/\\\/decora-zone.com\\\/wp-content\\\/uploads\\\/2023\\\/10\\\/Alfombra-Decorazone-Ibiza-300.jpg\",\"contentUrl\":\"https:\\\/\\\/decora-zone.com\\\/wp-content\\\/uploads\\\/2023\\\/10\\\/Alfombra-Decorazone-Ibiza-300.jpg\",\"width\":1496,\"height\":1631,\"caption\":\"Alfombra Ibiza 300\"},{\"@type\":\"BreadcrumbList\",\"@id\":\"https:\\\/\\\/decora-zone.com\\\/producto\\\/alfombra-ibiza-300\\\/#breadcrumb\",\"itemListElement\":[{\"@type\":\"ListItem\",\"position\":1,\"name\":\"Portada\",\"item\":\"https:\\\/\\\/decora-zone.com\\\/\"},{\"@type\":\"ListItem\",\"position\":2,\"name\":\"Productos\",\"item\":\"https:\\\/\\\/decora-zone.com\\\/tienda-alfombras-cortinas-bilbao\\\/\"},{\"@type\":\"ListItem\",\"position\":3,\"name\":\"Alfombra Ibiza 300\"}]},{\"@type\":\"WebSite\",\"@id\":\"https:\\\/\\\/decora-zone.com\\\/#website\",\"url\":\"https:\\\/\\\/decora-zone.com\\\/\",\"name\":\"Decora-zone\",\"description\":\"Especialistas en cortinas y alfombras de dise\u00f1o en Bilbao\",\"publisher\":{\"@id\":\"https:\\\/\\\/decora-zone.com\\\/#organization\"},\"potentialAction\":[{\"@type\":\"SearchAction\",\"target\":{\"@type\":\"EntryPoint\",\"urlTemplate\":\"https:\\\/\\\/decora-zone.com\\\/?s={search_term_string}\"},\"query-input\":{\"@type\":\"PropertyValueSpecification\",\"valueRequired\":true,\"valueName\":\"search_term_string\"}}],\"inLanguage\":\"en-US\"},{\"@type\":\"Organization\",\"@id\":\"https:\\\/\\\/decora-zone.com\\\/#organization\",\"name\":\"Decora-Zone Tienda de Decoraci\u00f3n en Bilbao\",\"url\":\"https:\\\/\\\/decora-zone.com\\\/\",\"logo\":{\"@type\":\"ImageObject\",\"inLanguage\":\"en-US\",\"@id\":\"https:\\\/\\\/decora-zone.com\\\/#\\\/schema\\\/logo\\\/image\\\/\",\"url\":\"https:\\\/\\\/decora-zone.com\\\/wp-content\\\/uploads\\\/2014\\\/02\\\/logotipo-decora-zone-alfombras-cortinas-decoracion-bilbao.jpg\",\"contentUrl\":\"https:\\\/\\\/decora-zone.com\\\/wp-content\\\/uploads\\\/2014\\\/02\\\/logotipo-decora-zone-alfombras-cortinas-decoracion-bilbao.jpg\",\"width\":484,\"height\":230,\"caption\":\"Decora-Zone Tienda de Decoraci\u00f3n en Bilbao\"},\"image\":{\"@id\":\"https:\\\/\\\/decora-zone.com\\\/#\\\/schema\\\/logo\\\/image\\\/\"},\"sameAs\":[\"https:\\\/\\\/www.facebook.com\\\/decorazone.bilbao\\\/\",\"https:\\\/\\\/www.instagram.com\\\/decora_zone_\\\/\",\"https:\\\/\\\/co.pinterest.com\\\/Decora_Zone\\\/\"]}]}<\/script>\n<!-- \/ Yoast SEO plugin. -->","yoast_head_json":{"title":"Alfombra Ibiza 300 - Decora-zone Alfombra Sualsa Ibiza 300","description":"Alfombra ibiza 300 con dise\u00f1o jaspedo acr\u00edlico de la firma de referencia Sualsa en Decora-Zone de Bilbao tienda de alfombras","robots":{"index":"index","follow":"follow","max-snippet":"max-snippet:-1","max-image-preview":"max-image-preview:large","max-video-preview":"max-video-preview:-1"},"canonical":"https:\/\/decora-zone.com\/producto\/alfombra-ibiza-300\/","og_locale":"en_US","og_type":"article","og_title":"Alfombra Ibiza 300 - Decora-zone Alfombra Sualsa Ibiza 300","og_description":"Alfombra ibiza 300 con dise\u00f1o jaspedo acr\u00edlico de la firma de referencia Sualsa en Decora-Zone de Bilbao tienda de alfombras","og_url":"https:\/\/decora-zone.com\/producto\/alfombra-ibiza-300\/","og_site_name":"Decora-zone","article_publisher":"https:\/\/www.facebook.com\/decorazone.bilbao\/","article_modified_time":"2025-03-10T16:52:12+00:00","og_image":[{"width":1496,"height":1631,"url":"https:\/\/decora-zone.com\/wp-content\/uploads\/2023\/10\/Alfombra-Decorazone-Ibiza-300.jpg","type":"image\/jpeg"}],"twitter_misc":{"Est. reading time":"1 minute"},"schema":{"@context":"https:\/\/schema.org","@graph":[{"@type":"WebPage","@id":"https:\/\/decora-zone.com\/producto\/alfombra-ibiza-300\/","url":"https:\/\/decora-zone.com\/producto\/alfombra-ibiza-300\/","name":"Alfombra Ibiza 300 - Decora-zone Alfombra Sualsa Ibiza 300","isPartOf":{"@id":"https:\/\/decora-zone.com\/#website"},"primaryImageOfPage":{"@id":"https:\/\/decora-zone.com\/producto\/alfombra-ibiza-300\/#primaryimage"},"image":{"@id":"https:\/\/decora-zone.com\/producto\/alfombra-ibiza-300\/#primaryimage"},"thumbnailUrl":"https:\/\/decora-zone.com\/wp-content\/uploads\/2023\/10\/Alfombra-Decorazone-Ibiza-300.jpg","datePublished":"2023-10-31T16:32:38+00:00","dateModified":"2025-03-10T16:52:12+00:00","description":"Alfombra ibiza 300 con dise\u00f1o jaspedo acr\u00edlico de la firma de referencia Sualsa en Decora-Zone de Bilbao tienda de alfombras","breadcrumb":{"@id":"https:\/\/decora-zone.com\/producto\/alfombra-ibiza-300\/#breadcrumb"},"inLanguage":"en-US","potentialAction":[{"@type":"ReadAction","target":["https:\/\/decora-zone.com\/producto\/alfombra-ibiza-300\/"]}]},{"@type":"ImageObject","inLanguage":"en-US","@id":"https:\/\/decora-zone.com\/producto\/alfombra-ibiza-300\/#primaryimage","url":"https:\/\/decora-zone.com\/wp-content\/uploads\/2023\/10\/Alfombra-Decorazone-Ibiza-300.jpg","contentUrl":"https:\/\/decora-zone.com\/wp-content\/uploads\/2023\/10\/Alfombra-Decorazone-Ibiza-300.jpg","width":1496,"height":1631,"caption":"Alfombra Ibiza 300"},{"@type":"BreadcrumbList","@id":"https:\/\/decora-zone.com\/producto\/alfombra-ibiza-300\/#breadcrumb","itemListElement":[{"@type":"ListItem","position":1,"name":"Portada","item":"https:\/\/decora-zone.com\/"},{"@type":"ListItem","position":2,"name":"Productos","item":"https:\/\/decora-zone.com\/tienda-alfombras-cortinas-bilbao\/"},{"@type":"ListItem","position":3,"name":"Alfombra Ibiza 300"}]},{"@type":"WebSite","@id":"https:\/\/decora-zone.com\/#website","url":"https:\/\/decora-zone.com\/","name":"Decora-zone","description":"Especialistas en cortinas y alfombras de dise\u00f1o en Bilbao","publisher":{"@id":"https:\/\/decora-zone.com\/#organization"},"potentialAction":[{"@type":"SearchAction","target":{"@type":"EntryPoint","urlTemplate":"https:\/\/decora-zone.com\/?s={search_term_string}"},"query-input":{"@type":"PropertyValueSpecification","valueRequired":true,"valueName":"search_term_string"}}],"inLanguage":"en-US"},{"@type":"Organization","@id":"https:\/\/decora-zone.com\/#organization","name":"Decora-Zone Tienda de Decoraci\u00f3n en Bilbao","url":"https:\/\/decora-zone.com\/","logo":{"@type":"ImageObject","inLanguage":"en-US","@id":"https:\/\/decora-zone.com\/#\/schema\/logo\/image\/","url":"https:\/\/decora-zone.com\/wp-content\/uploads\/2014\/02\/logotipo-decora-zone-alfombras-cortinas-decoracion-bilbao.jpg","contentUrl":"https:\/\/decora-zone.com\/wp-content\/uploads\/2014\/02\/logotipo-decora-zone-alfombras-cortinas-decoracion-bilbao.jpg","width":484,"height":230,"caption":"Decora-Zone Tienda de Decoraci\u00f3n en Bilbao"},"image":{"@id":"https:\/\/decora-zone.com\/#\/schema\/logo\/image\/"},"sameAs":["https:\/\/www.facebook.com\/decorazone.bilbao\/","https:\/\/www.instagram.com\/decora_zone_\/","https:\/\/co.pinterest.com\/Decora_Zone\/"]}]}},"_links":{"self":[{"href":"https:\/\/decora-zone.com\/en\/wp-json\/wp\/v2\/product\/15732","targetHints":{"allow":["GET"]}}],"collection":[{"href":"https:\/\/decora-zone.com\/en\/wp-json\/wp\/v2\/product"}],"about":[{"href":"https:\/\/decora-zone.com\/en\/wp-json\/wp\/v2\/types\/product"}],"replies":[{"embeddable":true,"href":"https:\/\/decora-zone.com\/en\/wp-json\/wp\/v2\/comments?post=15732"}],"wp:featuredmedia":[{"embeddable":true,"href":"https:\/\/decora-zone.com\/en\/wp-json\/wp\/v2\/media\/15761"}],"wp:attachment":[{"href":"https:\/\/decora-zone.com\/en\/wp-json\/wp\/v2\/media?parent=15732"}],"wp:term":[{"taxonomy":"product_brand","embeddable":true,"href":"https:\/\/decora-zone.com\/en\/wp-json\/wp\/v2\/product_brand?post=15732"},{"taxonomy":"product_cat","embeddable":true,"href":"https:\/\/decora-zone.com\/en\/wp-json\/wp\/v2\/product_cat?post=15732"},{"taxonomy":"product_tag","embeddable":true,"href":"https:\/\/decora-zone.com\/en\/wp-json\/wp\/v2\/product_tag?post=15732"}],"curies":[{"name":"wp","href":"https:\/\/api.w.org\/{rel}","templated":true}]}}