{"id":15569,"date":"2023-09-13T12:58:08","date_gmt":"2023-09-13T10:58:08","guid":{"rendered":"https:\/\/decora-zone.com\/?post_type=product&#038;p=15569"},"modified":"2025-03-10T17:52:16","modified_gmt":"2025-03-10T16:52:16","slug":"alfombra-laura-ashley-porchester-poppy-red","status":"publish","type":"product","link":"https:\/\/decora-zone.com\/en\/producto\/alfombra-laura-ashley-porchester-poppy-red\/","title":{"rendered":"Alfombra Laura Ashley Porchester poppy red"},"content":{"rendered":"<p><strong>Alfombra Laura Ashley Porchester poppy red<\/strong><\/p>\n<p><strong>100% Polipropileno<\/strong><\/p>\n<p>Dise\u00f1ada por\u00a0<strong>Brink &amp; Campman<\/strong>, fabricante de alfombras con 120 a\u00f1os de experiencia y dise\u00f1os de vanguardia.<\/p>\n<p>Descubre la elegancia y la funcionalidad con la colecci\u00f3n de alfombras de exterior de Laura Ashley. Estas alfombras est\u00e1n dise\u00f1adas para transformar tus espacios al aire libre en \u00e1reas llenas de estilo y confort.<\/p>\n<p>Laura Ashley es conocida por su estilo atemporal y elegante, y esta colecci\u00f3n no es la excepci\u00f3n. Cada alfombra presenta dise\u00f1os \u00fanicos que complementar\u00e1n cualquier decoraci\u00f3n exterior o interior.<\/p>\n<p>Fabricadas con polipropileno de alta calidad son alfombras resistentes, de f\u00e1cil limpieza y mantienen su belleza durante todo el a\u00f1o.<\/p>\n<p>Una colecci\u00f3n de alfombras muy vers\u00e1tiles ya que si bien son ideales para exteriores, tambi\u00e9n se adaptan perfectamente a tus espacios interiores. Esto te brinda la flexibilidad de usarlas en diferentes partes de tu hogar, desde la terraza hasta el sal\u00f3n. Transforma tus espacios en lugares acogedores y llenos de estilo<\/p>\n<p>Explora nuestra colecci\u00f3n y descubre el equilibrio perfecto entre funcionalidad y estilo.<\/p>\n<p>Grosor: 11 mm<\/p>\n<p>Peso total: 2200gr\/m2<\/p>\n<p>Antial\u00e9rgicas<\/p>\n<p>Plazo aproximado de entrega 5 semanas.<\/p>\n<p><strong>Si est\u00e1 interesado en alguno de nuestros art\u00edculos que est\u00e9n sin stock, puede reservarlos poni\u00e9ndose en <a href=\"http:\/\/decora-zone.com\/contacto-decora-zone-alfombras-cortinas-decoracion-bilbao\/\">contacto con nosotros<\/a>.<\/strong><\/p>\n","protected":false},"excerpt":{"rendered":"<p><strong>100% Polipropileno<\/strong><\/p>\n<p>Dise\u00f1ada por\u00a0<strong>Brink &amp; Campman<\/strong>, fabricante de alfombras con 120 a\u00f1os de experiencia y dise\u00f1os de vanguardia.<\/p>\n<p>Descubre la elegancia y la funcionalidad con la colecci\u00f3n de alfombras de exterior de Laura Ashley. Estas alfombras est\u00e1n dise\u00f1adas para transformar tus espacios al aire libre en \u00e1reas llenas de estilo y confort.<\/p>\n<p>Laura Ashley es conocida por su estilo atemporal y elegante, y esta colecci\u00f3n no es la excepci\u00f3n. Cada alfombra presenta dise\u00f1os \u00fanicos que complementar\u00e1n cualquier decoraci\u00f3n exterior o interior.<\/p>\n<p>Fabricadas con polipropileno de alta calidad son alfombras resistentes, de f\u00e1cil limpieza y mantienen su belleza durante todo el a\u00f1o.<\/p>\n<p>Una colecci\u00f3n de alfombras muy vers\u00e1tiles ya que si bien son ideales para exteriores, tambi\u00e9n se adaptan perfectamente a tus espacios interiores. Esto te brinda la flexibilidad de usarlas en diferentes partes de tu hogar, desde la terraza hasta el sal\u00f3n. Transforma tus espacios en lugares acogedores y llenos de estilo<\/p>\n<p>Explora nuestra colecci\u00f3n y descubre el equilibrio perfecto entre funcionalidad y estilo.<\/p>\n","protected":false},"featured_media":15575,"comment_status":"open","ping_status":"closed","template":"","meta":[],"product_brand":[],"product_cat":[21,487],"product_tag":[32,28,61,27,23,486,24,372,29,783],"class_list":{"0":"post-15569","1":"product","2":"type-product","3":"status-publish","4":"has-post-thumbnail","6":"product_cat-alfombras-bilbao-tienda-decoracion-santutxu","7":"product_cat-alfombras-de-exterior-en-bilbao-tienda-decoracion-bilbao-santutxu","8":"product_tag-alfombras","9":"product_tag-bilbao","10":"product_tag-brink-campman","11":"product_tag-decora-zone","12":"product_tag-decoracion","13":"product_tag-exterior","14":"product_tag-hogar","15":"product_tag-redonda","16":"product_tag-santutxu","17":"product_tag-scion","18":"pa_medida-140x200cm","19":"pa_medida-160x230cm","20":"pa_medida-200x280cm","21":"pa_medida-250x350cm","23":"first","24":"outofstock","25":"shipping-taxable","26":"purchasable","27":"product-type-variable"},"yoast_head":"<!-- This site is optimized with the Yoast SEO plugin v27.5 - https:\/\/yoast.com\/product\/yoast-seo-wordpress\/ -->\n<title>Alfombra Laura Ashley Porchester poppy red - Decora-zone<\/title>\n<meta name=\"description\" content=\"Alfombra Laura Ashley Porchester poppy red de exterior. Fabricada por Brink &amp; Campman y distribuida por tienda de alfombras Decorazone de Bilbao.\" \/>\n<meta name=\"robots\" content=\"index, follow, max-snippet:-1, max-image-preview:large, max-video-preview:-1\" \/>\n<link rel=\"canonical\" href=\"https:\/\/decora-zone.com\/producto\/alfombra-laura-ashley-porchester-poppy-red\/\" \/>\n<meta property=\"og:locale\" content=\"en_US\" \/>\n<meta property=\"og:type\" content=\"article\" \/>\n<meta property=\"og:title\" content=\"Alfombra Laura Ashley Porchester poppy red - Decora-zone\" \/>\n<meta property=\"og:description\" content=\"Alfombra Laura Ashley Porchester poppy red de exterior. Fabricada por Brink &amp; Campman y distribuida por tienda de alfombras Decorazone de Bilbao.\" \/>\n<meta property=\"og:url\" content=\"https:\/\/decora-zone.com\/producto\/alfombra-laura-ashley-porchester-poppy-red\/\" \/>\n<meta property=\"og:site_name\" content=\"Decora-zone\" \/>\n<meta property=\"article:publisher\" content=\"https:\/\/www.facebook.com\/decorazone.bilbao\/\" \/>\n<meta property=\"article:modified_time\" content=\"2025-03-10T16:52:16+00:00\" \/>\n<meta property=\"og:image\" content=\"https:\/\/decora-zone.com\/wp-content\/uploads\/2023\/09\/Alfombra-Exterior-Decorazone-Laura-Ashley-Porchester-poppy-red-480200b.jpg\" \/>\n\t<meta property=\"og:image:width\" content=\"982\" \/>\n\t<meta property=\"og:image:height\" content=\"1310\" \/>\n\t<meta property=\"og:image:type\" content=\"image\/jpeg\" \/>\n<meta name=\"twitter:label1\" content=\"Est. reading time\" \/>\n\t<meta name=\"twitter:data1\" content=\"1 minute\" \/>\n<script type=\"application\/ld+json\" class=\"yoast-schema-graph\">{\"@context\":\"https:\\\/\\\/schema.org\",\"@graph\":[{\"@type\":\"WebPage\",\"@id\":\"https:\\\/\\\/decora-zone.com\\\/producto\\\/alfombra-laura-ashley-porchester-poppy-red\\\/\",\"url\":\"https:\\\/\\\/decora-zone.com\\\/producto\\\/alfombra-laura-ashley-porchester-poppy-red\\\/\",\"name\":\"Alfombra Laura Ashley Porchester poppy red - Decora-zone\",\"isPartOf\":{\"@id\":\"https:\\\/\\\/decora-zone.com\\\/#website\"},\"primaryImageOfPage\":{\"@id\":\"https:\\\/\\\/decora-zone.com\\\/producto\\\/alfombra-laura-ashley-porchester-poppy-red\\\/#primaryimage\"},\"image\":{\"@id\":\"https:\\\/\\\/decora-zone.com\\\/producto\\\/alfombra-laura-ashley-porchester-poppy-red\\\/#primaryimage\"},\"thumbnailUrl\":\"https:\\\/\\\/decora-zone.com\\\/wp-content\\\/uploads\\\/2023\\\/09\\\/Alfombra-Exterior-Decorazone-Laura-Ashley-Porchester-poppy-red-480200b.jpg\",\"datePublished\":\"2023-09-13T10:58:08+00:00\",\"dateModified\":\"2025-03-10T16:52:16+00:00\",\"description\":\"Alfombra Laura Ashley Porchester poppy red de exterior. Fabricada por Brink & Campman y distribuida por tienda de alfombras Decorazone de Bilbao.\",\"breadcrumb\":{\"@id\":\"https:\\\/\\\/decora-zone.com\\\/producto\\\/alfombra-laura-ashley-porchester-poppy-red\\\/#breadcrumb\"},\"inLanguage\":\"en-US\",\"potentialAction\":[{\"@type\":\"ReadAction\",\"target\":[\"https:\\\/\\\/decora-zone.com\\\/producto\\\/alfombra-laura-ashley-porchester-poppy-red\\\/\"]}]},{\"@type\":\"ImageObject\",\"inLanguage\":\"en-US\",\"@id\":\"https:\\\/\\\/decora-zone.com\\\/producto\\\/alfombra-laura-ashley-porchester-poppy-red\\\/#primaryimage\",\"url\":\"https:\\\/\\\/decora-zone.com\\\/wp-content\\\/uploads\\\/2023\\\/09\\\/Alfombra-Exterior-Decorazone-Laura-Ashley-Porchester-poppy-red-480200b.jpg\",\"contentUrl\":\"https:\\\/\\\/decora-zone.com\\\/wp-content\\\/uploads\\\/2023\\\/09\\\/Alfombra-Exterior-Decorazone-Laura-Ashley-Porchester-poppy-red-480200b.jpg\",\"width\":982,\"height\":1310,\"caption\":\"Alfombra Porchester poppy red\"},{\"@type\":\"BreadcrumbList\",\"@id\":\"https:\\\/\\\/decora-zone.com\\\/producto\\\/alfombra-laura-ashley-porchester-poppy-red\\\/#breadcrumb\",\"itemListElement\":[{\"@type\":\"ListItem\",\"position\":1,\"name\":\"Portada\",\"item\":\"https:\\\/\\\/decora-zone.com\\\/\"},{\"@type\":\"ListItem\",\"position\":2,\"name\":\"Productos\",\"item\":\"https:\\\/\\\/decora-zone.com\\\/tienda-alfombras-cortinas-bilbao\\\/\"},{\"@type\":\"ListItem\",\"position\":3,\"name\":\"Alfombra Laura Ashley Porchester poppy red\"}]},{\"@type\":\"WebSite\",\"@id\":\"https:\\\/\\\/decora-zone.com\\\/#website\",\"url\":\"https:\\\/\\\/decora-zone.com\\\/\",\"name\":\"Decora-zone\",\"description\":\"Especialistas en cortinas y alfombras de dise\u00f1o en Bilbao\",\"publisher\":{\"@id\":\"https:\\\/\\\/decora-zone.com\\\/#organization\"},\"potentialAction\":[{\"@type\":\"SearchAction\",\"target\":{\"@type\":\"EntryPoint\",\"urlTemplate\":\"https:\\\/\\\/decora-zone.com\\\/?s={search_term_string}\"},\"query-input\":{\"@type\":\"PropertyValueSpecification\",\"valueRequired\":true,\"valueName\":\"search_term_string\"}}],\"inLanguage\":\"en-US\"},{\"@type\":\"Organization\",\"@id\":\"https:\\\/\\\/decora-zone.com\\\/#organization\",\"name\":\"Decora-Zone Tienda de Decoraci\u00f3n en Bilbao\",\"url\":\"https:\\\/\\\/decora-zone.com\\\/\",\"logo\":{\"@type\":\"ImageObject\",\"inLanguage\":\"en-US\",\"@id\":\"https:\\\/\\\/decora-zone.com\\\/#\\\/schema\\\/logo\\\/image\\\/\",\"url\":\"https:\\\/\\\/decora-zone.com\\\/wp-content\\\/uploads\\\/2014\\\/02\\\/logotipo-decora-zone-alfombras-cortinas-decoracion-bilbao.jpg\",\"contentUrl\":\"https:\\\/\\\/decora-zone.com\\\/wp-content\\\/uploads\\\/2014\\\/02\\\/logotipo-decora-zone-alfombras-cortinas-decoracion-bilbao.jpg\",\"width\":484,\"height\":230,\"caption\":\"Decora-Zone Tienda de Decoraci\u00f3n en Bilbao\"},\"image\":{\"@id\":\"https:\\\/\\\/decora-zone.com\\\/#\\\/schema\\\/logo\\\/image\\\/\"},\"sameAs\":[\"https:\\\/\\\/www.facebook.com\\\/decorazone.bilbao\\\/\",\"https:\\\/\\\/www.instagram.com\\\/decora_zone_\\\/\",\"https:\\\/\\\/co.pinterest.com\\\/Decora_Zone\\\/\"]}]}<\/script>\n<!-- \/ Yoast SEO plugin. -->","yoast_head_json":{"title":"Alfombra Laura Ashley Porchester poppy red - Decora-zone","description":"Alfombra Laura Ashley Porchester poppy red de exterior. Fabricada por Brink & Campman y distribuida por tienda de alfombras Decorazone de Bilbao.","robots":{"index":"index","follow":"follow","max-snippet":"max-snippet:-1","max-image-preview":"max-image-preview:large","max-video-preview":"max-video-preview:-1"},"canonical":"https:\/\/decora-zone.com\/producto\/alfombra-laura-ashley-porchester-poppy-red\/","og_locale":"en_US","og_type":"article","og_title":"Alfombra Laura Ashley Porchester poppy red - Decora-zone","og_description":"Alfombra Laura Ashley Porchester poppy red de exterior. Fabricada por Brink & Campman y distribuida por tienda de alfombras Decorazone de Bilbao.","og_url":"https:\/\/decora-zone.com\/producto\/alfombra-laura-ashley-porchester-poppy-red\/","og_site_name":"Decora-zone","article_publisher":"https:\/\/www.facebook.com\/decorazone.bilbao\/","article_modified_time":"2025-03-10T16:52:16+00:00","og_image":[{"width":982,"height":1310,"url":"https:\/\/decora-zone.com\/wp-content\/uploads\/2023\/09\/Alfombra-Exterior-Decorazone-Laura-Ashley-Porchester-poppy-red-480200b.jpg","type":"image\/jpeg"}],"twitter_misc":{"Est. reading time":"1 minute"},"schema":{"@context":"https:\/\/schema.org","@graph":[{"@type":"WebPage","@id":"https:\/\/decora-zone.com\/producto\/alfombra-laura-ashley-porchester-poppy-red\/","url":"https:\/\/decora-zone.com\/producto\/alfombra-laura-ashley-porchester-poppy-red\/","name":"Alfombra Laura Ashley Porchester poppy red - Decora-zone","isPartOf":{"@id":"https:\/\/decora-zone.com\/#website"},"primaryImageOfPage":{"@id":"https:\/\/decora-zone.com\/producto\/alfombra-laura-ashley-porchester-poppy-red\/#primaryimage"},"image":{"@id":"https:\/\/decora-zone.com\/producto\/alfombra-laura-ashley-porchester-poppy-red\/#primaryimage"},"thumbnailUrl":"https:\/\/decora-zone.com\/wp-content\/uploads\/2023\/09\/Alfombra-Exterior-Decorazone-Laura-Ashley-Porchester-poppy-red-480200b.jpg","datePublished":"2023-09-13T10:58:08+00:00","dateModified":"2025-03-10T16:52:16+00:00","description":"Alfombra Laura Ashley Porchester poppy red de exterior. Fabricada por Brink & Campman y distribuida por tienda de alfombras Decorazone de Bilbao.","breadcrumb":{"@id":"https:\/\/decora-zone.com\/producto\/alfombra-laura-ashley-porchester-poppy-red\/#breadcrumb"},"inLanguage":"en-US","potentialAction":[{"@type":"ReadAction","target":["https:\/\/decora-zone.com\/producto\/alfombra-laura-ashley-porchester-poppy-red\/"]}]},{"@type":"ImageObject","inLanguage":"en-US","@id":"https:\/\/decora-zone.com\/producto\/alfombra-laura-ashley-porchester-poppy-red\/#primaryimage","url":"https:\/\/decora-zone.com\/wp-content\/uploads\/2023\/09\/Alfombra-Exterior-Decorazone-Laura-Ashley-Porchester-poppy-red-480200b.jpg","contentUrl":"https:\/\/decora-zone.com\/wp-content\/uploads\/2023\/09\/Alfombra-Exterior-Decorazone-Laura-Ashley-Porchester-poppy-red-480200b.jpg","width":982,"height":1310,"caption":"Alfombra Porchester poppy red"},{"@type":"BreadcrumbList","@id":"https:\/\/decora-zone.com\/producto\/alfombra-laura-ashley-porchester-poppy-red\/#breadcrumb","itemListElement":[{"@type":"ListItem","position":1,"name":"Portada","item":"https:\/\/decora-zone.com\/"},{"@type":"ListItem","position":2,"name":"Productos","item":"https:\/\/decora-zone.com\/tienda-alfombras-cortinas-bilbao\/"},{"@type":"ListItem","position":3,"name":"Alfombra Laura Ashley Porchester poppy red"}]},{"@type":"WebSite","@id":"https:\/\/decora-zone.com\/#website","url":"https:\/\/decora-zone.com\/","name":"Decora-zone","description":"Especialistas en cortinas y alfombras de dise\u00f1o en Bilbao","publisher":{"@id":"https:\/\/decora-zone.com\/#organization"},"potentialAction":[{"@type":"SearchAction","target":{"@type":"EntryPoint","urlTemplate":"https:\/\/decora-zone.com\/?s={search_term_string}"},"query-input":{"@type":"PropertyValueSpecification","valueRequired":true,"valueName":"search_term_string"}}],"inLanguage":"en-US"},{"@type":"Organization","@id":"https:\/\/decora-zone.com\/#organization","name":"Decora-Zone Tienda de Decoraci\u00f3n en Bilbao","url":"https:\/\/decora-zone.com\/","logo":{"@type":"ImageObject","inLanguage":"en-US","@id":"https:\/\/decora-zone.com\/#\/schema\/logo\/image\/","url":"https:\/\/decora-zone.com\/wp-content\/uploads\/2014\/02\/logotipo-decora-zone-alfombras-cortinas-decoracion-bilbao.jpg","contentUrl":"https:\/\/decora-zone.com\/wp-content\/uploads\/2014\/02\/logotipo-decora-zone-alfombras-cortinas-decoracion-bilbao.jpg","width":484,"height":230,"caption":"Decora-Zone Tienda de Decoraci\u00f3n en Bilbao"},"image":{"@id":"https:\/\/decora-zone.com\/#\/schema\/logo\/image\/"},"sameAs":["https:\/\/www.facebook.com\/decorazone.bilbao\/","https:\/\/www.instagram.com\/decora_zone_\/","https:\/\/co.pinterest.com\/Decora_Zone\/"]}]}},"_links":{"self":[{"href":"https:\/\/decora-zone.com\/en\/wp-json\/wp\/v2\/product\/15569","targetHints":{"allow":["GET"]}}],"collection":[{"href":"https:\/\/decora-zone.com\/en\/wp-json\/wp\/v2\/product"}],"about":[{"href":"https:\/\/decora-zone.com\/en\/wp-json\/wp\/v2\/types\/product"}],"replies":[{"embeddable":true,"href":"https:\/\/decora-zone.com\/en\/wp-json\/wp\/v2\/comments?post=15569"}],"wp:featuredmedia":[{"embeddable":true,"href":"https:\/\/decora-zone.com\/en\/wp-json\/wp\/v2\/media\/15575"}],"wp:attachment":[{"href":"https:\/\/decora-zone.com\/en\/wp-json\/wp\/v2\/media?parent=15569"}],"wp:term":[{"taxonomy":"product_brand","embeddable":true,"href":"https:\/\/decora-zone.com\/en\/wp-json\/wp\/v2\/product_brand?post=15569"},{"taxonomy":"product_cat","embeddable":true,"href":"https:\/\/decora-zone.com\/en\/wp-json\/wp\/v2\/product_cat?post=15569"},{"taxonomy":"product_tag","embeddable":true,"href":"https:\/\/decora-zone.com\/en\/wp-json\/wp\/v2\/product_tag?post=15569"}],"curies":[{"name":"wp","href":"https:\/\/api.w.org\/{rel}","templated":true}]}}