{"id":15478,"date":"2023-09-11T18:32:33","date_gmt":"2023-09-11T16:32:33","guid":{"rendered":"https:\/\/decora-zone.com\/?post_type=product&#038;p=15478"},"modified":"2025-03-10T17:52:18","modified_gmt":"2025-03-10T16:52:18","slug":"alfombra-morris-co-willow-boughs-leafy-arbour","status":"publish","type":"product","link":"https:\/\/decora-zone.com\/en\/producto\/alfombra-morris-co-willow-boughs-leafy-arbour\/","title":{"rendered":"Alfombra Morris &#038; Co Willow Boughs leafy arbour"},"content":{"rendered":"<p><strong>Alfombra Morris &amp; Co Willow Boughs leafy arbour<\/strong><\/p>\n<p><strong>100% Polipropileno<\/strong><\/p>\n<p>Dise\u00f1ada por\u00a0<strong>Brink &amp; Campman<\/strong>, fabricante de alfombras con 120 a\u00f1os de experiencia y dise\u00f1os de vanguardia.<\/p>\n<p>Descubre la elegante colecci\u00f3n de alfombras de exterior Morris &amp; Co,\u00a0 dise\u00f1adas para elevar tus espacios al aire libre. Fabricadas con polipropileno, estas alfombras combinan la belleza del dise\u00f1o cl\u00e1sico con la durabilidad necesaria para resistir al desgaste diario y a las inclemencias del tiempo.<\/p>\n<p>Creadas en colaboraci\u00f3n con la ic\u00f3nica firma Morris &amp; Co,estas alfombras de exterior est\u00e1n impregnadas de un legado art\u00edstico y artesanal que se refleja en cada detalle. Sus patrones inspirados en la naturaleza y la herencia de Morris &amp; Co a\u00f1aden un toque de sofisticaci\u00f3n a tu terraza, jard\u00edn o espacio al aire libre.<\/p>\n<p>Unas alfombras de f\u00e1cil mantenimiento y limpieza, lo que las convierte en la elecci\u00f3n perfecta para realzar la belleza de tu entorno exterior durante todo el a\u00f1o.<\/p>\n<p>Explora nuestra gama de dise\u00f1os y tama\u00f1os para encontrar la alfombra perfecta que complemente tu estilo y necesidades.<\/p>\n<p>Con la colecci\u00f3n de alfombras de exterior Morris &amp; Co, la belleza y la funcionalidad se unen para crear un oasis de confort al aire libre que te acompa\u00f1ar\u00e1 en cada temporada.<\/p>\n<p>Grosor: 11 mm<\/p>\n<p>Peso total: 2200gr\/m2<\/p>\n<p>Antial\u00e9rgicas<\/p>\n<p>Plazo aproximado de entrega 5 semanas.<\/p>\n<p><strong>Si est\u00e1 interesado en alguno de nuestros art\u00edculos que est\u00e9n sin stock, puede reservarlos poni\u00e9ndose en <a href=\"http:\/\/decora-zone.com\/contacto-decora-zone-alfombras-cortinas-decoracion-bilbao\/\">contacto con nosotros<\/a>.<\/strong><\/p>\n","protected":false},"excerpt":{"rendered":"<p><strong>100% Polipropileno<\/strong><\/p>\n<p>Dise\u00f1ada por\u00a0<strong>Brink &amp; Campman<\/strong>, fabricante de alfombras con 120 a\u00f1os de experiencia y dise\u00f1os de vanguardia.<\/p>\n<p>Descubre la elegante colecci\u00f3n de alfombras de exterior Morris &amp; Co,\u00a0 dise\u00f1adas para elevar tus espacios al aire libre. Fabricadas con polipropileno, estas alfombras combinan la belleza del dise\u00f1o cl\u00e1sico con la durabilidad necesaria para resistir al desgaste diario y a las inclemencias del tiempo.<\/p>\n<p>Creadas en colaboraci\u00f3n con la ic\u00f3nica firma Morris &amp; Co,estas alfombras de exterior est\u00e1n impregnadas de un legado art\u00edstico y artesanal que se refleja en cada detalle. Sus patrones inspirados en la naturaleza y la herencia de Morris &amp; Co a\u00f1aden un toque de sofisticaci\u00f3n a tu terraza, jard\u00edn o espacio al aire libre.<\/p>\n<p>Unas alfombras de f\u00e1cil mantenimiento y limpieza, lo que las convierte en la elecci\u00f3n perfecta para realzar la belleza de tu entorno exterior durante todo el a\u00f1o.<\/p>\n<p>Explora nuestra gama de dise\u00f1os y tama\u00f1os para encontrar la alfombra perfecta que complemente tu estilo y necesidades.<\/p>\n<p>Con la colecci\u00f3n de alfombras de exterior Morris &amp; Co, la belleza y la funcionalidad se unen para crear un oasis de confort al aire libre que te acompa\u00f1ar\u00e1 en cada temporada.<\/p>\n","protected":false},"featured_media":15484,"comment_status":"open","ping_status":"closed","template":"","meta":[],"product_brand":[],"product_cat":[21,487],"product_tag":[32,28,61,27,23,486,24,372,29,783],"class_list":{"0":"post-15478","1":"product","2":"type-product","3":"status-publish","4":"has-post-thumbnail","6":"product_cat-alfombras-bilbao-tienda-decoracion-santutxu","7":"product_cat-alfombras-de-exterior-en-bilbao-tienda-decoracion-bilbao-santutxu","8":"product_tag-alfombras","9":"product_tag-bilbao","10":"product_tag-brink-campman","11":"product_tag-decora-zone","12":"product_tag-decoracion","13":"product_tag-exterior","14":"product_tag-hogar","15":"product_tag-redonda","16":"product_tag-santutxu","17":"product_tag-scion","18":"pa_medida-140x200cm","19":"pa_medida-160x230cm","20":"pa_medida-200x280cm","21":"pa_medida-250x350cm","23":"first","24":"outofstock","25":"shipping-taxable","26":"purchasable","27":"product-type-variable"},"yoast_head":"<!-- This site is optimized with the Yoast SEO plugin v27.5 - https:\/\/yoast.com\/product\/yoast-seo-wordpress\/ -->\n<title>Alfombra Morris &amp; Co Willow Boughs leafy arbour - Decora-zone<\/title>\n<meta name=\"description\" content=\"Alfombra Morris &amp; Co Willow Boughs leafy arbour de exterior. Fabricada por Brink &amp; Campman y distribuida por tienda de alfombras Decorazone de Bilbao.\" \/>\n<meta name=\"robots\" content=\"index, follow, max-snippet:-1, max-image-preview:large, max-video-preview:-1\" \/>\n<link rel=\"canonical\" href=\"https:\/\/decora-zone.com\/producto\/alfombra-morris-co-willow-boughs-leafy-arbour\/\" \/>\n<meta property=\"og:locale\" content=\"en_US\" \/>\n<meta property=\"og:type\" content=\"article\" \/>\n<meta property=\"og:title\" content=\"Alfombra Morris &amp; Co Willow Boughs leafy arbour - Decora-zone\" \/>\n<meta property=\"og:description\" content=\"Alfombra Morris &amp; Co Willow Boughs leafy arbour de exterior. Fabricada por Brink &amp; Campman y distribuida por tienda de alfombras Decorazone de Bilbao.\" \/>\n<meta property=\"og:url\" content=\"https:\/\/decora-zone.com\/producto\/alfombra-morris-co-willow-boughs-leafy-arbour\/\" \/>\n<meta property=\"og:site_name\" content=\"Decora-zone\" \/>\n<meta property=\"article:publisher\" content=\"https:\/\/www.facebook.com\/decorazone.bilbao\/\" \/>\n<meta property=\"article:modified_time\" content=\"2025-03-10T16:52:18+00:00\" \/>\n<meta property=\"og:image\" content=\"https:\/\/decora-zone.com\/wp-content\/uploads\/2023\/09\/Alfombra-Exterior-Decorazone-Morris-Co-Willow-Boughs-lefy-arbour-428607a.jpg\" \/>\n\t<meta property=\"og:image:width\" content=\"961\" \/>\n\t<meta property=\"og:image:height\" content=\"1200\" \/>\n\t<meta property=\"og:image:type\" content=\"image\/jpeg\" \/>\n<meta name=\"twitter:label1\" content=\"Est. reading time\" \/>\n\t<meta name=\"twitter:data1\" content=\"1 minute\" \/>\n<script type=\"application\/ld+json\" class=\"yoast-schema-graph\">{\"@context\":\"https:\\\/\\\/schema.org\",\"@graph\":[{\"@type\":\"WebPage\",\"@id\":\"https:\\\/\\\/decora-zone.com\\\/producto\\\/alfombra-morris-co-willow-boughs-leafy-arbour\\\/\",\"url\":\"https:\\\/\\\/decora-zone.com\\\/producto\\\/alfombra-morris-co-willow-boughs-leafy-arbour\\\/\",\"name\":\"Alfombra Morris & Co Willow Boughs leafy arbour - Decora-zone\",\"isPartOf\":{\"@id\":\"https:\\\/\\\/decora-zone.com\\\/#website\"},\"primaryImageOfPage\":{\"@id\":\"https:\\\/\\\/decora-zone.com\\\/producto\\\/alfombra-morris-co-willow-boughs-leafy-arbour\\\/#primaryimage\"},\"image\":{\"@id\":\"https:\\\/\\\/decora-zone.com\\\/producto\\\/alfombra-morris-co-willow-boughs-leafy-arbour\\\/#primaryimage\"},\"thumbnailUrl\":\"https:\\\/\\\/decora-zone.com\\\/wp-content\\\/uploads\\\/2023\\\/09\\\/Alfombra-Exterior-Decorazone-Morris-Co-Willow-Boughs-lefy-arbour-428607a.jpg\",\"datePublished\":\"2023-09-11T16:32:33+00:00\",\"dateModified\":\"2025-03-10T16:52:18+00:00\",\"description\":\"Alfombra Morris & Co Willow Boughs leafy arbour de exterior. Fabricada por Brink & Campman y distribuida por tienda de alfombras Decorazone de Bilbao.\",\"breadcrumb\":{\"@id\":\"https:\\\/\\\/decora-zone.com\\\/producto\\\/alfombra-morris-co-willow-boughs-leafy-arbour\\\/#breadcrumb\"},\"inLanguage\":\"en-US\",\"potentialAction\":[{\"@type\":\"ReadAction\",\"target\":[\"https:\\\/\\\/decora-zone.com\\\/producto\\\/alfombra-morris-co-willow-boughs-leafy-arbour\\\/\"]}]},{\"@type\":\"ImageObject\",\"inLanguage\":\"en-US\",\"@id\":\"https:\\\/\\\/decora-zone.com\\\/producto\\\/alfombra-morris-co-willow-boughs-leafy-arbour\\\/#primaryimage\",\"url\":\"https:\\\/\\\/decora-zone.com\\\/wp-content\\\/uploads\\\/2023\\\/09\\\/Alfombra-Exterior-Decorazone-Morris-Co-Willow-Boughs-lefy-arbour-428607a.jpg\",\"contentUrl\":\"https:\\\/\\\/decora-zone.com\\\/wp-content\\\/uploads\\\/2023\\\/09\\\/Alfombra-Exterior-Decorazone-Morris-Co-Willow-Boughs-lefy-arbour-428607a.jpg\",\"width\":961,\"height\":1200,\"caption\":\"Alfombra Willow Boughs leafy arbour\"},{\"@type\":\"BreadcrumbList\",\"@id\":\"https:\\\/\\\/decora-zone.com\\\/producto\\\/alfombra-morris-co-willow-boughs-leafy-arbour\\\/#breadcrumb\",\"itemListElement\":[{\"@type\":\"ListItem\",\"position\":1,\"name\":\"Portada\",\"item\":\"https:\\\/\\\/decora-zone.com\\\/\"},{\"@type\":\"ListItem\",\"position\":2,\"name\":\"Productos\",\"item\":\"https:\\\/\\\/decora-zone.com\\\/tienda-alfombras-cortinas-bilbao\\\/\"},{\"@type\":\"ListItem\",\"position\":3,\"name\":\"Alfombra Morris &#038; Co Willow Boughs leafy arbour\"}]},{\"@type\":\"WebSite\",\"@id\":\"https:\\\/\\\/decora-zone.com\\\/#website\",\"url\":\"https:\\\/\\\/decora-zone.com\\\/\",\"name\":\"Decora-zone\",\"description\":\"Especialistas en cortinas y alfombras de dise\u00f1o en Bilbao\",\"publisher\":{\"@id\":\"https:\\\/\\\/decora-zone.com\\\/#organization\"},\"potentialAction\":[{\"@type\":\"SearchAction\",\"target\":{\"@type\":\"EntryPoint\",\"urlTemplate\":\"https:\\\/\\\/decora-zone.com\\\/?s={search_term_string}\"},\"query-input\":{\"@type\":\"PropertyValueSpecification\",\"valueRequired\":true,\"valueName\":\"search_term_string\"}}],\"inLanguage\":\"en-US\"},{\"@type\":\"Organization\",\"@id\":\"https:\\\/\\\/decora-zone.com\\\/#organization\",\"name\":\"Decora-Zone Tienda de Decoraci\u00f3n en Bilbao\",\"url\":\"https:\\\/\\\/decora-zone.com\\\/\",\"logo\":{\"@type\":\"ImageObject\",\"inLanguage\":\"en-US\",\"@id\":\"https:\\\/\\\/decora-zone.com\\\/#\\\/schema\\\/logo\\\/image\\\/\",\"url\":\"https:\\\/\\\/decora-zone.com\\\/wp-content\\\/uploads\\\/2014\\\/02\\\/logotipo-decora-zone-alfombras-cortinas-decoracion-bilbao.jpg\",\"contentUrl\":\"https:\\\/\\\/decora-zone.com\\\/wp-content\\\/uploads\\\/2014\\\/02\\\/logotipo-decora-zone-alfombras-cortinas-decoracion-bilbao.jpg\",\"width\":484,\"height\":230,\"caption\":\"Decora-Zone Tienda de Decoraci\u00f3n en Bilbao\"},\"image\":{\"@id\":\"https:\\\/\\\/decora-zone.com\\\/#\\\/schema\\\/logo\\\/image\\\/\"},\"sameAs\":[\"https:\\\/\\\/www.facebook.com\\\/decorazone.bilbao\\\/\",\"https:\\\/\\\/www.instagram.com\\\/decora_zone_\\\/\",\"https:\\\/\\\/co.pinterest.com\\\/Decora_Zone\\\/\"]}]}<\/script>\n<!-- \/ Yoast SEO plugin. -->","yoast_head_json":{"title":"Alfombra Morris & Co Willow Boughs leafy arbour - Decora-zone","description":"Alfombra Morris & Co Willow Boughs leafy arbour de exterior. Fabricada por Brink & Campman y distribuida por tienda de alfombras Decorazone de Bilbao.","robots":{"index":"index","follow":"follow","max-snippet":"max-snippet:-1","max-image-preview":"max-image-preview:large","max-video-preview":"max-video-preview:-1"},"canonical":"https:\/\/decora-zone.com\/producto\/alfombra-morris-co-willow-boughs-leafy-arbour\/","og_locale":"en_US","og_type":"article","og_title":"Alfombra Morris & Co Willow Boughs leafy arbour - Decora-zone","og_description":"Alfombra Morris & Co Willow Boughs leafy arbour de exterior. Fabricada por Brink & Campman y distribuida por tienda de alfombras Decorazone de Bilbao.","og_url":"https:\/\/decora-zone.com\/producto\/alfombra-morris-co-willow-boughs-leafy-arbour\/","og_site_name":"Decora-zone","article_publisher":"https:\/\/www.facebook.com\/decorazone.bilbao\/","article_modified_time":"2025-03-10T16:52:18+00:00","og_image":[{"width":961,"height":1200,"url":"https:\/\/decora-zone.com\/wp-content\/uploads\/2023\/09\/Alfombra-Exterior-Decorazone-Morris-Co-Willow-Boughs-lefy-arbour-428607a.jpg","type":"image\/jpeg"}],"twitter_misc":{"Est. reading time":"1 minute"},"schema":{"@context":"https:\/\/schema.org","@graph":[{"@type":"WebPage","@id":"https:\/\/decora-zone.com\/producto\/alfombra-morris-co-willow-boughs-leafy-arbour\/","url":"https:\/\/decora-zone.com\/producto\/alfombra-morris-co-willow-boughs-leafy-arbour\/","name":"Alfombra Morris & Co Willow Boughs leafy arbour - Decora-zone","isPartOf":{"@id":"https:\/\/decora-zone.com\/#website"},"primaryImageOfPage":{"@id":"https:\/\/decora-zone.com\/producto\/alfombra-morris-co-willow-boughs-leafy-arbour\/#primaryimage"},"image":{"@id":"https:\/\/decora-zone.com\/producto\/alfombra-morris-co-willow-boughs-leafy-arbour\/#primaryimage"},"thumbnailUrl":"https:\/\/decora-zone.com\/wp-content\/uploads\/2023\/09\/Alfombra-Exterior-Decorazone-Morris-Co-Willow-Boughs-lefy-arbour-428607a.jpg","datePublished":"2023-09-11T16:32:33+00:00","dateModified":"2025-03-10T16:52:18+00:00","description":"Alfombra Morris & Co Willow Boughs leafy arbour de exterior. Fabricada por Brink & Campman y distribuida por tienda de alfombras Decorazone de Bilbao.","breadcrumb":{"@id":"https:\/\/decora-zone.com\/producto\/alfombra-morris-co-willow-boughs-leafy-arbour\/#breadcrumb"},"inLanguage":"en-US","potentialAction":[{"@type":"ReadAction","target":["https:\/\/decora-zone.com\/producto\/alfombra-morris-co-willow-boughs-leafy-arbour\/"]}]},{"@type":"ImageObject","inLanguage":"en-US","@id":"https:\/\/decora-zone.com\/producto\/alfombra-morris-co-willow-boughs-leafy-arbour\/#primaryimage","url":"https:\/\/decora-zone.com\/wp-content\/uploads\/2023\/09\/Alfombra-Exterior-Decorazone-Morris-Co-Willow-Boughs-lefy-arbour-428607a.jpg","contentUrl":"https:\/\/decora-zone.com\/wp-content\/uploads\/2023\/09\/Alfombra-Exterior-Decorazone-Morris-Co-Willow-Boughs-lefy-arbour-428607a.jpg","width":961,"height":1200,"caption":"Alfombra Willow Boughs leafy arbour"},{"@type":"BreadcrumbList","@id":"https:\/\/decora-zone.com\/producto\/alfombra-morris-co-willow-boughs-leafy-arbour\/#breadcrumb","itemListElement":[{"@type":"ListItem","position":1,"name":"Portada","item":"https:\/\/decora-zone.com\/"},{"@type":"ListItem","position":2,"name":"Productos","item":"https:\/\/decora-zone.com\/tienda-alfombras-cortinas-bilbao\/"},{"@type":"ListItem","position":3,"name":"Alfombra Morris &#038; Co Willow Boughs leafy arbour"}]},{"@type":"WebSite","@id":"https:\/\/decora-zone.com\/#website","url":"https:\/\/decora-zone.com\/","name":"Decora-zone","description":"Especialistas en cortinas y alfombras de dise\u00f1o en Bilbao","publisher":{"@id":"https:\/\/decora-zone.com\/#organization"},"potentialAction":[{"@type":"SearchAction","target":{"@type":"EntryPoint","urlTemplate":"https:\/\/decora-zone.com\/?s={search_term_string}"},"query-input":{"@type":"PropertyValueSpecification","valueRequired":true,"valueName":"search_term_string"}}],"inLanguage":"en-US"},{"@type":"Organization","@id":"https:\/\/decora-zone.com\/#organization","name":"Decora-Zone Tienda de Decoraci\u00f3n en Bilbao","url":"https:\/\/decora-zone.com\/","logo":{"@type":"ImageObject","inLanguage":"en-US","@id":"https:\/\/decora-zone.com\/#\/schema\/logo\/image\/","url":"https:\/\/decora-zone.com\/wp-content\/uploads\/2014\/02\/logotipo-decora-zone-alfombras-cortinas-decoracion-bilbao.jpg","contentUrl":"https:\/\/decora-zone.com\/wp-content\/uploads\/2014\/02\/logotipo-decora-zone-alfombras-cortinas-decoracion-bilbao.jpg","width":484,"height":230,"caption":"Decora-Zone Tienda de Decoraci\u00f3n en Bilbao"},"image":{"@id":"https:\/\/decora-zone.com\/#\/schema\/logo\/image\/"},"sameAs":["https:\/\/www.facebook.com\/decorazone.bilbao\/","https:\/\/www.instagram.com\/decora_zone_\/","https:\/\/co.pinterest.com\/Decora_Zone\/"]}]}},"_links":{"self":[{"href":"https:\/\/decora-zone.com\/en\/wp-json\/wp\/v2\/product\/15478","targetHints":{"allow":["GET"]}}],"collection":[{"href":"https:\/\/decora-zone.com\/en\/wp-json\/wp\/v2\/product"}],"about":[{"href":"https:\/\/decora-zone.com\/en\/wp-json\/wp\/v2\/types\/product"}],"replies":[{"embeddable":true,"href":"https:\/\/decora-zone.com\/en\/wp-json\/wp\/v2\/comments?post=15478"}],"wp:featuredmedia":[{"embeddable":true,"href":"https:\/\/decora-zone.com\/en\/wp-json\/wp\/v2\/media\/15484"}],"wp:attachment":[{"href":"https:\/\/decora-zone.com\/en\/wp-json\/wp\/v2\/media?parent=15478"}],"wp:term":[{"taxonomy":"product_brand","embeddable":true,"href":"https:\/\/decora-zone.com\/en\/wp-json\/wp\/v2\/product_brand?post=15478"},{"taxonomy":"product_cat","embeddable":true,"href":"https:\/\/decora-zone.com\/en\/wp-json\/wp\/v2\/product_cat?post=15478"},{"taxonomy":"product_tag","embeddable":true,"href":"https:\/\/decora-zone.com\/en\/wp-json\/wp\/v2\/product_tag?post=15478"}],"curies":[{"name":"wp","href":"https:\/\/api.w.org\/{rel}","templated":true}]}}