{"id":15023,"date":"2023-07-06T18:44:38","date_gmt":"2023-07-06T16:44:38","guid":{"rendered":"https:\/\/decora-zone.com\/?post_type=product&#038;p=15023"},"modified":"2025-03-10T17:54:01","modified_gmt":"2025-03-10T16:54:01","slug":"alfombra-scion-orto","status":"publish","type":"product","link":"https:\/\/decora-zone.com\/en\/producto\/alfombra-scion-orto\/","title":{"rendered":"Alfombra Scion Orto"},"content":{"rendered":"<p><strong>Alfombra Scion Orto<\/strong><\/p>\n<p><strong>100% Pura Lana Virgen<\/strong><\/p>\n<p>Fabricada por <strong>Brink &amp; Campman<\/strong>, uno de los proveedores de alfombras m\u00e1s innovadores del mundo.<\/p>\n<p>Esta alfombra pertenece a la colecci\u00f3n Scion, inspirada en sus dise\u00f1os m\u00e1s populares. Una elegante e imaginativa colecci\u00f3n de alfombras hechas a mano combinando colores llamativos y contempor\u00e1neos, con poderosos motivos gr\u00e1ficos.<\/p>\n<p>Alfombras refrescantes y originales que rebosan alegr\u00eda y personalidad.<\/p>\n<p>Altura del pelo 14 mm.<\/p>\n<p>Peso total 3300gr\/m2 aprox.<\/p>\n<p>Pelo en bucle<\/p>\n<p>Plazo de entrega aproximado 5 semanas.<\/p>\n<p><strong>Si est\u00e1 interesado en alguno de nuestros art\u00edculos que est\u00e9n sin stock, puede reservarlos poni\u00e9ndose en <a href=\"http:\/\/decora-zone.com\/contacto-decora-zone-alfombras-cortinas-decoracion-bilbao\/\">contacto con nosotros<\/a>.<\/strong><\/p>\n","protected":false},"excerpt":{"rendered":"<p><strong>100% Pura Lana Virgen\u00a0<\/strong><\/p>\n<p>Fabricada por <strong>Brink &amp; Campman<\/strong>, uno de los proveedores de alfombras m\u00e1s innovadores del mundo.<\/p>\n<p>Esta alfombra pertenece a la colecci\u00f3n Scion, inspirada en sus dise\u00f1os m\u00e1s populares. Una elegante e imaginativa colecci\u00f3n de alfombras hechas a mano combinando colores llamativos y contempor\u00e1neos, con poderosos motivos gr\u00e1ficos.<\/p>\n<p>Alfombras refrescantes y originales que rebosan de alegr\u00eda y personalidad.<\/p>\n<p>&nbsp;<\/p>\n","protected":false},"featured_media":15044,"comment_status":"open","ping_status":"closed","template":"","meta":[],"product_brand":[],"product_cat":[21,57],"product_tag":[32,28,61,27,23,24,30,29,783],"class_list":{"0":"post-15023","1":"product","2":"type-product","3":"status-publish","4":"has-post-thumbnail","6":"product_cat-alfombras-bilbao-tienda-decoracion-santutxu","7":"product_cat-alfombras-lana-bilbao-tienda-decoracion-santutxu","8":"product_tag-alfombras","9":"product_tag-bilbao","10":"product_tag-brink-campman","11":"product_tag-decora-zone","12":"product_tag-decoracion","13":"product_tag-hogar","14":"product_tag-lana","15":"product_tag-santutxu","16":"product_tag-scion","17":"pa_medida-120x180cm","18":"pa_medida-160x230cm","19":"pa_medida-200x280cm","20":"pa_medida-250x350cm","22":"first","23":"outofstock","24":"shipping-taxable","25":"purchasable","26":"product-type-variable"},"yoast_head":"<!-- This site is optimized with the Yoast SEO plugin v27.5 - https:\/\/yoast.com\/product\/yoast-seo-wordpress\/ -->\n<title>Alfombra Scion OrtoAlfombra Scion Orto - Decora-zone<\/title>\n<meta name=\"description\" content=\"Alfombra Scion Orto de Pura Lana virgen. Dise\u00f1ada por Brink &amp; Campman uno de los fabricantes de alfombras m\u00e1s innovadores del mundo en DecoraZone de Bilbao\" \/>\n<meta name=\"robots\" content=\"index, follow, max-snippet:-1, max-image-preview:large, max-video-preview:-1\" \/>\n<link rel=\"canonical\" href=\"https:\/\/decora-zone.com\/producto\/alfombra-scion-orto\/\" \/>\n<meta property=\"og:locale\" content=\"en_US\" \/>\n<meta property=\"og:type\" content=\"article\" \/>\n<meta property=\"og:title\" content=\"Alfombra Scion OrtoAlfombra Scion Orto - Decora-zone\" \/>\n<meta property=\"og:description\" content=\"Alfombra Scion Orto de Pura Lana virgen. Dise\u00f1ada por Brink &amp; Campman uno de los fabricantes de alfombras m\u00e1s innovadores del mundo en DecoraZone de Bilbao\" \/>\n<meta property=\"og:url\" content=\"https:\/\/decora-zone.com\/producto\/alfombra-scion-orto\/\" \/>\n<meta property=\"og:site_name\" content=\"Decora-zone\" \/>\n<meta property=\"article:publisher\" content=\"https:\/\/www.facebook.com\/decorazone.bilbao\/\" \/>\n<meta property=\"article:modified_time\" content=\"2025-03-10T16:54:01+00:00\" \/>\n<meta property=\"og:image\" content=\"https:\/\/decora-zone.com\/wp-content\/uploads\/2023\/07\/Alfombra-lana-Decorazone-Scion-Orto-Rust-125400a.jpg\" \/>\n\t<meta property=\"og:image:width\" content=\"1200\" \/>\n\t<meta property=\"og:image:height\" content=\"899\" \/>\n\t<meta property=\"og:image:type\" content=\"image\/jpeg\" \/>\n<meta name=\"twitter:label1\" content=\"Est. reading time\" \/>\n\t<meta name=\"twitter:data1\" content=\"1 minute\" \/>\n<script type=\"application\/ld+json\" class=\"yoast-schema-graph\">{\"@context\":\"https:\\\/\\\/schema.org\",\"@graph\":[{\"@type\":\"WebPage\",\"@id\":\"https:\\\/\\\/decora-zone.com\\\/producto\\\/alfombra-scion-orto\\\/\",\"url\":\"https:\\\/\\\/decora-zone.com\\\/producto\\\/alfombra-scion-orto\\\/\",\"name\":\"Alfombra Scion OrtoAlfombra Scion Orto - Decora-zone\",\"isPartOf\":{\"@id\":\"https:\\\/\\\/decora-zone.com\\\/#website\"},\"primaryImageOfPage\":{\"@id\":\"https:\\\/\\\/decora-zone.com\\\/producto\\\/alfombra-scion-orto\\\/#primaryimage\"},\"image\":{\"@id\":\"https:\\\/\\\/decora-zone.com\\\/producto\\\/alfombra-scion-orto\\\/#primaryimage\"},\"thumbnailUrl\":\"https:\\\/\\\/decora-zone.com\\\/wp-content\\\/uploads\\\/2023\\\/07\\\/Alfombra-lana-Decorazone-Scion-Orto-Rust-125400a.jpg\",\"datePublished\":\"2023-07-06T16:44:38+00:00\",\"dateModified\":\"2025-03-10T16:54:01+00:00\",\"description\":\"Alfombra Scion Orto de Pura Lana virgen. Dise\u00f1ada por Brink & Campman uno de los fabricantes de alfombras m\u00e1s innovadores del mundo en DecoraZone de Bilbao\",\"breadcrumb\":{\"@id\":\"https:\\\/\\\/decora-zone.com\\\/producto\\\/alfombra-scion-orto\\\/#breadcrumb\"},\"inLanguage\":\"en-US\",\"potentialAction\":[{\"@type\":\"ReadAction\",\"target\":[\"https:\\\/\\\/decora-zone.com\\\/producto\\\/alfombra-scion-orto\\\/\"]}]},{\"@type\":\"ImageObject\",\"inLanguage\":\"en-US\",\"@id\":\"https:\\\/\\\/decora-zone.com\\\/producto\\\/alfombra-scion-orto\\\/#primaryimage\",\"url\":\"https:\\\/\\\/decora-zone.com\\\/wp-content\\\/uploads\\\/2023\\\/07\\\/Alfombra-lana-Decorazone-Scion-Orto-Rust-125400a.jpg\",\"contentUrl\":\"https:\\\/\\\/decora-zone.com\\\/wp-content\\\/uploads\\\/2023\\\/07\\\/Alfombra-lana-Decorazone-Scion-Orto-Rust-125400a.jpg\",\"width\":1200,\"height\":899,\"caption\":\"Alfombra Orto rust\"},{\"@type\":\"BreadcrumbList\",\"@id\":\"https:\\\/\\\/decora-zone.com\\\/producto\\\/alfombra-scion-orto\\\/#breadcrumb\",\"itemListElement\":[{\"@type\":\"ListItem\",\"position\":1,\"name\":\"Portada\",\"item\":\"https:\\\/\\\/decora-zone.com\\\/\"},{\"@type\":\"ListItem\",\"position\":2,\"name\":\"Productos\",\"item\":\"https:\\\/\\\/decora-zone.com\\\/tienda-alfombras-cortinas-bilbao\\\/\"},{\"@type\":\"ListItem\",\"position\":3,\"name\":\"Alfombra Scion Orto\"}]},{\"@type\":\"WebSite\",\"@id\":\"https:\\\/\\\/decora-zone.com\\\/#website\",\"url\":\"https:\\\/\\\/decora-zone.com\\\/\",\"name\":\"Decora-zone\",\"description\":\"Especialistas en cortinas y alfombras de dise\u00f1o en Bilbao\",\"publisher\":{\"@id\":\"https:\\\/\\\/decora-zone.com\\\/#organization\"},\"potentialAction\":[{\"@type\":\"SearchAction\",\"target\":{\"@type\":\"EntryPoint\",\"urlTemplate\":\"https:\\\/\\\/decora-zone.com\\\/?s={search_term_string}\"},\"query-input\":{\"@type\":\"PropertyValueSpecification\",\"valueRequired\":true,\"valueName\":\"search_term_string\"}}],\"inLanguage\":\"en-US\"},{\"@type\":\"Organization\",\"@id\":\"https:\\\/\\\/decora-zone.com\\\/#organization\",\"name\":\"Decora-Zone Tienda de Decoraci\u00f3n en Bilbao\",\"url\":\"https:\\\/\\\/decora-zone.com\\\/\",\"logo\":{\"@type\":\"ImageObject\",\"inLanguage\":\"en-US\",\"@id\":\"https:\\\/\\\/decora-zone.com\\\/#\\\/schema\\\/logo\\\/image\\\/\",\"url\":\"https:\\\/\\\/decora-zone.com\\\/wp-content\\\/uploads\\\/2014\\\/02\\\/logotipo-decora-zone-alfombras-cortinas-decoracion-bilbao.jpg\",\"contentUrl\":\"https:\\\/\\\/decora-zone.com\\\/wp-content\\\/uploads\\\/2014\\\/02\\\/logotipo-decora-zone-alfombras-cortinas-decoracion-bilbao.jpg\",\"width\":484,\"height\":230,\"caption\":\"Decora-Zone Tienda de Decoraci\u00f3n en Bilbao\"},\"image\":{\"@id\":\"https:\\\/\\\/decora-zone.com\\\/#\\\/schema\\\/logo\\\/image\\\/\"},\"sameAs\":[\"https:\\\/\\\/www.facebook.com\\\/decorazone.bilbao\\\/\",\"https:\\\/\\\/www.instagram.com\\\/decora_zone_\\\/\",\"https:\\\/\\\/co.pinterest.com\\\/Decora_Zone\\\/\"]}]}<\/script>\n<!-- \/ Yoast SEO plugin. -->","yoast_head_json":{"title":"Alfombra Scion OrtoAlfombra Scion Orto - Decora-zone","description":"Alfombra Scion Orto de Pura Lana virgen. Dise\u00f1ada por Brink & Campman uno de los fabricantes de alfombras m\u00e1s innovadores del mundo en DecoraZone de Bilbao","robots":{"index":"index","follow":"follow","max-snippet":"max-snippet:-1","max-image-preview":"max-image-preview:large","max-video-preview":"max-video-preview:-1"},"canonical":"https:\/\/decora-zone.com\/producto\/alfombra-scion-orto\/","og_locale":"en_US","og_type":"article","og_title":"Alfombra Scion OrtoAlfombra Scion Orto - Decora-zone","og_description":"Alfombra Scion Orto de Pura Lana virgen. Dise\u00f1ada por Brink & Campman uno de los fabricantes de alfombras m\u00e1s innovadores del mundo en DecoraZone de Bilbao","og_url":"https:\/\/decora-zone.com\/producto\/alfombra-scion-orto\/","og_site_name":"Decora-zone","article_publisher":"https:\/\/www.facebook.com\/decorazone.bilbao\/","article_modified_time":"2025-03-10T16:54:01+00:00","og_image":[{"width":1200,"height":899,"url":"https:\/\/decora-zone.com\/wp-content\/uploads\/2023\/07\/Alfombra-lana-Decorazone-Scion-Orto-Rust-125400a.jpg","type":"image\/jpeg"}],"twitter_misc":{"Est. reading time":"1 minute"},"schema":{"@context":"https:\/\/schema.org","@graph":[{"@type":"WebPage","@id":"https:\/\/decora-zone.com\/producto\/alfombra-scion-orto\/","url":"https:\/\/decora-zone.com\/producto\/alfombra-scion-orto\/","name":"Alfombra Scion OrtoAlfombra Scion Orto - Decora-zone","isPartOf":{"@id":"https:\/\/decora-zone.com\/#website"},"primaryImageOfPage":{"@id":"https:\/\/decora-zone.com\/producto\/alfombra-scion-orto\/#primaryimage"},"image":{"@id":"https:\/\/decora-zone.com\/producto\/alfombra-scion-orto\/#primaryimage"},"thumbnailUrl":"https:\/\/decora-zone.com\/wp-content\/uploads\/2023\/07\/Alfombra-lana-Decorazone-Scion-Orto-Rust-125400a.jpg","datePublished":"2023-07-06T16:44:38+00:00","dateModified":"2025-03-10T16:54:01+00:00","description":"Alfombra Scion Orto de Pura Lana virgen. Dise\u00f1ada por Brink & Campman uno de los fabricantes de alfombras m\u00e1s innovadores del mundo en DecoraZone de Bilbao","breadcrumb":{"@id":"https:\/\/decora-zone.com\/producto\/alfombra-scion-orto\/#breadcrumb"},"inLanguage":"en-US","potentialAction":[{"@type":"ReadAction","target":["https:\/\/decora-zone.com\/producto\/alfombra-scion-orto\/"]}]},{"@type":"ImageObject","inLanguage":"en-US","@id":"https:\/\/decora-zone.com\/producto\/alfombra-scion-orto\/#primaryimage","url":"https:\/\/decora-zone.com\/wp-content\/uploads\/2023\/07\/Alfombra-lana-Decorazone-Scion-Orto-Rust-125400a.jpg","contentUrl":"https:\/\/decora-zone.com\/wp-content\/uploads\/2023\/07\/Alfombra-lana-Decorazone-Scion-Orto-Rust-125400a.jpg","width":1200,"height":899,"caption":"Alfombra Orto rust"},{"@type":"BreadcrumbList","@id":"https:\/\/decora-zone.com\/producto\/alfombra-scion-orto\/#breadcrumb","itemListElement":[{"@type":"ListItem","position":1,"name":"Portada","item":"https:\/\/decora-zone.com\/"},{"@type":"ListItem","position":2,"name":"Productos","item":"https:\/\/decora-zone.com\/tienda-alfombras-cortinas-bilbao\/"},{"@type":"ListItem","position":3,"name":"Alfombra Scion Orto"}]},{"@type":"WebSite","@id":"https:\/\/decora-zone.com\/#website","url":"https:\/\/decora-zone.com\/","name":"Decora-zone","description":"Especialistas en cortinas y alfombras de dise\u00f1o en Bilbao","publisher":{"@id":"https:\/\/decora-zone.com\/#organization"},"potentialAction":[{"@type":"SearchAction","target":{"@type":"EntryPoint","urlTemplate":"https:\/\/decora-zone.com\/?s={search_term_string}"},"query-input":{"@type":"PropertyValueSpecification","valueRequired":true,"valueName":"search_term_string"}}],"inLanguage":"en-US"},{"@type":"Organization","@id":"https:\/\/decora-zone.com\/#organization","name":"Decora-Zone Tienda de Decoraci\u00f3n en Bilbao","url":"https:\/\/decora-zone.com\/","logo":{"@type":"ImageObject","inLanguage":"en-US","@id":"https:\/\/decora-zone.com\/#\/schema\/logo\/image\/","url":"https:\/\/decora-zone.com\/wp-content\/uploads\/2014\/02\/logotipo-decora-zone-alfombras-cortinas-decoracion-bilbao.jpg","contentUrl":"https:\/\/decora-zone.com\/wp-content\/uploads\/2014\/02\/logotipo-decora-zone-alfombras-cortinas-decoracion-bilbao.jpg","width":484,"height":230,"caption":"Decora-Zone Tienda de Decoraci\u00f3n en Bilbao"},"image":{"@id":"https:\/\/decora-zone.com\/#\/schema\/logo\/image\/"},"sameAs":["https:\/\/www.facebook.com\/decorazone.bilbao\/","https:\/\/www.instagram.com\/decora_zone_\/","https:\/\/co.pinterest.com\/Decora_Zone\/"]}]}},"_links":{"self":[{"href":"https:\/\/decora-zone.com\/en\/wp-json\/wp\/v2\/product\/15023","targetHints":{"allow":["GET"]}}],"collection":[{"href":"https:\/\/decora-zone.com\/en\/wp-json\/wp\/v2\/product"}],"about":[{"href":"https:\/\/decora-zone.com\/en\/wp-json\/wp\/v2\/types\/product"}],"replies":[{"embeddable":true,"href":"https:\/\/decora-zone.com\/en\/wp-json\/wp\/v2\/comments?post=15023"}],"wp:featuredmedia":[{"embeddable":true,"href":"https:\/\/decora-zone.com\/en\/wp-json\/wp\/v2\/media\/15044"}],"wp:attachment":[{"href":"https:\/\/decora-zone.com\/en\/wp-json\/wp\/v2\/media?parent=15023"}],"wp:term":[{"taxonomy":"product_brand","embeddable":true,"href":"https:\/\/decora-zone.com\/en\/wp-json\/wp\/v2\/product_brand?post=15023"},{"taxonomy":"product_cat","embeddable":true,"href":"https:\/\/decora-zone.com\/en\/wp-json\/wp\/v2\/product_cat?post=15023"},{"taxonomy":"product_tag","embeddable":true,"href":"https:\/\/decora-zone.com\/en\/wp-json\/wp\/v2\/product_tag?post=15023"}],"curies":[{"name":"wp","href":"https:\/\/api.w.org\/{rel}","templated":true}]}}