{"id":14426,"date":"2023-06-27T18:43:57","date_gmt":"2023-06-27T16:43:57","guid":{"rendered":"https:\/\/decora-zone.com\/?post_type=product&#038;p=14426"},"modified":"2025-03-10T17:54:15","modified_gmt":"2025-03-10T16:54:15","slug":"alfombra-artisan-stack","status":"publish","type":"product","link":"https:\/\/decora-zone.com\/en\/producto\/alfombra-artisan-stack\/","title":{"rendered":"Alfombra Artisan Stack"},"content":{"rendered":"<h1><strong>Alfombra Artisan Stack<\/strong><\/h1>\n<h2><strong>100% Pura Lana Virgen<\/strong><\/h2>\n<p>Descubre la elegancia de la alfombra Artisan Stack , hecha\u00a0 a mano con pura lana virgen y dise\u00f1ada por\u00a0<strong>Brink &amp; Campman<\/strong>, fabricante de alfombras con 120 a\u00f1os de experiencia y dise\u00f1os de vanguardia. Una alfombra que cautivar\u00e1\u00a0 tus sentidos y transformar\u00e1 cualquier espacio en un oasis acogedor.<\/p>\n<p>Su dise\u00f1o a\u00f1ade un toque contempor\u00e1neo y sofisticado a tu hogar. Cada detalle es meticulosamente tejido por expertos artesanos , creando un patr\u00f3n \u00fanico que es a la vez audaz y armonioso.<\/p>\n<p>Su textura lujosa y natural proporciona una sensaci\u00f3n acogedora y confortable, convirtiendo cualquier habitaci\u00f3n en un espacio acogedor.<\/p>\n<p>Eleva tu decoraci\u00f3n con la colecci\u00f3n de alfombras Artisan \u00a0y experimenta la belleza atemporal de una obra de arte hecha a mano con materiales de la m\u00e1s alta calidad.<\/p>\n<h3>Caracter\u00edsticas destacadas:<\/h3>\n<ul>\n<li><strong>Calidad:<\/strong> Tejida a mano<\/li>\n<li><strong>Material de la Pila:<\/strong> Pura lana virgen<\/li>\n<li><strong>Altura Total:<\/strong> Aproximadamente 12 mm<\/li>\n<li><strong>Peso de la Pila:<\/strong> Aproximadamente 2700 gr\/m\u00b2<\/li>\n<li><strong>Peso Total:<\/strong> Aproximadamente 4000 gr\/m\u00b2<\/li>\n<li><strong>Material del Reverso:<\/strong> Algod\u00f3n<\/li>\n<li><strong>Dimensiones Disponibles:<\/strong> 140 x 200 cm | 160 x 230 cm | 200 x 280 cm | 250 x 350 cm<\/li>\n<li><strong>Fabricada en:<\/strong> India<\/li>\n<\/ul>\n<p><strong>Nota:<\/strong> Todas las medidas son aproximadas y puede haber una variaci\u00f3n de hasta un 5%.<\/p>\n<p><strong>Plazo de Entrega:<\/strong> Aproximadamente 5 semanas.<\/p>\n<p><strong>Si est\u00e1 interesado en alguno de nuestros art\u00edculos que est\u00e9n sin stock, puede reservarlos poni\u00e9ndose en <a href=\"https:\/\/decora-zone.com\/contacto-decora-zone-alfombras-cortinas-decoracion-bilbao\/\">contacto con nosotros<\/a>.<\/strong><\/p>\n<p>&nbsp;<\/p>\n","protected":false},"excerpt":{"rendered":"<h2><strong>100% Pura Lana Virgen<\/strong><\/h2>\n<p>Descubre la elegancia de la alfombra Artisan Stack , hecha\u00a0 a mano con pura lana virgen y dise\u00f1ada por\u00a0<strong>Brink &amp; Campman<\/strong>, fabricante de alfombras con 120 a\u00f1os de experiencia y dise\u00f1os de vanguardia. Una alfombra que cautivar\u00e1\u00a0 tus sentidos y transformar\u00e1 cualquier espacio en un oasis acogedor.<\/p>\n<p>Su dise\u00f1o a\u00f1ade un toque contempor\u00e1neo y sofisticado a tu hogar. Cada detalle es meticulosamente tejido por expertos artesanos , creando un patr\u00f3n \u00fanico que es a la vez audaz y armonioso.<\/p>\n<p>Su textura lujosa y natural proporciona una sensaci\u00f3n acogedora y confortable, convirtiendo cualquier habitaci\u00f3n en un espacio acogedor.<\/p>\n<p>Eleva tu decoraci\u00f3n con la colecci\u00f3n de alfombras Artisan \u00a0y experimenta la belleza atemporal de una obra de arte hecha a mano con materiales de la m\u00e1s alta calidad.<\/p>\n","protected":false},"featured_media":14436,"comment_status":"open","ping_status":"closed","template":"","meta":[],"product_brand":[],"product_cat":[21,57],"product_tag":[1032,1008,1007,1033,1030,32,28,61,27,23,24,30,29],"class_list":{"0":"post-14426","1":"product","2":"type-product","3":"status-publish","4":"has-post-thumbnail","6":"product_cat-alfombras-bilbao-tienda-decoracion-santutxu","7":"product_cat-alfombras-lana-bilbao-tienda-decoracion-santutxu","8":"product_tag-alfombra-artesanal","9":"product_tag-alfombra-de-lujo","10":"product_tag-alfombra-moderna","11":"product_tag-alfombra-para-salon","12":"product_tag-alfombra-tejda-a-mano","13":"product_tag-alfombras","14":"product_tag-bilbao","15":"product_tag-brink-campman","16":"product_tag-decora-zone","17":"product_tag-decoracion","18":"product_tag-hogar","19":"product_tag-lana","20":"product_tag-santutxu","21":"pa_medida-140x200cm","22":"pa_medida-160x230cm","23":"pa_medida-200x280cm","24":"pa_medida-250x350cm","26":"first","27":"outofstock","28":"shipping-taxable","29":"purchasable","30":"product-type-variable"},"yoast_head":"<!-- This site is optimized with the Yoast SEO plugin v27.5 - https:\/\/yoast.com\/product\/yoast-seo-wordpress\/ -->\n<title>Alfombra Artisan Stack - Decora-zone<\/title>\n<meta name=\"description\" content=\"Descubre la alfombra Artisan Stack de Brink &amp; Campman, tejida a mano con pura lana virgen. Ideal para cualquier interior, disponible en varios tama\u00f1os\" \/>\n<meta name=\"robots\" content=\"index, follow, max-snippet:-1, max-image-preview:large, max-video-preview:-1\" \/>\n<link rel=\"canonical\" href=\"https:\/\/decora-zone.com\/producto\/alfombra-artisan-stack\/\" \/>\n<meta property=\"og:locale\" content=\"en_US\" \/>\n<meta property=\"og:type\" content=\"article\" \/>\n<meta property=\"og:title\" content=\"Alfombra Artisan Stack - Decora-zone\" \/>\n<meta property=\"og:description\" content=\"Descubre la alfombra Artisan Stack de Brink &amp; Campman, tejida a mano con pura lana virgen. Ideal para cualquier interior, disponible en varios tama\u00f1os\" \/>\n<meta property=\"og:url\" content=\"https:\/\/decora-zone.com\/producto\/alfombra-artisan-stack\/\" \/>\n<meta property=\"og:site_name\" content=\"Decora-zone\" \/>\n<meta property=\"article:publisher\" content=\"https:\/\/www.facebook.com\/decorazone.bilbao\/\" \/>\n<meta property=\"article:modified_time\" content=\"2025-03-10T16:54:15+00:00\" \/>\n<meta property=\"og:image\" content=\"https:\/\/decora-zone.com\/wp-content\/uploads\/2023\/06\/Alfombra-lana-Decorazone-Artisan-Stack-ochre-090201a.jpg\" \/>\n\t<meta property=\"og:image:width\" content=\"800\" \/>\n\t<meta property=\"og:image:height\" content=\"1200\" \/>\n\t<meta property=\"og:image:type\" content=\"image\/jpeg\" \/>\n<meta name=\"twitter:label1\" content=\"Est. reading time\" \/>\n\t<meta name=\"twitter:data1\" content=\"2 minutes\" \/>\n<script type=\"application\/ld+json\" class=\"yoast-schema-graph\">{\"@context\":\"https:\\\/\\\/schema.org\",\"@graph\":[{\"@type\":\"WebPage\",\"@id\":\"https:\\\/\\\/decora-zone.com\\\/producto\\\/alfombra-artisan-stack\\\/\",\"url\":\"https:\\\/\\\/decora-zone.com\\\/producto\\\/alfombra-artisan-stack\\\/\",\"name\":\"Alfombra Artisan Stack - Decora-zone\",\"isPartOf\":{\"@id\":\"https:\\\/\\\/decora-zone.com\\\/#website\"},\"primaryImageOfPage\":{\"@id\":\"https:\\\/\\\/decora-zone.com\\\/producto\\\/alfombra-artisan-stack\\\/#primaryimage\"},\"image\":{\"@id\":\"https:\\\/\\\/decora-zone.com\\\/producto\\\/alfombra-artisan-stack\\\/#primaryimage\"},\"thumbnailUrl\":\"https:\\\/\\\/decora-zone.com\\\/wp-content\\\/uploads\\\/2023\\\/06\\\/Alfombra-lana-Decorazone-Artisan-Stack-ochre-090201a.jpg\",\"datePublished\":\"2023-06-27T16:43:57+00:00\",\"dateModified\":\"2025-03-10T16:54:15+00:00\",\"description\":\"Descubre la alfombra Artisan Stack de Brink & Campman, tejida a mano con pura lana virgen. Ideal para cualquier interior, disponible en varios tama\u00f1os\",\"breadcrumb\":{\"@id\":\"https:\\\/\\\/decora-zone.com\\\/producto\\\/alfombra-artisan-stack\\\/#breadcrumb\"},\"inLanguage\":\"en-US\",\"potentialAction\":[{\"@type\":\"ReadAction\",\"target\":[\"https:\\\/\\\/decora-zone.com\\\/producto\\\/alfombra-artisan-stack\\\/\"]}]},{\"@type\":\"ImageObject\",\"inLanguage\":\"en-US\",\"@id\":\"https:\\\/\\\/decora-zone.com\\\/producto\\\/alfombra-artisan-stack\\\/#primaryimage\",\"url\":\"https:\\\/\\\/decora-zone.com\\\/wp-content\\\/uploads\\\/2023\\\/06\\\/Alfombra-lana-Decorazone-Artisan-Stack-ochre-090201a.jpg\",\"contentUrl\":\"https:\\\/\\\/decora-zone.com\\\/wp-content\\\/uploads\\\/2023\\\/06\\\/Alfombra-lana-Decorazone-Artisan-Stack-ochre-090201a.jpg\",\"width\":800,\"height\":1200,\"caption\":\"Alfombra Artisan Stack ochre\"},{\"@type\":\"BreadcrumbList\",\"@id\":\"https:\\\/\\\/decora-zone.com\\\/producto\\\/alfombra-artisan-stack\\\/#breadcrumb\",\"itemListElement\":[{\"@type\":\"ListItem\",\"position\":1,\"name\":\"Portada\",\"item\":\"https:\\\/\\\/decora-zone.com\\\/\"},{\"@type\":\"ListItem\",\"position\":2,\"name\":\"Productos\",\"item\":\"https:\\\/\\\/decora-zone.com\\\/tienda-alfombras-cortinas-bilbao\\\/\"},{\"@type\":\"ListItem\",\"position\":3,\"name\":\"Alfombra Artisan Stack\"}]},{\"@type\":\"WebSite\",\"@id\":\"https:\\\/\\\/decora-zone.com\\\/#website\",\"url\":\"https:\\\/\\\/decora-zone.com\\\/\",\"name\":\"Decora-zone\",\"description\":\"Especialistas en cortinas y alfombras de dise\u00f1o en Bilbao\",\"publisher\":{\"@id\":\"https:\\\/\\\/decora-zone.com\\\/#organization\"},\"potentialAction\":[{\"@type\":\"SearchAction\",\"target\":{\"@type\":\"EntryPoint\",\"urlTemplate\":\"https:\\\/\\\/decora-zone.com\\\/?s={search_term_string}\"},\"query-input\":{\"@type\":\"PropertyValueSpecification\",\"valueRequired\":true,\"valueName\":\"search_term_string\"}}],\"inLanguage\":\"en-US\"},{\"@type\":\"Organization\",\"@id\":\"https:\\\/\\\/decora-zone.com\\\/#organization\",\"name\":\"Decora-Zone Tienda de Decoraci\u00f3n en Bilbao\",\"url\":\"https:\\\/\\\/decora-zone.com\\\/\",\"logo\":{\"@type\":\"ImageObject\",\"inLanguage\":\"en-US\",\"@id\":\"https:\\\/\\\/decora-zone.com\\\/#\\\/schema\\\/logo\\\/image\\\/\",\"url\":\"https:\\\/\\\/decora-zone.com\\\/wp-content\\\/uploads\\\/2014\\\/02\\\/logotipo-decora-zone-alfombras-cortinas-decoracion-bilbao.jpg\",\"contentUrl\":\"https:\\\/\\\/decora-zone.com\\\/wp-content\\\/uploads\\\/2014\\\/02\\\/logotipo-decora-zone-alfombras-cortinas-decoracion-bilbao.jpg\",\"width\":484,\"height\":230,\"caption\":\"Decora-Zone Tienda de Decoraci\u00f3n en Bilbao\"},\"image\":{\"@id\":\"https:\\\/\\\/decora-zone.com\\\/#\\\/schema\\\/logo\\\/image\\\/\"},\"sameAs\":[\"https:\\\/\\\/www.facebook.com\\\/decorazone.bilbao\\\/\",\"https:\\\/\\\/www.instagram.com\\\/decora_zone_\\\/\",\"https:\\\/\\\/co.pinterest.com\\\/Decora_Zone\\\/\"]}]}<\/script>\n<!-- \/ Yoast SEO plugin. -->","yoast_head_json":{"title":"Alfombra Artisan Stack - Decora-zone","description":"Descubre la alfombra Artisan Stack de Brink & Campman, tejida a mano con pura lana virgen. Ideal para cualquier interior, disponible en varios tama\u00f1os","robots":{"index":"index","follow":"follow","max-snippet":"max-snippet:-1","max-image-preview":"max-image-preview:large","max-video-preview":"max-video-preview:-1"},"canonical":"https:\/\/decora-zone.com\/producto\/alfombra-artisan-stack\/","og_locale":"en_US","og_type":"article","og_title":"Alfombra Artisan Stack - Decora-zone","og_description":"Descubre la alfombra Artisan Stack de Brink & Campman, tejida a mano con pura lana virgen. Ideal para cualquier interior, disponible en varios tama\u00f1os","og_url":"https:\/\/decora-zone.com\/producto\/alfombra-artisan-stack\/","og_site_name":"Decora-zone","article_publisher":"https:\/\/www.facebook.com\/decorazone.bilbao\/","article_modified_time":"2025-03-10T16:54:15+00:00","og_image":[{"width":800,"height":1200,"url":"https:\/\/decora-zone.com\/wp-content\/uploads\/2023\/06\/Alfombra-lana-Decorazone-Artisan-Stack-ochre-090201a.jpg","type":"image\/jpeg"}],"twitter_misc":{"Est. reading time":"2 minutes"},"schema":{"@context":"https:\/\/schema.org","@graph":[{"@type":"WebPage","@id":"https:\/\/decora-zone.com\/producto\/alfombra-artisan-stack\/","url":"https:\/\/decora-zone.com\/producto\/alfombra-artisan-stack\/","name":"Alfombra Artisan Stack - Decora-zone","isPartOf":{"@id":"https:\/\/decora-zone.com\/#website"},"primaryImageOfPage":{"@id":"https:\/\/decora-zone.com\/producto\/alfombra-artisan-stack\/#primaryimage"},"image":{"@id":"https:\/\/decora-zone.com\/producto\/alfombra-artisan-stack\/#primaryimage"},"thumbnailUrl":"https:\/\/decora-zone.com\/wp-content\/uploads\/2023\/06\/Alfombra-lana-Decorazone-Artisan-Stack-ochre-090201a.jpg","datePublished":"2023-06-27T16:43:57+00:00","dateModified":"2025-03-10T16:54:15+00:00","description":"Descubre la alfombra Artisan Stack de Brink & Campman, tejida a mano con pura lana virgen. Ideal para cualquier interior, disponible en varios tama\u00f1os","breadcrumb":{"@id":"https:\/\/decora-zone.com\/producto\/alfombra-artisan-stack\/#breadcrumb"},"inLanguage":"en-US","potentialAction":[{"@type":"ReadAction","target":["https:\/\/decora-zone.com\/producto\/alfombra-artisan-stack\/"]}]},{"@type":"ImageObject","inLanguage":"en-US","@id":"https:\/\/decora-zone.com\/producto\/alfombra-artisan-stack\/#primaryimage","url":"https:\/\/decora-zone.com\/wp-content\/uploads\/2023\/06\/Alfombra-lana-Decorazone-Artisan-Stack-ochre-090201a.jpg","contentUrl":"https:\/\/decora-zone.com\/wp-content\/uploads\/2023\/06\/Alfombra-lana-Decorazone-Artisan-Stack-ochre-090201a.jpg","width":800,"height":1200,"caption":"Alfombra Artisan Stack ochre"},{"@type":"BreadcrumbList","@id":"https:\/\/decora-zone.com\/producto\/alfombra-artisan-stack\/#breadcrumb","itemListElement":[{"@type":"ListItem","position":1,"name":"Portada","item":"https:\/\/decora-zone.com\/"},{"@type":"ListItem","position":2,"name":"Productos","item":"https:\/\/decora-zone.com\/tienda-alfombras-cortinas-bilbao\/"},{"@type":"ListItem","position":3,"name":"Alfombra Artisan Stack"}]},{"@type":"WebSite","@id":"https:\/\/decora-zone.com\/#website","url":"https:\/\/decora-zone.com\/","name":"Decora-zone","description":"Especialistas en cortinas y alfombras de dise\u00f1o en Bilbao","publisher":{"@id":"https:\/\/decora-zone.com\/#organization"},"potentialAction":[{"@type":"SearchAction","target":{"@type":"EntryPoint","urlTemplate":"https:\/\/decora-zone.com\/?s={search_term_string}"},"query-input":{"@type":"PropertyValueSpecification","valueRequired":true,"valueName":"search_term_string"}}],"inLanguage":"en-US"},{"@type":"Organization","@id":"https:\/\/decora-zone.com\/#organization","name":"Decora-Zone Tienda de Decoraci\u00f3n en Bilbao","url":"https:\/\/decora-zone.com\/","logo":{"@type":"ImageObject","inLanguage":"en-US","@id":"https:\/\/decora-zone.com\/#\/schema\/logo\/image\/","url":"https:\/\/decora-zone.com\/wp-content\/uploads\/2014\/02\/logotipo-decora-zone-alfombras-cortinas-decoracion-bilbao.jpg","contentUrl":"https:\/\/decora-zone.com\/wp-content\/uploads\/2014\/02\/logotipo-decora-zone-alfombras-cortinas-decoracion-bilbao.jpg","width":484,"height":230,"caption":"Decora-Zone Tienda de Decoraci\u00f3n en Bilbao"},"image":{"@id":"https:\/\/decora-zone.com\/#\/schema\/logo\/image\/"},"sameAs":["https:\/\/www.facebook.com\/decorazone.bilbao\/","https:\/\/www.instagram.com\/decora_zone_\/","https:\/\/co.pinterest.com\/Decora_Zone\/"]}]}},"_links":{"self":[{"href":"https:\/\/decora-zone.com\/en\/wp-json\/wp\/v2\/product\/14426","targetHints":{"allow":["GET"]}}],"collection":[{"href":"https:\/\/decora-zone.com\/en\/wp-json\/wp\/v2\/product"}],"about":[{"href":"https:\/\/decora-zone.com\/en\/wp-json\/wp\/v2\/types\/product"}],"replies":[{"embeddable":true,"href":"https:\/\/decora-zone.com\/en\/wp-json\/wp\/v2\/comments?post=14426"}],"wp:featuredmedia":[{"embeddable":true,"href":"https:\/\/decora-zone.com\/en\/wp-json\/wp\/v2\/media\/14436"}],"wp:attachment":[{"href":"https:\/\/decora-zone.com\/en\/wp-json\/wp\/v2\/media?parent=14426"}],"wp:term":[{"taxonomy":"product_brand","embeddable":true,"href":"https:\/\/decora-zone.com\/en\/wp-json\/wp\/v2\/product_brand?post=14426"},{"taxonomy":"product_cat","embeddable":true,"href":"https:\/\/decora-zone.com\/en\/wp-json\/wp\/v2\/product_cat?post=14426"},{"taxonomy":"product_tag","embeddable":true,"href":"https:\/\/decora-zone.com\/en\/wp-json\/wp\/v2\/product_tag?post=14426"}],"curies":[{"name":"wp","href":"https:\/\/api.w.org\/{rel}","templated":true}]}}