{"id":13750,"date":"2022-11-07T19:36:30","date_gmt":"2022-11-07T17:36:30","guid":{"rendered":"https:\/\/decora-zone.com\/?post_type=product&#038;p=13750"},"modified":"2025-03-10T17:54:23","modified_gmt":"2025-03-10T16:54:23","slug":"alfombra-madison-24","status":"publish","type":"product","link":"https:\/\/decora-zone.com\/en\/producto\/alfombra-madison-24\/","title":{"rendered":"Alfombra Madison 24"},"content":{"rendered":"<p><strong>Alfombra Madison 24<\/strong><\/p>\n<p><strong>100% Poliacr\u00edlico Friss\u00e9 Soft<\/strong><\/p>\n<p>Presentada por la firma de referencia nacional Sualsa, la calidad Madison son alfombras acr\u00edlicas de gran calidad.<\/p>\n<p>Esta colecci\u00f3n nos muestra alfombras de tacto suave y resistente, dise\u00f1os geom\u00e9tricos o un efecto marmol muy actual que encajan y combinan a la perfecci\u00f3n en un ambiente vanguardista,\u00a0 conjugando calidad y dise\u00f1o al mejor precio.<\/p>\n<p>Grosor: 10 mm.<\/p>\n<p>Puntos\/m2 : 320.000<\/p>\n<p>Peso total: 2750 gr\/m2<\/p>\n<p>&nbsp;<\/p>\n<p><strong>Si est\u00e1 interesado en alguno de nuestros art\u00edculos que est\u00e9n sin stock, puede reservarlos poni\u00e9ndose en <a href=\"http:\/\/decora-zone.com\/contacto-decora-zone-alfombras-cortinas-decoracion-bilbao\/\">contacto con nosotros<\/a>.<\/strong><\/p>\n","protected":false},"excerpt":{"rendered":"<p><strong>100% Poliacr\u00edlico Friss\u00e9 Soft<\/strong><\/p>\n<p>Presentada por la firma de referencia nacional Sualsa, la calidad Madison son alfombras acr\u00edlicas de gran calidad.<\/p>\n<p>Esta colecci\u00f3n nos muestra alfombras de tacto suave y resistente, dise\u00f1os geom\u00e9tricos o un efecto marmol muy actual que encajan y combinan a la perfecci\u00f3n en un ambiente vanguardista,\u00a0 conjugando calidad y dise\u00f1o al mejor precio.<\/p>\n<p>&nbsp;<\/p>\n","protected":false},"featured_media":13763,"comment_status":"open","ping_status":"closed","template":"","meta":[],"product_brand":[],"product_cat":[56,21],"product_tag":[32,28,27,23,24,29,410],"class_list":{"0":"post-13750","1":"product","2":"type-product","3":"status-publish","4":"has-post-thumbnail","6":"product_cat-alfombras-acrilicas-en-bilbao-tienda-decoracion-bilbao-santutxu","7":"product_cat-alfombras-bilbao-tienda-decoracion-santutxu","8":"product_tag-alfombras","9":"product_tag-bilbao","10":"product_tag-decora-zone","11":"product_tag-decoracion","12":"product_tag-hogar","13":"product_tag-santutxu","14":"product_tag-sualsa","15":"pa_medida-133x195cm","16":"pa_medida-160x230cm","17":"pa_medida-200x290cm","19":"first","20":"outofstock","21":"sale","22":"shipping-taxable","23":"purchasable","24":"product-type-variable"},"yoast_head":"<!-- This site is optimized with the Yoast SEO plugin v27.5 - https:\/\/yoast.com\/product\/yoast-seo-wordpress\/ -->\n<title>Alfombra Madison 24Alfombra Madison 24 - Decora-zone<\/title>\n<meta name=\"description\" content=\"Alfombra Madison 24 100% Poliester de la firma de referencia nacional Sualsa en Decora-Zone de Bilbao,para decoraci\u00f3n cl\u00e1sica\" \/>\n<meta name=\"robots\" content=\"index, follow, max-snippet:-1, max-image-preview:large, max-video-preview:-1\" \/>\n<link rel=\"canonical\" href=\"https:\/\/decora-zone.com\/producto\/alfombra-madison-24\/\" \/>\n<meta property=\"og:locale\" content=\"en_US\" \/>\n<meta property=\"og:type\" content=\"article\" \/>\n<meta property=\"og:title\" content=\"Alfombra Madison 24Alfombra Madison 24 - Decora-zone\" \/>\n<meta property=\"og:description\" content=\"Alfombra Madison 24 100% Poliester de la firma de referencia nacional Sualsa en Decora-Zone de Bilbao,para decoraci\u00f3n cl\u00e1sica\" \/>\n<meta property=\"og:url\" content=\"https:\/\/decora-zone.com\/producto\/alfombra-madison-24\/\" \/>\n<meta property=\"og:site_name\" content=\"Decora-zone\" \/>\n<meta property=\"article:publisher\" content=\"https:\/\/www.facebook.com\/decorazone.bilbao\/\" \/>\n<meta property=\"article:modified_time\" content=\"2025-03-10T16:54:23+00:00\" \/>\n<meta property=\"og:image\" content=\"https:\/\/decora-zone.com\/wp-content\/uploads\/2022\/11\/Alfombra-Decorazone-Madison-gris-24a.jpg\" \/>\n\t<meta property=\"og:image:width\" content=\"800\" \/>\n\t<meta property=\"og:image:height\" content=\"800\" \/>\n\t<meta property=\"og:image:type\" content=\"image\/jpeg\" \/>\n<script type=\"application\/ld+json\" class=\"yoast-schema-graph\">{\"@context\":\"https:\\\/\\\/schema.org\",\"@graph\":[{\"@type\":\"WebPage\",\"@id\":\"https:\\\/\\\/decora-zone.com\\\/producto\\\/alfombra-madison-24\\\/\",\"url\":\"https:\\\/\\\/decora-zone.com\\\/producto\\\/alfombra-madison-24\\\/\",\"name\":\"Alfombra Madison 24Alfombra Madison 24 - Decora-zone\",\"isPartOf\":{\"@id\":\"https:\\\/\\\/decora-zone.com\\\/#website\"},\"primaryImageOfPage\":{\"@id\":\"https:\\\/\\\/decora-zone.com\\\/producto\\\/alfombra-madison-24\\\/#primaryimage\"},\"image\":{\"@id\":\"https:\\\/\\\/decora-zone.com\\\/producto\\\/alfombra-madison-24\\\/#primaryimage\"},\"thumbnailUrl\":\"https:\\\/\\\/decora-zone.com\\\/wp-content\\\/uploads\\\/2022\\\/11\\\/Alfombra-Decorazone-Madison-gris-24a.jpg\",\"datePublished\":\"2022-11-07T17:36:30+00:00\",\"dateModified\":\"2025-03-10T16:54:23+00:00\",\"description\":\"Alfombra Madison 24 100% Poliester de la firma de referencia nacional Sualsa en Decora-Zone de Bilbao,para decoraci\u00f3n cl\u00e1sica\",\"breadcrumb\":{\"@id\":\"https:\\\/\\\/decora-zone.com\\\/producto\\\/alfombra-madison-24\\\/#breadcrumb\"},\"inLanguage\":\"en-US\",\"potentialAction\":[{\"@type\":\"ReadAction\",\"target\":[\"https:\\\/\\\/decora-zone.com\\\/producto\\\/alfombra-madison-24\\\/\"]}]},{\"@type\":\"ImageObject\",\"inLanguage\":\"en-US\",\"@id\":\"https:\\\/\\\/decora-zone.com\\\/producto\\\/alfombra-madison-24\\\/#primaryimage\",\"url\":\"https:\\\/\\\/decora-zone.com\\\/wp-content\\\/uploads\\\/2022\\\/11\\\/Alfombra-Decorazone-Madison-gris-24a.jpg\",\"contentUrl\":\"https:\\\/\\\/decora-zone.com\\\/wp-content\\\/uploads\\\/2022\\\/11\\\/Alfombra-Decorazone-Madison-gris-24a.jpg\",\"width\":800,\"height\":800,\"caption\":\"Alfombra Madison gris 24\"},{\"@type\":\"BreadcrumbList\",\"@id\":\"https:\\\/\\\/decora-zone.com\\\/producto\\\/alfombra-madison-24\\\/#breadcrumb\",\"itemListElement\":[{\"@type\":\"ListItem\",\"position\":1,\"name\":\"Portada\",\"item\":\"https:\\\/\\\/decora-zone.com\\\/\"},{\"@type\":\"ListItem\",\"position\":2,\"name\":\"Productos\",\"item\":\"https:\\\/\\\/decora-zone.com\\\/tienda-alfombras-cortinas-bilbao\\\/\"},{\"@type\":\"ListItem\",\"position\":3,\"name\":\"Alfombra Madison 24\"}]},{\"@type\":\"WebSite\",\"@id\":\"https:\\\/\\\/decora-zone.com\\\/#website\",\"url\":\"https:\\\/\\\/decora-zone.com\\\/\",\"name\":\"Decora-zone\",\"description\":\"Especialistas en cortinas y alfombras de dise\u00f1o en Bilbao\",\"publisher\":{\"@id\":\"https:\\\/\\\/decora-zone.com\\\/#organization\"},\"potentialAction\":[{\"@type\":\"SearchAction\",\"target\":{\"@type\":\"EntryPoint\",\"urlTemplate\":\"https:\\\/\\\/decora-zone.com\\\/?s={search_term_string}\"},\"query-input\":{\"@type\":\"PropertyValueSpecification\",\"valueRequired\":true,\"valueName\":\"search_term_string\"}}],\"inLanguage\":\"en-US\"},{\"@type\":\"Organization\",\"@id\":\"https:\\\/\\\/decora-zone.com\\\/#organization\",\"name\":\"Decora-Zone Tienda de Decoraci\u00f3n en Bilbao\",\"url\":\"https:\\\/\\\/decora-zone.com\\\/\",\"logo\":{\"@type\":\"ImageObject\",\"inLanguage\":\"en-US\",\"@id\":\"https:\\\/\\\/decora-zone.com\\\/#\\\/schema\\\/logo\\\/image\\\/\",\"url\":\"https:\\\/\\\/decora-zone.com\\\/wp-content\\\/uploads\\\/2014\\\/02\\\/logotipo-decora-zone-alfombras-cortinas-decoracion-bilbao.jpg\",\"contentUrl\":\"https:\\\/\\\/decora-zone.com\\\/wp-content\\\/uploads\\\/2014\\\/02\\\/logotipo-decora-zone-alfombras-cortinas-decoracion-bilbao.jpg\",\"width\":484,\"height\":230,\"caption\":\"Decora-Zone Tienda de Decoraci\u00f3n en Bilbao\"},\"image\":{\"@id\":\"https:\\\/\\\/decora-zone.com\\\/#\\\/schema\\\/logo\\\/image\\\/\"},\"sameAs\":[\"https:\\\/\\\/www.facebook.com\\\/decorazone.bilbao\\\/\",\"https:\\\/\\\/www.instagram.com\\\/decora_zone_\\\/\",\"https:\\\/\\\/co.pinterest.com\\\/Decora_Zone\\\/\"]}]}<\/script>\n<!-- \/ Yoast SEO plugin. -->","yoast_head_json":{"title":"Alfombra Madison 24Alfombra Madison 24 - Decora-zone","description":"Alfombra Madison 24 100% Poliester de la firma de referencia nacional Sualsa en Decora-Zone de Bilbao,para decoraci\u00f3n cl\u00e1sica","robots":{"index":"index","follow":"follow","max-snippet":"max-snippet:-1","max-image-preview":"max-image-preview:large","max-video-preview":"max-video-preview:-1"},"canonical":"https:\/\/decora-zone.com\/producto\/alfombra-madison-24\/","og_locale":"en_US","og_type":"article","og_title":"Alfombra Madison 24Alfombra Madison 24 - Decora-zone","og_description":"Alfombra Madison 24 100% Poliester de la firma de referencia nacional Sualsa en Decora-Zone de Bilbao,para decoraci\u00f3n cl\u00e1sica","og_url":"https:\/\/decora-zone.com\/producto\/alfombra-madison-24\/","og_site_name":"Decora-zone","article_publisher":"https:\/\/www.facebook.com\/decorazone.bilbao\/","article_modified_time":"2025-03-10T16:54:23+00:00","og_image":[{"width":800,"height":800,"url":"https:\/\/decora-zone.com\/wp-content\/uploads\/2022\/11\/Alfombra-Decorazone-Madison-gris-24a.jpg","type":"image\/jpeg"}],"schema":{"@context":"https:\/\/schema.org","@graph":[{"@type":"WebPage","@id":"https:\/\/decora-zone.com\/producto\/alfombra-madison-24\/","url":"https:\/\/decora-zone.com\/producto\/alfombra-madison-24\/","name":"Alfombra Madison 24Alfombra Madison 24 - Decora-zone","isPartOf":{"@id":"https:\/\/decora-zone.com\/#website"},"primaryImageOfPage":{"@id":"https:\/\/decora-zone.com\/producto\/alfombra-madison-24\/#primaryimage"},"image":{"@id":"https:\/\/decora-zone.com\/producto\/alfombra-madison-24\/#primaryimage"},"thumbnailUrl":"https:\/\/decora-zone.com\/wp-content\/uploads\/2022\/11\/Alfombra-Decorazone-Madison-gris-24a.jpg","datePublished":"2022-11-07T17:36:30+00:00","dateModified":"2025-03-10T16:54:23+00:00","description":"Alfombra Madison 24 100% Poliester de la firma de referencia nacional Sualsa en Decora-Zone de Bilbao,para decoraci\u00f3n cl\u00e1sica","breadcrumb":{"@id":"https:\/\/decora-zone.com\/producto\/alfombra-madison-24\/#breadcrumb"},"inLanguage":"en-US","potentialAction":[{"@type":"ReadAction","target":["https:\/\/decora-zone.com\/producto\/alfombra-madison-24\/"]}]},{"@type":"ImageObject","inLanguage":"en-US","@id":"https:\/\/decora-zone.com\/producto\/alfombra-madison-24\/#primaryimage","url":"https:\/\/decora-zone.com\/wp-content\/uploads\/2022\/11\/Alfombra-Decorazone-Madison-gris-24a.jpg","contentUrl":"https:\/\/decora-zone.com\/wp-content\/uploads\/2022\/11\/Alfombra-Decorazone-Madison-gris-24a.jpg","width":800,"height":800,"caption":"Alfombra Madison gris 24"},{"@type":"BreadcrumbList","@id":"https:\/\/decora-zone.com\/producto\/alfombra-madison-24\/#breadcrumb","itemListElement":[{"@type":"ListItem","position":1,"name":"Portada","item":"https:\/\/decora-zone.com\/"},{"@type":"ListItem","position":2,"name":"Productos","item":"https:\/\/decora-zone.com\/tienda-alfombras-cortinas-bilbao\/"},{"@type":"ListItem","position":3,"name":"Alfombra Madison 24"}]},{"@type":"WebSite","@id":"https:\/\/decora-zone.com\/#website","url":"https:\/\/decora-zone.com\/","name":"Decora-zone","description":"Especialistas en cortinas y alfombras de dise\u00f1o en Bilbao","publisher":{"@id":"https:\/\/decora-zone.com\/#organization"},"potentialAction":[{"@type":"SearchAction","target":{"@type":"EntryPoint","urlTemplate":"https:\/\/decora-zone.com\/?s={search_term_string}"},"query-input":{"@type":"PropertyValueSpecification","valueRequired":true,"valueName":"search_term_string"}}],"inLanguage":"en-US"},{"@type":"Organization","@id":"https:\/\/decora-zone.com\/#organization","name":"Decora-Zone Tienda de Decoraci\u00f3n en Bilbao","url":"https:\/\/decora-zone.com\/","logo":{"@type":"ImageObject","inLanguage":"en-US","@id":"https:\/\/decora-zone.com\/#\/schema\/logo\/image\/","url":"https:\/\/decora-zone.com\/wp-content\/uploads\/2014\/02\/logotipo-decora-zone-alfombras-cortinas-decoracion-bilbao.jpg","contentUrl":"https:\/\/decora-zone.com\/wp-content\/uploads\/2014\/02\/logotipo-decora-zone-alfombras-cortinas-decoracion-bilbao.jpg","width":484,"height":230,"caption":"Decora-Zone Tienda de Decoraci\u00f3n en Bilbao"},"image":{"@id":"https:\/\/decora-zone.com\/#\/schema\/logo\/image\/"},"sameAs":["https:\/\/www.facebook.com\/decorazone.bilbao\/","https:\/\/www.instagram.com\/decora_zone_\/","https:\/\/co.pinterest.com\/Decora_Zone\/"]}]}},"_links":{"self":[{"href":"https:\/\/decora-zone.com\/en\/wp-json\/wp\/v2\/product\/13750","targetHints":{"allow":["GET"]}}],"collection":[{"href":"https:\/\/decora-zone.com\/en\/wp-json\/wp\/v2\/product"}],"about":[{"href":"https:\/\/decora-zone.com\/en\/wp-json\/wp\/v2\/types\/product"}],"replies":[{"embeddable":true,"href":"https:\/\/decora-zone.com\/en\/wp-json\/wp\/v2\/comments?post=13750"}],"wp:featuredmedia":[{"embeddable":true,"href":"https:\/\/decora-zone.com\/en\/wp-json\/wp\/v2\/media\/13763"}],"wp:attachment":[{"href":"https:\/\/decora-zone.com\/en\/wp-json\/wp\/v2\/media?parent=13750"}],"wp:term":[{"taxonomy":"product_brand","embeddable":true,"href":"https:\/\/decora-zone.com\/en\/wp-json\/wp\/v2\/product_brand?post=13750"},{"taxonomy":"product_cat","embeddable":true,"href":"https:\/\/decora-zone.com\/en\/wp-json\/wp\/v2\/product_cat?post=13750"},{"taxonomy":"product_tag","embeddable":true,"href":"https:\/\/decora-zone.com\/en\/wp-json\/wp\/v2\/product_tag?post=13750"}],"curies":[{"name":"wp","href":"https:\/\/api.w.org\/{rel}","templated":true}]}}