{"id":13611,"date":"2022-10-04T13:01:47","date_gmt":"2022-10-04T11:01:47","guid":{"rendered":"https:\/\/decora-zone.com\/?post_type=product&#038;p=13611"},"modified":"2025-03-10T17:54:27","modified_gmt":"2025-03-10T16:54:27","slug":"alfombra-argentum-723","status":"publish","type":"product","link":"https:\/\/decora-zone.com\/en\/producto\/alfombra-argentum-723\/","title":{"rendered":"Alfombra Argentum 723"},"content":{"rendered":"<p><strong>Alfombra Argentum 723<\/strong><\/p>\n<p><strong>100% Poliacr\u00edlico Heat-Set<\/strong><\/p>\n<p>Presentada por la firma de referencia nacional Sualsa, la calidad Argentum son alfombras acr\u00edlicas de gran calidad.<\/p>\n<p>Esta colecci\u00f3n nos muestra\u00a0 dise\u00f1os modernos con colores vivos y jaspeados lisos\u00a0 muy actuales que encajan y combinan a la perfecci\u00f3n en un ambiente vanguardista,\u00a0 conjugando calidad al mejor precio.<\/p>\n<p data-sourcepos=\"7:1-7:20\"><strong>Caracter\u00edsticas:<\/strong><\/p>\n<ul data-sourcepos=\"9:1-13:0\">\n<li data-sourcepos=\"9:1-9:27\">Material: Poliacril Heat-Set<\/li>\n<li data-sourcepos=\"9:1-9:27\">Grosor: 15 mm<\/li>\n<li>Densidad:\u00a0 de 1000000 puntos por m2<\/li>\n<li data-sourcepos=\"10:1-10:20\">Dise\u00f1o: jaspeado con dise\u00f1o geom\u00e9trico<\/li>\n<\/ul>\n<p data-sourcepos=\"19:1-19:29\"><strong>Limpieza y mantenimiento:<\/strong><\/p>\n<p data-sourcepos=\"21:1-21:223\">La alfombra Abberden es f\u00e1cil de limpiar y mantener. Para su limpieza diaria, basta con pasar la aspiradora regularmente para eliminar el polvo y la suciedad. Para una limpieza m\u00e1s profunda, se recomienda utilizar un detergente neutro y agua fr\u00eda. No utilice producto abrasivos para limpiar la alfombra, podr\u00edan da\u00f1ar el material. Si la alfombra se mancha, se recomienda limpiar la mancha lo antes posible con un pa\u00f1o absorbente.<\/p>\n<p>&nbsp;<\/p>\n<p><strong>Si est\u00e1 interesado en alguno de nuestros art\u00edculos que est\u00e9n sin stock, puede reservarlos poni\u00e9ndose en <a href=\"http:\/\/decora-zone.com\/contacto-decora-zone-alfombras-cortinas-decoracion-bilbao\/\">contacto con nosotros<\/a>.<\/strong><\/p>\n","protected":false},"excerpt":{"rendered":"<p><strong>100% Poliacr\u00edlico Heat-Set<\/strong><\/p>\n<p>Presentada por la firma de referencia nacional Sualsa, la calidad Argentum son alfombras acr\u00edlicas de gran calidad.<\/p>\n<p>Esta colecci\u00f3n nos muestra\u00a0 dise\u00f1os modernos con colores vivos y jaspeados lisos\u00a0 muy actuales que encajan y combinan a la perfecci\u00f3n en un ambiente vanguardista,\u00a0 conjugando calidad al mejor precio.<\/p>\n","protected":false},"featured_media":13647,"comment_status":"open","ping_status":"closed","template":"","meta":[],"product_brand":[],"product_cat":[56,21],"product_tag":[32,28,27,23,24,29,410],"class_list":{"0":"post-13611","1":"product","2":"type-product","3":"status-publish","4":"has-post-thumbnail","6":"product_cat-alfombras-acrilicas-en-bilbao-tienda-decoracion-bilbao-santutxu","7":"product_cat-alfombras-bilbao-tienda-decoracion-santutxu","8":"product_tag-alfombras","9":"product_tag-bilbao","10":"product_tag-decora-zone","11":"product_tag-decoracion","12":"product_tag-hogar","13":"product_tag-santutxu","14":"product_tag-sualsa","15":"pa_medida-120x170cm","16":"pa_medida-133x195cm","17":"pa_medida-160x230cm","18":"pa_medida-200x290cm","19":"pa_medida-240x330cm","20":"pa_medida-80x150cm","22":"first","23":"outofstock","24":"sale","25":"shipping-taxable","26":"purchasable","27":"product-type-variable"},"yoast_head":"<!-- This site is optimized with the Yoast SEO plugin v27.5 - https:\/\/yoast.com\/product\/yoast-seo-wordpress\/ -->\n<title>Alfombra Argentum 723 Alfombra Argentum 723 - Decora-zone<\/title>\n<meta name=\"description\" content=\"Alfombra Argentum 723 100% Poliester de la firma de referencia nacional Sualsa en Decora-Zone de Bilbao,para decoraci\u00f3n cl\u00e1sica\" \/>\n<meta name=\"robots\" content=\"index, follow, max-snippet:-1, max-image-preview:large, max-video-preview:-1\" \/>\n<link rel=\"canonical\" href=\"https:\/\/decora-zone.com\/producto\/alfombra-argentum-723\/\" \/>\n<meta property=\"og:locale\" content=\"en_US\" \/>\n<meta property=\"og:type\" content=\"article\" \/>\n<meta property=\"og:title\" content=\"Alfombra Argentum 723 Alfombra Argentum 723 - Decora-zone\" \/>\n<meta property=\"og:description\" content=\"Alfombra Argentum 723 100% Poliester de la firma de referencia nacional Sualsa en Decora-Zone de Bilbao,para decoraci\u00f3n cl\u00e1sica\" \/>\n<meta property=\"og:url\" content=\"https:\/\/decora-zone.com\/producto\/alfombra-argentum-723\/\" \/>\n<meta property=\"og:site_name\" content=\"Decora-zone\" \/>\n<meta property=\"article:publisher\" content=\"https:\/\/www.facebook.com\/decorazone.bilbao\/\" \/>\n<meta property=\"article:modified_time\" content=\"2025-03-10T16:54:27+00:00\" \/>\n<meta property=\"og:image\" content=\"https:\/\/decora-zone.com\/wp-content\/uploads\/2022\/10\/Alfombra-DecoraZone-Argentum-723a.jpg\" \/>\n\t<meta property=\"og:image:width\" content=\"800\" \/>\n\t<meta property=\"og:image:height\" content=\"800\" \/>\n\t<meta property=\"og:image:type\" content=\"image\/jpeg\" \/>\n<meta name=\"twitter:label1\" content=\"Est. reading time\" \/>\n\t<meta name=\"twitter:data1\" content=\"1 minute\" \/>\n<script type=\"application\/ld+json\" class=\"yoast-schema-graph\">{\"@context\":\"https:\\\/\\\/schema.org\",\"@graph\":[{\"@type\":\"WebPage\",\"@id\":\"https:\\\/\\\/decora-zone.com\\\/producto\\\/alfombra-argentum-723\\\/\",\"url\":\"https:\\\/\\\/decora-zone.com\\\/producto\\\/alfombra-argentum-723\\\/\",\"name\":\"Alfombra Argentum 723 Alfombra Argentum 723 - Decora-zone\",\"isPartOf\":{\"@id\":\"https:\\\/\\\/decora-zone.com\\\/#website\"},\"primaryImageOfPage\":{\"@id\":\"https:\\\/\\\/decora-zone.com\\\/producto\\\/alfombra-argentum-723\\\/#primaryimage\"},\"image\":{\"@id\":\"https:\\\/\\\/decora-zone.com\\\/producto\\\/alfombra-argentum-723\\\/#primaryimage\"},\"thumbnailUrl\":\"https:\\\/\\\/decora-zone.com\\\/wp-content\\\/uploads\\\/2022\\\/10\\\/Alfombra-DecoraZone-Argentum-723a.jpg\",\"datePublished\":\"2022-10-04T11:01:47+00:00\",\"dateModified\":\"2025-03-10T16:54:27+00:00\",\"description\":\"Alfombra Argentum 723 100% Poliester de la firma de referencia nacional Sualsa en Decora-Zone de Bilbao,para decoraci\u00f3n cl\u00e1sica\",\"breadcrumb\":{\"@id\":\"https:\\\/\\\/decora-zone.com\\\/producto\\\/alfombra-argentum-723\\\/#breadcrumb\"},\"inLanguage\":\"en-US\",\"potentialAction\":[{\"@type\":\"ReadAction\",\"target\":[\"https:\\\/\\\/decora-zone.com\\\/producto\\\/alfombra-argentum-723\\\/\"]}]},{\"@type\":\"ImageObject\",\"inLanguage\":\"en-US\",\"@id\":\"https:\\\/\\\/decora-zone.com\\\/producto\\\/alfombra-argentum-723\\\/#primaryimage\",\"url\":\"https:\\\/\\\/decora-zone.com\\\/wp-content\\\/uploads\\\/2022\\\/10\\\/Alfombra-DecoraZone-Argentum-723a.jpg\",\"contentUrl\":\"https:\\\/\\\/decora-zone.com\\\/wp-content\\\/uploads\\\/2022\\\/10\\\/Alfombra-DecoraZone-Argentum-723a.jpg\",\"width\":800,\"height\":800,\"caption\":\"Alfombra Argentum verde 723\"},{\"@type\":\"BreadcrumbList\",\"@id\":\"https:\\\/\\\/decora-zone.com\\\/producto\\\/alfombra-argentum-723\\\/#breadcrumb\",\"itemListElement\":[{\"@type\":\"ListItem\",\"position\":1,\"name\":\"Portada\",\"item\":\"https:\\\/\\\/decora-zone.com\\\/\"},{\"@type\":\"ListItem\",\"position\":2,\"name\":\"Productos\",\"item\":\"https:\\\/\\\/decora-zone.com\\\/tienda-alfombras-cortinas-bilbao\\\/\"},{\"@type\":\"ListItem\",\"position\":3,\"name\":\"Alfombra Argentum 723\"}]},{\"@type\":\"WebSite\",\"@id\":\"https:\\\/\\\/decora-zone.com\\\/#website\",\"url\":\"https:\\\/\\\/decora-zone.com\\\/\",\"name\":\"Decora-zone\",\"description\":\"Especialistas en cortinas y alfombras de dise\u00f1o en Bilbao\",\"publisher\":{\"@id\":\"https:\\\/\\\/decora-zone.com\\\/#organization\"},\"potentialAction\":[{\"@type\":\"SearchAction\",\"target\":{\"@type\":\"EntryPoint\",\"urlTemplate\":\"https:\\\/\\\/decora-zone.com\\\/?s={search_term_string}\"},\"query-input\":{\"@type\":\"PropertyValueSpecification\",\"valueRequired\":true,\"valueName\":\"search_term_string\"}}],\"inLanguage\":\"en-US\"},{\"@type\":\"Organization\",\"@id\":\"https:\\\/\\\/decora-zone.com\\\/#organization\",\"name\":\"Decora-Zone Tienda de Decoraci\u00f3n en Bilbao\",\"url\":\"https:\\\/\\\/decora-zone.com\\\/\",\"logo\":{\"@type\":\"ImageObject\",\"inLanguage\":\"en-US\",\"@id\":\"https:\\\/\\\/decora-zone.com\\\/#\\\/schema\\\/logo\\\/image\\\/\",\"url\":\"https:\\\/\\\/decora-zone.com\\\/wp-content\\\/uploads\\\/2014\\\/02\\\/logotipo-decora-zone-alfombras-cortinas-decoracion-bilbao.jpg\",\"contentUrl\":\"https:\\\/\\\/decora-zone.com\\\/wp-content\\\/uploads\\\/2014\\\/02\\\/logotipo-decora-zone-alfombras-cortinas-decoracion-bilbao.jpg\",\"width\":484,\"height\":230,\"caption\":\"Decora-Zone Tienda de Decoraci\u00f3n en Bilbao\"},\"image\":{\"@id\":\"https:\\\/\\\/decora-zone.com\\\/#\\\/schema\\\/logo\\\/image\\\/\"},\"sameAs\":[\"https:\\\/\\\/www.facebook.com\\\/decorazone.bilbao\\\/\",\"https:\\\/\\\/www.instagram.com\\\/decora_zone_\\\/\",\"https:\\\/\\\/co.pinterest.com\\\/Decora_Zone\\\/\"]}]}<\/script>\n<!-- \/ Yoast SEO plugin. -->","yoast_head_json":{"title":"Alfombra Argentum 723 Alfombra Argentum 723 - Decora-zone","description":"Alfombra Argentum 723 100% Poliester de la firma de referencia nacional Sualsa en Decora-Zone de Bilbao,para decoraci\u00f3n cl\u00e1sica","robots":{"index":"index","follow":"follow","max-snippet":"max-snippet:-1","max-image-preview":"max-image-preview:large","max-video-preview":"max-video-preview:-1"},"canonical":"https:\/\/decora-zone.com\/producto\/alfombra-argentum-723\/","og_locale":"en_US","og_type":"article","og_title":"Alfombra Argentum 723 Alfombra Argentum 723 - Decora-zone","og_description":"Alfombra Argentum 723 100% Poliester de la firma de referencia nacional Sualsa en Decora-Zone de Bilbao,para decoraci\u00f3n cl\u00e1sica","og_url":"https:\/\/decora-zone.com\/producto\/alfombra-argentum-723\/","og_site_name":"Decora-zone","article_publisher":"https:\/\/www.facebook.com\/decorazone.bilbao\/","article_modified_time":"2025-03-10T16:54:27+00:00","og_image":[{"width":800,"height":800,"url":"https:\/\/decora-zone.com\/wp-content\/uploads\/2022\/10\/Alfombra-DecoraZone-Argentum-723a.jpg","type":"image\/jpeg"}],"twitter_misc":{"Est. reading time":"1 minute"},"schema":{"@context":"https:\/\/schema.org","@graph":[{"@type":"WebPage","@id":"https:\/\/decora-zone.com\/producto\/alfombra-argentum-723\/","url":"https:\/\/decora-zone.com\/producto\/alfombra-argentum-723\/","name":"Alfombra Argentum 723 Alfombra Argentum 723 - Decora-zone","isPartOf":{"@id":"https:\/\/decora-zone.com\/#website"},"primaryImageOfPage":{"@id":"https:\/\/decora-zone.com\/producto\/alfombra-argentum-723\/#primaryimage"},"image":{"@id":"https:\/\/decora-zone.com\/producto\/alfombra-argentum-723\/#primaryimage"},"thumbnailUrl":"https:\/\/decora-zone.com\/wp-content\/uploads\/2022\/10\/Alfombra-DecoraZone-Argentum-723a.jpg","datePublished":"2022-10-04T11:01:47+00:00","dateModified":"2025-03-10T16:54:27+00:00","description":"Alfombra Argentum 723 100% Poliester de la firma de referencia nacional Sualsa en Decora-Zone de Bilbao,para decoraci\u00f3n cl\u00e1sica","breadcrumb":{"@id":"https:\/\/decora-zone.com\/producto\/alfombra-argentum-723\/#breadcrumb"},"inLanguage":"en-US","potentialAction":[{"@type":"ReadAction","target":["https:\/\/decora-zone.com\/producto\/alfombra-argentum-723\/"]}]},{"@type":"ImageObject","inLanguage":"en-US","@id":"https:\/\/decora-zone.com\/producto\/alfombra-argentum-723\/#primaryimage","url":"https:\/\/decora-zone.com\/wp-content\/uploads\/2022\/10\/Alfombra-DecoraZone-Argentum-723a.jpg","contentUrl":"https:\/\/decora-zone.com\/wp-content\/uploads\/2022\/10\/Alfombra-DecoraZone-Argentum-723a.jpg","width":800,"height":800,"caption":"Alfombra Argentum verde 723"},{"@type":"BreadcrumbList","@id":"https:\/\/decora-zone.com\/producto\/alfombra-argentum-723\/#breadcrumb","itemListElement":[{"@type":"ListItem","position":1,"name":"Portada","item":"https:\/\/decora-zone.com\/"},{"@type":"ListItem","position":2,"name":"Productos","item":"https:\/\/decora-zone.com\/tienda-alfombras-cortinas-bilbao\/"},{"@type":"ListItem","position":3,"name":"Alfombra Argentum 723"}]},{"@type":"WebSite","@id":"https:\/\/decora-zone.com\/#website","url":"https:\/\/decora-zone.com\/","name":"Decora-zone","description":"Especialistas en cortinas y alfombras de dise\u00f1o en Bilbao","publisher":{"@id":"https:\/\/decora-zone.com\/#organization"},"potentialAction":[{"@type":"SearchAction","target":{"@type":"EntryPoint","urlTemplate":"https:\/\/decora-zone.com\/?s={search_term_string}"},"query-input":{"@type":"PropertyValueSpecification","valueRequired":true,"valueName":"search_term_string"}}],"inLanguage":"en-US"},{"@type":"Organization","@id":"https:\/\/decora-zone.com\/#organization","name":"Decora-Zone Tienda de Decoraci\u00f3n en Bilbao","url":"https:\/\/decora-zone.com\/","logo":{"@type":"ImageObject","inLanguage":"en-US","@id":"https:\/\/decora-zone.com\/#\/schema\/logo\/image\/","url":"https:\/\/decora-zone.com\/wp-content\/uploads\/2014\/02\/logotipo-decora-zone-alfombras-cortinas-decoracion-bilbao.jpg","contentUrl":"https:\/\/decora-zone.com\/wp-content\/uploads\/2014\/02\/logotipo-decora-zone-alfombras-cortinas-decoracion-bilbao.jpg","width":484,"height":230,"caption":"Decora-Zone Tienda de Decoraci\u00f3n en Bilbao"},"image":{"@id":"https:\/\/decora-zone.com\/#\/schema\/logo\/image\/"},"sameAs":["https:\/\/www.facebook.com\/decorazone.bilbao\/","https:\/\/www.instagram.com\/decora_zone_\/","https:\/\/co.pinterest.com\/Decora_Zone\/"]}]}},"_links":{"self":[{"href":"https:\/\/decora-zone.com\/en\/wp-json\/wp\/v2\/product\/13611","targetHints":{"allow":["GET"]}}],"collection":[{"href":"https:\/\/decora-zone.com\/en\/wp-json\/wp\/v2\/product"}],"about":[{"href":"https:\/\/decora-zone.com\/en\/wp-json\/wp\/v2\/types\/product"}],"replies":[{"embeddable":true,"href":"https:\/\/decora-zone.com\/en\/wp-json\/wp\/v2\/comments?post=13611"}],"wp:featuredmedia":[{"embeddable":true,"href":"https:\/\/decora-zone.com\/en\/wp-json\/wp\/v2\/media\/13647"}],"wp:attachment":[{"href":"https:\/\/decora-zone.com\/en\/wp-json\/wp\/v2\/media?parent=13611"}],"wp:term":[{"taxonomy":"product_brand","embeddable":true,"href":"https:\/\/decora-zone.com\/en\/wp-json\/wp\/v2\/product_brand?post=13611"},{"taxonomy":"product_cat","embeddable":true,"href":"https:\/\/decora-zone.com\/en\/wp-json\/wp\/v2\/product_cat?post=13611"},{"taxonomy":"product_tag","embeddable":true,"href":"https:\/\/decora-zone.com\/en\/wp-json\/wp\/v2\/product_tag?post=13611"}],"curies":[{"name":"wp","href":"https:\/\/api.w.org\/{rel}","templated":true}]}}