{"id":13530,"date":"2022-08-29T20:04:40","date_gmt":"2022-08-29T18:04:40","guid":{"rendered":"https:\/\/decora-zone.com\/?post_type=product&#038;p=13530"},"modified":"2025-03-10T17:54:29","modified_gmt":"2025-03-10T16:54:29","slug":"alfombra-picasso-309","status":"publish","type":"product","link":"https:\/\/decora-zone.com\/en\/producto\/alfombra-picasso-309\/","title":{"rendered":"Alfombra Picasso 309"},"content":{"rendered":"<p><strong>Alfombra Picasso 309<\/strong><\/p>\n<p><strong>100% Poliester<\/strong><\/p>\n<p>Presentada por la firma de referencia nacional Sualsa, la calidad Picasso son alfombras acr\u00edlicas fabricadas en Crevillente.\u00a0<\/p>\n<p>Esta colecci\u00f3n nos muestra desde dise\u00f1os con dibujos \u00e9tnicos, hasta el mas puro dise\u00f1o cl\u00e1sico o los cl\u00e1sicos degradados muy actuales que encajan y combinan a la perfecci\u00f3n en un ambiente vanguardista,\u00a0 conjugando calidad al mejor precio.<\/p>\n<p>Adem\u00e1s de las medidas estandar tambi\u00e9n est\u00e1 disponible en tira de pasillo al corte a medida en ancho de 67 cm.<\/p>\n<p>Fabricada con en tejido transversal pudiendo llevar hasta 18 colores la misma pieza, su composici\u00f3n 100% poli\u00e9ster hace que sea efecto seda muy agradable al tacto.<\/p>\n<p>El fleco sobresale de la propia trama de algod\u00f3n creando un efecto de alfombra manual.<\/p>\n<p>No desprende pelusa<\/p>\n<p>Grosor: 8 mm.<\/p>\n<p>Puntos\/m2 : 1.200.000<\/p>\n<p>Peso total: 2400 gr\/m2<\/p>\n<p><img decoding=\"async\" class=\"lazyload alignnone  wp-image-9811\" src=\"data:image\/svg+xml,%3Csvg%20xmlns%3D%27http%3A%2F%2Fwww.w3.org%2F2000%2Fsvg%27%20width%3D%2765%27%20height%3D%2770%27%20viewBox%3D%270%200%2065%2070%27%3E%3Crect%20width%3D%2765%27%20height%3D%2770%27%20fill-opacity%3D%220%22%2F%3E%3C%2Fsvg%3E\" data-orig-src=\"https:\/\/decora-zone.com\/wp-content\/uploads\/2020\/10\/polipropileno_bcf.jpg\" alt=\"\" width=\"65\" height=\"70\" \/><\/p>\n<p><strong>Si est\u00e1 interesado en alguno de nuestros art\u00edculos que est\u00e9n sin stock, puede reservarlos poni\u00e9ndose en <a href=\"http:\/\/decora-zone.com\/contacto-decora-zone-alfombras-cortinas-decoracion-bilbao\/\">contacto con nosotros<\/a>.<\/strong><\/p>\n","protected":false},"excerpt":{"rendered":"<p><strong>100% Poliester<\/strong><\/p>\n<p>Presentada por la firma de referencia nacional Sualsa, la calidad Picasso son alfombras acr\u00edlicas fabricadas en Crevillente.\u00a0<\/p>\n<p>Esta colecci\u00f3n nos muestra desde dise\u00f1os con dibujos \u00e9tnicos, hasta el mas puro dise\u00f1o cl\u00e1sico o los cl\u00e1sicos degradados muy actuales que encajan y combinan a la perfecci\u00f3n en un ambiente vanguardista,\u00a0 conjugando calidad al mejor precio.<\/p>\n","protected":false},"featured_media":13539,"comment_status":"open","ping_status":"closed","template":"","meta":[],"product_brand":[],"product_cat":[56,21,155],"product_tag":[22,32,28,461,27,23,24,156,29,410],"class_list":{"0":"post-13530","1":"product","2":"type-product","3":"status-publish","4":"has-post-thumbnail","6":"product_cat-alfombras-acrilicas-en-bilbao-tienda-decoracion-bilbao-santutxu","7":"product_cat-alfombras-bilbao-tienda-decoracion-santutxu","8":"product_cat-alfombras-pasillerasen-bilbao-tienda-decoracion-bilbao-santutxu","9":"product_tag-acrilicas","10":"product_tag-alfombras","11":"product_tag-bilbao","12":"product_tag-clasico","13":"product_tag-decora-zone","14":"product_tag-decoracion","15":"product_tag-hogar","16":"product_tag-pasilleras","17":"product_tag-santutxu","18":"product_tag-sualsa","19":"pa_medida-120x156cm","20":"pa_medida-133x185cm","21":"pa_medida-160x235cm","22":"pa_medida-200x285cm","23":"pa_medida-240x310cm","25":"first","26":"outofstock","27":"sale","28":"shipping-taxable","29":"purchasable","30":"product-type-variable"},"yoast_head":"<!-- This site is optimized with the Yoast SEO plugin v27.5 - https:\/\/yoast.com\/product\/yoast-seo-wordpress\/ -->\n<title>Alfombra Picasso 309 Alfombra Picasso 309 - Decora-zone<\/title>\n<meta name=\"description\" content=\"Alfombra Picasso 309 100% Poliester de la firma de referencia nacional Sualsa en Decora-Zone de Bilbao expertos en alfombras\" \/>\n<meta name=\"robots\" content=\"index, follow, max-snippet:-1, max-image-preview:large, max-video-preview:-1\" \/>\n<link rel=\"canonical\" href=\"https:\/\/decora-zone.com\/producto\/alfombra-picasso-309\/\" \/>\n<meta property=\"og:locale\" content=\"en_US\" \/>\n<meta property=\"og:type\" content=\"article\" \/>\n<meta property=\"og:title\" content=\"Alfombra Picasso 309 Alfombra Picasso 309 - Decora-zone\" \/>\n<meta property=\"og:description\" content=\"Alfombra Picasso 309 100% Poliester de la firma de referencia nacional Sualsa en Decora-Zone de Bilbao expertos en alfombras\" \/>\n<meta property=\"og:url\" content=\"https:\/\/decora-zone.com\/producto\/alfombra-picasso-309\/\" \/>\n<meta property=\"og:site_name\" content=\"Decora-zone\" \/>\n<meta property=\"article:publisher\" content=\"https:\/\/www.facebook.com\/decorazone.bilbao\/\" \/>\n<meta property=\"article:modified_time\" content=\"2025-03-10T16:54:29+00:00\" \/>\n<meta property=\"og:image\" content=\"https:\/\/decora-zone.com\/wp-content\/uploads\/2022\/08\/Alfombra-Decorazone-Picasso-coral-309a.jpg\" \/>\n\t<meta property=\"og:image:width\" content=\"800\" \/>\n\t<meta property=\"og:image:height\" content=\"600\" \/>\n\t<meta property=\"og:image:type\" content=\"image\/jpeg\" \/>\n<meta name=\"twitter:label1\" content=\"Est. reading time\" \/>\n\t<meta name=\"twitter:data1\" content=\"1 minute\" \/>\n<script type=\"application\/ld+json\" class=\"yoast-schema-graph\">{\"@context\":\"https:\\\/\\\/schema.org\",\"@graph\":[{\"@type\":\"WebPage\",\"@id\":\"https:\\\/\\\/decora-zone.com\\\/producto\\\/alfombra-picasso-309\\\/\",\"url\":\"https:\\\/\\\/decora-zone.com\\\/producto\\\/alfombra-picasso-309\\\/\",\"name\":\"Alfombra Picasso 309 Alfombra Picasso 309 - Decora-zone\",\"isPartOf\":{\"@id\":\"https:\\\/\\\/decora-zone.com\\\/#website\"},\"primaryImageOfPage\":{\"@id\":\"https:\\\/\\\/decora-zone.com\\\/producto\\\/alfombra-picasso-309\\\/#primaryimage\"},\"image\":{\"@id\":\"https:\\\/\\\/decora-zone.com\\\/producto\\\/alfombra-picasso-309\\\/#primaryimage\"},\"thumbnailUrl\":\"https:\\\/\\\/decora-zone.com\\\/wp-content\\\/uploads\\\/2022\\\/08\\\/Alfombra-Decorazone-Picasso-coral-309a.jpg\",\"datePublished\":\"2022-08-29T18:04:40+00:00\",\"dateModified\":\"2025-03-10T16:54:29+00:00\",\"description\":\"Alfombra Picasso 309 100% Poliester de la firma de referencia nacional Sualsa en Decora-Zone de Bilbao expertos en alfombras\",\"breadcrumb\":{\"@id\":\"https:\\\/\\\/decora-zone.com\\\/producto\\\/alfombra-picasso-309\\\/#breadcrumb\"},\"inLanguage\":\"en-US\",\"potentialAction\":[{\"@type\":\"ReadAction\",\"target\":[\"https:\\\/\\\/decora-zone.com\\\/producto\\\/alfombra-picasso-309\\\/\"]}]},{\"@type\":\"ImageObject\",\"inLanguage\":\"en-US\",\"@id\":\"https:\\\/\\\/decora-zone.com\\\/producto\\\/alfombra-picasso-309\\\/#primaryimage\",\"url\":\"https:\\\/\\\/decora-zone.com\\\/wp-content\\\/uploads\\\/2022\\\/08\\\/Alfombra-Decorazone-Picasso-coral-309a.jpg\",\"contentUrl\":\"https:\\\/\\\/decora-zone.com\\\/wp-content\\\/uploads\\\/2022\\\/08\\\/Alfombra-Decorazone-Picasso-coral-309a.jpg\",\"width\":800,\"height\":600,\"caption\":\"Alfombra Picasso coral 309\"},{\"@type\":\"BreadcrumbList\",\"@id\":\"https:\\\/\\\/decora-zone.com\\\/producto\\\/alfombra-picasso-309\\\/#breadcrumb\",\"itemListElement\":[{\"@type\":\"ListItem\",\"position\":1,\"name\":\"Portada\",\"item\":\"https:\\\/\\\/decora-zone.com\\\/\"},{\"@type\":\"ListItem\",\"position\":2,\"name\":\"Productos\",\"item\":\"https:\\\/\\\/decora-zone.com\\\/tienda-alfombras-cortinas-bilbao\\\/\"},{\"@type\":\"ListItem\",\"position\":3,\"name\":\"Alfombra Picasso 309\"}]},{\"@type\":\"WebSite\",\"@id\":\"https:\\\/\\\/decora-zone.com\\\/#website\",\"url\":\"https:\\\/\\\/decora-zone.com\\\/\",\"name\":\"Decora-zone\",\"description\":\"Especialistas en cortinas y alfombras de dise\u00f1o en Bilbao\",\"publisher\":{\"@id\":\"https:\\\/\\\/decora-zone.com\\\/#organization\"},\"potentialAction\":[{\"@type\":\"SearchAction\",\"target\":{\"@type\":\"EntryPoint\",\"urlTemplate\":\"https:\\\/\\\/decora-zone.com\\\/?s={search_term_string}\"},\"query-input\":{\"@type\":\"PropertyValueSpecification\",\"valueRequired\":true,\"valueName\":\"search_term_string\"}}],\"inLanguage\":\"en-US\"},{\"@type\":\"Organization\",\"@id\":\"https:\\\/\\\/decora-zone.com\\\/#organization\",\"name\":\"Decora-Zone Tienda de Decoraci\u00f3n en Bilbao\",\"url\":\"https:\\\/\\\/decora-zone.com\\\/\",\"logo\":{\"@type\":\"ImageObject\",\"inLanguage\":\"en-US\",\"@id\":\"https:\\\/\\\/decora-zone.com\\\/#\\\/schema\\\/logo\\\/image\\\/\",\"url\":\"https:\\\/\\\/decora-zone.com\\\/wp-content\\\/uploads\\\/2014\\\/02\\\/logotipo-decora-zone-alfombras-cortinas-decoracion-bilbao.jpg\",\"contentUrl\":\"https:\\\/\\\/decora-zone.com\\\/wp-content\\\/uploads\\\/2014\\\/02\\\/logotipo-decora-zone-alfombras-cortinas-decoracion-bilbao.jpg\",\"width\":484,\"height\":230,\"caption\":\"Decora-Zone Tienda de Decoraci\u00f3n en Bilbao\"},\"image\":{\"@id\":\"https:\\\/\\\/decora-zone.com\\\/#\\\/schema\\\/logo\\\/image\\\/\"},\"sameAs\":[\"https:\\\/\\\/www.facebook.com\\\/decorazone.bilbao\\\/\",\"https:\\\/\\\/www.instagram.com\\\/decora_zone_\\\/\",\"https:\\\/\\\/co.pinterest.com\\\/Decora_Zone\\\/\"]}]}<\/script>\n<!-- \/ Yoast SEO plugin. -->","yoast_head_json":{"title":"Alfombra Picasso 309 Alfombra Picasso 309 - Decora-zone","description":"Alfombra Picasso 309 100% Poliester de la firma de referencia nacional Sualsa en Decora-Zone de Bilbao expertos en alfombras","robots":{"index":"index","follow":"follow","max-snippet":"max-snippet:-1","max-image-preview":"max-image-preview:large","max-video-preview":"max-video-preview:-1"},"canonical":"https:\/\/decora-zone.com\/producto\/alfombra-picasso-309\/","og_locale":"en_US","og_type":"article","og_title":"Alfombra Picasso 309 Alfombra Picasso 309 - Decora-zone","og_description":"Alfombra Picasso 309 100% Poliester de la firma de referencia nacional Sualsa en Decora-Zone de Bilbao expertos en alfombras","og_url":"https:\/\/decora-zone.com\/producto\/alfombra-picasso-309\/","og_site_name":"Decora-zone","article_publisher":"https:\/\/www.facebook.com\/decorazone.bilbao\/","article_modified_time":"2025-03-10T16:54:29+00:00","og_image":[{"width":800,"height":600,"url":"https:\/\/decora-zone.com\/wp-content\/uploads\/2022\/08\/Alfombra-Decorazone-Picasso-coral-309a.jpg","type":"image\/jpeg"}],"twitter_misc":{"Est. reading time":"1 minute"},"schema":{"@context":"https:\/\/schema.org","@graph":[{"@type":"WebPage","@id":"https:\/\/decora-zone.com\/producto\/alfombra-picasso-309\/","url":"https:\/\/decora-zone.com\/producto\/alfombra-picasso-309\/","name":"Alfombra Picasso 309 Alfombra Picasso 309 - Decora-zone","isPartOf":{"@id":"https:\/\/decora-zone.com\/#website"},"primaryImageOfPage":{"@id":"https:\/\/decora-zone.com\/producto\/alfombra-picasso-309\/#primaryimage"},"image":{"@id":"https:\/\/decora-zone.com\/producto\/alfombra-picasso-309\/#primaryimage"},"thumbnailUrl":"https:\/\/decora-zone.com\/wp-content\/uploads\/2022\/08\/Alfombra-Decorazone-Picasso-coral-309a.jpg","datePublished":"2022-08-29T18:04:40+00:00","dateModified":"2025-03-10T16:54:29+00:00","description":"Alfombra Picasso 309 100% Poliester de la firma de referencia nacional Sualsa en Decora-Zone de Bilbao expertos en alfombras","breadcrumb":{"@id":"https:\/\/decora-zone.com\/producto\/alfombra-picasso-309\/#breadcrumb"},"inLanguage":"en-US","potentialAction":[{"@type":"ReadAction","target":["https:\/\/decora-zone.com\/producto\/alfombra-picasso-309\/"]}]},{"@type":"ImageObject","inLanguage":"en-US","@id":"https:\/\/decora-zone.com\/producto\/alfombra-picasso-309\/#primaryimage","url":"https:\/\/decora-zone.com\/wp-content\/uploads\/2022\/08\/Alfombra-Decorazone-Picasso-coral-309a.jpg","contentUrl":"https:\/\/decora-zone.com\/wp-content\/uploads\/2022\/08\/Alfombra-Decorazone-Picasso-coral-309a.jpg","width":800,"height":600,"caption":"Alfombra Picasso coral 309"},{"@type":"BreadcrumbList","@id":"https:\/\/decora-zone.com\/producto\/alfombra-picasso-309\/#breadcrumb","itemListElement":[{"@type":"ListItem","position":1,"name":"Portada","item":"https:\/\/decora-zone.com\/"},{"@type":"ListItem","position":2,"name":"Productos","item":"https:\/\/decora-zone.com\/tienda-alfombras-cortinas-bilbao\/"},{"@type":"ListItem","position":3,"name":"Alfombra Picasso 309"}]},{"@type":"WebSite","@id":"https:\/\/decora-zone.com\/#website","url":"https:\/\/decora-zone.com\/","name":"Decora-zone","description":"Especialistas en cortinas y alfombras de dise\u00f1o en Bilbao","publisher":{"@id":"https:\/\/decora-zone.com\/#organization"},"potentialAction":[{"@type":"SearchAction","target":{"@type":"EntryPoint","urlTemplate":"https:\/\/decora-zone.com\/?s={search_term_string}"},"query-input":{"@type":"PropertyValueSpecification","valueRequired":true,"valueName":"search_term_string"}}],"inLanguage":"en-US"},{"@type":"Organization","@id":"https:\/\/decora-zone.com\/#organization","name":"Decora-Zone Tienda de Decoraci\u00f3n en Bilbao","url":"https:\/\/decora-zone.com\/","logo":{"@type":"ImageObject","inLanguage":"en-US","@id":"https:\/\/decora-zone.com\/#\/schema\/logo\/image\/","url":"https:\/\/decora-zone.com\/wp-content\/uploads\/2014\/02\/logotipo-decora-zone-alfombras-cortinas-decoracion-bilbao.jpg","contentUrl":"https:\/\/decora-zone.com\/wp-content\/uploads\/2014\/02\/logotipo-decora-zone-alfombras-cortinas-decoracion-bilbao.jpg","width":484,"height":230,"caption":"Decora-Zone Tienda de Decoraci\u00f3n en Bilbao"},"image":{"@id":"https:\/\/decora-zone.com\/#\/schema\/logo\/image\/"},"sameAs":["https:\/\/www.facebook.com\/decorazone.bilbao\/","https:\/\/www.instagram.com\/decora_zone_\/","https:\/\/co.pinterest.com\/Decora_Zone\/"]}]}},"_links":{"self":[{"href":"https:\/\/decora-zone.com\/en\/wp-json\/wp\/v2\/product\/13530","targetHints":{"allow":["GET"]}}],"collection":[{"href":"https:\/\/decora-zone.com\/en\/wp-json\/wp\/v2\/product"}],"about":[{"href":"https:\/\/decora-zone.com\/en\/wp-json\/wp\/v2\/types\/product"}],"replies":[{"embeddable":true,"href":"https:\/\/decora-zone.com\/en\/wp-json\/wp\/v2\/comments?post=13530"}],"wp:featuredmedia":[{"embeddable":true,"href":"https:\/\/decora-zone.com\/en\/wp-json\/wp\/v2\/media\/13539"}],"wp:attachment":[{"href":"https:\/\/decora-zone.com\/en\/wp-json\/wp\/v2\/media?parent=13530"}],"wp:term":[{"taxonomy":"product_brand","embeddable":true,"href":"https:\/\/decora-zone.com\/en\/wp-json\/wp\/v2\/product_brand?post=13530"},{"taxonomy":"product_cat","embeddable":true,"href":"https:\/\/decora-zone.com\/en\/wp-json\/wp\/v2\/product_cat?post=13530"},{"taxonomy":"product_tag","embeddable":true,"href":"https:\/\/decora-zone.com\/en\/wp-json\/wp\/v2\/product_tag?post=13530"}],"curies":[{"name":"wp","href":"https:\/\/api.w.org\/{rel}","templated":true}]}}