{"id":13183,"date":"2022-08-05T17:43:37","date_gmt":"2022-08-05T15:43:37","guid":{"rendered":"https:\/\/decora-zone.com\/?post_type=product&#038;p=13183"},"modified":"2025-03-10T17:54:38","modified_gmt":"2025-03-10T16:54:38","slug":"alfombra-veneto-100","status":"publish","type":"product","link":"https:\/\/decora-zone.com\/en\/producto\/alfombra-veneto-100\/","title":{"rendered":"Alfombra Veneto 100"},"content":{"rendered":"<p><strong>Alfombra Veneto 100<\/strong><\/p>\n<p><strong>100% Viscosa<\/strong><\/p>\n<p>Presentada por la firma de referencia nacional Tresalfombras.\u00a0<\/p>\n<p>La calidad de alfombras Veneto se caracterizan por ser muy ligeras y manejables. Su composici\u00f3n de viscosa hacen que tengan un tacto sedoso.\u00a0<\/p>\n<p>Dise\u00f1o lineal jaspeado destacando los colores burdeos y rosa palo con una mezcla de grises que la hace perfecta para cualquier tipo de ambiente.<\/p>\n<p>Calidad y dise\u00f1o al mejor precio.\u00a0<\/p>\n<p>Grosor: 5,5 mm.<\/p>\n<p>Peso total 1900gr\/m2<\/p>\n<p>Adem\u00e1s de las medidas est\u00e1ndar tambi\u00e9n est\u00e1 disponible en tira de pasillo al corte a medida en ancho de 65 cm.<\/p>\n<p><strong>Si est\u00e1 interesado en alguno de nuestros art\u00edculos que est\u00e9n sin stock, puede reservarlos poni\u00e9ndose en <a href=\"http:\/\/decora-zone.com\/contacto-decora-zone-alfombras-cortinas-decoracion-bilbao\/\">contacto con nosotros<\/a>.<\/strong><\/p>\n","protected":false},"excerpt":{"rendered":"<p><strong>100% Viscosa<\/strong><\/p>\n<p>Presentada por la firma de referencia nacional Tresalfombras.\u00a0<\/p>\n<p>La calidad de alfombras Veneto se caracterizan por ser muy ligeras y manejables. Su composici\u00f3n de viscosa hacen que tengan un tacto sedoso.\u00a0<\/p>\n<p>Dise\u00f1o lineal jaspeado destacando los colores burdeos y rosa palo con una mezcla de grises que la hace perfecta para cualquier tipo de ambiente.<\/p>\n","protected":false},"featured_media":13194,"comment_status":"open","ping_status":"closed","template":"","meta":[],"product_brand":[],"product_cat":[56,21,155],"product_tag":[22,32,28,27,23,610,24,599,29,860],"class_list":{"0":"post-13183","1":"product","2":"type-product","3":"status-publish","4":"has-post-thumbnail","6":"product_cat-alfombras-acrilicas-en-bilbao-tienda-decoracion-bilbao-santutxu","7":"product_cat-alfombras-bilbao-tienda-decoracion-santutxu","8":"product_cat-alfombras-pasillerasen-bilbao-tienda-decoracion-bilbao-santutxu","9":"product_tag-acrilicas","10":"product_tag-alfombras","11":"product_tag-bilbao","12":"product_tag-decora-zone","13":"product_tag-decoracion","14":"product_tag-geometrico","15":"product_tag-hogar","16":"product_tag-moderno","17":"product_tag-santutxu","18":"product_tag-tresalfombras","19":"pa_medida-135x195cm","20":"pa_medida-160x230cm","21":"pa_medida-200x290cm","23":"first","24":"outofstock","25":"shipping-taxable","26":"purchasable","27":"product-type-variable"},"yoast_head":"<!-- This site is optimized with the Yoast SEO plugin v27.5 - https:\/\/yoast.com\/product\/yoast-seo-wordpress\/ -->\n<title>Alfombra Veneto 100 - Decora-zone<\/title>\n<meta name=\"description\" content=\"Alfombra Veneto 100 fabricada en viscosa de la firma de referencia nacional Tresalfombras en Decora-Zone de Bilbao, dise\u00f1o lineal en dos colores.\" \/>\n<meta name=\"robots\" content=\"index, follow, max-snippet:-1, max-image-preview:large, max-video-preview:-1\" \/>\n<link rel=\"canonical\" href=\"https:\/\/decora-zone.com\/producto\/alfombra-veneto-100\/\" \/>\n<meta property=\"og:locale\" content=\"en_US\" \/>\n<meta property=\"og:type\" content=\"article\" \/>\n<meta property=\"og:title\" content=\"Alfombra Veneto 100 - Decora-zone\" \/>\n<meta property=\"og:description\" content=\"Alfombra Veneto 100 fabricada en viscosa de la firma de referencia nacional Tresalfombras en Decora-Zone de Bilbao, dise\u00f1o lineal en dos colores.\" \/>\n<meta property=\"og:url\" content=\"https:\/\/decora-zone.com\/producto\/alfombra-veneto-100\/\" \/>\n<meta property=\"og:site_name\" content=\"Decora-zone\" \/>\n<meta property=\"article:publisher\" content=\"https:\/\/www.facebook.com\/decorazone.bilbao\/\" \/>\n<meta property=\"article:modified_time\" content=\"2025-03-10T16:54:38+00:00\" \/>\n<meta property=\"og:image\" content=\"https:\/\/decora-zone.com\/wp-content\/uploads\/2022\/08\/Alfombra-Decorazone-Veneto-Burdeos-100.jpg\" \/>\n\t<meta property=\"og:image:width\" content=\"958\" \/>\n\t<meta property=\"og:image:height\" content=\"798\" \/>\n\t<meta property=\"og:image:type\" content=\"image\/jpeg\" \/>\n<meta name=\"twitter:label1\" content=\"Est. reading time\" \/>\n\t<meta name=\"twitter:data1\" content=\"1 minute\" \/>\n<script type=\"application\/ld+json\" class=\"yoast-schema-graph\">{\"@context\":\"https:\\\/\\\/schema.org\",\"@graph\":[{\"@type\":\"WebPage\",\"@id\":\"https:\\\/\\\/decora-zone.com\\\/producto\\\/alfombra-veneto-100\\\/\",\"url\":\"https:\\\/\\\/decora-zone.com\\\/producto\\\/alfombra-veneto-100\\\/\",\"name\":\"Alfombra Veneto 100 - Decora-zone\",\"isPartOf\":{\"@id\":\"https:\\\/\\\/decora-zone.com\\\/#website\"},\"primaryImageOfPage\":{\"@id\":\"https:\\\/\\\/decora-zone.com\\\/producto\\\/alfombra-veneto-100\\\/#primaryimage\"},\"image\":{\"@id\":\"https:\\\/\\\/decora-zone.com\\\/producto\\\/alfombra-veneto-100\\\/#primaryimage\"},\"thumbnailUrl\":\"https:\\\/\\\/decora-zone.com\\\/wp-content\\\/uploads\\\/2022\\\/08\\\/Alfombra-Decorazone-Veneto-Burdeos-100.jpg\",\"datePublished\":\"2022-08-05T15:43:37+00:00\",\"dateModified\":\"2025-03-10T16:54:38+00:00\",\"description\":\"Alfombra Veneto 100 fabricada en viscosa de la firma de referencia nacional Tresalfombras en Decora-Zone de Bilbao, dise\u00f1o lineal en dos colores.\",\"breadcrumb\":{\"@id\":\"https:\\\/\\\/decora-zone.com\\\/producto\\\/alfombra-veneto-100\\\/#breadcrumb\"},\"inLanguage\":\"en-US\",\"potentialAction\":[{\"@type\":\"ReadAction\",\"target\":[\"https:\\\/\\\/decora-zone.com\\\/producto\\\/alfombra-veneto-100\\\/\"]}]},{\"@type\":\"ImageObject\",\"inLanguage\":\"en-US\",\"@id\":\"https:\\\/\\\/decora-zone.com\\\/producto\\\/alfombra-veneto-100\\\/#primaryimage\",\"url\":\"https:\\\/\\\/decora-zone.com\\\/wp-content\\\/uploads\\\/2022\\\/08\\\/Alfombra-Decorazone-Veneto-Burdeos-100.jpg\",\"contentUrl\":\"https:\\\/\\\/decora-zone.com\\\/wp-content\\\/uploads\\\/2022\\\/08\\\/Alfombra-Decorazone-Veneto-Burdeos-100.jpg\",\"width\":958,\"height\":798,\"caption\":\"Alfombra Veneto 100 burdeos\"},{\"@type\":\"BreadcrumbList\",\"@id\":\"https:\\\/\\\/decora-zone.com\\\/producto\\\/alfombra-veneto-100\\\/#breadcrumb\",\"itemListElement\":[{\"@type\":\"ListItem\",\"position\":1,\"name\":\"Portada\",\"item\":\"https:\\\/\\\/decora-zone.com\\\/\"},{\"@type\":\"ListItem\",\"position\":2,\"name\":\"Productos\",\"item\":\"https:\\\/\\\/decora-zone.com\\\/tienda-alfombras-cortinas-bilbao\\\/\"},{\"@type\":\"ListItem\",\"position\":3,\"name\":\"Alfombra Veneto 100\"}]},{\"@type\":\"WebSite\",\"@id\":\"https:\\\/\\\/decora-zone.com\\\/#website\",\"url\":\"https:\\\/\\\/decora-zone.com\\\/\",\"name\":\"Decora-zone\",\"description\":\"Especialistas en cortinas y alfombras de dise\u00f1o en Bilbao\",\"publisher\":{\"@id\":\"https:\\\/\\\/decora-zone.com\\\/#organization\"},\"potentialAction\":[{\"@type\":\"SearchAction\",\"target\":{\"@type\":\"EntryPoint\",\"urlTemplate\":\"https:\\\/\\\/decora-zone.com\\\/?s={search_term_string}\"},\"query-input\":{\"@type\":\"PropertyValueSpecification\",\"valueRequired\":true,\"valueName\":\"search_term_string\"}}],\"inLanguage\":\"en-US\"},{\"@type\":\"Organization\",\"@id\":\"https:\\\/\\\/decora-zone.com\\\/#organization\",\"name\":\"Decora-Zone Tienda de Decoraci\u00f3n en Bilbao\",\"url\":\"https:\\\/\\\/decora-zone.com\\\/\",\"logo\":{\"@type\":\"ImageObject\",\"inLanguage\":\"en-US\",\"@id\":\"https:\\\/\\\/decora-zone.com\\\/#\\\/schema\\\/logo\\\/image\\\/\",\"url\":\"https:\\\/\\\/decora-zone.com\\\/wp-content\\\/uploads\\\/2014\\\/02\\\/logotipo-decora-zone-alfombras-cortinas-decoracion-bilbao.jpg\",\"contentUrl\":\"https:\\\/\\\/decora-zone.com\\\/wp-content\\\/uploads\\\/2014\\\/02\\\/logotipo-decora-zone-alfombras-cortinas-decoracion-bilbao.jpg\",\"width\":484,\"height\":230,\"caption\":\"Decora-Zone Tienda de Decoraci\u00f3n en Bilbao\"},\"image\":{\"@id\":\"https:\\\/\\\/decora-zone.com\\\/#\\\/schema\\\/logo\\\/image\\\/\"},\"sameAs\":[\"https:\\\/\\\/www.facebook.com\\\/decorazone.bilbao\\\/\",\"https:\\\/\\\/www.instagram.com\\\/decora_zone_\\\/\",\"https:\\\/\\\/co.pinterest.com\\\/Decora_Zone\\\/\"]}]}<\/script>\n<!-- \/ Yoast SEO plugin. -->","yoast_head_json":{"title":"Alfombra Veneto 100 - Decora-zone","description":"Alfombra Veneto 100 fabricada en viscosa de la firma de referencia nacional Tresalfombras en Decora-Zone de Bilbao, dise\u00f1o lineal en dos colores.","robots":{"index":"index","follow":"follow","max-snippet":"max-snippet:-1","max-image-preview":"max-image-preview:large","max-video-preview":"max-video-preview:-1"},"canonical":"https:\/\/decora-zone.com\/producto\/alfombra-veneto-100\/","og_locale":"en_US","og_type":"article","og_title":"Alfombra Veneto 100 - Decora-zone","og_description":"Alfombra Veneto 100 fabricada en viscosa de la firma de referencia nacional Tresalfombras en Decora-Zone de Bilbao, dise\u00f1o lineal en dos colores.","og_url":"https:\/\/decora-zone.com\/producto\/alfombra-veneto-100\/","og_site_name":"Decora-zone","article_publisher":"https:\/\/www.facebook.com\/decorazone.bilbao\/","article_modified_time":"2025-03-10T16:54:38+00:00","og_image":[{"width":958,"height":798,"url":"https:\/\/decora-zone.com\/wp-content\/uploads\/2022\/08\/Alfombra-Decorazone-Veneto-Burdeos-100.jpg","type":"image\/jpeg"}],"twitter_misc":{"Est. reading time":"1 minute"},"schema":{"@context":"https:\/\/schema.org","@graph":[{"@type":"WebPage","@id":"https:\/\/decora-zone.com\/producto\/alfombra-veneto-100\/","url":"https:\/\/decora-zone.com\/producto\/alfombra-veneto-100\/","name":"Alfombra Veneto 100 - Decora-zone","isPartOf":{"@id":"https:\/\/decora-zone.com\/#website"},"primaryImageOfPage":{"@id":"https:\/\/decora-zone.com\/producto\/alfombra-veneto-100\/#primaryimage"},"image":{"@id":"https:\/\/decora-zone.com\/producto\/alfombra-veneto-100\/#primaryimage"},"thumbnailUrl":"https:\/\/decora-zone.com\/wp-content\/uploads\/2022\/08\/Alfombra-Decorazone-Veneto-Burdeos-100.jpg","datePublished":"2022-08-05T15:43:37+00:00","dateModified":"2025-03-10T16:54:38+00:00","description":"Alfombra Veneto 100 fabricada en viscosa de la firma de referencia nacional Tresalfombras en Decora-Zone de Bilbao, dise\u00f1o lineal en dos colores.","breadcrumb":{"@id":"https:\/\/decora-zone.com\/producto\/alfombra-veneto-100\/#breadcrumb"},"inLanguage":"en-US","potentialAction":[{"@type":"ReadAction","target":["https:\/\/decora-zone.com\/producto\/alfombra-veneto-100\/"]}]},{"@type":"ImageObject","inLanguage":"en-US","@id":"https:\/\/decora-zone.com\/producto\/alfombra-veneto-100\/#primaryimage","url":"https:\/\/decora-zone.com\/wp-content\/uploads\/2022\/08\/Alfombra-Decorazone-Veneto-Burdeos-100.jpg","contentUrl":"https:\/\/decora-zone.com\/wp-content\/uploads\/2022\/08\/Alfombra-Decorazone-Veneto-Burdeos-100.jpg","width":958,"height":798,"caption":"Alfombra Veneto 100 burdeos"},{"@type":"BreadcrumbList","@id":"https:\/\/decora-zone.com\/producto\/alfombra-veneto-100\/#breadcrumb","itemListElement":[{"@type":"ListItem","position":1,"name":"Portada","item":"https:\/\/decora-zone.com\/"},{"@type":"ListItem","position":2,"name":"Productos","item":"https:\/\/decora-zone.com\/tienda-alfombras-cortinas-bilbao\/"},{"@type":"ListItem","position":3,"name":"Alfombra Veneto 100"}]},{"@type":"WebSite","@id":"https:\/\/decora-zone.com\/#website","url":"https:\/\/decora-zone.com\/","name":"Decora-zone","description":"Especialistas en cortinas y alfombras de dise\u00f1o en Bilbao","publisher":{"@id":"https:\/\/decora-zone.com\/#organization"},"potentialAction":[{"@type":"SearchAction","target":{"@type":"EntryPoint","urlTemplate":"https:\/\/decora-zone.com\/?s={search_term_string}"},"query-input":{"@type":"PropertyValueSpecification","valueRequired":true,"valueName":"search_term_string"}}],"inLanguage":"en-US"},{"@type":"Organization","@id":"https:\/\/decora-zone.com\/#organization","name":"Decora-Zone Tienda de Decoraci\u00f3n en Bilbao","url":"https:\/\/decora-zone.com\/","logo":{"@type":"ImageObject","inLanguage":"en-US","@id":"https:\/\/decora-zone.com\/#\/schema\/logo\/image\/","url":"https:\/\/decora-zone.com\/wp-content\/uploads\/2014\/02\/logotipo-decora-zone-alfombras-cortinas-decoracion-bilbao.jpg","contentUrl":"https:\/\/decora-zone.com\/wp-content\/uploads\/2014\/02\/logotipo-decora-zone-alfombras-cortinas-decoracion-bilbao.jpg","width":484,"height":230,"caption":"Decora-Zone Tienda de Decoraci\u00f3n en Bilbao"},"image":{"@id":"https:\/\/decora-zone.com\/#\/schema\/logo\/image\/"},"sameAs":["https:\/\/www.facebook.com\/decorazone.bilbao\/","https:\/\/www.instagram.com\/decora_zone_\/","https:\/\/co.pinterest.com\/Decora_Zone\/"]}]}},"_links":{"self":[{"href":"https:\/\/decora-zone.com\/en\/wp-json\/wp\/v2\/product\/13183","targetHints":{"allow":["GET"]}}],"collection":[{"href":"https:\/\/decora-zone.com\/en\/wp-json\/wp\/v2\/product"}],"about":[{"href":"https:\/\/decora-zone.com\/en\/wp-json\/wp\/v2\/types\/product"}],"replies":[{"embeddable":true,"href":"https:\/\/decora-zone.com\/en\/wp-json\/wp\/v2\/comments?post=13183"}],"wp:featuredmedia":[{"embeddable":true,"href":"https:\/\/decora-zone.com\/en\/wp-json\/wp\/v2\/media\/13194"}],"wp:attachment":[{"href":"https:\/\/decora-zone.com\/en\/wp-json\/wp\/v2\/media?parent=13183"}],"wp:term":[{"taxonomy":"product_brand","embeddable":true,"href":"https:\/\/decora-zone.com\/en\/wp-json\/wp\/v2\/product_brand?post=13183"},{"taxonomy":"product_cat","embeddable":true,"href":"https:\/\/decora-zone.com\/en\/wp-json\/wp\/v2\/product_cat?post=13183"},{"taxonomy":"product_tag","embeddable":true,"href":"https:\/\/decora-zone.com\/en\/wp-json\/wp\/v2\/product_tag?post=13183"}],"curies":[{"name":"wp","href":"https:\/\/api.w.org\/{rel}","templated":true}]}}