{"id":12712,"date":"2022-04-12T10:59:06","date_gmt":"2022-04-12T08:59:06","guid":{"rendered":"https:\/\/decora-zone.com\/?post_type=product&#038;p=12712"},"modified":"2025-03-10T18:04:13","modified_gmt":"2025-03-10T17:04:13","slug":"alfombra-florence-broadhurst-tortoiseshell-stripe-jade","status":"publish","type":"product","link":"https:\/\/decora-zone.com\/en\/producto\/alfombra-florence-broadhurst-tortoiseshell-stripe-jade\/","title":{"rendered":"Alfombra Florence Broadhurst Tortoiseshell Stripe Jade"},"content":{"rendered":"<p><strong>Alfombra Florence Broadhurst Tortoiseshell Stripe Jade<\/strong><\/p>\n<p><strong>100% Pura Lana Virgen<\/strong><\/p>\n<p>Fabricada por <strong>Brink &amp; Campman<\/strong>, uno de los proveedores de alfombras m\u00e1s innovadores del mundo.<\/p>\n<p>Esta alfombra forma parte de la impresionante colecci\u00f3n Florence Broadhurst, c\u00e9lebre dise\u00f1adora de reconocimiento internacional, alfombras de gran calidad que combinan la cl\u00e1sica elegancia con la interpretaci\u00f3n contempor\u00e1nea de sus dise\u00f1os m\u00e1s ic\u00f3nicos.<\/p>\n<p>Sus colecciones destacan por sus dise\u00f1os de gran tama\u00f1o inspirados en la naturaleza y geom\u00e9tricos de colores brillantes.<\/p>\n<p>Altura del pelo 20 mm.<\/p>\n<p>Peso total 4750gr\/m2 aprox.<\/p>\n<p>Plazo de entrega aproximado 5 semanas.<\/p>\n<p><strong>Si est\u00e1 interesado en alguno de nuestros art\u00edculos que est\u00e9n sin stock, puede reservarlos poni\u00e9ndose en <a href=\"http:\/\/decora-zone.com\/contacto-decora-zone-alfombras-cortinas-decoracion-bilbao\/\">contacto con nosotros<\/a>.<\/strong><\/p>\n","protected":false},"excerpt":{"rendered":"<p><strong>100% Pura Lana Virgen<\/strong><\/p>\n<p>Fabricada por <strong>Brink &amp; Campman<\/strong>, uno de los proveedores de alfombras m\u00e1s innovadores del mundo.<\/p>\n<p>Esta alfombra forma parte de la impresionante colecci\u00f3n Florence Broadhurst, c\u00e9lebre dise\u00f1adora de reconocimiento internacional, alfombras de gran calidad que combinan la cl\u00e1sica elegancia con la interpretaci\u00f3n contempor\u00e1nea de sus dise\u00f1os m\u00e1s ic\u00f3nicos.<\/p>\n<p>Sus colecciones destacan por sus dise\u00f1os de gran tama\u00f1o inspirados en la naturaleza y geom\u00e9tricos de colores brillantes.<\/p>\n","protected":false},"featured_media":12719,"comment_status":"open","ping_status":"closed","template":"","meta":[],"product_brand":[],"product_cat":[21,57],"product_tag":[32,28,61,27,23,828,24,30,29],"class_list":{"0":"post-12712","1":"product","2":"type-product","3":"status-publish","4":"has-post-thumbnail","6":"product_cat-alfombras-bilbao-tienda-decoracion-santutxu","7":"product_cat-alfombras-lana-bilbao-tienda-decoracion-santutxu","8":"product_tag-alfombras","9":"product_tag-bilbao","10":"product_tag-brink-campman","11":"product_tag-decora-zone","12":"product_tag-decoracion","13":"product_tag-florence-broadhurst","14":"product_tag-hogar","15":"product_tag-lana","16":"product_tag-santutxu","17":"pa_medida-120x180cm","18":"pa_medida-170x240cm","19":"pa_medida-200x280cm","20":"pa_medida-250x350cm","22":"first","23":"outofstock","24":"shipping-taxable","25":"purchasable","26":"product-type-variable"},"yoast_head":"<!-- This site is optimized with the Yoast SEO plugin v27.5 - https:\/\/yoast.com\/product\/yoast-seo-wordpress\/ -->\n<title>Alfombra Florence Broadhurst Tortoiseshell Stripe Jade - Decora-zone<\/title>\n<meta name=\"description\" content=\"Alfombra Tortoiseshell Stripe Jade de pura lana. Fabricada por Brink &amp; Campman, uno de los proveedores de alfombras m\u00e1s innovadores del mundo. En DecoraZone\" \/>\n<meta name=\"robots\" content=\"index, follow, max-snippet:-1, max-image-preview:large, max-video-preview:-1\" \/>\n<link rel=\"canonical\" href=\"https:\/\/decora-zone.com\/producto\/alfombra-florence-broadhurst-tortoiseshell-stripe-jade\/\" \/>\n<meta property=\"og:locale\" content=\"en_US\" \/>\n<meta property=\"og:type\" content=\"article\" \/>\n<meta property=\"og:title\" content=\"Alfombra Florence Broadhurst Tortoiseshell Stripe Jade - Decora-zone\" \/>\n<meta property=\"og:description\" content=\"Alfombra Tortoiseshell Stripe Jade de pura lana. Fabricada por Brink &amp; Campman, uno de los proveedores de alfombras m\u00e1s innovadores del mundo. En DecoraZone\" \/>\n<meta property=\"og:url\" content=\"https:\/\/decora-zone.com\/producto\/alfombra-florence-broadhurst-tortoiseshell-stripe-jade\/\" \/>\n<meta property=\"og:site_name\" content=\"Decora-zone\" \/>\n<meta property=\"article:publisher\" content=\"https:\/\/www.facebook.com\/decorazone.bilbao\/\" \/>\n<meta property=\"article:modified_time\" content=\"2025-03-10T17:04:13+00:00\" \/>\n<meta property=\"og:image\" content=\"https:\/\/decora-zone.com\/wp-content\/uploads\/2022\/04\/Tortoiseshell-stripe-jade-039808a.jpg\" \/>\n\t<meta property=\"og:image:width\" content=\"891\" \/>\n\t<meta property=\"og:image:height\" content=\"1200\" \/>\n\t<meta property=\"og:image:type\" content=\"image\/jpeg\" \/>\n<meta name=\"twitter:label1\" content=\"Est. reading time\" \/>\n\t<meta name=\"twitter:data1\" content=\"1 minute\" \/>\n<script type=\"application\/ld+json\" class=\"yoast-schema-graph\">{\"@context\":\"https:\\\/\\\/schema.org\",\"@graph\":[{\"@type\":\"WebPage\",\"@id\":\"https:\\\/\\\/decora-zone.com\\\/producto\\\/alfombra-florence-broadhurst-tortoiseshell-stripe-jade\\\/\",\"url\":\"https:\\\/\\\/decora-zone.com\\\/producto\\\/alfombra-florence-broadhurst-tortoiseshell-stripe-jade\\\/\",\"name\":\"Alfombra Florence Broadhurst Tortoiseshell Stripe Jade - Decora-zone\",\"isPartOf\":{\"@id\":\"https:\\\/\\\/decora-zone.com\\\/#website\"},\"primaryImageOfPage\":{\"@id\":\"https:\\\/\\\/decora-zone.com\\\/producto\\\/alfombra-florence-broadhurst-tortoiseshell-stripe-jade\\\/#primaryimage\"},\"image\":{\"@id\":\"https:\\\/\\\/decora-zone.com\\\/producto\\\/alfombra-florence-broadhurst-tortoiseshell-stripe-jade\\\/#primaryimage\"},\"thumbnailUrl\":\"https:\\\/\\\/decora-zone.com\\\/wp-content\\\/uploads\\\/2022\\\/04\\\/Tortoiseshell-stripe-jade-039808a.jpg\",\"datePublished\":\"2022-04-12T08:59:06+00:00\",\"dateModified\":\"2025-03-10T17:04:13+00:00\",\"description\":\"Alfombra Tortoiseshell Stripe Jade de pura lana. Fabricada por Brink & Campman, uno de los proveedores de alfombras m\u00e1s innovadores del mundo. En DecoraZone\",\"breadcrumb\":{\"@id\":\"https:\\\/\\\/decora-zone.com\\\/producto\\\/alfombra-florence-broadhurst-tortoiseshell-stripe-jade\\\/#breadcrumb\"},\"inLanguage\":\"en-US\",\"potentialAction\":[{\"@type\":\"ReadAction\",\"target\":[\"https:\\\/\\\/decora-zone.com\\\/producto\\\/alfombra-florence-broadhurst-tortoiseshell-stripe-jade\\\/\"]}]},{\"@type\":\"ImageObject\",\"inLanguage\":\"en-US\",\"@id\":\"https:\\\/\\\/decora-zone.com\\\/producto\\\/alfombra-florence-broadhurst-tortoiseshell-stripe-jade\\\/#primaryimage\",\"url\":\"https:\\\/\\\/decora-zone.com\\\/wp-content\\\/uploads\\\/2022\\\/04\\\/Tortoiseshell-stripe-jade-039808a.jpg\",\"contentUrl\":\"https:\\\/\\\/decora-zone.com\\\/wp-content\\\/uploads\\\/2022\\\/04\\\/Tortoiseshell-stripe-jade-039808a.jpg\",\"width\":891,\"height\":1200,\"caption\":\"Alfombra Tortoiseshell Stripe Jade\"},{\"@type\":\"BreadcrumbList\",\"@id\":\"https:\\\/\\\/decora-zone.com\\\/producto\\\/alfombra-florence-broadhurst-tortoiseshell-stripe-jade\\\/#breadcrumb\",\"itemListElement\":[{\"@type\":\"ListItem\",\"position\":1,\"name\":\"Portada\",\"item\":\"https:\\\/\\\/decora-zone.com\\\/\"},{\"@type\":\"ListItem\",\"position\":2,\"name\":\"Productos\",\"item\":\"https:\\\/\\\/decora-zone.com\\\/tienda-alfombras-cortinas-bilbao\\\/\"},{\"@type\":\"ListItem\",\"position\":3,\"name\":\"Alfombra Florence Broadhurst Tortoiseshell Stripe Jade\"}]},{\"@type\":\"WebSite\",\"@id\":\"https:\\\/\\\/decora-zone.com\\\/#website\",\"url\":\"https:\\\/\\\/decora-zone.com\\\/\",\"name\":\"Decora-zone\",\"description\":\"Especialistas en cortinas y alfombras de dise\u00f1o en Bilbao\",\"publisher\":{\"@id\":\"https:\\\/\\\/decora-zone.com\\\/#organization\"},\"potentialAction\":[{\"@type\":\"SearchAction\",\"target\":{\"@type\":\"EntryPoint\",\"urlTemplate\":\"https:\\\/\\\/decora-zone.com\\\/?s={search_term_string}\"},\"query-input\":{\"@type\":\"PropertyValueSpecification\",\"valueRequired\":true,\"valueName\":\"search_term_string\"}}],\"inLanguage\":\"en-US\"},{\"@type\":\"Organization\",\"@id\":\"https:\\\/\\\/decora-zone.com\\\/#organization\",\"name\":\"Decora-Zone Tienda de Decoraci\u00f3n en Bilbao\",\"url\":\"https:\\\/\\\/decora-zone.com\\\/\",\"logo\":{\"@type\":\"ImageObject\",\"inLanguage\":\"en-US\",\"@id\":\"https:\\\/\\\/decora-zone.com\\\/#\\\/schema\\\/logo\\\/image\\\/\",\"url\":\"https:\\\/\\\/decora-zone.com\\\/wp-content\\\/uploads\\\/2014\\\/02\\\/logotipo-decora-zone-alfombras-cortinas-decoracion-bilbao.jpg\",\"contentUrl\":\"https:\\\/\\\/decora-zone.com\\\/wp-content\\\/uploads\\\/2014\\\/02\\\/logotipo-decora-zone-alfombras-cortinas-decoracion-bilbao.jpg\",\"width\":484,\"height\":230,\"caption\":\"Decora-Zone Tienda de Decoraci\u00f3n en Bilbao\"},\"image\":{\"@id\":\"https:\\\/\\\/decora-zone.com\\\/#\\\/schema\\\/logo\\\/image\\\/\"},\"sameAs\":[\"https:\\\/\\\/www.facebook.com\\\/decorazone.bilbao\\\/\",\"https:\\\/\\\/www.instagram.com\\\/decora_zone_\\\/\",\"https:\\\/\\\/co.pinterest.com\\\/Decora_Zone\\\/\"]}]}<\/script>\n<!-- \/ Yoast SEO plugin. -->","yoast_head_json":{"title":"Alfombra Florence Broadhurst Tortoiseshell Stripe Jade - Decora-zone","description":"Alfombra Tortoiseshell Stripe Jade de pura lana. Fabricada por Brink & Campman, uno de los proveedores de alfombras m\u00e1s innovadores del mundo. En DecoraZone","robots":{"index":"index","follow":"follow","max-snippet":"max-snippet:-1","max-image-preview":"max-image-preview:large","max-video-preview":"max-video-preview:-1"},"canonical":"https:\/\/decora-zone.com\/producto\/alfombra-florence-broadhurst-tortoiseshell-stripe-jade\/","og_locale":"en_US","og_type":"article","og_title":"Alfombra Florence Broadhurst Tortoiseshell Stripe Jade - Decora-zone","og_description":"Alfombra Tortoiseshell Stripe Jade de pura lana. Fabricada por Brink & Campman, uno de los proveedores de alfombras m\u00e1s innovadores del mundo. En DecoraZone","og_url":"https:\/\/decora-zone.com\/producto\/alfombra-florence-broadhurst-tortoiseshell-stripe-jade\/","og_site_name":"Decora-zone","article_publisher":"https:\/\/www.facebook.com\/decorazone.bilbao\/","article_modified_time":"2025-03-10T17:04:13+00:00","og_image":[{"width":891,"height":1200,"url":"https:\/\/decora-zone.com\/wp-content\/uploads\/2022\/04\/Tortoiseshell-stripe-jade-039808a.jpg","type":"image\/jpeg"}],"twitter_misc":{"Est. reading time":"1 minute"},"schema":{"@context":"https:\/\/schema.org","@graph":[{"@type":"WebPage","@id":"https:\/\/decora-zone.com\/producto\/alfombra-florence-broadhurst-tortoiseshell-stripe-jade\/","url":"https:\/\/decora-zone.com\/producto\/alfombra-florence-broadhurst-tortoiseshell-stripe-jade\/","name":"Alfombra Florence Broadhurst Tortoiseshell Stripe Jade - Decora-zone","isPartOf":{"@id":"https:\/\/decora-zone.com\/#website"},"primaryImageOfPage":{"@id":"https:\/\/decora-zone.com\/producto\/alfombra-florence-broadhurst-tortoiseshell-stripe-jade\/#primaryimage"},"image":{"@id":"https:\/\/decora-zone.com\/producto\/alfombra-florence-broadhurst-tortoiseshell-stripe-jade\/#primaryimage"},"thumbnailUrl":"https:\/\/decora-zone.com\/wp-content\/uploads\/2022\/04\/Tortoiseshell-stripe-jade-039808a.jpg","datePublished":"2022-04-12T08:59:06+00:00","dateModified":"2025-03-10T17:04:13+00:00","description":"Alfombra Tortoiseshell Stripe Jade de pura lana. Fabricada por Brink & Campman, uno de los proveedores de alfombras m\u00e1s innovadores del mundo. En DecoraZone","breadcrumb":{"@id":"https:\/\/decora-zone.com\/producto\/alfombra-florence-broadhurst-tortoiseshell-stripe-jade\/#breadcrumb"},"inLanguage":"en-US","potentialAction":[{"@type":"ReadAction","target":["https:\/\/decora-zone.com\/producto\/alfombra-florence-broadhurst-tortoiseshell-stripe-jade\/"]}]},{"@type":"ImageObject","inLanguage":"en-US","@id":"https:\/\/decora-zone.com\/producto\/alfombra-florence-broadhurst-tortoiseshell-stripe-jade\/#primaryimage","url":"https:\/\/decora-zone.com\/wp-content\/uploads\/2022\/04\/Tortoiseshell-stripe-jade-039808a.jpg","contentUrl":"https:\/\/decora-zone.com\/wp-content\/uploads\/2022\/04\/Tortoiseshell-stripe-jade-039808a.jpg","width":891,"height":1200,"caption":"Alfombra Tortoiseshell Stripe Jade"},{"@type":"BreadcrumbList","@id":"https:\/\/decora-zone.com\/producto\/alfombra-florence-broadhurst-tortoiseshell-stripe-jade\/#breadcrumb","itemListElement":[{"@type":"ListItem","position":1,"name":"Portada","item":"https:\/\/decora-zone.com\/"},{"@type":"ListItem","position":2,"name":"Productos","item":"https:\/\/decora-zone.com\/tienda-alfombras-cortinas-bilbao\/"},{"@type":"ListItem","position":3,"name":"Alfombra Florence Broadhurst Tortoiseshell Stripe Jade"}]},{"@type":"WebSite","@id":"https:\/\/decora-zone.com\/#website","url":"https:\/\/decora-zone.com\/","name":"Decora-zone","description":"Especialistas en cortinas y alfombras de dise\u00f1o en Bilbao","publisher":{"@id":"https:\/\/decora-zone.com\/#organization"},"potentialAction":[{"@type":"SearchAction","target":{"@type":"EntryPoint","urlTemplate":"https:\/\/decora-zone.com\/?s={search_term_string}"},"query-input":{"@type":"PropertyValueSpecification","valueRequired":true,"valueName":"search_term_string"}}],"inLanguage":"en-US"},{"@type":"Organization","@id":"https:\/\/decora-zone.com\/#organization","name":"Decora-Zone Tienda de Decoraci\u00f3n en Bilbao","url":"https:\/\/decora-zone.com\/","logo":{"@type":"ImageObject","inLanguage":"en-US","@id":"https:\/\/decora-zone.com\/#\/schema\/logo\/image\/","url":"https:\/\/decora-zone.com\/wp-content\/uploads\/2014\/02\/logotipo-decora-zone-alfombras-cortinas-decoracion-bilbao.jpg","contentUrl":"https:\/\/decora-zone.com\/wp-content\/uploads\/2014\/02\/logotipo-decora-zone-alfombras-cortinas-decoracion-bilbao.jpg","width":484,"height":230,"caption":"Decora-Zone Tienda de Decoraci\u00f3n en Bilbao"},"image":{"@id":"https:\/\/decora-zone.com\/#\/schema\/logo\/image\/"},"sameAs":["https:\/\/www.facebook.com\/decorazone.bilbao\/","https:\/\/www.instagram.com\/decora_zone_\/","https:\/\/co.pinterest.com\/Decora_Zone\/"]}]}},"_links":{"self":[{"href":"https:\/\/decora-zone.com\/en\/wp-json\/wp\/v2\/product\/12712","targetHints":{"allow":["GET"]}}],"collection":[{"href":"https:\/\/decora-zone.com\/en\/wp-json\/wp\/v2\/product"}],"about":[{"href":"https:\/\/decora-zone.com\/en\/wp-json\/wp\/v2\/types\/product"}],"replies":[{"embeddable":true,"href":"https:\/\/decora-zone.com\/en\/wp-json\/wp\/v2\/comments?post=12712"}],"wp:featuredmedia":[{"embeddable":true,"href":"https:\/\/decora-zone.com\/en\/wp-json\/wp\/v2\/media\/12719"}],"wp:attachment":[{"href":"https:\/\/decora-zone.com\/en\/wp-json\/wp\/v2\/media?parent=12712"}],"wp:term":[{"taxonomy":"product_brand","embeddable":true,"href":"https:\/\/decora-zone.com\/en\/wp-json\/wp\/v2\/product_brand?post=12712"},{"taxonomy":"product_cat","embeddable":true,"href":"https:\/\/decora-zone.com\/en\/wp-json\/wp\/v2\/product_cat?post=12712"},{"taxonomy":"product_tag","embeddable":true,"href":"https:\/\/decora-zone.com\/en\/wp-json\/wp\/v2\/product_tag?post=12712"}],"curies":[{"name":"wp","href":"https:\/\/api.w.org\/{rel}","templated":true}]}}