{"id":11500,"date":"2021-12-28T19:12:45","date_gmt":"2021-12-28T17:12:45","guid":{"rendered":"https:\/\/decora-zone.com\/?post_type=product&#038;p=11500"},"modified":"2025-03-10T18:04:31","modified_gmt":"2025-03-10T17:04:31","slug":"alfombra-grain","status":"publish","type":"product","link":"https:\/\/decora-zone.com\/en\/producto\/alfombra-grain\/","title":{"rendered":"Alfombra Grain"},"content":{"rendered":"<h1><strong>Alfombra Grain<\/strong><\/h1>\n<h2><strong>100% Pura Lana<\/strong><\/h2>\n<p>La alfombra de lana Grain de Brink &amp; Campman es un testimonio de la excelencia en dise\u00f1o y artesan\u00eda. Esta pieza exclusiva est\u00e1 tejida a mano por expertos artesanos, utilizando t\u00e9cnicas de tejido plano que realzan la belleza natural de las hebras de pura lana virgen. Esta t\u00e9cnica, que consiste en entrelazar las hebras de pura lana virgen de forma plana, confiere a la alfombra una textura \u00fanica y una gran resistencia.<\/p>\n<p>Esta alfombra robusta y sencilla es perfecta para decorar cualquier interior, ofreciendo una combinaci\u00f3n \u00fanica de tradici\u00f3n y dise\u00f1o contempor\u00e1neo. Su dise\u00f1o minimalista y atemporal, combinado con la suavidad y calidez de la lana, la convierte en una pieza vers\u00e1til que se adapta a cualquier estilo de decoraci\u00f3n. Ideal para crear ambientes acogedores y sofisticados. Cada pieza es \u00fanica y puede variar ligeramente en tama\u00f1o hasta un 5%.<\/p>\n<h3>Caracter\u00edsticas de la alfombra Grain:<\/h3>\n<p><strong>Calidad:<\/strong> Tejida a mano<br \/>\n<strong>Material:<\/strong> Pura lana nueva<br \/>\n<strong>Altura total:<\/strong> Aprox. 12 mm<br \/>\n<strong>Peso total:<\/strong> Aprox. 2200 gr\/m\u00b2<br \/>\n<strong>Dimensiones disponibles:<\/strong> 140&#215;200 cm, 160&#215;230 cm, 200&#215;280 cm, 250&#215;350 cm, y personalizadas bajo pedido (entrega aproximada 10 semanas)<\/p>\n<p>Todas las medidas son aproximadas, puede haber una variaci\u00f3n de hasta un 5%<\/p>\n<p>Plazo aproximado de entrega 5 semanas<\/p>\n<p><strong>Si est\u00e1 interesado en alguno de nuestros art\u00edculos que est\u00e9n sin stock, puede reservarlos poni\u00e9ndose en contacto con nosotros.<\/strong><\/p>\n<p>&nbsp;<\/p>\n","protected":false},"excerpt":{"rendered":"<h2><strong>100% Pura Lana<\/strong><\/h2>\n<p>La alfombra de lana Grain de Brink &amp; Campman es un testimonio de la excelencia en dise\u00f1o y artesan\u00eda. Esta pieza exclusiva est\u00e1 tejida a mano por expertos artesanos, utilizando t\u00e9cnicas de tejido plano que realzan la belleza natural de las hebras de pura lana virgen. Esta t\u00e9cnica, que consiste en entrelazar las hebras de pura lana virgen de forma plana, confiere a la alfombra una textura \u00fanica y una gran resistencia.<\/p>\n<p>Esta alfombra robusta y sencilla es perfecta para decorar cualquier interior, ofreciendo una combinaci\u00f3n \u00fanica de tradici\u00f3n y dise\u00f1o contempor\u00e1neo. Su dise\u00f1o minimalista y atemporal, combinado con la suavidad y calidez de la lana, la convierte en una pieza vers\u00e1til que se adapta a cualquier estilo de decoraci\u00f3n. Ideal para crear ambientes acogedores y sofisticados. Cada pieza es \u00fanica y puede variar ligeramente en tama\u00f1o hasta un 5%.<\/p>\n","protected":false},"featured_media":14424,"comment_status":"open","ping_status":"closed","template":"","meta":[],"product_brand":[],"product_cat":[21,57],"product_tag":[1031,1007,1030,32,1022,28,61,27,23,24,30,29],"class_list":{"0":"post-11500","1":"product","2":"type-product","3":"status-publish","4":"has-post-thumbnail","6":"product_cat-alfombras-bilbao-tienda-decoracion-santutxu","7":"product_cat-alfombras-lana-bilbao-tienda-decoracion-santutxu","8":"product_tag-aflombra-de-diseno","9":"product_tag-alfombra-moderna","10":"product_tag-alfombra-tejda-a-mano","11":"product_tag-alfombras","12":"product_tag-alfombras-de-lana","13":"product_tag-bilbao","14":"product_tag-brink-campman","15":"product_tag-decora-zone","16":"product_tag-decoracion","17":"product_tag-hogar","18":"product_tag-lana","19":"product_tag-santutxu","20":"pa_medida-140x200cm","21":"pa_medida-160x230cm","22":"pa_medida-200x280cm","23":"pa_medida-250x350cm","25":"first","26":"outofstock","27":"shipping-taxable","28":"purchasable","29":"product-type-variable"},"yoast_head":"<!-- This site is optimized with the Yoast SEO plugin v27.5 - https:\/\/yoast.com\/product\/yoast-seo-wordpress\/ -->\n<title>Alfombra Grain - Decora-zone<\/title>\n<meta name=\"description\" content=\"Descubre la elegancia de la alfombra de lana Grain. Hecha a mano con pura lana nueva, disponible en varias dimensiones. Calidad y dise\u00f1o en cada detalle.\" \/>\n<meta name=\"robots\" content=\"index, follow, max-snippet:-1, max-image-preview:large, max-video-preview:-1\" \/>\n<link rel=\"canonical\" href=\"https:\/\/decora-zone.com\/producto\/alfombra-grain\/\" \/>\n<meta property=\"og:locale\" content=\"en_US\" \/>\n<meta property=\"og:type\" content=\"article\" \/>\n<meta property=\"og:title\" content=\"Alfombra Grain - Decora-zone\" \/>\n<meta property=\"og:description\" content=\"Descubre la elegancia de la alfombra de lana Grain. Hecha a mano con pura lana nueva, disponible en varias dimensiones. Calidad y dise\u00f1o en cada detalle.\" \/>\n<meta property=\"og:url\" content=\"https:\/\/decora-zone.com\/producto\/alfombra-grain\/\" \/>\n<meta property=\"og:site_name\" content=\"Decora-zone\" \/>\n<meta property=\"article:publisher\" content=\"https:\/\/www.facebook.com\/decorazone.bilbao\/\" \/>\n<meta property=\"article:modified_time\" content=\"2025-03-10T17:04:31+00:00\" \/>\n<meta property=\"og:image\" content=\"https:\/\/decora-zone.com\/wp-content\/uploads\/2021\/12\/Alfombra-lana-Decorazone-Grain.jpg\" \/>\n\t<meta property=\"og:image:width\" content=\"1297\" \/>\n\t<meta property=\"og:image:height\" content=\"1536\" \/>\n\t<meta property=\"og:image:type\" content=\"image\/jpeg\" \/>\n<meta name=\"twitter:label1\" content=\"Est. reading time\" \/>\n\t<meta name=\"twitter:data1\" content=\"2 minutes\" \/>\n<script type=\"application\/ld+json\" class=\"yoast-schema-graph\">{\"@context\":\"https:\\\/\\\/schema.org\",\"@graph\":[{\"@type\":\"WebPage\",\"@id\":\"https:\\\/\\\/decora-zone.com\\\/producto\\\/alfombra-grain\\\/\",\"url\":\"https:\\\/\\\/decora-zone.com\\\/producto\\\/alfombra-grain\\\/\",\"name\":\"Alfombra Grain - Decora-zone\",\"isPartOf\":{\"@id\":\"https:\\\/\\\/decora-zone.com\\\/#website\"},\"primaryImageOfPage\":{\"@id\":\"https:\\\/\\\/decora-zone.com\\\/producto\\\/alfombra-grain\\\/#primaryimage\"},\"image\":{\"@id\":\"https:\\\/\\\/decora-zone.com\\\/producto\\\/alfombra-grain\\\/#primaryimage\"},\"thumbnailUrl\":\"https:\\\/\\\/decora-zone.com\\\/wp-content\\\/uploads\\\/2021\\\/12\\\/Alfombra-lana-Decorazone-Grain.jpg\",\"datePublished\":\"2021-12-28T17:12:45+00:00\",\"dateModified\":\"2025-03-10T17:04:31+00:00\",\"description\":\"Descubre la elegancia de la alfombra de lana Grain. Hecha a mano con pura lana nueva, disponible en varias dimensiones. Calidad y dise\u00f1o en cada detalle.\",\"breadcrumb\":{\"@id\":\"https:\\\/\\\/decora-zone.com\\\/producto\\\/alfombra-grain\\\/#breadcrumb\"},\"inLanguage\":\"en-US\",\"potentialAction\":[{\"@type\":\"ReadAction\",\"target\":[\"https:\\\/\\\/decora-zone.com\\\/producto\\\/alfombra-grain\\\/\"]}]},{\"@type\":\"ImageObject\",\"inLanguage\":\"en-US\",\"@id\":\"https:\\\/\\\/decora-zone.com\\\/producto\\\/alfombra-grain\\\/#primaryimage\",\"url\":\"https:\\\/\\\/decora-zone.com\\\/wp-content\\\/uploads\\\/2021\\\/12\\\/Alfombra-lana-Decorazone-Grain.jpg\",\"contentUrl\":\"https:\\\/\\\/decora-zone.com\\\/wp-content\\\/uploads\\\/2021\\\/12\\\/Alfombra-lana-Decorazone-Grain.jpg\",\"width\":1297,\"height\":1536,\"caption\":\"Alfombra Grain\"},{\"@type\":\"BreadcrumbList\",\"@id\":\"https:\\\/\\\/decora-zone.com\\\/producto\\\/alfombra-grain\\\/#breadcrumb\",\"itemListElement\":[{\"@type\":\"ListItem\",\"position\":1,\"name\":\"Portada\",\"item\":\"https:\\\/\\\/decora-zone.com\\\/\"},{\"@type\":\"ListItem\",\"position\":2,\"name\":\"Productos\",\"item\":\"https:\\\/\\\/decora-zone.com\\\/tienda-alfombras-cortinas-bilbao\\\/\"},{\"@type\":\"ListItem\",\"position\":3,\"name\":\"Alfombra Grain\"}]},{\"@type\":\"WebSite\",\"@id\":\"https:\\\/\\\/decora-zone.com\\\/#website\",\"url\":\"https:\\\/\\\/decora-zone.com\\\/\",\"name\":\"Decora-zone\",\"description\":\"Especialistas en cortinas y alfombras de dise\u00f1o en Bilbao\",\"publisher\":{\"@id\":\"https:\\\/\\\/decora-zone.com\\\/#organization\"},\"potentialAction\":[{\"@type\":\"SearchAction\",\"target\":{\"@type\":\"EntryPoint\",\"urlTemplate\":\"https:\\\/\\\/decora-zone.com\\\/?s={search_term_string}\"},\"query-input\":{\"@type\":\"PropertyValueSpecification\",\"valueRequired\":true,\"valueName\":\"search_term_string\"}}],\"inLanguage\":\"en-US\"},{\"@type\":\"Organization\",\"@id\":\"https:\\\/\\\/decora-zone.com\\\/#organization\",\"name\":\"Decora-Zone Tienda de Decoraci\u00f3n en Bilbao\",\"url\":\"https:\\\/\\\/decora-zone.com\\\/\",\"logo\":{\"@type\":\"ImageObject\",\"inLanguage\":\"en-US\",\"@id\":\"https:\\\/\\\/decora-zone.com\\\/#\\\/schema\\\/logo\\\/image\\\/\",\"url\":\"https:\\\/\\\/decora-zone.com\\\/wp-content\\\/uploads\\\/2014\\\/02\\\/logotipo-decora-zone-alfombras-cortinas-decoracion-bilbao.jpg\",\"contentUrl\":\"https:\\\/\\\/decora-zone.com\\\/wp-content\\\/uploads\\\/2014\\\/02\\\/logotipo-decora-zone-alfombras-cortinas-decoracion-bilbao.jpg\",\"width\":484,\"height\":230,\"caption\":\"Decora-Zone Tienda de Decoraci\u00f3n en Bilbao\"},\"image\":{\"@id\":\"https:\\\/\\\/decora-zone.com\\\/#\\\/schema\\\/logo\\\/image\\\/\"},\"sameAs\":[\"https:\\\/\\\/www.facebook.com\\\/decorazone.bilbao\\\/\",\"https:\\\/\\\/www.instagram.com\\\/decora_zone_\\\/\",\"https:\\\/\\\/co.pinterest.com\\\/Decora_Zone\\\/\"]}]}<\/script>\n<!-- \/ Yoast SEO plugin. -->","yoast_head_json":{"title":"Alfombra Grain - Decora-zone","description":"Descubre la elegancia de la alfombra de lana Grain. Hecha a mano con pura lana nueva, disponible en varias dimensiones. Calidad y dise\u00f1o en cada detalle.","robots":{"index":"index","follow":"follow","max-snippet":"max-snippet:-1","max-image-preview":"max-image-preview:large","max-video-preview":"max-video-preview:-1"},"canonical":"https:\/\/decora-zone.com\/producto\/alfombra-grain\/","og_locale":"en_US","og_type":"article","og_title":"Alfombra Grain - Decora-zone","og_description":"Descubre la elegancia de la alfombra de lana Grain. Hecha a mano con pura lana nueva, disponible en varias dimensiones. Calidad y dise\u00f1o en cada detalle.","og_url":"https:\/\/decora-zone.com\/producto\/alfombra-grain\/","og_site_name":"Decora-zone","article_publisher":"https:\/\/www.facebook.com\/decorazone.bilbao\/","article_modified_time":"2025-03-10T17:04:31+00:00","og_image":[{"width":1297,"height":1536,"url":"https:\/\/decora-zone.com\/wp-content\/uploads\/2021\/12\/Alfombra-lana-Decorazone-Grain.jpg","type":"image\/jpeg"}],"twitter_misc":{"Est. reading time":"2 minutes"},"schema":{"@context":"https:\/\/schema.org","@graph":[{"@type":"WebPage","@id":"https:\/\/decora-zone.com\/producto\/alfombra-grain\/","url":"https:\/\/decora-zone.com\/producto\/alfombra-grain\/","name":"Alfombra Grain - Decora-zone","isPartOf":{"@id":"https:\/\/decora-zone.com\/#website"},"primaryImageOfPage":{"@id":"https:\/\/decora-zone.com\/producto\/alfombra-grain\/#primaryimage"},"image":{"@id":"https:\/\/decora-zone.com\/producto\/alfombra-grain\/#primaryimage"},"thumbnailUrl":"https:\/\/decora-zone.com\/wp-content\/uploads\/2021\/12\/Alfombra-lana-Decorazone-Grain.jpg","datePublished":"2021-12-28T17:12:45+00:00","dateModified":"2025-03-10T17:04:31+00:00","description":"Descubre la elegancia de la alfombra de lana Grain. Hecha a mano con pura lana nueva, disponible en varias dimensiones. Calidad y dise\u00f1o en cada detalle.","breadcrumb":{"@id":"https:\/\/decora-zone.com\/producto\/alfombra-grain\/#breadcrumb"},"inLanguage":"en-US","potentialAction":[{"@type":"ReadAction","target":["https:\/\/decora-zone.com\/producto\/alfombra-grain\/"]}]},{"@type":"ImageObject","inLanguage":"en-US","@id":"https:\/\/decora-zone.com\/producto\/alfombra-grain\/#primaryimage","url":"https:\/\/decora-zone.com\/wp-content\/uploads\/2021\/12\/Alfombra-lana-Decorazone-Grain.jpg","contentUrl":"https:\/\/decora-zone.com\/wp-content\/uploads\/2021\/12\/Alfombra-lana-Decorazone-Grain.jpg","width":1297,"height":1536,"caption":"Alfombra Grain"},{"@type":"BreadcrumbList","@id":"https:\/\/decora-zone.com\/producto\/alfombra-grain\/#breadcrumb","itemListElement":[{"@type":"ListItem","position":1,"name":"Portada","item":"https:\/\/decora-zone.com\/"},{"@type":"ListItem","position":2,"name":"Productos","item":"https:\/\/decora-zone.com\/tienda-alfombras-cortinas-bilbao\/"},{"@type":"ListItem","position":3,"name":"Alfombra Grain"}]},{"@type":"WebSite","@id":"https:\/\/decora-zone.com\/#website","url":"https:\/\/decora-zone.com\/","name":"Decora-zone","description":"Especialistas en cortinas y alfombras de dise\u00f1o en Bilbao","publisher":{"@id":"https:\/\/decora-zone.com\/#organization"},"potentialAction":[{"@type":"SearchAction","target":{"@type":"EntryPoint","urlTemplate":"https:\/\/decora-zone.com\/?s={search_term_string}"},"query-input":{"@type":"PropertyValueSpecification","valueRequired":true,"valueName":"search_term_string"}}],"inLanguage":"en-US"},{"@type":"Organization","@id":"https:\/\/decora-zone.com\/#organization","name":"Decora-Zone Tienda de Decoraci\u00f3n en Bilbao","url":"https:\/\/decora-zone.com\/","logo":{"@type":"ImageObject","inLanguage":"en-US","@id":"https:\/\/decora-zone.com\/#\/schema\/logo\/image\/","url":"https:\/\/decora-zone.com\/wp-content\/uploads\/2014\/02\/logotipo-decora-zone-alfombras-cortinas-decoracion-bilbao.jpg","contentUrl":"https:\/\/decora-zone.com\/wp-content\/uploads\/2014\/02\/logotipo-decora-zone-alfombras-cortinas-decoracion-bilbao.jpg","width":484,"height":230,"caption":"Decora-Zone Tienda de Decoraci\u00f3n en Bilbao"},"image":{"@id":"https:\/\/decora-zone.com\/#\/schema\/logo\/image\/"},"sameAs":["https:\/\/www.facebook.com\/decorazone.bilbao\/","https:\/\/www.instagram.com\/decora_zone_\/","https:\/\/co.pinterest.com\/Decora_Zone\/"]}]}},"_links":{"self":[{"href":"https:\/\/decora-zone.com\/en\/wp-json\/wp\/v2\/product\/11500","targetHints":{"allow":["GET"]}}],"collection":[{"href":"https:\/\/decora-zone.com\/en\/wp-json\/wp\/v2\/product"}],"about":[{"href":"https:\/\/decora-zone.com\/en\/wp-json\/wp\/v2\/types\/product"}],"replies":[{"embeddable":true,"href":"https:\/\/decora-zone.com\/en\/wp-json\/wp\/v2\/comments?post=11500"}],"wp:featuredmedia":[{"embeddable":true,"href":"https:\/\/decora-zone.com\/en\/wp-json\/wp\/v2\/media\/14424"}],"wp:attachment":[{"href":"https:\/\/decora-zone.com\/en\/wp-json\/wp\/v2\/media?parent=11500"}],"wp:term":[{"taxonomy":"product_brand","embeddable":true,"href":"https:\/\/decora-zone.com\/en\/wp-json\/wp\/v2\/product_brand?post=11500"},{"taxonomy":"product_cat","embeddable":true,"href":"https:\/\/decora-zone.com\/en\/wp-json\/wp\/v2\/product_cat?post=11500"},{"taxonomy":"product_tag","embeddable":true,"href":"https:\/\/decora-zone.com\/en\/wp-json\/wp\/v2\/product_tag?post=11500"}],"curies":[{"name":"wp","href":"https:\/\/api.w.org\/{rel}","templated":true}]}}