{"id":11443,"date":"2021-12-23T19:56:29","date_gmt":"2021-12-23T17:56:29","guid":{"rendered":"https:\/\/decora-zone.com\/?post_type=product&#038;p=11443"},"modified":"2025-03-10T18:04:32","modified_gmt":"2025-03-10T17:04:32","slug":"alfombra-pebble","status":"publish","type":"product","link":"https:\/\/decora-zone.com\/en\/producto\/alfombra-pebble\/","title":{"rendered":"Alfombra Pebble"},"content":{"rendered":"<h1><strong>Alfombra Pebble<\/strong><\/h1>\n<h2><strong>100% Pura Lana Virgen y lino<\/strong><\/h2>\n<p>Dise\u00f1ada por Brink &amp; Campman, uno de los fabricantes de alfombras m\u00e1s innovadores del mundo, la alfombra Pebble es una pieza sofisticada tejida a mano, que simula un empedrado peque\u00f1o. Su estructura lujosa, confeccionada con pura lana y lino, ofrece una variedad de colores que la hacen \u00fanica y perfecta para cualquier ambiente moderno y urbano. Con un peso total de aproximadamente 4500 gr\/m2 y una estructura de tejido plano sin pelo, esta alfombra no solo es est\u00e9ticamente atractiva sino tambi\u00e9n pr\u00e1ctica y reversible. Est\u00e1 disponible en cinco colores diferentes y en una variedad de tama\u00f1os, adem\u00e1s de ofrecer la posibilidad de tama\u00f1os personalizados.<\/p>\n<h3 data-sourcepos=\"11:1-11:32\"><strong>Caracter\u00edsticas principales de la alfombra Pebble:<\/strong><\/h3>\n<ul data-sourcepos=\"13:1-14:33\">\n<li data-sourcepos=\"13:1-13:141\"><strong>Dise\u00f1o artesanal:<\/strong> Cada alfombra est\u00e1 tejida a mano por expertos artesanos, lo que garantiza una calidad y un acabado impecables.<\/li>\n<li data-sourcepos=\"14:1-14:33\"><strong>Materiales de primera calidad:<\/strong> Fabricada con lana y lino 100%, la alfombra Pebble es suave al tacto y duradera.<\/li>\n<li data-sourcepos=\"15:1-15:140\"><strong>Textura \u00fanica:<\/strong> La estructura de la alfombra Pebble crea un efecto visual interesante y a\u00f1ade un toque de textura a cualquier estancia.<\/li>\n<li data-sourcepos=\"16:1-16:116\"><strong>Vers\u00e1til: <\/strong>Disponible en una variedad de colores para adaptarse a cualquier decoraci\u00f3n.<\/li>\n<li data-sourcepos=\"17:1-18:0\"><strong>Tama\u00f1os personalizados:<\/strong> Se pueden solicitar tama\u00f1os personalizados para adaptarse perfectamente a su espacio.<\/li>\n<\/ul>\n<h4><strong>Caracter\u00edsticas:<\/strong><\/h4>\n<ul>\n<li><strong>Material:<\/strong> Tejida a mano en lana y lino.<\/li>\n<li><strong>Peso Total:<\/strong> Aproximadamente 4500 gr\/m2.<\/li>\n<li><strong>Estructura:<\/strong> Tejido plano sin pelo.<\/li>\n<li><strong>Tama\u00f1os Disponibles:<\/strong>\n<ul>\n<li>140&#215;200 cm<\/li>\n<li>170&#215;240 cm\u00a0<\/li>\n<li>200&#215;300 cm\u00a0<\/li>\n<li>250&#215;350 cm\u00a0<\/li>\n<li>Tama\u00f1os personalizados disponibles bajo solicitud (entrega aproximada 10 semanas).<\/li>\n<\/ul>\n<\/li>\n<li><strong>Reversible:<\/strong> S\u00ed.<\/li>\n<\/ul>\n<p>Todas las medidas son aproximadas, puede haber una variaci\u00f3n de hasta un 5%<\/p>\n<p>Plazo aproximado de entrega 5 semanas<\/p>\n<p><strong>Si est\u00e1 interesado en alguno de nuestros art\u00edculos que est\u00e9n sin stock, puede reservarlos poni\u00e9ndose en contacto con nosotros.<\/strong><\/p>\n<p>&nbsp;<\/p>\n","protected":false},"excerpt":{"rendered":"<h2><strong>100% Pura Lana Virgen y lino<\/strong><\/h2>\n<p>Dise\u00f1ada por Brink &amp; Campman, uno de los fabricantes de alfombras m\u00e1s innovadores del mundo, la alfombra Pebble es una pieza sofisticada tejida a mano, que simula un empedrado peque\u00f1o. Su estructura lujosa, confeccionada con pura lana y lino, ofrece una variedad de colores que la hacen \u00fanica y perfecta para cualquier ambiente moderno y urbano. Con un peso total de aproximadamente 4500 gr\/m2 y una estructura de tejido plano sin pelo, esta alfombra no solo es est\u00e9ticamente atractiva sino tambi\u00e9n pr\u00e1ctica y reversible. Est\u00e1 disponible en cinco colores diferentes y en una variedad de tama\u00f1os, adem\u00e1s de ofrecer la posibilidad de tama\u00f1os personalizados.<\/p>\n","protected":false},"featured_media":11464,"comment_status":"open","ping_status":"closed","template":"","meta":[],"product_brand":[],"product_cat":[21,57],"product_tag":[32,28,61,27,23,24,30,29],"class_list":{"0":"post-11443","1":"product","2":"type-product","3":"status-publish","4":"has-post-thumbnail","6":"product_cat-alfombras-bilbao-tienda-decoracion-santutxu","7":"product_cat-alfombras-lana-bilbao-tienda-decoracion-santutxu","8":"product_tag-alfombras","9":"product_tag-bilbao","10":"product_tag-brink-campman","11":"product_tag-decora-zone","12":"product_tag-decoracion","13":"product_tag-hogar","14":"product_tag-lana","15":"product_tag-santutxu","16":"pa_medida-140x200cm","17":"pa_medida-170x240cm","18":"pa_medida-200x300cm","19":"pa_medida-250x350cm","21":"first","22":"outofstock","23":"shipping-taxable","24":"purchasable","25":"product-type-variable"},"yoast_head":"<!-- This site is optimized with the Yoast SEO plugin v27.5 - https:\/\/yoast.com\/product\/yoast-seo-wordpress\/ -->\n<title>Alfombra Pebble - Decora-zone<\/title>\n<meta name=\"description\" content=\"Descubre la alfombra Pebble de Brink &amp; Campman, tejida a mano en lana y lino, con una estructura \u00fanica y reversible. Perfecta para ambientes modernos.\" \/>\n<meta name=\"robots\" content=\"index, follow, max-snippet:-1, max-image-preview:large, max-video-preview:-1\" \/>\n<link rel=\"canonical\" href=\"https:\/\/decora-zone.com\/producto\/alfombra-pebble\/\" \/>\n<meta property=\"og:locale\" content=\"en_US\" \/>\n<meta property=\"og:type\" content=\"article\" \/>\n<meta property=\"og:title\" content=\"Alfombra Pebble - Decora-zone\" \/>\n<meta property=\"og:description\" content=\"Descubre la alfombra Pebble de Brink &amp; Campman, tejida a mano en lana y lino, con una estructura \u00fanica y reversible. Perfecta para ambientes modernos.\" \/>\n<meta property=\"og:url\" content=\"https:\/\/decora-zone.com\/producto\/alfombra-pebble\/\" \/>\n<meta property=\"og:site_name\" content=\"Decora-zone\" \/>\n<meta property=\"article:publisher\" content=\"https:\/\/www.facebook.com\/decorazone.bilbao\/\" \/>\n<meta property=\"article:modified_time\" content=\"2025-03-10T17:04:32+00:00\" \/>\n<meta property=\"og:image\" content=\"https:\/\/decora-zone.com\/wp-content\/uploads\/2021\/12\/Alfombra-DecoraZone-Pebble.jpg\" \/>\n\t<meta property=\"og:image:width\" content=\"1300\" \/>\n\t<meta property=\"og:image:height\" content=\"1536\" \/>\n\t<meta property=\"og:image:type\" content=\"image\/jpeg\" \/>\n<meta name=\"twitter:label1\" content=\"Est. reading time\" \/>\n\t<meta name=\"twitter:data1\" content=\"2 minutes\" \/>\n<script type=\"application\/ld+json\" class=\"yoast-schema-graph\">{\"@context\":\"https:\\\/\\\/schema.org\",\"@graph\":[{\"@type\":\"WebPage\",\"@id\":\"https:\\\/\\\/decora-zone.com\\\/producto\\\/alfombra-pebble\\\/\",\"url\":\"https:\\\/\\\/decora-zone.com\\\/producto\\\/alfombra-pebble\\\/\",\"name\":\"Alfombra Pebble - Decora-zone\",\"isPartOf\":{\"@id\":\"https:\\\/\\\/decora-zone.com\\\/#website\"},\"primaryImageOfPage\":{\"@id\":\"https:\\\/\\\/decora-zone.com\\\/producto\\\/alfombra-pebble\\\/#primaryimage\"},\"image\":{\"@id\":\"https:\\\/\\\/decora-zone.com\\\/producto\\\/alfombra-pebble\\\/#primaryimage\"},\"thumbnailUrl\":\"https:\\\/\\\/decora-zone.com\\\/wp-content\\\/uploads\\\/2021\\\/12\\\/Alfombra-DecoraZone-Pebble.jpg\",\"datePublished\":\"2021-12-23T17:56:29+00:00\",\"dateModified\":\"2025-03-10T17:04:32+00:00\",\"description\":\"Descubre la alfombra Pebble de Brink & Campman, tejida a mano en lana y lino, con una estructura \u00fanica y reversible. Perfecta para ambientes modernos.\",\"breadcrumb\":{\"@id\":\"https:\\\/\\\/decora-zone.com\\\/producto\\\/alfombra-pebble\\\/#breadcrumb\"},\"inLanguage\":\"en-US\",\"potentialAction\":[{\"@type\":\"ReadAction\",\"target\":[\"https:\\\/\\\/decora-zone.com\\\/producto\\\/alfombra-pebble\\\/\"]}]},{\"@type\":\"ImageObject\",\"inLanguage\":\"en-US\",\"@id\":\"https:\\\/\\\/decora-zone.com\\\/producto\\\/alfombra-pebble\\\/#primaryimage\",\"url\":\"https:\\\/\\\/decora-zone.com\\\/wp-content\\\/uploads\\\/2021\\\/12\\\/Alfombra-DecoraZone-Pebble.jpg\",\"contentUrl\":\"https:\\\/\\\/decora-zone.com\\\/wp-content\\\/uploads\\\/2021\\\/12\\\/Alfombra-DecoraZone-Pebble.jpg\",\"width\":1300,\"height\":1536,\"caption\":\"Alfombra Pebble\"},{\"@type\":\"BreadcrumbList\",\"@id\":\"https:\\\/\\\/decora-zone.com\\\/producto\\\/alfombra-pebble\\\/#breadcrumb\",\"itemListElement\":[{\"@type\":\"ListItem\",\"position\":1,\"name\":\"Portada\",\"item\":\"https:\\\/\\\/decora-zone.com\\\/\"},{\"@type\":\"ListItem\",\"position\":2,\"name\":\"Productos\",\"item\":\"https:\\\/\\\/decora-zone.com\\\/tienda-alfombras-cortinas-bilbao\\\/\"},{\"@type\":\"ListItem\",\"position\":3,\"name\":\"Alfombra Pebble\"}]},{\"@type\":\"WebSite\",\"@id\":\"https:\\\/\\\/decora-zone.com\\\/#website\",\"url\":\"https:\\\/\\\/decora-zone.com\\\/\",\"name\":\"Decora-zone\",\"description\":\"Especialistas en cortinas y alfombras de dise\u00f1o en Bilbao\",\"publisher\":{\"@id\":\"https:\\\/\\\/decora-zone.com\\\/#organization\"},\"potentialAction\":[{\"@type\":\"SearchAction\",\"target\":{\"@type\":\"EntryPoint\",\"urlTemplate\":\"https:\\\/\\\/decora-zone.com\\\/?s={search_term_string}\"},\"query-input\":{\"@type\":\"PropertyValueSpecification\",\"valueRequired\":true,\"valueName\":\"search_term_string\"}}],\"inLanguage\":\"en-US\"},{\"@type\":\"Organization\",\"@id\":\"https:\\\/\\\/decora-zone.com\\\/#organization\",\"name\":\"Decora-Zone Tienda de Decoraci\u00f3n en Bilbao\",\"url\":\"https:\\\/\\\/decora-zone.com\\\/\",\"logo\":{\"@type\":\"ImageObject\",\"inLanguage\":\"en-US\",\"@id\":\"https:\\\/\\\/decora-zone.com\\\/#\\\/schema\\\/logo\\\/image\\\/\",\"url\":\"https:\\\/\\\/decora-zone.com\\\/wp-content\\\/uploads\\\/2014\\\/02\\\/logotipo-decora-zone-alfombras-cortinas-decoracion-bilbao.jpg\",\"contentUrl\":\"https:\\\/\\\/decora-zone.com\\\/wp-content\\\/uploads\\\/2014\\\/02\\\/logotipo-decora-zone-alfombras-cortinas-decoracion-bilbao.jpg\",\"width\":484,\"height\":230,\"caption\":\"Decora-Zone Tienda de Decoraci\u00f3n en Bilbao\"},\"image\":{\"@id\":\"https:\\\/\\\/decora-zone.com\\\/#\\\/schema\\\/logo\\\/image\\\/\"},\"sameAs\":[\"https:\\\/\\\/www.facebook.com\\\/decorazone.bilbao\\\/\",\"https:\\\/\\\/www.instagram.com\\\/decora_zone_\\\/\",\"https:\\\/\\\/co.pinterest.com\\\/Decora_Zone\\\/\"]}]}<\/script>\n<!-- \/ Yoast SEO plugin. -->","yoast_head_json":{"title":"Alfombra Pebble - Decora-zone","description":"Descubre la alfombra Pebble de Brink & Campman, tejida a mano en lana y lino, con una estructura \u00fanica y reversible. Perfecta para ambientes modernos.","robots":{"index":"index","follow":"follow","max-snippet":"max-snippet:-1","max-image-preview":"max-image-preview:large","max-video-preview":"max-video-preview:-1"},"canonical":"https:\/\/decora-zone.com\/producto\/alfombra-pebble\/","og_locale":"en_US","og_type":"article","og_title":"Alfombra Pebble - Decora-zone","og_description":"Descubre la alfombra Pebble de Brink & Campman, tejida a mano en lana y lino, con una estructura \u00fanica y reversible. Perfecta para ambientes modernos.","og_url":"https:\/\/decora-zone.com\/producto\/alfombra-pebble\/","og_site_name":"Decora-zone","article_publisher":"https:\/\/www.facebook.com\/decorazone.bilbao\/","article_modified_time":"2025-03-10T17:04:32+00:00","og_image":[{"width":1300,"height":1536,"url":"https:\/\/decora-zone.com\/wp-content\/uploads\/2021\/12\/Alfombra-DecoraZone-Pebble.jpg","type":"image\/jpeg"}],"twitter_misc":{"Est. reading time":"2 minutes"},"schema":{"@context":"https:\/\/schema.org","@graph":[{"@type":"WebPage","@id":"https:\/\/decora-zone.com\/producto\/alfombra-pebble\/","url":"https:\/\/decora-zone.com\/producto\/alfombra-pebble\/","name":"Alfombra Pebble - Decora-zone","isPartOf":{"@id":"https:\/\/decora-zone.com\/#website"},"primaryImageOfPage":{"@id":"https:\/\/decora-zone.com\/producto\/alfombra-pebble\/#primaryimage"},"image":{"@id":"https:\/\/decora-zone.com\/producto\/alfombra-pebble\/#primaryimage"},"thumbnailUrl":"https:\/\/decora-zone.com\/wp-content\/uploads\/2021\/12\/Alfombra-DecoraZone-Pebble.jpg","datePublished":"2021-12-23T17:56:29+00:00","dateModified":"2025-03-10T17:04:32+00:00","description":"Descubre la alfombra Pebble de Brink & Campman, tejida a mano en lana y lino, con una estructura \u00fanica y reversible. Perfecta para ambientes modernos.","breadcrumb":{"@id":"https:\/\/decora-zone.com\/producto\/alfombra-pebble\/#breadcrumb"},"inLanguage":"en-US","potentialAction":[{"@type":"ReadAction","target":["https:\/\/decora-zone.com\/producto\/alfombra-pebble\/"]}]},{"@type":"ImageObject","inLanguage":"en-US","@id":"https:\/\/decora-zone.com\/producto\/alfombra-pebble\/#primaryimage","url":"https:\/\/decora-zone.com\/wp-content\/uploads\/2021\/12\/Alfombra-DecoraZone-Pebble.jpg","contentUrl":"https:\/\/decora-zone.com\/wp-content\/uploads\/2021\/12\/Alfombra-DecoraZone-Pebble.jpg","width":1300,"height":1536,"caption":"Alfombra Pebble"},{"@type":"BreadcrumbList","@id":"https:\/\/decora-zone.com\/producto\/alfombra-pebble\/#breadcrumb","itemListElement":[{"@type":"ListItem","position":1,"name":"Portada","item":"https:\/\/decora-zone.com\/"},{"@type":"ListItem","position":2,"name":"Productos","item":"https:\/\/decora-zone.com\/tienda-alfombras-cortinas-bilbao\/"},{"@type":"ListItem","position":3,"name":"Alfombra Pebble"}]},{"@type":"WebSite","@id":"https:\/\/decora-zone.com\/#website","url":"https:\/\/decora-zone.com\/","name":"Decora-zone","description":"Especialistas en cortinas y alfombras de dise\u00f1o en Bilbao","publisher":{"@id":"https:\/\/decora-zone.com\/#organization"},"potentialAction":[{"@type":"SearchAction","target":{"@type":"EntryPoint","urlTemplate":"https:\/\/decora-zone.com\/?s={search_term_string}"},"query-input":{"@type":"PropertyValueSpecification","valueRequired":true,"valueName":"search_term_string"}}],"inLanguage":"en-US"},{"@type":"Organization","@id":"https:\/\/decora-zone.com\/#organization","name":"Decora-Zone Tienda de Decoraci\u00f3n en Bilbao","url":"https:\/\/decora-zone.com\/","logo":{"@type":"ImageObject","inLanguage":"en-US","@id":"https:\/\/decora-zone.com\/#\/schema\/logo\/image\/","url":"https:\/\/decora-zone.com\/wp-content\/uploads\/2014\/02\/logotipo-decora-zone-alfombras-cortinas-decoracion-bilbao.jpg","contentUrl":"https:\/\/decora-zone.com\/wp-content\/uploads\/2014\/02\/logotipo-decora-zone-alfombras-cortinas-decoracion-bilbao.jpg","width":484,"height":230,"caption":"Decora-Zone Tienda de Decoraci\u00f3n en Bilbao"},"image":{"@id":"https:\/\/decora-zone.com\/#\/schema\/logo\/image\/"},"sameAs":["https:\/\/www.facebook.com\/decorazone.bilbao\/","https:\/\/www.instagram.com\/decora_zone_\/","https:\/\/co.pinterest.com\/Decora_Zone\/"]}]}},"_links":{"self":[{"href":"https:\/\/decora-zone.com\/en\/wp-json\/wp\/v2\/product\/11443","targetHints":{"allow":["GET"]}}],"collection":[{"href":"https:\/\/decora-zone.com\/en\/wp-json\/wp\/v2\/product"}],"about":[{"href":"https:\/\/decora-zone.com\/en\/wp-json\/wp\/v2\/types\/product"}],"replies":[{"embeddable":true,"href":"https:\/\/decora-zone.com\/en\/wp-json\/wp\/v2\/comments?post=11443"}],"wp:featuredmedia":[{"embeddable":true,"href":"https:\/\/decora-zone.com\/en\/wp-json\/wp\/v2\/media\/11464"}],"wp:attachment":[{"href":"https:\/\/decora-zone.com\/en\/wp-json\/wp\/v2\/media?parent=11443"}],"wp:term":[{"taxonomy":"product_brand","embeddable":true,"href":"https:\/\/decora-zone.com\/en\/wp-json\/wp\/v2\/product_brand?post=11443"},{"taxonomy":"product_cat","embeddable":true,"href":"https:\/\/decora-zone.com\/en\/wp-json\/wp\/v2\/product_cat?post=11443"},{"taxonomy":"product_tag","embeddable":true,"href":"https:\/\/decora-zone.com\/en\/wp-json\/wp\/v2\/product_tag?post=11443"}],"curies":[{"name":"wp","href":"https:\/\/api.w.org\/{rel}","templated":true}]}}