{"id":11291,"date":"2021-12-23T12:46:23","date_gmt":"2021-12-23T10:46:23","guid":{"rendered":"https:\/\/decora-zone.com\/?post_type=product&#038;p=11291"},"modified":"2025-03-10T18:04:33","modified_gmt":"2025-03-10T17:04:33","slug":"alfombra-mural","status":"publish","type":"product","link":"https:\/\/decora-zone.com\/en\/producto\/alfombra-mural\/","title":{"rendered":"Alfombra Mural"},"content":{"rendered":"<h1><strong>Alfombra Mural<\/strong><\/h1>\n<h2><strong>100% Pura Lana\u00a0<\/strong><\/h2>\n<div class=\"response-container-content ng-tns-c4261310897-19\">\n<div class=\"response-content ng-tns-c4261310897-19\">\n<div class=\"markdown markdown-main-panel\" dir=\"ltr\">\n<p data-sourcepos=\"7:1-7:348\">Lleve el lujo y la sofisticaci\u00f3n a su hogar con la alfombra Mural de Brink &amp; Campman. Esta alfombra de alta calidad est\u00e1 elaborada con pura lana y presenta dise\u00f1os abstractos \u00fanicos que se crean cortando la lana a diferentes alturas. El resultado es una alfombra con relieve y textura que a\u00f1ade un toque de personalidad a cualquier espacio.<\/p>\n<\/div>\n<\/div>\n<\/div>\n<p>Dise\u00f1ada por Brink &amp; Campman, uno de los fabricantes de alfombras m\u00e1s innovadores del mundo, la alfombra Mural es una pieza de lujo y sofisticaci\u00f3n.\u00a0<\/p>\n<p>La colecci\u00f3n Mural est\u00e1 disponible en tres dise\u00f1os distintivos: Form, Modest y Bold. Cada dise\u00f1o se caracteriza por sus estampados y formas abstractas, lo que crea relieves y texturas \u00fanicas que aportan elegancia y personalidad a cualquier espacio.<\/p>\n<h3 data-sourcepos=\"9:1-9:31\"><strong>Disponible en tres modelos:<\/strong><\/h3>\n<ul data-sourcepos=\"11:1-14:0\">\n<li data-sourcepos=\"11:1-11:75\"><strong>Form:<\/strong> Este modelo presenta un dise\u00f1o geom\u00e9trico con l\u00edneas definidas.<\/li>\n<li data-sourcepos=\"12:1-12:76\"><strong>Modest:<\/strong> Este modelo presenta un dise\u00f1o m\u00e1s sutil con formas org\u00e1nicas.<\/li>\n<li data-sourcepos=\"13:1-14:0\"><strong>Bold:<\/strong> Este modelo presenta un dise\u00f1o audaz con colores vibrantes.<\/li>\n<\/ul>\n<h4 data-sourcepos=\"21:1-21:32\"><strong>Caracter\u00edsticas principales:<\/strong><\/h4>\n<ul data-sourcepos=\"23:1-27:0\">\n<li data-sourcepos=\"23:1-23:42\">Elaborada con lana pura de alta calidad.<\/li>\n<li data-sourcepos=\"24:1-24:47\">Dise\u00f1o abstracto \u00fanico con relieve y textura.<\/li>\n<li data-sourcepos=\"25:1-25:44\">Disponible en tres modelos y tres colores.<\/li>\n<li data-sourcepos=\"26:1-27:0\">Altura de Pelo: 17 mm<\/li>\n<li data-sourcepos=\"26:1-27:0\">Peso de pelo: 2000 gr\/m2 aprox<\/li>\n<li data-sourcepos=\"26:1-27:0\">Peso total 3500 gr\/m2 aprox<\/li>\n<\/ul>\n<h4><strong>Disponibles en los siguientes tama\u00f1os:<\/strong><\/h4>\n<p><strong>Mural Form:<\/strong><\/p>\n<ul>\n<li>140&#215;240 cm\u00a0<\/li>\n<li>160&#215;280 cm\u00a0<\/li>\n<li>200&#215;350 cm\u00a0<\/li>\n<li>250&#215;440 cm\u00a0<\/li>\n<li>Tama\u00f1os personalizados disponibles bajo pedido (entrega aproximada 10 semanas)<\/li>\n<\/ul>\n<p><strong>Mural Modest &amp; Bold:<\/strong><\/p>\n<ul>\n<li>140&#215;200 cm\u00a0<\/li>\n<li>170&#215;240 cm\u00a0<\/li>\n<li>200&#215;300 cm\u00a0<\/li>\n<li>250&#215;350 cm\u00a0<\/li>\n<li>Tama\u00f1os personalizados disponibles bajo pedido (entrega aproximada 10 semanas)<\/li>\n<\/ul>\n<p>Plazo aproximado de entrega 5 semanas<\/p>\n<p><strong>Si est\u00e1 interesado en alguno de nuestros art\u00edculos que est\u00e9n sin stock, puede reservarlos poni\u00e9ndose en <a href=\"https:\/\/decora-zone.com\/contacto-decora-zone-alfombras-cortinas-decoracion-bilbao\/\">contacto con nosotros<\/a>.<\/strong><\/p>\n","protected":false},"excerpt":{"rendered":"<h2><strong>100% Pura Lana\u00a0<\/strong><\/h2>\n<div class=\"response-container-content ng-tns-c4261310897-19\">\n<div class=\"response-content ng-tns-c4261310897-19\">\n<div class=\"markdown markdown-main-panel\" dir=\"ltr\">\n<p data-sourcepos=\"7:1-7:348\">Lleve el lujo y la sofisticaci\u00f3n a su hogar con la alfombra Mural de Brink &amp; Campman. Esta alfombra de alta calidad est\u00e1 elaborada con pura lana y presenta dise\u00f1os abstractos \u00fanicos que se crean cortando la lana a diferentes alturas. El resultado es una alfombra con relieve y textura que a\u00f1ade un toque de personalidad a cualquier espacio.<\/p>\n<\/div>\n<\/div>\n<\/div>\n<p>Dise\u00f1ada por Brink &amp; Campman, uno de los fabricantes de alfombras m\u00e1s innovadores del mundo, la alfombra Mural es una pieza de lujo y sofisticaci\u00f3n.\u00a0<\/p>\n<p>La colecci\u00f3n Mural est\u00e1 disponible en tres dise\u00f1os distintivos: Form, Modest y Bold. Cada dise\u00f1o se caracteriza por sus estampados y formas abstractas, lo que crea relieves y texturas \u00fanicas que aportan elegancia y personalidad a cualquier espacio.<\/p>\n<h3 data-sourcepos=\"9:1-9:31\"><strong>Disponible en tres modelos:<\/strong><\/h3>\n<ul data-sourcepos=\"11:1-14:0\">\n<li data-sourcepos=\"11:1-11:75\"><strong>Form:<\/strong> Este modelo presenta un dise\u00f1o geom\u00e9trico con l\u00edneas definidas.<\/li>\n<li data-sourcepos=\"12:1-12:76\"><strong>Modest:<\/strong> Este modelo presenta un dise\u00f1o m\u00e1s sutil con formas org\u00e1nicas.<\/li>\n<li data-sourcepos=\"13:1-14:0\"><strong>Bold:<\/strong> Este modelo presenta un dise\u00f1o audaz con colores vibrantes.<\/li>\n<\/ul>\n<h4 data-sourcepos=\"21:1-21:32\">\u00a0<\/h4>\n","protected":false},"featured_media":11321,"comment_status":"open","ping_status":"closed","template":"","meta":[],"product_brand":[],"product_cat":[21,57],"product_tag":[1008,1020,32,1021,1022,1023,1024,28,61,27,23,1005,24,30,29],"class_list":{"0":"post-11291","1":"product","2":"type-product","3":"status-publish","4":"has-post-thumbnail","6":"product_cat-alfombras-bilbao-tienda-decoracion-santutxu","7":"product_cat-alfombras-lana-bilbao-tienda-decoracion-santutxu","8":"product_tag-alfombra-de-lujo","9":"product_tag-alfombra-mural","10":"product_tag-alfombras","11":"product_tag-alfombras-abstractas","12":"product_tag-alfombras-de-lana","13":"product_tag-alfombras-elegantes","14":"product_tag-alfombras-personalizadas","15":"product_tag-bilbao","16":"product_tag-brink-campman","17":"product_tag-decora-zone","18":"product_tag-decoracion","19":"product_tag-decoracion-interiores","20":"product_tag-hogar","21":"product_tag-lana","22":"product_tag-santutxu","23":"pa_medida-140x200cm","24":"pa_medida-140x240cm","25":"pa_medida-160x280cm","26":"pa_medida-170x240cm","27":"pa_medida-200x280cm","28":"pa_medida-200x350cm","29":"pa_medida-250x350cm","30":"pa_medida-250x440cm","32":"first","33":"outofstock","34":"shipping-taxable","35":"purchasable","36":"product-type-variable"},"yoast_head":"<!-- This site is optimized with the Yoast SEO plugin v27.5 - https:\/\/yoast.com\/product\/yoast-seo-wordpress\/ -->\n<title>Alfombra Mural - Decora-zone<\/title>\n<meta name=\"description\" content=\"Descubre la alfombra Mural de lana. Disponible en tres dise\u00f1os, esta alfombra ofrece elegancia y personalidad con sus relieves y texturas abstractas.\" \/>\n<meta name=\"robots\" content=\"index, follow, max-snippet:-1, max-image-preview:large, max-video-preview:-1\" \/>\n<link rel=\"canonical\" href=\"https:\/\/decora-zone.com\/producto\/alfombra-mural\/\" \/>\n<meta property=\"og:locale\" content=\"en_US\" \/>\n<meta property=\"og:type\" content=\"article\" \/>\n<meta property=\"og:title\" content=\"Alfombra Mural - Decora-zone\" \/>\n<meta property=\"og:description\" content=\"Descubre la alfombra Mural de lana. Disponible en tres dise\u00f1os, esta alfombra ofrece elegancia y personalidad con sus relieves y texturas abstractas.\" \/>\n<meta property=\"og:url\" content=\"https:\/\/decora-zone.com\/producto\/alfombra-mural\/\" \/>\n<meta property=\"og:site_name\" content=\"Decora-zone\" \/>\n<meta property=\"article:publisher\" content=\"https:\/\/www.facebook.com\/decorazone.bilbao\/\" \/>\n<meta property=\"article:modified_time\" content=\"2025-03-10T17:04:33+00:00\" \/>\n<meta property=\"og:image\" content=\"https:\/\/decora-zone.com\/wp-content\/uploads\/2021\/12\/Alfombra-Twinset-Mural-Forest.jpg\" \/>\n\t<meta property=\"og:image:width\" content=\"1300\" \/>\n\t<meta property=\"og:image:height\" content=\"1536\" \/>\n\t<meta property=\"og:image:type\" content=\"image\/jpeg\" \/>\n<meta name=\"twitter:label1\" content=\"Est. reading time\" \/>\n\t<meta name=\"twitter:data1\" content=\"1 minute\" \/>\n<script type=\"application\/ld+json\" class=\"yoast-schema-graph\">{\"@context\":\"https:\\\/\\\/schema.org\",\"@graph\":[{\"@type\":\"WebPage\",\"@id\":\"https:\\\/\\\/decora-zone.com\\\/producto\\\/alfombra-mural\\\/\",\"url\":\"https:\\\/\\\/decora-zone.com\\\/producto\\\/alfombra-mural\\\/\",\"name\":\"Alfombra Mural - Decora-zone\",\"isPartOf\":{\"@id\":\"https:\\\/\\\/decora-zone.com\\\/#website\"},\"primaryImageOfPage\":{\"@id\":\"https:\\\/\\\/decora-zone.com\\\/producto\\\/alfombra-mural\\\/#primaryimage\"},\"image\":{\"@id\":\"https:\\\/\\\/decora-zone.com\\\/producto\\\/alfombra-mural\\\/#primaryimage\"},\"thumbnailUrl\":\"https:\\\/\\\/decora-zone.com\\\/wp-content\\\/uploads\\\/2021\\\/12\\\/Alfombra-Twinset-Mural-Forest.jpg\",\"datePublished\":\"2021-12-23T10:46:23+00:00\",\"dateModified\":\"2025-03-10T17:04:33+00:00\",\"description\":\"Descubre la alfombra Mural de lana. Disponible en tres dise\u00f1os, esta alfombra ofrece elegancia y personalidad con sus relieves y texturas abstractas.\",\"breadcrumb\":{\"@id\":\"https:\\\/\\\/decora-zone.com\\\/producto\\\/alfombra-mural\\\/#breadcrumb\"},\"inLanguage\":\"en-US\",\"potentialAction\":[{\"@type\":\"ReadAction\",\"target\":[\"https:\\\/\\\/decora-zone.com\\\/producto\\\/alfombra-mural\\\/\"]}]},{\"@type\":\"ImageObject\",\"inLanguage\":\"en-US\",\"@id\":\"https:\\\/\\\/decora-zone.com\\\/producto\\\/alfombra-mural\\\/#primaryimage\",\"url\":\"https:\\\/\\\/decora-zone.com\\\/wp-content\\\/uploads\\\/2021\\\/12\\\/Alfombra-Twinset-Mural-Forest.jpg\",\"contentUrl\":\"https:\\\/\\\/decora-zone.com\\\/wp-content\\\/uploads\\\/2021\\\/12\\\/Alfombra-Twinset-Mural-Forest.jpg\",\"width\":1300,\"height\":1536,\"caption\":\"Alfombra Mural Form\"},{\"@type\":\"BreadcrumbList\",\"@id\":\"https:\\\/\\\/decora-zone.com\\\/producto\\\/alfombra-mural\\\/#breadcrumb\",\"itemListElement\":[{\"@type\":\"ListItem\",\"position\":1,\"name\":\"Portada\",\"item\":\"https:\\\/\\\/decora-zone.com\\\/\"},{\"@type\":\"ListItem\",\"position\":2,\"name\":\"Productos\",\"item\":\"https:\\\/\\\/decora-zone.com\\\/tienda-alfombras-cortinas-bilbao\\\/\"},{\"@type\":\"ListItem\",\"position\":3,\"name\":\"Alfombra Mural\"}]},{\"@type\":\"WebSite\",\"@id\":\"https:\\\/\\\/decora-zone.com\\\/#website\",\"url\":\"https:\\\/\\\/decora-zone.com\\\/\",\"name\":\"Decora-zone\",\"description\":\"Especialistas en cortinas y alfombras de dise\u00f1o en Bilbao\",\"publisher\":{\"@id\":\"https:\\\/\\\/decora-zone.com\\\/#organization\"},\"potentialAction\":[{\"@type\":\"SearchAction\",\"target\":{\"@type\":\"EntryPoint\",\"urlTemplate\":\"https:\\\/\\\/decora-zone.com\\\/?s={search_term_string}\"},\"query-input\":{\"@type\":\"PropertyValueSpecification\",\"valueRequired\":true,\"valueName\":\"search_term_string\"}}],\"inLanguage\":\"en-US\"},{\"@type\":\"Organization\",\"@id\":\"https:\\\/\\\/decora-zone.com\\\/#organization\",\"name\":\"Decora-Zone Tienda de Decoraci\u00f3n en Bilbao\",\"url\":\"https:\\\/\\\/decora-zone.com\\\/\",\"logo\":{\"@type\":\"ImageObject\",\"inLanguage\":\"en-US\",\"@id\":\"https:\\\/\\\/decora-zone.com\\\/#\\\/schema\\\/logo\\\/image\\\/\",\"url\":\"https:\\\/\\\/decora-zone.com\\\/wp-content\\\/uploads\\\/2014\\\/02\\\/logotipo-decora-zone-alfombras-cortinas-decoracion-bilbao.jpg\",\"contentUrl\":\"https:\\\/\\\/decora-zone.com\\\/wp-content\\\/uploads\\\/2014\\\/02\\\/logotipo-decora-zone-alfombras-cortinas-decoracion-bilbao.jpg\",\"width\":484,\"height\":230,\"caption\":\"Decora-Zone Tienda de Decoraci\u00f3n en Bilbao\"},\"image\":{\"@id\":\"https:\\\/\\\/decora-zone.com\\\/#\\\/schema\\\/logo\\\/image\\\/\"},\"sameAs\":[\"https:\\\/\\\/www.facebook.com\\\/decorazone.bilbao\\\/\",\"https:\\\/\\\/www.instagram.com\\\/decora_zone_\\\/\",\"https:\\\/\\\/co.pinterest.com\\\/Decora_Zone\\\/\"]}]}<\/script>\n<!-- \/ Yoast SEO plugin. -->","yoast_head_json":{"title":"Alfombra Mural - Decora-zone","description":"Descubre la alfombra Mural de lana. Disponible en tres dise\u00f1os, esta alfombra ofrece elegancia y personalidad con sus relieves y texturas abstractas.","robots":{"index":"index","follow":"follow","max-snippet":"max-snippet:-1","max-image-preview":"max-image-preview:large","max-video-preview":"max-video-preview:-1"},"canonical":"https:\/\/decora-zone.com\/producto\/alfombra-mural\/","og_locale":"en_US","og_type":"article","og_title":"Alfombra Mural - Decora-zone","og_description":"Descubre la alfombra Mural de lana. Disponible en tres dise\u00f1os, esta alfombra ofrece elegancia y personalidad con sus relieves y texturas abstractas.","og_url":"https:\/\/decora-zone.com\/producto\/alfombra-mural\/","og_site_name":"Decora-zone","article_publisher":"https:\/\/www.facebook.com\/decorazone.bilbao\/","article_modified_time":"2025-03-10T17:04:33+00:00","og_image":[{"width":1300,"height":1536,"url":"https:\/\/decora-zone.com\/wp-content\/uploads\/2021\/12\/Alfombra-Twinset-Mural-Forest.jpg","type":"image\/jpeg"}],"twitter_misc":{"Est. reading time":"1 minute"},"schema":{"@context":"https:\/\/schema.org","@graph":[{"@type":"WebPage","@id":"https:\/\/decora-zone.com\/producto\/alfombra-mural\/","url":"https:\/\/decora-zone.com\/producto\/alfombra-mural\/","name":"Alfombra Mural - Decora-zone","isPartOf":{"@id":"https:\/\/decora-zone.com\/#website"},"primaryImageOfPage":{"@id":"https:\/\/decora-zone.com\/producto\/alfombra-mural\/#primaryimage"},"image":{"@id":"https:\/\/decora-zone.com\/producto\/alfombra-mural\/#primaryimage"},"thumbnailUrl":"https:\/\/decora-zone.com\/wp-content\/uploads\/2021\/12\/Alfombra-Twinset-Mural-Forest.jpg","datePublished":"2021-12-23T10:46:23+00:00","dateModified":"2025-03-10T17:04:33+00:00","description":"Descubre la alfombra Mural de lana. Disponible en tres dise\u00f1os, esta alfombra ofrece elegancia y personalidad con sus relieves y texturas abstractas.","breadcrumb":{"@id":"https:\/\/decora-zone.com\/producto\/alfombra-mural\/#breadcrumb"},"inLanguage":"en-US","potentialAction":[{"@type":"ReadAction","target":["https:\/\/decora-zone.com\/producto\/alfombra-mural\/"]}]},{"@type":"ImageObject","inLanguage":"en-US","@id":"https:\/\/decora-zone.com\/producto\/alfombra-mural\/#primaryimage","url":"https:\/\/decora-zone.com\/wp-content\/uploads\/2021\/12\/Alfombra-Twinset-Mural-Forest.jpg","contentUrl":"https:\/\/decora-zone.com\/wp-content\/uploads\/2021\/12\/Alfombra-Twinset-Mural-Forest.jpg","width":1300,"height":1536,"caption":"Alfombra Mural Form"},{"@type":"BreadcrumbList","@id":"https:\/\/decora-zone.com\/producto\/alfombra-mural\/#breadcrumb","itemListElement":[{"@type":"ListItem","position":1,"name":"Portada","item":"https:\/\/decora-zone.com\/"},{"@type":"ListItem","position":2,"name":"Productos","item":"https:\/\/decora-zone.com\/tienda-alfombras-cortinas-bilbao\/"},{"@type":"ListItem","position":3,"name":"Alfombra Mural"}]},{"@type":"WebSite","@id":"https:\/\/decora-zone.com\/#website","url":"https:\/\/decora-zone.com\/","name":"Decora-zone","description":"Especialistas en cortinas y alfombras de dise\u00f1o en Bilbao","publisher":{"@id":"https:\/\/decora-zone.com\/#organization"},"potentialAction":[{"@type":"SearchAction","target":{"@type":"EntryPoint","urlTemplate":"https:\/\/decora-zone.com\/?s={search_term_string}"},"query-input":{"@type":"PropertyValueSpecification","valueRequired":true,"valueName":"search_term_string"}}],"inLanguage":"en-US"},{"@type":"Organization","@id":"https:\/\/decora-zone.com\/#organization","name":"Decora-Zone Tienda de Decoraci\u00f3n en Bilbao","url":"https:\/\/decora-zone.com\/","logo":{"@type":"ImageObject","inLanguage":"en-US","@id":"https:\/\/decora-zone.com\/#\/schema\/logo\/image\/","url":"https:\/\/decora-zone.com\/wp-content\/uploads\/2014\/02\/logotipo-decora-zone-alfombras-cortinas-decoracion-bilbao.jpg","contentUrl":"https:\/\/decora-zone.com\/wp-content\/uploads\/2014\/02\/logotipo-decora-zone-alfombras-cortinas-decoracion-bilbao.jpg","width":484,"height":230,"caption":"Decora-Zone Tienda de Decoraci\u00f3n en Bilbao"},"image":{"@id":"https:\/\/decora-zone.com\/#\/schema\/logo\/image\/"},"sameAs":["https:\/\/www.facebook.com\/decorazone.bilbao\/","https:\/\/www.instagram.com\/decora_zone_\/","https:\/\/co.pinterest.com\/Decora_Zone\/"]}]}},"_links":{"self":[{"href":"https:\/\/decora-zone.com\/en\/wp-json\/wp\/v2\/product\/11291","targetHints":{"allow":["GET"]}}],"collection":[{"href":"https:\/\/decora-zone.com\/en\/wp-json\/wp\/v2\/product"}],"about":[{"href":"https:\/\/decora-zone.com\/en\/wp-json\/wp\/v2\/types\/product"}],"replies":[{"embeddable":true,"href":"https:\/\/decora-zone.com\/en\/wp-json\/wp\/v2\/comments?post=11291"}],"wp:featuredmedia":[{"embeddable":true,"href":"https:\/\/decora-zone.com\/en\/wp-json\/wp\/v2\/media\/11321"}],"wp:attachment":[{"href":"https:\/\/decora-zone.com\/en\/wp-json\/wp\/v2\/media?parent=11291"}],"wp:term":[{"taxonomy":"product_brand","embeddable":true,"href":"https:\/\/decora-zone.com\/en\/wp-json\/wp\/v2\/product_brand?post=11291"},{"taxonomy":"product_cat","embeddable":true,"href":"https:\/\/decora-zone.com\/en\/wp-json\/wp\/v2\/product_cat?post=11291"},{"taxonomy":"product_tag","embeddable":true,"href":"https:\/\/decora-zone.com\/en\/wp-json\/wp\/v2\/product_tag?post=11291"}],"curies":[{"name":"wp","href":"https:\/\/api.w.org\/{rel}","templated":true}]}}