{"id":11218,"date":"2021-12-13T20:45:24","date_gmt":"2021-12-13T18:45:24","guid":{"rendered":"https:\/\/decora-zone.com\/?post_type=product&#038;p=11218"},"modified":"2025-03-10T18:04:34","modified_gmt":"2025-03-10T17:04:34","slug":"alfombra-young","status":"publish","type":"product","link":"https:\/\/decora-zone.com\/en\/producto\/alfombra-young\/","title":{"rendered":"Alfombra Young"},"content":{"rendered":"<h1><strong>Alfombra Young<\/strong><\/h1>\n<h2><strong>100% Pura Lana Virgen<\/strong><\/h2>\n<p>Descubre la elegancia y calidad superior de la alfombra Young de Brink &amp; Campman, una pieza excepcionalmente dise\u00f1ada para aportar estilo y confort a cualquier espacio. Fabricada con materiales de primera calidad, garantizando durabilidad y est\u00e9tica.<\/p>\n<p>La alfombra Young est\u00e1 confeccionada con pura lana virgen, ofreciendo una textura suave y lujosa bajo tus pies. Su construcci\u00f3n aporta una sensaci\u00f3n de comodidad y calidez, convirti\u00e9ndola en el complemento perfecto para salones, dormitorios y oficinas.<\/p>\n<p>Disponible en varias dimensiones est\u00e1ndar pero adem\u00e1s, si buscas un ajuste perfecto para un espacio espec\u00edfico, ofrecemos tama\u00f1os personalizados a pedido.<\/p>\n<p>La alfombra Young de Brink &amp; Campman no solo es una declaraci\u00f3n de estilo, sino tambi\u00e9n una inversi\u00f3n en funcionalidad. Su base robusta de PP + l\u00e1tex asegura estabilidad y resistencia al desgaste, mientras que la lana pura proporciona propiedades naturales de aislamiento t\u00e9rmico y ac\u00fastico.<\/p>\n<p>Al elegir la alfombra Young, inviertes en una pieza de calidad superior que mantendr\u00e1 su belleza y funcionalidad durante muchos a\u00f1os. Ya sea en un entorno moderno o cl\u00e1sico, esta alfombra se integra perfectamente, elevando la est\u00e9tica de cualquier habitaci\u00f3n.<\/p>\n<h4><strong>Especificaciones T\u00e9cnicas<\/strong><\/h4>\n<ul>\n<li><strong>Altura del pelo:<\/strong> Aproximadamente 15 mm | 45 mm<\/li>\n<li><strong>Altura total:<\/strong> Aproximadamente 50 mm<\/li>\n<li><strong>Peso del pelo:<\/strong> Aproximadamente 2500 gr\/m\u00b2<\/li>\n<li><strong>Peso total:<\/strong> Aproximadamente 3900 gr\/m\u00b2<\/li>\n<li><strong>Material trasero:<\/strong> Combinaci\u00f3n de PP y l\u00e1tex<\/li>\n<\/ul>\n<p>Todas las medidas son aproximadas, puede haber una variaci\u00f3n de hasta un 5%<\/p>\n<p>Tambi\u00e9n disponible en medidas especiales<\/p>\n<p>Plazo aproximado de entrega 5 semanas<\/p>\n<p><strong>Si est\u00e1 interesado en alguno de nuestros art\u00edculos que est\u00e9n sin stock, puede reservarlos poni\u00e9ndose en <a href=\"https:\/\/decora-zone.com\/contacto-decora-zone-alfombras-cortinas-decoracion-bilbao\/\">contacto con nosotros<\/a>.<\/strong><\/p>\n","protected":false},"excerpt":{"rendered":"<h2><strong>100% Pura Lana Virgen<\/strong><\/h2>\n<p>Descubre la elegancia y calidad superior de la alfombra Young de Brink &amp; Campman, una pieza excepcionalmente dise\u00f1ada para aportar estilo y confort a cualquier espacio. Fabricada con materiales de primera calidad, garantizando durabilidad y est\u00e9tica.<\/p>\n<p>La alfombra Young est\u00e1 confeccionada con pura lana virgen, ofreciendo una textura suave y lujosa bajo tus pies. Su construcci\u00f3n aporta una sensaci\u00f3n de comodidad y calidez, convirti\u00e9ndola en el complemento perfecto para salones, dormitorios y oficinas.<\/p>\n<p>Disponible en varias dimensiones est\u00e1ndar pero adem\u00e1s, si buscas un ajuste perfecto para un espacio espec\u00edfico, ofrecemos tama\u00f1os personalizados a pedido.<\/p>\n<p>La alfombra Young de Brink &amp; Campman no solo es una declaraci\u00f3n de estilo, sino tambi\u00e9n una inversi\u00f3n en funcionalidad. Su base robusta de PP + l\u00e1tex asegura estabilidad y resistencia al desgaste, mientras que la lana pura proporciona propiedades naturales de aislamiento t\u00e9rmico y ac\u00fastico.<\/p>\n<p>Al elegir la alfombra Young, inviertes en una pieza de calidad superior que mantendr\u00e1 su belleza y funcionalidad durante muchos a\u00f1os. Ya sea en un entorno moderno o cl\u00e1sico, esta alfombra se integra perfectamente, elevando la est\u00e9tica de cualquier habitaci\u00f3n.<\/p>\n","protected":false},"featured_media":11235,"comment_status":"open","ping_status":"closed","template":"","meta":[],"product_brand":[],"product_cat":[21,57,78],"product_tag":[32,28,61,27,23,24,30,29,77],"class_list":{"0":"post-11218","1":"product","2":"type-product","3":"status-publish","4":"has-post-thumbnail","6":"product_cat-alfombras-bilbao-tienda-decoracion-santutxu","7":"product_cat-alfombras-lana-bilbao-tienda-decoracion-santutxu","8":"product_cat-alfombras-shaggyen-bilbao-tienda-decoracion-bilbao-santutxu","9":"product_tag-alfombras","10":"product_tag-bilbao","11":"product_tag-brink-campman","12":"product_tag-decora-zone","13":"product_tag-decoracion","14":"product_tag-hogar","15":"product_tag-lana","16":"product_tag-santutxu","17":"product_tag-shaggy","18":"pa_medida-140x200cm","19":"pa_medida-160x230cm","20":"pa_medida-200x280cm","21":"pa_medida-250x350cm","23":"first","24":"outofstock","25":"shipping-taxable","26":"purchasable","27":"product-type-variable"},"yoast_head":"<!-- This site is optimized with the Yoast SEO plugin v27.5 - https:\/\/yoast.com\/product\/yoast-seo-wordpress\/ -->\n<title>Alfombra Young - Decora-zone<\/title>\n<meta name=\"description\" content=\"Descubre la alfombra Young de Brink &amp; Campman de pura lana virgen. Disponible en varias medidas y personalizada a pedido. Calidad y elegancia para tu hogar.\" \/>\n<meta name=\"robots\" content=\"index, follow, max-snippet:-1, max-image-preview:large, max-video-preview:-1\" \/>\n<link rel=\"canonical\" href=\"https:\/\/decora-zone.com\/producto\/alfombra-young\/\" \/>\n<meta property=\"og:locale\" content=\"en_US\" \/>\n<meta property=\"og:type\" content=\"article\" \/>\n<meta property=\"og:title\" content=\"Alfombra Young - Decora-zone\" \/>\n<meta property=\"og:description\" content=\"Descubre la alfombra Young de Brink &amp; Campman de pura lana virgen. Disponible en varias medidas y personalizada a pedido. Calidad y elegancia para tu hogar.\" \/>\n<meta property=\"og:url\" content=\"https:\/\/decora-zone.com\/producto\/alfombra-young\/\" \/>\n<meta property=\"og:site_name\" content=\"Decora-zone\" \/>\n<meta property=\"article:publisher\" content=\"https:\/\/www.facebook.com\/decorazone.bilbao\/\" \/>\n<meta property=\"article:modified_time\" content=\"2025-03-10T17:04:34+00:00\" \/>\n<meta property=\"og:image\" content=\"https:\/\/decora-zone.com\/wp-content\/uploads\/2021\/12\/Alfombra-Young.jpg\" \/>\n\t<meta property=\"og:image:width\" content=\"1300\" \/>\n\t<meta property=\"og:image:height\" content=\"1536\" \/>\n\t<meta property=\"og:image:type\" content=\"image\/jpeg\" \/>\n<meta name=\"twitter:label1\" content=\"Est. reading time\" \/>\n\t<meta name=\"twitter:data1\" content=\"2 minutes\" \/>\n<script type=\"application\/ld+json\" class=\"yoast-schema-graph\">{\"@context\":\"https:\\\/\\\/schema.org\",\"@graph\":[{\"@type\":\"WebPage\",\"@id\":\"https:\\\/\\\/decora-zone.com\\\/producto\\\/alfombra-young\\\/\",\"url\":\"https:\\\/\\\/decora-zone.com\\\/producto\\\/alfombra-young\\\/\",\"name\":\"Alfombra Young - Decora-zone\",\"isPartOf\":{\"@id\":\"https:\\\/\\\/decora-zone.com\\\/#website\"},\"primaryImageOfPage\":{\"@id\":\"https:\\\/\\\/decora-zone.com\\\/producto\\\/alfombra-young\\\/#primaryimage\"},\"image\":{\"@id\":\"https:\\\/\\\/decora-zone.com\\\/producto\\\/alfombra-young\\\/#primaryimage\"},\"thumbnailUrl\":\"https:\\\/\\\/decora-zone.com\\\/wp-content\\\/uploads\\\/2021\\\/12\\\/Alfombra-Young.jpg\",\"datePublished\":\"2021-12-13T18:45:24+00:00\",\"dateModified\":\"2025-03-10T17:04:34+00:00\",\"description\":\"Descubre la alfombra Young de Brink & Campman de pura lana virgen. Disponible en varias medidas y personalizada a pedido. Calidad y elegancia para tu hogar.\",\"breadcrumb\":{\"@id\":\"https:\\\/\\\/decora-zone.com\\\/producto\\\/alfombra-young\\\/#breadcrumb\"},\"inLanguage\":\"en-US\",\"potentialAction\":[{\"@type\":\"ReadAction\",\"target\":[\"https:\\\/\\\/decora-zone.com\\\/producto\\\/alfombra-young\\\/\"]}]},{\"@type\":\"ImageObject\",\"inLanguage\":\"en-US\",\"@id\":\"https:\\\/\\\/decora-zone.com\\\/producto\\\/alfombra-young\\\/#primaryimage\",\"url\":\"https:\\\/\\\/decora-zone.com\\\/wp-content\\\/uploads\\\/2021\\\/12\\\/Alfombra-Young.jpg\",\"contentUrl\":\"https:\\\/\\\/decora-zone.com\\\/wp-content\\\/uploads\\\/2021\\\/12\\\/Alfombra-Young.jpg\",\"width\":1300,\"height\":1536,\"caption\":\"Alfombra Young\"},{\"@type\":\"BreadcrumbList\",\"@id\":\"https:\\\/\\\/decora-zone.com\\\/producto\\\/alfombra-young\\\/#breadcrumb\",\"itemListElement\":[{\"@type\":\"ListItem\",\"position\":1,\"name\":\"Portada\",\"item\":\"https:\\\/\\\/decora-zone.com\\\/\"},{\"@type\":\"ListItem\",\"position\":2,\"name\":\"Productos\",\"item\":\"https:\\\/\\\/decora-zone.com\\\/tienda-alfombras-cortinas-bilbao\\\/\"},{\"@type\":\"ListItem\",\"position\":3,\"name\":\"Alfombra Young\"}]},{\"@type\":\"WebSite\",\"@id\":\"https:\\\/\\\/decora-zone.com\\\/#website\",\"url\":\"https:\\\/\\\/decora-zone.com\\\/\",\"name\":\"Decora-zone\",\"description\":\"Especialistas en cortinas y alfombras de dise\u00f1o en Bilbao\",\"publisher\":{\"@id\":\"https:\\\/\\\/decora-zone.com\\\/#organization\"},\"potentialAction\":[{\"@type\":\"SearchAction\",\"target\":{\"@type\":\"EntryPoint\",\"urlTemplate\":\"https:\\\/\\\/decora-zone.com\\\/?s={search_term_string}\"},\"query-input\":{\"@type\":\"PropertyValueSpecification\",\"valueRequired\":true,\"valueName\":\"search_term_string\"}}],\"inLanguage\":\"en-US\"},{\"@type\":\"Organization\",\"@id\":\"https:\\\/\\\/decora-zone.com\\\/#organization\",\"name\":\"Decora-Zone Tienda de Decoraci\u00f3n en Bilbao\",\"url\":\"https:\\\/\\\/decora-zone.com\\\/\",\"logo\":{\"@type\":\"ImageObject\",\"inLanguage\":\"en-US\",\"@id\":\"https:\\\/\\\/decora-zone.com\\\/#\\\/schema\\\/logo\\\/image\\\/\",\"url\":\"https:\\\/\\\/decora-zone.com\\\/wp-content\\\/uploads\\\/2014\\\/02\\\/logotipo-decora-zone-alfombras-cortinas-decoracion-bilbao.jpg\",\"contentUrl\":\"https:\\\/\\\/decora-zone.com\\\/wp-content\\\/uploads\\\/2014\\\/02\\\/logotipo-decora-zone-alfombras-cortinas-decoracion-bilbao.jpg\",\"width\":484,\"height\":230,\"caption\":\"Decora-Zone Tienda de Decoraci\u00f3n en Bilbao\"},\"image\":{\"@id\":\"https:\\\/\\\/decora-zone.com\\\/#\\\/schema\\\/logo\\\/image\\\/\"},\"sameAs\":[\"https:\\\/\\\/www.facebook.com\\\/decorazone.bilbao\\\/\",\"https:\\\/\\\/www.instagram.com\\\/decora_zone_\\\/\",\"https:\\\/\\\/co.pinterest.com\\\/Decora_Zone\\\/\"]}]}<\/script>\n<!-- \/ Yoast SEO plugin. -->","yoast_head_json":{"title":"Alfombra Young - Decora-zone","description":"Descubre la alfombra Young de Brink & Campman de pura lana virgen. Disponible en varias medidas y personalizada a pedido. Calidad y elegancia para tu hogar.","robots":{"index":"index","follow":"follow","max-snippet":"max-snippet:-1","max-image-preview":"max-image-preview:large","max-video-preview":"max-video-preview:-1"},"canonical":"https:\/\/decora-zone.com\/producto\/alfombra-young\/","og_locale":"en_US","og_type":"article","og_title":"Alfombra Young - Decora-zone","og_description":"Descubre la alfombra Young de Brink & Campman de pura lana virgen. Disponible en varias medidas y personalizada a pedido. Calidad y elegancia para tu hogar.","og_url":"https:\/\/decora-zone.com\/producto\/alfombra-young\/","og_site_name":"Decora-zone","article_publisher":"https:\/\/www.facebook.com\/decorazone.bilbao\/","article_modified_time":"2025-03-10T17:04:34+00:00","og_image":[{"width":1300,"height":1536,"url":"https:\/\/decora-zone.com\/wp-content\/uploads\/2021\/12\/Alfombra-Young.jpg","type":"image\/jpeg"}],"twitter_misc":{"Est. reading time":"2 minutes"},"schema":{"@context":"https:\/\/schema.org","@graph":[{"@type":"WebPage","@id":"https:\/\/decora-zone.com\/producto\/alfombra-young\/","url":"https:\/\/decora-zone.com\/producto\/alfombra-young\/","name":"Alfombra Young - Decora-zone","isPartOf":{"@id":"https:\/\/decora-zone.com\/#website"},"primaryImageOfPage":{"@id":"https:\/\/decora-zone.com\/producto\/alfombra-young\/#primaryimage"},"image":{"@id":"https:\/\/decora-zone.com\/producto\/alfombra-young\/#primaryimage"},"thumbnailUrl":"https:\/\/decora-zone.com\/wp-content\/uploads\/2021\/12\/Alfombra-Young.jpg","datePublished":"2021-12-13T18:45:24+00:00","dateModified":"2025-03-10T17:04:34+00:00","description":"Descubre la alfombra Young de Brink & Campman de pura lana virgen. Disponible en varias medidas y personalizada a pedido. Calidad y elegancia para tu hogar.","breadcrumb":{"@id":"https:\/\/decora-zone.com\/producto\/alfombra-young\/#breadcrumb"},"inLanguage":"en-US","potentialAction":[{"@type":"ReadAction","target":["https:\/\/decora-zone.com\/producto\/alfombra-young\/"]}]},{"@type":"ImageObject","inLanguage":"en-US","@id":"https:\/\/decora-zone.com\/producto\/alfombra-young\/#primaryimage","url":"https:\/\/decora-zone.com\/wp-content\/uploads\/2021\/12\/Alfombra-Young.jpg","contentUrl":"https:\/\/decora-zone.com\/wp-content\/uploads\/2021\/12\/Alfombra-Young.jpg","width":1300,"height":1536,"caption":"Alfombra Young"},{"@type":"BreadcrumbList","@id":"https:\/\/decora-zone.com\/producto\/alfombra-young\/#breadcrumb","itemListElement":[{"@type":"ListItem","position":1,"name":"Portada","item":"https:\/\/decora-zone.com\/"},{"@type":"ListItem","position":2,"name":"Productos","item":"https:\/\/decora-zone.com\/tienda-alfombras-cortinas-bilbao\/"},{"@type":"ListItem","position":3,"name":"Alfombra Young"}]},{"@type":"WebSite","@id":"https:\/\/decora-zone.com\/#website","url":"https:\/\/decora-zone.com\/","name":"Decora-zone","description":"Especialistas en cortinas y alfombras de dise\u00f1o en Bilbao","publisher":{"@id":"https:\/\/decora-zone.com\/#organization"},"potentialAction":[{"@type":"SearchAction","target":{"@type":"EntryPoint","urlTemplate":"https:\/\/decora-zone.com\/?s={search_term_string}"},"query-input":{"@type":"PropertyValueSpecification","valueRequired":true,"valueName":"search_term_string"}}],"inLanguage":"en-US"},{"@type":"Organization","@id":"https:\/\/decora-zone.com\/#organization","name":"Decora-Zone Tienda de Decoraci\u00f3n en Bilbao","url":"https:\/\/decora-zone.com\/","logo":{"@type":"ImageObject","inLanguage":"en-US","@id":"https:\/\/decora-zone.com\/#\/schema\/logo\/image\/","url":"https:\/\/decora-zone.com\/wp-content\/uploads\/2014\/02\/logotipo-decora-zone-alfombras-cortinas-decoracion-bilbao.jpg","contentUrl":"https:\/\/decora-zone.com\/wp-content\/uploads\/2014\/02\/logotipo-decora-zone-alfombras-cortinas-decoracion-bilbao.jpg","width":484,"height":230,"caption":"Decora-Zone Tienda de Decoraci\u00f3n en Bilbao"},"image":{"@id":"https:\/\/decora-zone.com\/#\/schema\/logo\/image\/"},"sameAs":["https:\/\/www.facebook.com\/decorazone.bilbao\/","https:\/\/www.instagram.com\/decora_zone_\/","https:\/\/co.pinterest.com\/Decora_Zone\/"]}]}},"_links":{"self":[{"href":"https:\/\/decora-zone.com\/en\/wp-json\/wp\/v2\/product\/11218","targetHints":{"allow":["GET"]}}],"collection":[{"href":"https:\/\/decora-zone.com\/en\/wp-json\/wp\/v2\/product"}],"about":[{"href":"https:\/\/decora-zone.com\/en\/wp-json\/wp\/v2\/types\/product"}],"replies":[{"embeddable":true,"href":"https:\/\/decora-zone.com\/en\/wp-json\/wp\/v2\/comments?post=11218"}],"wp:featuredmedia":[{"embeddable":true,"href":"https:\/\/decora-zone.com\/en\/wp-json\/wp\/v2\/media\/11235"}],"wp:attachment":[{"href":"https:\/\/decora-zone.com\/en\/wp-json\/wp\/v2\/media?parent=11218"}],"wp:term":[{"taxonomy":"product_brand","embeddable":true,"href":"https:\/\/decora-zone.com\/en\/wp-json\/wp\/v2\/product_brand?post=11218"},{"taxonomy":"product_cat","embeddable":true,"href":"https:\/\/decora-zone.com\/en\/wp-json\/wp\/v2\/product_cat?post=11218"},{"taxonomy":"product_tag","embeddable":true,"href":"https:\/\/decora-zone.com\/en\/wp-json\/wp\/v2\/product_tag?post=11218"}],"curies":[{"name":"wp","href":"https:\/\/api.w.org\/{rel}","templated":true}]}}