{"id":10696,"date":"2021-06-09T11:37:00","date_gmt":"2021-06-09T09:37:00","guid":{"rendered":"https:\/\/decora-zone.com\/?post_type=product&#038;p=10696"},"modified":"2025-03-10T18:04:37","modified_gmt":"2025-03-10T17:04:37","slug":"alfombra-colors-22368","status":"publish","type":"product","link":"https:\/\/decora-zone.com\/en\/producto\/alfombra-colors-22368\/","title":{"rendered":"Alfombra Colors 22368"},"content":{"rendered":"<h1><span style=\"font-size: 12pt;\"><strong>Alfombra Colors 22368<\/strong><\/span><\/h1>\n<p>D\u00e9jate envolver por la encantadora sofisticaci\u00f3n de la alfombra Colors 22368, una alfombra que transformar\u00e1 tu espacio en un refugio de estilo y confort. Con un dise\u00f1o cautivador de hojas grandes, esta alfombra es una expresi\u00f3n visual de belleza y serenidad que a\u00f1adir\u00e1 un toque de frescura a cualquier ambiente.<\/p>\n<p>Cada hoja de esta alfombra est\u00e1 dise\u00f1ada para crear un efecto de transparencia y profundidad, dando la impresi\u00f3n de que est\u00e1n apiladas unas sobre otras en una danza armoniosa de colores vivos y tonos sutiles.<\/p>\n<p>La alfombra Colors 22368 presenta una construcci\u00f3n de doble cara que combina la suavidad del polipropileno heat-set fris\u00e9 con la estabilidad del yute en el reverso. Esta combinaci\u00f3n garantiza durabilidad y una sensaci\u00f3n de confort incomparable en cada paso.<\/p>\n<p>Con una densidad impresionante de 300.000 puntos por metro cuadrado y una altura de pelo de 13 mm, esta alfombra ofrece una experiencia t\u00e1ctil de lujo que te sorprender\u00e1. Su dise\u00f1o elegante y contempor\u00e1neo la convierte en una pieza central en cualquier espacio.<\/p>\n<p>Disponible en una variedad de tama\u00f1os para adaptarse a tus necesidades espec\u00edficas, la alfombra Colors 22368 es la elecci\u00f3n perfecta para a\u00f1adir un toque de arte y sofisticaci\u00f3n a tu hogar. Sum\u00e9rgete en la belleza atemporal de esta alfombra y deja que te transporte a un mundo de serenidad y estilo.<\/p>\n<h2 class=\"fusion-responsive-typography-calculated\" data-fontsize=\"18\" data-lineheight=\"19.98px\"><span style=\"font-size: 12pt;\"><strong>Caracter\u00edsticas:<\/strong><\/span><\/h2>\n<ul data-sourcepos=\"11:1-15:0\">\n<li data-sourcepos=\"7:1-7:54\">Dise\u00f1o floral<\/li>\n<li data-sourcepos=\"11:1-11:31\">Composici\u00f3n: 110% Polipropileno heat-set fris\u00e9<\/li>\n<li data-sourcepos=\"18:1-18:35\">Incorporado a doble cara con yute al reverso<\/li>\n<li>Grosor: 13 mm<\/li>\n<li>Densidad: 300.000 puntos\/m2<\/li>\n<li>Peso: 3 Kg\/m2<\/li>\n<\/ul>\n<h3 class=\"fusion-responsive-typography-calculated\" data-fontsize=\"18\" data-lineheight=\"19.98px\"><span style=\"font-size: 12pt;\"><strong>Limpieza y mantenimiento:<\/strong><\/span><\/h3>\n<p>Para mantener la alfombra Castro en buen estado, se recomienda aspirar regularmente para eliminar el polvo y las suciedades superficiales. En caso de mancha, se recomienda actuar lo antes posible para evitar que se fije. Se puede utilizar un pa\u00f1o h\u00famedo con un poco de jab\u00f3n neutro para limpiar la mancha. Para una limpieza m\u00e1s profunda, se recomienda llevar la alfombra a una tintorer\u00eda especializada. No utilice producto abrasivos para limpiar la alfombra, podr\u00edan da\u00f1ar el material.<\/p>\n<p><strong>Si est\u00e1 interesado en alguno de nuestros art\u00edculos que est\u00e9n sin stock, puede reservarlos poni\u00e9ndose en <a href=\"http:\/\/decora-zone.com\/contacto-decora-zone-alfombras-cortinas-decoracion-bilbao\/\">contacto con nosotros<\/a>.<\/strong><\/p>\n","protected":false},"excerpt":{"rendered":"<p>D\u00e9jate envolver por la encantadora sofisticaci\u00f3n de la alfombra Colors 22368, una alfombra que transformar\u00e1 tu espacio en un refugio de estilo y confort. Con un dise\u00f1o cautivador de hojas grandes, esta alfombra es una expresi\u00f3n visual de belleza y serenidad que a\u00f1adir\u00e1 un toque de frescura a cualquier ambiente.<\/p>\n<p>Cada hoja de esta alfombra est\u00e1 dise\u00f1ada para crear un efecto de transparencia y profundidad, dando la impresi\u00f3n de que est\u00e1n apiladas unas sobre otras en una danza armoniosa de colores vivos y tonos sutiles.<\/p>\n<p>La alfombra Colors 22368 presenta una construcci\u00f3n de doble cara que combina la suavidad del polipropileno heat-set fris\u00e9 con la estabilidad del yute en el reverso. Esta combinaci\u00f3n garantiza durabilidad y una sensaci\u00f3n de confort incomparable en cada paso.<\/p>\n<p>Con una densidad impresionante de 300.000 puntos por metro cuadrado y una altura de pelo de 13 mm, esta alfombra ofrece una experiencia t\u00e1ctil de lujo que te sorprender\u00e1. Su dise\u00f1o elegante y contempor\u00e1neo la convierte en una pieza central en cualquier espacio.<\/p>\n<p>Disponible en una variedad de tama\u00f1os para adaptarse a tus necesidades espec\u00edficas, la alfombra Colors 22368 es la elecci\u00f3n perfecta para a\u00f1adir un toque de arte y sofisticaci\u00f3n a tu hogar. Sum\u00e9rgete en la belleza atemporal de esta alfombra y deja que te transporte a un mundo de serenidad y estilo.<\/p>\n","protected":false},"featured_media":10704,"comment_status":"open","ping_status":"closed","template":"","meta":[],"product_brand":[],"product_cat":[56,21],"product_tag":[22,32,28,461,27,23,652,24,599,653,29],"class_list":{"0":"post-10696","1":"product","2":"type-product","3":"status-publish","4":"has-post-thumbnail","6":"product_cat-alfombras-acrilicas-en-bilbao-tienda-decoracion-bilbao-santutxu","7":"product_cat-alfombras-bilbao-tienda-decoracion-santutxu","8":"product_tag-acrilicas","9":"product_tag-alfombras","10":"product_tag-bilbao","11":"product_tag-clasico","12":"product_tag-decora-zone","13":"product_tag-decoracion","14":"product_tag-floral","15":"product_tag-hogar","16":"product_tag-moderno","17":"product_tag-multicolor","18":"product_tag-santutxu","19":"pa_medida-120x170cm","20":"pa_medida-140x200cm","21":"pa_medida-160x230cm","23":"first","24":"outofstock","25":"sale","26":"shipping-taxable","27":"purchasable","28":"product-type-variable"},"yoast_head":"<!-- This site is optimized with the Yoast SEO plugin v27.5 - https:\/\/yoast.com\/product\/yoast-seo-wordpress\/ -->\n<title>Alfombra Colors 22368 - Decora-zone<\/title>\n<meta name=\"description\" content=\"Alfombra Colors 22368 fabricada en polipropileno con dise\u00f1o multicolor de hojas, para decoraci\u00f3n de sal\u00f3n en Decora-Zone de Bilbao\" \/>\n<meta name=\"robots\" content=\"index, follow, max-snippet:-1, max-image-preview:large, max-video-preview:-1\" \/>\n<link rel=\"canonical\" href=\"https:\/\/decora-zone.com\/producto\/alfombra-colors-22368\/\" \/>\n<meta property=\"og:locale\" content=\"en_US\" \/>\n<meta property=\"og:type\" content=\"article\" \/>\n<meta property=\"og:title\" content=\"Alfombra Colors 22368 - Decora-zone\" \/>\n<meta property=\"og:description\" content=\"Alfombra Colors 22368 fabricada en polipropileno con dise\u00f1o multicolor de hojas, para decoraci\u00f3n de sal\u00f3n en Decora-Zone de Bilbao\" \/>\n<meta property=\"og:url\" content=\"https:\/\/decora-zone.com\/producto\/alfombra-colors-22368\/\" \/>\n<meta property=\"og:site_name\" content=\"Decora-zone\" \/>\n<meta property=\"article:publisher\" content=\"https:\/\/www.facebook.com\/decorazone.bilbao\/\" \/>\n<meta property=\"article:modified_time\" content=\"2025-03-10T17:04:37+00:00\" \/>\n<meta property=\"og:image\" content=\"https:\/\/decora-zone.com\/wp-content\/uploads\/2021\/06\/Colors-Multi-22368a.jpg\" \/>\n\t<meta property=\"og:image:width\" content=\"2000\" \/>\n\t<meta property=\"og:image:height\" content=\"1500\" \/>\n\t<meta property=\"og:image:type\" content=\"image\/jpeg\" \/>\n<meta name=\"twitter:label1\" content=\"Est. reading time\" \/>\n\t<meta name=\"twitter:data1\" content=\"2 minutes\" \/>\n<script type=\"application\/ld+json\" class=\"yoast-schema-graph\">{\"@context\":\"https:\\\/\\\/schema.org\",\"@graph\":[{\"@type\":\"WebPage\",\"@id\":\"https:\\\/\\\/decora-zone.com\\\/producto\\\/alfombra-colors-22368\\\/\",\"url\":\"https:\\\/\\\/decora-zone.com\\\/producto\\\/alfombra-colors-22368\\\/\",\"name\":\"Alfombra Colors 22368 - Decora-zone\",\"isPartOf\":{\"@id\":\"https:\\\/\\\/decora-zone.com\\\/#website\"},\"primaryImageOfPage\":{\"@id\":\"https:\\\/\\\/decora-zone.com\\\/producto\\\/alfombra-colors-22368\\\/#primaryimage\"},\"image\":{\"@id\":\"https:\\\/\\\/decora-zone.com\\\/producto\\\/alfombra-colors-22368\\\/#primaryimage\"},\"thumbnailUrl\":\"https:\\\/\\\/decora-zone.com\\\/wp-content\\\/uploads\\\/2021\\\/06\\\/Colors-Multi-22368a.jpg\",\"datePublished\":\"2021-06-09T09:37:00+00:00\",\"dateModified\":\"2025-03-10T17:04:37+00:00\",\"description\":\"Alfombra Colors 22368 fabricada en polipropileno con dise\u00f1o multicolor de hojas, para decoraci\u00f3n de sal\u00f3n en Decora-Zone de Bilbao\",\"breadcrumb\":{\"@id\":\"https:\\\/\\\/decora-zone.com\\\/producto\\\/alfombra-colors-22368\\\/#breadcrumb\"},\"inLanguage\":\"en-US\",\"potentialAction\":[{\"@type\":\"ReadAction\",\"target\":[\"https:\\\/\\\/decora-zone.com\\\/producto\\\/alfombra-colors-22368\\\/\"]}]},{\"@type\":\"ImageObject\",\"inLanguage\":\"en-US\",\"@id\":\"https:\\\/\\\/decora-zone.com\\\/producto\\\/alfombra-colors-22368\\\/#primaryimage\",\"url\":\"https:\\\/\\\/decora-zone.com\\\/wp-content\\\/uploads\\\/2021\\\/06\\\/Colors-Multi-22368a.jpg\",\"contentUrl\":\"https:\\\/\\\/decora-zone.com\\\/wp-content\\\/uploads\\\/2021\\\/06\\\/Colors-Multi-22368a.jpg\",\"width\":2000,\"height\":1500,\"caption\":\"Alfombra Colors 22368\"},{\"@type\":\"BreadcrumbList\",\"@id\":\"https:\\\/\\\/decora-zone.com\\\/producto\\\/alfombra-colors-22368\\\/#breadcrumb\",\"itemListElement\":[{\"@type\":\"ListItem\",\"position\":1,\"name\":\"Portada\",\"item\":\"https:\\\/\\\/decora-zone.com\\\/\"},{\"@type\":\"ListItem\",\"position\":2,\"name\":\"Productos\",\"item\":\"https:\\\/\\\/decora-zone.com\\\/tienda-alfombras-cortinas-bilbao\\\/\"},{\"@type\":\"ListItem\",\"position\":3,\"name\":\"Alfombra Colors 22368\"}]},{\"@type\":\"WebSite\",\"@id\":\"https:\\\/\\\/decora-zone.com\\\/#website\",\"url\":\"https:\\\/\\\/decora-zone.com\\\/\",\"name\":\"Decora-zone\",\"description\":\"Especialistas en cortinas y alfombras de dise\u00f1o en Bilbao\",\"publisher\":{\"@id\":\"https:\\\/\\\/decora-zone.com\\\/#organization\"},\"potentialAction\":[{\"@type\":\"SearchAction\",\"target\":{\"@type\":\"EntryPoint\",\"urlTemplate\":\"https:\\\/\\\/decora-zone.com\\\/?s={search_term_string}\"},\"query-input\":{\"@type\":\"PropertyValueSpecification\",\"valueRequired\":true,\"valueName\":\"search_term_string\"}}],\"inLanguage\":\"en-US\"},{\"@type\":\"Organization\",\"@id\":\"https:\\\/\\\/decora-zone.com\\\/#organization\",\"name\":\"Decora-Zone Tienda de Decoraci\u00f3n en Bilbao\",\"url\":\"https:\\\/\\\/decora-zone.com\\\/\",\"logo\":{\"@type\":\"ImageObject\",\"inLanguage\":\"en-US\",\"@id\":\"https:\\\/\\\/decora-zone.com\\\/#\\\/schema\\\/logo\\\/image\\\/\",\"url\":\"https:\\\/\\\/decora-zone.com\\\/wp-content\\\/uploads\\\/2014\\\/02\\\/logotipo-decora-zone-alfombras-cortinas-decoracion-bilbao.jpg\",\"contentUrl\":\"https:\\\/\\\/decora-zone.com\\\/wp-content\\\/uploads\\\/2014\\\/02\\\/logotipo-decora-zone-alfombras-cortinas-decoracion-bilbao.jpg\",\"width\":484,\"height\":230,\"caption\":\"Decora-Zone Tienda de Decoraci\u00f3n en Bilbao\"},\"image\":{\"@id\":\"https:\\\/\\\/decora-zone.com\\\/#\\\/schema\\\/logo\\\/image\\\/\"},\"sameAs\":[\"https:\\\/\\\/www.facebook.com\\\/decorazone.bilbao\\\/\",\"https:\\\/\\\/www.instagram.com\\\/decora_zone_\\\/\",\"https:\\\/\\\/co.pinterest.com\\\/Decora_Zone\\\/\"]}]}<\/script>\n<!-- \/ Yoast SEO plugin. -->","yoast_head_json":{"title":"Alfombra Colors 22368 - Decora-zone","description":"Alfombra Colors 22368 fabricada en polipropileno con dise\u00f1o multicolor de hojas, para decoraci\u00f3n de sal\u00f3n en Decora-Zone de Bilbao","robots":{"index":"index","follow":"follow","max-snippet":"max-snippet:-1","max-image-preview":"max-image-preview:large","max-video-preview":"max-video-preview:-1"},"canonical":"https:\/\/decora-zone.com\/producto\/alfombra-colors-22368\/","og_locale":"en_US","og_type":"article","og_title":"Alfombra Colors 22368 - Decora-zone","og_description":"Alfombra Colors 22368 fabricada en polipropileno con dise\u00f1o multicolor de hojas, para decoraci\u00f3n de sal\u00f3n en Decora-Zone de Bilbao","og_url":"https:\/\/decora-zone.com\/producto\/alfombra-colors-22368\/","og_site_name":"Decora-zone","article_publisher":"https:\/\/www.facebook.com\/decorazone.bilbao\/","article_modified_time":"2025-03-10T17:04:37+00:00","og_image":[{"width":2000,"height":1500,"url":"https:\/\/decora-zone.com\/wp-content\/uploads\/2021\/06\/Colors-Multi-22368a.jpg","type":"image\/jpeg"}],"twitter_misc":{"Est. reading time":"2 minutes"},"schema":{"@context":"https:\/\/schema.org","@graph":[{"@type":"WebPage","@id":"https:\/\/decora-zone.com\/producto\/alfombra-colors-22368\/","url":"https:\/\/decora-zone.com\/producto\/alfombra-colors-22368\/","name":"Alfombra Colors 22368 - Decora-zone","isPartOf":{"@id":"https:\/\/decora-zone.com\/#website"},"primaryImageOfPage":{"@id":"https:\/\/decora-zone.com\/producto\/alfombra-colors-22368\/#primaryimage"},"image":{"@id":"https:\/\/decora-zone.com\/producto\/alfombra-colors-22368\/#primaryimage"},"thumbnailUrl":"https:\/\/decora-zone.com\/wp-content\/uploads\/2021\/06\/Colors-Multi-22368a.jpg","datePublished":"2021-06-09T09:37:00+00:00","dateModified":"2025-03-10T17:04:37+00:00","description":"Alfombra Colors 22368 fabricada en polipropileno con dise\u00f1o multicolor de hojas, para decoraci\u00f3n de sal\u00f3n en Decora-Zone de Bilbao","breadcrumb":{"@id":"https:\/\/decora-zone.com\/producto\/alfombra-colors-22368\/#breadcrumb"},"inLanguage":"en-US","potentialAction":[{"@type":"ReadAction","target":["https:\/\/decora-zone.com\/producto\/alfombra-colors-22368\/"]}]},{"@type":"ImageObject","inLanguage":"en-US","@id":"https:\/\/decora-zone.com\/producto\/alfombra-colors-22368\/#primaryimage","url":"https:\/\/decora-zone.com\/wp-content\/uploads\/2021\/06\/Colors-Multi-22368a.jpg","contentUrl":"https:\/\/decora-zone.com\/wp-content\/uploads\/2021\/06\/Colors-Multi-22368a.jpg","width":2000,"height":1500,"caption":"Alfombra Colors 22368"},{"@type":"BreadcrumbList","@id":"https:\/\/decora-zone.com\/producto\/alfombra-colors-22368\/#breadcrumb","itemListElement":[{"@type":"ListItem","position":1,"name":"Portada","item":"https:\/\/decora-zone.com\/"},{"@type":"ListItem","position":2,"name":"Productos","item":"https:\/\/decora-zone.com\/tienda-alfombras-cortinas-bilbao\/"},{"@type":"ListItem","position":3,"name":"Alfombra Colors 22368"}]},{"@type":"WebSite","@id":"https:\/\/decora-zone.com\/#website","url":"https:\/\/decora-zone.com\/","name":"Decora-zone","description":"Especialistas en cortinas y alfombras de dise\u00f1o en Bilbao","publisher":{"@id":"https:\/\/decora-zone.com\/#organization"},"potentialAction":[{"@type":"SearchAction","target":{"@type":"EntryPoint","urlTemplate":"https:\/\/decora-zone.com\/?s={search_term_string}"},"query-input":{"@type":"PropertyValueSpecification","valueRequired":true,"valueName":"search_term_string"}}],"inLanguage":"en-US"},{"@type":"Organization","@id":"https:\/\/decora-zone.com\/#organization","name":"Decora-Zone Tienda de Decoraci\u00f3n en Bilbao","url":"https:\/\/decora-zone.com\/","logo":{"@type":"ImageObject","inLanguage":"en-US","@id":"https:\/\/decora-zone.com\/#\/schema\/logo\/image\/","url":"https:\/\/decora-zone.com\/wp-content\/uploads\/2014\/02\/logotipo-decora-zone-alfombras-cortinas-decoracion-bilbao.jpg","contentUrl":"https:\/\/decora-zone.com\/wp-content\/uploads\/2014\/02\/logotipo-decora-zone-alfombras-cortinas-decoracion-bilbao.jpg","width":484,"height":230,"caption":"Decora-Zone Tienda de Decoraci\u00f3n en Bilbao"},"image":{"@id":"https:\/\/decora-zone.com\/#\/schema\/logo\/image\/"},"sameAs":["https:\/\/www.facebook.com\/decorazone.bilbao\/","https:\/\/www.instagram.com\/decora_zone_\/","https:\/\/co.pinterest.com\/Decora_Zone\/"]}]}},"_links":{"self":[{"href":"https:\/\/decora-zone.com\/en\/wp-json\/wp\/v2\/product\/10696","targetHints":{"allow":["GET"]}}],"collection":[{"href":"https:\/\/decora-zone.com\/en\/wp-json\/wp\/v2\/product"}],"about":[{"href":"https:\/\/decora-zone.com\/en\/wp-json\/wp\/v2\/types\/product"}],"replies":[{"embeddable":true,"href":"https:\/\/decora-zone.com\/en\/wp-json\/wp\/v2\/comments?post=10696"}],"wp:featuredmedia":[{"embeddable":true,"href":"https:\/\/decora-zone.com\/en\/wp-json\/wp\/v2\/media\/10704"}],"wp:attachment":[{"href":"https:\/\/decora-zone.com\/en\/wp-json\/wp\/v2\/media?parent=10696"}],"wp:term":[{"taxonomy":"product_brand","embeddable":true,"href":"https:\/\/decora-zone.com\/en\/wp-json\/wp\/v2\/product_brand?post=10696"},{"taxonomy":"product_cat","embeddable":true,"href":"https:\/\/decora-zone.com\/en\/wp-json\/wp\/v2\/product_cat?post=10696"},{"taxonomy":"product_tag","embeddable":true,"href":"https:\/\/decora-zone.com\/en\/wp-json\/wp\/v2\/product_tag?post=10696"}],"curies":[{"name":"wp","href":"https:\/\/api.w.org\/{rel}","templated":true}]}}