{"id":10379,"date":"2021-05-21T18:46:12","date_gmt":"2021-05-21T16:46:12","guid":{"rendered":"https:\/\/decora-zone.com\/?post_type=product&#038;p=10379"},"modified":"2025-03-10T18:04:40","modified_gmt":"2025-03-10T17:04:40","slug":"alfombra-harlequin-arccos","status":"publish","type":"product","link":"https:\/\/decora-zone.com\/en\/producto\/alfombra-harlequin-arccos\/","title":{"rendered":"Alfombra Harlequin Arccos"},"content":{"rendered":"<p><strong>Alfombra Arcos Harlequin\u00a0<\/strong><\/p>\n<p><strong>100% Pura Lana Virgen<\/strong><\/p>\n<p>Dise\u00f1ada por\u00a0<strong>Brink &amp; Campman<\/strong>, fabricante de alfombras con 120 a\u00f1os de experiencia y dise\u00f1os de vanguardia.<\/p>\n<p>Esta alfombra pertenece a la colecci\u00f3n Harlequ\u00edn, compuesta por una impresionante gama de alfombras llamativas, perfectas para hacer una declaraci\u00f3n de estilo en su hogar.<\/p>\n<p>Incluye dise\u00f1os florales, geom\u00e9tricos contempor\u00e1neos y patrones abstractos, exquisitamente elaborados a mano para resaltar sus lujosas texturas y sus suntuosos tonos.<\/p>\n<p>Totalmente a la moda pero sin esfuerzo atemporal, esta colecci\u00f3n de alfombras agrega un elemento lujoso y elegante a cualquier dise\u00f1o interior.<\/p>\n<p>Todas las medidas son aproximadas, puede haber una variaci\u00f3n de hasta un 5%<\/p>\n<p>Altura del pelo 17 mm.<\/p>\n<p>Peso total 4500gr\/m2 aprox.<\/p>\n<p>Plazo de entrega aproximado 5 semanas.<\/p>\n<p><strong>Si est\u00e1 interesado en alguno de nuestros art\u00edculos que est\u00e9n sin stock, puede reservarlos poni\u00e9ndose en <a href=\"https:\/\/decora-zone.com\/contacto-decora-zone-alfombras-cortinas-decoracion-bilbao\/\">contacto con nosotros<\/a>.<\/strong><\/p>\n<p>&nbsp;<\/p>\n<p>&nbsp;<\/p>\n","protected":false},"excerpt":{"rendered":"<p><strong>100% Pura Lana Virgen<\/strong><\/p>\n<p>Dise\u00f1ada por\u00a0<strong>Brink &amp; Campman<\/strong>, fabricante de alfombras con 120 a\u00f1os de experiencia y dise\u00f1os de vanguardia.<\/p>\n<p>Esta alfombra pertenece a la colecci\u00f3n Harlequ\u00edn, compuesta por una impresionante gama de alfombras llamativas, perfectas para hacer una declaraci\u00f3n de estilo en su hogar.<\/p>\n<p>Incluye dise\u00f1os florales, geom\u00e9tricos contempor\u00e1neos y patrones abstractos, exquisitamente elaborados a mano para resaltar sus lujosas texturas y sus suntuosos tonos.<\/p>\n<p>Totalmente a la moda pero sin esfuerzo atemporal, esta colecci\u00f3n de alfombras agrega un elemento lujoso y elegante a cualquier dise\u00f1o interior.<\/p>\n<p>&nbsp;<\/p>\n","protected":false},"featured_media":10389,"comment_status":"open","ping_status":"closed","template":"","meta":[],"product_brand":[],"product_cat":[21,57],"product_tag":[32,28,61,27,23,765,24,30,29],"class_list":{"0":"post-10379","1":"product","2":"type-product","3":"status-publish","4":"has-post-thumbnail","6":"product_cat-alfombras-bilbao-tienda-decoracion-santutxu","7":"product_cat-alfombras-lana-bilbao-tienda-decoracion-santutxu","8":"product_tag-alfombras","9":"product_tag-bilbao","10":"product_tag-brink-campman","11":"product_tag-decora-zone","12":"product_tag-decoracion","13":"product_tag-harlequin","14":"product_tag-hogar","15":"product_tag-lana","16":"product_tag-santutxu","17":"pa_medida-140x200cm","18":"pa_medida-170x240cm","19":"pa_medida-200x280cm","20":"pa_medida-250x350cm","22":"first","23":"outofstock","24":"shipping-taxable","25":"purchasable","26":"product-type-variable"},"yoast_head":"<!-- This site is optimized with the Yoast SEO plugin v27.5 - https:\/\/yoast.com\/product\/yoast-seo-wordpress\/ -->\n<title>Alfombra Harlequin ArccosAlfombra Harlequin Arccos - Decora-zone<\/title>\n<meta name=\"description\" content=\"Alfombra Harlequin Arccos 100% Pura Lana Virgen.Dise\u00f1ada por\u00a0Brink &amp; Campman en Decora-Zone de Bilbao para decoraci\u00f3n actual.\" \/>\n<meta name=\"robots\" content=\"index, follow, max-snippet:-1, max-image-preview:large, max-video-preview:-1\" \/>\n<link rel=\"canonical\" href=\"https:\/\/decora-zone.com\/producto\/alfombra-harlequin-arccos\/\" \/>\n<meta property=\"og:locale\" content=\"en_US\" \/>\n<meta property=\"og:type\" content=\"article\" \/>\n<meta property=\"og:title\" content=\"Alfombra Harlequin ArccosAlfombra Harlequin Arccos - Decora-zone\" \/>\n<meta property=\"og:description\" content=\"Alfombra Harlequin Arccos 100% Pura Lana Virgen.Dise\u00f1ada por\u00a0Brink &amp; Campman en Decora-Zone de Bilbao para decoraci\u00f3n actual.\" \/>\n<meta property=\"og:url\" content=\"https:\/\/decora-zone.com\/producto\/alfombra-harlequin-arccos\/\" \/>\n<meta property=\"og:site_name\" content=\"Decora-zone\" \/>\n<meta property=\"article:publisher\" content=\"https:\/\/www.facebook.com\/decorazone.bilbao\/\" \/>\n<meta property=\"article:modified_time\" content=\"2025-03-10T17:04:40+00:00\" \/>\n<meta property=\"og:image\" content=\"https:\/\/decora-zone.com\/wp-content\/uploads\/2021\/05\/Arccos-ochre-040206a.jpg\" \/>\n\t<meta property=\"og:image:width\" content=\"848\" \/>\n\t<meta property=\"og:image:height\" content=\"1200\" \/>\n\t<meta property=\"og:image:type\" content=\"image\/jpeg\" \/>\n<meta name=\"twitter:label1\" content=\"Est. reading time\" \/>\n\t<meta name=\"twitter:data1\" content=\"1 minute\" \/>\n<script type=\"application\/ld+json\" class=\"yoast-schema-graph\">{\"@context\":\"https:\\\/\\\/schema.org\",\"@graph\":[{\"@type\":\"WebPage\",\"@id\":\"https:\\\/\\\/decora-zone.com\\\/producto\\\/alfombra-harlequin-arccos\\\/\",\"url\":\"https:\\\/\\\/decora-zone.com\\\/producto\\\/alfombra-harlequin-arccos\\\/\",\"name\":\"Alfombra Harlequin ArccosAlfombra Harlequin Arccos - Decora-zone\",\"isPartOf\":{\"@id\":\"https:\\\/\\\/decora-zone.com\\\/#website\"},\"primaryImageOfPage\":{\"@id\":\"https:\\\/\\\/decora-zone.com\\\/producto\\\/alfombra-harlequin-arccos\\\/#primaryimage\"},\"image\":{\"@id\":\"https:\\\/\\\/decora-zone.com\\\/producto\\\/alfombra-harlequin-arccos\\\/#primaryimage\"},\"thumbnailUrl\":\"https:\\\/\\\/decora-zone.com\\\/wp-content\\\/uploads\\\/2021\\\/05\\\/Arccos-ochre-040206a.jpg\",\"datePublished\":\"2021-05-21T16:46:12+00:00\",\"dateModified\":\"2025-03-10T17:04:40+00:00\",\"description\":\"Alfombra Harlequin Arccos 100% Pura Lana Virgen.Dise\u00f1ada por\u00a0Brink & Campman en Decora-Zone de Bilbao para decoraci\u00f3n actual.\",\"breadcrumb\":{\"@id\":\"https:\\\/\\\/decora-zone.com\\\/producto\\\/alfombra-harlequin-arccos\\\/#breadcrumb\"},\"inLanguage\":\"en-US\",\"potentialAction\":[{\"@type\":\"ReadAction\",\"target\":[\"https:\\\/\\\/decora-zone.com\\\/producto\\\/alfombra-harlequin-arccos\\\/\"]}]},{\"@type\":\"ImageObject\",\"inLanguage\":\"en-US\",\"@id\":\"https:\\\/\\\/decora-zone.com\\\/producto\\\/alfombra-harlequin-arccos\\\/#primaryimage\",\"url\":\"https:\\\/\\\/decora-zone.com\\\/wp-content\\\/uploads\\\/2021\\\/05\\\/Arccos-ochre-040206a.jpg\",\"contentUrl\":\"https:\\\/\\\/decora-zone.com\\\/wp-content\\\/uploads\\\/2021\\\/05\\\/Arccos-ochre-040206a.jpg\",\"width\":848,\"height\":1200,\"caption\":\"Alfombra Arccos Ochre\"},{\"@type\":\"BreadcrumbList\",\"@id\":\"https:\\\/\\\/decora-zone.com\\\/producto\\\/alfombra-harlequin-arccos\\\/#breadcrumb\",\"itemListElement\":[{\"@type\":\"ListItem\",\"position\":1,\"name\":\"Portada\",\"item\":\"https:\\\/\\\/decora-zone.com\\\/\"},{\"@type\":\"ListItem\",\"position\":2,\"name\":\"Productos\",\"item\":\"https:\\\/\\\/decora-zone.com\\\/tienda-alfombras-cortinas-bilbao\\\/\"},{\"@type\":\"ListItem\",\"position\":3,\"name\":\"Alfombra Harlequin Arccos\"}]},{\"@type\":\"WebSite\",\"@id\":\"https:\\\/\\\/decora-zone.com\\\/#website\",\"url\":\"https:\\\/\\\/decora-zone.com\\\/\",\"name\":\"Decora-zone\",\"description\":\"Especialistas en cortinas y alfombras de dise\u00f1o en Bilbao\",\"publisher\":{\"@id\":\"https:\\\/\\\/decora-zone.com\\\/#organization\"},\"potentialAction\":[{\"@type\":\"SearchAction\",\"target\":{\"@type\":\"EntryPoint\",\"urlTemplate\":\"https:\\\/\\\/decora-zone.com\\\/?s={search_term_string}\"},\"query-input\":{\"@type\":\"PropertyValueSpecification\",\"valueRequired\":true,\"valueName\":\"search_term_string\"}}],\"inLanguage\":\"en-US\"},{\"@type\":\"Organization\",\"@id\":\"https:\\\/\\\/decora-zone.com\\\/#organization\",\"name\":\"Decora-Zone Tienda de Decoraci\u00f3n en Bilbao\",\"url\":\"https:\\\/\\\/decora-zone.com\\\/\",\"logo\":{\"@type\":\"ImageObject\",\"inLanguage\":\"en-US\",\"@id\":\"https:\\\/\\\/decora-zone.com\\\/#\\\/schema\\\/logo\\\/image\\\/\",\"url\":\"https:\\\/\\\/decora-zone.com\\\/wp-content\\\/uploads\\\/2014\\\/02\\\/logotipo-decora-zone-alfombras-cortinas-decoracion-bilbao.jpg\",\"contentUrl\":\"https:\\\/\\\/decora-zone.com\\\/wp-content\\\/uploads\\\/2014\\\/02\\\/logotipo-decora-zone-alfombras-cortinas-decoracion-bilbao.jpg\",\"width\":484,\"height\":230,\"caption\":\"Decora-Zone Tienda de Decoraci\u00f3n en Bilbao\"},\"image\":{\"@id\":\"https:\\\/\\\/decora-zone.com\\\/#\\\/schema\\\/logo\\\/image\\\/\"},\"sameAs\":[\"https:\\\/\\\/www.facebook.com\\\/decorazone.bilbao\\\/\",\"https:\\\/\\\/www.instagram.com\\\/decora_zone_\\\/\",\"https:\\\/\\\/co.pinterest.com\\\/Decora_Zone\\\/\"]}]}<\/script>\n<!-- \/ Yoast SEO plugin. -->","yoast_head_json":{"title":"Alfombra Harlequin ArccosAlfombra Harlequin Arccos - Decora-zone","description":"Alfombra Harlequin Arccos 100% Pura Lana Virgen.Dise\u00f1ada por\u00a0Brink & Campman en Decora-Zone de Bilbao para decoraci\u00f3n actual.","robots":{"index":"index","follow":"follow","max-snippet":"max-snippet:-1","max-image-preview":"max-image-preview:large","max-video-preview":"max-video-preview:-1"},"canonical":"https:\/\/decora-zone.com\/producto\/alfombra-harlequin-arccos\/","og_locale":"en_US","og_type":"article","og_title":"Alfombra Harlequin ArccosAlfombra Harlequin Arccos - Decora-zone","og_description":"Alfombra Harlequin Arccos 100% Pura Lana Virgen.Dise\u00f1ada por\u00a0Brink & Campman en Decora-Zone de Bilbao para decoraci\u00f3n actual.","og_url":"https:\/\/decora-zone.com\/producto\/alfombra-harlequin-arccos\/","og_site_name":"Decora-zone","article_publisher":"https:\/\/www.facebook.com\/decorazone.bilbao\/","article_modified_time":"2025-03-10T17:04:40+00:00","og_image":[{"width":848,"height":1200,"url":"https:\/\/decora-zone.com\/wp-content\/uploads\/2021\/05\/Arccos-ochre-040206a.jpg","type":"image\/jpeg"}],"twitter_misc":{"Est. reading time":"1 minute"},"schema":{"@context":"https:\/\/schema.org","@graph":[{"@type":"WebPage","@id":"https:\/\/decora-zone.com\/producto\/alfombra-harlequin-arccos\/","url":"https:\/\/decora-zone.com\/producto\/alfombra-harlequin-arccos\/","name":"Alfombra Harlequin ArccosAlfombra Harlequin Arccos - Decora-zone","isPartOf":{"@id":"https:\/\/decora-zone.com\/#website"},"primaryImageOfPage":{"@id":"https:\/\/decora-zone.com\/producto\/alfombra-harlequin-arccos\/#primaryimage"},"image":{"@id":"https:\/\/decora-zone.com\/producto\/alfombra-harlequin-arccos\/#primaryimage"},"thumbnailUrl":"https:\/\/decora-zone.com\/wp-content\/uploads\/2021\/05\/Arccos-ochre-040206a.jpg","datePublished":"2021-05-21T16:46:12+00:00","dateModified":"2025-03-10T17:04:40+00:00","description":"Alfombra Harlequin Arccos 100% Pura Lana Virgen.Dise\u00f1ada por\u00a0Brink & Campman en Decora-Zone de Bilbao para decoraci\u00f3n actual.","breadcrumb":{"@id":"https:\/\/decora-zone.com\/producto\/alfombra-harlequin-arccos\/#breadcrumb"},"inLanguage":"en-US","potentialAction":[{"@type":"ReadAction","target":["https:\/\/decora-zone.com\/producto\/alfombra-harlequin-arccos\/"]}]},{"@type":"ImageObject","inLanguage":"en-US","@id":"https:\/\/decora-zone.com\/producto\/alfombra-harlequin-arccos\/#primaryimage","url":"https:\/\/decora-zone.com\/wp-content\/uploads\/2021\/05\/Arccos-ochre-040206a.jpg","contentUrl":"https:\/\/decora-zone.com\/wp-content\/uploads\/2021\/05\/Arccos-ochre-040206a.jpg","width":848,"height":1200,"caption":"Alfombra Arccos Ochre"},{"@type":"BreadcrumbList","@id":"https:\/\/decora-zone.com\/producto\/alfombra-harlequin-arccos\/#breadcrumb","itemListElement":[{"@type":"ListItem","position":1,"name":"Portada","item":"https:\/\/decora-zone.com\/"},{"@type":"ListItem","position":2,"name":"Productos","item":"https:\/\/decora-zone.com\/tienda-alfombras-cortinas-bilbao\/"},{"@type":"ListItem","position":3,"name":"Alfombra Harlequin Arccos"}]},{"@type":"WebSite","@id":"https:\/\/decora-zone.com\/#website","url":"https:\/\/decora-zone.com\/","name":"Decora-zone","description":"Especialistas en cortinas y alfombras de dise\u00f1o en Bilbao","publisher":{"@id":"https:\/\/decora-zone.com\/#organization"},"potentialAction":[{"@type":"SearchAction","target":{"@type":"EntryPoint","urlTemplate":"https:\/\/decora-zone.com\/?s={search_term_string}"},"query-input":{"@type":"PropertyValueSpecification","valueRequired":true,"valueName":"search_term_string"}}],"inLanguage":"en-US"},{"@type":"Organization","@id":"https:\/\/decora-zone.com\/#organization","name":"Decora-Zone Tienda de Decoraci\u00f3n en Bilbao","url":"https:\/\/decora-zone.com\/","logo":{"@type":"ImageObject","inLanguage":"en-US","@id":"https:\/\/decora-zone.com\/#\/schema\/logo\/image\/","url":"https:\/\/decora-zone.com\/wp-content\/uploads\/2014\/02\/logotipo-decora-zone-alfombras-cortinas-decoracion-bilbao.jpg","contentUrl":"https:\/\/decora-zone.com\/wp-content\/uploads\/2014\/02\/logotipo-decora-zone-alfombras-cortinas-decoracion-bilbao.jpg","width":484,"height":230,"caption":"Decora-Zone Tienda de Decoraci\u00f3n en Bilbao"},"image":{"@id":"https:\/\/decora-zone.com\/#\/schema\/logo\/image\/"},"sameAs":["https:\/\/www.facebook.com\/decorazone.bilbao\/","https:\/\/www.instagram.com\/decora_zone_\/","https:\/\/co.pinterest.com\/Decora_Zone\/"]}]}},"_links":{"self":[{"href":"https:\/\/decora-zone.com\/en\/wp-json\/wp\/v2\/product\/10379","targetHints":{"allow":["GET"]}}],"collection":[{"href":"https:\/\/decora-zone.com\/en\/wp-json\/wp\/v2\/product"}],"about":[{"href":"https:\/\/decora-zone.com\/en\/wp-json\/wp\/v2\/types\/product"}],"replies":[{"embeddable":true,"href":"https:\/\/decora-zone.com\/en\/wp-json\/wp\/v2\/comments?post=10379"}],"wp:featuredmedia":[{"embeddable":true,"href":"https:\/\/decora-zone.com\/en\/wp-json\/wp\/v2\/media\/10389"}],"wp:attachment":[{"href":"https:\/\/decora-zone.com\/en\/wp-json\/wp\/v2\/media?parent=10379"}],"wp:term":[{"taxonomy":"product_brand","embeddable":true,"href":"https:\/\/decora-zone.com\/en\/wp-json\/wp\/v2\/product_brand?post=10379"},{"taxonomy":"product_cat","embeddable":true,"href":"https:\/\/decora-zone.com\/en\/wp-json\/wp\/v2\/product_cat?post=10379"},{"taxonomy":"product_tag","embeddable":true,"href":"https:\/\/decora-zone.com\/en\/wp-json\/wp\/v2\/product_tag?post=10379"}],"curies":[{"name":"wp","href":"https:\/\/api.w.org\/{rel}","templated":true}]}}